{"id":145,"date":"2022-10-12T14:00:38","date_gmt":"2022-10-12T13:00:38","guid":{"rendered":"http:\/\/theyoungmessiah.com\/bisexualni-pripojeni\/"},"modified":"2022-10-12T14:00:38","modified_gmt":"2022-10-12T13:00:38","slug":"bisexualni-pripojeni","status":"publish","type":"page","link":"https:\/\/theyoungmessiah.com\/cs\/bisexualni-pripojeni\/","title":{"rendered":"Bisexu\u00e1ln\u00ed p\u0159ipojen\u00ed"},"content":{"rendered":"<p>Existuje n\u011bkolik r\u016fzn\u00fdch bisexu\u00e1ln\u00edch seznamovac\u00edch str\u00e1nek, kter\u00e9 m\u016f\u017eete pou\u017e\u00edt, abyste se s n\u011bk\u00fdm spojili. Tyto str\u00e1nky jsou navr\u017eeny speci\u00e1ln\u011b pro lidi, kte\u0159\u00ed maj\u00ed z\u00e1jem o datov\u00e1n\u00ed nebo spojen\u00ed s n\u011bk\u00fdm, kdo je bisexu\u00e1ln\u00ed. Mohou b\u00fdt skv\u011bl\u00fdm zp\u016fsobem, jak poznat nov\u00e9 lidi a prozkoumat svou sexualitu. P\u0159i pou\u017e\u00edv\u00e1n\u00ed t\u011bchto str\u00e1nek je v\u0161ak d\u016fle\u017eit\u00e9 b\u00fdt opatrn\u00fd, proto\u017ee existuj\u00ed n\u011bkte\u0159\u00ed lid\u00e9, kte\u0159\u00ed nemus\u00ed b\u00fdt prav\u00ed. V\u017edy se ujist\u011bte, \u017ee chatujete s lidmi online, ne\u017e se s nimi setk\u00e1te osobn\u011b.<\/p>\n<h2>Bisexu\u00e1ln\u00ed webov\u00e9 str\u00e1nky<\/h2>\n<p>Existuje mnoho bisexu\u00e1ln\u00edch webov\u00fdch str\u00e1nek, kter\u00e9 se staraj\u00ed o ty, kte\u0159\u00ed maj\u00ed z\u00e1jem o datov\u00e1n\u00ed mu\u017e\u016f i \u017een. Tyto weby maj\u00ed obvykle velk\u00fd po\u010det \u010dlen\u016f, ze kter\u00fdch si m\u016f\u017eete vybrat, a nab\u00edzej\u00ed \u0159adu funkc\u00ed, d\u00edky nim\u017e se snadno pou\u017e\u00edvaj\u00ed a efektivn\u011b pom\u00e1haj\u00ed lidem naj\u00edt kompatibiln\u00ed z\u00e1pasy. N\u011bkter\u00e9 z nejpopul\u00e1rn\u011bj\u0161\u00edch bisexu\u00e1ln\u00edch seznamovac\u00edch web\u016f zahrnuj\u00ed Bicupid, BiPeopleMeet a BiCurious. Tyto str\u00e1nky existuj\u00ed ji\u017e n\u011bjakou dobu a maj\u00ed pov\u011bst spolehliv\u00e9 a \u00fasp\u011b\u0161n\u00e9 p\u0159i pomoci lidem naj\u00edt to, co hledaj\u00ed.<\/p>\n<h2>Neform\u00e1ln\u00ed Bi Dating<\/h2>\n<p>Existuje mnoho d\u016fvod\u016f, pro\u010d zkusit p\u0159\u00edle\u017eitostn\u00e9 bi datov\u00e1n\u00ed. Mo\u017en\u00e1 jste zv\u011bdav\u00ed na zkoum\u00e1n\u00ed sv\u00e9 sexuality, nebo m\u00e1te z\u00e1jem vyzkou\u0161et n\u011bco nov\u00e9ho se sv\u00fdm partnerem. A\u0165 u\u017e je d\u016fvod jak\u00fdkoli, p\u0159\u00edle\u017eitostn\u00e9 bi datov\u00e1n\u00ed m\u016f\u017ee b\u00fdt skv\u011bl\u00fd zp\u016fsob, jak poznat nov\u00e9 lidi a pobavit se.<\/p>\n<p>Existuje n\u011bkolik v\u011bc\u00ed, kter\u00e9 je t\u0159eba m\u00edt na pam\u011bti, pokud uva\u017eujete o p\u0159\u00edle\u017eitostn\u00e9m bi datov\u00e1n\u00ed. Za prv\u00e9, je d\u016fle\u017eit\u00e9 b\u00fdt up\u0159\u00edmn\u00fd k sob\u011b a sv\u00e9mu partnerovi o tom, co hled\u00e1te. Ujasn\u011bte si sv\u00e9 hranice a o\u010dek\u00e1v\u00e1n\u00ed a ujist\u011bte se, \u017ee v\u0161ichni jsou na stejn\u00e9 str\u00e1nce. Je tak\u00e9 dobr\u00e9 ud\u011blat n\u011bjak\u00fd v\u00fdzkum p\u0159edem, abyste v\u011bd\u011bli, co o\u010dek\u00e1vat.<\/p>\n<p>Pokud jste otev\u0159en\u00ed a up\u0159\u00edmn\u00ed o tom, co hled\u00e1te, p\u0159\u00edle\u017eitostn\u00e9 bi datov\u00e1n\u00ed m\u016f\u017ee b\u00fdt skv\u011bl\u00fd zp\u016fsob, jak prozkoumat svou sexualitu a bavit se. Jen se ujist\u011bte, \u017ee komunikujete se sv\u00fdm partnerem a nastavte n\u011bjak\u00e9 hranice, aby v\u0161ichni byli pohodln\u00ed a v bezpe\u010d\u00ed.<\/p>\n<p>Nelze pop\u0159\u00edt, \u017ee <a href=\"http:\/\/theyoungmessiah.com\/cs\/seznamte-se-se-sexem\/\">online seznamov\u00e1n\u00ed usnadnilo p\u0159ipojen\u00ed ne\u017e kdykoli p\u0159edt\u00edm<\/a>. Ale pro bisexu\u00e1ln\u00ed singly m\u016f\u017ee b\u00fdt trochu t\u011b\u017e\u0161\u00ed naj\u00edt dobr\u00fd prot\u011bj\u0161ek.<\/p>\n<p>Zat\u00edmco existuje spousta seznamovac\u00edch web\u016f a aplikac\u00ed, kter\u00e9 se staraj\u00ed o rovn\u00e9 singly, nen\u00ed tolik mo\u017enost\u00ed pro ty, kte\u0159\u00ed se identifikuj\u00ed jako bisexu\u00e1ln\u00ed. A kv\u016fli tomu m\u016f\u017ee b\u00fdt bisexu\u00e1ln\u00ed spojen\u00ed trochu t\u011b\u017e\u0161\u00ed.<\/p>\n<p>Ale to neznamen\u00e1, \u017ee je nemo\u017en\u00e9 je naj\u00edt. Existuje n\u011bkolik bisexu\u00e1ln\u00edch seznamovac\u00edch web\u016f a aplikac\u00ed, a dokonce i n\u011bkter\u00e9 obecn\u00e9 seznamovac\u00ed str\u00e1nky a aplikace, kter\u00e9 zahrnuj\u00ed v\u0161echny sexu\u00e1ln\u00ed orientace.<\/p>\n<p>Tak\u017ee pokud hled\u00e1te bisexu\u00e1ln\u00ed spojen\u00ed, nezoufejte. Existuje spousta lid\u00ed, kte\u0159\u00ed jsou stejn\u011b jako vy.<\/p>\n<h3>Lovoo<\/h3>\n<p>Lovoo je seznamovac\u00ed aplikace, kter\u00e1 roste v popularit\u011b, zejm\u00e9na mezi bisexu\u00e1ln\u00edmi nezadan\u00fdmi. Aplikace se snadno pou\u017e\u00edv\u00e1 a m\u00e1 u\u017eivatelsky p\u0159\u00edv\u011btiv\u00e9 rozhran\u00ed. M\u00e1 tak\u00e9 mnoho funkc\u00ed, d\u00edky nim\u017e je skv\u011blou volbou pro bisexu\u00e1ln\u00ed datov\u00e1n\u00ed. Nap\u0159\u00edklad Lovoo m\u00e1 funkci, kter\u00e1 umo\u017e\u0148uje u\u017eivatel\u016fm vid\u011bt, kdo je online sou\u010dasn\u011b s nimi. To je skv\u011bl\u00e9 pro nalezen\u00ed potenci\u00e1ln\u00edch z\u00e1pas\u016f, kte\u0159\u00ed jsou online a p\u0159ipraveni chatovat. Aplikace m\u00e1 tak\u00e9 funkci &#8222;matchmaker&#8220;, kter\u00e1 pom\u00e1h\u00e1 u\u017eivatel\u016fm naj\u00edt potenci\u00e1ln\u00ed shody na z\u00e1klad\u011b jejich z\u00e1jm\u016f. Celkov\u011b je Lovoo skv\u011blou volbou pro bisexu\u00e1ln\u00ed nezadan\u00e9, kte\u0159\u00ed hledaj\u00ed seznamovac\u00ed aplikaci, kter\u00e1 se snadno pou\u017e\u00edv\u00e1 a m\u00e1 spoustu funkc\u00ed.<\/p>\n<h3>BoneAMilf<\/h3>\n<p>BoneAMilf je nov\u00e1 seznamovac\u00ed aplikace, kter\u00e1 ot\u0159\u00e1s\u00e1 online seznamovac\u00ed sc\u00e9nou pro bisexu\u00e1ly. Tato aplikace je navr\u017eena speci\u00e1ln\u011b pro ty, kte\u0159\u00ed jsou p\u0159itahov\u00e1ni zral\u00fdmi \u017eenami a cht\u011bj\u00ed naj\u00edt rande nebo spojen\u00ed s jedn\u00edm. Aplikace se snadno pou\u017e\u00edv\u00e1 a m\u00e1 \u010dist\u00e9, modern\u00ed rozhran\u00ed. M\u00e1 tak\u00e9 velkou datab\u00e1zi u\u017eivatel\u016f, tak\u017ee ur\u010dit\u011b najdete n\u011bkoho, kdo spl\u0148uje va\u0161e krit\u00e9ria.<\/p>\n<h3>FriendFinder-X<\/h3>\n<p>FriendFinder-X je skv\u011blou volbou pro bisexu\u00e1ln\u00ed singles nebo p\u00e1ry, kter\u00e9 hledaj\u00ed sexy z\u00e1bavu online. Str\u00e1nka m\u00e1 miliony \u010dlen\u016f po cel\u00e9m sv\u011bt\u011b, tak\u017ee je tu ur\u010dit\u011b n\u011bco pro ka\u017ed\u00e9ho. Proces registrace je rychl\u00fd a snadn\u00fd a m\u016f\u017eete za\u010d\u00edt chatovat, flirtovat a p\u0159ipojovat se hned.<\/p>\n<p>Str\u00e1nka m\u00e1 spoustu skv\u011bl\u00fdch funkc\u00ed, v\u010detn\u011b \u017eiv\u00e9ho chatu, videochatu a virtu\u00e1ln\u00edho sv\u011bta, kde m\u016f\u017eete prozkoumat sv\u00e9 fantazie. M\u016f\u017eete tak\u00e9 naj\u00edt m\u00edstn\u00ed \u010dleny, se kter\u00fdmi se m\u016f\u017eete osobn\u011b spojit. FriendFinder-X je skv\u011bl\u00e1 volba pro ka\u017ed\u00e9ho, kdo hled\u00e1 n\u011bjakou bisexu\u00e1ln\u00ed z\u00e1bavu.<\/p>\n<h3>Spole\u010dn\u011b2Noce<\/h3>\n<p>Pokud hled\u00e1te seznamovac\u00ed aplikaci, kter\u00e1 se star\u00e1 o bisexu\u00e1ln\u00ed nezadan\u00e9, pak se budete cht\u00edt pod\u00edvat na Together2Night. Tato aplikace je jednou z nejpopul\u00e1rn\u011bj\u0161\u00edch bisexu\u00e1ln\u00edch seznamovac\u00edch web\u016f a je snadn\u00e9 pochopit pro\u010d. Str\u00e1nka m\u00e1 \u010dist\u00e9, snadno pou\u017eiteln\u00e9 rozhran\u00ed a je nabit\u00e1 funkcemi, kter\u00e9 usnad\u0148uj\u00ed spojen\u00ed s ostatn\u00edmi bisexu\u00e1ln\u00edmi nezadan\u00fdmi. Nejlep\u0161\u00ed ze v\u0161eho je, \u017ee je zdarma se p\u0159ipojit, tak\u017ee se m\u016f\u017eete okam\u017eit\u011b za\u010d\u00edt setk\u00e1vat s nov\u00fdmi lidmi.<\/p>\n","protected":false},"excerpt":{"rendered":"<p>Existuje n\u011bkolik r\u016fzn\u00fdch bisexu\u00e1ln\u00edch seznamovac\u00edch str\u00e1nek, kter\u00e9 m\u016f\u017eete pou\u017e\u00edt, abyste se s n\u011bk\u00fdm spojili. Tyto str\u00e1nky jsou navr\u017eeny speci\u00e1ln\u011b pro lidi, kte\u0159\u00ed maj\u00ed z\u00e1jem o datov\u00e1n\u00ed nebo spojen\u00ed s n\u011bk\u00fdm, kdo je bisexu\u00e1ln\u00ed. Mohou b\u00fdt skv\u011bl\u00fdm zp\u016fsobem, jak poznat nov\u00e9 lidi a prozkoumat svou sexualitu. P\u0159i pou\u017e\u00edv\u00e1n\u00ed t\u011bchto str\u00e1nek je v\u0161ak d\u016fle\u017eit\u00e9 b\u00fdt opatrn\u00fd, proto\u017ee&#8230;<a class=\"read-more-link button\" href=\"https:\/\/theyoungmessiah.com\/cs\/bisexualni-pripojeni\/\">Read more<\/a><\/p>\n","protected":false},"author":1,"featured_media":0,"parent":0,"menu_order":0,"comment_status":"closed","ping_status":"closed","template":"","meta":[],"yoast_head":"<!-- This site is optimized with the Yoast SEO plugin v17.7.1 - https:\/\/yoast.com\/wordpress\/plugins\/seo\/ -->\n<title>Bisexu\u00e1ln\u00ed p\u0159ipojen\u00ed - Online Adult Dating<\/title>\n<meta name=\"robots\" content=\"index, follow, max-snippet:-1, max-image-preview:large, max-video-preview:-1\" \/>\n<link rel=\"canonical\" href=\"https:\/\/theyoungmessiah.com\/cs\/bisexualni-pripojeni\/\" \/>\n<meta property=\"og:locale\" content=\"cs_CZ\" \/>\n<meta property=\"og:type\" content=\"article\" \/>\n<meta property=\"og:title\" content=\"Bisexu\u00e1ln\u00ed p\u0159ipojen\u00ed - Online Adult Dating\" \/>\n<meta property=\"og:description\" content=\"Existuje n\u011bkolik r\u016fzn\u00fdch bisexu\u00e1ln\u00edch seznamovac\u00edch str\u00e1nek, kter\u00e9 m\u016f\u017eete pou\u017e\u00edt, abyste se s n\u011bk\u00fdm spojili. Tyto str\u00e1nky jsou navr\u017eeny speci\u00e1ln\u011b pro lidi, kte\u0159\u00ed maj\u00ed z\u00e1jem o datov\u00e1n\u00ed nebo spojen\u00ed s n\u011bk\u00fdm, kdo je bisexu\u00e1ln\u00ed. Mohou b\u00fdt skv\u011bl\u00fdm zp\u016fsobem, jak poznat nov\u00e9 lidi a prozkoumat svou sexualitu. P\u0159i pou\u017e\u00edv\u00e1n\u00ed t\u011bchto str\u00e1nek je v\u0161ak d\u016fle\u017eit\u00e9 b\u00fdt opatrn\u00fd, proto\u017ee...Read more\" \/>\n<meta property=\"og:url\" content=\"https:\/\/theyoungmessiah.com\/cs\/bisexualni-pripojeni\/\" \/>\n<meta property=\"og:site_name\" content=\"Online Adult Dating\" \/>\n<meta name=\"twitter:card\" content=\"summary_large_image\" \/>\n<meta name=\"twitter:label1\" content=\"Odhadovan\u00e1 doba \u010dten\u00ed\" \/>\n\t<meta name=\"twitter:data1\" content=\"5 minut\" \/>\n<script type=\"application\/ld+json\" class=\"yoast-schema-graph\">{\"@context\":\"https:\/\/schema.org\",\"@graph\":[{\"@type\":\"WebSite\",\"@id\":\"https:\/\/theyoungmessiah.com\/cs\/#website\",\"url\":\"https:\/\/theyoungmessiah.com\/cs\/\",\"name\":\"Online Adult Dating\",\"description\":\"Local Sex Hookups\",\"potentialAction\":[{\"@type\":\"SearchAction\",\"target\":{\"@type\":\"EntryPoint\",\"urlTemplate\":\"https:\/\/theyoungmessiah.com\/cs\/?s={search_term_string}\"},\"query-input\":\"required name=search_term_string\"}],\"inLanguage\":\"cs\"},{\"@type\":\"WebPage\",\"@id\":\"https:\/\/theyoungmessiah.com\/cs\/bisexualni-pripojeni\/#webpage\",\"url\":\"https:\/\/theyoungmessiah.com\/cs\/bisexualni-pripojeni\/\",\"name\":\"Bisexu\\u00e1ln\\u00ed p\\u0159ipojen\\u00ed - Online Adult Dating\",\"isPartOf\":{\"@id\":\"https:\/\/theyoungmessiah.com\/cs\/#website\"},\"datePublished\":\"2022-10-12T13:00:38+00:00\",\"dateModified\":\"2022-10-12T13:00:38+00:00\",\"breadcrumb\":{\"@id\":\"https:\/\/theyoungmessiah.com\/cs\/bisexualni-pripojeni\/#breadcrumb\"},\"inLanguage\":\"cs\",\"potentialAction\":[{\"@type\":\"ReadAction\",\"target\":[\"https:\/\/theyoungmessiah.com\/cs\/bisexualni-pripojeni\/\"]}]},{\"@type\":\"BreadcrumbList\",\"@id\":\"https:\/\/theyoungmessiah.com\/cs\/bisexualni-pripojeni\/#breadcrumb\",\"itemListElement\":[{\"@type\":\"ListItem\",\"position\":1,\"name\":\"Home\",\"item\":\"https:\/\/theyoungmessiah.com\/cs\/\"},{\"@type\":\"ListItem\",\"position\":2,\"name\":\"Bisexu\\u00e1ln\\u00ed p\\u0159ipojen\\u00ed\"}]}]}<\/script>\n<!-- \/ Yoast SEO plugin. -->","yoast_head_json":{"title":"Bisexu\u00e1ln\u00ed p\u0159ipojen\u00ed - Online Adult Dating","robots":{"index":"index","follow":"follow","max-snippet":"max-snippet:-1","max-image-preview":"max-image-preview:large","max-video-preview":"max-video-preview:-1"},"canonical":"https:\/\/theyoungmessiah.com\/cs\/bisexualni-pripojeni\/","og_locale":"cs_CZ","og_type":"article","og_title":"Bisexu\u00e1ln\u00ed p\u0159ipojen\u00ed - Online Adult Dating","og_description":"Existuje n\u011bkolik r\u016fzn\u00fdch bisexu\u00e1ln\u00edch seznamovac\u00edch str\u00e1nek, kter\u00e9 m\u016f\u017eete pou\u017e\u00edt, abyste se s n\u011bk\u00fdm spojili. Tyto str\u00e1nky jsou navr\u017eeny speci\u00e1ln\u011b pro lidi, kte\u0159\u00ed maj\u00ed z\u00e1jem o datov\u00e1n\u00ed nebo spojen\u00ed s n\u011bk\u00fdm, kdo je bisexu\u00e1ln\u00ed. Mohou b\u00fdt skv\u011bl\u00fdm zp\u016fsobem, jak poznat nov\u00e9 lidi a prozkoumat svou sexualitu. P\u0159i pou\u017e\u00edv\u00e1n\u00ed t\u011bchto str\u00e1nek je v\u0161ak d\u016fle\u017eit\u00e9 b\u00fdt opatrn\u00fd, proto\u017ee...Read more","og_url":"https:\/\/theyoungmessiah.com\/cs\/bisexualni-pripojeni\/","og_site_name":"Online Adult Dating","twitter_card":"summary_large_image","twitter_misc":{"Odhadovan\u00e1 doba \u010dten\u00ed":"5 minut"},"schema":{"@context":"https:\/\/schema.org","@graph":[{"@type":"WebSite","@id":"https:\/\/theyoungmessiah.com\/cs\/#website","url":"https:\/\/theyoungmessiah.com\/cs\/","name":"Online Adult Dating","description":"Local Sex Hookups","potentialAction":[{"@type":"SearchAction","target":{"@type":"EntryPoint","urlTemplate":"https:\/\/theyoungmessiah.com\/cs\/?s={search_term_string}"},"query-input":"required name=search_term_string"}],"inLanguage":"cs"},{"@type":"WebPage","@id":"https:\/\/theyoungmessiah.com\/cs\/bisexualni-pripojeni\/#webpage","url":"https:\/\/theyoungmessiah.com\/cs\/bisexualni-pripojeni\/","name":"Bisexu\u00e1ln\u00ed p\u0159ipojen\u00ed - Online Adult Dating","isPartOf":{"@id":"https:\/\/theyoungmessiah.com\/cs\/#website"},"datePublished":"2022-10-12T13:00:38+00:00","dateModified":"2022-10-12T13:00:38+00:00","breadcrumb":{"@id":"https:\/\/theyoungmessiah.com\/cs\/bisexualni-pripojeni\/#breadcrumb"},"inLanguage":"cs","potentialAction":[{"@type":"ReadAction","target":["https:\/\/theyoungmessiah.com\/cs\/bisexualni-pripojeni\/"]}]},{"@type":"BreadcrumbList","@id":"https:\/\/theyoungmessiah.com\/cs\/bisexualni-pripojeni\/#breadcrumb","itemListElement":[{"@type":"ListItem","position":1,"name":"Home","item":"https:\/\/theyoungmessiah.com\/cs\/"},{"@type":"ListItem","position":2,"name":"Bisexu\u00e1ln\u00ed p\u0159ipojen\u00ed"}]}]}},"_links":{"self":[{"href":"https:\/\/theyoungmessiah.com\/cs\/wp-json\/wp\/v2\/pages\/145"}],"collection":[{"href":"https:\/\/theyoungmessiah.com\/cs\/wp-json\/wp\/v2\/pages"}],"about":[{"href":"https:\/\/theyoungmessiah.com\/cs\/wp-json\/wp\/v2\/types\/page"}],"author":[{"embeddable":true,"href":"https:\/\/theyoungmessiah.com\/cs\/wp-json\/wp\/v2\/users\/1"}],"replies":[{"embeddable":true,"href":"https:\/\/theyoungmessiah.com\/cs\/wp-json\/wp\/v2\/comments?post=145"}],"version-history":[{"count":0,"href":"https:\/\/theyoungmessiah.com\/cs\/wp-json\/wp\/v2\/pages\/145\/revisions"}],"wp:attachment":[{"href":"https:\/\/theyoungmessiah.com\/cs\/wp-json\/wp\/v2\/media?parent=145"}],"curies":[{"name":"wp","href":"https:\/\/api.w.org\/{rel}","templated":true}]}}