{"id":147,"date":"2022-10-12T14:00:11","date_gmt":"2022-10-12T13:00:11","guid":{"rendered":"http:\/\/theyoungmessiah.com\/seznamte-se-se-sexem\/"},"modified":"2022-10-12T14:00:11","modified_gmt":"2022-10-12T13:00:11","slug":"seznamte-se-se-sexem","status":"publish","type":"page","link":"https:\/\/theyoungmessiah.com\/cs\/seznamte-se-se-sexem\/","title":{"rendered":"Seznamte se se sexem"},"content":{"rendered":"<p>Kdy\u017e se dva lid\u00e9 setkaj\u00ed na sex, je to obvykle proto, \u017ee jsou k sob\u011b p\u0159itahov\u00e1ni a cht\u011bj\u00ed m\u00edt pohlavn\u00ed styk. N\u011bkdy se lid\u00e9 setk\u00e1vaj\u00ed za sexem, proto\u017ee hledaj\u00ed p\u0159\u00edle\u017eitostn\u00e9 sexu\u00e1ln\u00ed setk\u00e1n\u00ed bez jak\u00e9koli emocion\u00e1ln\u00ed vazby; nen\u00ed tomu tak v\u0161ak v\u017edy. Lid\u00e9 se tak\u00e9 mohou setkat na sex, proto\u017ee jsou v anga\u017eovan\u00e9m vztahu a cht\u011bj\u00ed oko\u0159enit v\u011bci, nebo proto, \u017ee jsou v otev\u0159en\u00e9m vztahu a hledaj\u00ed nov\u00e9 sexu\u00e1ln\u00ed partnery. Bez ohledu na to, jak\u00fd je d\u016fvod, setk\u00e1n\u00ed na sex m\u016f\u017ee b\u00fdt z\u00e1bavn\u00fdm a vzru\u0161uj\u00edc\u00edm z\u00e1\u017eitkem pro ob\u011b z\u00fa\u010dastn\u011bn\u00e9 strany.<\/p>\n<h2>M\u00edstn\u00ed Sexu\u00e1ln\u00ed Str\u00e1nky<\/h2>\n<p>V\u011bt\u0161ina seznamovac\u00edch web\u016f je navr\u017eena tak, aby pomohla lidem naj\u00edt m\u00edstn\u00ed nezadan\u00e9 ve sv\u00e9 oblasti. Existuje v\u0161ak tak\u00e9 \u0159ada sexu\u00e1ln\u00edch str\u00e1nek, kter\u00e9 se staraj\u00ed o lidi, kte\u0159\u00ed hledaj\u00ed m\u00edstn\u00ed p\u0159ipojen\u00ed. Tyto str\u00e1nky mohou b\u00fdt skv\u011bl\u00fdm zp\u016fsobem, jak naj\u00edt m\u00edstn\u00ed partnery pro p\u0159\u00edle\u017eitostn\u00fd sex, ale je d\u016fle\u017eit\u00e9 si uv\u011bdomit souvisej\u00edc\u00ed rizika.<\/p>\n<p>Existuje n\u011bkolik v\u011bc\u00ed, kter\u00e9 je t\u0159eba m\u00edt na pam\u011bti p\u0159i pou\u017e\u00edv\u00e1n\u00ed m\u00edstn\u00edch sexu\u00e1ln\u00edch str\u00e1nek. Nejprve je d\u016fle\u017eit\u00e9 se ujistit, \u017ee se setk\u00e1v\u00e1te pouze s lidmi, kte\u0159\u00ed jsou plnolet\u00ed. Za druh\u00e9, je d\u016fle\u017eit\u00e9 si uv\u011bdomit potenci\u00e1l pro podvody. Existuje \u0159ada lid\u00ed, kte\u0159\u00ed na t\u011bchto str\u00e1nk\u00e1ch vytv\u00e1\u0159ej\u00ed fale\u0161n\u00e9 profily, aby vyu\u017eili nic netu\u0161\u00edc\u00edch u\u017eivatel\u016f. Nakonec je d\u016fle\u017eit\u00e9 pou\u017e\u00edvat zdrav\u00fd rozum, kdy\u017e se setk\u00e1te s n\u011bk\u00fdm z m\u00edstn\u00edho sexu\u00e1ln\u00edho webu. Ujist\u011bte se, \u017ee se setk\u00e1v\u00e1te na ve\u0159ejn\u00e9m m\u00edst\u011b a \u017ee m\u00e1te zp\u016fsob, jak se navz\u00e1jem kontaktovat v p\u0159\u00edpad\u011b, \u017ee se n\u011bco pokaz\u00ed.<\/p>\n<h2>Zdarma Sex Seznamky<\/h2>\n<p>Existuje mnoho bezplatn\u00fdch sexu\u00e1ln\u00edch seznamovac\u00edch str\u00e1nek online, kter\u00e9 se staraj\u00ed o lidi, kte\u0159\u00ed hledaj\u00ed p\u0159\u00edle\u017eitostn\u00e9 sexu\u00e1ln\u00ed p\u0159ipojen\u00ed. Tyto str\u00e1nky se obvykle snadno pou\u017e\u00edvaj\u00ed a umo\u017e\u0148uj\u00ed v\u00e1m vyhled\u00e1vat lidi ve va\u0161\u00ed oblasti, kte\u0159\u00ed hledaj\u00ed stejnou v\u011bc jako vy. Obvykle m\u016f\u017eete t\u011bmto lidem poslat zpr\u00e1vu a dohodnout se, \u017ee se setk\u00e1te na p\u0159ipojen\u00ed. Je v\u0161ak d\u016fle\u017eit\u00e9 si uv\u011bdomit, \u017ee ne ka\u017ed\u00fd na t\u011bchto str\u00e1nk\u00e1ch hled\u00e1 stejnou v\u011bc, tak\u017ee je d\u016fle\u017eit\u00e9 m\u00edt jasno o tom, co hled\u00e1te, ne\u017e se s n\u011bk\u00fdm setk\u00e1te.<\/p>\n<h2>Zdarma Sex Str\u00e1nky<\/h2>\n<p>Existuje mnoho bezplatn\u00fdch sexu\u00e1ln\u00edch str\u00e1nek, ale ne v\u0161echny z nich stoj\u00ed za to pou\u017e\u00edt. Ty, kter\u00e9 stoj\u00ed za to pou\u017e\u00edt, budou m\u00edt spoustu \u010dlen\u016f a budou snadno pou\u017eiteln\u00e9. Na t\u011bchto str\u00e1nk\u00e1ch byste tak\u00e9 m\u011bli b\u00fdt schopni snadno naj\u00edt shody.<\/p>\n<h3>BBWCupid<\/h3>\n<p>BBWCupid je seznamovac\u00ed aplikace ur\u010den\u00e1 pro zak\u0159iven\u00e9 \u017eeny a mu\u017ee, kte\u0159\u00ed je miluj\u00ed. Je zdarma ke sta\u017een\u00ed a vytvo\u0159en\u00ed profilu a m\u016f\u017eete proch\u00e1zet profily m\u00edstn\u00edch singles ve va\u0161\u00ed oblasti. Pokud uvid\u00edte n\u011bkoho, kdo se v\u00e1m l\u00edb\u00ed, m\u016f\u017eete mu poslat zpr\u00e1vu a zjistit, jestli m\u00e1 z\u00e1jem o sch\u016fzku.<\/p>\n<p>Aplikace se snadno pou\u017e\u00edv\u00e1 a m\u00e1 spoustu skv\u011bl\u00fdch funkc\u00ed, jako je videochat a rychl\u00e9 zas\u00edl\u00e1n\u00ed zpr\u00e1v. Je to skv\u011bl\u00fd zp\u016fsob, jak se setkat s k\u0159iv\u00fdmi \u017eenami pro rand\u011bn\u00ed, p\u0159\u00e1telstv\u00ed nebo dokonce jen p\u0159ipojen\u00ed. Pokud hled\u00e1te seznamovac\u00ed aplikaci BBW, BBWCupid je skv\u011bl\u00e1 volba.<\/p>\n<h3>SimpleFlirts<\/h3>\n<p>SimpleFlirts je popul\u00e1rn\u00ed seznamovac\u00ed aplikace, kter\u00e1 pom\u00e1h\u00e1 lidem spojit se navz\u00e1jem pro p\u0159\u00edle\u017eitostn\u00fd sex. Aplikace m\u00e1 dobrou pov\u011bst pro snadn\u00e9 pou\u017eit\u00ed a pro rychl\u00e9 p\u0159ipojen\u00ed lid\u00ed. Aplikace je zdarma ke sta\u017een\u00ed a pou\u017eit\u00ed a sv\u00fdm u\u017eivatel\u016fm nab\u00edz\u00ed \u0161irokou \u0161k\u00e1lu funkc\u00ed. N\u011bkte\u0159\u00ed u\u017eivatel\u00e9 si v\u0161ak st\u011b\u017eovali na to, \u017ee aplikace je chybn\u00e1 a \u017ee chyb\u00ed funkce vyhled\u00e1v\u00e1n\u00ed. Celkov\u011b je SimpleFlirts dobrou volbou pro lidi, kte\u0159\u00ed hledaj\u00ed p\u0159\u00edle\u017eitostn\u00e9 sexu\u00e1ln\u00ed partnery.<\/p>\n<h3>Rubmapy<\/h3>\n<p>Rubmaps je popul\u00e1rn\u00ed seznamovac\u00ed aplikace, kter\u00e1 umo\u017e\u0148uje u\u017eivatel\u016fm naj\u00edt potenci\u00e1ln\u00ed partnery pro p\u0159\u00edle\u017eitostn\u00e1 setk\u00e1n\u00ed. Aplikace m\u00e1 jednoduch\u00e9 rozhran\u00ed a snadno se pou\u017e\u00edv\u00e1. M\u00e1 tak\u00e9 velkou datab\u00e1zi u\u017eivatel\u016f, co\u017e z n\u011bj \u010din\u00ed skv\u011blou volbu pro ty, kte\u0159\u00ed hledaj\u00ed p\u0159\u00edle\u017eitostn\u00e9 setk\u00e1n\u00ed. Aplikace je zdarma ke sta\u017een\u00ed a pou\u017eit\u00ed a nen\u00ed t\u0159eba vytv\u00e1\u0159et \u00fa\u010det. Je v\u0161ak d\u016fle\u017eit\u00e9 si uv\u011bdomit, \u017ee Rubmaps nen\u00ed aplikace pro p\u0159ipojen\u00ed a u\u017eivatel\u00e9 by si m\u011bli b\u00fdt v\u011bdomi toho, \u017ee se mohou setkat s potenci\u00e1ln\u00edmi partnery pro sex.<\/p>\n<h3>Xpress<\/h3>\n<p>Pokud hled\u00e1te seznamovac\u00ed aplikaci, kter\u00e1 v\u00e1m pom\u016f\u017ee setkat se s n\u011bk\u00fdm pro rychl\u00e9 p\u0159ipojen\u00ed, Xpress je skv\u011bl\u00e1 volba. D\u00edky velk\u00e9 u\u017eivatelsk\u00e9 z\u00e1kladn\u011b a rychl\u00e9mu procesu registrace je snadn\u00e9 naj\u00edt n\u011bkoho, s k\u00fdm se m\u016f\u017eete rychle a snadno spojit. Aplikace m\u00e1 tak\u00e9 dobrou pov\u011bst jako bezpe\u010dn\u00e1 a zabezpe\u010den\u00e1, tak\u017ee si m\u016f\u017eete b\u00fdt jisti, \u017ee va\u0161e informace jsou chr\u00e1n\u011bny. Proto\u017ee se v\u0161ak jedn\u00e1 o aplikaci pro p\u0159ipojen\u00ed, existuje n\u011bkolik fale\u0161n\u00fdch profil\u016f a podvodn\u00edk\u016f, tak\u017ee p\u0159i p\u0159ej\u00ed\u017ed\u011bn\u00ed prstem bu\u010fte opatrn\u00ed. Celkov\u011b je Xpress skv\u011blou volbou, pokud hled\u00e1te rychl\u00fd a snadn\u00fd zp\u016fsob, jak se s n\u011bk\u00fdm setkat pro rychl\u00e9 p\u0159ipojen\u00ed.<\/p>\n","protected":false},"excerpt":{"rendered":"<p>Kdy\u017e se dva lid\u00e9 setkaj\u00ed na sex, je to obvykle proto, \u017ee jsou k sob\u011b p\u0159itahov\u00e1ni a cht\u011bj\u00ed m\u00edt pohlavn\u00ed styk. N\u011bkdy se lid\u00e9 setk\u00e1vaj\u00ed za sexem, proto\u017ee hledaj\u00ed p\u0159\u00edle\u017eitostn\u00e9 sexu\u00e1ln\u00ed setk\u00e1n\u00ed bez jak\u00e9koli emocion\u00e1ln\u00ed vazby; nen\u00ed tomu tak v\u0161ak v\u017edy. Lid\u00e9 se tak\u00e9 mohou setkat na sex, proto\u017ee jsou v anga\u017eovan\u00e9m vztahu a cht\u011bj\u00ed&#8230;<a class=\"read-more-link button\" href=\"https:\/\/theyoungmessiah.com\/cs\/seznamte-se-se-sexem\/\">Read more<\/a><\/p>\n","protected":false},"author":1,"featured_media":0,"parent":0,"menu_order":0,"comment_status":"closed","ping_status":"closed","template":"","meta":[],"yoast_head":"<!-- This site is optimized with the Yoast SEO plugin v17.7.1 - https:\/\/yoast.com\/wordpress\/plugins\/seo\/ -->\n<title>Seznamte se se sexem - Online Adult Dating<\/title>\n<meta name=\"robots\" content=\"index, follow, max-snippet:-1, max-image-preview:large, max-video-preview:-1\" \/>\n<link rel=\"canonical\" href=\"https:\/\/theyoungmessiah.com\/cs\/seznamte-se-se-sexem\/\" \/>\n<meta property=\"og:locale\" content=\"cs_CZ\" \/>\n<meta property=\"og:type\" content=\"article\" \/>\n<meta property=\"og:title\" content=\"Seznamte se se sexem - Online Adult Dating\" \/>\n<meta property=\"og:description\" content=\"Kdy\u017e se dva lid\u00e9 setkaj\u00ed na sex, je to obvykle proto, \u017ee jsou k sob\u011b p\u0159itahov\u00e1ni a cht\u011bj\u00ed m\u00edt pohlavn\u00ed styk. N\u011bkdy se lid\u00e9 setk\u00e1vaj\u00ed za sexem, proto\u017ee hledaj\u00ed p\u0159\u00edle\u017eitostn\u00e9 sexu\u00e1ln\u00ed setk\u00e1n\u00ed bez jak\u00e9koli emocion\u00e1ln\u00ed vazby; nen\u00ed tomu tak v\u0161ak v\u017edy. Lid\u00e9 se tak\u00e9 mohou setkat na sex, proto\u017ee jsou v anga\u017eovan\u00e9m vztahu a cht\u011bj\u00ed...Read more\" \/>\n<meta property=\"og:url\" content=\"https:\/\/theyoungmessiah.com\/cs\/seznamte-se-se-sexem\/\" \/>\n<meta property=\"og:site_name\" content=\"Online Adult Dating\" \/>\n<meta name=\"twitter:card\" content=\"summary_large_image\" \/>\n<meta name=\"twitter:label1\" content=\"Odhadovan\u00e1 doba \u010dten\u00ed\" \/>\n\t<meta name=\"twitter:data1\" content=\"5 minut\" \/>\n<script type=\"application\/ld+json\" class=\"yoast-schema-graph\">{\"@context\":\"https:\/\/schema.org\",\"@graph\":[{\"@type\":\"WebSite\",\"@id\":\"http:\/\/theyoungmessiah.com\/cs\/#website\",\"url\":\"http:\/\/theyoungmessiah.com\/cs\/\",\"name\":\"Online Adult Dating\",\"description\":\"Local Sex Hookups\",\"potentialAction\":[{\"@type\":\"SearchAction\",\"target\":{\"@type\":\"EntryPoint\",\"urlTemplate\":\"http:\/\/theyoungmessiah.com\/cs\/?s={search_term_string}\"},\"query-input\":\"required name=search_term_string\"}],\"inLanguage\":\"cs\"},{\"@type\":\"WebPage\",\"@id\":\"https:\/\/theyoungmessiah.com\/cs\/seznamte-se-se-sexem\/#webpage\",\"url\":\"https:\/\/theyoungmessiah.com\/cs\/seznamte-se-se-sexem\/\",\"name\":\"Seznamte se se sexem - Online Adult Dating\",\"isPartOf\":{\"@id\":\"http:\/\/theyoungmessiah.com\/cs\/#website\"},\"datePublished\":\"2022-10-12T13:00:11+00:00\",\"dateModified\":\"2022-10-12T13:00:11+00:00\",\"breadcrumb\":{\"@id\":\"https:\/\/theyoungmessiah.com\/cs\/seznamte-se-se-sexem\/#breadcrumb\"},\"inLanguage\":\"cs\",\"potentialAction\":[{\"@type\":\"ReadAction\",\"target\":[\"https:\/\/theyoungmessiah.com\/cs\/seznamte-se-se-sexem\/\"]}]},{\"@type\":\"BreadcrumbList\",\"@id\":\"https:\/\/theyoungmessiah.com\/cs\/seznamte-se-se-sexem\/#breadcrumb\",\"itemListElement\":[{\"@type\":\"ListItem\",\"position\":1,\"name\":\"Home\",\"item\":\"http:\/\/theyoungmessiah.com\/cs\/\"},{\"@type\":\"ListItem\",\"position\":2,\"name\":\"Seznamte se se sexem\"}]}]}<\/script>\n<!-- \/ Yoast SEO plugin. -->","yoast_head_json":{"title":"Seznamte se se sexem - Online Adult Dating","robots":{"index":"index","follow":"follow","max-snippet":"max-snippet:-1","max-image-preview":"max-image-preview:large","max-video-preview":"max-video-preview:-1"},"canonical":"https:\/\/theyoungmessiah.com\/cs\/seznamte-se-se-sexem\/","og_locale":"cs_CZ","og_type":"article","og_title":"Seznamte se se sexem - Online Adult Dating","og_description":"Kdy\u017e se dva lid\u00e9 setkaj\u00ed na sex, je to obvykle proto, \u017ee jsou k sob\u011b p\u0159itahov\u00e1ni a cht\u011bj\u00ed m\u00edt pohlavn\u00ed styk. N\u011bkdy se lid\u00e9 setk\u00e1vaj\u00ed za sexem, proto\u017ee hledaj\u00ed p\u0159\u00edle\u017eitostn\u00e9 sexu\u00e1ln\u00ed setk\u00e1n\u00ed bez jak\u00e9koli emocion\u00e1ln\u00ed vazby; nen\u00ed tomu tak v\u0161ak v\u017edy. Lid\u00e9 se tak\u00e9 mohou setkat na sex, proto\u017ee jsou v anga\u017eovan\u00e9m vztahu a cht\u011bj\u00ed...Read more","og_url":"https:\/\/theyoungmessiah.com\/cs\/seznamte-se-se-sexem\/","og_site_name":"Online Adult Dating","twitter_card":"summary_large_image","twitter_misc":{"Odhadovan\u00e1 doba \u010dten\u00ed":"5 minut"},"schema":{"@context":"https:\/\/schema.org","@graph":[{"@type":"WebSite","@id":"http:\/\/theyoungmessiah.com\/cs\/#website","url":"http:\/\/theyoungmessiah.com\/cs\/","name":"Online Adult Dating","description":"Local Sex Hookups","potentialAction":[{"@type":"SearchAction","target":{"@type":"EntryPoint","urlTemplate":"http:\/\/theyoungmessiah.com\/cs\/?s={search_term_string}"},"query-input":"required name=search_term_string"}],"inLanguage":"cs"},{"@type":"WebPage","@id":"https:\/\/theyoungmessiah.com\/cs\/seznamte-se-se-sexem\/#webpage","url":"https:\/\/theyoungmessiah.com\/cs\/seznamte-se-se-sexem\/","name":"Seznamte se se sexem - Online Adult Dating","isPartOf":{"@id":"http:\/\/theyoungmessiah.com\/cs\/#website"},"datePublished":"2022-10-12T13:00:11+00:00","dateModified":"2022-10-12T13:00:11+00:00","breadcrumb":{"@id":"https:\/\/theyoungmessiah.com\/cs\/seznamte-se-se-sexem\/#breadcrumb"},"inLanguage":"cs","potentialAction":[{"@type":"ReadAction","target":["https:\/\/theyoungmessiah.com\/cs\/seznamte-se-se-sexem\/"]}]},{"@type":"BreadcrumbList","@id":"https:\/\/theyoungmessiah.com\/cs\/seznamte-se-se-sexem\/#breadcrumb","itemListElement":[{"@type":"ListItem","position":1,"name":"Home","item":"http:\/\/theyoungmessiah.com\/cs\/"},{"@type":"ListItem","position":2,"name":"Seznamte se se sexem"}]}]}},"_links":{"self":[{"href":"https:\/\/theyoungmessiah.com\/cs\/wp-json\/wp\/v2\/pages\/147"}],"collection":[{"href":"https:\/\/theyoungmessiah.com\/cs\/wp-json\/wp\/v2\/pages"}],"about":[{"href":"https:\/\/theyoungmessiah.com\/cs\/wp-json\/wp\/v2\/types\/page"}],"author":[{"embeddable":true,"href":"https:\/\/theyoungmessiah.com\/cs\/wp-json\/wp\/v2\/users\/1"}],"replies":[{"embeddable":true,"href":"https:\/\/theyoungmessiah.com\/cs\/wp-json\/wp\/v2\/comments?post=147"}],"version-history":[{"count":0,"href":"https:\/\/theyoungmessiah.com\/cs\/wp-json\/wp\/v2\/pages\/147\/revisions"}],"wp:attachment":[{"href":"https:\/\/theyoungmessiah.com\/cs\/wp-json\/wp\/v2\/media?parent=147"}],"curies":[{"name":"wp","href":"https:\/\/api.w.org\/{rel}","templated":true}]}}