{"id":169,"date":"2022-10-12T14:00:02","date_gmt":"2022-10-12T13:00:02","guid":{"rendered":"http:\/\/theyoungmessiah.com\/married-affair-seznamky\/"},"modified":"2022-10-12T14:00:02","modified_gmt":"2022-10-12T13:00:02","slug":"married-affair-seznamky","status":"publish","type":"page","link":"https:\/\/theyoungmessiah.com\/cs\/married-affair-seznamky\/","title":{"rendered":"Married Affair Seznamky"},"content":{"rendered":"<p>Existuje cel\u00e1 \u0159ada seznamovac\u00edch str\u00e1nek pro man\u017eelsk\u00e9 z\u00e1le\u017eitosti, kter\u00e9 umo\u017e\u0148uj\u00ed lidem spojit se s ostatn\u00edmi, kte\u0159\u00ed jsou tak\u00e9 \u017eenat\u00ed. Tyto str\u00e1nky obvykle vy\u017eaduj\u00ed \u010dlensk\u00fd poplatek a nab\u00edzej\u00ed \u0159adu funkc\u00ed navr\u017een\u00fdch tak, aby pomohly lidem spojit se s ostatn\u00edmi, kte\u0159\u00ed maj\u00ed z\u00e1jem o pom\u011br. N\u011bkter\u00e9 z funkc\u00ed nab\u00edzen\u00fdch t\u011bmito weby zahrnuj\u00ed soukrom\u00e9 zas\u00edl\u00e1n\u00ed zpr\u00e1v, chatovac\u00ed m\u00edstnosti a prohled\u00e1vateln\u00e9 datab\u00e1ze \u010dlen\u016f. Mnoho z t\u011bchto str\u00e1nek tak\u00e9 nab\u00edz\u00ed rady a podporu pro lidi, kte\u0159\u00ed uva\u017euj\u00ed o tom, \u017ee budou m\u00edt pom\u011br, nebo kte\u0159\u00ed jsou ji\u017e zapojeni do jednoho.<\/p>\n<h2>Diskr\u00e9tn\u00ed p\u0159ipojen\u00ed<\/h2>\n<p>Diskr\u00e9tn\u00ed p\u0159ipojen\u00ed jsou st\u00e1le popul\u00e1rn\u011bj\u0161\u00ed, proto\u017ee lid\u00e9 hledaj\u00ed zp\u016fsoby, jak se bavit bez z\u00e1vazku. Tato uspo\u0159\u00e1d\u00e1n\u00ed jsou ide\u00e1ln\u00ed pro ty, kte\u0159\u00ed si cht\u011bj\u00ed u\u017e\u00edt spole\u010dnost jin\u00e9 osoby bez jak\u00fdchkoli podm\u00ednek. Existuje mnoho zp\u016fsob\u016f, jak naj\u00edt n\u011bkoho, s k\u00fdm se m\u016f\u017eete spojit, a existuje stejn\u011b mnoho d\u016fvod\u016f, pro\u010d se lid\u00e9 rozhodnou to ud\u011blat. A\u0165 u\u017e hled\u00e1te rychl\u00fd flirt nebo n\u011bco trochu dlouhodob\u011bj\u0161\u00edho, je tu n\u011bkdo, kdo hled\u00e1 stejnou v\u011bc. V\u0161e, co mus\u00edte ud\u011blat, je naj\u00edt je.<\/p>\n<p>Pro ty, kte\u0159\u00ed maj\u00ed z\u00e1jem o mimoman\u017eelsk\u00e9 vztahy, jsou nyn\u00ed k dispozici man\u017eelsk\u00e9 seznamovac\u00ed aplikace. I kdy\u017e tyto aplikace usnad\u0148uj\u00ed spojen\u00ed s potenci\u00e1ln\u00edmi partnery, nesou s sebou tak\u00e9 ur\u010dit\u00e1 rizika. Pokud by se nap\u0159\u00edklad v\u00e1\u0161 man\u017eel dozv\u011bd\u011bl o tom, jak pou\u017e\u00edv\u00e1te aplikaci pro seznamov\u00e1n\u00ed v man\u017eelstv\u00ed, mohlo by to potenci\u00e1ln\u011b po\u0161kodit v\u00e1\u0161 vztah. Krom\u011b toho je v\u017edy potenci\u00e1l setkat se s n\u011bk\u00fdm, kdo nen\u00ed t\u00edm, za koho tvrd\u00ed, \u017ee je online, co\u017e m\u016f\u017ee v\u00e9st k nebezpe\u010dn\u00fdm situac\u00edm. Pokud se rozhodnete pou\u017e\u00edt man\u017eelskou seznamovac\u00ed aplikaci, je d\u016fle\u017eit\u00e9 b\u00fdt up\u0159\u00edmn\u00fd se sv\u00fdmi potenci\u00e1ln\u00edmi partnery o va\u0161em rodinn\u00e9m stavu a v\u017edy se setkat na ve\u0159ejn\u00e9m m\u00edst\u011b.<\/p>\n<h2>Najd\u011bte diskr\u00e9tn\u00ed p\u0159ipojen\u00ed<\/h2>\n<p>Existuje mnoho zp\u016fsob\u016f, jak naj\u00edt diskr\u00e9tn\u00ed p\u0159ipojen\u00ed online. M\u016f\u017eete pou\u017e\u00edt seznamku, kter\u00e1 se specializuje na p\u0159ipojen\u00ed, nebo m\u016f\u017eete pou\u017e\u00edt obecnou seznamku a jen b\u00fdt p\u0159edem o tom, co hled\u00e1te. M\u016f\u017eete tak\u00e9 pou\u017e\u00edt str\u00e1nky soci\u00e1ln\u00edch m\u00e9di\u00ed, jako je Facebook a Twitter, abyste na\u0161li potenci\u00e1ln\u00ed p\u0159ipojen\u00ed. Dal\u0161\u00ed mo\u017enost\u00ed je pou\u017e\u00edt web, jako je Craigslist, kter\u00fd m\u00e1 sekci v\u011bnovanou p\u0159\u00edle\u017eitostn\u00fdm setk\u00e1n\u00edm. Jen se ujist\u011bte, \u017ee jste v bezpe\u010d\u00ed a pou\u017e\u00edvejte zdrav\u00fd rozum, kdy\u017e se setk\u00e1te s n\u011bk\u00fdm z internetu.<\/p>\n<h3>Troud<\/h3>\n<p>Tinder je jednou z nejpopul\u00e1rn\u011bj\u0161\u00edch seznamovac\u00edch aplikac\u00ed s v\u00edce ne\u017e 50 miliony u\u017eivatel\u016f. Byla pops\u00e1na jako &#8222;aplikace pro p\u0159ipojen\u00ed&#8220;, ale m\u016f\u017ee b\u00fdt tak\u00e9 pou\u017eita pro datov\u00e1n\u00ed a byla pou\u017e\u00edv\u00e1na lidmi ve vztaz\u00edch pro z\u00e1le\u017eitosti. Tinder je rychl\u00fd a snadno pou\u017eiteln\u00fd a m\u016f\u017eete se spojit s lidmi ve va\u0161\u00ed oblasti, kte\u0159\u00ed hledaj\u00ed stejnou v\u011bc jako vy. Aplikace je zdarma ke sta\u017een\u00ed a pou\u017eit\u00ed, ale existuj\u00ed n\u011bkter\u00e9 placen\u00e9 funkce, kter\u00e9 m\u016f\u017eete pou\u017e\u00edt k z\u00edsk\u00e1n\u00ed v\u00edce z aplikace. Celkov\u011b je Tinder skv\u011bl\u00e1 seznamovac\u00ed aplikace pro lidi, kte\u0159\u00ed hledaj\u00ed rychl\u00fd a snadn\u00fd zp\u016fsob, jak se spojit s lidmi ve sv\u00e9m okol\u00ed.<\/p>\n<h3>XPickup<\/h3>\n<p>Pokud hled\u00e1te seznamku, kter\u00e1 v\u00e1m umo\u017en\u00ed prozkoumat va\u0161e mo\u017enosti a naj\u00edt shodu, XPickup je skv\u011bl\u00e1 volba. Str\u00e1nka m\u00e1 velkou u\u017eivatelskou z\u00e1kladnu a \u0161irokou \u0161k\u00e1lu funkc\u00ed, co\u017e z n\u00ed \u010din\u00ed skv\u011blou volbu pro nalezen\u00ed shody. Str\u00e1nka m\u00e1 tak\u00e9 dobrou pov\u011bst pro to, \u017ee je bezpe\u010dn\u00e1 a zabezpe\u010den\u00e1, tak\u017ee si m\u016f\u017eete b\u00fdt jisti, \u017ee va\u0161e informace jsou v bezpe\u010d\u00ed. Celkov\u011b je XPickup skv\u011blou volbou pro datov\u00e1n\u00ed man\u017eelsk\u00e9 af\u00e9ry.<\/p>\n<h3>Uberhorny<\/h3>\n<p>Pokud hled\u00e1te seznamovac\u00ed aplikaci, kter\u00e1 v\u00e1m pom\u016f\u017ee m\u00edt man\u017eelsk\u00fd pom\u011br, pak je Uberhorny skv\u011blou volbou. Aplikace se snadno pou\u017e\u00edv\u00e1 a m\u00e1 spoustu skv\u011bl\u00fdch funkc\u00ed, kter\u00e9 v\u00e1m pomohou naj\u00edt n\u011bkoho, s k\u00fdm m\u016f\u017eete podv\u00e1d\u011bt. Funkce vyhled\u00e1v\u00e1n\u00ed je velmi komplexn\u00ed a v\u00fdsledky m\u016f\u017eete z\u00fa\u017eit podle r\u016fzn\u00fdch krit\u00e9ri\u00ed. Syst\u00e9m zas\u00edl\u00e1n\u00ed zpr\u00e1v je tak\u00e9 velmi dobr\u00fd a m\u016f\u017eete snadno sledovat sv\u00e9 konverzace. Celkov\u011b je Uberhorny skv\u011blou volbou pro datov\u00e1n\u00ed man\u017eelsk\u00e9 af\u00e9ry a doporu\u010dili bychom ji ka\u017ed\u00e9mu, kdo hled\u00e1 diskr\u00e9tn\u00ed zp\u016fsob, jak podv\u00e1d\u011bt sv\u00e9ho man\u017eela.<\/p>\n<h3>OnlyFlings<\/h3>\n<p>Pokud hled\u00e1te diskr\u00e9tn\u00ed seznamku, pak je OnlyFlings skv\u011blou volbou. Str\u00e1nka se snadno pou\u017e\u00edv\u00e1 a nab\u00edz\u00ed \u0159adu funkc\u00ed, kter\u00e9 v\u00e1m pomohou naj\u00edt shodu. Str\u00e1nka m\u00e1 tak\u00e9 dobrou pov\u011bst pro zabezpe\u010den\u00ed a soukrom\u00ed.<\/p>\n","protected":false},"excerpt":{"rendered":"<p>Existuje cel\u00e1 \u0159ada seznamovac\u00edch str\u00e1nek pro man\u017eelsk\u00e9 z\u00e1le\u017eitosti, kter\u00e9 umo\u017e\u0148uj\u00ed lidem spojit se s ostatn\u00edmi, kte\u0159\u00ed jsou tak\u00e9 \u017eenat\u00ed. Tyto str\u00e1nky obvykle vy\u017eaduj\u00ed \u010dlensk\u00fd poplatek a nab\u00edzej\u00ed \u0159adu funkc\u00ed navr\u017een\u00fdch tak, aby pomohly lidem spojit se s ostatn\u00edmi, kte\u0159\u00ed maj\u00ed z\u00e1jem o pom\u011br. N\u011bkter\u00e9 z funkc\u00ed nab\u00edzen\u00fdch t\u011bmito weby zahrnuj\u00ed soukrom\u00e9 zas\u00edl\u00e1n\u00ed zpr\u00e1v, chatovac\u00ed m\u00edstnosti&#8230;<a class=\"read-more-link button\" href=\"https:\/\/theyoungmessiah.com\/cs\/married-affair-seznamky\/\">Read more<\/a><\/p>\n","protected":false},"author":1,"featured_media":0,"parent":0,"menu_order":0,"comment_status":"closed","ping_status":"closed","template":"","meta":[],"yoast_head":"<!-- This site is optimized with the Yoast SEO plugin v17.7.1 - https:\/\/yoast.com\/wordpress\/plugins\/seo\/ -->\n<title>Married Affair Seznamky - Online Adult Dating<\/title>\n<meta name=\"robots\" content=\"index, follow, max-snippet:-1, max-image-preview:large, max-video-preview:-1\" \/>\n<link rel=\"canonical\" href=\"https:\/\/theyoungmessiah.com\/cs\/married-affair-seznamky\/\" \/>\n<meta property=\"og:locale\" content=\"cs_CZ\" \/>\n<meta property=\"og:type\" content=\"article\" \/>\n<meta property=\"og:title\" content=\"Married Affair Seznamky - Online Adult Dating\" \/>\n<meta property=\"og:description\" content=\"Existuje cel\u00e1 \u0159ada seznamovac\u00edch str\u00e1nek pro man\u017eelsk\u00e9 z\u00e1le\u017eitosti, kter\u00e9 umo\u017e\u0148uj\u00ed lidem spojit se s ostatn\u00edmi, kte\u0159\u00ed jsou tak\u00e9 \u017eenat\u00ed. Tyto str\u00e1nky obvykle vy\u017eaduj\u00ed \u010dlensk\u00fd poplatek a nab\u00edzej\u00ed \u0159adu funkc\u00ed navr\u017een\u00fdch tak, aby pomohly lidem spojit se s ostatn\u00edmi, kte\u0159\u00ed maj\u00ed z\u00e1jem o pom\u011br. N\u011bkter\u00e9 z funkc\u00ed nab\u00edzen\u00fdch t\u011bmito weby zahrnuj\u00ed soukrom\u00e9 zas\u00edl\u00e1n\u00ed zpr\u00e1v, chatovac\u00ed m\u00edstnosti...Read more\" \/>\n<meta property=\"og:url\" content=\"https:\/\/theyoungmessiah.com\/cs\/married-affair-seznamky\/\" \/>\n<meta property=\"og:site_name\" content=\"Online Adult Dating\" \/>\n<meta name=\"twitter:card\" content=\"summary_large_image\" \/>\n<meta name=\"twitter:label1\" content=\"Odhadovan\u00e1 doba \u010dten\u00ed\" \/>\n\t<meta name=\"twitter:data1\" content=\"4 minuty\" \/>\n<script type=\"application\/ld+json\" class=\"yoast-schema-graph\">{\"@context\":\"https:\/\/schema.org\",\"@graph\":[{\"@type\":\"WebSite\",\"@id\":\"https:\/\/theyoungmessiah.com\/cs\/#website\",\"url\":\"https:\/\/theyoungmessiah.com\/cs\/\",\"name\":\"Online Adult Dating\",\"description\":\"Local Sex Hookups\",\"potentialAction\":[{\"@type\":\"SearchAction\",\"target\":{\"@type\":\"EntryPoint\",\"urlTemplate\":\"https:\/\/theyoungmessiah.com\/cs\/?s={search_term_string}\"},\"query-input\":\"required name=search_term_string\"}],\"inLanguage\":\"cs\"},{\"@type\":\"WebPage\",\"@id\":\"https:\/\/theyoungmessiah.com\/cs\/married-affair-seznamky\/#webpage\",\"url\":\"https:\/\/theyoungmessiah.com\/cs\/married-affair-seznamky\/\",\"name\":\"Married Affair Seznamky - Online Adult Dating\",\"isPartOf\":{\"@id\":\"https:\/\/theyoungmessiah.com\/cs\/#website\"},\"datePublished\":\"2022-10-12T13:00:02+00:00\",\"dateModified\":\"2022-10-12T13:00:02+00:00\",\"breadcrumb\":{\"@id\":\"https:\/\/theyoungmessiah.com\/cs\/married-affair-seznamky\/#breadcrumb\"},\"inLanguage\":\"cs\",\"potentialAction\":[{\"@type\":\"ReadAction\",\"target\":[\"https:\/\/theyoungmessiah.com\/cs\/married-affair-seznamky\/\"]}]},{\"@type\":\"BreadcrumbList\",\"@id\":\"https:\/\/theyoungmessiah.com\/cs\/married-affair-seznamky\/#breadcrumb\",\"itemListElement\":[{\"@type\":\"ListItem\",\"position\":1,\"name\":\"Home\",\"item\":\"https:\/\/theyoungmessiah.com\/cs\/\"},{\"@type\":\"ListItem\",\"position\":2,\"name\":\"Married Affair Seznamky\"}]}]}<\/script>\n<!-- \/ Yoast SEO plugin. -->","yoast_head_json":{"title":"Married Affair Seznamky - Online Adult Dating","robots":{"index":"index","follow":"follow","max-snippet":"max-snippet:-1","max-image-preview":"max-image-preview:large","max-video-preview":"max-video-preview:-1"},"canonical":"https:\/\/theyoungmessiah.com\/cs\/married-affair-seznamky\/","og_locale":"cs_CZ","og_type":"article","og_title":"Married Affair Seznamky - Online Adult Dating","og_description":"Existuje cel\u00e1 \u0159ada seznamovac\u00edch str\u00e1nek pro man\u017eelsk\u00e9 z\u00e1le\u017eitosti, kter\u00e9 umo\u017e\u0148uj\u00ed lidem spojit se s ostatn\u00edmi, kte\u0159\u00ed jsou tak\u00e9 \u017eenat\u00ed. Tyto str\u00e1nky obvykle vy\u017eaduj\u00ed \u010dlensk\u00fd poplatek a nab\u00edzej\u00ed \u0159adu funkc\u00ed navr\u017een\u00fdch tak, aby pomohly lidem spojit se s ostatn\u00edmi, kte\u0159\u00ed maj\u00ed z\u00e1jem o pom\u011br. N\u011bkter\u00e9 z funkc\u00ed nab\u00edzen\u00fdch t\u011bmito weby zahrnuj\u00ed soukrom\u00e9 zas\u00edl\u00e1n\u00ed zpr\u00e1v, chatovac\u00ed m\u00edstnosti...Read more","og_url":"https:\/\/theyoungmessiah.com\/cs\/married-affair-seznamky\/","og_site_name":"Online Adult Dating","twitter_card":"summary_large_image","twitter_misc":{"Odhadovan\u00e1 doba \u010dten\u00ed":"4 minuty"},"schema":{"@context":"https:\/\/schema.org","@graph":[{"@type":"WebSite","@id":"https:\/\/theyoungmessiah.com\/cs\/#website","url":"https:\/\/theyoungmessiah.com\/cs\/","name":"Online Adult Dating","description":"Local Sex Hookups","potentialAction":[{"@type":"SearchAction","target":{"@type":"EntryPoint","urlTemplate":"https:\/\/theyoungmessiah.com\/cs\/?s={search_term_string}"},"query-input":"required name=search_term_string"}],"inLanguage":"cs"},{"@type":"WebPage","@id":"https:\/\/theyoungmessiah.com\/cs\/married-affair-seznamky\/#webpage","url":"https:\/\/theyoungmessiah.com\/cs\/married-affair-seznamky\/","name":"Married Affair Seznamky - Online Adult Dating","isPartOf":{"@id":"https:\/\/theyoungmessiah.com\/cs\/#website"},"datePublished":"2022-10-12T13:00:02+00:00","dateModified":"2022-10-12T13:00:02+00:00","breadcrumb":{"@id":"https:\/\/theyoungmessiah.com\/cs\/married-affair-seznamky\/#breadcrumb"},"inLanguage":"cs","potentialAction":[{"@type":"ReadAction","target":["https:\/\/theyoungmessiah.com\/cs\/married-affair-seznamky\/"]}]},{"@type":"BreadcrumbList","@id":"https:\/\/theyoungmessiah.com\/cs\/married-affair-seznamky\/#breadcrumb","itemListElement":[{"@type":"ListItem","position":1,"name":"Home","item":"https:\/\/theyoungmessiah.com\/cs\/"},{"@type":"ListItem","position":2,"name":"Married Affair Seznamky"}]}]}},"_links":{"self":[{"href":"https:\/\/theyoungmessiah.com\/cs\/wp-json\/wp\/v2\/pages\/169"}],"collection":[{"href":"https:\/\/theyoungmessiah.com\/cs\/wp-json\/wp\/v2\/pages"}],"about":[{"href":"https:\/\/theyoungmessiah.com\/cs\/wp-json\/wp\/v2\/types\/page"}],"author":[{"embeddable":true,"href":"https:\/\/theyoungmessiah.com\/cs\/wp-json\/wp\/v2\/users\/1"}],"replies":[{"embeddable":true,"href":"https:\/\/theyoungmessiah.com\/cs\/wp-json\/wp\/v2\/comments?post=169"}],"version-history":[{"count":0,"href":"https:\/\/theyoungmessiah.com\/cs\/wp-json\/wp\/v2\/pages\/169\/revisions"}],"wp:attachment":[{"href":"https:\/\/theyoungmessiah.com\/cs\/wp-json\/wp\/v2\/media?parent=169"}],"curies":[{"name":"wp","href":"https:\/\/api.w.org\/{rel}","templated":true}]}}