{"id":171,"date":"2022-10-12T13:53:06","date_gmt":"2022-10-12T12:53:06","guid":{"rendered":"http:\/\/theyoungmessiah.com\/pratele-s-vyhodami-webove-stranky\/"},"modified":"2022-10-12T13:53:06","modified_gmt":"2022-10-12T12:53:06","slug":"pratele-s-vyhodami-webove-stranky","status":"publish","type":"page","link":"https:\/\/theyoungmessiah.com\/cs\/pratele-s-vyhodami-webove-stranky\/","title":{"rendered":"P\u0159\u00e1tel\u00e9 s v\u00fdhodami Webov\u00e9 str\u00e1nky"},"content":{"rendered":"<p>Existuje n\u011bkolik r\u016fzn\u00fdch typ\u016f p\u0159\u00e1tel s v\u00fdhodami webov\u00fdch str\u00e1nek. Prvn\u00ed typ je m\u00edsto, kde m\u016f\u017eete naj\u00edt lidi, se kter\u00fdmi se m\u016f\u017eete spojit bez p\u0159ipojen\u00fdch nit\u00ed. Tento typ webov\u00fdch str\u00e1nek je skv\u011bl\u00fd pro lidi, kte\u0159\u00ed se cht\u011bj\u00ed jen bavit a nemus\u00ed se starat o to, aby se dostali do vztahu. Druh\u00fdm typem webov\u00fdch str\u00e1nek p\u0159\u00e1tel s v\u00fdhodami je m\u00edsto, kde m\u016f\u017eete naj\u00edt lidi k dne\u0161n\u00edmu dni a p\u0159\u00edpadn\u011b m\u00edt vztah. Tento typ webov\u00fdch str\u00e1nek je skv\u011bl\u00fd pro lidi, kte\u0159\u00ed hledaj\u00ed v\u00edce ne\u017e jen p\u0159ipojen\u00ed.<\/p>\n<h2>Nejlep\u0161\u00ed str\u00e1nky pro Fwb<\/h2>\n<p>Existuje spousta skv\u011bl\u00fdch webov\u00fdch str\u00e1nek pro <a href=\"http:\/\/theyoungmessiah.com\/cs\/ebenove-pripojky\/\">nalezen\u00ed p\u0159\u00edtele s v\u00fdhodami<\/a>, ale m\u016fj osobn\u00ed obl\u00edben\u00fd je FWB Dates. Je snadno pou\u017eiteln\u00fd a m\u00e1 spoustu skv\u011bl\u00fdch funkc\u00ed, d\u00edky nim\u017e je nalezen\u00ed z\u00e1pasu rychl\u00e9 a snadn\u00e9. Nav\u00edc se k webu m\u016f\u017eete p\u0159ipojit zdarma, tak\u017ee m\u016f\u017eete okam\u017eit\u011b za\u010d\u00edt hledat sv\u016fj dokonal\u00fd prot\u011bj\u0161ek. Existuje spousta lid\u00ed, kte\u0159\u00ed hledaj\u00ed kurva kamar\u00e1da. Najdete je online na seznamce nebo dokonce na str\u00e1nk\u00e1ch soci\u00e1ln\u00edch m\u00e9di\u00ed. V\u0161e, co mus\u00edte ud\u011blat, je hledat je a najdete je.<\/p>\n<p>Pokud hled\u00e1te kurva kamar\u00e1da, nejlep\u0161\u00ed m\u00edsto, kde se pod\u00edvat, je online. Existuje mnoho webov\u00fdch str\u00e1nek a aplikac\u00ed, kter\u00e9 v\u00e1m mohou pomoci naj\u00edt n\u011bkoho, kdo je na p\u0159ipojen\u00ed. V\u0161e, co mus\u00edte ud\u011blat, je vytvo\u0159it profil a za\u010d\u00edt proch\u00e1zet potenci\u00e1ln\u00ed shody. Kdy\u017e najdete n\u011bkoho, o koho m\u00e1te z\u00e1jem, po\u0161lete mu zpr\u00e1vu a uvid\u00edte, kam se v\u011bci ub\u00edraj\u00ed.<\/p>\n<h3>OnlyFlings<\/h3>\n<p>Pokud hled\u00e1te p\u0159\u00e1tele s v\u00fdhodami, m\u011bli byste se ur\u010dit\u011b pod\u00edvat na OnlyFlings. Je to skv\u011bl\u00e1 seznamovac\u00ed aplikace, kter\u00e1 v\u00e1m umo\u017en\u00ed naj\u00edt potenci\u00e1ln\u00ed shody ve va\u0161\u00ed oblasti. Aplikace se snadno pou\u017e\u00edv\u00e1 a m\u00e1 spoustu skv\u011bl\u00fdch funkc\u00ed, v\u010detn\u011b syst\u00e9mu zas\u00edl\u00e1n\u00ed zpr\u00e1v, kter\u00fd v\u00e1m umo\u017en\u00ed komunikovat s potenci\u00e1ln\u00edmi shodami. Jedinou nev\u00fdhodou je, \u017ee aplikace je trochu drah\u00e1, ale rozhodn\u011b stoj\u00ed za to, pokud hled\u00e1te p\u0159\u00e1tele s v\u00fdhodami.<\/p>\n<h3>BookOfSext<\/h3>\n<p>Pokud hled\u00e1te p\u0159\u00e1tele s v\u00fdhodami seznamovac\u00ed aplikace, BookOfSext je skv\u011bl\u00e1 volba. Aplikace je zdarma ke sta\u017een\u00ed a pou\u017eit\u00ed a je nabit\u00e1 funkcemi, kter\u00e9 usnad\u0148uj\u00ed nalezen\u00ed a spojen\u00ed s potenci\u00e1ln\u00edmi shodami. Funkce vyhled\u00e1v\u00e1n\u00ed je obzvl\u00e1\u0161t\u011b u\u017eite\u010dn\u00e1 a m\u016f\u017eete ji pou\u017e\u00edt k nalezen\u00ed shod ve va\u0161\u00ed oblasti nebo kdekoli na sv\u011bt\u011b. Aplikace m\u00e1 tak\u00e9 funkci zas\u00edl\u00e1n\u00ed zpr\u00e1v, tak\u017ee m\u016f\u017eete z\u016fstat v kontaktu se sv\u00fdmi prot\u011bj\u0161ky, i kdy\u017e aplikaci nepou\u017e\u00edv\u00e1te. Celkov\u011b je BookOfSext skv\u011blou volbou pro ka\u017ed\u00e9ho, kdo hled\u00e1 p\u0159\u00e1tele s v\u00fdhodami seznamovac\u00ed aplikace.<\/p>\n<h3>Spousta ryb<\/h3>\n<p>Existuje spousta d\u016fvod\u016f, pro\u010d vyzkou\u0161et spoustu ryb, zvl\u00e1\u0161t\u011b pokud hled\u00e1te p\u0159\u00e1tele s v\u00fdhodami. Seznamovac\u00ed aplikace m\u00e1 na v\u00fdb\u011br z velk\u00e9ho mno\u017estv\u00ed u\u017eivatel\u016f, tak\u017ee jste povinni naj\u00edt n\u011bkoho, kdo je s v\u00e1mi kompatibiln\u00ed. Aplikace je nav\u00edc zdarma k pou\u017eit\u00ed, tak\u017ee m\u016f\u017eete u\u0161et\u0159it pen\u00edze na jin\u00e9 v\u011bci.<\/p>\n<p>Aplikace se snadno pou\u017e\u00edv\u00e1 a naviguje a nen\u00ed p\u0159\u00edli\u0161 komplikovan\u00e1. Potenci\u00e1ln\u00ed shody m\u016f\u017eete vyhled\u00e1vat podle lokality, v\u011bku a dal\u0161\u00edch krit\u00e9ri\u00ed a m\u016f\u017eete jim poslat zpr\u00e1vu p\u0159\u00edmo. Aplikace m\u00e1 tak\u00e9 n\u011bkolik dal\u0161\u00edch funkc\u00ed, jako je funkce &#8222;Poke&#8220;, kter\u00e1 v\u00e1m umo\u017en\u00ed flirtovat s potenci\u00e1ln\u00edmi z\u00e1pasy.<\/p>\n<p>Celkov\u011b je Spousta ryb skv\u011blou volbou pro ka\u017ed\u00e9ho, kdo hled\u00e1 p\u0159\u00e1tele s v\u00fdhodami. Aplikace je zdarma k pou\u017eit\u00ed a je snadn\u00e9 naj\u00edt potenci\u00e1ln\u00ed shody. Nav\u00edc m\u00e1 aplikace n\u011bkolik dal\u0161\u00edch funkc\u00ed, d\u00edky nim\u017e stoj\u00ed za to se pod\u00edvat.<\/p>\n<h3>Xpress<\/h3>\n<p>Pokud hled\u00e1te p\u0159\u00e1tele s v\u00fdhodami webov\u00e9 str\u00e1nky, kter\u00e9 skute\u010dn\u011b doru\u010duj\u00ed, pak Xpress je aplikace pro v\u00e1s. Zkou\u0161el jsem spoustu t\u011bchto aplikac\u00ed a v\u011bt\u0161ina z nich jsou \u00fapln\u00e9 odpadky. Jsou bu\u010f pln\u00e9 fale\u0161n\u00fdch profil\u016f, nebo jsou d\u00edvky tak o\u0161kliv\u00e9, \u017ee byste rad\u011bji jen trhli. Ale Xpress je jin\u00fd. D\u00edvky tady jsou ve skute\u010dnosti docela hork\u00e9 a jsou tak\u00e9 dol\u016f, aby se p\u0159ipojily.<\/p>\n<p>Spojil jsem se s n\u011bkolika d\u00edvkami z Xpress a v\u017edy to byla skv\u011bl\u00e1 zku\u0161enost. S d\u00edvkami se snadno mluv\u00ed a jsou vlastn\u011b dole, aby se bavily. Pokud hled\u00e1te p\u0159\u00e1tele s v\u00fdhodami webov\u00e9 str\u00e1nky, kter\u00e9 skute\u010dn\u011b funguj\u00ed, pak Xpress je aplikace pro v\u00e1s.<\/p>\n","protected":false},"excerpt":{"rendered":"<p>Existuje n\u011bkolik r\u016fzn\u00fdch typ\u016f p\u0159\u00e1tel s v\u00fdhodami webov\u00fdch str\u00e1nek. Prvn\u00ed typ je m\u00edsto, kde m\u016f\u017eete naj\u00edt lidi, se kter\u00fdmi se m\u016f\u017eete spojit bez p\u0159ipojen\u00fdch nit\u00ed. Tento typ webov\u00fdch str\u00e1nek je skv\u011bl\u00fd pro lidi, kte\u0159\u00ed se cht\u011bj\u00ed jen bavit a nemus\u00ed se starat o to, aby se dostali do vztahu. Druh\u00fdm typem webov\u00fdch str\u00e1nek p\u0159\u00e1tel s&#8230;<a class=\"read-more-link button\" href=\"https:\/\/theyoungmessiah.com\/cs\/pratele-s-vyhodami-webove-stranky\/\">Read more<\/a><\/p>\n","protected":false},"author":1,"featured_media":0,"parent":0,"menu_order":0,"comment_status":"closed","ping_status":"closed","template":"","meta":[],"yoast_head":"<!-- This site is optimized with the Yoast SEO plugin v17.7.1 - https:\/\/yoast.com\/wordpress\/plugins\/seo\/ -->\n<title>P\u0159\u00e1tel\u00e9 s v\u00fdhodami Webov\u00e9 str\u00e1nky - Online Adult Dating<\/title>\n<meta name=\"robots\" content=\"index, follow, max-snippet:-1, max-image-preview:large, max-video-preview:-1\" \/>\n<link rel=\"canonical\" href=\"https:\/\/theyoungmessiah.com\/cs\/pratele-s-vyhodami-webove-stranky\/\" \/>\n<meta property=\"og:locale\" content=\"cs_CZ\" \/>\n<meta property=\"og:type\" content=\"article\" \/>\n<meta property=\"og:title\" content=\"P\u0159\u00e1tel\u00e9 s v\u00fdhodami Webov\u00e9 str\u00e1nky - Online Adult Dating\" \/>\n<meta property=\"og:description\" content=\"Existuje n\u011bkolik r\u016fzn\u00fdch typ\u016f p\u0159\u00e1tel s v\u00fdhodami webov\u00fdch str\u00e1nek. Prvn\u00ed typ je m\u00edsto, kde m\u016f\u017eete naj\u00edt lidi, se kter\u00fdmi se m\u016f\u017eete spojit bez p\u0159ipojen\u00fdch nit\u00ed. Tento typ webov\u00fdch str\u00e1nek je skv\u011bl\u00fd pro lidi, kte\u0159\u00ed se cht\u011bj\u00ed jen bavit a nemus\u00ed se starat o to, aby se dostali do vztahu. Druh\u00fdm typem webov\u00fdch str\u00e1nek p\u0159\u00e1tel s...Read more\" \/>\n<meta property=\"og:url\" content=\"https:\/\/theyoungmessiah.com\/cs\/pratele-s-vyhodami-webove-stranky\/\" \/>\n<meta property=\"og:site_name\" content=\"Online Adult Dating\" \/>\n<meta name=\"twitter:card\" content=\"summary_large_image\" \/>\n<meta name=\"twitter:label1\" content=\"Odhadovan\u00e1 doba \u010dten\u00ed\" \/>\n\t<meta name=\"twitter:data1\" content=\"4 minuty\" \/>\n<script type=\"application\/ld+json\" class=\"yoast-schema-graph\">{\"@context\":\"https:\/\/schema.org\",\"@graph\":[{\"@type\":\"WebSite\",\"@id\":\"https:\/\/theyoungmessiah.com\/cs\/#website\",\"url\":\"https:\/\/theyoungmessiah.com\/cs\/\",\"name\":\"Online Adult Dating\",\"description\":\"Local Sex Hookups\",\"potentialAction\":[{\"@type\":\"SearchAction\",\"target\":{\"@type\":\"EntryPoint\",\"urlTemplate\":\"https:\/\/theyoungmessiah.com\/cs\/?s={search_term_string}\"},\"query-input\":\"required name=search_term_string\"}],\"inLanguage\":\"cs\"},{\"@type\":\"WebPage\",\"@id\":\"https:\/\/theyoungmessiah.com\/cs\/pratele-s-vyhodami-webove-stranky\/#webpage\",\"url\":\"https:\/\/theyoungmessiah.com\/cs\/pratele-s-vyhodami-webove-stranky\/\",\"name\":\"P\\u0159\\u00e1tel\\u00e9 s v\\u00fdhodami Webov\\u00e9 str\\u00e1nky - Online Adult Dating\",\"isPartOf\":{\"@id\":\"https:\/\/theyoungmessiah.com\/cs\/#website\"},\"datePublished\":\"2022-10-12T12:53:06+00:00\",\"dateModified\":\"2022-10-12T12:53:06+00:00\",\"breadcrumb\":{\"@id\":\"https:\/\/theyoungmessiah.com\/cs\/pratele-s-vyhodami-webove-stranky\/#breadcrumb\"},\"inLanguage\":\"cs\",\"potentialAction\":[{\"@type\":\"ReadAction\",\"target\":[\"https:\/\/theyoungmessiah.com\/cs\/pratele-s-vyhodami-webove-stranky\/\"]}]},{\"@type\":\"BreadcrumbList\",\"@id\":\"https:\/\/theyoungmessiah.com\/cs\/pratele-s-vyhodami-webove-stranky\/#breadcrumb\",\"itemListElement\":[{\"@type\":\"ListItem\",\"position\":1,\"name\":\"Home\",\"item\":\"https:\/\/theyoungmessiah.com\/cs\/\"},{\"@type\":\"ListItem\",\"position\":2,\"name\":\"P\\u0159\\u00e1tel\\u00e9 s v\\u00fdhodami Webov\\u00e9 str\\u00e1nky\"}]}]}<\/script>\n<!-- \/ Yoast SEO plugin. -->","yoast_head_json":{"title":"P\u0159\u00e1tel\u00e9 s v\u00fdhodami Webov\u00e9 str\u00e1nky - Online Adult Dating","robots":{"index":"index","follow":"follow","max-snippet":"max-snippet:-1","max-image-preview":"max-image-preview:large","max-video-preview":"max-video-preview:-1"},"canonical":"https:\/\/theyoungmessiah.com\/cs\/pratele-s-vyhodami-webove-stranky\/","og_locale":"cs_CZ","og_type":"article","og_title":"P\u0159\u00e1tel\u00e9 s v\u00fdhodami Webov\u00e9 str\u00e1nky - Online Adult Dating","og_description":"Existuje n\u011bkolik r\u016fzn\u00fdch typ\u016f p\u0159\u00e1tel s v\u00fdhodami webov\u00fdch str\u00e1nek. Prvn\u00ed typ je m\u00edsto, kde m\u016f\u017eete naj\u00edt lidi, se kter\u00fdmi se m\u016f\u017eete spojit bez p\u0159ipojen\u00fdch nit\u00ed. Tento typ webov\u00fdch str\u00e1nek je skv\u011bl\u00fd pro lidi, kte\u0159\u00ed se cht\u011bj\u00ed jen bavit a nemus\u00ed se starat o to, aby se dostali do vztahu. Druh\u00fdm typem webov\u00fdch str\u00e1nek p\u0159\u00e1tel s...Read more","og_url":"https:\/\/theyoungmessiah.com\/cs\/pratele-s-vyhodami-webove-stranky\/","og_site_name":"Online Adult Dating","twitter_card":"summary_large_image","twitter_misc":{"Odhadovan\u00e1 doba \u010dten\u00ed":"4 minuty"},"schema":{"@context":"https:\/\/schema.org","@graph":[{"@type":"WebSite","@id":"https:\/\/theyoungmessiah.com\/cs\/#website","url":"https:\/\/theyoungmessiah.com\/cs\/","name":"Online Adult Dating","description":"Local Sex Hookups","potentialAction":[{"@type":"SearchAction","target":{"@type":"EntryPoint","urlTemplate":"https:\/\/theyoungmessiah.com\/cs\/?s={search_term_string}"},"query-input":"required name=search_term_string"}],"inLanguage":"cs"},{"@type":"WebPage","@id":"https:\/\/theyoungmessiah.com\/cs\/pratele-s-vyhodami-webove-stranky\/#webpage","url":"https:\/\/theyoungmessiah.com\/cs\/pratele-s-vyhodami-webove-stranky\/","name":"P\u0159\u00e1tel\u00e9 s v\u00fdhodami Webov\u00e9 str\u00e1nky - Online Adult Dating","isPartOf":{"@id":"https:\/\/theyoungmessiah.com\/cs\/#website"},"datePublished":"2022-10-12T12:53:06+00:00","dateModified":"2022-10-12T12:53:06+00:00","breadcrumb":{"@id":"https:\/\/theyoungmessiah.com\/cs\/pratele-s-vyhodami-webove-stranky\/#breadcrumb"},"inLanguage":"cs","potentialAction":[{"@type":"ReadAction","target":["https:\/\/theyoungmessiah.com\/cs\/pratele-s-vyhodami-webove-stranky\/"]}]},{"@type":"BreadcrumbList","@id":"https:\/\/theyoungmessiah.com\/cs\/pratele-s-vyhodami-webove-stranky\/#breadcrumb","itemListElement":[{"@type":"ListItem","position":1,"name":"Home","item":"https:\/\/theyoungmessiah.com\/cs\/"},{"@type":"ListItem","position":2,"name":"P\u0159\u00e1tel\u00e9 s v\u00fdhodami Webov\u00e9 str\u00e1nky"}]}]}},"_links":{"self":[{"href":"https:\/\/theyoungmessiah.com\/cs\/wp-json\/wp\/v2\/pages\/171"}],"collection":[{"href":"https:\/\/theyoungmessiah.com\/cs\/wp-json\/wp\/v2\/pages"}],"about":[{"href":"https:\/\/theyoungmessiah.com\/cs\/wp-json\/wp\/v2\/types\/page"}],"author":[{"embeddable":true,"href":"https:\/\/theyoungmessiah.com\/cs\/wp-json\/wp\/v2\/users\/1"}],"replies":[{"embeddable":true,"href":"https:\/\/theyoungmessiah.com\/cs\/wp-json\/wp\/v2\/comments?post=171"}],"version-history":[{"count":0,"href":"https:\/\/theyoungmessiah.com\/cs\/wp-json\/wp\/v2\/pages\/171\/revisions"}],"wp:attachment":[{"href":"https:\/\/theyoungmessiah.com\/cs\/wp-json\/wp\/v2\/media?parent=171"}],"curies":[{"name":"wp","href":"https:\/\/api.w.org\/{rel}","templated":true}]}}