{"id":175,"date":"2022-10-12T13:59:19","date_gmt":"2022-10-12T12:59:19","guid":{"rendered":"http:\/\/theyoungmessiah.com\/kink-seznamka\/"},"modified":"2022-10-12T13:59:19","modified_gmt":"2022-10-12T12:59:19","slug":"kink-seznamka","status":"publish","type":"page","link":"https:\/\/theyoungmessiah.com\/cs\/kink-seznamka\/","title":{"rendered":"Kink Seznamka"},"content":{"rendered":"<p>Existuje cel\u00e1 \u0159ada zlomov\u00fdch seznamovac\u00edch str\u00e1nek, kter\u00e9 jsou k dispozici pro lidi, kte\u0159\u00ed maj\u00ed z\u00e1jem o prozkoum\u00e1n\u00ed sv\u00fdch sexu\u00e1ln\u00edch feti\u0161\u016f a zlom\u016f. Tyto str\u00e1nky poskytuj\u00ed bezpe\u010dn\u00e9 a pohodln\u00e9 prost\u0159ed\u00ed pro lidi, aby se spojili s ostatn\u00edmi, kte\u0159\u00ed sd\u00edlej\u00ed podobn\u00e9 z\u00e1jmy. Kink seznamovac\u00ed str\u00e1nky mohou b\u00fdt skv\u011bl\u00fd zp\u016fsob, jak se setkat s nov\u00fdmi lidmi a prozkoumat svou sexualitu bezpe\u010dn\u00fdm a konsensu\u00e1ln\u00edm zp\u016fsobem.<\/p>\n<h2>M\u00edstn\u00ed BDSM p\u0159ipojen\u00ed<\/h2>\n<p>Pokud hled\u00e1te m\u00edstn\u00ed BDSM p\u0159ipojen\u00ed, pak existuje n\u011bkolik v\u011bc\u00ed, kter\u00e9 byste m\u011bli m\u00edt na pam\u011bti. Za prv\u00e9, je d\u016fle\u017eit\u00e9 naj\u00edt skupinu nebo komunitu, se kterou jste spokojeni. Existuje mnoho r\u016fzn\u00fdch skupin BDSM, tak\u017ee je d\u016fle\u017eit\u00e9 naj\u00edt jednu, se kterou se hod\u00edte. Jakmile najdete skupinu, dal\u0161\u00edm krokem je naj\u00edt n\u011bkoho, s k\u00fdm jste kompatibiln\u00ed. To lze prov\u00e9st \u00fa\u010dast\u00ed na ud\u00e1lostech nebo setk\u00e1n\u00edm s lidmi online. Jakmile n\u011bkoho najdete, je d\u016fle\u017eit\u00e9 komunikovat a ujistit se, \u017ee jste oba na stejn\u00e9 str\u00e1nce. BDSM m\u016f\u017ee b\u00fdt spousta legrace, ale je d\u016fle\u017eit\u00e9 se ujistit, \u017ee v\u0161ichni jsou pohodln\u00ed a v bezpe\u010d\u00ed.<\/p>\n<p>Existuje spousta bondage seznamovac\u00edch str\u00e1nek, kter\u00e9 se staraj\u00ed o ty, kte\u0159\u00ed jsou do BDSM a kinkier sex play. M\u016f\u017eete hledat m\u00edstn\u00ed \u010dleny, kte\u0159\u00ed se zaj\u00edmaj\u00ed o stejn\u00e9 v\u011bci jako vy a kte\u0159\u00ed \u017eij\u00ed pobl\u00ed\u017e. D\u00edky tomu je snadn\u00e9 se setkat se pro n\u011bjakou v\u00fdst\u0159edn\u00ed z\u00e1bavu. Mnoho z t\u011bchto web\u016f m\u00e1 bezplatn\u00e9 \u010dlenstv\u00ed, tak\u017ee si je m\u016f\u017eete vyzkou\u0161et, ne\u017e se k n\u011b\u010demu zav\u00e1\u017eete. Jen se ujist\u011bte, \u017ee jste si nejprve p\u0159e\u010detli recenze, abyste zjistili, co si ostatn\u00ed lid\u00e9 mysleli o sv\u00fdch zku\u0161enostech.<\/p>\n<h2>Zdarma Kinky Personals<\/h2>\n<p>Existuje spousta v\u00fdst\u0159edn\u00edch osobn\u00edch str\u00e1nek online a v\u0161echny jsou zdarma k pou\u017eit\u00ed. Ve va\u0161\u00ed oblasti najdete v\u00fdst\u0159edn\u00ed singles, kte\u0159\u00ed jsou do v\u0161ech druh\u016f zlom\u016f a feti\u0161\u016f. A\u0165 u\u017e jste do BDSM, feti\u0161e nohou nebo cokoli jin\u00e9ho, budete moci naj\u00edt n\u011bkoho, kdo sd\u00edl\u00ed va\u0161e z\u00e1jmy na v\u00fdst\u0159edn\u00edm osobn\u00edm webu.<\/p>\n<h3>AdultFriendFinder<\/h3>\n<p>AdultFriendFinder je jednou z nejpopul\u00e1rn\u011bj\u0161\u00edch seznamovac\u00edch aplikac\u00ed pro kinkstery. M\u00e1 velkou u\u017eivatelskou z\u00e1kladnu a je velmi popul\u00e1rn\u00ed v komunit\u011b zlom\u016f. Aplikace se snadno pou\u017e\u00edv\u00e1 a m\u00e1 mnoho funkc\u00ed. U\u017eivatele m\u016f\u017eete vyhled\u00e1vat podle lokality, v\u011bku, pohlav\u00ed a z\u00e1jm\u016f. Aplikace m\u00e1 tak\u00e9 funkci zas\u00edl\u00e1n\u00ed zpr\u00e1v, tak\u017ee m\u016f\u017eete komunikovat s ostatn\u00edmi u\u017eivateli. Aplikace je zdarma k pou\u017eit\u00ed, ale pokud chcete z\u00edskat p\u0159\u00edstup k dal\u0161\u00edm funkc\u00edm, existuje mo\u017enost placen\u00e9ho p\u0159edplatn\u00e9ho.<\/p>\n<h3>Rubmapy<\/h3>\n<p>Rubmaps je nov\u00e1 seznamovac\u00ed aplikace, kter\u00e1 se star\u00e1 o kinkstery i fetstery. Je to jednoduch\u00fd koncept: u\u017eivatel\u00e9 si vytvo\u0159\u00ed profil a pak proch\u00e1zej\u00ed potenci\u00e1ln\u00ed shody a pos\u00edlaj\u00ed zpr\u00e1vy t\u011bm, o kter\u00e9 maj\u00ed z\u00e1jem. Aplikace je zdarma ke sta\u017een\u00ed a pou\u017eit\u00ed a neexistuj\u00ed \u017e\u00e1dn\u00e9 reklamy. K dispozici je v\u0161ak pr\u00e9miov\u00e9 p\u0159edplatn\u00e9, kter\u00e9 odemkne dal\u0161\u00ed funkce, jako je neomezen\u00e9 zas\u00edl\u00e1n\u00ed zpr\u00e1v a mo\u017enost zjistit, kdo si prohl\u00ed\u017eel v\u00e1\u0161 profil. A\u0165 u\u017e hled\u00e1te v\u00fdst\u0159edn\u00ed p\u0159ipojen\u00ed nebo dlouhodob\u00fd vztah BDSM, Rubmaps stoj\u00ed za to se pod\u00edvat.<\/p>\n<h3>CharmDate<\/h3>\n<p>Pokud hled\u00e1te seznamku, kter\u00e1 je z\u00e1bavn\u00e1 a snadno pou\u017eiteln\u00e1, budete se cht\u00edt pod\u00edvat na CharmDate. Aplikace m\u00e1 \u010dist\u00e9 a modern\u00ed rozhran\u00ed, d\u00edky kter\u00e9mu je hled\u00e1n\u00ed a chatov\u00e1n\u00ed s potenci\u00e1ln\u00edmi z\u00e1pasy hra\u010dkou. Rozs\u00e1hl\u00e9 mo\u017enosti vyhled\u00e1v\u00e1n\u00ed a filtrov\u00e1n\u00ed webu nav\u00edc usnad\u0148uj\u00ed nalezen\u00ed n\u011bkoho, kdo spl\u0148uje va\u0161e specifick\u00e9 pot\u0159eby zlomu a vztah\u016f.<\/p>\n<p>Jednou z nev\u00fdhod CharmDate je v\u0161ak to, \u017ee to nen\u00ed nejdostupn\u011bj\u0161\u00ed volba. Pokud jste v\u0161ak ochotni zaplatit za pr\u00e9miov\u00e9 \u010dlenstv\u00ed, z\u00edsk\u00e1te p\u0159\u00edstup k \u0159ad\u011b funkc\u00ed, d\u00edky nim\u017e web stoj\u00ed za cenu, v\u010detn\u011b neomezen\u00e9ho zas\u00edl\u00e1n\u00ed zpr\u00e1v, pokro\u010dil\u00fdch mo\u017enost\u00ed vyhled\u00e1v\u00e1n\u00ed a mo\u017enosti prohl\u00ed\u017een\u00ed fotografi\u00ed a vide\u00ed.<\/p>\n<h3>BBWCupid<\/h3>\n<p>BBWCupid je skv\u011bl\u00e1 seznamovac\u00ed aplikace pro plus-size singles nebo z\u00e1jemce o plus-size partnery. Aplikace se snadno pou\u017e\u00edv\u00e1 a m\u00e1 spoustu skv\u011bl\u00fdch funkc\u00ed, jako jsou vyhled\u00e1vac\u00ed filtry a zpr\u00e1vy. Jedinou nev\u00fdhodou je, \u017ee nem\u00e1 p\u0159\u00edli\u0161 velkou u\u017eivatelskou z\u00e1kladnu, tak\u017ee mo\u017en\u00e1 nenajdete tolik potenci\u00e1ln\u00edch shod, jako byste na\u0161li v popul\u00e1rn\u011bj\u0161\u00ed aplikaci. Pokud v\u0161ak konkr\u00e9tn\u011b hled\u00e1te partnera pro plus-size, BBWCupid rozhodn\u011b stoj\u00ed za vyzkou\u0161en\u00ed!<\/p>\n","protected":false},"excerpt":{"rendered":"<p>Existuje cel\u00e1 \u0159ada zlomov\u00fdch seznamovac\u00edch str\u00e1nek, kter\u00e9 jsou k dispozici pro lidi, kte\u0159\u00ed maj\u00ed z\u00e1jem o prozkoum\u00e1n\u00ed sv\u00fdch sexu\u00e1ln\u00edch feti\u0161\u016f a zlom\u016f. Tyto str\u00e1nky poskytuj\u00ed bezpe\u010dn\u00e9 a pohodln\u00e9 prost\u0159ed\u00ed pro lidi, aby se spojili s ostatn\u00edmi, kte\u0159\u00ed sd\u00edlej\u00ed podobn\u00e9 z\u00e1jmy. Kink seznamovac\u00ed str\u00e1nky mohou b\u00fdt skv\u011bl\u00fd zp\u016fsob, jak se setkat s nov\u00fdmi lidmi a prozkoumat&#8230;<a class=\"read-more-link button\" href=\"https:\/\/theyoungmessiah.com\/cs\/kink-seznamka\/\">Read more<\/a><\/p>\n","protected":false},"author":1,"featured_media":0,"parent":0,"menu_order":0,"comment_status":"closed","ping_status":"closed","template":"","meta":[],"yoast_head":"<!-- This site is optimized with the Yoast SEO plugin v17.7.1 - https:\/\/yoast.com\/wordpress\/plugins\/seo\/ -->\n<title>Kink Seznamka - Online Adult Dating<\/title>\n<meta name=\"robots\" content=\"index, follow, max-snippet:-1, max-image-preview:large, max-video-preview:-1\" \/>\n<link rel=\"canonical\" href=\"https:\/\/theyoungmessiah.com\/cs\/kink-seznamka\/\" \/>\n<meta property=\"og:locale\" content=\"cs_CZ\" \/>\n<meta property=\"og:type\" content=\"article\" \/>\n<meta property=\"og:title\" content=\"Kink Seznamka - Online Adult Dating\" \/>\n<meta property=\"og:description\" content=\"Existuje cel\u00e1 \u0159ada zlomov\u00fdch seznamovac\u00edch str\u00e1nek, kter\u00e9 jsou k dispozici pro lidi, kte\u0159\u00ed maj\u00ed z\u00e1jem o prozkoum\u00e1n\u00ed sv\u00fdch sexu\u00e1ln\u00edch feti\u0161\u016f a zlom\u016f. Tyto str\u00e1nky poskytuj\u00ed bezpe\u010dn\u00e9 a pohodln\u00e9 prost\u0159ed\u00ed pro lidi, aby se spojili s ostatn\u00edmi, kte\u0159\u00ed sd\u00edlej\u00ed podobn\u00e9 z\u00e1jmy. Kink seznamovac\u00ed str\u00e1nky mohou b\u00fdt skv\u011bl\u00fd zp\u016fsob, jak se setkat s nov\u00fdmi lidmi a prozkoumat...Read more\" \/>\n<meta property=\"og:url\" content=\"https:\/\/theyoungmessiah.com\/cs\/kink-seznamka\/\" \/>\n<meta property=\"og:site_name\" content=\"Online Adult Dating\" \/>\n<meta name=\"twitter:card\" content=\"summary_large_image\" \/>\n<meta name=\"twitter:label1\" content=\"Odhadovan\u00e1 doba \u010dten\u00ed\" \/>\n\t<meta name=\"twitter:data1\" content=\"4 minuty\" \/>\n<script type=\"application\/ld+json\" class=\"yoast-schema-graph\">{\"@context\":\"https:\/\/schema.org\",\"@graph\":[{\"@type\":\"WebSite\",\"@id\":\"https:\/\/theyoungmessiah.com\/cs\/#website\",\"url\":\"https:\/\/theyoungmessiah.com\/cs\/\",\"name\":\"Online Adult Dating\",\"description\":\"Local Sex Hookups\",\"potentialAction\":[{\"@type\":\"SearchAction\",\"target\":{\"@type\":\"EntryPoint\",\"urlTemplate\":\"https:\/\/theyoungmessiah.com\/cs\/?s={search_term_string}\"},\"query-input\":\"required name=search_term_string\"}],\"inLanguage\":\"cs\"},{\"@type\":\"WebPage\",\"@id\":\"https:\/\/theyoungmessiah.com\/cs\/kink-seznamka\/#webpage\",\"url\":\"https:\/\/theyoungmessiah.com\/cs\/kink-seznamka\/\",\"name\":\"Kink Seznamka - Online Adult Dating\",\"isPartOf\":{\"@id\":\"https:\/\/theyoungmessiah.com\/cs\/#website\"},\"datePublished\":\"2022-10-12T12:59:19+00:00\",\"dateModified\":\"2022-10-12T12:59:19+00:00\",\"breadcrumb\":{\"@id\":\"https:\/\/theyoungmessiah.com\/cs\/kink-seznamka\/#breadcrumb\"},\"inLanguage\":\"cs\",\"potentialAction\":[{\"@type\":\"ReadAction\",\"target\":[\"https:\/\/theyoungmessiah.com\/cs\/kink-seznamka\/\"]}]},{\"@type\":\"BreadcrumbList\",\"@id\":\"https:\/\/theyoungmessiah.com\/cs\/kink-seznamka\/#breadcrumb\",\"itemListElement\":[{\"@type\":\"ListItem\",\"position\":1,\"name\":\"Home\",\"item\":\"https:\/\/theyoungmessiah.com\/cs\/\"},{\"@type\":\"ListItem\",\"position\":2,\"name\":\"Kink Seznamka\"}]}]}<\/script>\n<!-- \/ Yoast SEO plugin. -->","yoast_head_json":{"title":"Kink Seznamka - Online Adult Dating","robots":{"index":"index","follow":"follow","max-snippet":"max-snippet:-1","max-image-preview":"max-image-preview:large","max-video-preview":"max-video-preview:-1"},"canonical":"https:\/\/theyoungmessiah.com\/cs\/kink-seznamka\/","og_locale":"cs_CZ","og_type":"article","og_title":"Kink Seznamka - Online Adult Dating","og_description":"Existuje cel\u00e1 \u0159ada zlomov\u00fdch seznamovac\u00edch str\u00e1nek, kter\u00e9 jsou k dispozici pro lidi, kte\u0159\u00ed maj\u00ed z\u00e1jem o prozkoum\u00e1n\u00ed sv\u00fdch sexu\u00e1ln\u00edch feti\u0161\u016f a zlom\u016f. Tyto str\u00e1nky poskytuj\u00ed bezpe\u010dn\u00e9 a pohodln\u00e9 prost\u0159ed\u00ed pro lidi, aby se spojili s ostatn\u00edmi, kte\u0159\u00ed sd\u00edlej\u00ed podobn\u00e9 z\u00e1jmy. Kink seznamovac\u00ed str\u00e1nky mohou b\u00fdt skv\u011bl\u00fd zp\u016fsob, jak se setkat s nov\u00fdmi lidmi a prozkoumat...Read more","og_url":"https:\/\/theyoungmessiah.com\/cs\/kink-seznamka\/","og_site_name":"Online Adult Dating","twitter_card":"summary_large_image","twitter_misc":{"Odhadovan\u00e1 doba \u010dten\u00ed":"4 minuty"},"schema":{"@context":"https:\/\/schema.org","@graph":[{"@type":"WebSite","@id":"https:\/\/theyoungmessiah.com\/cs\/#website","url":"https:\/\/theyoungmessiah.com\/cs\/","name":"Online Adult Dating","description":"Local Sex Hookups","potentialAction":[{"@type":"SearchAction","target":{"@type":"EntryPoint","urlTemplate":"https:\/\/theyoungmessiah.com\/cs\/?s={search_term_string}"},"query-input":"required name=search_term_string"}],"inLanguage":"cs"},{"@type":"WebPage","@id":"https:\/\/theyoungmessiah.com\/cs\/kink-seznamka\/#webpage","url":"https:\/\/theyoungmessiah.com\/cs\/kink-seznamka\/","name":"Kink Seznamka - Online Adult Dating","isPartOf":{"@id":"https:\/\/theyoungmessiah.com\/cs\/#website"},"datePublished":"2022-10-12T12:59:19+00:00","dateModified":"2022-10-12T12:59:19+00:00","breadcrumb":{"@id":"https:\/\/theyoungmessiah.com\/cs\/kink-seznamka\/#breadcrumb"},"inLanguage":"cs","potentialAction":[{"@type":"ReadAction","target":["https:\/\/theyoungmessiah.com\/cs\/kink-seznamka\/"]}]},{"@type":"BreadcrumbList","@id":"https:\/\/theyoungmessiah.com\/cs\/kink-seznamka\/#breadcrumb","itemListElement":[{"@type":"ListItem","position":1,"name":"Home","item":"https:\/\/theyoungmessiah.com\/cs\/"},{"@type":"ListItem","position":2,"name":"Kink Seznamka"}]}]}},"_links":{"self":[{"href":"https:\/\/theyoungmessiah.com\/cs\/wp-json\/wp\/v2\/pages\/175"}],"collection":[{"href":"https:\/\/theyoungmessiah.com\/cs\/wp-json\/wp\/v2\/pages"}],"about":[{"href":"https:\/\/theyoungmessiah.com\/cs\/wp-json\/wp\/v2\/types\/page"}],"author":[{"embeddable":true,"href":"https:\/\/theyoungmessiah.com\/cs\/wp-json\/wp\/v2\/users\/1"}],"replies":[{"embeddable":true,"href":"https:\/\/theyoungmessiah.com\/cs\/wp-json\/wp\/v2\/comments?post=175"}],"version-history":[{"count":0,"href":"https:\/\/theyoungmessiah.com\/cs\/wp-json\/wp\/v2\/pages\/175\/revisions"}],"wp:attachment":[{"href":"https:\/\/theyoungmessiah.com\/cs\/wp-json\/wp\/v2\/media?parent=175"}],"curies":[{"name":"wp","href":"https:\/\/api.w.org\/{rel}","templated":true}]}}