{"id":196,"date":"2022-10-12T13:52:44","date_gmt":"2022-10-12T12:52:44","guid":{"rendered":"http:\/\/theyoungmessiah.com\/ebenove-pripojky\/"},"modified":"2022-10-12T13:52:44","modified_gmt":"2022-10-12T12:52:44","slug":"ebenove-pripojky","status":"publish","type":"page","link":"https:\/\/theyoungmessiah.com\/cs\/ebenove-pripojky\/","title":{"rendered":"Ebenov\u00e9 p\u0159\u00edpojky"},"content":{"rendered":"<p>Existuje cel\u00e1 \u0159ada bezplatn\u00fdch \u010dern\u00fdch <a href=\"http:\/\/theyoungmessiah.com\/senior-dating-apps\/\">str\u00e1nek pro p\u0159ipojen\u00ed, kter\u00e9 jsou k dispozici online<\/a>. Tyto webov\u00e9 str\u00e1nky poskytuj\u00ed platformu pro \u010dern\u00e9 nezadan\u00e9, aby se spojili a spojili s podobn\u011b sm\u00fd\u0161lej\u00edc\u00edmi jednotlivci. Webov\u00e9 str\u00e1nky se snadno pou\u017e\u00edvaj\u00ed a umo\u017e\u0148uj\u00ed u\u017eivatel\u016fm vytvo\u0159it si profil a proch\u00e1zet profily ostatn\u00edch \u010dlen\u016f. N\u011bkter\u00e9 z popul\u00e1rn\u00edch bezplatn\u00fdch str\u00e1nek s \u010dern\u00fdm p\u0159ipojen\u00edm zahrnuj\u00ed BlackPeopleMeet a BlackSingles.<\/p>\n<h2>Black Free Seznamovac\u00ed aplikace<\/h2>\n<p>Na internetu je k dispozici mnoho \u010dern\u00fdch bezplatn\u00fdch seznamovac\u00edch aplikac\u00ed. Jedn\u00edm z nejpopul\u00e1rn\u011bj\u0161\u00edch je Tinder. Tinder umo\u017e\u0148uje u\u017eivatel\u016fm p\u0159ejet prstem doprava, pokud maj\u00ed z\u00e1jem o osobu, na kterou se d\u00edvaj\u00ed, a doleva, pokud nejsou. Pokud oba u\u017eivatel\u00e9 p\u0159ejednou prstem doprava na sebe, pak se shoduj\u00ed a mohou za\u010d\u00edt chatovat. Tinder je obl\u00edbenou volbou pro \u010derno\u0161sk\u00e9 singles, proto\u017ee je to jedna z nejv\u00edce u\u017eivatelsky p\u0159\u00edv\u011btiv\u00fdch a p\u0159\u00edmo\u010dar\u00fdch seznamovac\u00edch aplikac\u00ed, kter\u00e9 jsou k dispozici. Dal\u0161\u00ed popul\u00e1rn\u00ed \u010dern\u00e1 bezplatn\u00e1 seznamovac\u00ed aplikace je Spousta ryb. Tato aplikace umo\u017e\u0148uje u\u017eivatel\u016fm vytvo\u0159it si profil a proch\u00e1zet potenci\u00e1ln\u00ed shody. U\u017eivatel\u00e9 si mohou navz\u00e1jem pos\u00edlat zpr\u00e1vy a nastavit data, pokud maj\u00ed z\u00e1jem. Spousta ryb je skv\u011blou volbou pro \u010dern\u00e9 nezadan\u00e9, kte\u0159\u00ed hledaj\u00ed v\u00e1\u017en\u011bj\u0161\u00ed vztah.<\/p>\n<p>Pokud hled\u00e1te ebenov\u00e9 p\u0159\u00edpojky, pak online datov\u00e1n\u00ed je zp\u016fsob, jak j\u00edt. Ebenov\u00e9 singles m\u016f\u017eete naj\u00edt na seznamovac\u00edch webech a aplikac\u00edch, kter\u00e9 se staraj\u00ed o \u010derno\u0161sk\u00e9 nezadan\u00e9, a m\u016f\u017eete s nimi pos\u00edlat zpr\u00e1vy a chatovat, abyste je l\u00e9pe poznali. Jakmile najdete n\u011bkoho, o koho m\u00e1te z\u00e1jem, m\u016f\u017eete se domluvit na osobn\u00edm setk\u00e1n\u00ed, abyste zjistili, zda je jiskra. Pokud se oba zaj\u00edm\u00e1te o sebe, m\u016f\u017eete v\u011bci posunout na dal\u0161\u00ed \u00farove\u0148 a za\u010d\u00edt vztah. Online seznamov\u00e1n\u00ed usnad\u0148uje nalezen\u00ed ebenov\u00fdch p\u0159\u00edpojek, tak pro\u010d to nezkusit?<\/p>\n<h2>Rande s ebenovou d\u00e1mou<\/h2>\n<p>Pokud hled\u00e1te rande s ebenovou d\u00e1mou, je n\u011bkolik v\u011bc\u00ed, kter\u00e9 byste m\u011bli m\u00edt na pam\u011bti. Za prv\u00e9, ebenov\u00e9 d\u00e1my jsou obvykle velmi sebev\u011bdom\u00e9 a nez\u00e1visl\u00e9, tak\u017ee s t\u00edm budete muset b\u00fdt spokojeni. Za druh\u00e9, \u010dasto jsou p\u0159itahov\u00e1ni k mu\u017e\u016fm, kte\u0159\u00ed jsou \u00fasp\u011b\u0161n\u00ed a ambici\u00f3zn\u00ed, tak\u017ee je d\u016fle\u017eit\u00e9 j\u00ed uk\u00e1zat, \u017ee jste poh\u00e1n\u011bni a m\u00e1te c\u00edle. Kone\u010dn\u011b, ebenov\u00e9 d\u00e1my \u010dasto d\u00e1vaj\u00ed p\u0159ednost mu\u017e\u016fm, kte\u0159\u00ed jsou vysoc\u00ed a svalnat\u00ed, tak\u017ee je d\u016fle\u017eit\u00e9 p\u0159edv\u00e9st sv\u00e9 nejlep\u0161\u00ed fyzick\u00e9 vlastnosti. S ohledem na tyto tipy budete na dobr\u00e9 cest\u011b zap\u016fsobit na ebenovou d\u00e1mu va\u0161ich sn\u016f.<\/p>\n<h3>Lovoo<\/h3>\n<p>Lovoo je bezplatn\u00e1 \u010dern\u00e1 str\u00e1nka, kter\u00e1 v\u00e1m umo\u017en\u00ed naj\u00edt \u010dern\u00e9 singly ve va\u0161\u00ed oblasti. Str\u00e1nka m\u00e1 velkou datab\u00e1zi \u010dern\u00fdch singl\u016f a pomoc\u00ed funkce vyhled\u00e1v\u00e1n\u00ed m\u016f\u017eete naj\u00edt \u010dern\u00e9 singly, kter\u00e9 odpov\u00eddaj\u00ed va\u0161im krit\u00e9ri\u00edm. Str\u00e1nka m\u00e1 tak\u00e9 funkci chatu, tak\u017ee m\u016f\u017eete chatovat s \u010dern\u00fdmi nezadan\u00fdmi, o kter\u00e9 m\u00e1te z\u00e1jem. Str\u00e1nka m\u00e1 tak\u00e9 funkci videa, tak\u017ee m\u016f\u017eete sledovat \u010dern\u00e9 singly, kter\u00e9 v\u00e1s zaj\u00edmaj\u00ed. Str\u00e1nka m\u00e1 tak\u00e9 funkci blogu, tak\u017ee si m\u016f\u017eete p\u0159e\u010d\u00edst \u010dern\u00e9 singly, kter\u00e9 v\u00e1s zaj\u00edmaj\u00ed. Str\u00e1nka m\u00e1 tak\u00e9 funkci f\u00f3ra, tak\u017ee m\u016f\u017eete diskutovat o \u010dern\u00fdch singlech, kter\u00e9 v\u00e1s zaj\u00edmaj\u00ed.<\/p>\n<h3>TinderMeets<\/h3>\n<p>Pokud hled\u00e1te bezplatn\u00fd \u010dern\u00fd web pro p\u0159ipojen\u00ed, TinderMeets je skv\u011bl\u00e1 volba. Str\u00e1nka m\u00e1 \u010dist\u00e9, u\u017eivatelsky p\u0159\u00edv\u011btiv\u00e9 rozhran\u00ed a nab\u00edz\u00ed \u0161irokou \u0161k\u00e1lu funkc\u00ed, kter\u00e9 v\u00e1m pomohou naj\u00edt shodu. M\u016f\u017eete vyhled\u00e1vat shody podle m\u00edsta, v\u011bku a z\u00e1jm\u016f a zobrazit profily r\u016fzn\u00fdmi zp\u016fsoby. Str\u00e1nka m\u00e1 tak\u00e9 syst\u00e9m zas\u00edl\u00e1n\u00ed zpr\u00e1v, tak\u017ee se m\u016f\u017eete sezn\u00e1mit s potenci\u00e1ln\u00edmi shodami p\u0159ed osobn\u00edm setk\u00e1n\u00edm.<\/p>\n<p>Celkov\u011b je TinderMeets skv\u011blou volbou pro nalezen\u00ed bezplatn\u00e9ho \u010dern\u00e9ho p\u0159ipojen\u00ed. Str\u00e1nka se snadno pou\u017e\u00edv\u00e1 a m\u00e1 mnoho funkc\u00ed, kter\u00e9 v\u00e1m pomohou naj\u00edt shodu. Jedinou nev\u00fdhodou je, \u017ee web nem\u00e1 mnoho \u010dlen\u016f, tak\u017ee mo\u017en\u00e1 budete muset chv\u00edli hledat, abyste na\u0161li n\u011bkoho, kdo je pro v\u00e1s vhodn\u00fd.<\/p>\n<h3>FlingPals<\/h3>\n<p>Pokud hled\u00e1te bezplatn\u00fd \u010dern\u00fd web pro p\u0159ipojen\u00ed, m\u011bli byste se ur\u010dit\u011b pod\u00edvat na FlingPals. Tato str\u00e1nka je speci\u00e1ln\u011b navr\u017eena pro \u010dern\u00e9 singles, kte\u0159\u00ed hledaj\u00ed p\u0159\u00edle\u017eitostn\u00e9 p\u0159ipojen\u00ed. M\u016f\u017eete si vytvo\u0159it profil, proch\u00e1zet dal\u0161\u00ed profily a pos\u00edlat zpr\u00e1vy zdarma.<\/p>\n<p>Str\u00e1nka se snadno pou\u017e\u00edv\u00e1 a m\u00e1 spoustu skv\u011bl\u00fdch funkc\u00ed. M\u016f\u017eete vyhled\u00e1vat dal\u0161\u00ed \u010derno\u0161sk\u00e9 singly podle um\u00edst\u011bn\u00ed, v\u011bku a z\u00e1jm\u016f. M\u016f\u017eete si tak\u00e9 prohl\u00ed\u017eet fotografie a videa ostatn\u00edch \u010dlen\u016f.<\/p>\n<p>Celkov\u011b je FlingPals skv\u011blou volbou pro \u010dern\u00e9 nezadan\u00e9, kte\u0159\u00ed hledaj\u00ed p\u0159\u00edle\u017eitostn\u00e9 p\u0159ipojen\u00ed. Str\u00e1nka je zdarma k pou\u017eit\u00ed a m\u00e1 spoustu skv\u011bl\u00fdch funkc\u00ed.<\/p>\n<h3>Zoosk<\/h3>\n<p>Zoosk je seznamovac\u00ed aplikace, kter\u00e1 v\u00e1m umo\u017en\u00ed spojit se s potenci\u00e1ln\u00edmi shodami prost\u0159ednictv\u00edm Facebooku, va\u0161eho telefonn\u00edho \u010d\u00edsla nebo e-mailov\u00e9 adresy. M\u016f\u017eete si tak\u00e9 vytvo\u0159it profil, kter\u00fd umo\u017en\u00ed ostatn\u00edm u\u017eivatel\u016fm naj\u00edt v\u00e1s na z\u00e1klad\u011b va\u0161ich z\u00e1jm\u016f a preferenc\u00ed. Zoosk m\u00e1 tak\u00e9 funkci &#8222;Rotuj\u00edc\u00ed&#8220;, kter\u00e1 v\u00e1m umo\u017en\u00ed proch\u00e1zet potenci\u00e1ln\u00edmi shodami a p\u0159\u00edmo je pos\u00edlat. Zoosk je bezplatn\u00e1 aplikace, ale m\u016f\u017eete upgradovat na placen\u00e9 \u010dlenstv\u00ed a odemknout dal\u0161\u00ed funkce.<\/p>\n","protected":false},"excerpt":{"rendered":"<p>Existuje cel\u00e1 \u0159ada bezplatn\u00fdch \u010dern\u00fdch str\u00e1nek pro p\u0159ipojen\u00ed, kter\u00e9 jsou k dispozici online. Tyto webov\u00e9 str\u00e1nky poskytuj\u00ed platformu pro \u010dern\u00e9 nezadan\u00e9, aby se spojili a spojili s podobn\u011b sm\u00fd\u0161lej\u00edc\u00edmi jednotlivci. Webov\u00e9 str\u00e1nky se snadno pou\u017e\u00edvaj\u00ed a umo\u017e\u0148uj\u00ed u\u017eivatel\u016fm vytvo\u0159it si profil a proch\u00e1zet profily ostatn\u00edch \u010dlen\u016f. N\u011bkter\u00e9 z popul\u00e1rn\u00edch bezplatn\u00fdch str\u00e1nek s \u010dern\u00fdm p\u0159ipojen\u00edm zahrnuj\u00ed&#8230;<a class=\"read-more-link button\" href=\"https:\/\/theyoungmessiah.com\/cs\/ebenove-pripojky\/\">Read more<\/a><\/p>\n","protected":false},"author":1,"featured_media":0,"parent":0,"menu_order":0,"comment_status":"closed","ping_status":"closed","template":"","meta":[],"yoast_head":"<!-- This site is optimized with the Yoast SEO plugin v17.7.1 - https:\/\/yoast.com\/wordpress\/plugins\/seo\/ -->\n<title>Ebenov\u00e9 p\u0159\u00edpojky - Online Adult Dating<\/title>\n<meta name=\"robots\" content=\"index, follow, max-snippet:-1, max-image-preview:large, max-video-preview:-1\" \/>\n<link rel=\"canonical\" href=\"https:\/\/theyoungmessiah.com\/cs\/ebenove-pripojky\/\" \/>\n<meta property=\"og:locale\" content=\"cs_CZ\" \/>\n<meta property=\"og:type\" content=\"article\" \/>\n<meta property=\"og:title\" content=\"Ebenov\u00e9 p\u0159\u00edpojky - Online Adult Dating\" \/>\n<meta property=\"og:description\" content=\"Existuje cel\u00e1 \u0159ada bezplatn\u00fdch \u010dern\u00fdch str\u00e1nek pro p\u0159ipojen\u00ed, kter\u00e9 jsou k dispozici online. Tyto webov\u00e9 str\u00e1nky poskytuj\u00ed platformu pro \u010dern\u00e9 nezadan\u00e9, aby se spojili a spojili s podobn\u011b sm\u00fd\u0161lej\u00edc\u00edmi jednotlivci. Webov\u00e9 str\u00e1nky se snadno pou\u017e\u00edvaj\u00ed a umo\u017e\u0148uj\u00ed u\u017eivatel\u016fm vytvo\u0159it si profil a proch\u00e1zet profily ostatn\u00edch \u010dlen\u016f. N\u011bkter\u00e9 z popul\u00e1rn\u00edch bezplatn\u00fdch str\u00e1nek s \u010dern\u00fdm p\u0159ipojen\u00edm zahrnuj\u00ed...Read more\" \/>\n<meta property=\"og:url\" content=\"https:\/\/theyoungmessiah.com\/cs\/ebenove-pripojky\/\" \/>\n<meta property=\"og:site_name\" content=\"Online Adult Dating\" \/>\n<meta name=\"twitter:card\" content=\"summary_large_image\" \/>\n<meta name=\"twitter:label1\" content=\"Odhadovan\u00e1 doba \u010dten\u00ed\" \/>\n\t<meta name=\"twitter:data1\" content=\"5 minut\" \/>\n<script type=\"application\/ld+json\" class=\"yoast-schema-graph\">{\"@context\":\"https:\/\/schema.org\",\"@graph\":[{\"@type\":\"WebSite\",\"@id\":\"https:\/\/theyoungmessiah.com\/cs\/#website\",\"url\":\"https:\/\/theyoungmessiah.com\/cs\/\",\"name\":\"Online Adult Dating\",\"description\":\"Local Sex Hookups\",\"potentialAction\":[{\"@type\":\"SearchAction\",\"target\":{\"@type\":\"EntryPoint\",\"urlTemplate\":\"https:\/\/theyoungmessiah.com\/cs\/?s={search_term_string}\"},\"query-input\":\"required name=search_term_string\"}],\"inLanguage\":\"cs\"},{\"@type\":\"WebPage\",\"@id\":\"https:\/\/theyoungmessiah.com\/cs\/ebenove-pripojky\/#webpage\",\"url\":\"https:\/\/theyoungmessiah.com\/cs\/ebenove-pripojky\/\",\"name\":\"Ebenov\\u00e9 p\\u0159\\u00edpojky - Online Adult Dating\",\"isPartOf\":{\"@id\":\"https:\/\/theyoungmessiah.com\/cs\/#website\"},\"datePublished\":\"2022-10-12T12:52:44+00:00\",\"dateModified\":\"2022-10-12T12:52:44+00:00\",\"breadcrumb\":{\"@id\":\"https:\/\/theyoungmessiah.com\/cs\/ebenove-pripojky\/#breadcrumb\"},\"inLanguage\":\"cs\",\"potentialAction\":[{\"@type\":\"ReadAction\",\"target\":[\"https:\/\/theyoungmessiah.com\/cs\/ebenove-pripojky\/\"]}]},{\"@type\":\"BreadcrumbList\",\"@id\":\"https:\/\/theyoungmessiah.com\/cs\/ebenove-pripojky\/#breadcrumb\",\"itemListElement\":[{\"@type\":\"ListItem\",\"position\":1,\"name\":\"Home\",\"item\":\"https:\/\/theyoungmessiah.com\/cs\/\"},{\"@type\":\"ListItem\",\"position\":2,\"name\":\"Ebenov\\u00e9 p\\u0159\\u00edpojky\"}]}]}<\/script>\n<!-- \/ Yoast SEO plugin. -->","yoast_head_json":{"title":"Ebenov\u00e9 p\u0159\u00edpojky - Online Adult Dating","robots":{"index":"index","follow":"follow","max-snippet":"max-snippet:-1","max-image-preview":"max-image-preview:large","max-video-preview":"max-video-preview:-1"},"canonical":"https:\/\/theyoungmessiah.com\/cs\/ebenove-pripojky\/","og_locale":"cs_CZ","og_type":"article","og_title":"Ebenov\u00e9 p\u0159\u00edpojky - Online Adult Dating","og_description":"Existuje cel\u00e1 \u0159ada bezplatn\u00fdch \u010dern\u00fdch str\u00e1nek pro p\u0159ipojen\u00ed, kter\u00e9 jsou k dispozici online. Tyto webov\u00e9 str\u00e1nky poskytuj\u00ed platformu pro \u010dern\u00e9 nezadan\u00e9, aby se spojili a spojili s podobn\u011b sm\u00fd\u0161lej\u00edc\u00edmi jednotlivci. Webov\u00e9 str\u00e1nky se snadno pou\u017e\u00edvaj\u00ed a umo\u017e\u0148uj\u00ed u\u017eivatel\u016fm vytvo\u0159it si profil a proch\u00e1zet profily ostatn\u00edch \u010dlen\u016f. N\u011bkter\u00e9 z popul\u00e1rn\u00edch bezplatn\u00fdch str\u00e1nek s \u010dern\u00fdm p\u0159ipojen\u00edm zahrnuj\u00ed...Read more","og_url":"https:\/\/theyoungmessiah.com\/cs\/ebenove-pripojky\/","og_site_name":"Online Adult Dating","twitter_card":"summary_large_image","twitter_misc":{"Odhadovan\u00e1 doba \u010dten\u00ed":"5 minut"},"schema":{"@context":"https:\/\/schema.org","@graph":[{"@type":"WebSite","@id":"https:\/\/theyoungmessiah.com\/cs\/#website","url":"https:\/\/theyoungmessiah.com\/cs\/","name":"Online Adult Dating","description":"Local Sex Hookups","potentialAction":[{"@type":"SearchAction","target":{"@type":"EntryPoint","urlTemplate":"https:\/\/theyoungmessiah.com\/cs\/?s={search_term_string}"},"query-input":"required name=search_term_string"}],"inLanguage":"cs"},{"@type":"WebPage","@id":"https:\/\/theyoungmessiah.com\/cs\/ebenove-pripojky\/#webpage","url":"https:\/\/theyoungmessiah.com\/cs\/ebenove-pripojky\/","name":"Ebenov\u00e9 p\u0159\u00edpojky - Online Adult Dating","isPartOf":{"@id":"https:\/\/theyoungmessiah.com\/cs\/#website"},"datePublished":"2022-10-12T12:52:44+00:00","dateModified":"2022-10-12T12:52:44+00:00","breadcrumb":{"@id":"https:\/\/theyoungmessiah.com\/cs\/ebenove-pripojky\/#breadcrumb"},"inLanguage":"cs","potentialAction":[{"@type":"ReadAction","target":["https:\/\/theyoungmessiah.com\/cs\/ebenove-pripojky\/"]}]},{"@type":"BreadcrumbList","@id":"https:\/\/theyoungmessiah.com\/cs\/ebenove-pripojky\/#breadcrumb","itemListElement":[{"@type":"ListItem","position":1,"name":"Home","item":"https:\/\/theyoungmessiah.com\/cs\/"},{"@type":"ListItem","position":2,"name":"Ebenov\u00e9 p\u0159\u00edpojky"}]}]}},"_links":{"self":[{"href":"https:\/\/theyoungmessiah.com\/cs\/wp-json\/wp\/v2\/pages\/196"}],"collection":[{"href":"https:\/\/theyoungmessiah.com\/cs\/wp-json\/wp\/v2\/pages"}],"about":[{"href":"https:\/\/theyoungmessiah.com\/cs\/wp-json\/wp\/v2\/types\/page"}],"author":[{"embeddable":true,"href":"https:\/\/theyoungmessiah.com\/cs\/wp-json\/wp\/v2\/users\/1"}],"replies":[{"embeddable":true,"href":"https:\/\/theyoungmessiah.com\/cs\/wp-json\/wp\/v2\/comments?post=196"}],"version-history":[{"count":0,"href":"https:\/\/theyoungmessiah.com\/cs\/wp-json\/wp\/v2\/pages\/196\/revisions"}],"wp:attachment":[{"href":"https:\/\/theyoungmessiah.com\/cs\/wp-json\/wp\/v2\/media?parent=196"}],"curies":[{"name":"wp","href":"https:\/\/api.w.org\/{rel}","templated":true}]}}