{"id":205,"date":"2022-10-12T13:59:54","date_gmt":"2022-10-12T12:59:54","guid":{"rendered":"http:\/\/theyoungmessiah.com\/sextingove-aplikace-zdarma\/"},"modified":"2022-10-12T13:59:54","modified_gmt":"2022-10-12T12:59:54","slug":"sextingove-aplikace-zdarma","status":"publish","type":"page","link":"https:\/\/theyoungmessiah.com\/cs\/sextingove-aplikace-zdarma\/","title":{"rendered":"Sextingov\u00e9 aplikace zdarma"},"content":{"rendered":"<p>K dispozici je n\u011bkolik r\u016fzn\u00fdch bezplatn\u00fdch sextingov\u00fdch aplikac\u00ed a v\u0161echny maj\u00ed sv\u00e9 vlastn\u00ed v\u00fdhody a nev\u00fdhody. Mezi ty popul\u00e1rn\u011bj\u0161\u00ed pat\u0159\u00ed Kik, Snapchat a WhatsApp. Kik je skv\u011bl\u00e1 volba, proto\u017ee se snadno pou\u017e\u00edv\u00e1 a je na n\u011bm spousta lid\u00ed. Je v\u0161ak d\u016fle\u017eit\u00e9 si uv\u011bdomit, \u017ee Kik je tak\u00e9 popul\u00e1rn\u00ed platformou pro d\u011btsk\u00e9 dravce. Snapchat je dal\u0161\u00ed popul\u00e1rn\u00ed mo\u017enost\u00ed, proto\u017ee je rychl\u00e1 a snadno pou\u017eiteln\u00e1 a m\u016f\u017eete pos\u00edlat mizej\u00edc\u00ed zpr\u00e1vy. Snapchat m\u00e1 v\u0161ak tak\u00e9 pov\u011bst toho, \u017ee je trochu sextingovou aplikac\u00ed, tak\u017ee mo\u017en\u00e1 budete cht\u00edt b\u00fdt opatrn\u00ed ohledn\u011b toho, koho p\u0159id\u00e1te jako p\u0159\u00edtele. WhatsApp je dobr\u00e1 volba, pokud hled\u00e1te n\u011bco trochu soukrom\u011bj\u0161\u00edho, proto\u017ee nab\u00edz\u00ed \u0161ifrov\u00e1n\u00ed typu end-to-end. M\u016f\u017ee v\u0161ak b\u00fdt o n\u011bco obt\u00ed\u017en\u011bj\u0161\u00ed ne\u017e n\u011bkter\u00e9 jin\u00e9 mo\u017enosti.<\/p>\n<h2>M\u00edstn\u00ed sextingov\u00e9 aplikace<\/h2>\n<p>Existuje n\u011bkolik m\u00edstn\u00edch sextingov\u00fdch aplikac\u00ed, kter\u00e9 lze pou\u017e\u00edt pro datov\u00e1n\u00ed. Mohou b\u00fdt pou\u017eity k odes\u00edl\u00e1n\u00ed a p\u0159ij\u00edm\u00e1n\u00ed sexu\u00e1ln\u011b explicitn\u00edch zpr\u00e1v a obr\u00e1zk\u016f. Tyto aplikace mohou b\u00fdt skv\u011bl\u00fdm zp\u016fsobem, jak oko\u0159enit sv\u016fj sexu\u00e1ln\u00ed \u017eivot nebo z\u00edskat nov\u00e9 p\u0159\u00e1tele, kte\u0159\u00ed se zaj\u00edmaj\u00ed o stejn\u00e9 v\u011bci jako vy. Je v\u0161ak d\u016fle\u017eit\u00e9 si uv\u011bdomit rizika spojen\u00e1 se sextingem d\u0159\u00edve, ne\u017e za\u010dnete tyto aplikace pou\u017e\u00edvat. Sexting m\u016f\u017ee b\u00fdt skv\u011bl\u00fd zp\u016fsob, jak se s n\u011bk\u00fdm spojit, ale m\u016f\u017ee to b\u00fdt tak\u00e9 zp\u016fsob, jak mohou dravci vyu\u017e\u00edt a \u017eenichovat potenci\u00e1ln\u00ed ob\u011bti. P\u0159i sextingu bu\u010fte v\u017edy opatrn\u00ed a nikdy nepos\u00edlejte ani nep\u0159ij\u00edmejte nic, co by v\u00e1m bylo nep\u0159\u00edjemn\u00e9.<\/p>\n<h2>Voln\u00fd Sex Textov\u00e9 zpr\u00e1vy<\/h2>\n<p>Bezplatn\u00e9 sexu\u00e1ln\u00ed textov\u00e9 zpr\u00e1vy mohou b\u00fdt skv\u011bl\u00fdm zp\u016fsobem, jak oko\u0159enit sv\u016fj seznamovac\u00ed \u017eivot a l\u00e9pe poznat sv\u00e9ho partnera. M\u016f\u017ee to b\u00fdt tak\u00e9 skv\u011bl\u00fd zp\u016fsob, jak se dostat z rutiny a p\u0159idat do va\u0161eho vztahu n\u011bjak\u00e9 vzru\u0161en\u00ed. Je v\u0161ak d\u016fle\u017eit\u00e9 b\u00fdt v bezpe\u010d\u00ed p\u0159i odes\u00edl\u00e1n\u00ed sexu\u00e1ln\u011b explicitn\u00edch zpr\u00e1v a ujistit se, \u017ee v\u00e1\u0161 partner je s touto my\u0161lenkou spokojen, ne\u017e za\u010dnete. Pokud si nejste jisti, kde za\u010d\u00edt, zkuste poslat koketn\u00ed zpr\u00e1vu nebo obr\u00e1zek, abyste konverzaci rozjeli.<\/p>\n<p>Existuje mnoho bezplatn\u00fdch sextingov\u00fdch str\u00e1nek dostupn\u00fdch online, kter\u00e9 lze pou\u017e\u00edt pro \u00fa\u010dely online seznamov\u00e1n\u00ed. Tyto str\u00e1nky umo\u017e\u0148uj\u00ed u\u017eivatel\u016fm odes\u00edlat a p\u0159ij\u00edmat sexu\u00e1ln\u00ed zpr\u00e1vy a obr\u00e1zky bez jak\u00fdchkoli n\u00e1klad\u016f. To m\u016f\u017ee b\u00fdt skv\u011bl\u00fd zp\u016fsob, jak oko\u0159enit sv\u00e9 online datov\u00e1n\u00ed a m\u016f\u017ee v\u00e1m tak\u00e9 pomoci spojit se s dal\u0161\u00edmi nezadan\u00fdmi, kte\u0159\u00ed maj\u00ed z\u00e1jem o sexting.<\/p>\n<h3>Troud<\/h3>\n<p>Tinder je bezplatn\u00e1 sextingov\u00e1 aplikace, kter\u00e1 umo\u017e\u0148uje u\u017eivatel\u016fm spojit se navz\u00e1jem a vym\u011b\u0148ovat si fotografie a zpr\u00e1vy. Aplikace se snadno pou\u017e\u00edv\u00e1 a m\u00e1 u\u017eivatelsky p\u0159\u00edv\u011btiv\u00e9 rozhran\u00ed. Tinder m\u00e1 tak\u00e9 z\u00e1sady ochrany osobn\u00edch \u00fadaj\u016f, kter\u00e9 chr\u00e1n\u00ed informace u\u017eivatel\u016f a zaji\u0161\u0165uj\u00ed, \u017ee jejich fotografie a zpr\u00e1vy jsou sd\u00edleny pouze s jejich prot\u011bj\u0161ky.<\/p>\n<h3>Instasex<\/h3>\n<p>Instasex je bezplatn\u00e1 sextingov\u00e1 aplikace, kter\u00e1 umo\u017e\u0148uje u\u017eivatel\u016fm odes\u00edlat a p\u0159ij\u00edmat sexu\u00e1ln\u011b explicitn\u00ed fotografie a videa. Aplikace je k dispozici pro za\u0159\u00edzen\u00ed iOS i Android. Instasex m\u00e1 4hv\u011bzdi\u010dkov\u00e9 hodnocen\u00ed v App Store a 3,5hv\u011bzdi\u010dkov\u00e9 hodnocen\u00ed na Google Play. Instasex je skv\u011bl\u00e1 sextingov\u00e1 aplikace pro lidi, kte\u0159\u00ed hledaj\u00ed rychl\u00fd a snadn\u00fd zp\u016fsob, jak pos\u00edlat a p\u0159ij\u00edmat sexu\u00e1ln\u011b explicitn\u00ed fotografie a videa. Aplikace se snadno pou\u017e\u00edv\u00e1 a m\u00e1 skv\u011bl\u00e9 u\u017eivatelsk\u00e9 rozhran\u00ed. Jedinou nev\u00fdhodou je, \u017ee aplikace je k dispozici pouze pro za\u0159\u00edzen\u00ed iOS a Android.<\/p>\n<h3>FlingPals<\/h3>\n<p>Pokud hled\u00e1te bezplatnou sextingovou aplikaci, FlingPals rozhodn\u011b stoj\u00ed za to se pod\u00edvat. Aplikace se snadno pou\u017e\u00edv\u00e1 a m\u00e1 mnoho funkc\u00ed, d\u00edky nim\u017e je sexting z\u00e1bavn\u00fd a snadn\u00fd. M\u016f\u017eete pos\u00edlat fotografie, videa a dokonce i zvukov\u00e9 zpr\u00e1vy a neexistuj\u00ed \u017e\u00e1dn\u00e1 omezen\u00ed po\u010dtu zpr\u00e1v, kter\u00e9 m\u016f\u017eete odeslat. Jedinou nev\u00fdhodou je, \u017ee aplikace je k dispozici pouze v USA.<\/p>\n<h3>FlirtHookup<\/h3>\n<p>FlirtHookup je bezplatn\u00e1 sextingov\u00e1 aplikace, kter\u00e1 v\u00e1m umo\u017en\u00ed odes\u00edlat a p\u0159ij\u00edmat zpr\u00e1vy, fotografie a videa s ostatn\u00edmi u\u017eivateli. Aplikace se snadno pou\u017e\u00edv\u00e1 a poskytuje skv\u011bl\u00fd zp\u016fsob, jak z\u016fstat v kontaktu se sv\u00fdmi p\u0159\u00e1teli a potenci\u00e1ln\u00edmi p\u0159ipojen\u00edmi. Jedinou nev\u00fdhodou je, \u017ee aplikace je k dispozici pouze pro za\u0159\u00edzen\u00ed iOS.<\/p>\n","protected":false},"excerpt":{"rendered":"<p>K dispozici je n\u011bkolik r\u016fzn\u00fdch bezplatn\u00fdch sextingov\u00fdch aplikac\u00ed a v\u0161echny maj\u00ed sv\u00e9 vlastn\u00ed v\u00fdhody a nev\u00fdhody. Mezi ty popul\u00e1rn\u011bj\u0161\u00ed pat\u0159\u00ed Kik, Snapchat a WhatsApp. Kik je skv\u011bl\u00e1 volba, proto\u017ee se snadno pou\u017e\u00edv\u00e1 a je na n\u011bm spousta lid\u00ed. Je v\u0161ak d\u016fle\u017eit\u00e9 si uv\u011bdomit, \u017ee Kik je tak\u00e9 popul\u00e1rn\u00ed platformou pro d\u011btsk\u00e9 dravce. Snapchat je dal\u0161\u00ed&#8230;<a class=\"read-more-link button\" href=\"https:\/\/theyoungmessiah.com\/cs\/sextingove-aplikace-zdarma\/\">Read more<\/a><\/p>\n","protected":false},"author":1,"featured_media":0,"parent":0,"menu_order":0,"comment_status":"closed","ping_status":"closed","template":"","meta":[],"yoast_head":"<!-- This site is optimized with the Yoast SEO plugin v17.7.1 - https:\/\/yoast.com\/wordpress\/plugins\/seo\/ -->\n<title>Sextingov\u00e9 aplikace zdarma - Online Adult Dating<\/title>\n<meta name=\"robots\" content=\"index, follow, max-snippet:-1, max-image-preview:large, max-video-preview:-1\" \/>\n<link rel=\"canonical\" href=\"https:\/\/theyoungmessiah.com\/cs\/sextingove-aplikace-zdarma\/\" \/>\n<meta property=\"og:locale\" content=\"cs_CZ\" \/>\n<meta property=\"og:type\" content=\"article\" \/>\n<meta property=\"og:title\" content=\"Sextingov\u00e9 aplikace zdarma - Online Adult Dating\" \/>\n<meta property=\"og:description\" content=\"K dispozici je n\u011bkolik r\u016fzn\u00fdch bezplatn\u00fdch sextingov\u00fdch aplikac\u00ed a v\u0161echny maj\u00ed sv\u00e9 vlastn\u00ed v\u00fdhody a nev\u00fdhody. Mezi ty popul\u00e1rn\u011bj\u0161\u00ed pat\u0159\u00ed Kik, Snapchat a WhatsApp. Kik je skv\u011bl\u00e1 volba, proto\u017ee se snadno pou\u017e\u00edv\u00e1 a je na n\u011bm spousta lid\u00ed. Je v\u0161ak d\u016fle\u017eit\u00e9 si uv\u011bdomit, \u017ee Kik je tak\u00e9 popul\u00e1rn\u00ed platformou pro d\u011btsk\u00e9 dravce. Snapchat je dal\u0161\u00ed...Read more\" \/>\n<meta property=\"og:url\" content=\"https:\/\/theyoungmessiah.com\/cs\/sextingove-aplikace-zdarma\/\" \/>\n<meta property=\"og:site_name\" content=\"Online Adult Dating\" \/>\n<meta name=\"twitter:card\" content=\"summary_large_image\" \/>\n<meta name=\"twitter:label1\" content=\"Odhadovan\u00e1 doba \u010dten\u00ed\" \/>\n\t<meta name=\"twitter:data1\" content=\"4 minuty\" \/>\n<script type=\"application\/ld+json\" class=\"yoast-schema-graph\">{\"@context\":\"https:\/\/schema.org\",\"@graph\":[{\"@type\":\"WebSite\",\"@id\":\"https:\/\/theyoungmessiah.com\/cs\/#website\",\"url\":\"https:\/\/theyoungmessiah.com\/cs\/\",\"name\":\"Online Adult Dating\",\"description\":\"Local Sex Hookups\",\"potentialAction\":[{\"@type\":\"SearchAction\",\"target\":{\"@type\":\"EntryPoint\",\"urlTemplate\":\"https:\/\/theyoungmessiah.com\/cs\/?s={search_term_string}\"},\"query-input\":\"required name=search_term_string\"}],\"inLanguage\":\"cs\"},{\"@type\":\"WebPage\",\"@id\":\"https:\/\/theyoungmessiah.com\/cs\/sextingove-aplikace-zdarma\/#webpage\",\"url\":\"https:\/\/theyoungmessiah.com\/cs\/sextingove-aplikace-zdarma\/\",\"name\":\"Sextingov\\u00e9 aplikace zdarma - Online Adult Dating\",\"isPartOf\":{\"@id\":\"https:\/\/theyoungmessiah.com\/cs\/#website\"},\"datePublished\":\"2022-10-12T12:59:54+00:00\",\"dateModified\":\"2022-10-12T12:59:54+00:00\",\"breadcrumb\":{\"@id\":\"https:\/\/theyoungmessiah.com\/cs\/sextingove-aplikace-zdarma\/#breadcrumb\"},\"inLanguage\":\"cs\",\"potentialAction\":[{\"@type\":\"ReadAction\",\"target\":[\"https:\/\/theyoungmessiah.com\/cs\/sextingove-aplikace-zdarma\/\"]}]},{\"@type\":\"BreadcrumbList\",\"@id\":\"https:\/\/theyoungmessiah.com\/cs\/sextingove-aplikace-zdarma\/#breadcrumb\",\"itemListElement\":[{\"@type\":\"ListItem\",\"position\":1,\"name\":\"Home\",\"item\":\"https:\/\/theyoungmessiah.com\/cs\/\"},{\"@type\":\"ListItem\",\"position\":2,\"name\":\"Sextingov\\u00e9 aplikace zdarma\"}]}]}<\/script>\n<!-- \/ Yoast SEO plugin. -->","yoast_head_json":{"title":"Sextingov\u00e9 aplikace zdarma - Online Adult Dating","robots":{"index":"index","follow":"follow","max-snippet":"max-snippet:-1","max-image-preview":"max-image-preview:large","max-video-preview":"max-video-preview:-1"},"canonical":"https:\/\/theyoungmessiah.com\/cs\/sextingove-aplikace-zdarma\/","og_locale":"cs_CZ","og_type":"article","og_title":"Sextingov\u00e9 aplikace zdarma - Online Adult Dating","og_description":"K dispozici je n\u011bkolik r\u016fzn\u00fdch bezplatn\u00fdch sextingov\u00fdch aplikac\u00ed a v\u0161echny maj\u00ed sv\u00e9 vlastn\u00ed v\u00fdhody a nev\u00fdhody. Mezi ty popul\u00e1rn\u011bj\u0161\u00ed pat\u0159\u00ed Kik, Snapchat a WhatsApp. Kik je skv\u011bl\u00e1 volba, proto\u017ee se snadno pou\u017e\u00edv\u00e1 a je na n\u011bm spousta lid\u00ed. Je v\u0161ak d\u016fle\u017eit\u00e9 si uv\u011bdomit, \u017ee Kik je tak\u00e9 popul\u00e1rn\u00ed platformou pro d\u011btsk\u00e9 dravce. Snapchat je dal\u0161\u00ed...Read more","og_url":"https:\/\/theyoungmessiah.com\/cs\/sextingove-aplikace-zdarma\/","og_site_name":"Online Adult Dating","twitter_card":"summary_large_image","twitter_misc":{"Odhadovan\u00e1 doba \u010dten\u00ed":"4 minuty"},"schema":{"@context":"https:\/\/schema.org","@graph":[{"@type":"WebSite","@id":"https:\/\/theyoungmessiah.com\/cs\/#website","url":"https:\/\/theyoungmessiah.com\/cs\/","name":"Online Adult Dating","description":"Local Sex Hookups","potentialAction":[{"@type":"SearchAction","target":{"@type":"EntryPoint","urlTemplate":"https:\/\/theyoungmessiah.com\/cs\/?s={search_term_string}"},"query-input":"required name=search_term_string"}],"inLanguage":"cs"},{"@type":"WebPage","@id":"https:\/\/theyoungmessiah.com\/cs\/sextingove-aplikace-zdarma\/#webpage","url":"https:\/\/theyoungmessiah.com\/cs\/sextingove-aplikace-zdarma\/","name":"Sextingov\u00e9 aplikace zdarma - Online Adult Dating","isPartOf":{"@id":"https:\/\/theyoungmessiah.com\/cs\/#website"},"datePublished":"2022-10-12T12:59:54+00:00","dateModified":"2022-10-12T12:59:54+00:00","breadcrumb":{"@id":"https:\/\/theyoungmessiah.com\/cs\/sextingove-aplikace-zdarma\/#breadcrumb"},"inLanguage":"cs","potentialAction":[{"@type":"ReadAction","target":["https:\/\/theyoungmessiah.com\/cs\/sextingove-aplikace-zdarma\/"]}]},{"@type":"BreadcrumbList","@id":"https:\/\/theyoungmessiah.com\/cs\/sextingove-aplikace-zdarma\/#breadcrumb","itemListElement":[{"@type":"ListItem","position":1,"name":"Home","item":"https:\/\/theyoungmessiah.com\/cs\/"},{"@type":"ListItem","position":2,"name":"Sextingov\u00e9 aplikace zdarma"}]}]}},"_links":{"self":[{"href":"https:\/\/theyoungmessiah.com\/cs\/wp-json\/wp\/v2\/pages\/205"}],"collection":[{"href":"https:\/\/theyoungmessiah.com\/cs\/wp-json\/wp\/v2\/pages"}],"about":[{"href":"https:\/\/theyoungmessiah.com\/cs\/wp-json\/wp\/v2\/types\/page"}],"author":[{"embeddable":true,"href":"https:\/\/theyoungmessiah.com\/cs\/wp-json\/wp\/v2\/users\/1"}],"replies":[{"embeddable":true,"href":"https:\/\/theyoungmessiah.com\/cs\/wp-json\/wp\/v2\/comments?post=205"}],"version-history":[{"count":0,"href":"https:\/\/theyoungmessiah.com\/cs\/wp-json\/wp\/v2\/pages\/205\/revisions"}],"wp:attachment":[{"href":"https:\/\/theyoungmessiah.com\/cs\/wp-json\/wp\/v2\/media?parent=205"}],"curies":[{"name":"wp","href":"https:\/\/api.w.org\/{rel}","templated":true}]}}