{"id":222,"date":"2022-10-12T13:59:28","date_gmt":"2022-10-12T12:59:28","guid":{"rendered":"http:\/\/theyoungmessiah.com\/stranky-sugar-mummy\/"},"modified":"2022-10-12T13:59:28","modified_gmt":"2022-10-12T12:59:28","slug":"stranky-sugar-mummy","status":"publish","type":"page","link":"https:\/\/theyoungmessiah.com\/cs\/stranky-sugar-mummy\/","title":{"rendered":"Str\u00e1nky Sugar Mummy"},"content":{"rendered":"<p>Na internetu jsou k dispozici r\u016fzn\u00e9 str\u00e1nky s cukrovou mumi\u00ed. Tyto webov\u00e9 str\u00e1nky poskytuj\u00ed platformu pro star\u0161\u00ed \u017eeny, aby se spojily s mlad\u0161\u00edmi mu\u017ei za \u00fa\u010delem sexu\u00e1ln\u00edch vztah\u016f. Str\u00e1nky cukrov\u00e9 mumie obvykle \u00fa\u010dtuj\u00ed \u010dlensk\u00fd poplatek a star\u0161\u00ed \u017eeny nab\u00edzej\u00ed finan\u010dn\u00ed pob\u00eddky mlad\u0161\u00edm mu\u017e\u016fm v\u00fdm\u011bnou za sexu\u00e1ln\u00ed laskavosti. Uspo\u0159\u00e1d\u00e1n\u00ed je vz\u00e1jemn\u011b v\u00fdhodn\u00e9, proto\u017ee star\u0161\u00ed \u017eeny si u\u017e\u00edvaj\u00ed spole\u010dnost mlad\u0161\u00edch, atraktivn\u00edch mu\u017e\u016f a mlad\u0161\u00ed mu\u017ei za\u017e\u00edvaj\u00ed sexu\u00e1ln\u00ed vztahy se star\u0161\u00edmi, zku\u0161en\u011bj\u0161\u00edmi \u017eenami.<\/p>\n<h2>M\u00edstn\u00ed Sugar Momma<\/h2>\n<p>Na seznamovac\u00ed sc\u00e9n\u011b je spousta cukrov\u00fdch maminek a p\u0159ich\u00e1zej\u00ed ve v\u0161ech tvarech a velikostech. N\u011bkter\u00e9 jsou star\u0161\u00ed \u017eeny, kter\u00e9 hledaj\u00ed mlad\u00e9ho, hezk\u00e9ho mu\u017ee, kter\u00fd by rozmazloval a h\u00fd\u010dkal, zat\u00edmco jin\u00e9 prost\u011b hledaj\u00ed n\u011bkoho, kdo by je mohl znovu c\u00edtit mlad\u00fd a \u017eiv\u00fd. Bez ohledu na to, jak\u00fd je v\u00e1\u0161 typ, ur\u010dit\u011b tam bude cukrov\u00e1 m\u00e1ma, kter\u00e1 je pro v\u00e1s ide\u00e1ln\u00ed. Nejlep\u0161\u00ed zp\u016fsob, jak naj\u00edt sv\u016fj dokonal\u00fd prot\u011bj\u0161ek, je dostat se ven a za\u010d\u00edt chodit! Z\u00fa\u010dastn\u011bte se m\u00edstn\u00edch akc\u00ed pro nezadan\u00e9 nebo se zaregistrujte na seznamku speci\u00e1ln\u011b zam\u011b\u0159enou na cukrov\u00e9 maminky a mu\u017ee, kte\u0159\u00ed je miluj\u00ed. S trochou \u00fasil\u00ed ur\u010dit\u011b najdete cukrovou m\u00e1mu sv\u00fdch sn\u016f.<\/p>\n<p>Existuje n\u011bkolik v\u011bc\u00ed, kter\u00e9 je t\u0159eba m\u00edt na pam\u011bti p\u0159i hled\u00e1n\u00ed cukrov\u00e9 maminky online. Za prv\u00e9, je d\u016fle\u017eit\u00e9 b\u00fdt up\u0159\u00edmn\u00fd o tom, co hled\u00e1te. Ujasn\u011bte si sv\u00e9 z\u00e1m\u011bry a nezapome\u0148te je sd\u011blit potenci\u00e1ln\u00edm z\u00e1pas\u016fm. Za druh\u00e9, bu\u010fte trp\u011bliv\u00ed a bu\u010fte ochotni d\u00e1t do pr\u00e1ce, abyste na\u0161li tu spr\u00e1vnou osobu pro v\u00e1s. Existuje spousta cukrov\u00fdch maminek, ale m\u016f\u017ee to n\u011bjakou dobu trvat, ne\u017e najdete ten spr\u00e1vn\u00fd pro v\u00e1s. Nakonec, kdy\u017e najdete cukrovou m\u00e1mu, se kterou kliknete, ujist\u011bte se, \u017ee s n\u00ed zach\u00e1z\u00edte s respektem a uzn\u00e1n\u00edm.<\/p>\n<h2>Rande Cukrov\u00e1 m\u00e1ma<\/h2>\n<p>Existuje n\u011bkolik v\u011bc\u00ed, kter\u00e9 je t\u0159eba m\u00edt na pam\u011bti, pokud m\u00e1te z\u00e1jem o datov\u00e1n\u00ed cukrov\u00e9 maminky online. Za prv\u00e9, cukrov\u00e9 maminky jsou obvykle star\u0161\u00ed \u017eeny, tak\u017ee s t\u00edm budete muset b\u00fdt v po\u0159\u00e1dku. Za druh\u00e9, obvykle hledaj\u00ed n\u011bkoho, kdo je m\u016f\u017ee c\u00edtit zvl\u00e1\u0161tn\u00ed a oce\u0148ovan\u00fd, tak\u017ee se ujist\u011bte, \u017ee p\u0159edvedete sv\u00e9 nejlep\u0161\u00ed vlastnosti. Nakonec budou pravd\u011bpodobn\u011b velmi \u0161t\u011bd\u0159\u00ed se sv\u00fdm \u010dasem a pen\u011bzi, tak\u017ee bu\u010fte p\u0159ipraveni na to, \u017ee budou zka\u017eeni! Pokud si mysl\u00edte, \u017ee to v\u0161echno zvl\u00e1dnete, pak jd\u011bte do toho a zkuste to. Kdo v\u00ed, mo\u017en\u00e1 pro v\u00e1s najde perfektn\u00ed cukrovou m\u00e1mu.<\/p>\n<h3>Spousta ryb<\/h3>\n<p>Plenty of Fish je seznamovac\u00ed aplikace, kter\u00e1 umo\u017e\u0148uje u\u017eivatel\u016fm vytvo\u0159it profil, naj\u00edt shody a chatovat s ostatn\u00edmi u\u017eivateli. Aplikace m\u00e1 dobrou pov\u011bst pro snadn\u00e9 pou\u017eit\u00ed a pro poskytov\u00e1n\u00ed velk\u00e9ho mno\u017estv\u00ed potenci\u00e1ln\u00edch shod. N\u011bkte\u0159\u00ed u\u017eivatel\u00e9 si v\u0161ak st\u011b\u017eovali, \u017ee aplikace je chybn\u00e1 a \u017ee je obt\u00ed\u017en\u00e9 zru\u0161it p\u0159edplatn\u00e9. Celkov\u011b je Spousta ryb dobrou volbou pro ty, kte\u0159\u00ed hledaj\u00ed m\u00edsto cukrov\u00e9 mumie.<\/p>\n<h3>XCheaters<\/h3>\n<p>Pokud hled\u00e1te cukrovou mumii, m\u011bli byste se ur\u010dit\u011b pod\u00edvat na XCheaters. Je to jedna z nejpopul\u00e1rn\u011bj\u0161\u00edch str\u00e1nek s cukrovou mumi\u00ed, a to z dobr\u00e9ho d\u016fvodu. Aplikace se snadno pou\u017e\u00edv\u00e1 a je zdarma se p\u0159ipojit. Nav\u00edc na webu jsou tuny cukrov\u00fdch mumi\u00ed, kter\u00e9 hledaj\u00ed n\u011bkoho, jako jste vy.<\/p>\n<p>Tak\u017ee, pokud hled\u00e1te cukrovou mumii, pak XCheaters je ur\u010dit\u011b m\u00edsto pro v\u00e1s. Aplikace se snadno pou\u017e\u00edv\u00e1 a na webu je spousta cukrov\u00fdch mumi\u00ed. Nav\u00edc je vstup zdarma. Tak na co je\u0161t\u011b \u010dek\u00e1te? Jd\u011bte se na to pod\u00edvat!<\/p>\n<h3>Instasex<\/h3>\n<p>Instasex je nov\u00e1 seznamovac\u00ed aplikace, kter\u00e1 slibuje, \u017ee p\u0159inese str\u00e1nky s cukrov\u00fdmi mumiemi na zcela novou \u00farove\u0148. D\u00edky sv\u00fdm jedine\u010dn\u00fdm funkc\u00edm a u\u017eivatelsky p\u0159\u00edv\u011btiv\u00e9mu rozhran\u00ed usnad\u0148uje u\u017eivatel\u016fm naj\u00edt a spojit se s weby cukrov\u00fdch mumi\u00ed. Aplikace tak\u00e9 umo\u017e\u0148uje u\u017eivatel\u016fm chatovat a sd\u00edlet fotografie mezi sebou, co\u017e z n\u011bj \u010din\u00ed skv\u011blou platformu pro str\u00e1nky cukrov\u00fdch mumi\u00ed, kter\u00e9 se mohou vz\u00e1jemn\u011b propojit a komunikovat.<\/p>\n<h3>Hled\u00e1n\u00ed opat\u0159en\u00ed<\/h3>\n<p>Pokud hled\u00e1te cukrovou mumii, Seeking Arrangements je seznamovac\u00ed aplikace pro v\u00e1s. S v\u00edce ne\u017e 10 miliony \u010dlen\u016f po cel\u00e9m sv\u011bt\u011b je to nejv\u011bt\u0161\u00ed str\u00e1nka s cukrovou mumi\u00ed na internetu. A m\u016f\u017eete se p\u0159ipojit zdarma! M\u016f\u017eete si vytvo\u0159it profil, vyhledat cukrov\u00e9 mumie ve va\u0161\u00ed oblasti a poslat jim zdarma zpr\u00e1vu.<\/p>\n<p>Nejlep\u0161\u00ed v\u011bc na hled\u00e1n\u00ed uspo\u0159\u00e1d\u00e1n\u00ed je, \u017ee je to bezpe\u010dn\u00fd a snadn\u00fd zp\u016fsob, jak se setkat s cukrov\u00fdmi mumiemi. Nemus\u00edte se ob\u00e1vat podvodn\u00edk\u016f nebo fale\u0161n\u00fdch profil\u016f, proto\u017ee web je moderov\u00e1n t\u00fdmem profesion\u00e1l\u016f. A pokud budete m\u00edt n\u011bjak\u00e9 dotazy nebo obavy, m\u016f\u017eete v\u017edy kontaktovat z\u00e1kaznickou podporu.<\/p>\n<p>Tak\u017ee pokud hled\u00e1te cukrovou mumii, Seeking Arrangements je pro v\u00e1s perfektn\u00ed seznamovac\u00ed aplikace. Zaregistrujte se je\u0161t\u011b dnes a za\u010dn\u011bte pos\u00edlat zpr\u00e1vy cukrov\u00fdm mumi\u00edm ve va\u0161\u00ed oblasti!<\/p>\n","protected":false},"excerpt":{"rendered":"<p>Na internetu jsou k dispozici r\u016fzn\u00e9 str\u00e1nky s cukrovou mumi\u00ed. Tyto webov\u00e9 str\u00e1nky poskytuj\u00ed platformu pro star\u0161\u00ed \u017eeny, aby se spojily s mlad\u0161\u00edmi mu\u017ei za \u00fa\u010delem sexu\u00e1ln\u00edch vztah\u016f. Str\u00e1nky cukrov\u00e9 mumie obvykle \u00fa\u010dtuj\u00ed \u010dlensk\u00fd poplatek a star\u0161\u00ed \u017eeny nab\u00edzej\u00ed finan\u010dn\u00ed pob\u00eddky mlad\u0161\u00edm mu\u017e\u016fm v\u00fdm\u011bnou za sexu\u00e1ln\u00ed laskavosti. Uspo\u0159\u00e1d\u00e1n\u00ed je vz\u00e1jemn\u011b v\u00fdhodn\u00e9, proto\u017ee star\u0161\u00ed \u017eeny si&#8230;<a class=\"read-more-link button\" href=\"https:\/\/theyoungmessiah.com\/cs\/stranky-sugar-mummy\/\">Read more<\/a><\/p>\n","protected":false},"author":1,"featured_media":0,"parent":0,"menu_order":0,"comment_status":"closed","ping_status":"closed","template":"","meta":[],"yoast_head":"<!-- This site is optimized with the Yoast SEO plugin v17.7.1 - https:\/\/yoast.com\/wordpress\/plugins\/seo\/ -->\n<title>Str\u00e1nky Sugar Mummy - Online Adult Dating<\/title>\n<meta name=\"robots\" content=\"index, follow, max-snippet:-1, max-image-preview:large, max-video-preview:-1\" \/>\n<link rel=\"canonical\" href=\"https:\/\/theyoungmessiah.com\/cs\/stranky-sugar-mummy\/\" \/>\n<meta property=\"og:locale\" content=\"cs_CZ\" \/>\n<meta property=\"og:type\" content=\"article\" \/>\n<meta property=\"og:title\" content=\"Str\u00e1nky Sugar Mummy - Online Adult Dating\" \/>\n<meta property=\"og:description\" content=\"Na internetu jsou k dispozici r\u016fzn\u00e9 str\u00e1nky s cukrovou mumi\u00ed. Tyto webov\u00e9 str\u00e1nky poskytuj\u00ed platformu pro star\u0161\u00ed \u017eeny, aby se spojily s mlad\u0161\u00edmi mu\u017ei za \u00fa\u010delem sexu\u00e1ln\u00edch vztah\u016f. Str\u00e1nky cukrov\u00e9 mumie obvykle \u00fa\u010dtuj\u00ed \u010dlensk\u00fd poplatek a star\u0161\u00ed \u017eeny nab\u00edzej\u00ed finan\u010dn\u00ed pob\u00eddky mlad\u0161\u00edm mu\u017e\u016fm v\u00fdm\u011bnou za sexu\u00e1ln\u00ed laskavosti. Uspo\u0159\u00e1d\u00e1n\u00ed je vz\u00e1jemn\u011b v\u00fdhodn\u00e9, proto\u017ee star\u0161\u00ed \u017eeny si...Read more\" \/>\n<meta property=\"og:url\" content=\"https:\/\/theyoungmessiah.com\/cs\/stranky-sugar-mummy\/\" \/>\n<meta property=\"og:site_name\" content=\"Online Adult Dating\" \/>\n<meta name=\"twitter:card\" content=\"summary_large_image\" \/>\n<meta name=\"twitter:label1\" content=\"Odhadovan\u00e1 doba \u010dten\u00ed\" \/>\n\t<meta name=\"twitter:data1\" content=\"5 minut\" \/>\n<script type=\"application\/ld+json\" class=\"yoast-schema-graph\">{\"@context\":\"https:\/\/schema.org\",\"@graph\":[{\"@type\":\"WebSite\",\"@id\":\"https:\/\/theyoungmessiah.com\/cs\/#website\",\"url\":\"https:\/\/theyoungmessiah.com\/cs\/\",\"name\":\"Online Adult Dating\",\"description\":\"Local Sex Hookups\",\"potentialAction\":[{\"@type\":\"SearchAction\",\"target\":{\"@type\":\"EntryPoint\",\"urlTemplate\":\"https:\/\/theyoungmessiah.com\/cs\/?s={search_term_string}\"},\"query-input\":\"required name=search_term_string\"}],\"inLanguage\":\"cs\"},{\"@type\":\"WebPage\",\"@id\":\"https:\/\/theyoungmessiah.com\/cs\/stranky-sugar-mummy\/#webpage\",\"url\":\"https:\/\/theyoungmessiah.com\/cs\/stranky-sugar-mummy\/\",\"name\":\"Str\\u00e1nky Sugar Mummy - Online Adult Dating\",\"isPartOf\":{\"@id\":\"https:\/\/theyoungmessiah.com\/cs\/#website\"},\"datePublished\":\"2022-10-12T12:59:28+00:00\",\"dateModified\":\"2022-10-12T12:59:28+00:00\",\"breadcrumb\":{\"@id\":\"https:\/\/theyoungmessiah.com\/cs\/stranky-sugar-mummy\/#breadcrumb\"},\"inLanguage\":\"cs\",\"potentialAction\":[{\"@type\":\"ReadAction\",\"target\":[\"https:\/\/theyoungmessiah.com\/cs\/stranky-sugar-mummy\/\"]}]},{\"@type\":\"BreadcrumbList\",\"@id\":\"https:\/\/theyoungmessiah.com\/cs\/stranky-sugar-mummy\/#breadcrumb\",\"itemListElement\":[{\"@type\":\"ListItem\",\"position\":1,\"name\":\"Home\",\"item\":\"https:\/\/theyoungmessiah.com\/cs\/\"},{\"@type\":\"ListItem\",\"position\":2,\"name\":\"Str\\u00e1nky Sugar Mummy\"}]}]}<\/script>\n<!-- \/ Yoast SEO plugin. -->","yoast_head_json":{"title":"Str\u00e1nky Sugar Mummy - Online Adult Dating","robots":{"index":"index","follow":"follow","max-snippet":"max-snippet:-1","max-image-preview":"max-image-preview:large","max-video-preview":"max-video-preview:-1"},"canonical":"https:\/\/theyoungmessiah.com\/cs\/stranky-sugar-mummy\/","og_locale":"cs_CZ","og_type":"article","og_title":"Str\u00e1nky Sugar Mummy - Online Adult Dating","og_description":"Na internetu jsou k dispozici r\u016fzn\u00e9 str\u00e1nky s cukrovou mumi\u00ed. Tyto webov\u00e9 str\u00e1nky poskytuj\u00ed platformu pro star\u0161\u00ed \u017eeny, aby se spojily s mlad\u0161\u00edmi mu\u017ei za \u00fa\u010delem sexu\u00e1ln\u00edch vztah\u016f. Str\u00e1nky cukrov\u00e9 mumie obvykle \u00fa\u010dtuj\u00ed \u010dlensk\u00fd poplatek a star\u0161\u00ed \u017eeny nab\u00edzej\u00ed finan\u010dn\u00ed pob\u00eddky mlad\u0161\u00edm mu\u017e\u016fm v\u00fdm\u011bnou za sexu\u00e1ln\u00ed laskavosti. Uspo\u0159\u00e1d\u00e1n\u00ed je vz\u00e1jemn\u011b v\u00fdhodn\u00e9, proto\u017ee star\u0161\u00ed \u017eeny si...Read more","og_url":"https:\/\/theyoungmessiah.com\/cs\/stranky-sugar-mummy\/","og_site_name":"Online Adult Dating","twitter_card":"summary_large_image","twitter_misc":{"Odhadovan\u00e1 doba \u010dten\u00ed":"5 minut"},"schema":{"@context":"https:\/\/schema.org","@graph":[{"@type":"WebSite","@id":"https:\/\/theyoungmessiah.com\/cs\/#website","url":"https:\/\/theyoungmessiah.com\/cs\/","name":"Online Adult Dating","description":"Local Sex Hookups","potentialAction":[{"@type":"SearchAction","target":{"@type":"EntryPoint","urlTemplate":"https:\/\/theyoungmessiah.com\/cs\/?s={search_term_string}"},"query-input":"required name=search_term_string"}],"inLanguage":"cs"},{"@type":"WebPage","@id":"https:\/\/theyoungmessiah.com\/cs\/stranky-sugar-mummy\/#webpage","url":"https:\/\/theyoungmessiah.com\/cs\/stranky-sugar-mummy\/","name":"Str\u00e1nky Sugar Mummy - Online Adult Dating","isPartOf":{"@id":"https:\/\/theyoungmessiah.com\/cs\/#website"},"datePublished":"2022-10-12T12:59:28+00:00","dateModified":"2022-10-12T12:59:28+00:00","breadcrumb":{"@id":"https:\/\/theyoungmessiah.com\/cs\/stranky-sugar-mummy\/#breadcrumb"},"inLanguage":"cs","potentialAction":[{"@type":"ReadAction","target":["https:\/\/theyoungmessiah.com\/cs\/stranky-sugar-mummy\/"]}]},{"@type":"BreadcrumbList","@id":"https:\/\/theyoungmessiah.com\/cs\/stranky-sugar-mummy\/#breadcrumb","itemListElement":[{"@type":"ListItem","position":1,"name":"Home","item":"https:\/\/theyoungmessiah.com\/cs\/"},{"@type":"ListItem","position":2,"name":"Str\u00e1nky Sugar Mummy"}]}]}},"_links":{"self":[{"href":"https:\/\/theyoungmessiah.com\/cs\/wp-json\/wp\/v2\/pages\/222"}],"collection":[{"href":"https:\/\/theyoungmessiah.com\/cs\/wp-json\/wp\/v2\/pages"}],"about":[{"href":"https:\/\/theyoungmessiah.com\/cs\/wp-json\/wp\/v2\/types\/page"}],"author":[{"embeddable":true,"href":"https:\/\/theyoungmessiah.com\/cs\/wp-json\/wp\/v2\/users\/1"}],"replies":[{"embeddable":true,"href":"https:\/\/theyoungmessiah.com\/cs\/wp-json\/wp\/v2\/comments?post=222"}],"version-history":[{"count":0,"href":"https:\/\/theyoungmessiah.com\/cs\/wp-json\/wp\/v2\/pages\/222\/revisions"}],"wp:attachment":[{"href":"https:\/\/theyoungmessiah.com\/cs\/wp-json\/wp\/v2\/media?parent=222"}],"curies":[{"name":"wp","href":"https:\/\/api.w.org\/{rel}","templated":true}]}}