{"id":224,"date":"2022-10-12T13:52:31","date_gmt":"2022-10-12T12:52:31","guid":{"rendered":"http:\/\/theyoungmessiah.com\/senior-seznamovaci-aplikace\/"},"modified":"2022-10-12T13:52:31","modified_gmt":"2022-10-12T12:52:31","slug":"senior-seznamovaci-aplikace","status":"publish","type":"page","link":"https:\/\/theyoungmessiah.com\/cs\/senior-seznamovaci-aplikace\/","title":{"rendered":"Senior Seznamovac\u00ed aplikace"},"content":{"rendered":"<p>Existuje n\u011bkolik r\u016fzn\u00fdch seniorsk\u00fdch seznamovac\u00edch aplikac\u00ed, ale nejobl\u00edben\u011bj\u0161\u00ed je Tinder. Tinder je <a href=\"http:\/\/theyoungmessiah.com\/free-local-hookups-sites\/\">seznamovac\u00ed aplikace<\/a> , kter\u00e1 umo\u017e\u0148uje u\u017eivatel\u016fm p\u0159ejet prstem doleva nebo doprava na potenci\u00e1ln\u00ed z\u00e1pasy. Pokud dva u\u017eivatel\u00e9 pot\u00e1hnou prstem doprava po sob\u011b, jsou sp\u00e1rov\u00e1ni a mohou chatovat. Tinder se nej\u010dast\u011bji pou\u017e\u00edv\u00e1 pro p\u0159ipojen\u00ed, ale m\u016f\u017ee b\u00fdt tak\u00e9 pou\u017eit pro datov\u00e1n\u00ed.<\/p>\n<h2>Seznamovac\u00ed str\u00e1nky pro v\u00edce ne\u017e 40 let<\/h2>\n<p>Existuje mnoho seznamovac\u00edch web\u016f pro v\u00edce ne\u017e 40 let, tak\u017ee to m\u016f\u017ee b\u00fdt ohromuj\u00edc\u00ed sna\u017eit se rozhodnout, kter\u00fd z nich je pro v\u00e1s ten prav\u00fd. Dobr\u00fdm m\u00edstem, kde za\u010d\u00edt, je p\u0159em\u00fd\u0161let o tom, co hled\u00e1te v partnerovi. Chcete n\u011bkoho, kdo je z\u00e1bavn\u00fd a bezstarostn\u00fd? N\u011bkdo, kdo je v\u00e1\u017en\u00fd a motivovan\u00fd? Jakmile v\u00edte, co hled\u00e1te, m\u016f\u017eete za\u010d\u00edt zu\u017eovat sv\u00e9 mo\u017enosti.<\/p>\n<p>Dal\u0161\u00ed v\u011bc, kterou je t\u0159eba zv\u00e1\u017eit, je, jak\u00fd druh datov\u00e1n\u00ed m\u00e1te z\u00e1jem. Hled\u00e1te n\u011bco neform\u00e1ln\u00edho, nebo v\u00e1s zaj\u00edm\u00e1 n\u011bco v\u00e1\u017en\u011bj\u0161\u00edho? Existuj\u00ed seznamovac\u00ed str\u00e1nky pro oba typy vztah\u016f, tak\u017ee se budete muset rozhodnout, kter\u00fd z nich je pro v\u00e1s ten prav\u00fd.<\/p>\n<p>Pokud je v\u00e1m v\u00edce ne\u017e 40 let a jste svobodn\u00ed, nen\u00ed d\u016fvod k zoufalstv\u00ed. Existuje spousta seznamovac\u00edch web\u016f, kter\u00e9 v\u00e1m pomohou naj\u00edt dokonal\u00e9ho partnera. Sta\u010d\u00ed si ud\u011blat \u010das, ud\u011blat sv\u016fj v\u00fdzkum a najdete ten, kter\u00fd je pro v\u00e1s ten prav\u00fd.<\/p>\n<h2>Zdarma Senior Seznamky<\/h2>\n<p>Existuje spousta bezplatn\u00fdch seniorsk\u00fdch seznamovac\u00edch str\u00e1nek dostupn\u00fdch online, ale ne v\u0161echny stoj\u00ed za v\u00e1\u0161 \u010das. Nejlep\u0161\u00ed bezplatn\u00e9 seznamovac\u00ed str\u00e1nky pro seniory jsou ty, kter\u00e9 v\u00e1m d\u00e1vaj\u00ed \u0161anci setkat se s nov\u00fdmi lidmi, budovat vztahy a mo\u017en\u00e1 i naj\u00edt l\u00e1sku. Chcete-li naj\u00edt nejlep\u0161\u00ed bezplatn\u00e9 seznamovac\u00ed str\u00e1nky pro seniory, budete se cht\u00edt ujistit, \u017ee maj\u00ed velkou u\u017eivatelskou z\u00e1kladnu, nab\u00edzej\u00ed spoustu funkc\u00ed a maj\u00ed pozitivn\u00ed pov\u011bst. S tolika bezplatn\u00fdmi seznamovac\u00edmi str\u00e1nkami pro seniory, ze kter\u00fdch si m\u016f\u017eete vybrat, je d\u016fle\u017eit\u00e9 naj\u00edt ten, kter\u00fd je pro v\u00e1s ten prav\u00fd.<\/p>\n<p>Existuje mnoho d\u016fvod\u016f, pro\u010d se lid\u00e9 mohou rozhodnout randit pozd\u011bji v \u017eivot\u011b. Mo\u017en\u00e1 jsou zralej\u0161\u00ed a maj\u00ed lep\u0161\u00ed p\u0159edstavu o tom, co ve vztahu hledaj\u00ed. Mo\u017en\u00e1 pro\u0161li rozvodem nebo m\u011bli n\u011bjakou jinou \u017eivotn\u00ed zku\u0161enost, kter\u00e1 je u\u010dinila opatrn\u011bj\u0161\u00edmi, kdy\u017e se s n\u011bk\u00fdm zapletli. A\u0165 u\u017e je d\u016fvod jak\u00fdkoli, existuje spousta zral\u00fdch singl\u016f, kte\u0159\u00ed pou\u017e\u00edvaj\u00ed online seznamovac\u00ed str\u00e1nky k nalezen\u00ed l\u00e1sky a spole\u010dnosti.<\/p>\n<p>Pokud uva\u017eujete o vyzkou\u0161en\u00ed online seznamov\u00e1n\u00ed, je d\u016fle\u017eit\u00e9 vybrat si web, kter\u00fd je zam\u011b\u0159en na zral\u00e9 nezadan\u00e9. Budete cht\u00edt hledat web, kter\u00fd m\u00e1 velkou a aktivn\u00ed \u010dlenskou z\u00e1kladnu, stejn\u011b jako robustn\u00ed sadu funkc\u00ed a bezpe\u010dnostn\u00edch opat\u0159en\u00ed. A samoz\u0159ejm\u011b se budete cht\u00edt ujistit, \u017ee web, kter\u00fd si vyberete, je ten, kter\u00fd se c\u00edt\u00edte pohodln\u011b.<\/p>\n<p>S trochou v\u00fdzkumu byste m\u011bli b\u00fdt schopni naj\u00edt online seznamku, kter\u00e1 je pro v\u00e1s ide\u00e1ln\u00ed. A kdo v\u00ed, mo\u017en\u00e1 najdete l\u00e1sku sv\u00e9ho \u017eivota.<\/p>\n<h3>LuckyCrush<\/h3>\n<p>Pokud hled\u00e1te seniorskou seznamovac\u00ed aplikaci, kter\u00e1 je zalo\u017eena na \u0161t\u011bst\u00ed, LuckyCrush je skv\u011bl\u00e1 volba. Je to bezplatn\u00e1 aplikace, kter\u00e1 v\u00e1s spojuje s ostatn\u00edmi u\u017eivateli na z\u00e1klad\u011b va\u0161\u00ed polohy a m\u016f\u017eete s nimi chatovat, pokud m\u00e1te oba z\u00e1jem. Aplikace m\u00e1 tak\u00e9 4hv\u011bzdi\u010dkov\u00e9 hodnocen\u00ed v App Store, tak\u017ee rozhodn\u011b stoj\u00ed za to se pod\u00edvat.<\/p>\n<h3>OneNightFriend<\/h3>\n<p>Pokud hled\u00e1te seniorskou seznamovac\u00ed aplikaci, OneNightFriend je skv\u011bl\u00e1 volba. Je snadno pou\u017eiteln\u00fd a m\u00e1 mnoho funkc\u00ed, d\u00edky nim\u017e je skv\u011blou volbou pro seniory. Aplikace je zdarma ke sta\u017een\u00ed a pou\u017eit\u00ed a je k dispozici na za\u0159\u00edzen\u00edch iOS i Android. OneNightFriend je skv\u011bl\u00fd zp\u016fsob, jak poznat nov\u00e9 lidi a naj\u00edt potenci\u00e1ln\u00ed shody. Aplikace se snadno pou\u017e\u00edv\u00e1 a m\u00e1 mnoho funkc\u00ed, d\u00edky nim\u017e je skv\u011blou volbou pro seniory. OneNightFriend je skv\u011bl\u00fd zp\u016fsob, jak poznat nov\u00e9 lidi a naj\u00edt potenci\u00e1ln\u00ed shody.<\/p>\n<h3>XPickup<\/h3>\n<p>XPickup je nov\u00e1 seznamovac\u00ed aplikace, kter\u00e1 je speci\u00e1ln\u011b navr\u017eena pro seniory. Je k dispozici zdarma v App Store a Google Play. Aplikace m\u00e1 jednoduch\u00e9 a u\u017eivatelsky p\u0159\u00edv\u011btiv\u00e9 rozhran\u00ed. U\u017eivatel\u00e9 si mohou vytvo\u0159it profil a p\u0159id\u00e1vat fotografie. Mohou pak hledat dal\u0161\u00ed seniory, kte\u0159\u00ed hledaj\u00ed rande. XPickup tak\u00e9 nab\u00edz\u00ed funkci chatu, tak\u017ee u\u017eivatel\u00e9 mohou vz\u00e1jemn\u011b komunikovat. Aplikace je bezpe\u010dn\u00e1 a zabezpe\u010den\u00e1 a snadno se pou\u017e\u00edv\u00e1. Celkov\u011b je XPickup skv\u011bl\u00e1 seznamovac\u00ed aplikace pro seniory.<\/p>\n<h3>BoneAMilf<\/h3>\n<p>Pokud hled\u00e1te seznamovac\u00ed aplikaci speci\u00e1ln\u011b navr\u017eenou pro star\u0161\u00ed dosp\u011bl\u00e9, m\u011bli byste se ur\u010dit\u011b pod\u00edvat na BoneAMilf. Tato aplikace je nabit\u00e1 funkcemi, kter\u00e9 usnad\u0148uj\u00ed nalezen\u00ed a spojen\u00ed s potenci\u00e1ln\u00edmi shodami, a m\u00e1 tak\u00e9 skv\u011bl\u00e9 u\u017eivatelsk\u00e9 rozhran\u00ed.<\/p>\n<p>Jednou z nejlep\u0161\u00edch v\u011bc\u00ed na BoneAMilf je, \u017ee nab\u00edz\u00ed \u0161irokou \u0161k\u00e1lu mo\u017enost\u00ed vyhled\u00e1v\u00e1n\u00ed, tak\u017ee m\u016f\u017eete snadno naj\u00edt lidi, kte\u0159\u00ed spl\u0148uj\u00ed va\u0161e konkr\u00e9tn\u00ed krit\u00e9ria. Pomoc\u00ed aplikace m\u016f\u017eete tak\u00e9 zobrazit profily ostatn\u00edch u\u017eivatel\u016f a zjistit, kdo je aktu\u00e1ln\u011b online.<\/p>\n<p>Aplikace m\u00e1 tak\u00e9 vestav\u011bn\u00fd syst\u00e9m zas\u00edl\u00e1n\u00ed zpr\u00e1v, tak\u017ee m\u016f\u017eete snadno chatovat s potenci\u00e1ln\u00edmi shodami. Celkov\u011b je BoneAMilf skv\u011blou volbou pro star\u0161\u00ed dosp\u011bl\u00e9, kte\u0159\u00ed hledaj\u00ed seznamovac\u00ed aplikaci, kter\u00e1 se snadno pou\u017e\u00edv\u00e1 a je pln\u00e1 funkc\u00ed.<\/p>\n","protected":false},"excerpt":{"rendered":"<p>Existuje n\u011bkolik r\u016fzn\u00fdch seniorsk\u00fdch seznamovac\u00edch aplikac\u00ed, ale nejobl\u00edben\u011bj\u0161\u00ed je Tinder. Tinder je seznamovac\u00ed aplikace , kter\u00e1 umo\u017e\u0148uje u\u017eivatel\u016fm p\u0159ejet prstem doleva nebo doprava na potenci\u00e1ln\u00ed z\u00e1pasy. Pokud dva u\u017eivatel\u00e9 pot\u00e1hnou prstem doprava po sob\u011b, jsou sp\u00e1rov\u00e1ni a mohou chatovat. Tinder se nej\u010dast\u011bji pou\u017e\u00edv\u00e1 pro p\u0159ipojen\u00ed, ale m\u016f\u017ee b\u00fdt tak\u00e9 pou\u017eit pro datov\u00e1n\u00ed. Seznamovac\u00ed str\u00e1nky pro&#8230;<a class=\"read-more-link button\" href=\"https:\/\/theyoungmessiah.com\/cs\/senior-seznamovaci-aplikace\/\">Read more<\/a><\/p>\n","protected":false},"author":1,"featured_media":0,"parent":0,"menu_order":0,"comment_status":"closed","ping_status":"closed","template":"","meta":[],"yoast_head":"<!-- This site is optimized with the Yoast SEO plugin v17.7.1 - https:\/\/yoast.com\/wordpress\/plugins\/seo\/ -->\n<title>Senior Seznamovac\u00ed aplikace - Online Adult Dating<\/title>\n<meta name=\"robots\" content=\"index, follow, max-snippet:-1, max-image-preview:large, max-video-preview:-1\" \/>\n<link rel=\"canonical\" href=\"https:\/\/theyoungmessiah.com\/cs\/senior-seznamovaci-aplikace\/\" \/>\n<meta property=\"og:locale\" content=\"cs_CZ\" \/>\n<meta property=\"og:type\" content=\"article\" \/>\n<meta property=\"og:title\" content=\"Senior Seznamovac\u00ed aplikace - Online Adult Dating\" \/>\n<meta property=\"og:description\" content=\"Existuje n\u011bkolik r\u016fzn\u00fdch seniorsk\u00fdch seznamovac\u00edch aplikac\u00ed, ale nejobl\u00edben\u011bj\u0161\u00ed je Tinder. Tinder je seznamovac\u00ed aplikace , kter\u00e1 umo\u017e\u0148uje u\u017eivatel\u016fm p\u0159ejet prstem doleva nebo doprava na potenci\u00e1ln\u00ed z\u00e1pasy. Pokud dva u\u017eivatel\u00e9 pot\u00e1hnou prstem doprava po sob\u011b, jsou sp\u00e1rov\u00e1ni a mohou chatovat. Tinder se nej\u010dast\u011bji pou\u017e\u00edv\u00e1 pro p\u0159ipojen\u00ed, ale m\u016f\u017ee b\u00fdt tak\u00e9 pou\u017eit pro datov\u00e1n\u00ed. Seznamovac\u00ed str\u00e1nky pro...Read more\" \/>\n<meta property=\"og:url\" content=\"https:\/\/theyoungmessiah.com\/cs\/senior-seznamovaci-aplikace\/\" \/>\n<meta property=\"og:site_name\" content=\"Online Adult Dating\" \/>\n<meta name=\"twitter:card\" content=\"summary_large_image\" \/>\n<meta name=\"twitter:label1\" content=\"Odhadovan\u00e1 doba \u010dten\u00ed\" \/>\n\t<meta name=\"twitter:data1\" content=\"5 minut\" \/>\n<script type=\"application\/ld+json\" class=\"yoast-schema-graph\">{\"@context\":\"https:\/\/schema.org\",\"@graph\":[{\"@type\":\"WebSite\",\"@id\":\"https:\/\/theyoungmessiah.com\/cs\/#website\",\"url\":\"https:\/\/theyoungmessiah.com\/cs\/\",\"name\":\"Online Adult Dating\",\"description\":\"Local Sex Hookups\",\"potentialAction\":[{\"@type\":\"SearchAction\",\"target\":{\"@type\":\"EntryPoint\",\"urlTemplate\":\"https:\/\/theyoungmessiah.com\/cs\/?s={search_term_string}\"},\"query-input\":\"required name=search_term_string\"}],\"inLanguage\":\"cs\"},{\"@type\":\"WebPage\",\"@id\":\"https:\/\/theyoungmessiah.com\/cs\/senior-seznamovaci-aplikace\/#webpage\",\"url\":\"https:\/\/theyoungmessiah.com\/cs\/senior-seznamovaci-aplikace\/\",\"name\":\"Senior Seznamovac\\u00ed aplikace - Online Adult Dating\",\"isPartOf\":{\"@id\":\"https:\/\/theyoungmessiah.com\/cs\/#website\"},\"datePublished\":\"2022-10-12T12:52:31+00:00\",\"dateModified\":\"2022-10-12T12:52:31+00:00\",\"breadcrumb\":{\"@id\":\"https:\/\/theyoungmessiah.com\/cs\/senior-seznamovaci-aplikace\/#breadcrumb\"},\"inLanguage\":\"cs\",\"potentialAction\":[{\"@type\":\"ReadAction\",\"target\":[\"https:\/\/theyoungmessiah.com\/cs\/senior-seznamovaci-aplikace\/\"]}]},{\"@type\":\"BreadcrumbList\",\"@id\":\"https:\/\/theyoungmessiah.com\/cs\/senior-seznamovaci-aplikace\/#breadcrumb\",\"itemListElement\":[{\"@type\":\"ListItem\",\"position\":1,\"name\":\"Home\",\"item\":\"https:\/\/theyoungmessiah.com\/cs\/\"},{\"@type\":\"ListItem\",\"position\":2,\"name\":\"Senior Seznamovac\\u00ed aplikace\"}]}]}<\/script>\n<!-- \/ Yoast SEO plugin. -->","yoast_head_json":{"title":"Senior Seznamovac\u00ed aplikace - Online Adult Dating","robots":{"index":"index","follow":"follow","max-snippet":"max-snippet:-1","max-image-preview":"max-image-preview:large","max-video-preview":"max-video-preview:-1"},"canonical":"https:\/\/theyoungmessiah.com\/cs\/senior-seznamovaci-aplikace\/","og_locale":"cs_CZ","og_type":"article","og_title":"Senior Seznamovac\u00ed aplikace - Online Adult Dating","og_description":"Existuje n\u011bkolik r\u016fzn\u00fdch seniorsk\u00fdch seznamovac\u00edch aplikac\u00ed, ale nejobl\u00edben\u011bj\u0161\u00ed je Tinder. Tinder je seznamovac\u00ed aplikace , kter\u00e1 umo\u017e\u0148uje u\u017eivatel\u016fm p\u0159ejet prstem doleva nebo doprava na potenci\u00e1ln\u00ed z\u00e1pasy. Pokud dva u\u017eivatel\u00e9 pot\u00e1hnou prstem doprava po sob\u011b, jsou sp\u00e1rov\u00e1ni a mohou chatovat. Tinder se nej\u010dast\u011bji pou\u017e\u00edv\u00e1 pro p\u0159ipojen\u00ed, ale m\u016f\u017ee b\u00fdt tak\u00e9 pou\u017eit pro datov\u00e1n\u00ed. Seznamovac\u00ed str\u00e1nky pro...Read more","og_url":"https:\/\/theyoungmessiah.com\/cs\/senior-seznamovaci-aplikace\/","og_site_name":"Online Adult Dating","twitter_card":"summary_large_image","twitter_misc":{"Odhadovan\u00e1 doba \u010dten\u00ed":"5 minut"},"schema":{"@context":"https:\/\/schema.org","@graph":[{"@type":"WebSite","@id":"https:\/\/theyoungmessiah.com\/cs\/#website","url":"https:\/\/theyoungmessiah.com\/cs\/","name":"Online Adult Dating","description":"Local Sex Hookups","potentialAction":[{"@type":"SearchAction","target":{"@type":"EntryPoint","urlTemplate":"https:\/\/theyoungmessiah.com\/cs\/?s={search_term_string}"},"query-input":"required name=search_term_string"}],"inLanguage":"cs"},{"@type":"WebPage","@id":"https:\/\/theyoungmessiah.com\/cs\/senior-seznamovaci-aplikace\/#webpage","url":"https:\/\/theyoungmessiah.com\/cs\/senior-seznamovaci-aplikace\/","name":"Senior Seznamovac\u00ed aplikace - Online Adult Dating","isPartOf":{"@id":"https:\/\/theyoungmessiah.com\/cs\/#website"},"datePublished":"2022-10-12T12:52:31+00:00","dateModified":"2022-10-12T12:52:31+00:00","breadcrumb":{"@id":"https:\/\/theyoungmessiah.com\/cs\/senior-seznamovaci-aplikace\/#breadcrumb"},"inLanguage":"cs","potentialAction":[{"@type":"ReadAction","target":["https:\/\/theyoungmessiah.com\/cs\/senior-seznamovaci-aplikace\/"]}]},{"@type":"BreadcrumbList","@id":"https:\/\/theyoungmessiah.com\/cs\/senior-seznamovaci-aplikace\/#breadcrumb","itemListElement":[{"@type":"ListItem","position":1,"name":"Home","item":"https:\/\/theyoungmessiah.com\/cs\/"},{"@type":"ListItem","position":2,"name":"Senior Seznamovac\u00ed aplikace"}]}]}},"_links":{"self":[{"href":"https:\/\/theyoungmessiah.com\/cs\/wp-json\/wp\/v2\/pages\/224"}],"collection":[{"href":"https:\/\/theyoungmessiah.com\/cs\/wp-json\/wp\/v2\/pages"}],"about":[{"href":"https:\/\/theyoungmessiah.com\/cs\/wp-json\/wp\/v2\/types\/page"}],"author":[{"embeddable":true,"href":"https:\/\/theyoungmessiah.com\/cs\/wp-json\/wp\/v2\/users\/1"}],"replies":[{"embeddable":true,"href":"https:\/\/theyoungmessiah.com\/cs\/wp-json\/wp\/v2\/comments?post=224"}],"version-history":[{"count":0,"href":"https:\/\/theyoungmessiah.com\/cs\/wp-json\/wp\/v2\/pages\/224\/revisions"}],"wp:attachment":[{"href":"https:\/\/theyoungmessiah.com\/cs\/wp-json\/wp\/v2\/media?parent=224"}],"curies":[{"name":"wp","href":"https:\/\/api.w.org\/{rel}","templated":true}]}}