{"id":243,"date":"2022-10-12T13:51:58","date_gmt":"2022-10-12T12:51:58","guid":{"rendered":"http:\/\/theyoungmessiah.com\/zdarma-milf-chat-stranky\/"},"modified":"2022-10-12T13:51:58","modified_gmt":"2022-10-12T12:51:58","slug":"zdarma-milf-chat-stranky","status":"publish","type":"page","link":"https:\/\/theyoungmessiah.com\/cs\/zdarma-milf-chat-stranky\/","title":{"rendered":"Zdarma Milf Chat Str\u00e1nky"},"content":{"rendered":"<p>Existuje spousta bezplatn\u00fdch milf chat str\u00e1nek online, kter\u00e9 v\u00e1m umo\u017en\u00ed chatovat se zral\u00fdmi \u017eenami, kter\u00e9 hledaj\u00ed flirt. Tyto str\u00e1nky jsou skv\u011bl\u00fdm zp\u016fsobem, jak se spojit se star\u0161\u00edmi \u017eenami, kter\u00e9 maj\u00ed z\u00e1jem o p\u0159ipojen\u00ed. V\u0161e, co mus\u00edte ud\u011blat, je vytvo\u0159it profil a za\u010d\u00edt chatovat. Budete p\u0159ekvapeni, jak snadn\u00e9 je naj\u00edt milf, se kter\u00fdm si m\u016f\u017eete pov\u00eddat.<\/p>\n<h2>Zdarma MILF Chatrooms<\/h2>\n<p>Existuje mnoho bezplatn\u00fdch milf chatovac\u00edch m\u00edstnost\u00ed k dispozici online, kter\u00e9 mohou b\u00fdt <a href=\"http:\/\/theyoungmessiah.com\/horny-people-near-me\/\">pou\u017eity pro \u00fa\u010dely datov\u00e1n\u00ed<\/a>. Tyto chatovac\u00ed m\u00edstnosti poskytuj\u00ed skv\u011blou platformu pro setk\u00e1n\u00ed s potenci\u00e1ln\u00edmi partnery a jejich lep\u0161\u00ed pozn\u00e1n\u00ed. Mnoho chatovac\u00edch m\u00edstnost\u00ed tak\u00e9 nab\u00edz\u00ed webov\u00e9 kamery, kter\u00e9 lze pou\u017e\u00edt pro dal\u0161\u00ed komunikaci. Zdarma milf chatovac\u00ed m\u00edstnosti lze nal\u00e9zt na mnoha seznamovac\u00edch webov\u00fdch str\u00e1nk\u00e1ch a jsou skv\u011bl\u00fdm zdrojem pro setk\u00e1n\u00ed s nov\u00fdmi lidmi.<\/p>\n<p>Chatov\u00e1n\u00ed s milfs online m\u016f\u017ee b\u00fdt skv\u011bl\u00fd zp\u016fsob, jak je l\u00e9pe poznat a vybudovat vztah. Zde je n\u011bkolik tip\u016f, jak z konverzac\u00ed vyt\u011b\u017eit maximum:<\/p>\n<p>Ud\u011blejte si \u010das na p\u0159e\u010dten\u00ed jejich profilu, ne\u017e za\u010dnete chatovat. To v\u00e1m d\u00e1 p\u0159edstavu o tom, co je zaj\u00edm\u00e1, a pom\u016f\u017ee v\u00e1m nasm\u011brovat konverzaci t\u00edmto sm\u011brem.<\/p>\n<ul>\n<li>Bu\u010fte uctiv\u00ed a vyhn\u011bte se ur\u00e1\u017eliv\u00fdm nebo sugestivn\u00edm pozn\u00e1mk\u00e1m.<\/li>\n<li>Pokl\u00e1dejte ot\u00e1zky a pozorn\u011b naslouchejte jejich odpov\u011bd\u00edm. To uk\u00e1\u017ee, \u017ee se o n\u011b zaj\u00edm\u00e1te, a pom\u016f\u017ee v\u00e1m udr\u017eet konverzaci plynulou.<\/li>\n<li>Nebojte se trochu flirtovat \u2013 to v\u0161e je sou\u010d\u00e1st\u00ed z\u00e1bavy!<\/li>\n<li>Ukon\u010dete konverzaci pozitivn\u011b, dejte jim v\u011bd\u011bt, \u017ee jste si s nimi u\u017eili rozhovor a douf\u00e1te, \u017ee si brzy znovu popov\u00edd\u00e1te.<\/li>\n<\/ul>\n<h2>Promluvte si s Milfsem<\/h2>\n<p>M\u011bl jsem n\u011bkolik skv\u011bl\u00fdch rozhovor\u016f s milfs na online seznamk\u00e1ch. Obvykle jsou velmi otev\u0159en\u00ed a ochotn\u00ed mluvit o r\u016fzn\u00fdch t\u00e9matech. Zjistil jsem, \u017ee jsou \u010dasto zku\u0161en\u011bj\u0161\u00ed ne\u017e mlad\u0161\u00ed \u017eeny a jsou obvykle sebev\u011bdom\u011bj\u0161\u00ed ve sv\u00e9 sexualit\u011b. To d\u011bl\u00e1 skv\u011blou kombinaci v lo\u017enici. Tak\u00e9 jsem zjistil, \u017ee milfs jsou \u010dasto velmi otev\u0159eni zkou\u0161en\u00ed nov\u00fdch v\u011bc\u00ed a jsou obvykle ochotni experimentovat. M\u011bl jsem n\u011bjak\u00e9 skv\u011bl\u00e9 zku\u0161enosti s milfs a ur\u010dit\u011b bych je doporu\u010dil ka\u017ed\u00e9mu, kdo hled\u00e1 skv\u011bl\u00fd \u010das.<\/p>\n<h3>Geek2Geek<\/h3>\n<p>Pokud hled\u00e1te seznamovac\u00ed aplikaci, kter\u00e1 se star\u00e1 o geeky, budete se cht\u00edt pod\u00edvat na Geek2Geek. Tato aplikace je navr\u017eena speci\u00e1ln\u011b pro geeky a poskytuje z\u00e1bavn\u00fd, bezpe\u010dn\u00fd a snadn\u00fd zp\u016fsob, jak se setkat a chatovat s ostatn\u00edmi geeky. Aplikace je zdarma ke sta\u017een\u00ed a pou\u017eit\u00ed a je k dispozici pro za\u0159\u00edzen\u00ed iOS i Android. Jednou z nejlep\u0161\u00edch v\u011bc\u00ed na Geek2Geek je, \u017ee je to z\u00f3na bez \u00fasudku. A\u0165 u\u017e jste do cosplay, hran\u00ed, komiks\u016f nebo cokoli jin\u00e9ho geeky, najdete v t\u00e9to aplikaci komunitu podobn\u011b sm\u00fd\u0161lej\u00edc\u00edch lid\u00ed. Aplikace m\u00e1 tak\u00e9 \u0159adu funkc\u00ed, kter\u00e9 v\u00e1m pomohou spojit se s ostatn\u00edmi geeky, v\u010detn\u011b soukrom\u00e9ho syst\u00e9mu zas\u00edl\u00e1n\u00ed zpr\u00e1v, &#8222;geek kv\u00edzu&#8220;, kter\u00fd v\u00e1m pom\u016f\u017ee naj\u00edt z\u00e1pasy, a &#8222;geekipedia&#8220; s mno\u017estv\u00edm informac\u00ed o v\u0161ech v\u011bcech geeky.<\/p>\n<p>Pokud hled\u00e1te z\u00e1bavn\u00fd, bezpe\u010dn\u00fd a snadn\u00fd zp\u016fsob, jak se spojit s ostatn\u00edmi geeky, Geek2Geek je seznamovac\u00ed aplikace pro v\u00e1s.<\/p>\n<h3>Chatzy<\/h3>\n<p>Pokud hled\u00e1te bezplatn\u00fd milf chatovac\u00ed web, Chatzy je skv\u011bl\u00e1 volba. Str\u00e1nka m\u00e1 \u010dist\u00e9, u\u017eivatelsky p\u0159\u00edv\u011btiv\u00e9 rozhran\u00ed a je snadn\u00e9 naj\u00edt a p\u0159ipojit se k chatovac\u00edm m\u00edstnostem. K dispozici je tak\u00e9 \u0159ada funkc\u00ed, v\u010detn\u011b mo\u017enosti odes\u00edlat soukrom\u00e9 zpr\u00e1vy, sd\u00edlet fotografie a vytv\u00e1\u0159et skupiny.<\/p>\n<p>Zat\u00edmco web nem\u00e1 tunu u\u017eivatel\u016f, je to st\u00e1le skv\u011bl\u00e1 volba pro chatov\u00e1n\u00ed s milfs. Pokoje jsou obecn\u011b aktivn\u00ed a obvykle najdete milf, se kter\u00fdm si m\u016f\u017eete popov\u00eddat. M\u00edsto m\u00e1 tak\u00e9 dobr\u00fd v\u00fdb\u011br pokoj\u016f, tak\u017ee jste si jisti, \u017ee najdete ten, kter\u00fd je pro v\u00e1s to prav\u00e9.<\/p>\n<h3>Vyh\u0159\u00edvan\u00e9f\u00e1\u0159e<\/h3>\n<p>HeatedAffairs je milf chatovac\u00ed str\u00e1nka, kter\u00e1 v\u00e1m umo\u017en\u00ed spojit se se star\u0161\u00edmi \u017eenami zdarma. M\u00edsto m\u00e1 jednoduch\u00fd design a je snadno pou\u017eiteln\u00e9. M\u016f\u017eete proch\u00e1zet profily a pos\u00edlat zpr\u00e1vy \u017een\u00e1m, kter\u00e9 v\u00e1s zaj\u00edmaj\u00ed. \u017deny na webu jsou aktivn\u00ed a reaguj\u00ed. M\u016f\u017eete tak\u00e9 pou\u017e\u00edt str\u00e1nky k nalezen\u00ed milfs ve va\u0161\u00ed oblasti.<\/p>\n<h3>Milfaholic<\/h3>\n<p>Pokud hled\u00e1te bezplatn\u00fd milf chat, pak byste se m\u011bli ur\u010dit\u011b pod\u00edvat na Milfaholic. Tato str\u00e1nka je skv\u011blou volbou pro ty, kte\u0159\u00ed hledaj\u00ed m\u00edsto pro chat se star\u0161\u00edmi \u017eenami. Na webu je mnoho r\u016fzn\u00fdch chatovac\u00edch m\u00edstnost\u00ed, tak\u017ee m\u016f\u017eete v\u017edy naj\u00edt ten, kter\u00fd v\u00e1s zaj\u00edm\u00e1. \u010cleny m\u016f\u017eete tak\u00e9 vyhled\u00e1vat podle v\u011bku, polohy nebo z\u00e1jm\u016f.<\/p>\n<p>Nejlep\u0161\u00ed na Milfaholic je, \u017ee je zcela zdarma k pou\u017eit\u00ed. M\u016f\u017eete si zaregistrovat \u00fa\u010det a za\u010d\u00edt chatovat hned. Za pou\u017e\u00edv\u00e1n\u00ed webu nen\u00ed t\u0159eba nic platit. D\u00edky tomu je to skv\u011bl\u00e1 volba pro ty, kte\u0159\u00ed cht\u011bj\u00ed chatovat se star\u0161\u00edmi \u017eenami, ani\u017e by museli utr\u00e1cet pen\u00edze.<\/p>\n","protected":false},"excerpt":{"rendered":"<p>Existuje spousta bezplatn\u00fdch milf chat str\u00e1nek online, kter\u00e9 v\u00e1m umo\u017en\u00ed chatovat se zral\u00fdmi \u017eenami, kter\u00e9 hledaj\u00ed flirt. Tyto str\u00e1nky jsou skv\u011bl\u00fdm zp\u016fsobem, jak se spojit se star\u0161\u00edmi \u017eenami, kter\u00e9 maj\u00ed z\u00e1jem o p\u0159ipojen\u00ed. V\u0161e, co mus\u00edte ud\u011blat, je vytvo\u0159it profil a za\u010d\u00edt chatovat. Budete p\u0159ekvapeni, jak snadn\u00e9 je naj\u00edt milf, se kter\u00fdm si m\u016f\u017eete pov\u00eddat&#8230;.<a class=\"read-more-link button\" href=\"https:\/\/theyoungmessiah.com\/cs\/zdarma-milf-chat-stranky\/\">Read more<\/a><\/p>\n","protected":false},"author":1,"featured_media":0,"parent":0,"menu_order":0,"comment_status":"closed","ping_status":"closed","template":"","meta":[],"yoast_head":"<!-- This site is optimized with the Yoast SEO plugin v17.7.1 - https:\/\/yoast.com\/wordpress\/plugins\/seo\/ -->\n<title>Zdarma Milf Chat Str\u00e1nky - Online Adult Dating<\/title>\n<meta name=\"robots\" content=\"index, follow, max-snippet:-1, max-image-preview:large, max-video-preview:-1\" \/>\n<link rel=\"canonical\" href=\"https:\/\/theyoungmessiah.com\/cs\/zdarma-milf-chat-stranky\/\" \/>\n<meta property=\"og:locale\" content=\"cs_CZ\" \/>\n<meta property=\"og:type\" content=\"article\" \/>\n<meta property=\"og:title\" content=\"Zdarma Milf Chat Str\u00e1nky - Online Adult Dating\" \/>\n<meta property=\"og:description\" content=\"Existuje spousta bezplatn\u00fdch milf chat str\u00e1nek online, kter\u00e9 v\u00e1m umo\u017en\u00ed chatovat se zral\u00fdmi \u017eenami, kter\u00e9 hledaj\u00ed flirt. Tyto str\u00e1nky jsou skv\u011bl\u00fdm zp\u016fsobem, jak se spojit se star\u0161\u00edmi \u017eenami, kter\u00e9 maj\u00ed z\u00e1jem o p\u0159ipojen\u00ed. V\u0161e, co mus\u00edte ud\u011blat, je vytvo\u0159it profil a za\u010d\u00edt chatovat. Budete p\u0159ekvapeni, jak snadn\u00e9 je naj\u00edt milf, se kter\u00fdm si m\u016f\u017eete pov\u00eddat....Read more\" \/>\n<meta property=\"og:url\" content=\"https:\/\/theyoungmessiah.com\/cs\/zdarma-milf-chat-stranky\/\" \/>\n<meta property=\"og:site_name\" content=\"Online Adult Dating\" \/>\n<meta name=\"twitter:card\" content=\"summary_large_image\" \/>\n<meta name=\"twitter:label1\" content=\"Odhadovan\u00e1 doba \u010dten\u00ed\" \/>\n\t<meta name=\"twitter:data1\" content=\"5 minut\" \/>\n<script type=\"application\/ld+json\" class=\"yoast-schema-graph\">{\"@context\":\"https:\/\/schema.org\",\"@graph\":[{\"@type\":\"WebSite\",\"@id\":\"https:\/\/theyoungmessiah.com\/cs\/#website\",\"url\":\"https:\/\/theyoungmessiah.com\/cs\/\",\"name\":\"Online Adult Dating\",\"description\":\"Local Sex Hookups\",\"potentialAction\":[{\"@type\":\"SearchAction\",\"target\":{\"@type\":\"EntryPoint\",\"urlTemplate\":\"https:\/\/theyoungmessiah.com\/cs\/?s={search_term_string}\"},\"query-input\":\"required name=search_term_string\"}],\"inLanguage\":\"cs\"},{\"@type\":\"WebPage\",\"@id\":\"https:\/\/theyoungmessiah.com\/cs\/zdarma-milf-chat-stranky\/#webpage\",\"url\":\"https:\/\/theyoungmessiah.com\/cs\/zdarma-milf-chat-stranky\/\",\"name\":\"Zdarma Milf Chat Str\\u00e1nky - Online Adult Dating\",\"isPartOf\":{\"@id\":\"https:\/\/theyoungmessiah.com\/cs\/#website\"},\"datePublished\":\"2022-10-12T12:51:58+00:00\",\"dateModified\":\"2022-10-12T12:51:58+00:00\",\"breadcrumb\":{\"@id\":\"https:\/\/theyoungmessiah.com\/cs\/zdarma-milf-chat-stranky\/#breadcrumb\"},\"inLanguage\":\"cs\",\"potentialAction\":[{\"@type\":\"ReadAction\",\"target\":[\"https:\/\/theyoungmessiah.com\/cs\/zdarma-milf-chat-stranky\/\"]}]},{\"@type\":\"BreadcrumbList\",\"@id\":\"https:\/\/theyoungmessiah.com\/cs\/zdarma-milf-chat-stranky\/#breadcrumb\",\"itemListElement\":[{\"@type\":\"ListItem\",\"position\":1,\"name\":\"Home\",\"item\":\"https:\/\/theyoungmessiah.com\/cs\/\"},{\"@type\":\"ListItem\",\"position\":2,\"name\":\"Zdarma Milf Chat Str\\u00e1nky\"}]}]}<\/script>\n<!-- \/ Yoast SEO plugin. -->","yoast_head_json":{"title":"Zdarma Milf Chat Str\u00e1nky - Online Adult Dating","robots":{"index":"index","follow":"follow","max-snippet":"max-snippet:-1","max-image-preview":"max-image-preview:large","max-video-preview":"max-video-preview:-1"},"canonical":"https:\/\/theyoungmessiah.com\/cs\/zdarma-milf-chat-stranky\/","og_locale":"cs_CZ","og_type":"article","og_title":"Zdarma Milf Chat Str\u00e1nky - Online Adult Dating","og_description":"Existuje spousta bezplatn\u00fdch milf chat str\u00e1nek online, kter\u00e9 v\u00e1m umo\u017en\u00ed chatovat se zral\u00fdmi \u017eenami, kter\u00e9 hledaj\u00ed flirt. Tyto str\u00e1nky jsou skv\u011bl\u00fdm zp\u016fsobem, jak se spojit se star\u0161\u00edmi \u017eenami, kter\u00e9 maj\u00ed z\u00e1jem o p\u0159ipojen\u00ed. V\u0161e, co mus\u00edte ud\u011blat, je vytvo\u0159it profil a za\u010d\u00edt chatovat. Budete p\u0159ekvapeni, jak snadn\u00e9 je naj\u00edt milf, se kter\u00fdm si m\u016f\u017eete pov\u00eddat....Read more","og_url":"https:\/\/theyoungmessiah.com\/cs\/zdarma-milf-chat-stranky\/","og_site_name":"Online Adult Dating","twitter_card":"summary_large_image","twitter_misc":{"Odhadovan\u00e1 doba \u010dten\u00ed":"5 minut"},"schema":{"@context":"https:\/\/schema.org","@graph":[{"@type":"WebSite","@id":"https:\/\/theyoungmessiah.com\/cs\/#website","url":"https:\/\/theyoungmessiah.com\/cs\/","name":"Online Adult Dating","description":"Local Sex Hookups","potentialAction":[{"@type":"SearchAction","target":{"@type":"EntryPoint","urlTemplate":"https:\/\/theyoungmessiah.com\/cs\/?s={search_term_string}"},"query-input":"required name=search_term_string"}],"inLanguage":"cs"},{"@type":"WebPage","@id":"https:\/\/theyoungmessiah.com\/cs\/zdarma-milf-chat-stranky\/#webpage","url":"https:\/\/theyoungmessiah.com\/cs\/zdarma-milf-chat-stranky\/","name":"Zdarma Milf Chat Str\u00e1nky - Online Adult Dating","isPartOf":{"@id":"https:\/\/theyoungmessiah.com\/cs\/#website"},"datePublished":"2022-10-12T12:51:58+00:00","dateModified":"2022-10-12T12:51:58+00:00","breadcrumb":{"@id":"https:\/\/theyoungmessiah.com\/cs\/zdarma-milf-chat-stranky\/#breadcrumb"},"inLanguage":"cs","potentialAction":[{"@type":"ReadAction","target":["https:\/\/theyoungmessiah.com\/cs\/zdarma-milf-chat-stranky\/"]}]},{"@type":"BreadcrumbList","@id":"https:\/\/theyoungmessiah.com\/cs\/zdarma-milf-chat-stranky\/#breadcrumb","itemListElement":[{"@type":"ListItem","position":1,"name":"Home","item":"https:\/\/theyoungmessiah.com\/cs\/"},{"@type":"ListItem","position":2,"name":"Zdarma Milf Chat Str\u00e1nky"}]}]}},"_links":{"self":[{"href":"https:\/\/theyoungmessiah.com\/cs\/wp-json\/wp\/v2\/pages\/243"}],"collection":[{"href":"https:\/\/theyoungmessiah.com\/cs\/wp-json\/wp\/v2\/pages"}],"about":[{"href":"https:\/\/theyoungmessiah.com\/cs\/wp-json\/wp\/v2\/types\/page"}],"author":[{"embeddable":true,"href":"https:\/\/theyoungmessiah.com\/cs\/wp-json\/wp\/v2\/users\/1"}],"replies":[{"embeddable":true,"href":"https:\/\/theyoungmessiah.com\/cs\/wp-json\/wp\/v2\/comments?post=243"}],"version-history":[{"count":0,"href":"https:\/\/theyoungmessiah.com\/cs\/wp-json\/wp\/v2\/pages\/243\/revisions"}],"wp:attachment":[{"href":"https:\/\/theyoungmessiah.com\/cs\/wp-json\/wp\/v2\/media?parent=243"}],"curies":[{"name":"wp","href":"https:\/\/api.w.org\/{rel}","templated":true}]}}