{"id":245,"date":"2022-10-12T13:52:14","date_gmt":"2022-10-12T12:52:14","guid":{"rendered":"http:\/\/theyoungmessiah.com\/zdarma-mistni-hookup-stranky\/"},"modified":"2022-10-12T13:52:14","modified_gmt":"2022-10-12T12:52:14","slug":"zdarma-mistni-hookup-stranky","status":"publish","type":"page","link":"https:\/\/theyoungmessiah.com\/cs\/zdarma-mistni-hookup-stranky\/","title":{"rendered":"Zdarma m\u00edstn\u00ed hookup str\u00e1nky"},"content":{"rendered":"<p>Existuje mnoho <a href=\"http:\/\/theyoungmessiah.com\/free-milf-chat-sites\/\">m\u00edstn\u00edch str\u00e1nek pro p\u0159ipojen\u00ed<\/a> , kter\u00e9 v\u00e1m pomohou naj\u00edt n\u011bkoho, s k\u00fdm se m\u016f\u017eete spojit. V\u0161e, co mus\u00edte ud\u011blat, je vytvo\u0159it si profil a za\u010d\u00edt hledat n\u011bkoho, kdo spl\u0148uje va\u0161e krit\u00e9ria. Spojen\u00ed s n\u011bk\u00fdm m\u016f\u017ee b\u00fdt skv\u011bl\u00fd zp\u016fsob, jak se bavit a za\u017e\u00edt nov\u00e9 v\u011bci, ale je d\u016fle\u017eit\u00e9 b\u00fdt p\u0159i tom v bezpe\u010d\u00ed a zodpov\u011bdn\u00fd. Ujist\u011bte se, \u017ee zn\u00e1te osobu dob\u0159e p\u0159ed setk\u00e1n\u00edm, a v\u017edy se nejprve setk\u00e1te na ve\u0159ejn\u00e9m m\u00edst\u011b. S trochou pl\u00e1nov\u00e1n\u00ed a \u0161t\u011bst\u00ed m\u016f\u017eete naj\u00edt n\u011bkoho, s k\u00fdm se m\u016f\u017eete spojit na jednom z t\u011bchto m\u00edstn\u00edch web\u016f.<\/p>\n<h2>M\u00edstn\u00ed hook up bl\u00edzko m\u011b<\/h2>\n<p>Nic se nevyrovn\u00e1 vzru\u0161en\u00ed ze setk\u00e1n\u00ed s n\u011bk\u00fdm nov\u00fdm a o\u010dek\u00e1v\u00e1n\u00ed toho, co by se mohlo st\u00e1t d\u00e1l. Pokud jde o nalezen\u00ed m\u00edstn\u00edho p\u0159ipojen\u00ed v m\u00e9m okol\u00ed, nen\u00ed nedostatek mo\u017enost\u00ed. A\u0165 u\u017e hled\u00e1te p\u0159\u00edle\u017eitostn\u00e9 setk\u00e1n\u00ed nebo n\u011bco trochu v\u00e1\u017en\u011bj\u0161\u00edho, ur\u010dit\u011b se najde n\u011bkdo, kdo je pro v\u00e1s ten prav\u00fd.<\/p>\n<p>Skv\u011bl\u00e1 v\u011bc na internetu je, \u017ee otev\u0159ela sv\u011bt datov\u00e1n\u00ed a p\u0159ipojen\u00ed ke ka\u017ed\u00e9mu. Bez ohledu na to, kde \u017eijete, v okol\u00ed mus\u00ed b\u00fdt n\u011bkdo, kdo hled\u00e1 stejnou v\u011bc jako vy. V\u0161e, co mus\u00edte ud\u011blat, je d\u00e1t se tam a uvid\u00edte, co se stane.<\/p>\n<p>Kdo v\u00ed, mo\u017en\u00e1 najdete l\u00e1sku sv\u00e9ho \u017eivota. Nebo p\u0159inejmen\u0161\u00edm budete m\u00edt n\u011bjak\u00e9 skv\u011bl\u00e9 p\u0159\u00edb\u011bhy, kter\u00e9 m\u016f\u017eete vypr\u00e1v\u011bt sv\u00fdm p\u0159\u00e1tel\u016fm.<\/p>\n<p>Existuje spousta seznamovac\u00edch webov\u00fdch str\u00e1nek a aplikac\u00ed, kter\u00e9 nab\u00edzej\u00ed bezplatn\u00e9 m\u00edstn\u00ed p\u0159ipojen\u00ed. To znamen\u00e1, \u017ee je m\u016f\u017eete pou\u017e\u00edt k nalezen\u00ed lid\u00ed ve va\u0161\u00ed oblasti, kte\u0159\u00ed hledaj\u00ed stejnou v\u011bc jako vy. V\u0161e, co mus\u00edte ud\u011blat, je vytvo\u0159it profil a za\u010d\u00edt hledat. Tyto webov\u00e9 str\u00e1nky a aplikace m\u016f\u017eete tak\u00e9 pou\u017e\u00edt k chatov\u00e1n\u00ed s lidmi ve va\u0161\u00ed oblasti, kte\u0159\u00ed hledaj\u00ed stejnou v\u011bc jako vy.<\/p>\n<h2>M\u00edstn\u00ed hookupy v m\u00e9m okol\u00ed<\/h2>\n<p>Existuje spousta m\u00edstn\u00edch mo\u017enost\u00ed p\u0159ipojen\u00ed v m\u00e9m okol\u00ed, pokud jde o online datov\u00e1n\u00ed. M\u016f\u017eete naj\u00edt webov\u00e9 str\u00e1nky a aplikace, kter\u00e9 jsou speci\u00e1ln\u011b navr\u017eeny tak, aby v\u00e1m pomohly spojit se s ostatn\u00edmi nezadan\u00fdmi ve va\u0161\u00ed oblasti. D\u00edky tomu je snadn\u00e9 naj\u00edt datum nebo p\u0159ipojen\u00ed, ani\u017e byste museli cestovat p\u0159\u00edli\u0161 daleko. Existuje tak\u00e9 spousta lid\u00ed, kte\u0159\u00ed pou\u017e\u00edvaj\u00ed online datov\u00e1n\u00ed jako zp\u016fsob, jak se setkat s nov\u00fdmi lidmi a z\u00edskat nov\u00e9 p\u0159\u00e1tele. A\u0165 u\u017e hled\u00e1te p\u0159\u00edle\u017eitostn\u00e9 spojen\u00ed nebo v\u00e1\u017en\u00fd vztah, je tu n\u011bkdo pro v\u00e1s.<\/p>\n<h3>BBWCupid<\/h3>\n<p>BBWCupid je jednou z nejpopul\u00e1rn\u011bj\u0161\u00edch seznamovac\u00edch aplikac\u00ed pro zak\u0159iven\u00e9 \u017eeny a mu\u017ee, kte\u0159\u00ed je miluj\u00ed. Aplikace je zdarma ke sta\u017een\u00ed a pou\u017eit\u00ed a nab\u00edz\u00ed pr\u00e9miov\u00e9 \u010dlenstv\u00ed za $ 9.99 \/ m\u011bs\u00edc, kter\u00e9 odemkne n\u011bkter\u00e9 dal\u0161\u00ed funkce.<\/p>\n<p>Aplikace je dob\u0159e navr\u017een\u00e1 a snadno pou\u017eiteln\u00e1, s \u010dist\u00fdm a modern\u00edm rozhran\u00edm. Je to tak\u00e9 jedna z m\u00e1la seznamovac\u00edch aplikac\u00ed, kter\u00e1 se konkr\u00e9tn\u011b star\u00e1 o zak\u0159iven\u00e9 \u017eeny a jejich obdivovatele.<\/p>\n<p>Jednou nev\u00fdhodou je, \u017ee v m\u00e9 oblasti nen\u00ed mnoho u\u017eivatel\u016f, tak\u017ee m\u016f\u017ee b\u00fdt t\u011b\u017ek\u00e9 naj\u00edt shody. Ale celkov\u011b si mysl\u00edm, \u017ee BBWCupid je skv\u011bl\u00e1 seznamovac\u00ed aplikace pro zak\u0159iven\u00e9 \u017eeny a jejich obdivovatele.<\/p>\n<h3>Spousta ryb<\/h3>\n<p>Pokud hled\u00e1te m\u00edstn\u00ed m\u00edsto pro p\u0159ipojen\u00ed, Spousta ryb je skv\u011bl\u00e1 volba. M\u00e1 velkou u\u017eivatelskou z\u00e1kladnu a snadno se pou\u017e\u00edv\u00e1. Nem\u00e1 v\u0161ak tolik funkc\u00ed jako n\u011bkter\u00e9 jin\u00e9 weby v tomto seznamu.<\/p>\n<h3>Zmaten\u00e9 chov\u00e1n\u00ed<\/h3>\n<p>Bumble je soci\u00e1ln\u00ed a seznamovac\u00ed aplikace zalo\u017een\u00e1 na poloze, kter\u00e1 usnad\u0148uje komunikaci mezi zainteresovan\u00fdmi u\u017eivateli. V heterosexu\u00e1ln\u00edch z\u00e1pasech mohou pouze \u017eeny iniciovat kontakt s mu\u017esk\u00fdmi u\u017eivateli, zat\u00edmco v z\u00e1pasech stejn\u00e9ho pohlav\u00ed m\u016f\u017ee kter\u00fdkoli \u00fa\u010dastn\u00edk iniciovat kontakt. U\u017eivatel\u00e9 se mohou zaregistrovat pomoc\u00ed sv\u00e9ho telefonn\u00edho \u010d\u00edsla nebo profilu na Facebooku a maj\u00ed mo\u017enost skr\u00fdt sv\u016fj v\u011bk, polohu a jm\u00e9no p\u0159ed ostatn\u00edmi u\u017eivateli. Bumble m\u00e1 s\u00eddlo v Austinu v Texasu a m\u00e1 v\u00edce ne\u017e 50 milion\u016f u\u017eivatel\u016f po cel\u00e9m sv\u011bt\u011b.<\/p>\n<p>Aplikace je navr\u017eena tak, aby vytv\u00e1\u0159ela smyslupln\u00e1 spojen\u00ed s c\u00edlem man\u017eelstv\u00ed nebo dlouhodob\u00fdch vztah\u016f. Aplikace m\u00e1 v App Store hodnocen\u00ed 4 hv\u011bzdi\u010dky, p\u0159i\u010dem\u017e u\u017eivatel\u00e9 chv\u00e1l\u00ed jej\u00ed snadn\u00e9 pou\u017eit\u00ed a bezpe\u010dnostn\u00ed funkce. N\u011bkte\u0159\u00ed u\u017eivatel\u00e9 si v\u0161ak st\u011b\u017eovali, \u017ee aplikace je p\u0159\u00edli\u0161 zam\u011b\u0159ena na p\u0159ipojen\u00ed a \u017ee je obt\u00ed\u017en\u00e9 naj\u00edt v\u00e1\u017en\u00fd vztah. Celkov\u011b je Bumble skv\u011blou volbou pro ty, kte\u0159\u00ed hledaj\u00ed v\u00e1\u017en\u00fd vztah, nebo jen z\u00e1bavn\u00fd a snadn\u00fd zp\u016fsob, jak se setkat s nov\u00fdmi lidmi.<\/p>\n<h3>Zoosk<\/h3>\n<p>Zoosk je seznamovac\u00ed aplikace, kter\u00e1 v\u00e1m umo\u017en\u00ed zobrazit profily m\u00edstn\u00edch singles ve va\u0161\u00ed oblasti. M\u016f\u017eete si tak\u00e9 prohl\u00e9dnout fotografie m\u00edstn\u00edch nezadan\u00fdch a zjistit, kdo je nyn\u00ed online. Aplikace m\u00e1 tak\u00e9 funkci zas\u00edl\u00e1n\u00ed zpr\u00e1v, tak\u017ee m\u016f\u017eete odes\u00edlat zpr\u00e1vy sv\u00fdm z\u00e1pas\u016fm. Aplikace je zdarma ke sta\u017een\u00ed a pou\u017eit\u00ed, ale m\u016f\u017eete upgradovat na placen\u00e9 \u010dlenstv\u00ed a odemknout v\u0161echny funkce. Aplikace je k dispozici pro iPhone a Android.<\/p>\n","protected":false},"excerpt":{"rendered":"<p>Existuje mnoho m\u00edstn\u00edch str\u00e1nek pro p\u0159ipojen\u00ed , kter\u00e9 v\u00e1m pomohou naj\u00edt n\u011bkoho, s k\u00fdm se m\u016f\u017eete spojit. V\u0161e, co mus\u00edte ud\u011blat, je vytvo\u0159it si profil a za\u010d\u00edt hledat n\u011bkoho, kdo spl\u0148uje va\u0161e krit\u00e9ria. Spojen\u00ed s n\u011bk\u00fdm m\u016f\u017ee b\u00fdt skv\u011bl\u00fd zp\u016fsob, jak se bavit a za\u017e\u00edt nov\u00e9 v\u011bci, ale je d\u016fle\u017eit\u00e9 b\u00fdt p\u0159i tom v bezpe\u010d\u00ed&#8230;<a class=\"read-more-link button\" href=\"https:\/\/theyoungmessiah.com\/cs\/zdarma-mistni-hookup-stranky\/\">Read more<\/a><\/p>\n","protected":false},"author":1,"featured_media":0,"parent":0,"menu_order":0,"comment_status":"closed","ping_status":"closed","template":"","meta":[],"yoast_head":"<!-- This site is optimized with the Yoast SEO plugin v17.7.1 - https:\/\/yoast.com\/wordpress\/plugins\/seo\/ -->\n<title>Zdarma m\u00edstn\u00ed hookup str\u00e1nky - Online Adult Dating<\/title>\n<meta name=\"robots\" content=\"index, follow, max-snippet:-1, max-image-preview:large, max-video-preview:-1\" \/>\n<link rel=\"canonical\" href=\"https:\/\/theyoungmessiah.com\/cs\/zdarma-mistni-hookup-stranky\/\" \/>\n<meta property=\"og:locale\" content=\"cs_CZ\" \/>\n<meta property=\"og:type\" content=\"article\" \/>\n<meta property=\"og:title\" content=\"Zdarma m\u00edstn\u00ed hookup str\u00e1nky - Online Adult Dating\" \/>\n<meta property=\"og:description\" content=\"Existuje mnoho m\u00edstn\u00edch str\u00e1nek pro p\u0159ipojen\u00ed , kter\u00e9 v\u00e1m pomohou naj\u00edt n\u011bkoho, s k\u00fdm se m\u016f\u017eete spojit. V\u0161e, co mus\u00edte ud\u011blat, je vytvo\u0159it si profil a za\u010d\u00edt hledat n\u011bkoho, kdo spl\u0148uje va\u0161e krit\u00e9ria. Spojen\u00ed s n\u011bk\u00fdm m\u016f\u017ee b\u00fdt skv\u011bl\u00fd zp\u016fsob, jak se bavit a za\u017e\u00edt nov\u00e9 v\u011bci, ale je d\u016fle\u017eit\u00e9 b\u00fdt p\u0159i tom v bezpe\u010d\u00ed...Read more\" \/>\n<meta property=\"og:url\" content=\"https:\/\/theyoungmessiah.com\/cs\/zdarma-mistni-hookup-stranky\/\" \/>\n<meta property=\"og:site_name\" content=\"Online Adult Dating\" \/>\n<meta name=\"twitter:card\" content=\"summary_large_image\" \/>\n<meta name=\"twitter:label1\" content=\"Odhadovan\u00e1 doba \u010dten\u00ed\" \/>\n\t<meta name=\"twitter:data1\" content=\"5 minut\" \/>\n<script type=\"application\/ld+json\" class=\"yoast-schema-graph\">{\"@context\":\"https:\/\/schema.org\",\"@graph\":[{\"@type\":\"WebSite\",\"@id\":\"https:\/\/theyoungmessiah.com\/cs\/#website\",\"url\":\"https:\/\/theyoungmessiah.com\/cs\/\",\"name\":\"Online Adult Dating\",\"description\":\"Local Sex Hookups\",\"potentialAction\":[{\"@type\":\"SearchAction\",\"target\":{\"@type\":\"EntryPoint\",\"urlTemplate\":\"https:\/\/theyoungmessiah.com\/cs\/?s={search_term_string}\"},\"query-input\":\"required name=search_term_string\"}],\"inLanguage\":\"cs\"},{\"@type\":\"WebPage\",\"@id\":\"https:\/\/theyoungmessiah.com\/cs\/zdarma-mistni-hookup-stranky\/#webpage\",\"url\":\"https:\/\/theyoungmessiah.com\/cs\/zdarma-mistni-hookup-stranky\/\",\"name\":\"Zdarma m\\u00edstn\\u00ed hookup str\\u00e1nky - Online Adult Dating\",\"isPartOf\":{\"@id\":\"https:\/\/theyoungmessiah.com\/cs\/#website\"},\"datePublished\":\"2022-10-12T12:52:14+00:00\",\"dateModified\":\"2022-10-12T12:52:14+00:00\",\"breadcrumb\":{\"@id\":\"https:\/\/theyoungmessiah.com\/cs\/zdarma-mistni-hookup-stranky\/#breadcrumb\"},\"inLanguage\":\"cs\",\"potentialAction\":[{\"@type\":\"ReadAction\",\"target\":[\"https:\/\/theyoungmessiah.com\/cs\/zdarma-mistni-hookup-stranky\/\"]}]},{\"@type\":\"BreadcrumbList\",\"@id\":\"https:\/\/theyoungmessiah.com\/cs\/zdarma-mistni-hookup-stranky\/#breadcrumb\",\"itemListElement\":[{\"@type\":\"ListItem\",\"position\":1,\"name\":\"Home\",\"item\":\"https:\/\/theyoungmessiah.com\/cs\/\"},{\"@type\":\"ListItem\",\"position\":2,\"name\":\"Zdarma m\\u00edstn\\u00ed hookup str\\u00e1nky\"}]}]}<\/script>\n<!-- \/ Yoast SEO plugin. -->","yoast_head_json":{"title":"Zdarma m\u00edstn\u00ed hookup str\u00e1nky - Online Adult Dating","robots":{"index":"index","follow":"follow","max-snippet":"max-snippet:-1","max-image-preview":"max-image-preview:large","max-video-preview":"max-video-preview:-1"},"canonical":"https:\/\/theyoungmessiah.com\/cs\/zdarma-mistni-hookup-stranky\/","og_locale":"cs_CZ","og_type":"article","og_title":"Zdarma m\u00edstn\u00ed hookup str\u00e1nky - Online Adult Dating","og_description":"Existuje mnoho m\u00edstn\u00edch str\u00e1nek pro p\u0159ipojen\u00ed , kter\u00e9 v\u00e1m pomohou naj\u00edt n\u011bkoho, s k\u00fdm se m\u016f\u017eete spojit. V\u0161e, co mus\u00edte ud\u011blat, je vytvo\u0159it si profil a za\u010d\u00edt hledat n\u011bkoho, kdo spl\u0148uje va\u0161e krit\u00e9ria. Spojen\u00ed s n\u011bk\u00fdm m\u016f\u017ee b\u00fdt skv\u011bl\u00fd zp\u016fsob, jak se bavit a za\u017e\u00edt nov\u00e9 v\u011bci, ale je d\u016fle\u017eit\u00e9 b\u00fdt p\u0159i tom v bezpe\u010d\u00ed...Read more","og_url":"https:\/\/theyoungmessiah.com\/cs\/zdarma-mistni-hookup-stranky\/","og_site_name":"Online Adult Dating","twitter_card":"summary_large_image","twitter_misc":{"Odhadovan\u00e1 doba \u010dten\u00ed":"5 minut"},"schema":{"@context":"https:\/\/schema.org","@graph":[{"@type":"WebSite","@id":"https:\/\/theyoungmessiah.com\/cs\/#website","url":"https:\/\/theyoungmessiah.com\/cs\/","name":"Online Adult Dating","description":"Local Sex Hookups","potentialAction":[{"@type":"SearchAction","target":{"@type":"EntryPoint","urlTemplate":"https:\/\/theyoungmessiah.com\/cs\/?s={search_term_string}"},"query-input":"required name=search_term_string"}],"inLanguage":"cs"},{"@type":"WebPage","@id":"https:\/\/theyoungmessiah.com\/cs\/zdarma-mistni-hookup-stranky\/#webpage","url":"https:\/\/theyoungmessiah.com\/cs\/zdarma-mistni-hookup-stranky\/","name":"Zdarma m\u00edstn\u00ed hookup str\u00e1nky - Online Adult Dating","isPartOf":{"@id":"https:\/\/theyoungmessiah.com\/cs\/#website"},"datePublished":"2022-10-12T12:52:14+00:00","dateModified":"2022-10-12T12:52:14+00:00","breadcrumb":{"@id":"https:\/\/theyoungmessiah.com\/cs\/zdarma-mistni-hookup-stranky\/#breadcrumb"},"inLanguage":"cs","potentialAction":[{"@type":"ReadAction","target":["https:\/\/theyoungmessiah.com\/cs\/zdarma-mistni-hookup-stranky\/"]}]},{"@type":"BreadcrumbList","@id":"https:\/\/theyoungmessiah.com\/cs\/zdarma-mistni-hookup-stranky\/#breadcrumb","itemListElement":[{"@type":"ListItem","position":1,"name":"Home","item":"https:\/\/theyoungmessiah.com\/cs\/"},{"@type":"ListItem","position":2,"name":"Zdarma m\u00edstn\u00ed hookup str\u00e1nky"}]}]}},"_links":{"self":[{"href":"https:\/\/theyoungmessiah.com\/cs\/wp-json\/wp\/v2\/pages\/245"}],"collection":[{"href":"https:\/\/theyoungmessiah.com\/cs\/wp-json\/wp\/v2\/pages"}],"about":[{"href":"https:\/\/theyoungmessiah.com\/cs\/wp-json\/wp\/v2\/types\/page"}],"author":[{"embeddable":true,"href":"https:\/\/theyoungmessiah.com\/cs\/wp-json\/wp\/v2\/users\/1"}],"replies":[{"embeddable":true,"href":"https:\/\/theyoungmessiah.com\/cs\/wp-json\/wp\/v2\/comments?post=245"}],"version-history":[{"count":0,"href":"https:\/\/theyoungmessiah.com\/cs\/wp-json\/wp\/v2\/pages\/245\/revisions"}],"wp:attachment":[{"href":"https:\/\/theyoungmessiah.com\/cs\/wp-json\/wp\/v2\/media?parent=245"}],"curies":[{"name":"wp","href":"https:\/\/api.w.org\/{rel}","templated":true}]}}