{"id":268,"date":"2022-10-12T13:50:34","date_gmt":"2022-10-12T12:50:34","guid":{"rendered":"http:\/\/theyoungmessiah.com\/datum-ve-vasi-oblasti\/"},"modified":"2022-10-12T13:50:34","modified_gmt":"2022-10-12T12:50:34","slug":"datum-ve-vasi-oblasti","status":"publish","type":"page","link":"https:\/\/theyoungmessiah.com\/cs\/datum-ve-vasi-oblasti\/","title":{"rendered":"Datum ve va\u0161\u00ed oblasti"},"content":{"rendered":"<p>Existuje spousta zp\u016fsob\u016f, jak se setkat s nezadan\u00fdmi ve va\u0161\u00ed oblasti, ale <a href=\"http:\/\/theyoungmessiah.com\/local-milf-dating\/\">nejlep\u0161\u00ed zp\u016fsob, jak naj\u00edt n\u011bkoho, s k\u00fdm se m\u016f\u017eete spojit<\/a> , je j\u00edt online. Str\u00e1nky jako Adult Friend Finder a Tinder jsou navr\u017eeny speci\u00e1ln\u011b pro lidi, kte\u0159\u00ed hledaj\u00ed p\u0159\u00edle\u017eitostn\u00fd sex a p\u0159ipojen\u00ed. V\u0161e, co mus\u00edte ud\u011blat, je zaregistrovat se, vytvo\u0159it profil a za\u010d\u00edt p\u0159ej\u00ed\u017ed\u011bt. Budete sp\u00e1rov\u00e1ni s lidmi ve va\u0161\u00ed oblasti, kte\u0159\u00ed hledaj\u00ed stejnou v\u011bc jako vy. A pokud budete m\u00edt \u0161t\u011bst\u00ed, m\u016f\u017eete naj\u00edt n\u011bkoho, kdo je ide\u00e1ln\u00ed pro noc z\u00e1bavy.<\/p>\n<h2>Seznamovac\u00ed str\u00e1nky zdarma<\/h2>\n<p>V dne\u0161n\u00ed dob\u011b je k dispozici spousta bezplatn\u00fdch seznamovac\u00edch str\u00e1nek. Nejobl\u00edben\u011bj\u0161\u00ed jsou Tinder a Bumble, ale existuje i mnoho dal\u0161\u00edch. Kl\u00ed\u010dem je naj\u00edt ten, kter\u00fd vyhovuje va\u0161im pot\u0159eb\u00e1m a z\u00e1jm\u016fm. Nap\u0159\u00edklad, pokud hled\u00e1te v\u00e1\u017en\u00fd vztah, pak by str\u00e1nka jako eHarmony byla dobrou volbou. P\u0159\u00edpadn\u011b, pokud hled\u00e1te jen trochu z\u00e1bavy, pak by byl vhodn\u011bj\u0161\u00ed web jako Tinder. D\u016fle\u017eit\u00e9 je ud\u011blat sv\u016fj v\u00fdzkum a naj\u00edt m\u00edsto, kter\u00e9 je pro v\u00e1s to prav\u00e9.<\/p>\n<p>Existuje mnoho m\u00edstn\u00edch seznamovac\u00edch aplikac\u00ed k dispozici pro lidi, kte\u0159\u00ed hledaj\u00ed l\u00e1sku nebo spole\u010dnost. Mezi obl\u00edben\u00e9 aplikace pat\u0159\u00ed Tinder, Bumble a Hinge. Tyto aplikace umo\u017e\u0148uj\u00ed u\u017eivatel\u016fm proch\u00e1zet potenci\u00e1ln\u00ed shody a chatovat s lidmi, kte\u0159\u00ed je zaj\u00edmaj\u00ed. Poskytuj\u00ed tak\u00e9 zp\u016fsob, jak se u\u017eivatel\u00e9 mohou spojit s lidmi, kte\u0159\u00ed jsou ve stejn\u00e9 oblasti. To m\u016f\u017ee b\u00fdt u\u017eite\u010dn\u00e9 pro lidi, kte\u0159\u00ed hledaj\u00ed rande nebo p\u0159ipojen\u00ed.<\/p>\n<h2>Naj\u00edt rande dnes ve\u010der<\/h2>\n<p>Existuje spousta zp\u016fsob\u016f, jak naj\u00edt rande dnes ve\u010der, ale jedn\u00edm z nejjednodu\u0161\u0161\u00edch a nejobl\u00edben\u011bj\u0161\u00edch zp\u016fsob\u016f je online datov\u00e1n\u00ed. Existuje spousta seznamovac\u00edch webov\u00fdch str\u00e1nek a aplikac\u00ed, kter\u00e9 v\u00e1m pomohou naj\u00edt potenci\u00e1ln\u00ed shody, a mnoho z nich je zdarma k pou\u017eit\u00ed. V\u0161e, co mus\u00edte ud\u011blat, je vytvo\u0159it profil a m\u016f\u017eete okam\u017eit\u011b za\u010d\u00edt pos\u00edlat zpr\u00e1vy lidem. M\u016f\u017eete tak\u00e9 vyhled\u00e1vat konkr\u00e9tn\u00ed typy lid\u00ed, nap\u0159\u00edklad ty, kte\u0159\u00ed sd\u00edlej\u00ed va\u0161e z\u00e1jmy nebo kte\u0159\u00ed \u017eij\u00ed ve va\u0161em okol\u00ed. A\u0165 u\u017e hled\u00e1te p\u0159\u00edle\u017eitostn\u00e9 spojen\u00ed nebo dlouhodob\u00fd vztah, online seznamov\u00e1n\u00ed je skv\u011bl\u00fd zp\u016fsob, jak poznat nov\u00e9 lidi.<\/p>\n<h3>Lovoo<\/h3>\n<p>Lovoo je jedine\u010dn\u00e1 seznamovac\u00ed aplikace, kter\u00e1 v\u00e1m umo\u017en\u00ed naj\u00edt potenci\u00e1ln\u00ed data ve va\u0161\u00ed oblasti. Aplikace je zdarma ke sta\u017een\u00ed a pou\u017eit\u00ed a nab\u00edz\u00ed \u0159adu funkc\u00ed, kter\u00e9 usnad\u0148uj\u00ed nalezen\u00ed a spojen\u00ed s potenci\u00e1ln\u00edmi shodami. Aplikace m\u00e1 tak\u00e9 u\u017eivatelsky p\u0159\u00edv\u011btiv\u00e9 rozhran\u00ed a \u0159adu mo\u017enost\u00ed vyhled\u00e1v\u00e1n\u00ed a filtrov\u00e1n\u00ed, co\u017e usnad\u0148uje nalezen\u00ed dokonal\u00e9 shody. Celkov\u011b je Lovoo skv\u011blou volbou pro ty, kte\u0159\u00ed hledaj\u00ed datum ve sv\u00e9 oblasti.<\/p>\n<h3>SimpleFlirts<\/h3>\n<p>Pokud hled\u00e1te datum ve va\u0161\u00ed oblasti, SimpleFlirts je skv\u011bl\u00e1 volba. Aplikace se snadno pou\u017e\u00edv\u00e1 a m\u00e1 mnoho funkc\u00ed, co\u017e z n\u00ed \u010din\u00ed skv\u011blou volbu pro nalezen\u00ed data. Funkce vyhled\u00e1v\u00e1n\u00ed je velmi u\u017eite\u010dn\u00e1 a aplikace tak\u00e9 umo\u017e\u0148uje zobrazit profily ostatn\u00edch u\u017eivatel\u016f ve va\u0161\u00ed oblasti. Celkov\u011b je SimpleFlirts skv\u011blou volbou pro nalezen\u00ed data ve va\u0161\u00ed oblasti.<\/p>\n<h3>Spole\u010dn\u011b2Noce<\/h3>\n<p>Seznamovac\u00ed aplikace Together2Night je jednou z nejpopul\u00e1rn\u011bj\u0161\u00edch seznamovac\u00edch aplikac\u00ed, kter\u00e9 jsou dnes k dispozici. Je to skv\u011bl\u00fd zp\u016fsob, jak poznat nov\u00e9 lidi a spojit se s potenci\u00e1ln\u00edmi prot\u011bj\u0161ky ve va\u0161\u00ed oblasti. Aplikace je zdarma ke sta\u017een\u00ed a pou\u017eit\u00ed a nab\u00edz\u00ed \u0161irokou \u0161k\u00e1lu funkc\u00ed, kter\u00e9 usnad\u0148uj\u00ed nalezen\u00ed a spojen\u00ed s potenci\u00e1ln\u00edmi shodami. Aplikace m\u00e1 tak\u00e9 skv\u011bl\u00e9 u\u017eivatelsk\u00e9 rozhran\u00ed a je velmi u\u017eivatelsky p\u0159\u00edv\u011btiv\u00e1. Celkov\u011b je seznamovac\u00ed aplikace Together2Night skv\u011blou volbou pro ka\u017ed\u00e9ho, kdo hled\u00e1 nov\u00fd zp\u016fsob, jak se setkat s lidmi a spojit se s potenci\u00e1ln\u00edmi z\u00e1pasy.<\/p>\n<h3>Badoo<\/h3>\n<p>Badoo je seznamovac\u00ed aplikace, kter\u00e1 v\u00e1m umo\u017en\u00ed poznat nov\u00e9 lidi ve va\u0161em okol\u00ed. M\u016f\u017eete si vytvo\u0159it profil, zobrazit profily ostatn\u00edch u\u017eivatel\u016f a chatovat s ostatn\u00edmi u\u017eivateli. Aplikace m\u00e1 tak\u00e9 funkci nazvanou &#8222;Badoo Setk\u00e1n\u00ed&#8220;, kter\u00e1 v\u00e1m umo\u017en\u00ed naj\u00edt potenci\u00e1ln\u00ed shody v okol\u00ed. Aplikace je zdarma ke sta\u017een\u00ed a pou\u017eit\u00ed, ale existuj\u00ed n\u011bkter\u00e9 n\u00e1kupy v aplikaci, kter\u00e9 m\u016f\u017eete prov\u00e9st. Celkov\u011b je Badoo skv\u011bl\u00e1 seznamovac\u00ed aplikace pro pozn\u00e1v\u00e1n\u00ed nov\u00fdch lid\u00ed ve va\u0161em okol\u00ed.<\/p>\n","protected":false},"excerpt":{"rendered":"<p>Existuje spousta zp\u016fsob\u016f, jak se setkat s nezadan\u00fdmi ve va\u0161\u00ed oblasti, ale nejlep\u0161\u00ed zp\u016fsob, jak naj\u00edt n\u011bkoho, s k\u00fdm se m\u016f\u017eete spojit , je j\u00edt online. Str\u00e1nky jako Adult Friend Finder a Tinder jsou navr\u017eeny speci\u00e1ln\u011b pro lidi, kte\u0159\u00ed hledaj\u00ed p\u0159\u00edle\u017eitostn\u00fd sex a p\u0159ipojen\u00ed. V\u0161e, co mus\u00edte ud\u011blat, je zaregistrovat se, vytvo\u0159it profil a za\u010d\u00edt&#8230;<a class=\"read-more-link button\" href=\"https:\/\/theyoungmessiah.com\/cs\/datum-ve-vasi-oblasti\/\">Read more<\/a><\/p>\n","protected":false},"author":1,"featured_media":0,"parent":0,"menu_order":0,"comment_status":"closed","ping_status":"closed","template":"","meta":[],"yoast_head":"<!-- This site is optimized with the Yoast SEO plugin v17.7.1 - https:\/\/yoast.com\/wordpress\/plugins\/seo\/ -->\n<title>Datum ve va\u0161\u00ed oblasti - Online Adult Dating<\/title>\n<meta name=\"robots\" content=\"index, follow, max-snippet:-1, max-image-preview:large, max-video-preview:-1\" \/>\n<link rel=\"canonical\" href=\"https:\/\/theyoungmessiah.com\/cs\/datum-ve-vasi-oblasti\/\" \/>\n<meta property=\"og:locale\" content=\"cs_CZ\" \/>\n<meta property=\"og:type\" content=\"article\" \/>\n<meta property=\"og:title\" content=\"Datum ve va\u0161\u00ed oblasti - Online Adult Dating\" \/>\n<meta property=\"og:description\" content=\"Existuje spousta zp\u016fsob\u016f, jak se setkat s nezadan\u00fdmi ve va\u0161\u00ed oblasti, ale nejlep\u0161\u00ed zp\u016fsob, jak naj\u00edt n\u011bkoho, s k\u00fdm se m\u016f\u017eete spojit , je j\u00edt online. Str\u00e1nky jako Adult Friend Finder a Tinder jsou navr\u017eeny speci\u00e1ln\u011b pro lidi, kte\u0159\u00ed hledaj\u00ed p\u0159\u00edle\u017eitostn\u00fd sex a p\u0159ipojen\u00ed. V\u0161e, co mus\u00edte ud\u011blat, je zaregistrovat se, vytvo\u0159it profil a za\u010d\u00edt...Read more\" \/>\n<meta property=\"og:url\" content=\"https:\/\/theyoungmessiah.com\/cs\/datum-ve-vasi-oblasti\/\" \/>\n<meta property=\"og:site_name\" content=\"Online Adult Dating\" \/>\n<meta name=\"twitter:card\" content=\"summary_large_image\" \/>\n<meta name=\"twitter:label1\" content=\"Odhadovan\u00e1 doba \u010dten\u00ed\" \/>\n\t<meta name=\"twitter:data1\" content=\"4 minuty\" \/>\n<script type=\"application\/ld+json\" class=\"yoast-schema-graph\">{\"@context\":\"https:\/\/schema.org\",\"@graph\":[{\"@type\":\"WebSite\",\"@id\":\"https:\/\/theyoungmessiah.com\/cs\/#website\",\"url\":\"https:\/\/theyoungmessiah.com\/cs\/\",\"name\":\"Online Adult Dating\",\"description\":\"Local Sex Hookups\",\"potentialAction\":[{\"@type\":\"SearchAction\",\"target\":{\"@type\":\"EntryPoint\",\"urlTemplate\":\"https:\/\/theyoungmessiah.com\/cs\/?s={search_term_string}\"},\"query-input\":\"required name=search_term_string\"}],\"inLanguage\":\"cs\"},{\"@type\":\"WebPage\",\"@id\":\"https:\/\/theyoungmessiah.com\/cs\/datum-ve-vasi-oblasti\/#webpage\",\"url\":\"https:\/\/theyoungmessiah.com\/cs\/datum-ve-vasi-oblasti\/\",\"name\":\"Datum ve va\\u0161\\u00ed oblasti - Online Adult Dating\",\"isPartOf\":{\"@id\":\"https:\/\/theyoungmessiah.com\/cs\/#website\"},\"datePublished\":\"2022-10-12T12:50:34+00:00\",\"dateModified\":\"2022-10-12T12:50:34+00:00\",\"breadcrumb\":{\"@id\":\"https:\/\/theyoungmessiah.com\/cs\/datum-ve-vasi-oblasti\/#breadcrumb\"},\"inLanguage\":\"cs\",\"potentialAction\":[{\"@type\":\"ReadAction\",\"target\":[\"https:\/\/theyoungmessiah.com\/cs\/datum-ve-vasi-oblasti\/\"]}]},{\"@type\":\"BreadcrumbList\",\"@id\":\"https:\/\/theyoungmessiah.com\/cs\/datum-ve-vasi-oblasti\/#breadcrumb\",\"itemListElement\":[{\"@type\":\"ListItem\",\"position\":1,\"name\":\"Home\",\"item\":\"https:\/\/theyoungmessiah.com\/cs\/\"},{\"@type\":\"ListItem\",\"position\":2,\"name\":\"Datum ve va\\u0161\\u00ed oblasti\"}]}]}<\/script>\n<!-- \/ Yoast SEO plugin. -->","yoast_head_json":{"title":"Datum ve va\u0161\u00ed oblasti - Online Adult Dating","robots":{"index":"index","follow":"follow","max-snippet":"max-snippet:-1","max-image-preview":"max-image-preview:large","max-video-preview":"max-video-preview:-1"},"canonical":"https:\/\/theyoungmessiah.com\/cs\/datum-ve-vasi-oblasti\/","og_locale":"cs_CZ","og_type":"article","og_title":"Datum ve va\u0161\u00ed oblasti - Online Adult Dating","og_description":"Existuje spousta zp\u016fsob\u016f, jak se setkat s nezadan\u00fdmi ve va\u0161\u00ed oblasti, ale nejlep\u0161\u00ed zp\u016fsob, jak naj\u00edt n\u011bkoho, s k\u00fdm se m\u016f\u017eete spojit , je j\u00edt online. Str\u00e1nky jako Adult Friend Finder a Tinder jsou navr\u017eeny speci\u00e1ln\u011b pro lidi, kte\u0159\u00ed hledaj\u00ed p\u0159\u00edle\u017eitostn\u00fd sex a p\u0159ipojen\u00ed. V\u0161e, co mus\u00edte ud\u011blat, je zaregistrovat se, vytvo\u0159it profil a za\u010d\u00edt...Read more","og_url":"https:\/\/theyoungmessiah.com\/cs\/datum-ve-vasi-oblasti\/","og_site_name":"Online Adult Dating","twitter_card":"summary_large_image","twitter_misc":{"Odhadovan\u00e1 doba \u010dten\u00ed":"4 minuty"},"schema":{"@context":"https:\/\/schema.org","@graph":[{"@type":"WebSite","@id":"https:\/\/theyoungmessiah.com\/cs\/#website","url":"https:\/\/theyoungmessiah.com\/cs\/","name":"Online Adult Dating","description":"Local Sex Hookups","potentialAction":[{"@type":"SearchAction","target":{"@type":"EntryPoint","urlTemplate":"https:\/\/theyoungmessiah.com\/cs\/?s={search_term_string}"},"query-input":"required name=search_term_string"}],"inLanguage":"cs"},{"@type":"WebPage","@id":"https:\/\/theyoungmessiah.com\/cs\/datum-ve-vasi-oblasti\/#webpage","url":"https:\/\/theyoungmessiah.com\/cs\/datum-ve-vasi-oblasti\/","name":"Datum ve va\u0161\u00ed oblasti - Online Adult Dating","isPartOf":{"@id":"https:\/\/theyoungmessiah.com\/cs\/#website"},"datePublished":"2022-10-12T12:50:34+00:00","dateModified":"2022-10-12T12:50:34+00:00","breadcrumb":{"@id":"https:\/\/theyoungmessiah.com\/cs\/datum-ve-vasi-oblasti\/#breadcrumb"},"inLanguage":"cs","potentialAction":[{"@type":"ReadAction","target":["https:\/\/theyoungmessiah.com\/cs\/datum-ve-vasi-oblasti\/"]}]},{"@type":"BreadcrumbList","@id":"https:\/\/theyoungmessiah.com\/cs\/datum-ve-vasi-oblasti\/#breadcrumb","itemListElement":[{"@type":"ListItem","position":1,"name":"Home","item":"https:\/\/theyoungmessiah.com\/cs\/"},{"@type":"ListItem","position":2,"name":"Datum ve va\u0161\u00ed oblasti"}]}]}},"_links":{"self":[{"href":"https:\/\/theyoungmessiah.com\/cs\/wp-json\/wp\/v2\/pages\/268"}],"collection":[{"href":"https:\/\/theyoungmessiah.com\/cs\/wp-json\/wp\/v2\/pages"}],"about":[{"href":"https:\/\/theyoungmessiah.com\/cs\/wp-json\/wp\/v2\/types\/page"}],"author":[{"embeddable":true,"href":"https:\/\/theyoungmessiah.com\/cs\/wp-json\/wp\/v2\/users\/1"}],"replies":[{"embeddable":true,"href":"https:\/\/theyoungmessiah.com\/cs\/wp-json\/wp\/v2\/comments?post=268"}],"version-history":[{"count":0,"href":"https:\/\/theyoungmessiah.com\/cs\/wp-json\/wp\/v2\/pages\/268\/revisions"}],"wp:attachment":[{"href":"https:\/\/theyoungmessiah.com\/cs\/wp-json\/wp\/v2\/media?parent=268"}],"curies":[{"name":"wp","href":"https:\/\/api.w.org\/{rel}","templated":true}]}}