{"id":271,"date":"2022-10-12T13:51:02","date_gmt":"2022-10-12T12:51:02","guid":{"rendered":"http:\/\/theyoungmessiah.com\/mistni-zeny-hledaji-sex\/"},"modified":"2022-10-12T13:51:02","modified_gmt":"2022-10-12T12:51:02","slug":"mistni-zeny-hledaji-sex","status":"publish","type":"page","link":"https:\/\/theyoungmessiah.com\/cs\/mistni-zeny-hledaji-sex\/","title":{"rendered":"M\u00edstn\u00ed \u017eeny hledaj\u00ed sex"},"content":{"rendered":"<p>M\u00edstn\u00ed \u017eeny, kter\u00e9 hledaj\u00ed sex, jsou \u010dasto ochotny spojit se s mu\u017ei, se kter\u00fdmi se setk\u00e1vaj\u00ed online. Existuje \u0159ada webov\u00fdch str\u00e1nek a aplikac\u00ed, kter\u00e9 se staraj\u00ed o tuto demografickou skupinu, co\u017e usnad\u0148uje spojen\u00ed s potenci\u00e1ln\u00edmi partnery. V mnoha p\u0159\u00edpadech tyto \u017eeny prost\u011b hledaj\u00ed fyzick\u00e9 spojen\u00ed a nemaj\u00ed z\u00e1jem o nic v\u00edc. Existuj\u00ed v\u0161ak i n\u011bkter\u00e9 \u017eeny, kter\u00e9 hledaj\u00ed v\u00e1\u017en\u011bj\u0161\u00ed vztah. Tyto \u017eeny mohou b\u00fdt obt\u00ed\u017en\u011bj\u0161\u00ed naj\u00edt, ale jsou tam venku. Nejlep\u0161\u00ed zp\u016fsob, jak je naj\u00edt, je pou\u017e\u00edt seznamku nebo aplikaci, kter\u00e1 v\u00e1m umo\u017en\u00ed hledat \u017eeny, kter\u00e9 hledaj\u00ed <a href=\"http:\/\/theyoungmessiah.com\/date-in-your-area\/\">n\u011bco v\u00edc ne\u017e jen p\u0159ipojen\u00ed<\/a>.<\/p>\n<h2>\u017deny, kter\u00e9 cht\u011bj\u00ed \u0161ukat<\/h2>\n<p>Nen\u00ed nic \u0161patn\u00e9ho na tom, kdy\u017e chcete \u0161ukat, a existuje spousta \u017een, kter\u00e9 se c\u00edt\u00ed stejn\u011b. Kl\u00ed\u010dem je naj\u00edt n\u011bkoho, kdo sd\u00edl\u00ed va\u0161e touhy a s k\u00fdm jste kompatibiln\u00ed.<\/p>\n<p>Existuje n\u011bkolik v\u011bc\u00ed, kter\u00e9 je t\u0159eba m\u00edt na pam\u011bti, kdy\u017e hled\u00e1te kurva kamar\u00e1da.<\/p>\n<ul>\n<li>Nejprve se ujist\u011bte, \u017ee jste na stejn\u00e9 str\u00e1nce o tom, co hled\u00e1te. Nem\u00e1 smysl se s n\u011bk\u00fdm zab\u00fdvat, pokud nejste na stejn\u00e9 str\u00e1nce o tom, co d\u011bl\u00e1te.<\/li>\n<li>Za druh\u00e9, ujist\u011bte se, \u017ee jste oba spokojeni. Pokud se v\u00e1m navz\u00e1jem nel\u00edb\u00ed, nebude to dobr\u00fd \u010das.<\/li>\n<li>Za t\u0159et\u00ed, komunikace je kl\u00ed\u010dov\u00e1. Ujist\u011bte se, \u017ee oba komunikujete, co chcete a pot\u0159ebujete od vztahu. Pokud nejste na stejn\u00e9 str\u00e1nce, nebude to fungovat.<\/li>\n<li>Nakonec se nebojte experimentovat. Pokud si nejste jisti, co chcete, vyzkou\u0161ejte r\u016fzn\u00e9 v\u011bci a zjist\u011bte, co pro v\u00e1s funguje. Neexistuje jedin\u00fd spr\u00e1vn\u00fd zp\u016fsob, jak d\u011blat v\u011bci, tak\u017ee se nebojte prozkoumat.<\/li>\n<\/ul>\n<p>Existuje mnoho zp\u016fsob\u016f, jak se setkat s nadr\u017een\u00fdmi \u017eenami ve va\u0161em okol\u00ed, ale nejobl\u00edben\u011bj\u0161\u00ed zp\u016fsob je ur\u010dit\u011b online datov\u00e1n\u00ed. Je to proto, \u017ee online datov\u00e1n\u00ed v\u00e1m d\u00e1v\u00e1 mnohem v\u00edce mo\u017enost\u00ed a mnohem v\u011bt\u0161\u00ed flexibilitu, pokud jde o v\u00fdb\u011br, s k\u00fdm se chcete setkat. M\u016f\u017eete tak\u00e9 pou\u017e\u00edt online datov\u00e1n\u00ed k nalezen\u00ed \u017een, kter\u00e9 hledaj\u00ed stejnou v\u011bc jako vy, co\u017e je mnohem jednodu\u0161\u0161\u00ed, ne\u017e se je sna\u017eit vyzvednout osobn\u011b.<\/p>\n<h2>Seznamte se s m\u00edstn\u00edmi \u017eenami pro sex<\/h2>\n<p>Existuje mnoho webov\u00fdch str\u00e1nek, kter\u00e9 v\u00e1m umo\u017en\u00ed setkat se s m\u00edstn\u00edmi \u017eenami pro sex. Tyto webov\u00e9 str\u00e1nky m\u016f\u017eete pou\u017e\u00edt k nalezen\u00ed \u017een, kter\u00e9 hledaj\u00ed sex ve va\u0161\u00ed oblasti. Tyto webov\u00e9 str\u00e1nky m\u016f\u017eete tak\u00e9 pou\u017e\u00edt k nalezen\u00ed \u017een, kter\u00e9 hledaj\u00ed vztah. Tyto webov\u00e9 str\u00e1nky m\u016f\u017eete pou\u017e\u00edt k nalezen\u00ed \u017een, kter\u00e9 hledaj\u00ed sex na jednu noc. Tyto webov\u00e9 str\u00e1nky m\u016f\u017eete pou\u017e\u00edt k nalezen\u00ed \u017een, kter\u00e9 hledaj\u00ed p\u0159\u00edle\u017eitostn\u00e9 setk\u00e1n\u00ed.<\/p>\n<h3>Zoosk<\/h3>\n<p>Zoosk je seznamovac\u00ed aplikace, kter\u00e1 v\u00e1m umo\u017en\u00ed spojit se s m\u00edstn\u00edmi \u017eenami, kter\u00e9 hledaj\u00ed sex. Aplikace se snadno pou\u017e\u00edv\u00e1 a m\u00e1 \u0159adu funkc\u00ed, d\u00edky nim\u017e je skv\u011blou volbou pro ty, kte\u0159\u00ed hledaj\u00ed p\u0159\u00edle\u017eitostn\u00e9 p\u0159ipojen\u00ed nebo v\u00e1\u017en\u011bj\u0161\u00ed vztah. Aplikace m\u00e1 tak\u00e9 velkou u\u017eivatelskou z\u00e1kladnu, co\u017e znamen\u00e1, \u017ee s v\u011bt\u0161\u00ed pravd\u011bpodobnost\u00ed najdete n\u011bkoho, kdo je pro v\u00e1s dobr\u00fd.<\/p>\n<h3>Milfaholic<\/h3>\n<p>Existuje spousta seznamovac\u00edch aplikac\u00ed, ale Milfaholic je jedn\u00edm z jedin\u00fdch, kter\u00e9 jsou speci\u00e1ln\u011b navr\u017eeny pro star\u0161\u00ed \u017eeny a mlad\u0161\u00ed mu\u017ee. Tato aplikace je ide\u00e1ln\u00ed pro ka\u017ed\u00e9ho, kdo hled\u00e1 vztah bez z\u00e1vazk\u016f s horkou star\u0161\u00ed \u017eenou. Proces registrace je rychl\u00fd a snadn\u00fd a m\u016f\u017eete za\u010d\u00edt pos\u00edlat zpr\u00e1vy \u017een\u00e1m hned. \u017deny na Milfaholic jsou v\u0161echny m\u00edstn\u00ed, tak\u017ee si m\u016f\u017eete b\u00fdt jisti, \u017ee najdete n\u011bkoho ve va\u0161\u00ed oblasti. A pokud hled\u00e1te n\u011bco trochu dlouhodob\u011bj\u0161\u00edho, m\u016f\u017eete tak\u00e9 pou\u017e\u00edt Milfaholic k nalezen\u00ed star\u0161\u00edch \u017een, kter\u00e9 maj\u00ed z\u00e1jem o rand\u011bn\u00ed s mlad\u0161\u00edmi mu\u017ei.<\/p>\n<h3>Moder\u00e1tor<\/h3>\n<p>Pokud hled\u00e1te fling nebo hookup, Flingster je ur\u010dit\u011b seznamovac\u00ed aplikace pro v\u00e1s. Aplikace se neuv\u011b\u0159iteln\u011b snadno pou\u017e\u00edv\u00e1 a je zdarma se zaregistrovat. M\u016f\u017eete proch\u00e1zet m\u00edstn\u00ed profily a pos\u00edlat zpr\u00e1vy ka\u017ed\u00e9mu, kdo v\u00e1s zaj\u00edm\u00e1. Aplikace je tak\u00e9 velmi obl\u00edben\u00e1 u m\u00edstn\u00edch \u017een, kter\u00e9 hledaj\u00ed sex. Funkce vyhled\u00e1v\u00e1n\u00ed je velmi u\u017eivatelsky p\u0159\u00edv\u011btiv\u00e1 a m\u016f\u017eete filtrovat podle um\u00edst\u011bn\u00ed, v\u011bku a z\u00e1jm\u016f. Celkov\u011b je Flingster skv\u011blou volbou pro ka\u017ed\u00e9ho, kdo hled\u00e1 p\u0159\u00edle\u017eitostn\u00e9 p\u0159ipojen\u00ed nebo fling.<\/p>\n<h3>ComeWithYou<\/h3>\n<p>ComeWithYou je nov\u00e1 seznamovac\u00ed aplikace, kter\u00e1 z\u00edsk\u00e1v\u00e1 spoustu buzz. Aplikace je navr\u017eena tak, aby pomohla \u017een\u00e1m naj\u00edt m\u00edstn\u00ed mu\u017ee pro p\u0159\u00edle\u017eitostn\u00fd sex. Aplikace se velmi snadno pou\u017e\u00edv\u00e1 a registrace trv\u00e1 jen n\u011bkolik sekund. Aplikace je zdarma ke sta\u017een\u00ed a je k dispozici pro iOS i Android. ComeWithYou je skv\u011bl\u00e1 volba pro \u017eeny, kter\u00e9 hledaj\u00ed p\u0159\u00edle\u017eitostn\u00fd sex. Aplikace se velmi snadno pou\u017e\u00edv\u00e1 a je zdarma ke sta\u017een\u00ed. Aplikace je tak\u00e9 k dispozici pro iOS i Android.<\/p>\n","protected":false},"excerpt":{"rendered":"<p>M\u00edstn\u00ed \u017eeny, kter\u00e9 hledaj\u00ed sex, jsou \u010dasto ochotny spojit se s mu\u017ei, se kter\u00fdmi se setk\u00e1vaj\u00ed online. Existuje \u0159ada webov\u00fdch str\u00e1nek a aplikac\u00ed, kter\u00e9 se staraj\u00ed o tuto demografickou skupinu, co\u017e usnad\u0148uje spojen\u00ed s potenci\u00e1ln\u00edmi partnery. V mnoha p\u0159\u00edpadech tyto \u017eeny prost\u011b hledaj\u00ed fyzick\u00e9 spojen\u00ed a nemaj\u00ed z\u00e1jem o nic v\u00edc. Existuj\u00ed v\u0161ak i n\u011bkter\u00e9&#8230;<a class=\"read-more-link button\" href=\"https:\/\/theyoungmessiah.com\/cs\/mistni-zeny-hledaji-sex\/\">Read more<\/a><\/p>\n","protected":false},"author":1,"featured_media":0,"parent":0,"menu_order":0,"comment_status":"closed","ping_status":"closed","template":"","meta":[],"yoast_head":"<!-- This site is optimized with the Yoast SEO plugin v17.7.1 - https:\/\/yoast.com\/wordpress\/plugins\/seo\/ -->\n<title>M\u00edstn\u00ed \u017eeny hledaj\u00ed sex - Online Adult Dating<\/title>\n<meta name=\"robots\" content=\"index, follow, max-snippet:-1, max-image-preview:large, max-video-preview:-1\" \/>\n<link rel=\"canonical\" href=\"https:\/\/theyoungmessiah.com\/cs\/mistni-zeny-hledaji-sex\/\" \/>\n<meta property=\"og:locale\" content=\"cs_CZ\" \/>\n<meta property=\"og:type\" content=\"article\" \/>\n<meta property=\"og:title\" content=\"M\u00edstn\u00ed \u017eeny hledaj\u00ed sex - Online Adult Dating\" \/>\n<meta property=\"og:description\" content=\"M\u00edstn\u00ed \u017eeny, kter\u00e9 hledaj\u00ed sex, jsou \u010dasto ochotny spojit se s mu\u017ei, se kter\u00fdmi se setk\u00e1vaj\u00ed online. Existuje \u0159ada webov\u00fdch str\u00e1nek a aplikac\u00ed, kter\u00e9 se staraj\u00ed o tuto demografickou skupinu, co\u017e usnad\u0148uje spojen\u00ed s potenci\u00e1ln\u00edmi partnery. V mnoha p\u0159\u00edpadech tyto \u017eeny prost\u011b hledaj\u00ed fyzick\u00e9 spojen\u00ed a nemaj\u00ed z\u00e1jem o nic v\u00edc. Existuj\u00ed v\u0161ak i n\u011bkter\u00e9...Read more\" \/>\n<meta property=\"og:url\" content=\"https:\/\/theyoungmessiah.com\/cs\/mistni-zeny-hledaji-sex\/\" \/>\n<meta property=\"og:site_name\" content=\"Online Adult Dating\" \/>\n<meta name=\"twitter:card\" content=\"summary_large_image\" \/>\n<meta name=\"twitter:label1\" content=\"Odhadovan\u00e1 doba \u010dten\u00ed\" \/>\n\t<meta name=\"twitter:data1\" content=\"4 minuty\" \/>\n<script type=\"application\/ld+json\" class=\"yoast-schema-graph\">{\"@context\":\"https:\/\/schema.org\",\"@graph\":[{\"@type\":\"WebSite\",\"@id\":\"https:\/\/theyoungmessiah.com\/cs\/#website\",\"url\":\"https:\/\/theyoungmessiah.com\/cs\/\",\"name\":\"Online Adult Dating\",\"description\":\"Local Sex Hookups\",\"potentialAction\":[{\"@type\":\"SearchAction\",\"target\":{\"@type\":\"EntryPoint\",\"urlTemplate\":\"https:\/\/theyoungmessiah.com\/cs\/?s={search_term_string}\"},\"query-input\":\"required name=search_term_string\"}],\"inLanguage\":\"cs\"},{\"@type\":\"WebPage\",\"@id\":\"https:\/\/theyoungmessiah.com\/cs\/mistni-zeny-hledaji-sex\/#webpage\",\"url\":\"https:\/\/theyoungmessiah.com\/cs\/mistni-zeny-hledaji-sex\/\",\"name\":\"M\\u00edstn\\u00ed \\u017eeny hledaj\\u00ed sex - Online Adult Dating\",\"isPartOf\":{\"@id\":\"https:\/\/theyoungmessiah.com\/cs\/#website\"},\"datePublished\":\"2022-10-12T12:51:02+00:00\",\"dateModified\":\"2022-10-12T12:51:02+00:00\",\"breadcrumb\":{\"@id\":\"https:\/\/theyoungmessiah.com\/cs\/mistni-zeny-hledaji-sex\/#breadcrumb\"},\"inLanguage\":\"cs\",\"potentialAction\":[{\"@type\":\"ReadAction\",\"target\":[\"https:\/\/theyoungmessiah.com\/cs\/mistni-zeny-hledaji-sex\/\"]}]},{\"@type\":\"BreadcrumbList\",\"@id\":\"https:\/\/theyoungmessiah.com\/cs\/mistni-zeny-hledaji-sex\/#breadcrumb\",\"itemListElement\":[{\"@type\":\"ListItem\",\"position\":1,\"name\":\"Home\",\"item\":\"https:\/\/theyoungmessiah.com\/cs\/\"},{\"@type\":\"ListItem\",\"position\":2,\"name\":\"M\\u00edstn\\u00ed \\u017eeny hledaj\\u00ed sex\"}]}]}<\/script>\n<!-- \/ Yoast SEO plugin. -->","yoast_head_json":{"title":"M\u00edstn\u00ed \u017eeny hledaj\u00ed sex - Online Adult Dating","robots":{"index":"index","follow":"follow","max-snippet":"max-snippet:-1","max-image-preview":"max-image-preview:large","max-video-preview":"max-video-preview:-1"},"canonical":"https:\/\/theyoungmessiah.com\/cs\/mistni-zeny-hledaji-sex\/","og_locale":"cs_CZ","og_type":"article","og_title":"M\u00edstn\u00ed \u017eeny hledaj\u00ed sex - Online Adult Dating","og_description":"M\u00edstn\u00ed \u017eeny, kter\u00e9 hledaj\u00ed sex, jsou \u010dasto ochotny spojit se s mu\u017ei, se kter\u00fdmi se setk\u00e1vaj\u00ed online. Existuje \u0159ada webov\u00fdch str\u00e1nek a aplikac\u00ed, kter\u00e9 se staraj\u00ed o tuto demografickou skupinu, co\u017e usnad\u0148uje spojen\u00ed s potenci\u00e1ln\u00edmi partnery. V mnoha p\u0159\u00edpadech tyto \u017eeny prost\u011b hledaj\u00ed fyzick\u00e9 spojen\u00ed a nemaj\u00ed z\u00e1jem o nic v\u00edc. Existuj\u00ed v\u0161ak i n\u011bkter\u00e9...Read more","og_url":"https:\/\/theyoungmessiah.com\/cs\/mistni-zeny-hledaji-sex\/","og_site_name":"Online Adult Dating","twitter_card":"summary_large_image","twitter_misc":{"Odhadovan\u00e1 doba \u010dten\u00ed":"4 minuty"},"schema":{"@context":"https:\/\/schema.org","@graph":[{"@type":"WebSite","@id":"https:\/\/theyoungmessiah.com\/cs\/#website","url":"https:\/\/theyoungmessiah.com\/cs\/","name":"Online Adult Dating","description":"Local Sex Hookups","potentialAction":[{"@type":"SearchAction","target":{"@type":"EntryPoint","urlTemplate":"https:\/\/theyoungmessiah.com\/cs\/?s={search_term_string}"},"query-input":"required name=search_term_string"}],"inLanguage":"cs"},{"@type":"WebPage","@id":"https:\/\/theyoungmessiah.com\/cs\/mistni-zeny-hledaji-sex\/#webpage","url":"https:\/\/theyoungmessiah.com\/cs\/mistni-zeny-hledaji-sex\/","name":"M\u00edstn\u00ed \u017eeny hledaj\u00ed sex - Online Adult Dating","isPartOf":{"@id":"https:\/\/theyoungmessiah.com\/cs\/#website"},"datePublished":"2022-10-12T12:51:02+00:00","dateModified":"2022-10-12T12:51:02+00:00","breadcrumb":{"@id":"https:\/\/theyoungmessiah.com\/cs\/mistni-zeny-hledaji-sex\/#breadcrumb"},"inLanguage":"cs","potentialAction":[{"@type":"ReadAction","target":["https:\/\/theyoungmessiah.com\/cs\/mistni-zeny-hledaji-sex\/"]}]},{"@type":"BreadcrumbList","@id":"https:\/\/theyoungmessiah.com\/cs\/mistni-zeny-hledaji-sex\/#breadcrumb","itemListElement":[{"@type":"ListItem","position":1,"name":"Home","item":"https:\/\/theyoungmessiah.com\/cs\/"},{"@type":"ListItem","position":2,"name":"M\u00edstn\u00ed \u017eeny hledaj\u00ed sex"}]}]}},"_links":{"self":[{"href":"https:\/\/theyoungmessiah.com\/cs\/wp-json\/wp\/v2\/pages\/271"}],"collection":[{"href":"https:\/\/theyoungmessiah.com\/cs\/wp-json\/wp\/v2\/pages"}],"about":[{"href":"https:\/\/theyoungmessiah.com\/cs\/wp-json\/wp\/v2\/types\/page"}],"author":[{"embeddable":true,"href":"https:\/\/theyoungmessiah.com\/cs\/wp-json\/wp\/v2\/users\/1"}],"replies":[{"embeddable":true,"href":"https:\/\/theyoungmessiah.com\/cs\/wp-json\/wp\/v2\/comments?post=271"}],"version-history":[{"count":0,"href":"https:\/\/theyoungmessiah.com\/cs\/wp-json\/wp\/v2\/pages\/271\/revisions"}],"wp:attachment":[{"href":"https:\/\/theyoungmessiah.com\/cs\/wp-json\/wp\/v2\/media?parent=271"}],"curies":[{"name":"wp","href":"https:\/\/api.w.org\/{rel}","templated":true}]}}