{"id":274,"date":"2022-10-12T13:51:18","date_gmt":"2022-10-12T12:51:18","guid":{"rendered":"http:\/\/theyoungmessiah.com\/nadrzeni-lide-v-mem-okoli\/"},"modified":"2022-10-12T13:51:18","modified_gmt":"2022-10-12T12:51:18","slug":"nadrzeni-lide-v-mem-okoli","status":"publish","type":"page","link":"https:\/\/theyoungmessiah.com\/cs\/nadrzeni-lide-v-mem-okoli\/","title":{"rendered":"Nadr\u017een\u00ed lid\u00e9 v m\u00e9m okol\u00ed"},"content":{"rendered":"<p>Existuje spousta nadr\u017een\u00fdch lid\u00ed ve va\u0161em okol\u00ed, pokud se chcete p\u0159ipojit. Nejlep\u0161\u00ed zp\u016fsob, jak je naj\u00edt, je pou\u017e\u00edt seznamovac\u00ed nebo p\u0159ipojovac\u00ed aplikaci, jako je Tinder, Bumble nebo Grindr. M\u016f\u017eete tak\u00e9 zkusit j\u00edt do popul\u00e1rn\u00edch bar\u016f nebo klub\u016f ve va\u0161\u00ed oblasti. Pokud se sna\u017e\u00edte n\u011bkoho naj\u00edt, m\u016f\u017eete se v\u017edy zeptat sv\u00fdch p\u0159\u00e1tel, zda znaj\u00ed n\u011bkoho, kdo by mohl m\u00edt z\u00e1jem.<\/p>\n<p><a href=\"http:\/\/theyoungmessiah.com\/local-women-looking-for-sex\/\">Nadr\u017een\u00e9 \u017eeny<\/a> lze nal\u00e9zt po cel\u00e9m internetu a obvykle jsou na chatu o \u010demkoli a v\u0161em. Nicm\u00e9n\u011b, pokud jde o datov\u00e1n\u00ed, existuje n\u011bkolik v\u011bc\u00ed, kter\u00e9 byste m\u011bli m\u00edt na pam\u011bti. Za prv\u00e9, nadr\u017een\u00e9 \u017eeny jsou \u010dasto velmi dop\u0159edu, tak\u017ee na to budete muset b\u00fdt p\u0159ipraveni. Za druh\u00e9, obvykle hledaj\u00ed rychl\u00e9 p\u0159ipojen\u00ed, tak\u017ee neo\u010dek\u00e1vejte nic p\u0159\u00edli\u0161 v\u00e1\u017en\u00e9ho. Kone\u010dn\u011b, nadr\u017een\u00e9 \u017eeny jsou \u010dasto docela divok\u00e9 v posteli, tak\u017ee bu\u010fte p\u0159ipraveni na dobr\u00fd \u010das!<\/p>\n<h2>Setk\u00e1n\u00ed s Nadr\u017een\u00fdmi d\u00edvkami<\/h2>\n<p>Nen\u00ed nic lep\u0161\u00edho ne\u017e setkat se s horkou d\u00edvkou online a v\u011bd\u011bt, \u017ee je stejn\u011b nadr\u017een\u00e1 jako vy. Je to skv\u011bl\u00fd zp\u016fsob, jak n\u011bkoho poznat a z\u00e1rove\u0148 vystoupit. Jen se ujist\u011bte, \u017ee jste v bezpe\u010d\u00ed a pou\u017e\u00edv\u00e1te renomovan\u00e9 str\u00e1nky.<\/p>\n<p>Existuje spousta nadr\u017een\u00fdch \u017een v m\u00e9m okol\u00ed a po cel\u00e9 zemi, kter\u00e9 hledaj\u00ed chlapa, jako jste vy. Najdete je online na libovoln\u00e9m po\u010dtu seznamovac\u00edch web\u016f. V\u0161e, co mus\u00edte ud\u011blat, je nastavit profil, d\u00e1t p\u00e1r obr\u00e1zk\u016f a za\u010d\u00edt pos\u00edlat zpr\u00e1vy. \u017deny na t\u011bchto webov\u00fdch str\u00e1nk\u00e1ch jsou obvykle otev\u0159eny setk\u00e1n\u00ed pro p\u0159\u00edle\u017eitostn\u00fd sex, tak\u017ee byste nem\u011bli m\u00edt \u017e\u00e1dn\u00e9 pot\u00ed\u017ee s nalezen\u00edm n\u011bkoho, s k\u00fdm byste se mohli spojit.<\/p>\n<h3>Chat Avenue<\/h3>\n<p>Pokud hled\u00e1te seznamovac\u00ed aplikaci, kter\u00e1 v\u00e1m pom\u016f\u017ee naj\u00edt nadr\u017een\u00e9 lidi ve va\u0161em okol\u00ed, Chat Avenue je dobr\u00e1 volba. Aplikace m\u00e1 velkou u\u017eivatelskou z\u00e1kladnu, tak\u017ee pravd\u011bpodobn\u011b najdete n\u011bkoho, kdo m\u00e1 z\u00e1jem o p\u0159ipojen\u00ed. Aplikace je zdarma ke sta\u017een\u00ed a pou\u017eit\u00ed a je snadn\u00e9 se zaregistrovat a za\u010d\u00edt chatovat s lidmi. Aplikace v\u0161ak nen\u00ed bez chyb. N\u011bkte\u0159\u00ed u\u017eivatel\u00e9 uvedli, \u017ee aplikace je chybn\u00e1 a \u010dasto havaruje. Krom\u011b toho aplikace nem\u00e1 mnoho funkc\u00ed, tak\u017ee nen\u00ed tak komplexn\u00ed jako n\u011bkter\u00e9 z ostatn\u00edch seznamovac\u00edch aplikac\u00ed. Celkov\u011b je Chat Avenue slu\u0161nou volbou pro nalezen\u00ed nadr\u017een\u00fdch lid\u00ed, se kter\u00fdmi se m\u016f\u017eete spojit.<\/p>\n<h3>Zoosk<\/h3>\n<p>Pokud hled\u00e1te seznamovac\u00ed aplikaci, kter\u00e1 usnad\u0148uje spojen\u00ed s m\u00edstn\u00edmi nezadan\u00fdmi, pak je Zoosk skv\u011blou volbou. S v\u00edce ne\u017e 30 miliony \u010dlen\u016f je to jedna z nejpopul\u00e1rn\u011bj\u0161\u00edch seznamovac\u00edch aplikac\u00ed v okol\u00ed. A je obzvl\u00e1\u0161t\u011b popul\u00e1rn\u00ed u nadr\u017een\u00fdch lid\u00ed v m\u00e9m okol\u00ed.<\/p>\n<p>Aplikace Zoosk je zdarma ke sta\u017een\u00ed a pou\u017eit\u00ed a je velmi snadn\u00e9 ji pou\u017e\u00edvat. Sta\u010d\u00ed si vytvo\u0159it profil, nahr\u00e1t fotku a za\u010d\u00edt proch\u00e1zet m\u00edstn\u00ed singles. Vyhled\u00e1v\u00e1n\u00ed m\u016f\u017eete filtrovat podle polohy, v\u011bku a z\u00e1jm\u016f a m\u016f\u017eete poslat zpr\u00e1vu ka\u017ed\u00e9mu, kdo v\u00e1s zaujme.<\/p>\n<p>Jedinou nev\u00fdhodou Zoosku je, \u017ee nen\u00ed tak popul\u00e1rn\u00ed jako n\u011bkter\u00e9 jin\u00e9 seznamovac\u00ed aplikace, tak\u017ee m\u016f\u017eete m\u00edt t\u011b\u017e\u0161\u00ed \u010das naj\u00edt z\u00e1pasy. Ale pokud hled\u00e1te rychl\u00e9 p\u0159ipojen\u00ed, rozhodn\u011b stoj\u00ed za to vyzkou\u0161et.<\/p>\n<h3>Fling.com<\/h3>\n<p>Fling.com je seznamovac\u00ed aplikace, kter\u00e1 v\u00e1m umo\u017en\u00ed naj\u00edt nadr\u017een\u00e9 lidi ve va\u0161em okol\u00ed. Aplikace je zdarma ke sta\u017een\u00ed a pou\u017eit\u00ed a nab\u00edz\u00ed \u0159adu funkc\u00ed, kter\u00e9 v\u00e1m pomohou naj\u00edt shodu. U\u017eivatele m\u016f\u017eete vyhled\u00e1vat podle m\u00edsta, v\u011bku a pohlav\u00ed a m\u016f\u017eete jim poslat zpr\u00e1vu, aby zah\u00e1jili konverzaci. Aplikace tak\u00e9 obsahuje funkci &#8222;fling finder&#8220;, kter\u00e1 v\u00e1m umo\u017en\u00ed naj\u00edt u\u017eivatele, kte\u0159\u00ed hledaj\u00ed fling. Celkov\u011b je aplikace skv\u011bl\u00fdm zp\u016fsobem, jak se setkat s nov\u00fdmi lidmi a polo\u017eit se.<\/p>\n<h3>Zmaten\u00e9 chov\u00e1n\u00ed<\/h3>\n<p>Bumble je seznamovac\u00ed aplikace, kter\u00e1 v\u00e1m umo\u017en\u00ed naj\u00edt potenci\u00e1ln\u00ed data ve va\u0161em okol\u00ed. Je to podobn\u00e9 jin\u00fdm seznamovac\u00edm aplikac\u00edm, jako je Tinder a OkCupid, ale m\u00e1 n\u011bkolik kl\u00ed\u010dov\u00fdch rozd\u00edl\u016f. Za prv\u00e9, \u017eeny maj\u00ed v\u0161e pod kontrolou. Mus\u00ed ud\u011blat prvn\u00ed krok a mohou poslat zpr\u00e1vu pouze mu\u017e\u016fm, se kter\u00fdmi se spojili. Za druh\u00e9, aplikace je zam\u011b\u0159ena na v\u00e1\u017en\u011bj\u0161\u00ed vztahy. Nen\u00ed to tak p\u0159\u00edle\u017eitostn\u00e9 jako Tinder a je pravd\u011bpodobn\u011bj\u0161\u00ed, \u017ee najdete n\u011bkoho, kdo hled\u00e1 dlouhodob\u00fd vztah. Celkov\u011b je Bumble skv\u011bl\u00e1 seznamovac\u00ed aplikace pro \u017eeny, kter\u00e9 cht\u011bj\u00ed m\u00edt kontrolu a pro lidi, kte\u0159\u00ed hledaj\u00ed v\u00e1\u017en\u011bj\u0161\u00ed vztahy.<\/p>\n","protected":false},"excerpt":{"rendered":"<p>Existuje spousta nadr\u017een\u00fdch lid\u00ed ve va\u0161em okol\u00ed, pokud se chcete p\u0159ipojit. Nejlep\u0161\u00ed zp\u016fsob, jak je naj\u00edt, je pou\u017e\u00edt seznamovac\u00ed nebo p\u0159ipojovac\u00ed aplikaci, jako je Tinder, Bumble nebo Grindr. M\u016f\u017eete tak\u00e9 zkusit j\u00edt do popul\u00e1rn\u00edch bar\u016f nebo klub\u016f ve va\u0161\u00ed oblasti. Pokud se sna\u017e\u00edte n\u011bkoho naj\u00edt, m\u016f\u017eete se v\u017edy zeptat sv\u00fdch p\u0159\u00e1tel, zda znaj\u00ed n\u011bkoho, kdo&#8230;<a class=\"read-more-link button\" href=\"https:\/\/theyoungmessiah.com\/cs\/nadrzeni-lide-v-mem-okoli\/\">Read more<\/a><\/p>\n","protected":false},"author":1,"featured_media":0,"parent":0,"menu_order":0,"comment_status":"closed","ping_status":"closed","template":"","meta":[],"yoast_head":"<!-- This site is optimized with the Yoast SEO plugin v17.7.1 - https:\/\/yoast.com\/wordpress\/plugins\/seo\/ -->\n<title>Nadr\u017een\u00ed lid\u00e9 v m\u00e9m okol\u00ed - Online Adult Dating<\/title>\n<meta name=\"robots\" content=\"index, follow, max-snippet:-1, max-image-preview:large, max-video-preview:-1\" \/>\n<link rel=\"canonical\" href=\"https:\/\/theyoungmessiah.com\/cs\/nadrzeni-lide-v-mem-okoli\/\" \/>\n<meta property=\"og:locale\" content=\"cs_CZ\" \/>\n<meta property=\"og:type\" content=\"article\" \/>\n<meta property=\"og:title\" content=\"Nadr\u017een\u00ed lid\u00e9 v m\u00e9m okol\u00ed - Online Adult Dating\" \/>\n<meta property=\"og:description\" content=\"Existuje spousta nadr\u017een\u00fdch lid\u00ed ve va\u0161em okol\u00ed, pokud se chcete p\u0159ipojit. Nejlep\u0161\u00ed zp\u016fsob, jak je naj\u00edt, je pou\u017e\u00edt seznamovac\u00ed nebo p\u0159ipojovac\u00ed aplikaci, jako je Tinder, Bumble nebo Grindr. M\u016f\u017eete tak\u00e9 zkusit j\u00edt do popul\u00e1rn\u00edch bar\u016f nebo klub\u016f ve va\u0161\u00ed oblasti. Pokud se sna\u017e\u00edte n\u011bkoho naj\u00edt, m\u016f\u017eete se v\u017edy zeptat sv\u00fdch p\u0159\u00e1tel, zda znaj\u00ed n\u011bkoho, kdo...Read more\" \/>\n<meta property=\"og:url\" content=\"https:\/\/theyoungmessiah.com\/cs\/nadrzeni-lide-v-mem-okoli\/\" \/>\n<meta property=\"og:site_name\" content=\"Online Adult Dating\" \/>\n<meta name=\"twitter:card\" content=\"summary_large_image\" \/>\n<meta name=\"twitter:label1\" content=\"Odhadovan\u00e1 doba \u010dten\u00ed\" \/>\n\t<meta name=\"twitter:data1\" content=\"4 minuty\" \/>\n<script type=\"application\/ld+json\" class=\"yoast-schema-graph\">{\"@context\":\"https:\/\/schema.org\",\"@graph\":[{\"@type\":\"WebSite\",\"@id\":\"https:\/\/theyoungmessiah.com\/cs\/#website\",\"url\":\"https:\/\/theyoungmessiah.com\/cs\/\",\"name\":\"Online Adult Dating\",\"description\":\"Local Sex Hookups\",\"potentialAction\":[{\"@type\":\"SearchAction\",\"target\":{\"@type\":\"EntryPoint\",\"urlTemplate\":\"https:\/\/theyoungmessiah.com\/cs\/?s={search_term_string}\"},\"query-input\":\"required name=search_term_string\"}],\"inLanguage\":\"cs\"},{\"@type\":\"WebPage\",\"@id\":\"https:\/\/theyoungmessiah.com\/cs\/nadrzeni-lide-v-mem-okoli\/#webpage\",\"url\":\"https:\/\/theyoungmessiah.com\/cs\/nadrzeni-lide-v-mem-okoli\/\",\"name\":\"Nadr\\u017een\\u00ed lid\\u00e9 v m\\u00e9m okol\\u00ed - Online Adult Dating\",\"isPartOf\":{\"@id\":\"https:\/\/theyoungmessiah.com\/cs\/#website\"},\"datePublished\":\"2022-10-12T12:51:18+00:00\",\"dateModified\":\"2022-10-12T12:51:18+00:00\",\"breadcrumb\":{\"@id\":\"https:\/\/theyoungmessiah.com\/cs\/nadrzeni-lide-v-mem-okoli\/#breadcrumb\"},\"inLanguage\":\"cs\",\"potentialAction\":[{\"@type\":\"ReadAction\",\"target\":[\"https:\/\/theyoungmessiah.com\/cs\/nadrzeni-lide-v-mem-okoli\/\"]}]},{\"@type\":\"BreadcrumbList\",\"@id\":\"https:\/\/theyoungmessiah.com\/cs\/nadrzeni-lide-v-mem-okoli\/#breadcrumb\",\"itemListElement\":[{\"@type\":\"ListItem\",\"position\":1,\"name\":\"Home\",\"item\":\"https:\/\/theyoungmessiah.com\/cs\/\"},{\"@type\":\"ListItem\",\"position\":2,\"name\":\"Nadr\\u017een\\u00ed lid\\u00e9 v m\\u00e9m okol\\u00ed\"}]}]}<\/script>\n<!-- \/ Yoast SEO plugin. -->","yoast_head_json":{"title":"Nadr\u017een\u00ed lid\u00e9 v m\u00e9m okol\u00ed - Online Adult Dating","robots":{"index":"index","follow":"follow","max-snippet":"max-snippet:-1","max-image-preview":"max-image-preview:large","max-video-preview":"max-video-preview:-1"},"canonical":"https:\/\/theyoungmessiah.com\/cs\/nadrzeni-lide-v-mem-okoli\/","og_locale":"cs_CZ","og_type":"article","og_title":"Nadr\u017een\u00ed lid\u00e9 v m\u00e9m okol\u00ed - Online Adult Dating","og_description":"Existuje spousta nadr\u017een\u00fdch lid\u00ed ve va\u0161em okol\u00ed, pokud se chcete p\u0159ipojit. Nejlep\u0161\u00ed zp\u016fsob, jak je naj\u00edt, je pou\u017e\u00edt seznamovac\u00ed nebo p\u0159ipojovac\u00ed aplikaci, jako je Tinder, Bumble nebo Grindr. M\u016f\u017eete tak\u00e9 zkusit j\u00edt do popul\u00e1rn\u00edch bar\u016f nebo klub\u016f ve va\u0161\u00ed oblasti. Pokud se sna\u017e\u00edte n\u011bkoho naj\u00edt, m\u016f\u017eete se v\u017edy zeptat sv\u00fdch p\u0159\u00e1tel, zda znaj\u00ed n\u011bkoho, kdo...Read more","og_url":"https:\/\/theyoungmessiah.com\/cs\/nadrzeni-lide-v-mem-okoli\/","og_site_name":"Online Adult Dating","twitter_card":"summary_large_image","twitter_misc":{"Odhadovan\u00e1 doba \u010dten\u00ed":"4 minuty"},"schema":{"@context":"https:\/\/schema.org","@graph":[{"@type":"WebSite","@id":"https:\/\/theyoungmessiah.com\/cs\/#website","url":"https:\/\/theyoungmessiah.com\/cs\/","name":"Online Adult Dating","description":"Local Sex Hookups","potentialAction":[{"@type":"SearchAction","target":{"@type":"EntryPoint","urlTemplate":"https:\/\/theyoungmessiah.com\/cs\/?s={search_term_string}"},"query-input":"required name=search_term_string"}],"inLanguage":"cs"},{"@type":"WebPage","@id":"https:\/\/theyoungmessiah.com\/cs\/nadrzeni-lide-v-mem-okoli\/#webpage","url":"https:\/\/theyoungmessiah.com\/cs\/nadrzeni-lide-v-mem-okoli\/","name":"Nadr\u017een\u00ed lid\u00e9 v m\u00e9m okol\u00ed - Online Adult Dating","isPartOf":{"@id":"https:\/\/theyoungmessiah.com\/cs\/#website"},"datePublished":"2022-10-12T12:51:18+00:00","dateModified":"2022-10-12T12:51:18+00:00","breadcrumb":{"@id":"https:\/\/theyoungmessiah.com\/cs\/nadrzeni-lide-v-mem-okoli\/#breadcrumb"},"inLanguage":"cs","potentialAction":[{"@type":"ReadAction","target":["https:\/\/theyoungmessiah.com\/cs\/nadrzeni-lide-v-mem-okoli\/"]}]},{"@type":"BreadcrumbList","@id":"https:\/\/theyoungmessiah.com\/cs\/nadrzeni-lide-v-mem-okoli\/#breadcrumb","itemListElement":[{"@type":"ListItem","position":1,"name":"Home","item":"https:\/\/theyoungmessiah.com\/cs\/"},{"@type":"ListItem","position":2,"name":"Nadr\u017een\u00ed lid\u00e9 v m\u00e9m okol\u00ed"}]}]}},"_links":{"self":[{"href":"https:\/\/theyoungmessiah.com\/cs\/wp-json\/wp\/v2\/pages\/274"}],"collection":[{"href":"https:\/\/theyoungmessiah.com\/cs\/wp-json\/wp\/v2\/pages"}],"about":[{"href":"https:\/\/theyoungmessiah.com\/cs\/wp-json\/wp\/v2\/types\/page"}],"author":[{"embeddable":true,"href":"https:\/\/theyoungmessiah.com\/cs\/wp-json\/wp\/v2\/users\/1"}],"replies":[{"embeddable":true,"href":"https:\/\/theyoungmessiah.com\/cs\/wp-json\/wp\/v2\/comments?post=274"}],"version-history":[{"count":0,"href":"https:\/\/theyoungmessiah.com\/cs\/wp-json\/wp\/v2\/pages\/274\/revisions"}],"wp:attachment":[{"href":"https:\/\/theyoungmessiah.com\/cs\/wp-json\/wp\/v2\/media?parent=274"}],"curies":[{"name":"wp","href":"https:\/\/api.w.org\/{rel}","templated":true}]}}