{"id":292,"date":"2022-10-12T13:50:25","date_gmt":"2022-10-12T12:50:25","guid":{"rendered":"http:\/\/theyoungmessiah.com\/mistni-milf-seznamka\/"},"modified":"2022-10-12T13:50:25","modified_gmt":"2022-10-12T12:50:25","slug":"mistni-milf-seznamka","status":"publish","type":"page","link":"https:\/\/theyoungmessiah.com\/cs\/mistni-milf-seznamka\/","title":{"rendered":"M\u00edstn\u00ed Milf Seznamka"},"content":{"rendered":"<p>Existuje spousta zp\u016fsob\u016f, jak z\u00edskat bezplatn\u00e9 milf p\u0159ipojen\u00ed. M\u016f\u017eete naj\u00edt webov\u00e9 str\u00e1nky, kter\u00e9 se specializuj\u00ed na milf p\u0159ipojen\u00ed, nebo m\u016f\u017eete pou\u017e\u00edt pravideln\u00e9 seznamovac\u00ed str\u00e1nky. M\u016f\u017eete tak\u00e9 vyzkou\u0161et str\u00e1nky soci\u00e1ln\u00edch m\u00e9di\u00ed, jako je Facebook a Twitter. Bez ohledu na to, jakou metodu si vyberete, ujist\u011bte se, \u017ee jste uctiv\u00ed a ohledupln\u00ed k milf, se kter\u00fdm se sna\u017e\u00edte spojit.<\/p>\n<h2>MILF Seznamka<\/h2>\n<p>Na milfs je n\u011bco zaj\u00edmav\u00e9ho. Jsou zku\u0161en\u00ed, v\u011bd\u00ed, co cht\u011bj\u00ed, a neboj\u00ed se za t\u00edm j\u00edt. To je d\u016fvod, pro\u010d milf datov\u00e1n\u00ed m\u016f\u017ee b\u00fdt tak vzru\u0161uj\u00edc\u00ed. M\u016f\u017eete se u\u010dit od n\u011bkoho, kdo v\u00ed, co d\u011bl\u00e1, a m\u016f\u017eete za\u017e\u00edt nov\u00e9 v\u011bci.<\/p>\n<p>Milf <a href=\"http:\/\/theyoungmessiah.com\/granny-hookup\/\">datov\u00e1n\u00ed<\/a> v\u0161ak m\u016f\u017ee b\u00fdt tak\u00e9 n\u00e1ro\u010dn\u00e9. Tyto \u017eeny jsou \u010dasto zanepr\u00e1zdn\u011bn\u00e9 a nemus\u00ed m\u00edt spoustu \u010dasu na rand\u011bn\u00ed. Proto je d\u016fle\u017eit\u00e9 b\u00fdt trp\u011bliv\u00fd a pochopit, \u017ee v\u011bci se nemus\u00ed v\u017edy st\u00e1t tak rychle, jak byste cht\u011bli.<\/p>\n<p>Pokud m\u00e1te z\u00e1jem o milf datov\u00e1n\u00ed, pak je d\u016fle\u017eit\u00e9 b\u00fdt uctiv\u00fd a pochopit, co hled\u00e1. Nehled\u00e1 sex na jednu noc, hled\u00e1 vztah. Ud\u011blejte si tedy \u010das, poznejte ji a uvid\u00edte, kam se v\u011bci ub\u00edraj\u00ed.<\/p>\n<p>Nelze pop\u0159\u00edt, \u017ee seznamov\u00e1n\u00ed online m\u00e1 sv\u00e9 v\u00fdhody &#8211; m\u016f\u017eete oslovit \u0161ir\u0161\u00ed skupinu potenci\u00e1ln\u00edch partner\u016f a m\u016f\u017eete to ud\u011blat z pohodl\u00ed sv\u00e9ho domova. Ale jedna v\u011bc, kterou v\u00e1m online seznamov\u00e1n\u00ed nem\u016f\u017ee d\u00e1t, je schopnost setkat se s n\u011bk\u00fdm osobn\u011b hned. A to je m\u00edsto, kde p\u0159ich\u00e1zej\u00ed m\u00edstn\u00ed MILF.<\/p>\n<p>M\u00edstn\u00ed MILF jsou skv\u011bl\u00e9 pro lidi, kte\u0159\u00ed cht\u011bj\u00ed co nejrychleji offline proces online datov\u00e1n\u00ed. Jsou tak\u00e9 ide\u00e1ln\u00ed pro ty, kte\u0159\u00ed by mohli b\u00fdt trochu rezav\u00ed, pokud jde o datov\u00e1n\u00ed. Koneckonc\u016f, nic nep\u0159ekon\u00e1 praxi.<\/p>\n<p>Tak\u017ee pokud se chcete setkat s n\u011bk\u00fdm zvl\u00e1\u0161tn\u00edm a nejste si jisti, kde za\u010d\u00edt, pro\u010d nezkusit hledat m\u00edstn\u00ed MILF ve va\u0161\u00ed oblasti? Mo\u017en\u00e1 v\u00e1s jen p\u0159ekvap\u00ed, kolik atraktivn\u00edch, zp\u016fsobil\u00fdch \u017een je tam venku &#8211; a jak snadn\u00e9 je naj\u00edt.<\/p>\n<h2>Seznamte se s MILF<\/h2>\n<p>Na rand\u011bn\u00ed s MILF je n\u011bco, d\u00edky \u010demu se c\u00edt\u00edte jako mu\u017e. Mo\u017en\u00e1 je to proto, \u017ee v\u011bd\u00ed, co cht\u011bj\u00ed, nebo mo\u017en\u00e1 proto, \u017ee se neboj\u00ed j\u00edt za t\u00edm. A\u0165 tak \u010di onak, pokud se chcete setkat s MILF, nen\u00ed lep\u0161\u00ed m\u00edsto, kde to ud\u011blat, ne\u017e online.<\/p>\n<p>Existuje spousta seznamovac\u00edch str\u00e1nek MILF, ale ne v\u0161echny jsou vytvo\u0159eny stejn\u011b. Chcete se ujistit, \u017ee pou\u017e\u00edv\u00e1te web, kter\u00fd je popul\u00e1rn\u00ed a m\u00e1 dobrou pov\u011bst. Tak\u00e9 se chcete ujistit, \u017ee pou\u017e\u00edv\u00e1te web, kter\u00fd m\u00e1 mnoho aktivn\u00edch \u010dlen\u016f. T\u00edmto zp\u016fsobem je pravd\u011bpodobn\u011bj\u0161\u00ed, \u017ee najdete n\u011bkoho, kdo m\u00e1 skute\u010dn\u011b z\u00e1jem o setk\u00e1n\u00ed.<\/p>\n<p>Jakmile najdete seznamku MILF, kter\u00e1 se v\u00e1m l\u00edb\u00ed, zaregistrujte se a vytvo\u0159te si profil. Nezapome\u0148te zahrnout n\u011bjak\u00e9 obr\u00e1zky a trochu o sob\u011b. Pot\u00e9 za\u010dn\u011bte hledat MILF ve va\u0161\u00ed oblasti. Kdy\u017e najdete n\u011bkoho, o koho m\u00e1te z\u00e1jem, po\u0161lete mu zpr\u00e1vu a zjist\u011bte, jestli m\u00e1 z\u00e1jem o sch\u016fzku.<\/p>\n<p>Pokud hrajete sv\u00e9 karty spr\u00e1vn\u011b, m\u016f\u017eete se okam\u017eit\u011b setkat s MILF. Jen nezapome\u0148te b\u00fdt uctiv\u00ed a br\u00e1t v\u011bci pomalu. Koneckonc\u016f, nechcete do ni\u010deho sp\u011bchat a nakonec se zranit.<\/p>\n<h3>OnlyFlings<\/h3>\n<p>Pokud hled\u00e1te bezplatn\u00e9 milf p\u0159ipojen\u00ed, OnlyFlings je skv\u011bl\u00e1 volba. Aplikace se snadno pou\u017e\u00edv\u00e1 a m\u00e1 spoustu skv\u011bl\u00fdch funkc\u00ed, jako je videochat a vestav\u011bn\u00fd syst\u00e9m zas\u00edl\u00e1n\u00ed zpr\u00e1v. Jedinou nev\u00fdhodou je, \u017ee v aplikaci je\u0161t\u011b nen\u00ed mnoho u\u017eivatel\u016f, tak\u017ee m\u016f\u017eete m\u00edt pot\u00ed\u017ee s nalezen\u00edm n\u011bkoho ve va\u0161\u00ed oblasti. Celkov\u011b je v\u0161ak OnlyFlings skv\u011blou volbou pro bezplatn\u00e9 p\u0159ipojen\u00ed milf.<\/p>\n<h3>Zmaten\u00e9 chov\u00e1n\u00ed<\/h3>\n<p>Bumble je bezplatn\u00e1 online seznamovac\u00ed aplikace, kter\u00e1 umo\u017e\u0148uje u\u017eivatel\u016fm spojit se s potenci\u00e1ln\u00edmi z\u00e1pasy po cel\u00e9m sv\u011bt\u011b. Aplikace m\u00e1 jednoduch\u00e9 rozhran\u00ed a snadno se pou\u017e\u00edv\u00e1. Bumble m\u00e1 velk\u00fd fond potenci\u00e1ln\u00edch z\u00e1pas\u016f a spoustu funkc\u00ed, d\u00edky nim\u017e je skv\u011blou volbou pro online datov\u00e1n\u00ed. Aplikace je zdarma ke sta\u017een\u00ed a pou\u017eit\u00ed a m\u00e1 mo\u017enost placen\u00e9ho p\u0159edplatn\u00e9ho, kter\u00e1 u\u017eivatel\u016fm umo\u017e\u0148uje p\u0159\u00edstup k dal\u0161\u00edm funkc\u00edm. Celkov\u011b je Bumble skv\u011blou volbou pro online seznamov\u00e1n\u00ed a stoj\u00ed za to vyzkou\u0161et.<\/p>\n<h3>BoneAMilf<\/h3>\n<p>Pokud hled\u00e1te bezplatnou milf p\u0159ipojen\u00ed, BoneAMilf je aplikace pro v\u00e1s. S v\u00edce ne\u017e 1 milionem \u010dlen\u016f po cel\u00e9m sv\u011bt\u011b je snadn\u00e9 naj\u00edt n\u011bkoho ve va\u0161\u00ed oblasti, s k\u00fdm se m\u016f\u017eete spojit. Aplikace je zdarma ke sta\u017een\u00ed a pou\u017eit\u00ed a neexistuj\u00ed \u017e\u00e1dn\u00e9 n\u00e1kupy v aplikaci. \u010cleny m\u016f\u017eete vyhled\u00e1vat podle m\u00edsta, v\u011bku a z\u00e1jm\u016f a m\u016f\u017eete jim pos\u00edlat zpr\u00e1vy p\u0159\u00edmo. Aplikace m\u00e1 tak\u00e9 funkci &#8222;obl\u00edben\u00e9&#8220;, tak\u017ee m\u016f\u017eete sledovat \u010dleny, o kter\u00e9 m\u00e1te z\u00e1jem. Jedinou nev\u00fdhodou je, \u017ee aplikace je k dispozici pouze v angli\u010dtin\u011b.<\/p>\n<h3>Z\u00e1v\u011bs<\/h3>\n<p>Pokud hled\u00e1te seznamovac\u00ed aplikaci, kter\u00e1 nevy\u017eaduje mnoho odhodl\u00e1n\u00ed, Hinge je skv\u011bl\u00e1 volba. Aplikace je zdarma ke sta\u017een\u00ed a pou\u017eit\u00ed a nab\u00edz\u00ed \u0159adu funkc\u00ed, kter\u00e9 v\u00e1m pomohou naj\u00edt shodu. M\u016f\u017eete si vytvo\u0159it profil, zobrazit profily ostatn\u00edch u\u017eivatel\u016f a zdarma pos\u00edlat zpr\u00e1vy. M\u016f\u017eete tak\u00e9 upgradovat na placen\u00e9 \u010dlenstv\u00ed a odemknout tak dal\u0161\u00ed funkce.<\/p>\n<p>Hinge je popul\u00e1rn\u00ed seznamovac\u00ed aplikace z n\u011bjak\u00e9ho d\u016fvodu. Je to snadn\u00e9 pou\u017eit\u00ed a je zdarma ke sta\u017een\u00ed a pou\u017eit\u00ed. Aplikace nab\u00edz\u00ed \u0159adu funkc\u00ed, kter\u00e9 v\u00e1m pomohou naj\u00edt shodu, a je snadno navigovateln\u00e1. Pokud hled\u00e1te seznamovac\u00ed aplikaci, kter\u00e1 nevy\u017eaduje mnoho odhodl\u00e1n\u00ed, Hinge je skv\u011bl\u00e1 volba.<\/p>\n","protected":false},"excerpt":{"rendered":"<p>Existuje spousta zp\u016fsob\u016f, jak z\u00edskat bezplatn\u00e9 milf p\u0159ipojen\u00ed. M\u016f\u017eete naj\u00edt webov\u00e9 str\u00e1nky, kter\u00e9 se specializuj\u00ed na milf p\u0159ipojen\u00ed, nebo m\u016f\u017eete pou\u017e\u00edt pravideln\u00e9 seznamovac\u00ed str\u00e1nky. M\u016f\u017eete tak\u00e9 vyzkou\u0161et str\u00e1nky soci\u00e1ln\u00edch m\u00e9di\u00ed, jako je Facebook a Twitter. Bez ohledu na to, jakou metodu si vyberete, ujist\u011bte se, \u017ee jste uctiv\u00ed a ohledupln\u00ed k milf, se kter\u00fdm se&#8230;<a class=\"read-more-link button\" href=\"https:\/\/theyoungmessiah.com\/cs\/mistni-milf-seznamka\/\">Read more<\/a><\/p>\n","protected":false},"author":1,"featured_media":0,"parent":0,"menu_order":0,"comment_status":"closed","ping_status":"closed","template":"","meta":[],"yoast_head":"<!-- This site is optimized with the Yoast SEO plugin v17.7.1 - https:\/\/yoast.com\/wordpress\/plugins\/seo\/ -->\n<title>M\u00edstn\u00ed Milf Seznamka - Online Adult Dating<\/title>\n<meta name=\"robots\" content=\"index, follow, max-snippet:-1, max-image-preview:large, max-video-preview:-1\" \/>\n<link rel=\"canonical\" href=\"https:\/\/theyoungmessiah.com\/cs\/mistni-milf-seznamka\/\" \/>\n<meta property=\"og:locale\" content=\"cs_CZ\" \/>\n<meta property=\"og:type\" content=\"article\" \/>\n<meta property=\"og:title\" content=\"M\u00edstn\u00ed Milf Seznamka - Online Adult Dating\" \/>\n<meta property=\"og:description\" content=\"Existuje spousta zp\u016fsob\u016f, jak z\u00edskat bezplatn\u00e9 milf p\u0159ipojen\u00ed. M\u016f\u017eete naj\u00edt webov\u00e9 str\u00e1nky, kter\u00e9 se specializuj\u00ed na milf p\u0159ipojen\u00ed, nebo m\u016f\u017eete pou\u017e\u00edt pravideln\u00e9 seznamovac\u00ed str\u00e1nky. M\u016f\u017eete tak\u00e9 vyzkou\u0161et str\u00e1nky soci\u00e1ln\u00edch m\u00e9di\u00ed, jako je Facebook a Twitter. Bez ohledu na to, jakou metodu si vyberete, ujist\u011bte se, \u017ee jste uctiv\u00ed a ohledupln\u00ed k milf, se kter\u00fdm se...Read more\" \/>\n<meta property=\"og:url\" content=\"https:\/\/theyoungmessiah.com\/cs\/mistni-milf-seznamka\/\" \/>\n<meta property=\"og:site_name\" content=\"Online Adult Dating\" \/>\n<meta name=\"twitter:card\" content=\"summary_large_image\" \/>\n<meta name=\"twitter:label1\" content=\"Odhadovan\u00e1 doba \u010dten\u00ed\" \/>\n\t<meta name=\"twitter:data1\" content=\"5 minut\" \/>\n<script type=\"application\/ld+json\" class=\"yoast-schema-graph\">{\"@context\":\"https:\/\/schema.org\",\"@graph\":[{\"@type\":\"WebSite\",\"@id\":\"https:\/\/theyoungmessiah.com\/cs\/#website\",\"url\":\"https:\/\/theyoungmessiah.com\/cs\/\",\"name\":\"Online Adult Dating\",\"description\":\"Local Sex Hookups\",\"potentialAction\":[{\"@type\":\"SearchAction\",\"target\":{\"@type\":\"EntryPoint\",\"urlTemplate\":\"https:\/\/theyoungmessiah.com\/cs\/?s={search_term_string}\"},\"query-input\":\"required name=search_term_string\"}],\"inLanguage\":\"cs\"},{\"@type\":\"WebPage\",\"@id\":\"https:\/\/theyoungmessiah.com\/cs\/mistni-milf-seznamka\/#webpage\",\"url\":\"https:\/\/theyoungmessiah.com\/cs\/mistni-milf-seznamka\/\",\"name\":\"M\\u00edstn\\u00ed Milf Seznamka - Online Adult Dating\",\"isPartOf\":{\"@id\":\"https:\/\/theyoungmessiah.com\/cs\/#website\"},\"datePublished\":\"2022-10-12T12:50:25+00:00\",\"dateModified\":\"2022-10-12T12:50:25+00:00\",\"breadcrumb\":{\"@id\":\"https:\/\/theyoungmessiah.com\/cs\/mistni-milf-seznamka\/#breadcrumb\"},\"inLanguage\":\"cs\",\"potentialAction\":[{\"@type\":\"ReadAction\",\"target\":[\"https:\/\/theyoungmessiah.com\/cs\/mistni-milf-seznamka\/\"]}]},{\"@type\":\"BreadcrumbList\",\"@id\":\"https:\/\/theyoungmessiah.com\/cs\/mistni-milf-seznamka\/#breadcrumb\",\"itemListElement\":[{\"@type\":\"ListItem\",\"position\":1,\"name\":\"Home\",\"item\":\"https:\/\/theyoungmessiah.com\/cs\/\"},{\"@type\":\"ListItem\",\"position\":2,\"name\":\"M\\u00edstn\\u00ed Milf Seznamka\"}]}]}<\/script>\n<!-- \/ Yoast SEO plugin. -->","yoast_head_json":{"title":"M\u00edstn\u00ed Milf Seznamka - Online Adult Dating","robots":{"index":"index","follow":"follow","max-snippet":"max-snippet:-1","max-image-preview":"max-image-preview:large","max-video-preview":"max-video-preview:-1"},"canonical":"https:\/\/theyoungmessiah.com\/cs\/mistni-milf-seznamka\/","og_locale":"cs_CZ","og_type":"article","og_title":"M\u00edstn\u00ed Milf Seznamka - Online Adult Dating","og_description":"Existuje spousta zp\u016fsob\u016f, jak z\u00edskat bezplatn\u00e9 milf p\u0159ipojen\u00ed. M\u016f\u017eete naj\u00edt webov\u00e9 str\u00e1nky, kter\u00e9 se specializuj\u00ed na milf p\u0159ipojen\u00ed, nebo m\u016f\u017eete pou\u017e\u00edt pravideln\u00e9 seznamovac\u00ed str\u00e1nky. M\u016f\u017eete tak\u00e9 vyzkou\u0161et str\u00e1nky soci\u00e1ln\u00edch m\u00e9di\u00ed, jako je Facebook a Twitter. Bez ohledu na to, jakou metodu si vyberete, ujist\u011bte se, \u017ee jste uctiv\u00ed a ohledupln\u00ed k milf, se kter\u00fdm se...Read more","og_url":"https:\/\/theyoungmessiah.com\/cs\/mistni-milf-seznamka\/","og_site_name":"Online Adult Dating","twitter_card":"summary_large_image","twitter_misc":{"Odhadovan\u00e1 doba \u010dten\u00ed":"5 minut"},"schema":{"@context":"https:\/\/schema.org","@graph":[{"@type":"WebSite","@id":"https:\/\/theyoungmessiah.com\/cs\/#website","url":"https:\/\/theyoungmessiah.com\/cs\/","name":"Online Adult Dating","description":"Local Sex Hookups","potentialAction":[{"@type":"SearchAction","target":{"@type":"EntryPoint","urlTemplate":"https:\/\/theyoungmessiah.com\/cs\/?s={search_term_string}"},"query-input":"required name=search_term_string"}],"inLanguage":"cs"},{"@type":"WebPage","@id":"https:\/\/theyoungmessiah.com\/cs\/mistni-milf-seznamka\/#webpage","url":"https:\/\/theyoungmessiah.com\/cs\/mistni-milf-seznamka\/","name":"M\u00edstn\u00ed Milf Seznamka - Online Adult Dating","isPartOf":{"@id":"https:\/\/theyoungmessiah.com\/cs\/#website"},"datePublished":"2022-10-12T12:50:25+00:00","dateModified":"2022-10-12T12:50:25+00:00","breadcrumb":{"@id":"https:\/\/theyoungmessiah.com\/cs\/mistni-milf-seznamka\/#breadcrumb"},"inLanguage":"cs","potentialAction":[{"@type":"ReadAction","target":["https:\/\/theyoungmessiah.com\/cs\/mistni-milf-seznamka\/"]}]},{"@type":"BreadcrumbList","@id":"https:\/\/theyoungmessiah.com\/cs\/mistni-milf-seznamka\/#breadcrumb","itemListElement":[{"@type":"ListItem","position":1,"name":"Home","item":"https:\/\/theyoungmessiah.com\/cs\/"},{"@type":"ListItem","position":2,"name":"M\u00edstn\u00ed Milf Seznamka"}]}]}},"_links":{"self":[{"href":"https:\/\/theyoungmessiah.com\/cs\/wp-json\/wp\/v2\/pages\/292"}],"collection":[{"href":"https:\/\/theyoungmessiah.com\/cs\/wp-json\/wp\/v2\/pages"}],"about":[{"href":"https:\/\/theyoungmessiah.com\/cs\/wp-json\/wp\/v2\/types\/page"}],"author":[{"embeddable":true,"href":"https:\/\/theyoungmessiah.com\/cs\/wp-json\/wp\/v2\/users\/1"}],"replies":[{"embeddable":true,"href":"https:\/\/theyoungmessiah.com\/cs\/wp-json\/wp\/v2\/comments?post=292"}],"version-history":[{"count":0,"href":"https:\/\/theyoungmessiah.com\/cs\/wp-json\/wp\/v2\/pages\/292\/revisions"}],"wp:attachment":[{"href":"https:\/\/theyoungmessiah.com\/cs\/wp-json\/wp\/v2\/media?parent=292"}],"curies":[{"name":"wp","href":"https:\/\/api.w.org\/{rel}","templated":true}]}}