{"id":295,"date":"2022-10-12T13:50:13","date_gmt":"2022-10-12T12:50:13","guid":{"rendered":"http:\/\/theyoungmessiah.com\/babiccina-pripojka\/"},"modified":"2022-10-12T13:50:13","modified_gmt":"2022-10-12T12:50:13","slug":"babiccina-pripojka","status":"publish","type":"page","link":"https:\/\/theyoungmessiah.com\/cs\/babiccina-pripojka\/","title":{"rendered":"Babi\u010d\u010dina p\u0159\u00edpojka"},"content":{"rendered":"<p>Na my\u0161lence spojit se s babi\u010dkou je n\u011bco zaj\u00edmav\u00e9ho. Mo\u017en\u00e1 je to tabuizovan\u00e1 povaha nebo skute\u010dnost, \u017ee jsou zku\u0161en\u00ed a v\u011bd\u00ed, co d\u011blaj\u00ed. A\u0165 u\u017e je d\u016fvod jak\u00fdkoliv, babi\u010d\u010diny p\u0159\u00edpojky mohou b\u00fdt hodn\u011b z\u00e1bavn\u00e9.<\/p>\n<p>Samoz\u0159ejm\u011b existuje n\u011bkolik v\u011bc\u00ed, kter\u00e9 mus\u00edte m\u00edt na pam\u011bti, ne\u017e <a href=\"http:\/\/theyoungmessiah.com\/dating-site-for-older-women\/\">se spoj\u00edte<\/a> s babi\u010dkou. Pro za\u010d\u00e1te\u010dn\u00edky budou pravd\u011bpodobn\u011b mnohem zku\u0161en\u011bj\u0161\u00ed ne\u017e vy, tak\u017ee neo\u010dek\u00e1vejte, \u017ee budete m\u00edt kontrolu. Tak\u00e9 nemus\u00ed b\u00fdt tak flexibiln\u00ed, jak jste zvykl\u00ed, tak\u017ee bu\u010fte p\u0159ipraveni na n\u011bkter\u00e9 nekonven\u010dn\u00ed pozice.<\/p>\n<p>Ale pokud jste na trochu z\u00e1bavy, pak babi\u010dka m\u016f\u017ee b\u00fdt skv\u011bl\u00fd z\u00e1\u017eitek. Jen se ujist\u011bte, \u017ee do toho jdete se spr\u00e1vn\u00fdmi o\u010dek\u00e1v\u00e1n\u00edmi a jste si jisti, \u017ee se budete dob\u0159e bavit.<\/p>\n<h2>M\u00edstn\u00ed babi\u010dka Seznamka Str\u00e1nky<\/h2>\n<p>Existuje mnoho m\u00edstn\u00edch babi\u010dkov\u00fdch seznamovac\u00edch str\u00e1nek, kter\u00e9 v\u00e1m pomohou setkat se se star\u0161\u00edmi \u017eenami ve va\u0161\u00ed oblasti. Tyto str\u00e1nky mohou b\u00fdt skv\u011bl\u00fdm zp\u016fsobem, jak se setkat s nov\u00fdmi lidmi a budovat nov\u00e9 vztahy. Mnoho z t\u011bchto str\u00e1nek nab\u00edz\u00ed bezplatn\u00e9 \u010dlenstv\u00ed, tak\u017ee si je m\u016f\u017eete vyzkou\u0161et, ne\u017e se zav\u00e1\u017eete k placen\u00e9mu \u010dlenstv\u00ed. P\u0159ed registrac\u00ed si p\u0159e\u010dt\u011bte smluvn\u00ed podm\u00ednky ka\u017ed\u00e9ho webu, abyste v\u011bd\u011bli, do \u010deho jdete. Jakmile najdete n\u011bkolik potenci\u00e1ln\u00edch shod, ud\u011blejte si \u010das na to, abyste jim poslali zpr\u00e1vu a l\u00e9pe je poznali. Pokud v\u0161e p\u016fjde dob\u0159e, m\u016f\u017eete se domluvit na osobn\u00edm setk\u00e1n\u00ed a zjistit, zda je jiskra. Hodn\u011b zdaru!<\/p>\n<p>Existuje spousta star\u0161\u00edch \u017een, kter\u00e9 maj\u00ed z\u00e1jem o rand\u011bn\u00ed s mlad\u0161\u00edmi mu\u017ei a naopak. M\u016f\u017ee v\u0161ak b\u00fdt obt\u00ed\u017en\u00e9 naj\u00edt shody prost\u0159ednictv\u00edm tradi\u010dn\u00edch datovac\u00edch metod, jako je online datov\u00e1n\u00ed. Je to proto, \u017ee mnoho seznamovac\u00edch web\u016f a aplikac\u00ed je zam\u011b\u0159eno na p\u00e1rov\u00e1n\u00ed lid\u00ed podobn\u00e9ho v\u011bku, nam\u00edsto p\u00e1rov\u00e1n\u00ed lid\u00ed na z\u00e1klad\u011b jejich z\u00e1jm\u016f.<\/p>\n<p>Jedn\u00edm ze zp\u016fsob\u016f, jak naj\u00edt shody se star\u0161\u00edmi \u017eenami, pokud jste mlad\u0161\u00ed mu\u017e, kter\u00fd m\u00e1 z\u00e1jem o jejich datov\u00e1n\u00ed, je hledat weby a aplikace, kter\u00e9 se konkr\u00e9tn\u011b staraj\u00ed o tuto demografickou skupinu. Existuj\u00ed nap\u0159\u00edklad weby, jako je CougarLife.com, kter\u00e9 jsou navr\u017eeny speci\u00e1ln\u011b pro star\u0161\u00ed \u017eeny a mlad\u0161\u00ed mu\u017ee, aby se setkali a chodili. Existuj\u00ed tak\u00e9 seznamovac\u00ed aplikace, jako je Tinder, kter\u00e9 v\u00e1m umo\u017e\u0148uj\u00ed nastavit v\u011bkov\u00e9 preference, tak\u017ee m\u016f\u017eete vid\u011bt pouze star\u0161\u00ed \u017eeny, kter\u00e9 jsou v po\u017eadovan\u00e9m v\u011bkov\u00e9m rozmez\u00ed.<\/p>\n<p>Samoz\u0159ejm\u011b se m\u016f\u017eete tak\u00e9 pokusit setkat se star\u0161\u00edmi \u017eenami offline, prost\u0159ednictv\u00edm spole\u010dn\u00fdch p\u0159\u00e1tel nebo jednodu\u0161e t\u00edm, \u017ee je oslov\u00edte osobn\u011b. Online seznamov\u00e1n\u00ed v\u0161ak m\u016f\u017ee b\u00fdt skv\u011bl\u00fd zp\u016fsob, jak se spojit se star\u0161\u00edmi \u017eenami, kter\u00e9 byste jinak nem\u011bli \u0161anci potkat.<\/p>\n<h2>Star\u0161\u00ed \u017deny Hledaj\u00ed Sex<\/h2>\n<p>Existuje rostouc\u00ed trend star\u0161\u00edch \u017een, kter\u00e9 hledaj\u00ed sex online. To je pravd\u011bpodobn\u011b zp\u016fsobeno skute\u010dnost\u00ed, \u017ee mnoho \u017een je nyn\u00ed spokojen\u011bj\u0161\u00ed se svou sexualitou a je otev\u0159en\u011bj\u0161\u00ed k prozkoum\u00e1n\u00ed sv\u00fdch sexu\u00e1ln\u00edch tu\u017eeb. Star\u0161\u00ed \u017eeny mohou m\u00edt nav\u00edc v\u011bt\u0161\u00ed pot\u00ed\u017ee s hled\u00e1n\u00edm partner\u016f ve sv\u00e9m v\u011bku, tak\u017ee se obracej\u00ed na internet, aby na\u0161li potenci\u00e1ln\u00ed sexu\u00e1ln\u00ed partnery.<\/p>\n<p>Existuje \u0159ada webov\u00fdch str\u00e1nek a aplikac\u00ed, kter\u00e9 se staraj\u00ed o star\u0161\u00ed \u017eeny, kter\u00e9 hledaj\u00ed sex. Tyto platformy poskytuj\u00ed \u017een\u00e1m bezpe\u010dn\u00e9 a pohodln\u00e9 prost\u0159ed\u00ed, kde mohou prozkoumat svou sexualitu a naj\u00edt sexu\u00e1ln\u00ed partnery. Krom\u011b toho tyto platformy nab\u00edzej\u00ed \u0159adu funkc\u00ed a vyhled\u00e1vac\u00edch filtr\u016f, kter\u00e9 \u017een\u00e1m umo\u017e\u0148uj\u00ed naj\u00edt partnery, kte\u0159\u00ed spl\u0148uj\u00ed jejich specifick\u00e9 pot\u0159eby a touhy.<\/p>\n<h3>DateMyAge<\/h3>\n<p>DateMyAge je babi\u010dka hookup aplikace, kter\u00e1 v\u00e1m umo\u017en\u00ed naj\u00edt m\u00edstn\u00ed star\u0161\u00ed \u017eeny, kter\u00e9 hledaj\u00ed fling. Aplikace se snadno pou\u017e\u00edv\u00e1 a m\u00e1 mnoho funkc\u00ed, kter\u00e9 v\u00e1m umo\u017en\u00ed naj\u00edt p\u0159esn\u011b to, co hled\u00e1te. Funkce vyhled\u00e1v\u00e1n\u00ed je velmi u\u017eivatelsky p\u0159\u00edv\u011btiv\u00e1 a aplikace tak\u00e9 umo\u017e\u0148uje zobrazit profily ostatn\u00edch \u010dlen\u016f ve va\u0161\u00ed oblasti. Celkov\u011b je to skv\u011bl\u00e1 aplikace pro nalezen\u00ed babi\u010dky.<\/p>\n<h3>ComeWithYou<\/h3>\n<p>ComeWithYou je nov\u00e1 seznamovac\u00ed aplikace, kter\u00e1 je ide\u00e1ln\u00ed pro babi\u010dky. Aplikace je velmi u\u017eivatelsky p\u0159\u00edv\u011btiv\u00e1 a snadno se orientuje. M\u00e1 spoustu skv\u011bl\u00fdch funkc\u00ed, kter\u00e9 usnad\u0148uj\u00ed nalezen\u00ed a spojen\u00ed s potenci\u00e1ln\u00edmi shodami. Funkce vyhled\u00e1v\u00e1n\u00ed je velmi komplexn\u00ed a umo\u017e\u0148uje naj\u00edt shody na z\u00e1klad\u011b r\u016fzn\u00fdch krit\u00e9ri\u00ed. Funkce zas\u00edl\u00e1n\u00ed zpr\u00e1v je tak\u00e9 velmi dobr\u00e1 a umo\u017e\u0148uje snadn\u00e9 spojen\u00ed se shodami. Celkov\u011b je ComeWithYou skv\u011blou volbou pro babi\u010dky a v\u0159ele bych ji doporu\u010dil ka\u017ed\u00e9mu, kdo hled\u00e1 novou seznamovac\u00ed aplikaci.<\/p>\n<h3>DateYou<\/h3>\n<p>Zjistil jsem, \u017ee seznamovac\u00ed aplikace DateYou je skv\u011bl\u00fd zp\u016fsob, jak se setkat s babi\u010dkami pro p\u0159ipojen\u00ed. Aplikace se snadno pou\u017e\u00edv\u00e1 a m\u00e1 spoustu skv\u011bl\u00fdch funkc\u00ed. Funkce vyhled\u00e1v\u00e1n\u00ed je skv\u011bl\u00e1 a syst\u00e9m zas\u00edl\u00e1n\u00ed zpr\u00e1v je velmi u\u017eivatelsky p\u0159\u00edv\u011btiv\u00fd. Tak\u00e9 se mi l\u00edb\u00ed, \u017ee m\u016f\u017eete vid\u011bt, kdo je online a kdo nen\u00ed. Celkov\u011b bych tuto aplikaci ur\u010dit\u011b doporu\u010dil ka\u017ed\u00e9mu, kdo hled\u00e1 babi\u010dku.<\/p>\n<h3>Badoo<\/h3>\n<p>Pokud hled\u00e1te partnerskou p\u0159\u00ed\u010dku, Badoo pravd\u011bpodobn\u011b nen\u00ed seznamovac\u00ed aplikace pro v\u00e1s. A\u010dkoli se \u00fa\u010dtuje jako seznamovac\u00ed aplikace, mnoho u\u017eivatel\u016f uv\u00e1d\u00ed, \u017ee je obt\u00ed\u017en\u00e9 skute\u010dn\u011b naj\u00edt shody v aplikaci. Ve skute\u010dnosti mnoho u\u017eivatel\u016f uv\u00e1d\u00ed, \u017ee aplikace je pln\u00e1 fale\u0161n\u00fdch profil\u016f a \u017ee je obt\u00ed\u017en\u00e9 se dostat do kontaktu se z\u00e1kaznick\u00fdm servisem, kdy\u017e m\u00e1te probl\u00e9m. Tak\u017ee pokud hled\u00e1te babi\u010dku, mo\u017en\u00e1 budete cht\u00edt vyzkou\u0161et jinou aplikaci.<\/p>\n","protected":false},"excerpt":{"rendered":"<p>Na my\u0161lence spojit se s babi\u010dkou je n\u011bco zaj\u00edmav\u00e9ho. Mo\u017en\u00e1 je to tabuizovan\u00e1 povaha nebo skute\u010dnost, \u017ee jsou zku\u0161en\u00ed a v\u011bd\u00ed, co d\u011blaj\u00ed. A\u0165 u\u017e je d\u016fvod jak\u00fdkoliv, babi\u010d\u010diny p\u0159\u00edpojky mohou b\u00fdt hodn\u011b z\u00e1bavn\u00e9. Samoz\u0159ejm\u011b existuje n\u011bkolik v\u011bc\u00ed, kter\u00e9 mus\u00edte m\u00edt na pam\u011bti, ne\u017e se spoj\u00edte s babi\u010dkou. Pro za\u010d\u00e1te\u010dn\u00edky budou pravd\u011bpodobn\u011b mnohem zku\u0161en\u011bj\u0161\u00ed ne\u017e&#8230;<a class=\"read-more-link button\" href=\"https:\/\/theyoungmessiah.com\/cs\/babiccina-pripojka\/\">Read more<\/a><\/p>\n","protected":false},"author":1,"featured_media":0,"parent":0,"menu_order":0,"comment_status":"closed","ping_status":"closed","template":"","meta":[],"yoast_head":"<!-- This site is optimized with the Yoast SEO plugin v17.7.1 - https:\/\/yoast.com\/wordpress\/plugins\/seo\/ -->\n<title>Babi\u010d\u010dina p\u0159\u00edpojka - Online Adult Dating<\/title>\n<meta name=\"robots\" content=\"index, follow, max-snippet:-1, max-image-preview:large, max-video-preview:-1\" \/>\n<link rel=\"canonical\" href=\"https:\/\/theyoungmessiah.com\/cs\/babiccina-pripojka\/\" \/>\n<meta property=\"og:locale\" content=\"cs_CZ\" \/>\n<meta property=\"og:type\" content=\"article\" \/>\n<meta property=\"og:title\" content=\"Babi\u010d\u010dina p\u0159\u00edpojka - Online Adult Dating\" \/>\n<meta property=\"og:description\" content=\"Na my\u0161lence spojit se s babi\u010dkou je n\u011bco zaj\u00edmav\u00e9ho. Mo\u017en\u00e1 je to tabuizovan\u00e1 povaha nebo skute\u010dnost, \u017ee jsou zku\u0161en\u00ed a v\u011bd\u00ed, co d\u011blaj\u00ed. A\u0165 u\u017e je d\u016fvod jak\u00fdkoliv, babi\u010d\u010diny p\u0159\u00edpojky mohou b\u00fdt hodn\u011b z\u00e1bavn\u00e9. Samoz\u0159ejm\u011b existuje n\u011bkolik v\u011bc\u00ed, kter\u00e9 mus\u00edte m\u00edt na pam\u011bti, ne\u017e se spoj\u00edte s babi\u010dkou. Pro za\u010d\u00e1te\u010dn\u00edky budou pravd\u011bpodobn\u011b mnohem zku\u0161en\u011bj\u0161\u00ed ne\u017e...Read more\" \/>\n<meta property=\"og:url\" content=\"https:\/\/theyoungmessiah.com\/cs\/babiccina-pripojka\/\" \/>\n<meta property=\"og:site_name\" content=\"Online Adult Dating\" \/>\n<meta name=\"twitter:card\" content=\"summary_large_image\" \/>\n<meta name=\"twitter:label1\" content=\"Odhadovan\u00e1 doba \u010dten\u00ed\" \/>\n\t<meta name=\"twitter:data1\" content=\"5 minut\" \/>\n<script type=\"application\/ld+json\" class=\"yoast-schema-graph\">{\"@context\":\"https:\/\/schema.org\",\"@graph\":[{\"@type\":\"WebSite\",\"@id\":\"https:\/\/theyoungmessiah.com\/cs\/#website\",\"url\":\"https:\/\/theyoungmessiah.com\/cs\/\",\"name\":\"Online Adult Dating\",\"description\":\"Local Sex Hookups\",\"potentialAction\":[{\"@type\":\"SearchAction\",\"target\":{\"@type\":\"EntryPoint\",\"urlTemplate\":\"https:\/\/theyoungmessiah.com\/cs\/?s={search_term_string}\"},\"query-input\":\"required name=search_term_string\"}],\"inLanguage\":\"cs\"},{\"@type\":\"WebPage\",\"@id\":\"https:\/\/theyoungmessiah.com\/cs\/babiccina-pripojka\/#webpage\",\"url\":\"https:\/\/theyoungmessiah.com\/cs\/babiccina-pripojka\/\",\"name\":\"Babi\\u010d\\u010dina p\\u0159\\u00edpojka - Online Adult Dating\",\"isPartOf\":{\"@id\":\"https:\/\/theyoungmessiah.com\/cs\/#website\"},\"datePublished\":\"2022-10-12T12:50:13+00:00\",\"dateModified\":\"2022-10-12T12:50:13+00:00\",\"breadcrumb\":{\"@id\":\"https:\/\/theyoungmessiah.com\/cs\/babiccina-pripojka\/#breadcrumb\"},\"inLanguage\":\"cs\",\"potentialAction\":[{\"@type\":\"ReadAction\",\"target\":[\"https:\/\/theyoungmessiah.com\/cs\/babiccina-pripojka\/\"]}]},{\"@type\":\"BreadcrumbList\",\"@id\":\"https:\/\/theyoungmessiah.com\/cs\/babiccina-pripojka\/#breadcrumb\",\"itemListElement\":[{\"@type\":\"ListItem\",\"position\":1,\"name\":\"Home\",\"item\":\"https:\/\/theyoungmessiah.com\/cs\/\"},{\"@type\":\"ListItem\",\"position\":2,\"name\":\"Babi\\u010d\\u010dina p\\u0159\\u00edpojka\"}]}]}<\/script>\n<!-- \/ Yoast SEO plugin. -->","yoast_head_json":{"title":"Babi\u010d\u010dina p\u0159\u00edpojka - Online Adult Dating","robots":{"index":"index","follow":"follow","max-snippet":"max-snippet:-1","max-image-preview":"max-image-preview:large","max-video-preview":"max-video-preview:-1"},"canonical":"https:\/\/theyoungmessiah.com\/cs\/babiccina-pripojka\/","og_locale":"cs_CZ","og_type":"article","og_title":"Babi\u010d\u010dina p\u0159\u00edpojka - Online Adult Dating","og_description":"Na my\u0161lence spojit se s babi\u010dkou je n\u011bco zaj\u00edmav\u00e9ho. Mo\u017en\u00e1 je to tabuizovan\u00e1 povaha nebo skute\u010dnost, \u017ee jsou zku\u0161en\u00ed a v\u011bd\u00ed, co d\u011blaj\u00ed. A\u0165 u\u017e je d\u016fvod jak\u00fdkoliv, babi\u010d\u010diny p\u0159\u00edpojky mohou b\u00fdt hodn\u011b z\u00e1bavn\u00e9. Samoz\u0159ejm\u011b existuje n\u011bkolik v\u011bc\u00ed, kter\u00e9 mus\u00edte m\u00edt na pam\u011bti, ne\u017e se spoj\u00edte s babi\u010dkou. Pro za\u010d\u00e1te\u010dn\u00edky budou pravd\u011bpodobn\u011b mnohem zku\u0161en\u011bj\u0161\u00ed ne\u017e...Read more","og_url":"https:\/\/theyoungmessiah.com\/cs\/babiccina-pripojka\/","og_site_name":"Online Adult Dating","twitter_card":"summary_large_image","twitter_misc":{"Odhadovan\u00e1 doba \u010dten\u00ed":"5 minut"},"schema":{"@context":"https:\/\/schema.org","@graph":[{"@type":"WebSite","@id":"https:\/\/theyoungmessiah.com\/cs\/#website","url":"https:\/\/theyoungmessiah.com\/cs\/","name":"Online Adult Dating","description":"Local Sex Hookups","potentialAction":[{"@type":"SearchAction","target":{"@type":"EntryPoint","urlTemplate":"https:\/\/theyoungmessiah.com\/cs\/?s={search_term_string}"},"query-input":"required name=search_term_string"}],"inLanguage":"cs"},{"@type":"WebPage","@id":"https:\/\/theyoungmessiah.com\/cs\/babiccina-pripojka\/#webpage","url":"https:\/\/theyoungmessiah.com\/cs\/babiccina-pripojka\/","name":"Babi\u010d\u010dina p\u0159\u00edpojka - Online Adult Dating","isPartOf":{"@id":"https:\/\/theyoungmessiah.com\/cs\/#website"},"datePublished":"2022-10-12T12:50:13+00:00","dateModified":"2022-10-12T12:50:13+00:00","breadcrumb":{"@id":"https:\/\/theyoungmessiah.com\/cs\/babiccina-pripojka\/#breadcrumb"},"inLanguage":"cs","potentialAction":[{"@type":"ReadAction","target":["https:\/\/theyoungmessiah.com\/cs\/babiccina-pripojka\/"]}]},{"@type":"BreadcrumbList","@id":"https:\/\/theyoungmessiah.com\/cs\/babiccina-pripojka\/#breadcrumb","itemListElement":[{"@type":"ListItem","position":1,"name":"Home","item":"https:\/\/theyoungmessiah.com\/cs\/"},{"@type":"ListItem","position":2,"name":"Babi\u010d\u010dina p\u0159\u00edpojka"}]}]}},"_links":{"self":[{"href":"https:\/\/theyoungmessiah.com\/cs\/wp-json\/wp\/v2\/pages\/295"}],"collection":[{"href":"https:\/\/theyoungmessiah.com\/cs\/wp-json\/wp\/v2\/pages"}],"about":[{"href":"https:\/\/theyoungmessiah.com\/cs\/wp-json\/wp\/v2\/types\/page"}],"author":[{"embeddable":true,"href":"https:\/\/theyoungmessiah.com\/cs\/wp-json\/wp\/v2\/users\/1"}],"replies":[{"embeddable":true,"href":"https:\/\/theyoungmessiah.com\/cs\/wp-json\/wp\/v2\/comments?post=295"}],"version-history":[{"count":0,"href":"https:\/\/theyoungmessiah.com\/cs\/wp-json\/wp\/v2\/pages\/295\/revisions"}],"wp:attachment":[{"href":"https:\/\/theyoungmessiah.com\/cs\/wp-json\/wp\/v2\/media?parent=295"}],"curies":[{"name":"wp","href":"https:\/\/api.w.org\/{rel}","templated":true}]}}