{"id":319,"date":"2022-10-12T13:50:05","date_gmt":"2022-10-12T12:50:05","guid":{"rendered":"http:\/\/theyoungmessiah.com\/seznamka-pro-starsi-zeny\/"},"modified":"2022-10-12T13:50:05","modified_gmt":"2022-10-12T12:50:05","slug":"seznamka-pro-starsi-zeny","status":"publish","type":"page","link":"https:\/\/theyoungmessiah.com\/cs\/seznamka-pro-starsi-zeny\/","title":{"rendered":"Seznamka pro star\u0161\u00ed \u017eeny"},"content":{"rendered":"<p>Existuje n\u011bkolik <a href=\"http:\/\/theyoungmessiah.com\/local-fuck-sites\/\">seznamovac\u00edch str\u00e1nek<\/a> pro star\u0161\u00ed \u017eeny, kter\u00e9 stoj\u00ed za to se pod\u00edvat. Pokud hled\u00e1te fling nebo p\u0159ipojen\u00ed, tyto str\u00e1nky v\u00e1m mohou pomoci naj\u00edt to, co hled\u00e1te. Star\u0161\u00ed \u017eeny jsou \u010dasto zku\u0161en\u011bj\u0161\u00ed a sebev\u011bdom\u011bj\u0161\u00ed ne\u017e mlad\u0161\u00ed \u017eeny, tak\u017ee mohou b\u00fdt skv\u011blou volbou pro z\u00e1bavnou noc. Jen si p\u0159e\u010dt\u011bte recenze, ne\u017e se zaregistrujete k n\u011b\u010demu, abyste v\u011bd\u011bli, do \u010deho jdete.<\/p>\n<p>Seznamovac\u00ed str\u00e1nky pro zral\u00e9 \u017eeny jsou skv\u011bl\u00fdm zp\u016fsobem, jak se star\u0161\u00ed \u017eeny mohou setkat s mlad\u0161\u00edmi mu\u017ei. Existuje mnoho str\u00e1nek, kter\u00e9 se staraj\u00ed konkr\u00e9tn\u011b o star\u0161\u00ed \u017eeny a mlad\u0161\u00ed mu\u017ee, a to m\u016f\u017ee b\u00fdt skv\u011bl\u00fd zp\u016fsob, jak naj\u00edt shodu. Star\u0161\u00ed \u017eeny mohou m\u00edt v\u00edce \u017eivotn\u00edch zku\u0161enost\u00ed a moudrosti ne\u017e mlad\u0161\u00ed \u017eeny, a to m\u016f\u017ee b\u00fdt p\u0159ita\u017eliv\u00e9 pro mlad\u0161\u00ed mu\u017ee. Mlad\u0161\u00ed mu\u017ei mohou b\u00fdt tak\u00e9 p\u0159itahov\u00e1ni ke star\u0161\u00edm \u017een\u00e1m, proto\u017ee maj\u00ed tendenci b\u00fdt sebev\u011bdom\u011bj\u0161\u00ed a sebev\u011bdom\u011bj\u0161\u00ed. Seznamovac\u00ed str\u00e1nky pro zral\u00e9 \u017eeny mohou b\u00fdt skv\u011bl\u00fdm zp\u016fsobem, jak pro star\u0161\u00ed \u017eeny i mlad\u0161\u00ed mu\u017ee naj\u00edt l\u00e1sku a spole\u010dnost.<\/p>\n<h2>Kde vyzvednout star\u0161\u00ed \u017eeny<\/h2>\n<p>Existuje mnoho star\u0161\u00edch \u017een, kter\u00e9 hledaj\u00ed l\u00e1sku online. Najdete je na seznamk\u00e1ch, jako jsou OurTime a eHarmony. Najdete je tak\u00e9 na str\u00e1nk\u00e1ch soci\u00e1ln\u00edch m\u00e9di\u00ed, jako je Facebook a Twitter. Jen se ujist\u011bte, \u017ee jste uctiv\u00ed a zdvo\u0159il\u00ed, kdy\u017e je oslov\u00edte.<\/p>\n<h2>Star\u0161\u00ed \u017eeny Seznamovac\u00ed webov\u00e9 str\u00e1nky<\/h2>\n<p>Existuje mnoho seznamovac\u00edch webov\u00fdch str\u00e1nek, kter\u00e9 se staraj\u00ed o star\u0161\u00ed \u017eeny, kter\u00e9 hledaj\u00ed mlad\u0161\u00ed mu\u017ee, a naopak. Tyto webov\u00e9 str\u00e1nky poskytuj\u00ed star\u0161\u00edm \u017een\u00e1m pohodln\u00fd zp\u016fsob, jak naj\u00edt potenci\u00e1ln\u00ed partnery, ani\u017e by musely chodit ven a kolem, a tak\u00e9 nab\u00edzej\u00ed bezpe\u010dn\u00e9 a zabezpe\u010den\u00e9 prost\u0159ed\u00ed, ve kter\u00e9m si mohou pov\u00eddat a pozn\u00e1vat se navz\u00e1jem. Mnoho z t\u011bchto webov\u00fdch str\u00e1nek m\u00e1 tak\u00e9 f\u00f3ra a chatovac\u00ed m\u00edstnosti, co\u017e m\u016f\u017ee b\u00fdt skv\u011bl\u00fd zp\u016fsob, jak poznat ostatn\u00ed \u010dleny a dozv\u011bd\u011bt se v\u00edce o seznamovac\u00ed sc\u00e9n\u011b obecn\u011b.<\/p>\n<h3>Passion.com<\/h3>\n<p>Pokud hled\u00e1te aplikaci, kter\u00e1 v\u00e1m umo\u017en\u00ed spojit se se star\u0161\u00edmi \u017eenami pro datov\u00e1n\u00ed, Passion.com je skv\u011bl\u00e1 volba. Aplikace se snadno pou\u017e\u00edv\u00e1 a m\u00e1 \u010dist\u00e9, modern\u00ed rozhran\u00ed. M\u016f\u017eete vyhled\u00e1vat \u017eeny podle v\u011bku, um\u00edst\u011bn\u00ed a z\u00e1jm\u016f a zobrazit profily v zobrazen\u00ed m\u0159\u00ed\u017eky nebo seznamu. Passion.com tak\u00e9 nab\u00edz\u00ed skv\u011blou funkci nazvanou &#8222;Passion Points&#8220;, kter\u00e1 v\u00e1m umo\u017en\u00ed z\u00edskat body dokon\u010den\u00edm ur\u010dit\u00fdch aktivit v aplikaci, kter\u00e9 pak m\u016f\u017eete vym\u011bnit za bezplatn\u00e9 upgrady \u010dlenstv\u00ed a dal\u0161\u00ed v\u00fdhody. Celkov\u011b je Passion.com skv\u011blou volbou pro star\u0161\u00ed \u017eeny, kter\u00e9 hledaj\u00ed seznamovac\u00ed aplikaci, kter\u00e1 se snadno pou\u017e\u00edv\u00e1 a m\u00e1 mnoho funkc\u00ed.<\/p>\n<h3>FindMyFlings<\/h3>\n<p>FindMyFlings je seznamovac\u00ed aplikace, kter\u00e1 je speci\u00e1ln\u011b navr\u017eena pro star\u0161\u00ed \u017eeny. Aplikace se snadno pou\u017e\u00edv\u00e1 a m\u00e1 spoustu skv\u011bl\u00fdch funkc\u00ed, jako je vyhled\u00e1vac\u00ed funkce, kter\u00e1 v\u00e1m umo\u017en\u00ed naj\u00edt star\u0161\u00ed \u017eeny ve va\u0161\u00ed oblasti. Aplikace m\u00e1 tak\u00e9 funkci zas\u00edl\u00e1n\u00ed zpr\u00e1v, kter\u00e1 v\u00e1m umo\u017en\u00ed kontaktovat star\u0161\u00ed \u017eeny p\u0159\u00edmo. Celkov\u011b je FindMyFlings skv\u011bl\u00e1 seznamovac\u00ed aplikace pro star\u0161\u00ed \u017eeny a rozhodn\u011b stoj\u00ed za to se pod\u00edvat.<\/p>\n<h3>Aplikace Kasual<\/h3>\n<p>Kasual App je nov\u00e1 seznamovac\u00ed aplikace, kter\u00e1 je speci\u00e1ln\u011b navr\u017eena pro star\u0161\u00ed \u017eeny. Aplikace je zdarma ke sta\u017een\u00ed a pou\u017eit\u00ed a nab\u00edz\u00ed \u0159adu funkc\u00ed, kter\u00e9 jsou navr\u017eeny tak, aby byl z\u00e1\u017eitek ze seznamov\u00e1n\u00ed p\u0159\u00edjemn\u011bj\u0161\u00ed pro star\u0161\u00ed \u017eeny. Aplikace obsahuje vyhled\u00e1vac\u00ed funkci, kter\u00e1 umo\u017e\u0148uje u\u017eivatel\u016fm naj\u00edt dal\u0161\u00ed u\u017eivatele, kte\u0159\u00ed jsou v bl\u00edzkosti, a obsahuje tak\u00e9 funkci zas\u00edl\u00e1n\u00ed zpr\u00e1v, kter\u00e1 umo\u017e\u0148uje u\u017eivatel\u016fm komunikovat s ostatn\u00edmi u\u017eivateli. Aplikace je v sou\u010dasn\u00e9 dob\u011b k dispozici ke sta\u017een\u00ed v App Store a Google Play a o\u010dek\u00e1v\u00e1 se, \u017ee bude v bl\u00edzk\u00e9 budoucnosti k dispozici ke sta\u017een\u00ed na Windows Store a Amazon Appstore.<\/p>\n<h3>Ashley Madisonov\u00e1<\/h3>\n<p>Ashley Madison je seznamovac\u00ed aplikace, kter\u00e1 je speci\u00e1ln\u011b navr\u017eena pro star\u0161\u00ed \u017eeny. Je to skv\u011bl\u00e1 aplikace pro star\u0161\u00ed \u017eeny, kter\u00e9 hledaj\u00ed v\u00e1\u017en\u00fd vztah nebo jen p\u0159\u00edle\u017eitostn\u00fd flirt. Aplikace se snadno pou\u017e\u00edv\u00e1 a m\u00e1 spoustu skv\u011bl\u00fdch funkc\u00ed. Aplikace m\u00e1 tak\u00e9 dobrou pov\u011bst jako bezpe\u010dn\u00e1 a zabezpe\u010den\u00e1 seznamovac\u00ed aplikace.<\/p>\n","protected":false},"excerpt":{"rendered":"<p>Existuje n\u011bkolik seznamovac\u00edch str\u00e1nek pro star\u0161\u00ed \u017eeny, kter\u00e9 stoj\u00ed za to se pod\u00edvat. Pokud hled\u00e1te fling nebo p\u0159ipojen\u00ed, tyto str\u00e1nky v\u00e1m mohou pomoci naj\u00edt to, co hled\u00e1te. Star\u0161\u00ed \u017eeny jsou \u010dasto zku\u0161en\u011bj\u0161\u00ed a sebev\u011bdom\u011bj\u0161\u00ed ne\u017e mlad\u0161\u00ed \u017eeny, tak\u017ee mohou b\u00fdt skv\u011blou volbou pro z\u00e1bavnou noc. Jen si p\u0159e\u010dt\u011bte recenze, ne\u017e se zaregistrujete k n\u011b\u010demu, abyste&#8230;<a class=\"read-more-link button\" href=\"https:\/\/theyoungmessiah.com\/cs\/seznamka-pro-starsi-zeny\/\">Read more<\/a><\/p>\n","protected":false},"author":1,"featured_media":0,"parent":0,"menu_order":0,"comment_status":"closed","ping_status":"closed","template":"","meta":[],"yoast_head":"<!-- This site is optimized with the Yoast SEO plugin v17.7.1 - https:\/\/yoast.com\/wordpress\/plugins\/seo\/ -->\n<title>Seznamka pro star\u0161\u00ed \u017eeny - Online Adult Dating<\/title>\n<meta name=\"robots\" content=\"index, follow, max-snippet:-1, max-image-preview:large, max-video-preview:-1\" \/>\n<link rel=\"canonical\" href=\"https:\/\/theyoungmessiah.com\/cs\/seznamka-pro-starsi-zeny\/\" \/>\n<meta property=\"og:locale\" content=\"cs_CZ\" \/>\n<meta property=\"og:type\" content=\"article\" \/>\n<meta property=\"og:title\" content=\"Seznamka pro star\u0161\u00ed \u017eeny - Online Adult Dating\" \/>\n<meta property=\"og:description\" content=\"Existuje n\u011bkolik seznamovac\u00edch str\u00e1nek pro star\u0161\u00ed \u017eeny, kter\u00e9 stoj\u00ed za to se pod\u00edvat. Pokud hled\u00e1te fling nebo p\u0159ipojen\u00ed, tyto str\u00e1nky v\u00e1m mohou pomoci naj\u00edt to, co hled\u00e1te. Star\u0161\u00ed \u017eeny jsou \u010dasto zku\u0161en\u011bj\u0161\u00ed a sebev\u011bdom\u011bj\u0161\u00ed ne\u017e mlad\u0161\u00ed \u017eeny, tak\u017ee mohou b\u00fdt skv\u011blou volbou pro z\u00e1bavnou noc. Jen si p\u0159e\u010dt\u011bte recenze, ne\u017e se zaregistrujete k n\u011b\u010demu, abyste...Read more\" \/>\n<meta property=\"og:url\" content=\"https:\/\/theyoungmessiah.com\/cs\/seznamka-pro-starsi-zeny\/\" \/>\n<meta property=\"og:site_name\" content=\"Online Adult Dating\" \/>\n<meta name=\"twitter:card\" content=\"summary_large_image\" \/>\n<meta name=\"twitter:label1\" content=\"Odhadovan\u00e1 doba \u010dten\u00ed\" \/>\n\t<meta name=\"twitter:data1\" content=\"4 minuty\" \/>\n<script type=\"application\/ld+json\" class=\"yoast-schema-graph\">{\"@context\":\"https:\/\/schema.org\",\"@graph\":[{\"@type\":\"WebSite\",\"@id\":\"https:\/\/theyoungmessiah.com\/cs\/#website\",\"url\":\"https:\/\/theyoungmessiah.com\/cs\/\",\"name\":\"Online Adult Dating\",\"description\":\"Local Sex Hookups\",\"potentialAction\":[{\"@type\":\"SearchAction\",\"target\":{\"@type\":\"EntryPoint\",\"urlTemplate\":\"https:\/\/theyoungmessiah.com\/cs\/?s={search_term_string}\"},\"query-input\":\"required name=search_term_string\"}],\"inLanguage\":\"cs\"},{\"@type\":\"WebPage\",\"@id\":\"https:\/\/theyoungmessiah.com\/cs\/seznamka-pro-starsi-zeny\/#webpage\",\"url\":\"https:\/\/theyoungmessiah.com\/cs\/seznamka-pro-starsi-zeny\/\",\"name\":\"Seznamka pro star\\u0161\\u00ed \\u017eeny - Online Adult Dating\",\"isPartOf\":{\"@id\":\"https:\/\/theyoungmessiah.com\/cs\/#website\"},\"datePublished\":\"2022-10-12T12:50:05+00:00\",\"dateModified\":\"2022-10-12T12:50:05+00:00\",\"breadcrumb\":{\"@id\":\"https:\/\/theyoungmessiah.com\/cs\/seznamka-pro-starsi-zeny\/#breadcrumb\"},\"inLanguage\":\"cs\",\"potentialAction\":[{\"@type\":\"ReadAction\",\"target\":[\"https:\/\/theyoungmessiah.com\/cs\/seznamka-pro-starsi-zeny\/\"]}]},{\"@type\":\"BreadcrumbList\",\"@id\":\"https:\/\/theyoungmessiah.com\/cs\/seznamka-pro-starsi-zeny\/#breadcrumb\",\"itemListElement\":[{\"@type\":\"ListItem\",\"position\":1,\"name\":\"Home\",\"item\":\"https:\/\/theyoungmessiah.com\/cs\/\"},{\"@type\":\"ListItem\",\"position\":2,\"name\":\"Seznamka pro star\\u0161\\u00ed \\u017eeny\"}]}]}<\/script>\n<!-- \/ Yoast SEO plugin. -->","yoast_head_json":{"title":"Seznamka pro star\u0161\u00ed \u017eeny - Online Adult Dating","robots":{"index":"index","follow":"follow","max-snippet":"max-snippet:-1","max-image-preview":"max-image-preview:large","max-video-preview":"max-video-preview:-1"},"canonical":"https:\/\/theyoungmessiah.com\/cs\/seznamka-pro-starsi-zeny\/","og_locale":"cs_CZ","og_type":"article","og_title":"Seznamka pro star\u0161\u00ed \u017eeny - Online Adult Dating","og_description":"Existuje n\u011bkolik seznamovac\u00edch str\u00e1nek pro star\u0161\u00ed \u017eeny, kter\u00e9 stoj\u00ed za to se pod\u00edvat. Pokud hled\u00e1te fling nebo p\u0159ipojen\u00ed, tyto str\u00e1nky v\u00e1m mohou pomoci naj\u00edt to, co hled\u00e1te. Star\u0161\u00ed \u017eeny jsou \u010dasto zku\u0161en\u011bj\u0161\u00ed a sebev\u011bdom\u011bj\u0161\u00ed ne\u017e mlad\u0161\u00ed \u017eeny, tak\u017ee mohou b\u00fdt skv\u011blou volbou pro z\u00e1bavnou noc. Jen si p\u0159e\u010dt\u011bte recenze, ne\u017e se zaregistrujete k n\u011b\u010demu, abyste...Read more","og_url":"https:\/\/theyoungmessiah.com\/cs\/seznamka-pro-starsi-zeny\/","og_site_name":"Online Adult Dating","twitter_card":"summary_large_image","twitter_misc":{"Odhadovan\u00e1 doba \u010dten\u00ed":"4 minuty"},"schema":{"@context":"https:\/\/schema.org","@graph":[{"@type":"WebSite","@id":"https:\/\/theyoungmessiah.com\/cs\/#website","url":"https:\/\/theyoungmessiah.com\/cs\/","name":"Online Adult Dating","description":"Local Sex Hookups","potentialAction":[{"@type":"SearchAction","target":{"@type":"EntryPoint","urlTemplate":"https:\/\/theyoungmessiah.com\/cs\/?s={search_term_string}"},"query-input":"required name=search_term_string"}],"inLanguage":"cs"},{"@type":"WebPage","@id":"https:\/\/theyoungmessiah.com\/cs\/seznamka-pro-starsi-zeny\/#webpage","url":"https:\/\/theyoungmessiah.com\/cs\/seznamka-pro-starsi-zeny\/","name":"Seznamka pro star\u0161\u00ed \u017eeny - Online Adult Dating","isPartOf":{"@id":"https:\/\/theyoungmessiah.com\/cs\/#website"},"datePublished":"2022-10-12T12:50:05+00:00","dateModified":"2022-10-12T12:50:05+00:00","breadcrumb":{"@id":"https:\/\/theyoungmessiah.com\/cs\/seznamka-pro-starsi-zeny\/#breadcrumb"},"inLanguage":"cs","potentialAction":[{"@type":"ReadAction","target":["https:\/\/theyoungmessiah.com\/cs\/seznamka-pro-starsi-zeny\/"]}]},{"@type":"BreadcrumbList","@id":"https:\/\/theyoungmessiah.com\/cs\/seznamka-pro-starsi-zeny\/#breadcrumb","itemListElement":[{"@type":"ListItem","position":1,"name":"Home","item":"https:\/\/theyoungmessiah.com\/cs\/"},{"@type":"ListItem","position":2,"name":"Seznamka pro star\u0161\u00ed \u017eeny"}]}]}},"_links":{"self":[{"href":"https:\/\/theyoungmessiah.com\/cs\/wp-json\/wp\/v2\/pages\/319"}],"collection":[{"href":"https:\/\/theyoungmessiah.com\/cs\/wp-json\/wp\/v2\/pages"}],"about":[{"href":"https:\/\/theyoungmessiah.com\/cs\/wp-json\/wp\/v2\/types\/page"}],"author":[{"embeddable":true,"href":"https:\/\/theyoungmessiah.com\/cs\/wp-json\/wp\/v2\/users\/1"}],"replies":[{"embeddable":true,"href":"https:\/\/theyoungmessiah.com\/cs\/wp-json\/wp\/v2\/comments?post=319"}],"version-history":[{"count":0,"href":"https:\/\/theyoungmessiah.com\/cs\/wp-json\/wp\/v2\/pages\/319\/revisions"}],"wp:attachment":[{"href":"https:\/\/theyoungmessiah.com\/cs\/wp-json\/wp\/v2\/media?parent=319"}],"curies":[{"name":"wp","href":"https:\/\/api.w.org\/{rel}","templated":true}]}}