{"id":323,"date":"2022-10-12T12:56:34","date_gmt":"2022-10-12T11:56:34","guid":{"rendered":"http:\/\/theyoungmessiah.com\/svet-online-seznamky\/"},"modified":"2022-10-12T12:56:34","modified_gmt":"2022-10-12T11:56:34","slug":"svet-online-seznamky","status":"publish","type":"page","link":"https:\/\/theyoungmessiah.com\/cs\/","title":{"rendered":"Sv\u011bt online seznamky"},"content":{"rendered":"<p>Sv\u011bt online seznamov\u00e1n\u00ed se za posledn\u00edch deset let dramaticky zm\u011bnil. V dne\u0161n\u00ed dob\u011b existuje spousta mo\u017enost\u00ed pro nalezen\u00ed l\u00e1sky &#8211; od tradi\u010dn\u00edch slu\u017eeb pro dohazov\u00e1n\u00ed a\u017e po specializovan\u00e9 aplikace, kter\u00e9 se staraj\u00ed o specifick\u00e9 z\u00e1jmy.<\/p>\n<p>Ale kter\u00e9 z nich stoj\u00ed za to vyzkou\u0161et? Zaokrouhlili jsme na\u0161e obl\u00edben\u00e9 seznamovac\u00ed str\u00e1nky na z\u00e1klad\u011b kategori\u00ed, jako jsou n\u00e1klady, funkce, popularita a snadn\u00e9 pou\u017eit\u00ed.<\/p>\n<h2>Jak hodnot\u00edme str\u00e1nky<\/h2>\n<p>Ka\u017ed\u00fd web jsme d\u016fkladn\u011b otestovali a se\u0159adili na z\u00e1klad\u011b po\u010dtu \u010dlen\u016f, bezpe\u010dnosti, p\u0159\u00edb\u011bh\u016f o \u00fasp\u011b\u0161\u00edch, funkc\u00ed, ceny, mobiln\u00edch aplikac\u00ed, dostupnosti polohy a dal\u0161\u00edch.<\/p>\n<p>P\u0159\u00edle\u017eitostn\u00e9 rand\u011bn\u00ed m\u016f\u017ee slou\u017eit jako p\u0159echodn\u00fd krok mezi p\u0159ipojen\u00edm a v\u00e1\u017en\u011bj\u0161\u00edm vztahem. N\u011bkte\u0159\u00ed lid\u00e9 se c\u00edt\u00ed nep\u0159\u00edjemn\u011b, kdy\u017e jsou romanti\u010dt\u00ed s n\u011bk\u00fdm, koho dob\u0159e neznaj\u00ed. Jin\u00ed se boj\u00ed, \u017ee se znovu zran\u00ed. Je\u0161t\u011b jin\u00ed se ob\u00e1vaj\u00ed, jak zvl\u00e1dnou intimitu. Seznamov\u00e1n\u00ed p\u0159\u00edle\u017eitostn\u011b v\u00e1m m\u016f\u017ee d\u00e1t praxi mluvit o pocitech, nastavovat hranice a praktikovat asertivitu.<\/p>\n<h2>Za\u010dn\u011bte s p\u0159\u00edle\u017eitostn\u00fdm seznamov\u00e1n\u00edm<\/h2>\n<p>Ne ka\u017ed\u00fd \u010dlov\u011bk se c\u00edt\u00ed pohodln\u011b chodit v\u00e1\u017en\u011b (a mnoho lid\u00ed se o to nezaj\u00edm\u00e1). Pokud nechcete s nik\u00fdm randit, je to v po\u0159\u00e1dku. Ale pokud chcete vyzkou\u0161et p\u0159\u00edle\u017eitostn\u00e9 datov\u00e1n\u00ed, je to, co mus\u00edte zv\u00e1\u017eit.<\/p>\n<p>FFWB a p\u0159\u00edpojky maj\u00ed tendenci fungovat podle jednoho souboru pravidel. P\u0159\u00edle\u017eitostn\u00e9 rand\u011bn\u00ed obvykle zahrnuje n\u011bjak\u00fd druh vztahov\u00fdch parametr\u016f, a\u0165 u\u017e je to oddan\u00e9 p\u0159\u00e1telstv\u00ed bez p\u0159ipojen\u00fdch \u0159et\u011bzc\u016f nebo n\u011bco v\u00e1\u017en\u011bj\u0161\u00edho. Zat\u00edmco tam je spousta lid\u00ed, kte\u0159\u00ed pou\u017e\u00edvaj\u00ed term\u00edn &#8222;p\u0159\u00edle\u017eitostn\u00e9 datov\u00e1n\u00ed&#8220; zam\u011bniteln\u011b s &#8222;p\u0159ipojen\u00edm&#8220;, to nen\u00ed nutn\u011b to, co slovo nazna\u010duje.<\/p>\n<h3>P\u0159\u00edle\u017eitostn\u00e9 seznamov\u00e1n\u00ed vs. v\u00e1\u017en\u00e9 rand\u011bn\u00ed<\/h3>\n<p>Rozd\u00edl mezi p\u0159\u00edle\u017eitostn\u00fdm datov\u00e1n\u00edm a v\u00e1\u017en\u00fdm datov\u00e1n\u00edm &#8211; existuje n\u011bkolik v\u00fdrazn\u00fdch rozd\u00edl\u016f. Zjistili jsme, \u017ee lid\u00e9 definuj\u00ed p\u0159\u00edle\u017eitostn\u00e9 rand\u011bn\u00ed jinak &#8211; n\u011bkte\u0159\u00ed si mysl\u00ed, \u017ee to znamen\u00e1, \u017ee m\u016f\u017eete j\u00edt na rande, ani\u017e byste museli pl\u00e1novat dop\u0159edu, zat\u00edmco jin\u00ed \u0159\u00edkaj\u00ed, \u017ee to znamen\u00e1, \u017ee z toho nechcete d\u011blat velk\u00fd probl\u00e9m. A jsou tac\u00ed, kte\u0159\u00ed v\u011b\u0159\u00ed, \u017ee byste nem\u011bli s nik\u00fdm randit, pokud nejste oba p\u0159ipraveni se zav\u00e1zat.<\/p>\n<ul>\n<li>P\u0159\u00edle\u017eitostn\u00e9 rand\u011bn\u00ed: Toto je \u010dasto (ale nen\u00ed v\u017edy) nev\u00fdhradn\u00ed. Lid\u00e9 obvykle p\u0159edpokl\u00e1daj\u00ed, \u017ee je v po\u0159\u00e1dku vid\u011bt ostatn\u00ed lidi, pokud jste nem\u011bli explicitn\u00ed konverzaci o exkluzivit\u011b. P\u0159esto je v\u017edy chytr\u00e9 si v ur\u010dit\u00e9 f\u00e1zi popov\u00eddat o exkluzivit\u011b, abyste se ujistili, \u017ee v\u0161ichni jsou na stejn\u00e9 str\u00e1nce. Obecn\u011b \u0159e\u010deno, p\u0159\u00edle\u017eitostn\u00e9 datov\u00e1n\u00ed se t\u00fdk\u00e1 spojen\u00ed, kter\u00e1 zahrnuj\u00ed ur\u010dit\u00fd stupe\u0148 emocion\u00e1ln\u00ed vazby.<\/li>\n<li>V\u00e1\u017en\u00e9 rand\u011bn\u00ed: Lid\u00e9 \u010dasto chod\u00ed v\u00e1\u017en\u011b v nad\u011bji, \u017ee najdou partnera, kter\u00fd se jednoho dne o\u017een\u00ed. Ale co p\u0159esn\u011b p\u0159edstavuje v\u00e1\u017en\u00fd vztah? Je to o tom b\u00fdt emocion\u00e1ln\u011b p\u0159ipoutan\u00fd? Nebo pot\u0159ebujete spole\u010dn\u011b probrat svou budoucnost? Pokud hled\u00e1te \u017eivotn\u00edho partnera, zde je n\u00e1vod, jak zjistit, zda by n\u011bkdo mohl b\u00fdt ten.<\/li>\n<\/ul>\n<p><img loading=\"lazy\" class=\" wp-image-35 aligncenter\" src=\"http:\/\/theyoungmessiah.com\/wp-content\/uploads\/2022\/10\/meet-up-dating-1024x684.jpeg\" alt=\"\" width=\"612\" height=\"409\" srcset=\"https:\/\/theyoungmessiah.com\/wp-content\/uploads\/2022\/10\/meet-up-dating-1024x684.jpeg 1024w, https:\/\/theyoungmessiah.com\/wp-content\/uploads\/2022\/10\/meet-up-dating-300x200.jpeg 300w, https:\/\/theyoungmessiah.com\/wp-content\/uploads\/2022\/10\/meet-up-dating-768x513.jpeg 768w, https:\/\/theyoungmessiah.com\/wp-content\/uploads\/2022\/10\/meet-up-dating-1536x1025.jpeg 1536w, https:\/\/theyoungmessiah.com\/wp-content\/uploads\/2022\/10\/meet-up-dating-2048x1367.jpeg 2048w\" sizes=\"(max-width: 612px) 100vw, 612px\" \/><\/p>\n<h3>Co d\u011blat zpo\u010d\u00e1tku<\/h3>\n<p>Zpo\u010d\u00e1tku se p\u0159\u00edle\u017eitostn\u00e9 rand\u011bn\u00ed jev\u00ed jako snadn\u00fd zp\u016fsob, jak se setkat s lidmi, ani\u017e byste se p\u0159\u00edli\u0161 p\u0159ipoutali. Koneckonc\u016f, neexistuj\u00ed \u017e\u00e1dn\u00e1 o\u010dek\u00e1v\u00e1n\u00ed, z\u00e1vazky nebo odpov\u011bdnosti. Ale p\u0159\u00edle\u017eitostn\u00e9 rand\u011bn\u00ed nen\u00ed jen o nalezen\u00ed n\u011bkoho, s k\u00fdm byste mohli j\u00edt na rande; je to o budov\u00e1n\u00ed vztah\u016f zalo\u017een\u00fdch na d\u016fv\u011b\u0159e a vz\u00e1jemn\u00e9m respektu. P\u0159\u00edle\u017eitostn\u00e9 rand\u011bn\u00ed vy\u017eaduje hodn\u011b komunikace a emocion\u00e1ln\u00ed zralosti. Pokud p\u0159istupujete k p\u0159\u00edle\u017eitostn\u00e9mu datov\u00e1n\u00ed se \u0161patn\u00fdm postojem, m\u016f\u017eete se pozd\u011bji ocitnout zklam\u00e1ni.<\/p>\n<p>Krom\u011b toho, \u017ee budete uctiv\u00ed, zva\u017ete n\u00e1sleduj\u00edc\u00ed tipy, ne\u017e se vrhnete na p\u0159\u00edle\u017eitostn\u00e9 rand\u011bn\u00ed:<\/p>\n<ul>\n<li>Up\u0159\u00edmn\u011b \u0159e\u010deno. \u0158ekn\u011bte potenci\u00e1ln\u00edm dat\u016fm, co opravdu chcete. Ned\u011blejte sliby, kter\u00e9 nedodr\u017e\u00edte.<\/li>\n<li>Poznejte sv\u00e9 hranice. Co se c\u00edt\u00edte pohodln\u011b sd\u00edlet s ostatn\u00edmi? Jste ochotni zve\u0159ejnit sv\u00e9 osobn\u00ed \u00fadaje online? M\u00e1te bezpe\u010dn\u00e9 slovo?<\/li>\n<li>M\u011bjte realistick\u00e9 c\u00edle. Je p\u0159\u00edle\u017eitostn\u00e9 rand\u011bn\u00ed n\u011bco, na co se t\u011b\u0161\u00edte nebo se ho boj\u00edte? P\u0159em\u00fd\u0161lejte o tom, jak odhodlan\u00ed byste cht\u011bli b\u00fdt a zda jste p\u0159ipraveni j\u00edt d\u00e1l.<\/li>\n<li>Nastavte limity. Ujist\u011bte se, \u017ee v\u00edte, kde stoj\u00edte, ne\u017e vstoup\u00edte do vztahu.<\/li>\n<li>Bu\u010fte otev\u0159eni zm\u011bn\u00e1m. Nikdy nev\u00edte, co se m\u016f\u017ee st\u00e1t b\u011bhem n\u00e1hodn\u00e9ho setk\u00e1n\u00ed.<\/li>\n<\/ul>\n<p>Online seznamov\u00e1n\u00ed se st\u00e1v\u00e1 st\u00e1le popul\u00e1rn\u011bj\u0161\u00edm zp\u016fsobem setk\u00e1v\u00e1n\u00ed s potenci\u00e1ln\u00edmi partnery. Nen\u00ed \u017e\u00e1dn\u00fdm p\u0159ekvapen\u00edm, \u017ee miliony nezadan\u00fdch po cel\u00e9m sv\u011bt\u011b pou\u017e\u00edvaj\u00ed tyto webov\u00e9 str\u00e1nky k nalezen\u00ed l\u00e1sky.<\/p>\n<p>V\u011bt\u0161ina lid\u00ed si v\u0161ak neuv\u011bdomuje, \u017ee online seznamovac\u00ed str\u00e1nky funguj\u00ed jinak ne\u017e tradi\u010dn\u00ed metody setk\u00e1n\u00ed s lidmi.<\/p>\n<h3>Online seznamovac\u00ed str\u00e1nky funguj\u00ed jinak ne\u017e tradi\u010dn\u00ed metody<\/h3>\n<p>Tradi\u010dn\u00ed datovac\u00ed metody zahrnuj\u00ed n\u00e1v\u0161t\u011bvu bar\u016f, klub\u016f, restaurac\u00ed, ve\u010d\u00edrk\u016f a ud\u00e1lost\u00ed. Tato m\u00edsta jsou p\u0159epln\u011bn\u00e1 a \u010dasto pln\u00e1 cizinc\u016f. To zt\u011b\u017euje spojen\u00ed s ostatn\u00edmi. Na druhou stranu, online seznamovac\u00ed str\u00e1nky v\u00e1m umo\u017e\u0148uj\u00ed vyhled\u00e1vat shody na z\u00e1klad\u011b konkr\u00e9tn\u00edch krit\u00e9ri\u00ed. To znamen\u00e1, \u017ee m\u016f\u017eete v\u00fdsledky vyhled\u00e1v\u00e1n\u00ed z\u00fa\u017eit, dokud nenajdete p\u0159esn\u011b to, co hled\u00e1te. M\u016f\u017eete nap\u0159\u00edklad filtrovat v\u00fdsledky vyhled\u00e1v\u00e1n\u00ed a naj\u00edt mu\u017ee nebo \u017eeny ve v\u011bku od 18 do 35 let. Nebo m\u016f\u017eete ur\u010dit, zda m\u00e1te z\u00e1jem o mu\u017ee nebo \u017eeny. M\u016f\u017eete tak\u00e9 nastavit p\u0159edvolby, jako je poloha, n\u00e1bo\u017eenstv\u00ed, etnick\u00e1 p\u0159\u00edslu\u0161nost, \u00farove\u0148 vzd\u011bl\u00e1n\u00ed, povol\u00e1n\u00ed, kon\u00ed\u010dky, z\u00e1jmy a politick\u00e9 n\u00e1zory.<\/p>\n<p>V\u0161echny tyto v\u011bci v\u00e1m pomohou z\u00fa\u017eit v\u00fdsledky vyhled\u00e1v\u00e1n\u00ed a naj\u00edt tu spr\u00e1vnou osobu pro v\u00e1s.<\/p>\n<h3>Singles, kte\u0159\u00ed cht\u011bj\u00ed poznat nov\u00e9 lidi<\/h3>\n<p>V\u011bt\u0161ina lid\u00ed, kte\u0159\u00ed pou\u017e\u00edvaj\u00ed online seznamky, jsou svobodn\u00ed. Mohou hledat vztah nebo se prost\u011b sna\u017e\u00ed setkat s nov\u00fdmi lidmi. Vzhledem k tomu, \u017ee online seznamovac\u00ed str\u00e1nky v\u00e1m umo\u017e\u0148uj\u00ed vyhled\u00e1vat shody na z\u00e1klad\u011b ur\u010dit\u00fdch krit\u00e9ri\u00ed, m\u016f\u017eete snadno naj\u00edt n\u011bkoho, kdo sd\u00edl\u00ed podobn\u00e9 hodnoty a p\u0159esv\u011bd\u010den\u00ed. Kdy\u017e se setk\u00e1te s n\u011bk\u00fdm, kdo sd\u00edl\u00ed va\u0161e hodnoty a p\u0159esv\u011bd\u010den\u00ed, c\u00edt\u00edte se pohodln\u011b s n\u00edm mluvit. To v\u00e1m pom\u016f\u017ee rychleji rozv\u00edjet siln\u011bj\u0161\u00ed vztahy.<\/p>\n","protected":false},"excerpt":{"rendered":"<p>Sv\u011bt online seznamov\u00e1n\u00ed se za posledn\u00edch deset let dramaticky zm\u011bnil. V dne\u0161n\u00ed dob\u011b existuje spousta mo\u017enost\u00ed pro nalezen\u00ed l\u00e1sky &#8211; od tradi\u010dn\u00edch slu\u017eeb pro dohazov\u00e1n\u00ed a\u017e po specializovan\u00e9 aplikace, kter\u00e9 se staraj\u00ed o specifick\u00e9 z\u00e1jmy. Ale kter\u00e9 z nich stoj\u00ed za to vyzkou\u0161et? Zaokrouhlili jsme na\u0161e obl\u00edben\u00e9 seznamovac\u00ed str\u00e1nky na z\u00e1klad\u011b kategori\u00ed, jako jsou n\u00e1klady,&#8230;<a class=\"read-more-link button\" href=\"https:\/\/theyoungmessiah.com\/cs\/\">Read more<\/a><\/p>\n","protected":false},"author":1,"featured_media":125,"parent":0,"menu_order":0,"comment_status":"closed","ping_status":"closed","template":"","meta":[],"yoast_head":"<!-- This site is optimized with the Yoast SEO plugin v17.7.1 - https:\/\/yoast.com\/wordpress\/plugins\/seo\/ -->\n<title>Sv\u011bt online seznamky - Online Adult Dating<\/title>\n<meta name=\"robots\" content=\"index, follow, max-snippet:-1, max-image-preview:large, max-video-preview:-1\" \/>\n<link rel=\"canonical\" href=\"https:\/\/theyoungmessiah.com\/cs\/\" \/>\n<meta property=\"og:locale\" content=\"cs_CZ\" \/>\n<meta property=\"og:type\" content=\"article\" \/>\n<meta property=\"og:title\" content=\"Sv\u011bt online seznamky - Online Adult Dating\" \/>\n<meta property=\"og:description\" content=\"Sv\u011bt online seznamov\u00e1n\u00ed se za posledn\u00edch deset let dramaticky zm\u011bnil. V dne\u0161n\u00ed dob\u011b existuje spousta mo\u017enost\u00ed pro nalezen\u00ed l\u00e1sky &#8211; od tradi\u010dn\u00edch slu\u017eeb pro dohazov\u00e1n\u00ed a\u017e po specializovan\u00e9 aplikace, kter\u00e9 se staraj\u00ed o specifick\u00e9 z\u00e1jmy. Ale kter\u00e9 z nich stoj\u00ed za to vyzkou\u0161et? Zaokrouhlili jsme na\u0161e obl\u00edben\u00e9 seznamovac\u00ed str\u00e1nky na z\u00e1klad\u011b kategori\u00ed, jako jsou n\u00e1klady,...Read more\" \/>\n<meta property=\"og:url\" content=\"https:\/\/theyoungmessiah.com\/cs\/\" \/>\n<meta property=\"og:site_name\" content=\"Online Adult Dating\" \/>\n<meta property=\"og:image\" content=\"https:\/\/theyoungmessiah.com\/wp-content\/uploads\/2022\/10\/hookup-finder.jpeg\" \/>\n\t<meta property=\"og:image:width\" content=\"1600\" \/>\n\t<meta property=\"og:image:height\" content=\"1067\" \/>\n<meta name=\"twitter:card\" content=\"summary_large_image\" \/>\n<meta name=\"twitter:label1\" content=\"Odhadovan\u00e1 doba \u010dten\u00ed\" \/>\n\t<meta name=\"twitter:data1\" content=\"6 minut\" \/>\n<script type=\"application\/ld+json\" class=\"yoast-schema-graph\">{\"@context\":\"https:\/\/schema.org\",\"@graph\":[{\"@type\":\"WebSite\",\"@id\":\"https:\/\/theyoungmessiah.com\/cs\/#website\",\"url\":\"https:\/\/theyoungmessiah.com\/cs\/\",\"name\":\"Online Adult Dating\",\"description\":\"Local Sex Hookups\",\"potentialAction\":[{\"@type\":\"SearchAction\",\"target\":{\"@type\":\"EntryPoint\",\"urlTemplate\":\"https:\/\/theyoungmessiah.com\/cs\/?s={search_term_string}\"},\"query-input\":\"required name=search_term_string\"}],\"inLanguage\":\"cs\"},{\"@type\":\"ImageObject\",\"@id\":\"https:\/\/theyoungmessiah.com\/cs\/#primaryimage\",\"inLanguage\":\"cs\",\"url\":\"https:\/\/theyoungmessiah.com\/wp-content\/uploads\/2022\/10\/hookup-finder.jpeg\",\"contentUrl\":\"https:\/\/theyoungmessiah.com\/wp-content\/uploads\/2022\/10\/hookup-finder.jpeg\",\"width\":1600,\"height\":1067},{\"@type\":\"WebPage\",\"@id\":\"https:\/\/theyoungmessiah.com\/cs\/#webpage\",\"url\":\"https:\/\/theyoungmessiah.com\/cs\/\",\"name\":\"Sv\\u011bt online seznamky - Online Adult Dating\",\"isPartOf\":{\"@id\":\"https:\/\/theyoungmessiah.com\/cs\/#website\"},\"primaryImageOfPage\":{\"@id\":\"https:\/\/theyoungmessiah.com\/cs\/#primaryimage\"},\"datePublished\":\"2022-10-12T11:56:34+00:00\",\"dateModified\":\"2022-10-12T11:56:34+00:00\",\"breadcrumb\":{\"@id\":\"https:\/\/theyoungmessiah.com\/cs\/#breadcrumb\"},\"inLanguage\":\"cs\",\"potentialAction\":[{\"@type\":\"ReadAction\",\"target\":[\"https:\/\/theyoungmessiah.com\/cs\/\"]}]},{\"@type\":\"BreadcrumbList\",\"@id\":\"https:\/\/theyoungmessiah.com\/cs\/#breadcrumb\",\"itemListElement\":[{\"@type\":\"ListItem\",\"position\":1,\"name\":\"Home\",\"item\":\"https:\/\/theyoungmessiah.com\/cs\/\"},{\"@type\":\"ListItem\",\"position\":2,\"name\":\"Sv\\u011bt online seznamky\"}]}]}<\/script>\n<!-- \/ Yoast SEO plugin. -->","yoast_head_json":{"title":"Sv\u011bt online seznamky - Online Adult Dating","robots":{"index":"index","follow":"follow","max-snippet":"max-snippet:-1","max-image-preview":"max-image-preview:large","max-video-preview":"max-video-preview:-1"},"canonical":"https:\/\/theyoungmessiah.com\/cs\/","og_locale":"cs_CZ","og_type":"article","og_title":"Sv\u011bt online seznamky - Online Adult Dating","og_description":"Sv\u011bt online seznamov\u00e1n\u00ed se za posledn\u00edch deset let dramaticky zm\u011bnil. V dne\u0161n\u00ed dob\u011b existuje spousta mo\u017enost\u00ed pro nalezen\u00ed l\u00e1sky &#8211; od tradi\u010dn\u00edch slu\u017eeb pro dohazov\u00e1n\u00ed a\u017e po specializovan\u00e9 aplikace, kter\u00e9 se staraj\u00ed o specifick\u00e9 z\u00e1jmy. Ale kter\u00e9 z nich stoj\u00ed za to vyzkou\u0161et? Zaokrouhlili jsme na\u0161e obl\u00edben\u00e9 seznamovac\u00ed str\u00e1nky na z\u00e1klad\u011b kategori\u00ed, jako jsou n\u00e1klady,...Read more","og_url":"https:\/\/theyoungmessiah.com\/cs\/","og_site_name":"Online Adult Dating","og_image":[{"width":1600,"height":1067,"url":"https:\/\/theyoungmessiah.com\/wp-content\/uploads\/2022\/10\/hookup-finder.jpeg","type":"image\/jpeg"}],"twitter_card":"summary_large_image","twitter_misc":{"Odhadovan\u00e1 doba \u010dten\u00ed":"6 minut"},"schema":{"@context":"https:\/\/schema.org","@graph":[{"@type":"WebSite","@id":"https:\/\/theyoungmessiah.com\/cs\/#website","url":"https:\/\/theyoungmessiah.com\/cs\/","name":"Online Adult Dating","description":"Local Sex Hookups","potentialAction":[{"@type":"SearchAction","target":{"@type":"EntryPoint","urlTemplate":"https:\/\/theyoungmessiah.com\/cs\/?s={search_term_string}"},"query-input":"required name=search_term_string"}],"inLanguage":"cs"},{"@type":"ImageObject","@id":"https:\/\/theyoungmessiah.com\/cs\/#primaryimage","inLanguage":"cs","url":"https:\/\/theyoungmessiah.com\/wp-content\/uploads\/2022\/10\/hookup-finder.jpeg","contentUrl":"https:\/\/theyoungmessiah.com\/wp-content\/uploads\/2022\/10\/hookup-finder.jpeg","width":1600,"height":1067},{"@type":"WebPage","@id":"https:\/\/theyoungmessiah.com\/cs\/#webpage","url":"https:\/\/theyoungmessiah.com\/cs\/","name":"Sv\u011bt online seznamky - Online Adult Dating","isPartOf":{"@id":"https:\/\/theyoungmessiah.com\/cs\/#website"},"primaryImageOfPage":{"@id":"https:\/\/theyoungmessiah.com\/cs\/#primaryimage"},"datePublished":"2022-10-12T11:56:34+00:00","dateModified":"2022-10-12T11:56:34+00:00","breadcrumb":{"@id":"https:\/\/theyoungmessiah.com\/cs\/#breadcrumb"},"inLanguage":"cs","potentialAction":[{"@type":"ReadAction","target":["https:\/\/theyoungmessiah.com\/cs\/"]}]},{"@type":"BreadcrumbList","@id":"https:\/\/theyoungmessiah.com\/cs\/#breadcrumb","itemListElement":[{"@type":"ListItem","position":1,"name":"Home","item":"https:\/\/theyoungmessiah.com\/cs\/"},{"@type":"ListItem","position":2,"name":"Sv\u011bt online seznamky"}]}]}},"_links":{"self":[{"href":"https:\/\/theyoungmessiah.com\/cs\/wp-json\/wp\/v2\/pages\/323"}],"collection":[{"href":"https:\/\/theyoungmessiah.com\/cs\/wp-json\/wp\/v2\/pages"}],"about":[{"href":"https:\/\/theyoungmessiah.com\/cs\/wp-json\/wp\/v2\/types\/page"}],"author":[{"embeddable":true,"href":"https:\/\/theyoungmessiah.com\/cs\/wp-json\/wp\/v2\/users\/1"}],"replies":[{"embeddable":true,"href":"https:\/\/theyoungmessiah.com\/cs\/wp-json\/wp\/v2\/comments?post=323"}],"version-history":[{"count":0,"href":"https:\/\/theyoungmessiah.com\/cs\/wp-json\/wp\/v2\/pages\/323\/revisions"}],"wp:featuredmedia":[{"embeddable":true,"href":"https:\/\/theyoungmessiah.com\/cs\/wp-json\/wp\/v2\/media\/125"}],"wp:attachment":[{"href":"https:\/\/theyoungmessiah.com\/cs\/wp-json\/wp\/v2\/media?parent=323"}],"curies":[{"name":"wp","href":"https:\/\/api.w.org\/{rel}","templated":true}]}}