{"id":325,"date":"2022-10-12T13:49:52","date_gmt":"2022-10-12T12:49:52","guid":{"rendered":"http:\/\/theyoungmessiah.com\/mistni-fuck-stranky\/"},"modified":"2022-10-12T13:49:52","modified_gmt":"2022-10-12T12:49:52","slug":"mistni-fuck-stranky","status":"publish","type":"page","link":"https:\/\/theyoungmessiah.com\/cs\/mistni-fuck-stranky\/","title":{"rendered":"M\u00edstn\u00ed Fuck Str\u00e1nky"},"content":{"rendered":"<p>M\u00edstn\u00ed kurva str\u00e1nky jsou desetn\u00edk tucet, a to m\u016f\u017ee b\u00fdt t\u011b\u017ek\u00e9 v\u011bd\u011bt, kter\u00fd z nich si vybrat. Nicm\u00e9n\u011b, pokud hled\u00e1te rychl\u00fd a snadn\u00fd zp\u016fsob, jak se spojit s n\u011bk\u00fdm ve va\u0161\u00ed oblasti, pak m\u00edstn\u00ed kurva str\u00e1nky je ur\u010dit\u011b zp\u016fsob, jak j\u00edt. Existuje spousta m\u00edstn\u00edch kurva str\u00e1nek tam, tak\u017ee byste m\u011bli ur\u010dit\u011b b\u00fdt schopni naj\u00edt ten, kter\u00fd vyhovuje va\u0161im pot\u0159eb\u00e1m. Jen si p\u0159e\u010dt\u011bte recenze, ne\u017e se zaregistrujete k n\u011b\u010demu, abyste v\u011bd\u011bli, do \u010deho se dost\u00e1v\u00e1te.<\/p>\n<p>Pokud se chcete setkat a \u0161ukat n\u011bkoho zvl\u00e1\u0161tn\u00edho, pak byste se m\u011bli ur\u010dit\u011b pod\u00edvat na online seznamku. S online seznamkou se m\u016f\u017eete spojit s lidmi z cel\u00e9ho sv\u011bta, kte\u0159\u00ed hledaj\u00ed stejnou v\u011bc jako vy. Existuje spousta seznamovac\u00edch webov\u00fdch str\u00e1nek a aplikac\u00ed, kter\u00e9 m\u016f\u017eete pou\u017e\u00edt k nalezen\u00ed n\u011bkoho, kdo by \u0161ukal, a m\u016f\u017eete dokonce filtrovat sv\u00e9 vyhled\u00e1v\u00e1n\u00ed, abyste na\u0161li n\u011bkoho, kdo je do stejn\u00fdch v\u011bc\u00ed jako vy. A\u0165 u\u017e hled\u00e1te sex na jednu noc nebo dlouhodob\u00fd vztah, online seznamov\u00e1n\u00ed je skv\u011bl\u00fd zp\u016fsob, jak se setkat a \u0161ukat n\u011bkoho zvl\u00e1\u0161tn\u00edho.<\/p>\n<p>Hled\u00e1m dnes ve\u010der volnou kurva. Psal jsem p\u00e1r holk\u00e1m na seznamce a jsem p\u0159ipraven posunout v\u011bci na dal\u0161\u00ed \u00farove\u0148. Jsem pro cokoliv, tak\u017ee pokud m\u00e1te z\u00e1jem, dejte mi v\u011bd\u011bt. Jsem si jist\u00fd, \u017ee m\u016f\u017eeme n\u011bco vy\u0159e\u0161it.<\/p>\n<h2>Kurva zdarma<\/h2>\n<p>Pokud hled\u00e1te bezplatnou online seznamku, m\u011bli byste se ur\u010dit\u011b pod\u00edvat na Fuck For Free. Tato str\u00e1nka je skv\u011bl\u00fdm zdrojem pro nalezen\u00ed m\u00edstn\u00edch singl\u016f, kte\u0159\u00ed hledaj\u00ed p\u0159ipojen\u00ed bez z\u00e1vazk\u016f. Str\u00e1nka se snadno pou\u017e\u00edv\u00e1 a m\u00e1 spoustu funkc\u00ed, kter\u00e9 usnad\u0148uj\u00ed nalezen\u00ed z\u00e1pasu. M\u016f\u017eete vyhled\u00e1vat podle m\u00edsta, v\u011bku, z\u00e1jm\u016f a dal\u0161\u00edch. Nav\u00edc m\u00e1 web skv\u011bl\u00fd pocit komunity, s f\u00f3ry a chatovac\u00edmi m\u00edstnostmi, kde m\u016f\u017eete komunikovat s ostatn\u00edmi \u010dleny.<\/p>\n<h3>AdultFriendFinder<\/h3>\n<p>AdultFriendFinder je jednou z nejpopul\u00e1rn\u011bj\u0161\u00edch seznamovac\u00edch aplikac\u00ed pro hled\u00e1n\u00ed m\u00edstn\u00edch kamar\u00e1d\u016f. Aplikace m\u00e1 velkou u\u017eivatelskou z\u00e1kladnu a snadno se pou\u017e\u00edv\u00e1. Potenci\u00e1ln\u00ed shody m\u016f\u017eete vyhled\u00e1vat podle lokality, v\u011bku a dal\u0161\u00edch krit\u00e9ri\u00ed. Aplikace m\u00e1 tak\u00e9 funkci zas\u00edl\u00e1n\u00ed zpr\u00e1v, tak\u017ee m\u016f\u017eete komunikovat s potenci\u00e1ln\u00edmi shodami. Aplikace je zdarma k pou\u017eit\u00ed, ale m\u016f\u017eete upgradovat na pr\u00e9miov\u00e9 \u010dlenstv\u00ed pro dal\u0161\u00ed funkce.<\/p>\n<h3>OneNightFriend<\/h3>\n<p>OneNightFriend je popul\u00e1rn\u00ed seznamovac\u00ed aplikace, kter\u00e1 pom\u00e1h\u00e1 lidem spojit se s m\u00edstn\u00edmi kamar\u00e1dy. Aplikace m\u00e1 velkou datab\u00e1zi u\u017eivatel\u016f a je velmi snadno pou\u017eiteln\u00e1. Aplikace m\u00e1 tak\u00e9 mnoho pozitivn\u00edch recenz\u00ed od u\u017eivatel\u016f.<\/p>\n<h3>Troud<\/h3>\n<p>Tinder je seznamovac\u00ed aplikace, kter\u00e1 v\u00e1m umo\u017en\u00ed naj\u00edt potenci\u00e1ln\u00ed shody ve va\u0161\u00ed m\u00edstn\u00ed oblasti. S t\u011bmito z\u00e1pasy pak m\u016f\u017eete chatovat a p\u0159\u00edpadn\u011b se s nimi setkat osobn\u011b. Tinder je skv\u011bl\u00fd zp\u016fsob, jak poznat nov\u00e9 lidi a potenci\u00e1ln\u011b naj\u00edt m\u00edstn\u00edho kurva kamar\u00e1da. Aplikace se snadno pou\u017e\u00edv\u00e1 a je zdarma se zaregistrovat. Recenze Tinderu si m\u016f\u017eete p\u0159e\u010d\u00edst online, ne\u017e se rozhodnete jej pou\u017e\u00edt.<\/p>\n<h3>Xmeets<\/h3>\n<p>Pokud hled\u00e1te m\u00edstn\u00ed kurva str\u00e1nky, Xmeets rozhodn\u011b stoj\u00ed za to se pod\u00edvat. Aplikace se snadno pou\u017e\u00edv\u00e1 a existuje spousta m\u00edstn\u00edch u\u017eivatel\u016f, ze kter\u00fdch si m\u016f\u017eete vybrat. Nejlep\u0161\u00ed na tom je, \u017ee m\u016f\u017eete filtrovat vyhled\u00e1v\u00e1n\u00ed a naj\u00edt p\u0159esn\u011b to, co hled\u00e1te. A\u0165 u\u017e hled\u00e1te jednor\u00e1zov\u00e9 p\u0159ipojen\u00ed nebo n\u011bco dlouhodob\u011bj\u0161\u00edho, Xmeets rozhodn\u011b stoj\u00ed za to se pod\u00edvat.<\/p>\n","protected":false},"excerpt":{"rendered":"<p>M\u00edstn\u00ed kurva str\u00e1nky jsou desetn\u00edk tucet, a to m\u016f\u017ee b\u00fdt t\u011b\u017ek\u00e9 v\u011bd\u011bt, kter\u00fd z nich si vybrat. Nicm\u00e9n\u011b, pokud hled\u00e1te rychl\u00fd a snadn\u00fd zp\u016fsob, jak se spojit s n\u011bk\u00fdm ve va\u0161\u00ed oblasti, pak m\u00edstn\u00ed kurva str\u00e1nky je ur\u010dit\u011b zp\u016fsob, jak j\u00edt. Existuje spousta m\u00edstn\u00edch kurva str\u00e1nek tam, tak\u017ee byste m\u011bli ur\u010dit\u011b b\u00fdt schopni naj\u00edt ten,&#8230;<a class=\"read-more-link button\" href=\"https:\/\/theyoungmessiah.com\/cs\/mistni-fuck-stranky\/\">Read more<\/a><\/p>\n","protected":false},"author":1,"featured_media":0,"parent":0,"menu_order":0,"comment_status":"closed","ping_status":"closed","template":"","meta":[],"yoast_head":"<!-- This site is optimized with the Yoast SEO plugin v17.7.1 - https:\/\/yoast.com\/wordpress\/plugins\/seo\/ -->\n<title>M\u00edstn\u00ed Fuck Str\u00e1nky - Online Adult Dating<\/title>\n<meta name=\"robots\" content=\"index, follow, max-snippet:-1, max-image-preview:large, max-video-preview:-1\" \/>\n<link rel=\"canonical\" href=\"https:\/\/theyoungmessiah.com\/cs\/mistni-fuck-stranky\/\" \/>\n<meta property=\"og:locale\" content=\"cs_CZ\" \/>\n<meta property=\"og:type\" content=\"article\" \/>\n<meta property=\"og:title\" content=\"M\u00edstn\u00ed Fuck Str\u00e1nky - Online Adult Dating\" \/>\n<meta property=\"og:description\" content=\"M\u00edstn\u00ed kurva str\u00e1nky jsou desetn\u00edk tucet, a to m\u016f\u017ee b\u00fdt t\u011b\u017ek\u00e9 v\u011bd\u011bt, kter\u00fd z nich si vybrat. Nicm\u00e9n\u011b, pokud hled\u00e1te rychl\u00fd a snadn\u00fd zp\u016fsob, jak se spojit s n\u011bk\u00fdm ve va\u0161\u00ed oblasti, pak m\u00edstn\u00ed kurva str\u00e1nky je ur\u010dit\u011b zp\u016fsob, jak j\u00edt. Existuje spousta m\u00edstn\u00edch kurva str\u00e1nek tam, tak\u017ee byste m\u011bli ur\u010dit\u011b b\u00fdt schopni naj\u00edt ten,...Read more\" \/>\n<meta property=\"og:url\" content=\"https:\/\/theyoungmessiah.com\/cs\/mistni-fuck-stranky\/\" \/>\n<meta property=\"og:site_name\" content=\"Online Adult Dating\" \/>\n<meta name=\"twitter:card\" content=\"summary_large_image\" \/>\n<meta name=\"twitter:label1\" content=\"Odhadovan\u00e1 doba \u010dten\u00ed\" \/>\n\t<meta name=\"twitter:data1\" content=\"3 minuty\" \/>\n<script type=\"application\/ld+json\" class=\"yoast-schema-graph\">{\"@context\":\"https:\/\/schema.org\",\"@graph\":[{\"@type\":\"WebSite\",\"@id\":\"https:\/\/theyoungmessiah.com\/cs\/#website\",\"url\":\"https:\/\/theyoungmessiah.com\/cs\/\",\"name\":\"Online Adult Dating\",\"description\":\"Local Sex Hookups\",\"potentialAction\":[{\"@type\":\"SearchAction\",\"target\":{\"@type\":\"EntryPoint\",\"urlTemplate\":\"https:\/\/theyoungmessiah.com\/cs\/?s={search_term_string}\"},\"query-input\":\"required name=search_term_string\"}],\"inLanguage\":\"cs\"},{\"@type\":\"WebPage\",\"@id\":\"https:\/\/theyoungmessiah.com\/cs\/mistni-fuck-stranky\/#webpage\",\"url\":\"https:\/\/theyoungmessiah.com\/cs\/mistni-fuck-stranky\/\",\"name\":\"M\\u00edstn\\u00ed Fuck Str\\u00e1nky - Online Adult Dating\",\"isPartOf\":{\"@id\":\"https:\/\/theyoungmessiah.com\/cs\/#website\"},\"datePublished\":\"2022-10-12T12:49:52+00:00\",\"dateModified\":\"2022-10-12T12:49:52+00:00\",\"breadcrumb\":{\"@id\":\"https:\/\/theyoungmessiah.com\/cs\/mistni-fuck-stranky\/#breadcrumb\"},\"inLanguage\":\"cs\",\"potentialAction\":[{\"@type\":\"ReadAction\",\"target\":[\"https:\/\/theyoungmessiah.com\/cs\/mistni-fuck-stranky\/\"]}]},{\"@type\":\"BreadcrumbList\",\"@id\":\"https:\/\/theyoungmessiah.com\/cs\/mistni-fuck-stranky\/#breadcrumb\",\"itemListElement\":[{\"@type\":\"ListItem\",\"position\":1,\"name\":\"Home\",\"item\":\"https:\/\/theyoungmessiah.com\/cs\/\"},{\"@type\":\"ListItem\",\"position\":2,\"name\":\"M\\u00edstn\\u00ed Fuck Str\\u00e1nky\"}]}]}<\/script>\n<!-- \/ Yoast SEO plugin. -->","yoast_head_json":{"title":"M\u00edstn\u00ed Fuck Str\u00e1nky - Online Adult Dating","robots":{"index":"index","follow":"follow","max-snippet":"max-snippet:-1","max-image-preview":"max-image-preview:large","max-video-preview":"max-video-preview:-1"},"canonical":"https:\/\/theyoungmessiah.com\/cs\/mistni-fuck-stranky\/","og_locale":"cs_CZ","og_type":"article","og_title":"M\u00edstn\u00ed Fuck Str\u00e1nky - Online Adult Dating","og_description":"M\u00edstn\u00ed kurva str\u00e1nky jsou desetn\u00edk tucet, a to m\u016f\u017ee b\u00fdt t\u011b\u017ek\u00e9 v\u011bd\u011bt, kter\u00fd z nich si vybrat. Nicm\u00e9n\u011b, pokud hled\u00e1te rychl\u00fd a snadn\u00fd zp\u016fsob, jak se spojit s n\u011bk\u00fdm ve va\u0161\u00ed oblasti, pak m\u00edstn\u00ed kurva str\u00e1nky je ur\u010dit\u011b zp\u016fsob, jak j\u00edt. Existuje spousta m\u00edstn\u00edch kurva str\u00e1nek tam, tak\u017ee byste m\u011bli ur\u010dit\u011b b\u00fdt schopni naj\u00edt ten,...Read more","og_url":"https:\/\/theyoungmessiah.com\/cs\/mistni-fuck-stranky\/","og_site_name":"Online Adult Dating","twitter_card":"summary_large_image","twitter_misc":{"Odhadovan\u00e1 doba \u010dten\u00ed":"3 minuty"},"schema":{"@context":"https:\/\/schema.org","@graph":[{"@type":"WebSite","@id":"https:\/\/theyoungmessiah.com\/cs\/#website","url":"https:\/\/theyoungmessiah.com\/cs\/","name":"Online Adult Dating","description":"Local Sex Hookups","potentialAction":[{"@type":"SearchAction","target":{"@type":"EntryPoint","urlTemplate":"https:\/\/theyoungmessiah.com\/cs\/?s={search_term_string}"},"query-input":"required name=search_term_string"}],"inLanguage":"cs"},{"@type":"WebPage","@id":"https:\/\/theyoungmessiah.com\/cs\/mistni-fuck-stranky\/#webpage","url":"https:\/\/theyoungmessiah.com\/cs\/mistni-fuck-stranky\/","name":"M\u00edstn\u00ed Fuck Str\u00e1nky - Online Adult Dating","isPartOf":{"@id":"https:\/\/theyoungmessiah.com\/cs\/#website"},"datePublished":"2022-10-12T12:49:52+00:00","dateModified":"2022-10-12T12:49:52+00:00","breadcrumb":{"@id":"https:\/\/theyoungmessiah.com\/cs\/mistni-fuck-stranky\/#breadcrumb"},"inLanguage":"cs","potentialAction":[{"@type":"ReadAction","target":["https:\/\/theyoungmessiah.com\/cs\/mistni-fuck-stranky\/"]}]},{"@type":"BreadcrumbList","@id":"https:\/\/theyoungmessiah.com\/cs\/mistni-fuck-stranky\/#breadcrumb","itemListElement":[{"@type":"ListItem","position":1,"name":"Home","item":"https:\/\/theyoungmessiah.com\/cs\/"},{"@type":"ListItem","position":2,"name":"M\u00edstn\u00ed Fuck Str\u00e1nky"}]}]}},"_links":{"self":[{"href":"https:\/\/theyoungmessiah.com\/cs\/wp-json\/wp\/v2\/pages\/325"}],"collection":[{"href":"https:\/\/theyoungmessiah.com\/cs\/wp-json\/wp\/v2\/pages"}],"about":[{"href":"https:\/\/theyoungmessiah.com\/cs\/wp-json\/wp\/v2\/types\/page"}],"author":[{"embeddable":true,"href":"https:\/\/theyoungmessiah.com\/cs\/wp-json\/wp\/v2\/users\/1"}],"replies":[{"embeddable":true,"href":"https:\/\/theyoungmessiah.com\/cs\/wp-json\/wp\/v2\/comments?post=325"}],"version-history":[{"count":0,"href":"https:\/\/theyoungmessiah.com\/cs\/wp-json\/wp\/v2\/pages\/325\/revisions"}],"wp:attachment":[{"href":"https:\/\/theyoungmessiah.com\/cs\/wp-json\/wp\/v2\/media?parent=325"}],"curies":[{"name":"wp","href":"https:\/\/api.w.org\/{rel}","templated":true}]}}