{"id":151,"date":"2022-10-12T14:00:02","date_gmt":"2022-10-12T13:00:02","guid":{"rendered":"http:\/\/theyoungmessiah.com\/gift-affaere-dating-sites\/"},"modified":"2022-10-12T14:00:02","modified_gmt":"2022-10-12T13:00:02","slug":"gift-affaere-dating-sites","status":"publish","type":"page","link":"https:\/\/theyoungmessiah.com\/da\/gift-affaere-dating-sites\/","title":{"rendered":"Gift aff\u00e6re Dating Sites"},"content":{"rendered":"<p>Der er en r\u00e6kke datingsider med gift aff\u00e6re, der giver folk mulighed for at tilslutte sig andre, der ogs\u00e5 er gift. Disse websteder kr\u00e6ver typisk et medlemsgebyr og tilbyder en r\u00e6kke funktioner designet til at hj\u00e6lpe folk med at oprette forbindelse til andre, der er interesserede i at have en aff\u00e6re. Nogle af de funktioner, der tilbydes af disse websteder, inkluderer private beskeder, chatrum og s\u00f8gbare databaser over medlemmer. Mange af disse websteder tilbyder ogs\u00e5 r\u00e5dgivning og st\u00f8tte til folk, der overvejer at have en aff\u00e6re, eller som allerede er involveret i en.<\/p>\n<h2>Diskrete tilslutninger<\/h2>\n<p>Diskrete tilslutninger bliver mere og mere popul\u00e6re, da folk leder efter m\u00e5der at have det sjovt uden engagement. Disse arrangementer er perfekte til dem, der \u00f8nsker at nyde en anden persons selskab uden nogen betingelser. Der er mange m\u00e5der at finde nogen at tilslutte sig, og der er lige s\u00e5 mange grunde til, at folk v\u00e6lger at g\u00f8re det. Uanset om du leder efter en hurtig fling eller noget lidt mere langsigtet, er der nogen derude, der leder efter det samme. Alt du skal g\u00f8re er at finde dem.<\/p>\n<p>Der er nu gift dating apps til r\u00e5dighed for dem, der er interesseret i at forf\u00f8lge udenoms\u00e6gteskabelige forhold. Selvom disse apps g\u00f8r det lettere at oprette forbindelse til potentielle partnere, b\u00e6rer de ogs\u00e5 nogle risici. For eksempel, hvis din \u00e6gtef\u00e6lle skulle finde ud af om din brug af en gift dating app, kan det potentielt skade dit forhold. Derudover er der altid potentialet til at m\u00f8de nogen, der ikke er den, de h\u00e6vder at v\u00e6re online, hvilket kan f\u00f8re til farlige situationer. Hvis du beslutter dig for at bruge en gift dating app, er det vigtigt at v\u00e6re \u00e6rlig med dine potentielle partnere om din civilstand og altid m\u00f8des p\u00e5 et offentligt sted.<\/p>\n<h2>Find en diskret tilslutning<\/h2>\n<p>Der er mange m\u00e5der at finde en diskret tilslutning online. Du kan bruge en datingside, der specialiserer sig i tilslutninger, eller du kan bruge en generel datingside og bare v\u00e6re p\u00e5 forh\u00e5nd om, hvad du leder efter. Du kan ogs\u00e5 bruge sociale mediesider som Facebook og Twitter til at finde potentielle tilslutninger. En anden mulighed er at bruge et websted som Craigslist, som har et afsnit dedikeret til afslappede m\u00f8der. Bare s\u00f8rg for at v\u00e6re sikker og bruge sund fornuft, n\u00e5r du m\u00f8der nogen fra online.<\/p>\n<h3>Fyrsvamp<\/h3>\n<p>Tinder er en af de mest popul\u00e6re datingapps med over 50 millioner brugere. Det er blevet beskrevet som en &#8220;hookup-app&#8221;, men den kan ogs\u00e5 bruges til dating og er blevet brugt af folk i forhold til aff\u00e6rer. Tinder er hurtig og nem at bruge, og du kan oprette forbindelse til folk i dit omr\u00e5de, der leder efter det samme som dig. Appen er gratis at downloade og bruge, men der er nogle betalte funktioner, som du kan bruge til at f\u00e5 mere ud af appen. Samlet set er Tinder en fantastisk datingapp til folk, der leder efter en hurtig og nem m\u00e5de at oprette forbindelse til folk i deres omr\u00e5de.<\/p>\n<h3>XPickup<\/h3>\n<p>Hvis du leder efter en aff\u00e6re dating site, der vil lade dig udforske dine muligheder og finde et match, XPickup er et godt valg. Webstedet har en stor brugerbase og en bred vifte af funktioner, hvilket g\u00f8r det til en god mulighed for at finde et match. Webstedet har ogs\u00e5 et godt ry for at v\u00e6re sikkert og sikkert, s\u00e5 du kan v\u00e6re sikker p\u00e5, at dine oplysninger er sikre. Samlet set er XPickup et godt valg til gift aff\u00e6re dating.<\/p>\n<h3>Uberhorny<\/h3>\n<p>Hvis du leder efter en datingapp, der hj\u00e6lper dig med at have en gift aff\u00e6re, s\u00e5 er Uberhorny en god mulighed. Appen er nem at bruge og har mange gode funktioner, der hj\u00e6lper dig med at finde nogen at snyde med. S\u00f8gefunktionen er meget omfattende, og du kan indsn\u00e6vre dine resultater efter en r\u00e6kke kriterier. Beskedsystemet er ogs\u00e5 meget godt, og du kan nemt holde styr p\u00e5 dine samtaler. Samlet set er Uberhorny en god mulighed for dating med gift aff\u00e6re, og vi vil anbefale det til alle, der leder efter en diskret m\u00e5de at snyde deres \u00e6gtef\u00e6lle p\u00e5.<\/p>\n<h3>OnlyFlings<\/h3>\n<p>Hvis du leder efter en diskret aff\u00e6re dating site, s\u00e5 OnlyFlings er en god mulighed. Webstedet er let at bruge og tilbyder en r\u00e6kke funktioner, der hj\u00e6lper dig med at finde et match. Webstedet har ogs\u00e5 et godt ry for sikkerhed og privatliv.<\/p>\n","protected":false},"excerpt":{"rendered":"<p>Der er en r\u00e6kke datingsider med gift aff\u00e6re, der giver folk mulighed for at tilslutte sig andre, der ogs\u00e5 er gift. Disse websteder kr\u00e6ver typisk et medlemsgebyr og tilbyder en r\u00e6kke funktioner designet til at hj\u00e6lpe folk med at oprette forbindelse til andre, der er interesserede i at have en aff\u00e6re. Nogle af de funktioner,&#8230;<a class=\"read-more-link button\" href=\"https:\/\/theyoungmessiah.com\/da\/gift-affaere-dating-sites\/\">Read more<\/a><\/p>\n","protected":false},"author":1,"featured_media":0,"parent":0,"menu_order":0,"comment_status":"closed","ping_status":"closed","template":"","meta":[],"yoast_head":"<!-- This site is optimized with the Yoast SEO plugin v17.7.1 - https:\/\/yoast.com\/wordpress\/plugins\/seo\/ -->\n<title>Gift aff\u00e6re Dating Sites - Online Adult Dating<\/title>\n<meta name=\"robots\" content=\"index, follow, max-snippet:-1, max-image-preview:large, max-video-preview:-1\" \/>\n<link rel=\"canonical\" href=\"https:\/\/theyoungmessiah.com\/da\/gift-affaere-dating-sites\/\" \/>\n<meta property=\"og:locale\" content=\"da_DK\" \/>\n<meta property=\"og:type\" content=\"article\" \/>\n<meta property=\"og:title\" content=\"Gift aff\u00e6re Dating Sites - Online Adult Dating\" \/>\n<meta property=\"og:description\" content=\"Der er en r\u00e6kke datingsider med gift aff\u00e6re, der giver folk mulighed for at tilslutte sig andre, der ogs\u00e5 er gift. Disse websteder kr\u00e6ver typisk et medlemsgebyr og tilbyder en r\u00e6kke funktioner designet til at hj\u00e6lpe folk med at oprette forbindelse til andre, der er interesserede i at have en aff\u00e6re. Nogle af de funktioner,...Read more\" \/>\n<meta property=\"og:url\" content=\"https:\/\/theyoungmessiah.com\/da\/gift-affaere-dating-sites\/\" \/>\n<meta property=\"og:site_name\" content=\"Online Adult Dating\" \/>\n<meta name=\"twitter:card\" content=\"summary_large_image\" \/>\n<meta name=\"twitter:label1\" content=\"Estimeret l\u00e6setid\" \/>\n\t<meta name=\"twitter:data1\" content=\"4 minutter\" \/>\n<script type=\"application\/ld+json\" class=\"yoast-schema-graph\">{\"@context\":\"https:\/\/schema.org\",\"@graph\":[{\"@type\":\"WebSite\",\"@id\":\"https:\/\/theyoungmessiah.com\/da\/#website\",\"url\":\"https:\/\/theyoungmessiah.com\/da\/\",\"name\":\"Online Adult Dating\",\"description\":\"Local Sex Hookups\",\"potentialAction\":[{\"@type\":\"SearchAction\",\"target\":{\"@type\":\"EntryPoint\",\"urlTemplate\":\"https:\/\/theyoungmessiah.com\/da\/?s={search_term_string}\"},\"query-input\":\"required name=search_term_string\"}],\"inLanguage\":\"da-DK\"},{\"@type\":\"WebPage\",\"@id\":\"https:\/\/theyoungmessiah.com\/da\/gift-affaere-dating-sites\/#webpage\",\"url\":\"https:\/\/theyoungmessiah.com\/da\/gift-affaere-dating-sites\/\",\"name\":\"Gift aff\\u00e6re Dating Sites - Online Adult Dating\",\"isPartOf\":{\"@id\":\"https:\/\/theyoungmessiah.com\/da\/#website\"},\"datePublished\":\"2022-10-12T13:00:02+00:00\",\"dateModified\":\"2022-10-12T13:00:02+00:00\",\"breadcrumb\":{\"@id\":\"https:\/\/theyoungmessiah.com\/da\/gift-affaere-dating-sites\/#breadcrumb\"},\"inLanguage\":\"da-DK\",\"potentialAction\":[{\"@type\":\"ReadAction\",\"target\":[\"https:\/\/theyoungmessiah.com\/da\/gift-affaere-dating-sites\/\"]}]},{\"@type\":\"BreadcrumbList\",\"@id\":\"https:\/\/theyoungmessiah.com\/da\/gift-affaere-dating-sites\/#breadcrumb\",\"itemListElement\":[{\"@type\":\"ListItem\",\"position\":1,\"name\":\"Home\",\"item\":\"https:\/\/theyoungmessiah.com\/da\/\"},{\"@type\":\"ListItem\",\"position\":2,\"name\":\"Gift aff\\u00e6re Dating Sites\"}]}]}<\/script>\n<!-- \/ Yoast SEO plugin. -->","yoast_head_json":{"title":"Gift aff\u00e6re Dating Sites - Online Adult Dating","robots":{"index":"index","follow":"follow","max-snippet":"max-snippet:-1","max-image-preview":"max-image-preview:large","max-video-preview":"max-video-preview:-1"},"canonical":"https:\/\/theyoungmessiah.com\/da\/gift-affaere-dating-sites\/","og_locale":"da_DK","og_type":"article","og_title":"Gift aff\u00e6re Dating Sites - Online Adult Dating","og_description":"Der er en r\u00e6kke datingsider med gift aff\u00e6re, der giver folk mulighed for at tilslutte sig andre, der ogs\u00e5 er gift. Disse websteder kr\u00e6ver typisk et medlemsgebyr og tilbyder en r\u00e6kke funktioner designet til at hj\u00e6lpe folk med at oprette forbindelse til andre, der er interesserede i at have en aff\u00e6re. Nogle af de funktioner,...Read more","og_url":"https:\/\/theyoungmessiah.com\/da\/gift-affaere-dating-sites\/","og_site_name":"Online Adult Dating","twitter_card":"summary_large_image","twitter_misc":{"Estimeret l\u00e6setid":"4 minutter"},"schema":{"@context":"https:\/\/schema.org","@graph":[{"@type":"WebSite","@id":"https:\/\/theyoungmessiah.com\/da\/#website","url":"https:\/\/theyoungmessiah.com\/da\/","name":"Online Adult Dating","description":"Local Sex Hookups","potentialAction":[{"@type":"SearchAction","target":{"@type":"EntryPoint","urlTemplate":"https:\/\/theyoungmessiah.com\/da\/?s={search_term_string}"},"query-input":"required name=search_term_string"}],"inLanguage":"da-DK"},{"@type":"WebPage","@id":"https:\/\/theyoungmessiah.com\/da\/gift-affaere-dating-sites\/#webpage","url":"https:\/\/theyoungmessiah.com\/da\/gift-affaere-dating-sites\/","name":"Gift aff\u00e6re Dating Sites - Online Adult Dating","isPartOf":{"@id":"https:\/\/theyoungmessiah.com\/da\/#website"},"datePublished":"2022-10-12T13:00:02+00:00","dateModified":"2022-10-12T13:00:02+00:00","breadcrumb":{"@id":"https:\/\/theyoungmessiah.com\/da\/gift-affaere-dating-sites\/#breadcrumb"},"inLanguage":"da-DK","potentialAction":[{"@type":"ReadAction","target":["https:\/\/theyoungmessiah.com\/da\/gift-affaere-dating-sites\/"]}]},{"@type":"BreadcrumbList","@id":"https:\/\/theyoungmessiah.com\/da\/gift-affaere-dating-sites\/#breadcrumb","itemListElement":[{"@type":"ListItem","position":1,"name":"Home","item":"https:\/\/theyoungmessiah.com\/da\/"},{"@type":"ListItem","position":2,"name":"Gift aff\u00e6re Dating Sites"}]}]}},"_links":{"self":[{"href":"https:\/\/theyoungmessiah.com\/da\/wp-json\/wp\/v2\/pages\/151"}],"collection":[{"href":"https:\/\/theyoungmessiah.com\/da\/wp-json\/wp\/v2\/pages"}],"about":[{"href":"https:\/\/theyoungmessiah.com\/da\/wp-json\/wp\/v2\/types\/page"}],"author":[{"embeddable":true,"href":"https:\/\/theyoungmessiah.com\/da\/wp-json\/wp\/v2\/users\/1"}],"replies":[{"embeddable":true,"href":"https:\/\/theyoungmessiah.com\/da\/wp-json\/wp\/v2\/comments?post=151"}],"version-history":[{"count":0,"href":"https:\/\/theyoungmessiah.com\/da\/wp-json\/wp\/v2\/pages\/151\/revisions"}],"wp:attachment":[{"href":"https:\/\/theyoungmessiah.com\/da\/wp-json\/wp\/v2\/media?parent=151"}],"curies":[{"name":"wp","href":"https:\/\/api.w.org\/{rel}","templated":true}]}}