{"id":162,"date":"2022-10-12T14:00:11","date_gmt":"2022-10-12T13:00:11","guid":{"rendered":"http:\/\/theyoungmessiah.com\/moed-til-sex\/"},"modified":"2022-10-12T14:00:11","modified_gmt":"2022-10-12T13:00:11","slug":"moed-til-sex","status":"publish","type":"page","link":"https:\/\/theyoungmessiah.com\/da\/moed-til-sex\/","title":{"rendered":"M\u00f8d til sex"},"content":{"rendered":"<p>N\u00e5r to mennesker m\u00f8des til sex, er det normalt fordi de er tiltrukket af hinanden og vil have samleje. Nogle gange m\u00f8des folk til sex, fordi de leder efter et afslappet seksuelt m\u00f8de uden nogen f\u00f8lelsesm\u00e6ssig tilknytning; Dette er dog ikke altid tilf\u00e6ldet. Folk kan ogs\u00e5 m\u00f8des til sex, fordi de er i et engageret forhold og \u00f8nsker at krydre tingene, eller fordi de er i et \u00e5bent forhold og leder efter nye seksuelle partnere. Uanset hvad \u00e5rsagen er, kan det v\u00e6re en sjov og sp\u00e6ndende oplevelse for begge involverede parter at m\u00f8des til sex.<\/p>\n<h2>Lokale sexsider<\/h2>\n<p>De fleste datingsider er designet til at hj\u00e6lpe folk med at finde lokale singler i deres omr\u00e5de. Der er dog ogs\u00e5 en r\u00e6kke sexsider, der henvender sig til folk, der leder efter lokale tilslutninger. Disse websteder kan v\u00e6re en fantastisk m\u00e5de at finde lokale partnere til afslappet sex, men det er vigtigt at v\u00e6re opm\u00e6rksom p\u00e5 de involverede risici.<\/p>\n<p>Der er et par ting at huske p\u00e5, n\u00e5r du bruger lokale sexsider. For det f\u00f8rste er det vigtigt at sikre, at du kun m\u00f8der mennesker, der er myndige. For det andet er det vigtigt at v\u00e6re opm\u00e6rksom p\u00e5 potentialet for svindel. Der er en r\u00e6kke mennesker, der opretter falske profiler p\u00e5 disse websteder for at drage fordel af intetanende brugere. Endelig er det vigtigt at bruge sund fornuft, n\u00e5r man m\u00f8der nogen fra et lokalt sexsite. S\u00f8rg for, at I m\u00f8des p\u00e5 et offentligt sted, og at I har en m\u00e5de at kontakte hinanden p\u00e5, hvis noget g\u00e5r galt.<\/p>\n<h2>Gratis sex dating sites<\/h2>\n<p>Der er mange gratis sex dating sites online, der henvender sig til folk, der leder efter afslappede sex hookups. Disse websteder er normalt nemme at bruge og giver dig mulighed for at s\u00f8ge efter personer i dit omr\u00e5de, der leder efter det samme som dig. Du kan normalt sende beskeder til disse mennesker og arrangere at m\u00f8des til en tilslutning. Det er dog vigtigt at huske, at ikke alle p\u00e5 disse websteder leder efter det samme, s\u00e5 det er vigtigt at v\u00e6re klar over, hvad du leder efter, f\u00f8r du m\u00f8des med nogen.<\/p>\n<h2>Gratis sexsider<\/h2>\n<p>Der er mange gratis sexsider derude, men ikke alle er v\u00e6rd at bruge. Dem, der er v\u00e6rd at bruge, vil have mange medlemmer og v\u00e6re nemme at bruge. Du b\u00f8r ogs\u00e5 v\u00e6re i stand til nemt at finde kampe p\u00e5 disse websteder.<\/p>\n<h3>BbwCupid<\/h3>\n<p>BBWCupid er en dating app designet til kurvede kvinder og de m\u00e6nd, der elsker dem. Det er gratis at downloade og oprette en profil, og du kan gennemse profiler af lokale singler i dit omr\u00e5de. Hvis du ser nogen, du kan lide, kan du sende dem en besked og se, om de er interesserede i at m\u00f8des.<\/p>\n<p>Appen er nem at bruge og har mange fantastiske funktioner, som videochat og instant messaging. Det er en fantastisk m\u00e5de at m\u00f8de kurvede kvinder til dating, venskab eller endda bare tilslutning. Hvis du leder efter en BBW dating app, er BBWCupid en god mulighed.<\/p>\n<h3>SimpleFlirts<\/h3>\n<p>SimpleFlirts er en popul\u00e6r dating app, der hj\u00e6lper folk med at forbinde med hinanden for afslappet sex. Appen har et godt ry for at v\u00e6re nem at bruge og for hurtigt at forbinde mennesker. Appen er gratis at downloade og bruge, og den tilbyder en bred vifte af funktioner til sine brugere. Nogle brugere har dog klaget over, at appen er buggy og over manglen p\u00e5 en s\u00f8gefunktion. Samlet set er SimpleFlirts en god mulighed for folk, der leder efter afslappede sexpartnere.<\/p>\n<h3>Rubmaps<\/h3>\n<p>Rubmaps er en popul\u00e6r datingapp, der giver brugerne mulighed for at finde potentielle partnere til afslappede m\u00f8der. Appen har en enkel gr\u00e6nseflade og er nem at bruge. Det har ogs\u00e5 en stor database med brugere, hvilket g\u00f8r det til et godt valg for dem, der leder efter et afslappet m\u00f8de. Appen er gratis at downloade og bruge, og der er ingen grund til at oprette en konto. Det er dog vigtigt at bem\u00e6rke, at Rubmaps ikke er en tilslutningsapp, og brugerne skal v\u00e6re opm\u00e6rksomme p\u00e5, at de muligvis m\u00f8der potentielle partnere til sex.<\/p>\n<h3>Xpress<\/h3>\n<p>Hvis du leder efter en datingapp, der hj\u00e6lper dig med at m\u00f8de nogen til en hurtig tilslutning, er Xpress en god mulighed. Med en stor brugerbase og en hurtig tilmeldingsproces er det nemt at finde nogen at tilslutte sig hurtigt og nemt. Appen har ogs\u00e5 et godt ry for at v\u00e6re sikker og sikker, s\u00e5 du kan v\u00e6re sikker p\u00e5, at dine oplysninger er beskyttet. Men fordi det er en tilslutningsapp, er der et par falske profiler og svindlere, s\u00e5 v\u00e6r forsigtig, n\u00e5r du stryger. Samlet set er Xpress en god mulighed, hvis du leder efter en hurtig og nem m\u00e5de at m\u00f8de nogen til en hurtig tilslutning.<\/p>\n","protected":false},"excerpt":{"rendered":"<p>N\u00e5r to mennesker m\u00f8des til sex, er det normalt fordi de er tiltrukket af hinanden og vil have samleje. Nogle gange m\u00f8des folk til sex, fordi de leder efter et afslappet seksuelt m\u00f8de uden nogen f\u00f8lelsesm\u00e6ssig tilknytning; Dette er dog ikke altid tilf\u00e6ldet. Folk kan ogs\u00e5 m\u00f8des til sex, fordi de er i et engageret&#8230;<a class=\"read-more-link button\" href=\"https:\/\/theyoungmessiah.com\/da\/moed-til-sex\/\">Read more<\/a><\/p>\n","protected":false},"author":1,"featured_media":0,"parent":0,"menu_order":0,"comment_status":"closed","ping_status":"closed","template":"","meta":[],"yoast_head":"<!-- This site is optimized with the Yoast SEO plugin v17.7.1 - https:\/\/yoast.com\/wordpress\/plugins\/seo\/ -->\n<title>M\u00f8d til sex - Online Adult Dating<\/title>\n<meta name=\"robots\" content=\"index, follow, max-snippet:-1, max-image-preview:large, max-video-preview:-1\" \/>\n<link rel=\"canonical\" href=\"https:\/\/theyoungmessiah.com\/da\/moed-til-sex\/\" \/>\n<meta property=\"og:locale\" content=\"da_DK\" \/>\n<meta property=\"og:type\" content=\"article\" \/>\n<meta property=\"og:title\" content=\"M\u00f8d til sex - Online Adult Dating\" \/>\n<meta property=\"og:description\" content=\"N\u00e5r to mennesker m\u00f8des til sex, er det normalt fordi de er tiltrukket af hinanden og vil have samleje. Nogle gange m\u00f8des folk til sex, fordi de leder efter et afslappet seksuelt m\u00f8de uden nogen f\u00f8lelsesm\u00e6ssig tilknytning; Dette er dog ikke altid tilf\u00e6ldet. Folk kan ogs\u00e5 m\u00f8des til sex, fordi de er i et engageret...Read more\" \/>\n<meta property=\"og:url\" content=\"https:\/\/theyoungmessiah.com\/da\/moed-til-sex\/\" \/>\n<meta property=\"og:site_name\" content=\"Online Adult Dating\" \/>\n<meta name=\"twitter:card\" content=\"summary_large_image\" \/>\n<meta name=\"twitter:label1\" content=\"Estimeret l\u00e6setid\" \/>\n\t<meta name=\"twitter:data1\" content=\"4 minutter\" \/>\n<script type=\"application\/ld+json\" class=\"yoast-schema-graph\">{\"@context\":\"https:\/\/schema.org\",\"@graph\":[{\"@type\":\"WebSite\",\"@id\":\"https:\/\/theyoungmessiah.com\/da\/#website\",\"url\":\"https:\/\/theyoungmessiah.com\/da\/\",\"name\":\"Online Adult Dating\",\"description\":\"Local Sex Hookups\",\"potentialAction\":[{\"@type\":\"SearchAction\",\"target\":{\"@type\":\"EntryPoint\",\"urlTemplate\":\"https:\/\/theyoungmessiah.com\/da\/?s={search_term_string}\"},\"query-input\":\"required name=search_term_string\"}],\"inLanguage\":\"da-DK\"},{\"@type\":\"WebPage\",\"@id\":\"https:\/\/theyoungmessiah.com\/da\/moed-til-sex\/#webpage\",\"url\":\"https:\/\/theyoungmessiah.com\/da\/moed-til-sex\/\",\"name\":\"M\\u00f8d til sex - Online Adult Dating\",\"isPartOf\":{\"@id\":\"https:\/\/theyoungmessiah.com\/da\/#website\"},\"datePublished\":\"2022-10-12T13:00:11+00:00\",\"dateModified\":\"2022-10-12T13:00:11+00:00\",\"breadcrumb\":{\"@id\":\"https:\/\/theyoungmessiah.com\/da\/moed-til-sex\/#breadcrumb\"},\"inLanguage\":\"da-DK\",\"potentialAction\":[{\"@type\":\"ReadAction\",\"target\":[\"https:\/\/theyoungmessiah.com\/da\/moed-til-sex\/\"]}]},{\"@type\":\"BreadcrumbList\",\"@id\":\"https:\/\/theyoungmessiah.com\/da\/moed-til-sex\/#breadcrumb\",\"itemListElement\":[{\"@type\":\"ListItem\",\"position\":1,\"name\":\"Home\",\"item\":\"https:\/\/theyoungmessiah.com\/da\/\"},{\"@type\":\"ListItem\",\"position\":2,\"name\":\"M\\u00f8d til sex\"}]}]}<\/script>\n<!-- \/ Yoast SEO plugin. -->","yoast_head_json":{"title":"M\u00f8d til sex - Online Adult Dating","robots":{"index":"index","follow":"follow","max-snippet":"max-snippet:-1","max-image-preview":"max-image-preview:large","max-video-preview":"max-video-preview:-1"},"canonical":"https:\/\/theyoungmessiah.com\/da\/moed-til-sex\/","og_locale":"da_DK","og_type":"article","og_title":"M\u00f8d til sex - Online Adult Dating","og_description":"N\u00e5r to mennesker m\u00f8des til sex, er det normalt fordi de er tiltrukket af hinanden og vil have samleje. Nogle gange m\u00f8des folk til sex, fordi de leder efter et afslappet seksuelt m\u00f8de uden nogen f\u00f8lelsesm\u00e6ssig tilknytning; Dette er dog ikke altid tilf\u00e6ldet. Folk kan ogs\u00e5 m\u00f8des til sex, fordi de er i et engageret...Read more","og_url":"https:\/\/theyoungmessiah.com\/da\/moed-til-sex\/","og_site_name":"Online Adult Dating","twitter_card":"summary_large_image","twitter_misc":{"Estimeret l\u00e6setid":"4 minutter"},"schema":{"@context":"https:\/\/schema.org","@graph":[{"@type":"WebSite","@id":"https:\/\/theyoungmessiah.com\/da\/#website","url":"https:\/\/theyoungmessiah.com\/da\/","name":"Online Adult Dating","description":"Local Sex Hookups","potentialAction":[{"@type":"SearchAction","target":{"@type":"EntryPoint","urlTemplate":"https:\/\/theyoungmessiah.com\/da\/?s={search_term_string}"},"query-input":"required name=search_term_string"}],"inLanguage":"da-DK"},{"@type":"WebPage","@id":"https:\/\/theyoungmessiah.com\/da\/moed-til-sex\/#webpage","url":"https:\/\/theyoungmessiah.com\/da\/moed-til-sex\/","name":"M\u00f8d til sex - Online Adult Dating","isPartOf":{"@id":"https:\/\/theyoungmessiah.com\/da\/#website"},"datePublished":"2022-10-12T13:00:11+00:00","dateModified":"2022-10-12T13:00:11+00:00","breadcrumb":{"@id":"https:\/\/theyoungmessiah.com\/da\/moed-til-sex\/#breadcrumb"},"inLanguage":"da-DK","potentialAction":[{"@type":"ReadAction","target":["https:\/\/theyoungmessiah.com\/da\/moed-til-sex\/"]}]},{"@type":"BreadcrumbList","@id":"https:\/\/theyoungmessiah.com\/da\/moed-til-sex\/#breadcrumb","itemListElement":[{"@type":"ListItem","position":1,"name":"Home","item":"https:\/\/theyoungmessiah.com\/da\/"},{"@type":"ListItem","position":2,"name":"M\u00f8d til sex"}]}]}},"_links":{"self":[{"href":"https:\/\/theyoungmessiah.com\/da\/wp-json\/wp\/v2\/pages\/162"}],"collection":[{"href":"https:\/\/theyoungmessiah.com\/da\/wp-json\/wp\/v2\/pages"}],"about":[{"href":"https:\/\/theyoungmessiah.com\/da\/wp-json\/wp\/v2\/types\/page"}],"author":[{"embeddable":true,"href":"https:\/\/theyoungmessiah.com\/da\/wp-json\/wp\/v2\/users\/1"}],"replies":[{"embeddable":true,"href":"https:\/\/theyoungmessiah.com\/da\/wp-json\/wp\/v2\/comments?post=162"}],"version-history":[{"count":0,"href":"https:\/\/theyoungmessiah.com\/da\/wp-json\/wp\/v2\/pages\/162\/revisions"}],"wp:attachment":[{"href":"https:\/\/theyoungmessiah.com\/da\/wp-json\/wp\/v2\/media?parent=162"}],"curies":[{"name":"wp","href":"https:\/\/api.w.org\/{rel}","templated":true}]}}