{"id":187,"date":"2022-10-12T13:59:19","date_gmt":"2022-10-12T12:59:19","guid":{"rendered":"http:\/\/theyoungmessiah.com\/kink-dating-sites\/"},"modified":"2022-10-12T13:59:19","modified_gmt":"2022-10-12T12:59:19","slug":"kink-dating-sites","status":"publish","type":"page","link":"https:\/\/theyoungmessiah.com\/da\/kink-dating-sites\/","title":{"rendered":"Kink Dating Sites"},"content":{"rendered":"<p>Der er en r\u00e6kke kink dating sites til r\u00e5dighed for folk, der er interesseret i at udforske deres seksuelle feticher og kinks. Disse websteder giver et sikkert og behageligt milj\u00f8 for folk at oprette forbindelse til andre, der deler lignende interesser. Kink dating sites kan v\u00e6re en fantastisk m\u00e5de at m\u00f8de nye mennesker og udforske din seksualitet p\u00e5 en sikker og samtykkende m\u00e5de.<\/p>\n<h2>Lokal BDSM-tilslutning<\/h2>\n<p>Hvis du leder efter lokale BDSM-tilslutninger, er der et par ting, du skal huske p\u00e5. For det f\u00f8rste er det vigtigt at finde en gruppe eller et f\u00e6llesskab, som du er tryg ved. Der er mange forskellige BDSM-grupper derude, s\u00e5 det er vigtigt at finde en, som du passer ind i. N\u00e5r du har fundet en gruppe, er det n\u00e6ste trin at finde en person, som du er kompatibel med. Dette kan g\u00f8res ved at deltage i begivenheder eller m\u00f8de mennesker online. N\u00e5r du har fundet nogen, er det vigtigt at kommunikere og s\u00f8rge for, at I begge er p\u00e5 samme side. BDSM kan v\u00e6re meget sjovt, men det er vigtigt at sikre, at alle er komfortable og sikre.<\/p>\n<p>Der er masser af bondage dating sites, der henvender sig til dem, der er i BDSM og kinkier sex leg. Du kan s\u00f8ge efter lokale medlemmer, der er til de samme ting som dig, og som bor t\u00e6t p\u00e5. Dette g\u00f8r det nemt at m\u00f8des til noget kinky sjov. Mange af disse websteder har gratis medlemskaber, s\u00e5 du kan pr\u00f8ve dem, f\u00f8r du forpligter dig til noget. Bare s\u00f8rg for at l\u00e6se anmeldelserne f\u00f8rst for at se, hvad andre mennesker syntes om deres oplevelse.<\/p>\n<h2>Gratis kinky kontaktannoncer<\/h2>\n<p>Der er mange kinky kontaktannoncer online, og de er alle gratis at bruge. Du kan finde kinky singler i dit omr\u00e5de, der er i alle mulige kinks og feticher. Uanset om du er til BDSM, fodfetich eller noget andet, vil du v\u00e6re i stand til at finde nogen, der deler dine interesser p\u00e5 et kinky kontaktannoncer.<\/p>\n<h3>AdultFriendFinder<\/h3>\n<p>AdultFriendFinder er en af de mest popul\u00e6re dating apps til kinksters. Det har en stor brugerbase og er meget popul\u00e6r i kink-samfundet. Appen er nem at bruge og har mange funktioner. Du kan s\u00f8ge efter brugere efter placering, alder, k\u00f8n og interesser. Appen har ogs\u00e5 en beskedfunktion, s\u00e5 du kan kommunikere med andre brugere. Appen er gratis at bruge, men der er en betalt abonnementsmulighed, hvis du vil have adgang til flere funktioner.<\/p>\n<h3>Rubmaps<\/h3>\n<p>Rubmaps er en ny dating app, der henvender sig til b\u00e5de kinksters og fetsters. Det er et simpelt koncept: brugere opretter en profil og gennemser derefter potentielle kampe og sender beskeder til dem, de er interesseret i. Appen er gratis at downloade og bruge, og der er ingen annoncer. Der er dog et premiumabonnement tilg\u00e6ngeligt, der l\u00e5ser op for yderligere funktioner, s\u00e5som ubegr\u00e6nset messaging og muligheden for at se, hvem der har set din profil. Uanset om du leder efter en kinky tilslutning eller et langsigtet BDSM-forhold, er Rubmaps v\u00e6rd at tjekke ud.<\/p>\n<h3>CharmDate<\/h3>\n<p>Hvis du leder efter en kink datingside, der er b\u00e5de sjov og nem at bruge, vil du gerne tjekke CharmDate. Appen har en ren og moderne gr\u00e6nseflade, der g\u00f8r det til en leg at finde og chatte med potentielle kampe. Plus, webstedets omfattende s\u00f8ge- og filtreringsmuligheder g\u00f8r det nemt at finde nogen, der opfylder dine specifikke kink- og forholdsbehov.<\/p>\n<p>En ulempe ved CharmDate er dog, at det ikke er den mest overkommelige l\u00f8sning derude. Men hvis du er villig til at betale for et premium-medlemskab, f\u00e5r du adgang til en r\u00e6kke funktioner, der g\u00f8r webstedet prisen v\u00e6rd, herunder ubegr\u00e6nset messaging, avancerede s\u00f8gemuligheder og muligheden for at se fotos og videoer.<\/p>\n<h3>BbwCupid<\/h3>\n<p>BBWCupid er en fantastisk dating app til plus-size singler eller dem, der er interesseret i plus-size partnere. Appen er nem at bruge og har mange fantastiske funktioner, s\u00e5som s\u00f8gefiltre og beskeder. Den eneste ulempe er, at den ikke har en meget stor brugerbase, s\u00e5 du finder muligvis ikke s\u00e5 mange potentielle kampe, som du ville g\u00f8re p\u00e5 en mere popul\u00e6r app. Men hvis du specifikt leder efter en plus-size partner, er BBWCupid bestemt et fors\u00f8g v\u00e6rd!<\/p>\n","protected":false},"excerpt":{"rendered":"<p>Der er en r\u00e6kke kink dating sites til r\u00e5dighed for folk, der er interesseret i at udforske deres seksuelle feticher og kinks. Disse websteder giver et sikkert og behageligt milj\u00f8 for folk at oprette forbindelse til andre, der deler lignende interesser. Kink dating sites kan v\u00e6re en fantastisk m\u00e5de at m\u00f8de nye mennesker og udforske&#8230;<a class=\"read-more-link button\" href=\"https:\/\/theyoungmessiah.com\/da\/kink-dating-sites\/\">Read more<\/a><\/p>\n","protected":false},"author":1,"featured_media":0,"parent":0,"menu_order":0,"comment_status":"closed","ping_status":"closed","template":"","meta":[],"yoast_head":"<!-- This site is optimized with the Yoast SEO plugin v17.7.1 - https:\/\/yoast.com\/wordpress\/plugins\/seo\/ -->\n<title>Kink Dating Sites - Online Adult Dating<\/title>\n<meta name=\"robots\" content=\"index, follow, max-snippet:-1, max-image-preview:large, max-video-preview:-1\" \/>\n<link rel=\"canonical\" href=\"https:\/\/theyoungmessiah.com\/da\/kink-dating-sites\/\" \/>\n<meta property=\"og:locale\" content=\"da_DK\" \/>\n<meta property=\"og:type\" content=\"article\" \/>\n<meta property=\"og:title\" content=\"Kink Dating Sites - Online Adult Dating\" \/>\n<meta property=\"og:description\" content=\"Der er en r\u00e6kke kink dating sites til r\u00e5dighed for folk, der er interesseret i at udforske deres seksuelle feticher og kinks. Disse websteder giver et sikkert og behageligt milj\u00f8 for folk at oprette forbindelse til andre, der deler lignende interesser. Kink dating sites kan v\u00e6re en fantastisk m\u00e5de at m\u00f8de nye mennesker og udforske...Read more\" \/>\n<meta property=\"og:url\" content=\"https:\/\/theyoungmessiah.com\/da\/kink-dating-sites\/\" \/>\n<meta property=\"og:site_name\" content=\"Online Adult Dating\" \/>\n<meta name=\"twitter:card\" content=\"summary_large_image\" \/>\n<meta name=\"twitter:label1\" content=\"Estimeret l\u00e6setid\" \/>\n\t<meta name=\"twitter:data1\" content=\"4 minutter\" \/>\n<script type=\"application\/ld+json\" class=\"yoast-schema-graph\">{\"@context\":\"https:\/\/schema.org\",\"@graph\":[{\"@type\":\"WebSite\",\"@id\":\"https:\/\/theyoungmessiah.com\/da\/#website\",\"url\":\"https:\/\/theyoungmessiah.com\/da\/\",\"name\":\"Online Adult Dating\",\"description\":\"Local Sex Hookups\",\"potentialAction\":[{\"@type\":\"SearchAction\",\"target\":{\"@type\":\"EntryPoint\",\"urlTemplate\":\"https:\/\/theyoungmessiah.com\/da\/?s={search_term_string}\"},\"query-input\":\"required name=search_term_string\"}],\"inLanguage\":\"da-DK\"},{\"@type\":\"WebPage\",\"@id\":\"https:\/\/theyoungmessiah.com\/da\/kink-dating-sites\/#webpage\",\"url\":\"https:\/\/theyoungmessiah.com\/da\/kink-dating-sites\/\",\"name\":\"Kink Dating Sites - Online Adult Dating\",\"isPartOf\":{\"@id\":\"https:\/\/theyoungmessiah.com\/da\/#website\"},\"datePublished\":\"2022-10-12T12:59:19+00:00\",\"dateModified\":\"2022-10-12T12:59:19+00:00\",\"breadcrumb\":{\"@id\":\"https:\/\/theyoungmessiah.com\/da\/kink-dating-sites\/#breadcrumb\"},\"inLanguage\":\"da-DK\",\"potentialAction\":[{\"@type\":\"ReadAction\",\"target\":[\"https:\/\/theyoungmessiah.com\/da\/kink-dating-sites\/\"]}]},{\"@type\":\"BreadcrumbList\",\"@id\":\"https:\/\/theyoungmessiah.com\/da\/kink-dating-sites\/#breadcrumb\",\"itemListElement\":[{\"@type\":\"ListItem\",\"position\":1,\"name\":\"Home\",\"item\":\"https:\/\/theyoungmessiah.com\/da\/\"},{\"@type\":\"ListItem\",\"position\":2,\"name\":\"Kink Dating Sites\"}]}]}<\/script>\n<!-- \/ Yoast SEO plugin. -->","yoast_head_json":{"title":"Kink Dating Sites - Online Adult Dating","robots":{"index":"index","follow":"follow","max-snippet":"max-snippet:-1","max-image-preview":"max-image-preview:large","max-video-preview":"max-video-preview:-1"},"canonical":"https:\/\/theyoungmessiah.com\/da\/kink-dating-sites\/","og_locale":"da_DK","og_type":"article","og_title":"Kink Dating Sites - Online Adult Dating","og_description":"Der er en r\u00e6kke kink dating sites til r\u00e5dighed for folk, der er interesseret i at udforske deres seksuelle feticher og kinks. Disse websteder giver et sikkert og behageligt milj\u00f8 for folk at oprette forbindelse til andre, der deler lignende interesser. Kink dating sites kan v\u00e6re en fantastisk m\u00e5de at m\u00f8de nye mennesker og udforske...Read more","og_url":"https:\/\/theyoungmessiah.com\/da\/kink-dating-sites\/","og_site_name":"Online Adult Dating","twitter_card":"summary_large_image","twitter_misc":{"Estimeret l\u00e6setid":"4 minutter"},"schema":{"@context":"https:\/\/schema.org","@graph":[{"@type":"WebSite","@id":"https:\/\/theyoungmessiah.com\/da\/#website","url":"https:\/\/theyoungmessiah.com\/da\/","name":"Online Adult Dating","description":"Local Sex Hookups","potentialAction":[{"@type":"SearchAction","target":{"@type":"EntryPoint","urlTemplate":"https:\/\/theyoungmessiah.com\/da\/?s={search_term_string}"},"query-input":"required name=search_term_string"}],"inLanguage":"da-DK"},{"@type":"WebPage","@id":"https:\/\/theyoungmessiah.com\/da\/kink-dating-sites\/#webpage","url":"https:\/\/theyoungmessiah.com\/da\/kink-dating-sites\/","name":"Kink Dating Sites - Online Adult Dating","isPartOf":{"@id":"https:\/\/theyoungmessiah.com\/da\/#website"},"datePublished":"2022-10-12T12:59:19+00:00","dateModified":"2022-10-12T12:59:19+00:00","breadcrumb":{"@id":"https:\/\/theyoungmessiah.com\/da\/kink-dating-sites\/#breadcrumb"},"inLanguage":"da-DK","potentialAction":[{"@type":"ReadAction","target":["https:\/\/theyoungmessiah.com\/da\/kink-dating-sites\/"]}]},{"@type":"BreadcrumbList","@id":"https:\/\/theyoungmessiah.com\/da\/kink-dating-sites\/#breadcrumb","itemListElement":[{"@type":"ListItem","position":1,"name":"Home","item":"https:\/\/theyoungmessiah.com\/da\/"},{"@type":"ListItem","position":2,"name":"Kink Dating Sites"}]}]}},"_links":{"self":[{"href":"https:\/\/theyoungmessiah.com\/da\/wp-json\/wp\/v2\/pages\/187"}],"collection":[{"href":"https:\/\/theyoungmessiah.com\/da\/wp-json\/wp\/v2\/pages"}],"about":[{"href":"https:\/\/theyoungmessiah.com\/da\/wp-json\/wp\/v2\/types\/page"}],"author":[{"embeddable":true,"href":"https:\/\/theyoungmessiah.com\/da\/wp-json\/wp\/v2\/users\/1"}],"replies":[{"embeddable":true,"href":"https:\/\/theyoungmessiah.com\/da\/wp-json\/wp\/v2\/comments?post=187"}],"version-history":[{"count":0,"href":"https:\/\/theyoungmessiah.com\/da\/wp-json\/wp\/v2\/pages\/187\/revisions"}],"wp:attachment":[{"href":"https:\/\/theyoungmessiah.com\/da\/wp-json\/wp\/v2\/media?parent=187"}],"curies":[{"name":"wp","href":"https:\/\/api.w.org\/{rel}","templated":true}]}}