{"id":192,"date":"2022-10-12T13:53:06","date_gmt":"2022-10-12T12:53:06","guid":{"rendered":"http:\/\/theyoungmessiah.com\/venner-med-fordele-websteder\/"},"modified":"2022-10-12T13:53:06","modified_gmt":"2022-10-12T12:53:06","slug":"venner-med-fordele-websteder","status":"publish","type":"page","link":"https:\/\/theyoungmessiah.com\/da\/venner-med-fordele-websteder\/","title":{"rendered":"Venner med fordele websteder"},"content":{"rendered":"<p>Der er et par forskellige typer venner med fordele hjemmesider. Den f\u00f8rste type er, hvor du kan finde folk at tilslutte sig uden nogen strenge fastgjort. Denne type websted er fantastisk til folk, der bare vil have det sjovt og ikke bekymre sig om at komme ind i et forhold. Den anden type venner med fordele hjemmeside er, hvor du kan finde folk til dato og muligvis have et forhold til. Denne type websted er fantastisk til folk, der leder efter mere end bare en tilslutning.<\/p>\n<h2>Bedste sted for Fwb<\/h2>\n<p>Der er mange gode websteder derude for <a href=\"http:\/\/theyoungmessiah.com\/ebony-hookups\/\">at finde en ven med fordele<\/a>, men min personlige favorit er FWB Dates. Det er nemt at bruge, og det har mange fantastiske funktioner, der g\u00f8r det hurtigt og nemt at finde et match. Plus, webstedet er gratis at deltage i, s\u00e5 du kan begynde at finde dit perfekte match med det samme. Der er mange mennesker derude, der leder efter en kneppekammerat. Du kan finde dem online p\u00e5 et datingwebsted eller endda p\u00e5 sociale mediesider. Alt du skal g\u00f8re er at s\u00f8ge efter dem, og du finder dem.<\/p>\n<p>Hvis du leder efter en kneppekammerat, er det bedste sted at kigge online. Der er mange websteder og apps, der kan hj\u00e6lpe dig med at finde nogen, der er nede for en tilslutning. Alt du skal g\u00f8re er at oprette en profil og begynde at gennemse potentielle kampe. N\u00e5r du finder nogen, du er interesseret i, skal du bare sende dem en besked og se, hvor tingene g\u00e5r.<\/p>\n<h3>OnlyFlings<\/h3>\n<p>Hvis du leder efter en ven med fordele situation, b\u00f8r du helt sikkert tjekke OnlyFlings. Det er en fantastisk dating app, der giver dig mulighed for at finde potentielle matches i dit omr\u00e5de. Appen er nem at bruge og har mange fantastiske funktioner, herunder et meddelelsessystem, der giver dig mulighed for at kommunikere med potentielle kampe. Den eneste ulempe er, at appen er lidt dyr, men det er bestemt det v\u00e6rd, hvis du leder efter en ven med fordele situation.<\/p>\n<h3>BookOfSext<\/h3>\n<p>Hvis du leder efter en venner med fordele dating app, BookOfSext er en god mulighed. Appen er gratis at downloade og bruge, og den er sp\u00e6kket med funktioner, der g\u00f8r det nemt at finde og oprette forbindelse til potentielle kampe. S\u00f8gefunktionen er is\u00e6r nyttig, og du kan bruge den til at finde kampe i dit omr\u00e5de eller hvor som helst i verden. Appen har ogs\u00e5 en beskedfunktion, s\u00e5 du kan holde kontakten med dine kampe, selv n\u00e5r du ikke bruger appen. Samlet set er BookOfSext en god mulighed for alle, der leder efter en venner med fordele dating app.<\/p>\n<h3>Masser af fisk<\/h3>\n<p>Der er masser af grunde til at pr\u00f8ve Masser af fisk, is\u00e6r hvis du leder efter venner med fordele. Datingappen har en stor pulje af brugere at v\u00e6lge imellem, s\u00e5 du er n\u00f8dt til at finde nogen, der er kompatibel med dig. Plus, appen er gratis at bruge, s\u00e5 du kan spare dine penge til andre ting.<\/p>\n<p>Appen er nem at bruge og navigere i, og den er ikke alt for kompliceret. Du kan s\u00f8ge efter potentielle matches efter placering, alder og andre kriterier, og du kan sende dem direkte beskeder. Appen har ogs\u00e5 et par andre funktioner, som en &#8220;Poke&#8221; -funktion, som giver dig mulighed for at flirte med potentielle kampe.<\/p>\n<p>Samlet set er Masser af fisk en god mulighed for alle, der leder efter venner med fordele. Appen er gratis at bruge, og det er nemt at finde potentielle matches. Plus, appen har et par andre funktioner, der g\u00f8r det v\u00e6rd at tjekke ud.<\/p>\n<h3>Xpress<\/h3>\n<p>Hvis du leder efter et websted med venner med fordele, der rent faktisk leverer, s\u00e5 er Xpress appen til dig. Jeg har pr\u00f8vet mange af disse apps, og de fleste af dem er komplet affald. De er enten fulde af falske profiler, eller ogs\u00e5 er pigerne s\u00e5 grimme, at man hellere bare vil rykke ud. Men Xpress er anderledes. Pigerne her er faktisk ret varme, og de er ogs\u00e5 nede for at tilslutte sig.<\/p>\n<p>Jeg har hooket op med et par piger fra Xpress, og det har altid v\u00e6ret en stor oplevelse. Pigerne er nemme at tale med, og de er faktisk nede for at have det sjovt. Hvis du leder efter et websted med venner med fordele, der rent faktisk fungerer, s\u00e5 er Xpress appen til dig.<\/p>\n","protected":false},"excerpt":{"rendered":"<p>Der er et par forskellige typer venner med fordele hjemmesider. Den f\u00f8rste type er, hvor du kan finde folk at tilslutte sig uden nogen strenge fastgjort. Denne type websted er fantastisk til folk, der bare vil have det sjovt og ikke bekymre sig om at komme ind i et forhold. Den anden type venner med&#8230;<a class=\"read-more-link button\" href=\"https:\/\/theyoungmessiah.com\/da\/venner-med-fordele-websteder\/\">Read more<\/a><\/p>\n","protected":false},"author":1,"featured_media":0,"parent":0,"menu_order":0,"comment_status":"closed","ping_status":"closed","template":"","meta":[],"yoast_head":"<!-- This site is optimized with the Yoast SEO plugin v17.7.1 - https:\/\/yoast.com\/wordpress\/plugins\/seo\/ -->\n<title>Venner med fordele websteder - Online Adult Dating<\/title>\n<meta name=\"robots\" content=\"index, follow, max-snippet:-1, max-image-preview:large, max-video-preview:-1\" \/>\n<link rel=\"canonical\" href=\"https:\/\/theyoungmessiah.com\/da\/venner-med-fordele-websteder\/\" \/>\n<meta property=\"og:locale\" content=\"da_DK\" \/>\n<meta property=\"og:type\" content=\"article\" \/>\n<meta property=\"og:title\" content=\"Venner med fordele websteder - Online Adult Dating\" \/>\n<meta property=\"og:description\" content=\"Der er et par forskellige typer venner med fordele hjemmesider. Den f\u00f8rste type er, hvor du kan finde folk at tilslutte sig uden nogen strenge fastgjort. Denne type websted er fantastisk til folk, der bare vil have det sjovt og ikke bekymre sig om at komme ind i et forhold. Den anden type venner med...Read more\" \/>\n<meta property=\"og:url\" content=\"https:\/\/theyoungmessiah.com\/da\/venner-med-fordele-websteder\/\" \/>\n<meta property=\"og:site_name\" content=\"Online Adult Dating\" \/>\n<meta name=\"twitter:card\" content=\"summary_large_image\" \/>\n<meta name=\"twitter:label1\" content=\"Estimeret l\u00e6setid\" \/>\n\t<meta name=\"twitter:data1\" content=\"4 minutter\" \/>\n<script type=\"application\/ld+json\" class=\"yoast-schema-graph\">{\"@context\":\"https:\/\/schema.org\",\"@graph\":[{\"@type\":\"WebSite\",\"@id\":\"https:\/\/theyoungmessiah.com\/da\/#website\",\"url\":\"https:\/\/theyoungmessiah.com\/da\/\",\"name\":\"Online Adult Dating\",\"description\":\"Local Sex Hookups\",\"potentialAction\":[{\"@type\":\"SearchAction\",\"target\":{\"@type\":\"EntryPoint\",\"urlTemplate\":\"https:\/\/theyoungmessiah.com\/da\/?s={search_term_string}\"},\"query-input\":\"required name=search_term_string\"}],\"inLanguage\":\"da-DK\"},{\"@type\":\"WebPage\",\"@id\":\"https:\/\/theyoungmessiah.com\/da\/venner-med-fordele-websteder\/#webpage\",\"url\":\"https:\/\/theyoungmessiah.com\/da\/venner-med-fordele-websteder\/\",\"name\":\"Venner med fordele websteder - Online Adult Dating\",\"isPartOf\":{\"@id\":\"https:\/\/theyoungmessiah.com\/da\/#website\"},\"datePublished\":\"2022-10-12T12:53:06+00:00\",\"dateModified\":\"2022-10-12T12:53:06+00:00\",\"breadcrumb\":{\"@id\":\"https:\/\/theyoungmessiah.com\/da\/venner-med-fordele-websteder\/#breadcrumb\"},\"inLanguage\":\"da-DK\",\"potentialAction\":[{\"@type\":\"ReadAction\",\"target\":[\"https:\/\/theyoungmessiah.com\/da\/venner-med-fordele-websteder\/\"]}]},{\"@type\":\"BreadcrumbList\",\"@id\":\"https:\/\/theyoungmessiah.com\/da\/venner-med-fordele-websteder\/#breadcrumb\",\"itemListElement\":[{\"@type\":\"ListItem\",\"position\":1,\"name\":\"Home\",\"item\":\"https:\/\/theyoungmessiah.com\/da\/\"},{\"@type\":\"ListItem\",\"position\":2,\"name\":\"Venner med fordele websteder\"}]}]}<\/script>\n<!-- \/ Yoast SEO plugin. -->","yoast_head_json":{"title":"Venner med fordele websteder - Online Adult Dating","robots":{"index":"index","follow":"follow","max-snippet":"max-snippet:-1","max-image-preview":"max-image-preview:large","max-video-preview":"max-video-preview:-1"},"canonical":"https:\/\/theyoungmessiah.com\/da\/venner-med-fordele-websteder\/","og_locale":"da_DK","og_type":"article","og_title":"Venner med fordele websteder - Online Adult Dating","og_description":"Der er et par forskellige typer venner med fordele hjemmesider. Den f\u00f8rste type er, hvor du kan finde folk at tilslutte sig uden nogen strenge fastgjort. Denne type websted er fantastisk til folk, der bare vil have det sjovt og ikke bekymre sig om at komme ind i et forhold. Den anden type venner med...Read more","og_url":"https:\/\/theyoungmessiah.com\/da\/venner-med-fordele-websteder\/","og_site_name":"Online Adult Dating","twitter_card":"summary_large_image","twitter_misc":{"Estimeret l\u00e6setid":"4 minutter"},"schema":{"@context":"https:\/\/schema.org","@graph":[{"@type":"WebSite","@id":"https:\/\/theyoungmessiah.com\/da\/#website","url":"https:\/\/theyoungmessiah.com\/da\/","name":"Online Adult Dating","description":"Local Sex Hookups","potentialAction":[{"@type":"SearchAction","target":{"@type":"EntryPoint","urlTemplate":"https:\/\/theyoungmessiah.com\/da\/?s={search_term_string}"},"query-input":"required name=search_term_string"}],"inLanguage":"da-DK"},{"@type":"WebPage","@id":"https:\/\/theyoungmessiah.com\/da\/venner-med-fordele-websteder\/#webpage","url":"https:\/\/theyoungmessiah.com\/da\/venner-med-fordele-websteder\/","name":"Venner med fordele websteder - Online Adult Dating","isPartOf":{"@id":"https:\/\/theyoungmessiah.com\/da\/#website"},"datePublished":"2022-10-12T12:53:06+00:00","dateModified":"2022-10-12T12:53:06+00:00","breadcrumb":{"@id":"https:\/\/theyoungmessiah.com\/da\/venner-med-fordele-websteder\/#breadcrumb"},"inLanguage":"da-DK","potentialAction":[{"@type":"ReadAction","target":["https:\/\/theyoungmessiah.com\/da\/venner-med-fordele-websteder\/"]}]},{"@type":"BreadcrumbList","@id":"https:\/\/theyoungmessiah.com\/da\/venner-med-fordele-websteder\/#breadcrumb","itemListElement":[{"@type":"ListItem","position":1,"name":"Home","item":"https:\/\/theyoungmessiah.com\/da\/"},{"@type":"ListItem","position":2,"name":"Venner med fordele websteder"}]}]}},"_links":{"self":[{"href":"https:\/\/theyoungmessiah.com\/da\/wp-json\/wp\/v2\/pages\/192"}],"collection":[{"href":"https:\/\/theyoungmessiah.com\/da\/wp-json\/wp\/v2\/pages"}],"about":[{"href":"https:\/\/theyoungmessiah.com\/da\/wp-json\/wp\/v2\/types\/page"}],"author":[{"embeddable":true,"href":"https:\/\/theyoungmessiah.com\/da\/wp-json\/wp\/v2\/users\/1"}],"replies":[{"embeddable":true,"href":"https:\/\/theyoungmessiah.com\/da\/wp-json\/wp\/v2\/comments?post=192"}],"version-history":[{"count":0,"href":"https:\/\/theyoungmessiah.com\/da\/wp-json\/wp\/v2\/pages\/192\/revisions"}],"wp:attachment":[{"href":"https:\/\/theyoungmessiah.com\/da\/wp-json\/wp\/v2\/media?parent=192"}],"curies":[{"name":"wp","href":"https:\/\/api.w.org\/{rel}","templated":true}]}}