{"id":223,"date":"2022-10-12T13:59:28","date_gmt":"2022-10-12T12:59:28","guid":{"rendered":"http:\/\/theyoungmessiah.com\/sugar-mummy-sites\/"},"modified":"2022-10-12T13:59:28","modified_gmt":"2022-10-12T12:59:28","slug":"sugar-mummy-sites","status":"publish","type":"page","link":"https:\/\/theyoungmessiah.com\/da\/sugar-mummy-sites\/","title":{"rendered":"Sugar Mummy Sites"},"content":{"rendered":"<p>Der er forskellige sukker mumie sites tilg\u00e6ngelige p\u00e5 internettet. Disse websteder giver en platform for \u00e6ldre kvinder til at oprette forbindelse til yngre m\u00e6nd med henblik p\u00e5 seksuelle forhold. Sukkerm\u00f8riesiderne opkr\u00e6ver typisk et medlemsgebyr, og de \u00e6ldre kvinder tilbyder \u00f8konomiske incitamenter til de yngre m\u00e6nd i bytte for seksuelle ydelser. Ordningen er gensidigt fordelagtig, da de \u00e6ldre kvinder f\u00e5r gl\u00e6de af selskab med yngre, attraktive m\u00e6nd, og de yngre m\u00e6nd f\u00e5r oplevet seksuelle forhold til \u00e6ldre, mere erfarne kvinder.<\/p>\n<h2>Lokal sugar momma<\/h2>\n<p>Der er masser af sugar mommas i datingscenen, og de kommer i alle former og st\u00f8rrelser. Nogle er \u00e6ldre kvinder, der leder efter en ung, smuk mand at fork\u00e6le og fork\u00e6le, mens andre simpelthen leder efter nogen, der kan f\u00e5 dem til at f\u00f8le sig unge og levende igen. Uanset hvilken type du er, er der helt sikkert en sugar momma derude, der er perfekt til dig. Den bedste m\u00e5de at finde dit perfekte match p\u00e5 er at komme ud og begynde at date! Deltag i lokale singlebegivenheder, eller tilmeld dig en datingside, der er specielt rettet mod sugar mommas og de m\u00e6nd, der elsker dem. Med en lille indsats er du sikker p\u00e5 at finde din dr\u00f8mmemors sukkermor.<\/p>\n<p>Der er et par ting at huske p\u00e5, n\u00e5r du leder efter en sukkermor online. For det f\u00f8rste er det vigtigt at v\u00e6re \u00e6rlig om, hvad du leder efter. V\u00e6r klar over dine intentioner, og s\u00f8rg for at kommunikere dem til potentielle kampe. For det andet skal du v\u00e6re t\u00e5lmodig og v\u00e6re villig til at arbejde for at finde den rigtige person til dig. Der er mange sugar mommas derude, men det kan tage lidt tid at finde den rigtige til dig. Endelig, n\u00e5r du finder en sukkermor, som du klikker med, skal du s\u00f8rge for at behandle hende med respekt og p\u00e5sk\u00f8nnelse.<\/p>\n<h2>Date A Sugar Momma<\/h2>\n<p>Der er et par ting at huske p\u00e5, hvis du er interesseret i at date en sugar momma online. For det f\u00f8rste er sukkerm\u00f8dre typisk \u00e6ldre kvinder, s\u00e5 det skal du v\u00e6re okay med. For det andet leder de normalt efter nogen, der kan f\u00e5 dem til at f\u00f8le sig specielle og v\u00e6rdsatte, s\u00e5 s\u00f8rg for at vise dine bedste kvaliteter. Endelig vil de sandsynligvis v\u00e6re meget gener\u00f8se med deres tid og penge, s\u00e5 v\u00e6r forberedt p\u00e5 at blive fork\u00e6let! Hvis du tror, du kan klare alt dette, s\u00e5 g\u00e5 videre og pr\u00f8v det. Hvem ved, m\u00e5ske finder du bare den perfekte sukkermor til dig.<\/p>\n<h3>Masser af fisk<\/h3>\n<p>Plenty of Fish er en datingapp, der giver brugerne mulighed for at oprette en profil, finde matches og chatte med andre brugere. Appen har et godt ry for at v\u00e6re nem at bruge og for at give en stor pulje af potentielle kampe. Nogle brugere har dog klaget over, at appen er buggy, og at det er sv\u00e6rt at annullere et abonnement. Samlet set er Masser af fisk en god mulighed for dem, der leder efter et sukkermumiested.<\/p>\n<h3>XCheaters<\/h3>\n<p>Hvis du leder efter en sukkermumie, s\u00e5 b\u00f8r du helt sikkert tjekke XCheaters. Det er et af de mest popul\u00e6re sukkermumiesteder, og med god grund. Appen er nem at bruge, og det er gratis at deltage. Derudover er der masser af sukkermumier p\u00e5 webstedet, der leder efter nogen ligesom dig.<\/p>\n<p>S\u00e5 hvis du leder efter en sukkermumie, s\u00e5 er XCheaters bestemt stedet for dig. Appen er nem at bruge, og der er masser af sukkermumier p\u00e5 webstedet. Plus, det er gratis at deltage. S\u00e5 hvad venter du p\u00e5? G\u00e5 og tjek det ud!<\/p>\n<h3>Instasex<\/h3>\n<p>Instasex er en ny datingapp, der lover at bringe sukkermumiesider til et helt nyt niveau. Med sine unikke funktioner og brugervenlige gr\u00e6nseflade g\u00f8r det det nemt for brugerne at finde og oprette forbindelse til sukkermumiesider. Appen giver ogs\u00e5 brugerne mulighed for at chatte og dele fotos med hinanden, hvilket g\u00f8r det til en fantastisk platform for sukkermumiesider at oprette forbindelse og interagere med hinanden.<\/p>\n<h3>S\u00f8ger arrangementer<\/h3>\n<p>Hvis du leder efter en sukkermumie, er Seeking Arrangements datingappen for dig. Med over 10 millioner medlemmer over hele verden er det det st\u00f8rste sukkermumie-websted p\u00e5 internettet. Og det er gratis at deltage! Du kan oprette en profil, s\u00f8ge efter sukkermumier i dit omr\u00e5de og sende dem gratis beskeder.<\/p>\n<p>Det bedste ved Seeking Arrangements er, at det er en sikker og nem m\u00e5de at m\u00f8de sukkermumier p\u00e5. Du beh\u00f8ver ikke bekymre dig om svindlere eller falske profiler, fordi webstedet modereres af et team af fagfolk. Og hvis du nogensinde har sp\u00f8rgsm\u00e5l eller bekymringer, kan du altid kontakte kundesupport.<\/p>\n<p>S\u00e5 hvis du leder efter en sukkermumie, er Seeking Arrangements den perfekte datingapp til dig. Tilmeld dig i dag og begynd at sende beskeder til sukkermumier i dit omr\u00e5de!<\/p>\n","protected":false},"excerpt":{"rendered":"<p>Der er forskellige sukker mumie sites tilg\u00e6ngelige p\u00e5 internettet. Disse websteder giver en platform for \u00e6ldre kvinder til at oprette forbindelse til yngre m\u00e6nd med henblik p\u00e5 seksuelle forhold. Sukkerm\u00f8riesiderne opkr\u00e6ver typisk et medlemsgebyr, og de \u00e6ldre kvinder tilbyder \u00f8konomiske incitamenter til de yngre m\u00e6nd i bytte for seksuelle ydelser. Ordningen er gensidigt fordelagtig, da&#8230;<a class=\"read-more-link button\" href=\"https:\/\/theyoungmessiah.com\/da\/sugar-mummy-sites\/\">Read more<\/a><\/p>\n","protected":false},"author":1,"featured_media":0,"parent":0,"menu_order":0,"comment_status":"closed","ping_status":"closed","template":"","meta":[],"yoast_head":"<!-- This site is optimized with the Yoast SEO plugin v17.7.1 - https:\/\/yoast.com\/wordpress\/plugins\/seo\/ -->\n<title>Sugar Mummy Sites - Online Adult Dating<\/title>\n<meta name=\"robots\" content=\"index, follow, max-snippet:-1, max-image-preview:large, max-video-preview:-1\" \/>\n<link rel=\"canonical\" href=\"https:\/\/theyoungmessiah.com\/da\/sugar-mummy-sites\/\" \/>\n<meta property=\"og:locale\" content=\"da_DK\" \/>\n<meta property=\"og:type\" content=\"article\" \/>\n<meta property=\"og:title\" content=\"Sugar Mummy Sites - Online Adult Dating\" \/>\n<meta property=\"og:description\" content=\"Der er forskellige sukker mumie sites tilg\u00e6ngelige p\u00e5 internettet. Disse websteder giver en platform for \u00e6ldre kvinder til at oprette forbindelse til yngre m\u00e6nd med henblik p\u00e5 seksuelle forhold. Sukkerm\u00f8riesiderne opkr\u00e6ver typisk et medlemsgebyr, og de \u00e6ldre kvinder tilbyder \u00f8konomiske incitamenter til de yngre m\u00e6nd i bytte for seksuelle ydelser. Ordningen er gensidigt fordelagtig, da...Read more\" \/>\n<meta property=\"og:url\" content=\"https:\/\/theyoungmessiah.com\/da\/sugar-mummy-sites\/\" \/>\n<meta property=\"og:site_name\" content=\"Online Adult Dating\" \/>\n<meta name=\"twitter:card\" content=\"summary_large_image\" \/>\n<meta name=\"twitter:label1\" content=\"Estimeret l\u00e6setid\" \/>\n\t<meta name=\"twitter:data1\" content=\"4 minutter\" \/>\n<script type=\"application\/ld+json\" class=\"yoast-schema-graph\">{\"@context\":\"https:\/\/schema.org\",\"@graph\":[{\"@type\":\"WebSite\",\"@id\":\"https:\/\/theyoungmessiah.com\/da\/#website\",\"url\":\"https:\/\/theyoungmessiah.com\/da\/\",\"name\":\"Online Adult Dating\",\"description\":\"Local Sex Hookups\",\"potentialAction\":[{\"@type\":\"SearchAction\",\"target\":{\"@type\":\"EntryPoint\",\"urlTemplate\":\"https:\/\/theyoungmessiah.com\/da\/?s={search_term_string}\"},\"query-input\":\"required name=search_term_string\"}],\"inLanguage\":\"da-DK\"},{\"@type\":\"WebPage\",\"@id\":\"https:\/\/theyoungmessiah.com\/da\/sugar-mummy-sites\/#webpage\",\"url\":\"https:\/\/theyoungmessiah.com\/da\/sugar-mummy-sites\/\",\"name\":\"Sugar Mummy Sites - Online Adult Dating\",\"isPartOf\":{\"@id\":\"https:\/\/theyoungmessiah.com\/da\/#website\"},\"datePublished\":\"2022-10-12T12:59:28+00:00\",\"dateModified\":\"2022-10-12T12:59:28+00:00\",\"breadcrumb\":{\"@id\":\"https:\/\/theyoungmessiah.com\/da\/sugar-mummy-sites\/#breadcrumb\"},\"inLanguage\":\"da-DK\",\"potentialAction\":[{\"@type\":\"ReadAction\",\"target\":[\"https:\/\/theyoungmessiah.com\/da\/sugar-mummy-sites\/\"]}]},{\"@type\":\"BreadcrumbList\",\"@id\":\"https:\/\/theyoungmessiah.com\/da\/sugar-mummy-sites\/#breadcrumb\",\"itemListElement\":[{\"@type\":\"ListItem\",\"position\":1,\"name\":\"Home\",\"item\":\"https:\/\/theyoungmessiah.com\/da\/\"},{\"@type\":\"ListItem\",\"position\":2,\"name\":\"Sugar Mummy Sites\"}]}]}<\/script>\n<!-- \/ Yoast SEO plugin. -->","yoast_head_json":{"title":"Sugar Mummy Sites - Online Adult Dating","robots":{"index":"index","follow":"follow","max-snippet":"max-snippet:-1","max-image-preview":"max-image-preview:large","max-video-preview":"max-video-preview:-1"},"canonical":"https:\/\/theyoungmessiah.com\/da\/sugar-mummy-sites\/","og_locale":"da_DK","og_type":"article","og_title":"Sugar Mummy Sites - Online Adult Dating","og_description":"Der er forskellige sukker mumie sites tilg\u00e6ngelige p\u00e5 internettet. Disse websteder giver en platform for \u00e6ldre kvinder til at oprette forbindelse til yngre m\u00e6nd med henblik p\u00e5 seksuelle forhold. Sukkerm\u00f8riesiderne opkr\u00e6ver typisk et medlemsgebyr, og de \u00e6ldre kvinder tilbyder \u00f8konomiske incitamenter til de yngre m\u00e6nd i bytte for seksuelle ydelser. Ordningen er gensidigt fordelagtig, da...Read more","og_url":"https:\/\/theyoungmessiah.com\/da\/sugar-mummy-sites\/","og_site_name":"Online Adult Dating","twitter_card":"summary_large_image","twitter_misc":{"Estimeret l\u00e6setid":"4 minutter"},"schema":{"@context":"https:\/\/schema.org","@graph":[{"@type":"WebSite","@id":"https:\/\/theyoungmessiah.com\/da\/#website","url":"https:\/\/theyoungmessiah.com\/da\/","name":"Online Adult Dating","description":"Local Sex Hookups","potentialAction":[{"@type":"SearchAction","target":{"@type":"EntryPoint","urlTemplate":"https:\/\/theyoungmessiah.com\/da\/?s={search_term_string}"},"query-input":"required name=search_term_string"}],"inLanguage":"da-DK"},{"@type":"WebPage","@id":"https:\/\/theyoungmessiah.com\/da\/sugar-mummy-sites\/#webpage","url":"https:\/\/theyoungmessiah.com\/da\/sugar-mummy-sites\/","name":"Sugar Mummy Sites - Online Adult Dating","isPartOf":{"@id":"https:\/\/theyoungmessiah.com\/da\/#website"},"datePublished":"2022-10-12T12:59:28+00:00","dateModified":"2022-10-12T12:59:28+00:00","breadcrumb":{"@id":"https:\/\/theyoungmessiah.com\/da\/sugar-mummy-sites\/#breadcrumb"},"inLanguage":"da-DK","potentialAction":[{"@type":"ReadAction","target":["https:\/\/theyoungmessiah.com\/da\/sugar-mummy-sites\/"]}]},{"@type":"BreadcrumbList","@id":"https:\/\/theyoungmessiah.com\/da\/sugar-mummy-sites\/#breadcrumb","itemListElement":[{"@type":"ListItem","position":1,"name":"Home","item":"https:\/\/theyoungmessiah.com\/da\/"},{"@type":"ListItem","position":2,"name":"Sugar Mummy Sites"}]}]}},"_links":{"self":[{"href":"https:\/\/theyoungmessiah.com\/da\/wp-json\/wp\/v2\/pages\/223"}],"collection":[{"href":"https:\/\/theyoungmessiah.com\/da\/wp-json\/wp\/v2\/pages"}],"about":[{"href":"https:\/\/theyoungmessiah.com\/da\/wp-json\/wp\/v2\/types\/page"}],"author":[{"embeddable":true,"href":"https:\/\/theyoungmessiah.com\/da\/wp-json\/wp\/v2\/users\/1"}],"replies":[{"embeddable":true,"href":"https:\/\/theyoungmessiah.com\/da\/wp-json\/wp\/v2\/comments?post=223"}],"version-history":[{"count":0,"href":"https:\/\/theyoungmessiah.com\/da\/wp-json\/wp\/v2\/pages\/223\/revisions"}],"wp:attachment":[{"href":"https:\/\/theyoungmessiah.com\/da\/wp-json\/wp\/v2\/media?parent=223"}],"curies":[{"name":"wp","href":"https:\/\/api.w.org\/{rel}","templated":true}]}}