{"id":227,"date":"2022-10-12T13:52:14","date_gmt":"2022-10-12T12:52:14","guid":{"rendered":"http:\/\/theyoungmessiah.com\/gratis-lokale-tilslutningssteder\/"},"modified":"2022-10-12T13:52:14","modified_gmt":"2022-10-12T12:52:14","slug":"gratis-lokale-tilslutningssteder","status":"publish","type":"page","link":"https:\/\/theyoungmessiah.com\/da\/gratis-lokale-tilslutningssteder\/","title":{"rendered":"Gratis lokale tilslutningssteder"},"content":{"rendered":"<p>Der er mange <a href=\"http:\/\/theyoungmessiah.com\/free-milf-chat-sites\/\">lokale tilslutningssider<\/a> , der kan hj\u00e6lpe dig med at finde nogen at tilslutte dig. Alt du skal g\u00f8re er at oprette en profil og begynde at s\u00f8ge efter nogen, der opfylder dine kriterier. At tilslutte sig nogen kan v\u00e6re en fantastisk m\u00e5de at have det sjovt og opleve nye ting, men det er vigtigt at v\u00e6re sikker og ansvarlig, n\u00e5r du g\u00f8r det. S\u00f8rg for, at du kender personen godt, f\u00f8r du m\u00f8der op, og m\u00f8d altid p\u00e5 et offentligt sted f\u00f8rst. Med lidt planl\u00e6gning og held kan du finde nogen at tilslutte dig p\u00e5 et af disse lokale websteder.<\/p>\n<h2>Lokal tilslutning i n\u00e6rheden af mig<\/h2>\n<p>Der er intet som sp\u00e6ndingen ved at m\u00f8de en ny og forventningen om, hvad der kan ske n\u00e6ste gang. N\u00e5r det kommer til at finde en lokal tilslutning i n\u00e6rheden af mig, er der ingen mangel p\u00e5 muligheder. Uanset om du leder efter et afslappet m\u00f8de eller noget lidt mere seri\u00f8st, er der helt sikkert nogen derude, der passer lige til dig.<\/p>\n<p>Det fantastiske ved internettet er, at det har \u00e5bnet en verden af dating og tilslutning til alle. Uanset hvor du bor, er der helt sikkert nogen i n\u00e6rheden, der leder efter det samme som dig. Alt du skal g\u00f8re er at s\u00e6tte dig selv derude og se, hvad der sker.<\/p>\n<p>Hvem ved, m\u00e5ske finder du bare dit livs k\u00e6rlighed. Eller i det mindste har du nogle gode historier at fort\u00e6lle dine venner.<\/p>\n<p>Der er mange datingwebsteder og apps derude, der tilbyder gratis lokale tilslutninger. Det betyder, at du kan bruge dem til at finde folk i dit omr\u00e5de, der leder efter det samme som dig. Alt du skal g\u00f8re er at oprette en profil og begynde at s\u00f8ge. Du kan ogs\u00e5 bruge disse websteder og apps til at chatte med folk i dit omr\u00e5de, der leder efter det samme som dig.<\/p>\n<h2>Lokale tilslutninger i n\u00e6rheden af mig<\/h2>\n<p>Der er masser af lokale tilslutningsmuligheder i n\u00e6rheden af mig, n\u00e5r det kommer til online dating. Du kan finde websteder og apps, der er specielt designet til at hj\u00e6lpe dig med at oprette forbindelse til andre singler i dit omr\u00e5de. Dette g\u00f8r det nemt at finde en dato eller tilslutning uden at skulle rejse meget langt. Der er ogs\u00e5 masser af mennesker, der bruger online dating som en m\u00e5de at m\u00f8de nye mennesker og f\u00e5 nye venner. Uanset om du leder efter en afslappet tilslutning eller et seri\u00f8st forhold, er der nogen derude for dig.<\/p>\n<h3>BbwCupid<\/h3>\n<p>BBWCupid er en af de mest popul\u00e6re dating apps til kurvede kvinder og m\u00e6nd, der elsker dem. Appen er gratis at downloade og bruge, og den tilbyder et premium-medlemskab for $ 9.99 \/ m\u00e5ned, der l\u00e5ser op for nogle ekstra funktioner.<\/p>\n<p>Appen er veldesignet og nem at bruge med en ren og moderne gr\u00e6nseflade. Det er ogs\u00e5 en af de f\u00e5 datingapps, der specifikt henvender sig til kurvede kvinder og deres beundrere.<\/p>\n<p>En ulempe er, at der ikke er mange brugere i mit omr\u00e5de, s\u00e5 det kan v\u00e6re sv\u00e6rt at finde kampe. Men alt i alt synes jeg, at BBWCupid er en fantastisk dating-app til kurvede kvinder og deres beundrere.<\/p>\n<h3>Masser af fisk<\/h3>\n<p>Hvis du leder efter et lokalt tilslutningssted, er Plenty of Fish en god mulighed. Det har en stor brugerbase og er nem at bruge. Det har dog ikke s\u00e5 mange funktioner som nogle af de andre websteder p\u00e5 denne liste.<\/p>\n<h3>Bumble<\/h3>\n<p>Bumble er en placeringsbaseret social og dating applikation, der letter kommunikationen mellem interesserede brugere. I heteroseksuelle matches kan kun kvindelige brugere indlede kontakt med mandlige brugere, mens i kampe af samme k\u00f8n kan hver deltager indlede kontakt. Brugere kan tilmelde sig ved hj\u00e6lp af deres telefonnummer eller Facebook-profil og har mulighed for at skjule deres alder, placering og navn for andre brugere. Bumble har hovedkontor i Austin, Texas, og har over 50 millioner brugere over hele verden.<\/p>\n<p>Appen er designet til at skabe meningsfulde forbindelser med m\u00e5let om \u00e6gteskab eller langsigtede forhold. Appen har en 4-stjernet vurdering i App Store, hvor brugerne roser dens brugervenlighed og sikkerhedsfunktioner. Nogle brugere har dog klaget over, at appen er for tilslutningsfokuseret, og at det er sv\u00e6rt at finde et seri\u00f8st forhold. Samlet set er Bumble en god mulighed for dem, der leder efter et seri\u00f8st forhold, eller bare en sjov og nem m\u00e5de at m\u00f8de nye mennesker p\u00e5.<\/p>\n<h3>Zoosk<\/h3>\n<p>Zoosk er en dating app, der giver dig mulighed for at se profiler af lokale singler i dit omr\u00e5de. Du kan ogs\u00e5 se billeder af lokale singler og se, hvem der er online nu. Appen har ogs\u00e5 en beskedfunktion, s\u00e5 du kan sende beskeder til dine kampe. Appen er gratis at downloade og bruge, men du kan opgradere til et betalt medlemskab for at l\u00e5se op for alle funktionerne. Appen er tilg\u00e6ngelig til iPhone og Android.<\/p>\n","protected":false},"excerpt":{"rendered":"<p>Der er mange lokale tilslutningssider , der kan hj\u00e6lpe dig med at finde nogen at tilslutte dig. Alt du skal g\u00f8re er at oprette en profil og begynde at s\u00f8ge efter nogen, der opfylder dine kriterier. At tilslutte sig nogen kan v\u00e6re en fantastisk m\u00e5de at have det sjovt og opleve nye ting, men det&#8230;<a class=\"read-more-link button\" href=\"https:\/\/theyoungmessiah.com\/da\/gratis-lokale-tilslutningssteder\/\">Read more<\/a><\/p>\n","protected":false},"author":1,"featured_media":0,"parent":0,"menu_order":0,"comment_status":"closed","ping_status":"closed","template":"","meta":[],"yoast_head":"<!-- This site is optimized with the Yoast SEO plugin v17.7.1 - https:\/\/yoast.com\/wordpress\/plugins\/seo\/ -->\n<title>Gratis lokale tilslutningssteder - Online Adult Dating<\/title>\n<meta name=\"robots\" content=\"index, follow, max-snippet:-1, max-image-preview:large, max-video-preview:-1\" \/>\n<link rel=\"canonical\" href=\"https:\/\/theyoungmessiah.com\/da\/gratis-lokale-tilslutningssteder\/\" \/>\n<meta property=\"og:locale\" content=\"da_DK\" \/>\n<meta property=\"og:type\" content=\"article\" \/>\n<meta property=\"og:title\" content=\"Gratis lokale tilslutningssteder - Online Adult Dating\" \/>\n<meta property=\"og:description\" content=\"Der er mange lokale tilslutningssider , der kan hj\u00e6lpe dig med at finde nogen at tilslutte dig. Alt du skal g\u00f8re er at oprette en profil og begynde at s\u00f8ge efter nogen, der opfylder dine kriterier. At tilslutte sig nogen kan v\u00e6re en fantastisk m\u00e5de at have det sjovt og opleve nye ting, men det...Read more\" \/>\n<meta property=\"og:url\" content=\"https:\/\/theyoungmessiah.com\/da\/gratis-lokale-tilslutningssteder\/\" \/>\n<meta property=\"og:site_name\" content=\"Online Adult Dating\" \/>\n<meta name=\"twitter:card\" content=\"summary_large_image\" \/>\n<meta name=\"twitter:label1\" content=\"Estimeret l\u00e6setid\" \/>\n\t<meta name=\"twitter:data1\" content=\"4 minutter\" \/>\n<script type=\"application\/ld+json\" class=\"yoast-schema-graph\">{\"@context\":\"https:\/\/schema.org\",\"@graph\":[{\"@type\":\"WebSite\",\"@id\":\"https:\/\/theyoungmessiah.com\/da\/#website\",\"url\":\"https:\/\/theyoungmessiah.com\/da\/\",\"name\":\"Online Adult Dating\",\"description\":\"Local Sex Hookups\",\"potentialAction\":[{\"@type\":\"SearchAction\",\"target\":{\"@type\":\"EntryPoint\",\"urlTemplate\":\"https:\/\/theyoungmessiah.com\/da\/?s={search_term_string}\"},\"query-input\":\"required name=search_term_string\"}],\"inLanguage\":\"da-DK\"},{\"@type\":\"WebPage\",\"@id\":\"https:\/\/theyoungmessiah.com\/da\/gratis-lokale-tilslutningssteder\/#webpage\",\"url\":\"https:\/\/theyoungmessiah.com\/da\/gratis-lokale-tilslutningssteder\/\",\"name\":\"Gratis lokale tilslutningssteder - Online Adult Dating\",\"isPartOf\":{\"@id\":\"https:\/\/theyoungmessiah.com\/da\/#website\"},\"datePublished\":\"2022-10-12T12:52:14+00:00\",\"dateModified\":\"2022-10-12T12:52:14+00:00\",\"breadcrumb\":{\"@id\":\"https:\/\/theyoungmessiah.com\/da\/gratis-lokale-tilslutningssteder\/#breadcrumb\"},\"inLanguage\":\"da-DK\",\"potentialAction\":[{\"@type\":\"ReadAction\",\"target\":[\"https:\/\/theyoungmessiah.com\/da\/gratis-lokale-tilslutningssteder\/\"]}]},{\"@type\":\"BreadcrumbList\",\"@id\":\"https:\/\/theyoungmessiah.com\/da\/gratis-lokale-tilslutningssteder\/#breadcrumb\",\"itemListElement\":[{\"@type\":\"ListItem\",\"position\":1,\"name\":\"Home\",\"item\":\"https:\/\/theyoungmessiah.com\/da\/\"},{\"@type\":\"ListItem\",\"position\":2,\"name\":\"Gratis lokale tilslutningssteder\"}]}]}<\/script>\n<!-- \/ Yoast SEO plugin. -->","yoast_head_json":{"title":"Gratis lokale tilslutningssteder - Online Adult Dating","robots":{"index":"index","follow":"follow","max-snippet":"max-snippet:-1","max-image-preview":"max-image-preview:large","max-video-preview":"max-video-preview:-1"},"canonical":"https:\/\/theyoungmessiah.com\/da\/gratis-lokale-tilslutningssteder\/","og_locale":"da_DK","og_type":"article","og_title":"Gratis lokale tilslutningssteder - Online Adult Dating","og_description":"Der er mange lokale tilslutningssider , der kan hj\u00e6lpe dig med at finde nogen at tilslutte dig. Alt du skal g\u00f8re er at oprette en profil og begynde at s\u00f8ge efter nogen, der opfylder dine kriterier. At tilslutte sig nogen kan v\u00e6re en fantastisk m\u00e5de at have det sjovt og opleve nye ting, men det...Read more","og_url":"https:\/\/theyoungmessiah.com\/da\/gratis-lokale-tilslutningssteder\/","og_site_name":"Online Adult Dating","twitter_card":"summary_large_image","twitter_misc":{"Estimeret l\u00e6setid":"4 minutter"},"schema":{"@context":"https:\/\/schema.org","@graph":[{"@type":"WebSite","@id":"https:\/\/theyoungmessiah.com\/da\/#website","url":"https:\/\/theyoungmessiah.com\/da\/","name":"Online Adult Dating","description":"Local Sex Hookups","potentialAction":[{"@type":"SearchAction","target":{"@type":"EntryPoint","urlTemplate":"https:\/\/theyoungmessiah.com\/da\/?s={search_term_string}"},"query-input":"required name=search_term_string"}],"inLanguage":"da-DK"},{"@type":"WebPage","@id":"https:\/\/theyoungmessiah.com\/da\/gratis-lokale-tilslutningssteder\/#webpage","url":"https:\/\/theyoungmessiah.com\/da\/gratis-lokale-tilslutningssteder\/","name":"Gratis lokale tilslutningssteder - Online Adult Dating","isPartOf":{"@id":"https:\/\/theyoungmessiah.com\/da\/#website"},"datePublished":"2022-10-12T12:52:14+00:00","dateModified":"2022-10-12T12:52:14+00:00","breadcrumb":{"@id":"https:\/\/theyoungmessiah.com\/da\/gratis-lokale-tilslutningssteder\/#breadcrumb"},"inLanguage":"da-DK","potentialAction":[{"@type":"ReadAction","target":["https:\/\/theyoungmessiah.com\/da\/gratis-lokale-tilslutningssteder\/"]}]},{"@type":"BreadcrumbList","@id":"https:\/\/theyoungmessiah.com\/da\/gratis-lokale-tilslutningssteder\/#breadcrumb","itemListElement":[{"@type":"ListItem","position":1,"name":"Home","item":"https:\/\/theyoungmessiah.com\/da\/"},{"@type":"ListItem","position":2,"name":"Gratis lokale tilslutningssteder"}]}]}},"_links":{"self":[{"href":"https:\/\/theyoungmessiah.com\/da\/wp-json\/wp\/v2\/pages\/227"}],"collection":[{"href":"https:\/\/theyoungmessiah.com\/da\/wp-json\/wp\/v2\/pages"}],"about":[{"href":"https:\/\/theyoungmessiah.com\/da\/wp-json\/wp\/v2\/types\/page"}],"author":[{"embeddable":true,"href":"https:\/\/theyoungmessiah.com\/da\/wp-json\/wp\/v2\/users\/1"}],"replies":[{"embeddable":true,"href":"https:\/\/theyoungmessiah.com\/da\/wp-json\/wp\/v2\/comments?post=227"}],"version-history":[{"count":0,"href":"https:\/\/theyoungmessiah.com\/da\/wp-json\/wp\/v2\/pages\/227\/revisions"}],"wp:attachment":[{"href":"https:\/\/theyoungmessiah.com\/da\/wp-json\/wp\/v2\/media?parent=227"}],"curies":[{"name":"wp","href":"https:\/\/api.w.org\/{rel}","templated":true}]}}