{"id":229,"date":"2022-10-12T13:52:31","date_gmt":"2022-10-12T12:52:31","guid":{"rendered":"http:\/\/theyoungmessiah.com\/senior-dating-apps\/"},"modified":"2022-10-12T13:52:31","modified_gmt":"2022-10-12T12:52:31","slug":"senior-dating-apps","status":"publish","type":"page","link":"https:\/\/theyoungmessiah.com\/da\/senior-dating-apps\/","title":{"rendered":"Senior Dating Apps"},"content":{"rendered":"<p>Der er et par forskellige senior dating apps, men den mest popul\u00e6re er Tinder. Tinder er en <a href=\"http:\/\/theyoungmessiah.com\/free-local-hookups-sites\/\">datingapp<\/a> , der giver brugerne mulighed for at swipe til venstre eller h\u00f8jre p\u00e5 potentielle matches. Hvis to brugere stryger til h\u00f8jre p\u00e5 hinanden, matches de og kan chatte. Tinder bruges mest til tilslutning, men det kan ogs\u00e5 bruges til dating.<\/p>\n<h2>Datingsider for over 40&#8217;erne<\/h2>\n<p>Der er mange datingsider for over 40&#8217;erne derude, s\u00e5 det kan v\u00e6re overv\u00e6ldende at pr\u00f8ve at beslutte, hvilken der passer til dig. Et godt sted at starte er ved at t\u00e6nke over, hvad du leder efter hos en partner. Vil du have nogen, der er sjov og afslappet? Nogen, der er seri\u00f8s og motiveret? N\u00e5r du ved, hvad du leder efter, kan du begynde at indsn\u00e6vre dine muligheder.<\/p>\n<p>En anden ting at overveje er, hvilken slags dating du er interesseret i. Leder du efter noget afslappet, eller er du interesseret i noget mere seri\u00f8st? Der er datingsider for begge typer forhold, s\u00e5 du bliver n\u00f8dt til at beslutte, hvilken der passer til dig.<\/p>\n<p>Hvis du er over 40 og single, er der ingen grund til at fortvivle. Der er masser af datingsider derude, der kan hj\u00e6lpe dig med at finde den perfekte partner. Bare tag dig god tid, lav din research, s\u00e5 finder du den, der passer til dig.<\/p>\n<h2>Gratis senior dating sites<\/h2>\n<p>Der er masser af gratis senior dating sites tilg\u00e6ngelige online, men ikke alle af dem er v\u00e6rd at bruge tid p\u00e5. De bedste gratis senior dating sites er dem, der giver dig chancen for at m\u00f8de nye mennesker, opbygge relationer og m\u00e5ske endda finde k\u00e6rlighed. For at finde de bedste gratis senior dating sites, skal du s\u00f8rge for, at de har en stor brugerbase, tilbyder masser af funktioner og har et positivt ry. Med s\u00e5 mange gratis senior dating sites at v\u00e6lge imellem, er det vigtigt at finde den, der passer til dig.<\/p>\n<p>Der er mange grunde til, at folk m\u00e5ske v\u00e6lger at date senere i livet. M\u00e5ske er de mere modne og har en bedre id\u00e9 om, hvad de leder efter i et forhold. M\u00e5ske har de v\u00e6ret igennem en skilsmisse eller haft en anden livserfaring, der har gjort dem mere forsigtige med at blive involveret med nogen. Uanset \u00e5rsagen er der masser af modne singler derude, der bruger online dating sites til at finde k\u00e6rlighed og kammeratskab.<\/p>\n<p>Hvis du overvejer at pr\u00f8ve online dating, er det vigtigt at v\u00e6lge et websted, der er rettet mod modne singler. Du vil gerne kigge efter et websted, der har en stor og aktiv medlemsbase samt et robust s\u00e6t funktioner og sikkerhedsforanstaltninger. Og selvf\u00f8lgelig vil du sikre dig, at det websted, du v\u00e6lger, er et, du f\u00f8ler dig godt tilpas med at bruge.<\/p>\n<p>Med en lille smule forskning b\u00f8r du v\u00e6re i stand til at finde en online datingside, der er perfekt til dig. Og hvem ved, m\u00e5ske finder du bare dit livs k\u00e6rlighed.<\/p>\n<h3>LuckyCrush<\/h3>\n<p>Hvis du leder efter en senior dating app, der er Luck-baseret, LuckyCrush er en god mulighed. Det er en gratis app, der matcher dig med andre brugere baseret p\u00e5 din placering, og du kan chatte med dem, hvis I begge er interesserede. Appen har ogs\u00e5 en 4-stjernet vurdering i App Store, s\u00e5 det er bestemt v\u00e6rd at tjekke ud.<\/p>\n<h3>OneNightFriend<\/h3>\n<p>Hvis du leder efter en senior dating app, oneNightFriend er en god mulighed. Det er let at bruge og har mange funktioner, der g\u00f8r det til et godt valg for seniorer. Appen er gratis at downloade og bruge, og den er tilg\u00e6ngelig p\u00e5 b\u00e5de iOS- og Android-enheder. OneNightFriend er en fantastisk m\u00e5de at m\u00f8de nye mennesker og finde potentielle matches. Appen er nem at bruge og har mange funktioner, der g\u00f8r den til et godt valg for seniorer. OneNightFriend er en fantastisk m\u00e5de at m\u00f8de nye mennesker og finde potentielle matches.<\/p>\n<h3>XPickup<\/h3>\n<p>XPickup er en ny dating app, der er specielt designet til seniorer. Den er tilg\u00e6ngelig gratis i App Store og Google Play. Appen har en enkel og brugervenlig gr\u00e6nseflade. Brugere kan oprette en profil og tilf\u00f8je fotos. De kan derefter s\u00f8ge efter andre seniorer, der leder efter en dato. XPickup tilbyder ogs\u00e5 en chatfunktion, s\u00e5 brugerne kan kommunikere med hinanden. Appen er tryg og sikker, og den er nem at bruge. Samlet set er XPickup en fantastisk datingapp til seniorer.<\/p>\n<h3>BoneAMilf<\/h3>\n<p>Hvis du leder efter en datingapp specielt designet til \u00e6ldre voksne, b\u00f8r du helt sikkert tjekke BoneAMilf. Denne app er fyldt med funktioner, der g\u00f8r det nemt at finde og oprette forbindelse til potentielle kampe, og den har ogs\u00e5 en fantastisk brugergr\u00e6nseflade.<\/p>\n<p>En af de bedste ting ved BoneAMilf er, at den tilbyder en bred vifte af s\u00f8gemuligheder, s\u00e5 du nemt kan finde folk, der opfylder dine specifikke kriterier. Du kan ogs\u00e5 bruge appen til at se profiler for andre brugere og se, hvem der i \u00f8jeblikket er online.<\/p>\n<p>Appen har ogs\u00e5 et indbygget beskedsystem, s\u00e5 du nemt kan chatte med potentielle kampe. Samlet set er BoneAMilf en god mulighed for \u00e6ldre voksne, der leder efter en datingapp, der er nem at bruge og fyldt med funktioner.<\/p>\n","protected":false},"excerpt":{"rendered":"<p>Der er et par forskellige senior dating apps, men den mest popul\u00e6re er Tinder. Tinder er en datingapp , der giver brugerne mulighed for at swipe til venstre eller h\u00f8jre p\u00e5 potentielle matches. Hvis to brugere stryger til h\u00f8jre p\u00e5 hinanden, matches de og kan chatte. Tinder bruges mest til tilslutning, men det kan ogs\u00e5&#8230;<a class=\"read-more-link button\" href=\"https:\/\/theyoungmessiah.com\/da\/senior-dating-apps\/\">Read more<\/a><\/p>\n","protected":false},"author":1,"featured_media":0,"parent":0,"menu_order":0,"comment_status":"closed","ping_status":"closed","template":"","meta":[],"yoast_head":"<!-- This site is optimized with the Yoast SEO plugin v17.7.1 - https:\/\/yoast.com\/wordpress\/plugins\/seo\/ -->\n<title>Senior Dating Apps - Online Adult Dating<\/title>\n<meta name=\"robots\" content=\"index, follow, max-snippet:-1, max-image-preview:large, max-video-preview:-1\" \/>\n<link rel=\"canonical\" href=\"https:\/\/theyoungmessiah.com\/da\/senior-dating-apps\/\" \/>\n<meta property=\"og:locale\" content=\"da_DK\" \/>\n<meta property=\"og:type\" content=\"article\" \/>\n<meta property=\"og:title\" content=\"Senior Dating Apps - Online Adult Dating\" \/>\n<meta property=\"og:description\" content=\"Der er et par forskellige senior dating apps, men den mest popul\u00e6re er Tinder. Tinder er en datingapp , der giver brugerne mulighed for at swipe til venstre eller h\u00f8jre p\u00e5 potentielle matches. Hvis to brugere stryger til h\u00f8jre p\u00e5 hinanden, matches de og kan chatte. Tinder bruges mest til tilslutning, men det kan ogs\u00e5...Read more\" \/>\n<meta property=\"og:url\" content=\"https:\/\/theyoungmessiah.com\/da\/senior-dating-apps\/\" \/>\n<meta property=\"og:site_name\" content=\"Online Adult Dating\" \/>\n<meta name=\"twitter:card\" content=\"summary_large_image\" \/>\n<meta name=\"twitter:label1\" content=\"Estimeret l\u00e6setid\" \/>\n\t<meta name=\"twitter:data1\" content=\"4 minutter\" \/>\n<script type=\"application\/ld+json\" class=\"yoast-schema-graph\">{\"@context\":\"https:\/\/schema.org\",\"@graph\":[{\"@type\":\"WebSite\",\"@id\":\"https:\/\/theyoungmessiah.com\/da\/#website\",\"url\":\"https:\/\/theyoungmessiah.com\/da\/\",\"name\":\"Online Adult Dating\",\"description\":\"Local Sex Hookups\",\"potentialAction\":[{\"@type\":\"SearchAction\",\"target\":{\"@type\":\"EntryPoint\",\"urlTemplate\":\"https:\/\/theyoungmessiah.com\/da\/?s={search_term_string}\"},\"query-input\":\"required name=search_term_string\"}],\"inLanguage\":\"da-DK\"},{\"@type\":\"WebPage\",\"@id\":\"https:\/\/theyoungmessiah.com\/da\/senior-dating-apps\/#webpage\",\"url\":\"https:\/\/theyoungmessiah.com\/da\/senior-dating-apps\/\",\"name\":\"Senior Dating Apps - Online Adult Dating\",\"isPartOf\":{\"@id\":\"https:\/\/theyoungmessiah.com\/da\/#website\"},\"datePublished\":\"2022-10-12T12:52:31+00:00\",\"dateModified\":\"2022-10-12T12:52:31+00:00\",\"breadcrumb\":{\"@id\":\"https:\/\/theyoungmessiah.com\/da\/senior-dating-apps\/#breadcrumb\"},\"inLanguage\":\"da-DK\",\"potentialAction\":[{\"@type\":\"ReadAction\",\"target\":[\"https:\/\/theyoungmessiah.com\/da\/senior-dating-apps\/\"]}]},{\"@type\":\"BreadcrumbList\",\"@id\":\"https:\/\/theyoungmessiah.com\/da\/senior-dating-apps\/#breadcrumb\",\"itemListElement\":[{\"@type\":\"ListItem\",\"position\":1,\"name\":\"Home\",\"item\":\"https:\/\/theyoungmessiah.com\/da\/\"},{\"@type\":\"ListItem\",\"position\":2,\"name\":\"Senior Dating Apps\"}]}]}<\/script>\n<!-- \/ Yoast SEO plugin. -->","yoast_head_json":{"title":"Senior Dating Apps - Online Adult Dating","robots":{"index":"index","follow":"follow","max-snippet":"max-snippet:-1","max-image-preview":"max-image-preview:large","max-video-preview":"max-video-preview:-1"},"canonical":"https:\/\/theyoungmessiah.com\/da\/senior-dating-apps\/","og_locale":"da_DK","og_type":"article","og_title":"Senior Dating Apps - Online Adult Dating","og_description":"Der er et par forskellige senior dating apps, men den mest popul\u00e6re er Tinder. Tinder er en datingapp , der giver brugerne mulighed for at swipe til venstre eller h\u00f8jre p\u00e5 potentielle matches. Hvis to brugere stryger til h\u00f8jre p\u00e5 hinanden, matches de og kan chatte. Tinder bruges mest til tilslutning, men det kan ogs\u00e5...Read more","og_url":"https:\/\/theyoungmessiah.com\/da\/senior-dating-apps\/","og_site_name":"Online Adult Dating","twitter_card":"summary_large_image","twitter_misc":{"Estimeret l\u00e6setid":"4 minutter"},"schema":{"@context":"https:\/\/schema.org","@graph":[{"@type":"WebSite","@id":"https:\/\/theyoungmessiah.com\/da\/#website","url":"https:\/\/theyoungmessiah.com\/da\/","name":"Online Adult Dating","description":"Local Sex Hookups","potentialAction":[{"@type":"SearchAction","target":{"@type":"EntryPoint","urlTemplate":"https:\/\/theyoungmessiah.com\/da\/?s={search_term_string}"},"query-input":"required name=search_term_string"}],"inLanguage":"da-DK"},{"@type":"WebPage","@id":"https:\/\/theyoungmessiah.com\/da\/senior-dating-apps\/#webpage","url":"https:\/\/theyoungmessiah.com\/da\/senior-dating-apps\/","name":"Senior Dating Apps - Online Adult Dating","isPartOf":{"@id":"https:\/\/theyoungmessiah.com\/da\/#website"},"datePublished":"2022-10-12T12:52:31+00:00","dateModified":"2022-10-12T12:52:31+00:00","breadcrumb":{"@id":"https:\/\/theyoungmessiah.com\/da\/senior-dating-apps\/#breadcrumb"},"inLanguage":"da-DK","potentialAction":[{"@type":"ReadAction","target":["https:\/\/theyoungmessiah.com\/da\/senior-dating-apps\/"]}]},{"@type":"BreadcrumbList","@id":"https:\/\/theyoungmessiah.com\/da\/senior-dating-apps\/#breadcrumb","itemListElement":[{"@type":"ListItem","position":1,"name":"Home","item":"https:\/\/theyoungmessiah.com\/da\/"},{"@type":"ListItem","position":2,"name":"Senior Dating Apps"}]}]}},"_links":{"self":[{"href":"https:\/\/theyoungmessiah.com\/da\/wp-json\/wp\/v2\/pages\/229"}],"collection":[{"href":"https:\/\/theyoungmessiah.com\/da\/wp-json\/wp\/v2\/pages"}],"about":[{"href":"https:\/\/theyoungmessiah.com\/da\/wp-json\/wp\/v2\/types\/page"}],"author":[{"embeddable":true,"href":"https:\/\/theyoungmessiah.com\/da\/wp-json\/wp\/v2\/users\/1"}],"replies":[{"embeddable":true,"href":"https:\/\/theyoungmessiah.com\/da\/wp-json\/wp\/v2\/comments?post=229"}],"version-history":[{"count":0,"href":"https:\/\/theyoungmessiah.com\/da\/wp-json\/wp\/v2\/pages\/229\/revisions"}],"wp:attachment":[{"href":"https:\/\/theyoungmessiah.com\/da\/wp-json\/wp\/v2\/media?parent=229"}],"curies":[{"name":"wp","href":"https:\/\/api.w.org\/{rel}","templated":true}]}}