{"id":248,"date":"2022-10-12T13:51:18","date_gmt":"2022-10-12T12:51:18","guid":{"rendered":"http:\/\/theyoungmessiah.com\/liderlige-mennesker-i-naerheden-af-mig\/"},"modified":"2022-10-12T13:51:18","modified_gmt":"2022-10-12T12:51:18","slug":"liderlige-mennesker-i-naerheden-af-mig","status":"publish","type":"page","link":"https:\/\/theyoungmessiah.com\/da\/liderlige-mennesker-i-naerheden-af-mig\/","title":{"rendered":"Liderlige mennesker i n\u00e6rheden af mig"},"content":{"rendered":"<p>Der er masser af liderlige mennesker i n\u00e6rheden af dig, hvis du \u00f8nsker at tilslutte dig. Den bedste m\u00e5de at finde dem p\u00e5 er at bruge en dating- eller tilslutningsapp som Tinder, Bumble eller Grindr. Du kan ogs\u00e5 pr\u00f8ve at g\u00e5 til popul\u00e6re barer eller klubber i dit omr\u00e5de. Hvis du k\u00e6mper for at finde nogen, kan du altid sp\u00f8rge dine venner, om de kender nogen, der kunne v\u00e6re interesserede.<\/p>\n<p><a href=\"http:\/\/theyoungmessiah.com\/local-women-looking-for-sex\/\">Liderlige kvinder<\/a> kan findes over hele internettet, og de er normalt nede for at chatte om alt og alt. Men n\u00e5r det kommer til dating, er der et par ting, du skal huske p\u00e5. For det f\u00f8rste er liderlige kvinder ofte meget fremadrettede, s\u00e5 det skal du v\u00e6re forberedt p\u00e5. For det andet leder de normalt efter en hurtig tilslutning, s\u00e5 forvent ikke noget for alvorligt. Endelig er liderlige kvinder ofte ret vilde i sengen, s\u00e5 v\u00e6r forberedt p\u00e5 en god tid!<\/p>\n<h2>M\u00f8de liderlige piger<\/h2>\n<p>Der er ikke noget som at m\u00f8de en l\u00e6kker pige online og vide, at hun er lige s\u00e5 liderlig som dig. Det er en fantastisk m\u00e5de at l\u00e6re nogen at kende p\u00e5 og komme afsted p\u00e5 samme tid. Bare s\u00f8rg for at v\u00e6re sikker og bruge et velrenommeret websted.<\/p>\n<p>Der er masser af liderlige kvinder i n\u00e6rheden af mig og over hele landet, der leder efter en fyr ligesom dig. Du kan finde dem online p\u00e5 et vilk\u00e5rligt antal datingwebsteder. Alt du skal g\u00f8re er at oprette en profil, l\u00e6gge et par billeder op og begynde at sende beskeder. Kvinderne p\u00e5 disse websteder er normalt \u00e5bne for at m\u00f8des til afslappet sex, s\u00e5 du b\u00f8r ikke have problemer med at finde nogen at tilslutte dig.<\/p>\n<h3>Chat Avenue<\/h3>\n<p>Hvis du leder efter en datingapp, der hj\u00e6lper dig med at finde liderlige mennesker i n\u00e6rheden af dig, er Chat Avenue en god mulighed. Appen har en stor brugerbase, s\u00e5 du vil sandsynligvis finde nogen, der er interesseret i at tilslutte sig. Appen er gratis at downloade og bruge, og det er nemt at tilmelde sig og begynde at chatte med folk. Appen er dog ikke uden sine fejl. Nogle brugere har rapporteret, at appen er buggy og ofte g\u00e5r ned. Derudover har appen ikke mange funktioner, s\u00e5 den er ikke s\u00e5 omfattende som nogle af de andre datingapps derude. Samlet set er Chat Avenue en anst\u00e6ndig mulighed for at finde liderlige mennesker at tilslutte sig.<\/p>\n<h3>Zoosk<\/h3>\n<p>Hvis du leder efter en datingapp, der g\u00f8r det nemt at tilslutte sig lokale singler, s\u00e5 er Zoosk et godt valg. Med over 30 millioner medlemmer er det en af de mest popul\u00e6re datingapps, der findes. Og det er is\u00e6r popul\u00e6rt blandt liderlige mennesker i n\u00e6rheden af mig.<\/p>\n<p>Zoosk-appen er gratis at downloade og bruge, og den er ret nem at bruge. Du skal bare oprette en profil, uploade et billede og begynde at s\u00f8ge efter lokale singler. Du kan filtrere din s\u00f8gning efter placering, alder og interesser, og du kan sende beskeder til alle, der fanger dit \u00f8je.<\/p>\n<p>Den eneste ulempe ved Zoosk er, at det ikke er s\u00e5 popul\u00e6rt som nogle af de andre datingapps derude, s\u00e5 du har m\u00e5ske sv\u00e6rere ved at finde kampe. Men hvis du leder efter en hurtig tilslutning, er det bestemt et fors\u00f8g v\u00e6rd.<\/p>\n<h3>Fling.com<\/h3>\n<p>Fling.com er en dating app, der giver dig mulighed for at finde liderlige mennesker i n\u00e6rheden af dig. Appen er gratis at downloade og bruge, og den tilbyder en r\u00e6kke funktioner, der hj\u00e6lper dig med at finde et match. Du kan s\u00f8ge efter brugere efter placering, alder og k\u00f8n, og du kan sende dem en besked for at starte en samtale. Appen indeholder ogs\u00e5 en &#8220;fling finder&#8221; -funktion, der giver dig mulighed for at finde brugere, der leder efter en fling. Samlet set er appen en fantastisk m\u00e5de at m\u00f8de nye mennesker og blive lagt p\u00e5.<\/p>\n<h3>Bumble<\/h3>\n<p>Bumble er en dating app, der giver dig mulighed for at finde potentielle datoer i n\u00e6rheden af dig. Det ligner andre dating apps som Tinder og OkCupid, men det har et par vigtige forskelle. For det f\u00f8rste er kvinder i kontrol. De skal tage det f\u00f8rste skridt, og de kan kun sende beskeder til m\u00e6nd, som de har matchet med. For det andet er appen rettet mod mere seri\u00f8se forhold. Det er ikke s\u00e5 afslappet som Tinder, og du er mere tilb\u00f8jelig til at finde nogen, der leder efter et langsigtet forhold. Samlet set er Bumble en fantastisk datingapp til kvinder, der \u00f8nsker at v\u00e6re i kontrol og for folk, der leder efter mere seri\u00f8se forhold.<\/p>\n","protected":false},"excerpt":{"rendered":"<p>Der er masser af liderlige mennesker i n\u00e6rheden af dig, hvis du \u00f8nsker at tilslutte dig. Den bedste m\u00e5de at finde dem p\u00e5 er at bruge en dating- eller tilslutningsapp som Tinder, Bumble eller Grindr. Du kan ogs\u00e5 pr\u00f8ve at g\u00e5 til popul\u00e6re barer eller klubber i dit omr\u00e5de. Hvis du k\u00e6mper for at finde&#8230;<a class=\"read-more-link button\" href=\"https:\/\/theyoungmessiah.com\/da\/liderlige-mennesker-i-naerheden-af-mig\/\">Read more<\/a><\/p>\n","protected":false},"author":1,"featured_media":0,"parent":0,"menu_order":0,"comment_status":"closed","ping_status":"closed","template":"","meta":[],"yoast_head":"<!-- This site is optimized with the Yoast SEO plugin v17.7.1 - https:\/\/yoast.com\/wordpress\/plugins\/seo\/ -->\n<title>Liderlige mennesker i n\u00e6rheden af mig - Online Adult Dating<\/title>\n<meta name=\"robots\" content=\"index, follow, max-snippet:-1, max-image-preview:large, max-video-preview:-1\" \/>\n<link rel=\"canonical\" href=\"https:\/\/theyoungmessiah.com\/da\/liderlige-mennesker-i-naerheden-af-mig\/\" \/>\n<meta property=\"og:locale\" content=\"da_DK\" \/>\n<meta property=\"og:type\" content=\"article\" \/>\n<meta property=\"og:title\" content=\"Liderlige mennesker i n\u00e6rheden af mig - Online Adult Dating\" \/>\n<meta property=\"og:description\" content=\"Der er masser af liderlige mennesker i n\u00e6rheden af dig, hvis du \u00f8nsker at tilslutte dig. Den bedste m\u00e5de at finde dem p\u00e5 er at bruge en dating- eller tilslutningsapp som Tinder, Bumble eller Grindr. Du kan ogs\u00e5 pr\u00f8ve at g\u00e5 til popul\u00e6re barer eller klubber i dit omr\u00e5de. Hvis du k\u00e6mper for at finde...Read more\" \/>\n<meta property=\"og:url\" content=\"https:\/\/theyoungmessiah.com\/da\/liderlige-mennesker-i-naerheden-af-mig\/\" \/>\n<meta property=\"og:site_name\" content=\"Online Adult Dating\" \/>\n<meta name=\"twitter:card\" content=\"summary_large_image\" \/>\n<meta name=\"twitter:label1\" content=\"Estimeret l\u00e6setid\" \/>\n\t<meta name=\"twitter:data1\" content=\"4 minutter\" \/>\n<script type=\"application\/ld+json\" class=\"yoast-schema-graph\">{\"@context\":\"https:\/\/schema.org\",\"@graph\":[{\"@type\":\"WebSite\",\"@id\":\"https:\/\/theyoungmessiah.com\/da\/#website\",\"url\":\"https:\/\/theyoungmessiah.com\/da\/\",\"name\":\"Online Adult Dating\",\"description\":\"Local Sex Hookups\",\"potentialAction\":[{\"@type\":\"SearchAction\",\"target\":{\"@type\":\"EntryPoint\",\"urlTemplate\":\"https:\/\/theyoungmessiah.com\/da\/?s={search_term_string}\"},\"query-input\":\"required name=search_term_string\"}],\"inLanguage\":\"da-DK\"},{\"@type\":\"WebPage\",\"@id\":\"https:\/\/theyoungmessiah.com\/da\/liderlige-mennesker-i-naerheden-af-mig\/#webpage\",\"url\":\"https:\/\/theyoungmessiah.com\/da\/liderlige-mennesker-i-naerheden-af-mig\/\",\"name\":\"Liderlige mennesker i n\\u00e6rheden af mig - Online Adult Dating\",\"isPartOf\":{\"@id\":\"https:\/\/theyoungmessiah.com\/da\/#website\"},\"datePublished\":\"2022-10-12T12:51:18+00:00\",\"dateModified\":\"2022-10-12T12:51:18+00:00\",\"breadcrumb\":{\"@id\":\"https:\/\/theyoungmessiah.com\/da\/liderlige-mennesker-i-naerheden-af-mig\/#breadcrumb\"},\"inLanguage\":\"da-DK\",\"potentialAction\":[{\"@type\":\"ReadAction\",\"target\":[\"https:\/\/theyoungmessiah.com\/da\/liderlige-mennesker-i-naerheden-af-mig\/\"]}]},{\"@type\":\"BreadcrumbList\",\"@id\":\"https:\/\/theyoungmessiah.com\/da\/liderlige-mennesker-i-naerheden-af-mig\/#breadcrumb\",\"itemListElement\":[{\"@type\":\"ListItem\",\"position\":1,\"name\":\"Home\",\"item\":\"https:\/\/theyoungmessiah.com\/da\/\"},{\"@type\":\"ListItem\",\"position\":2,\"name\":\"Liderlige mennesker i n\\u00e6rheden af mig\"}]}]}<\/script>\n<!-- \/ Yoast SEO plugin. -->","yoast_head_json":{"title":"Liderlige mennesker i n\u00e6rheden af mig - Online Adult Dating","robots":{"index":"index","follow":"follow","max-snippet":"max-snippet:-1","max-image-preview":"max-image-preview:large","max-video-preview":"max-video-preview:-1"},"canonical":"https:\/\/theyoungmessiah.com\/da\/liderlige-mennesker-i-naerheden-af-mig\/","og_locale":"da_DK","og_type":"article","og_title":"Liderlige mennesker i n\u00e6rheden af mig - Online Adult Dating","og_description":"Der er masser af liderlige mennesker i n\u00e6rheden af dig, hvis du \u00f8nsker at tilslutte dig. Den bedste m\u00e5de at finde dem p\u00e5 er at bruge en dating- eller tilslutningsapp som Tinder, Bumble eller Grindr. Du kan ogs\u00e5 pr\u00f8ve at g\u00e5 til popul\u00e6re barer eller klubber i dit omr\u00e5de. Hvis du k\u00e6mper for at finde...Read more","og_url":"https:\/\/theyoungmessiah.com\/da\/liderlige-mennesker-i-naerheden-af-mig\/","og_site_name":"Online Adult Dating","twitter_card":"summary_large_image","twitter_misc":{"Estimeret l\u00e6setid":"4 minutter"},"schema":{"@context":"https:\/\/schema.org","@graph":[{"@type":"WebSite","@id":"https:\/\/theyoungmessiah.com\/da\/#website","url":"https:\/\/theyoungmessiah.com\/da\/","name":"Online Adult Dating","description":"Local Sex Hookups","potentialAction":[{"@type":"SearchAction","target":{"@type":"EntryPoint","urlTemplate":"https:\/\/theyoungmessiah.com\/da\/?s={search_term_string}"},"query-input":"required name=search_term_string"}],"inLanguage":"da-DK"},{"@type":"WebPage","@id":"https:\/\/theyoungmessiah.com\/da\/liderlige-mennesker-i-naerheden-af-mig\/#webpage","url":"https:\/\/theyoungmessiah.com\/da\/liderlige-mennesker-i-naerheden-af-mig\/","name":"Liderlige mennesker i n\u00e6rheden af mig - Online Adult Dating","isPartOf":{"@id":"https:\/\/theyoungmessiah.com\/da\/#website"},"datePublished":"2022-10-12T12:51:18+00:00","dateModified":"2022-10-12T12:51:18+00:00","breadcrumb":{"@id":"https:\/\/theyoungmessiah.com\/da\/liderlige-mennesker-i-naerheden-af-mig\/#breadcrumb"},"inLanguage":"da-DK","potentialAction":[{"@type":"ReadAction","target":["https:\/\/theyoungmessiah.com\/da\/liderlige-mennesker-i-naerheden-af-mig\/"]}]},{"@type":"BreadcrumbList","@id":"https:\/\/theyoungmessiah.com\/da\/liderlige-mennesker-i-naerheden-af-mig\/#breadcrumb","itemListElement":[{"@type":"ListItem","position":1,"name":"Home","item":"https:\/\/theyoungmessiah.com\/da\/"},{"@type":"ListItem","position":2,"name":"Liderlige mennesker i n\u00e6rheden af mig"}]}]}},"_links":{"self":[{"href":"https:\/\/theyoungmessiah.com\/da\/wp-json\/wp\/v2\/pages\/248"}],"collection":[{"href":"https:\/\/theyoungmessiah.com\/da\/wp-json\/wp\/v2\/pages"}],"about":[{"href":"https:\/\/theyoungmessiah.com\/da\/wp-json\/wp\/v2\/types\/page"}],"author":[{"embeddable":true,"href":"https:\/\/theyoungmessiah.com\/da\/wp-json\/wp\/v2\/users\/1"}],"replies":[{"embeddable":true,"href":"https:\/\/theyoungmessiah.com\/da\/wp-json\/wp\/v2\/comments?post=248"}],"version-history":[{"count":0,"href":"https:\/\/theyoungmessiah.com\/da\/wp-json\/wp\/v2\/pages\/248\/revisions"}],"wp:attachment":[{"href":"https:\/\/theyoungmessiah.com\/da\/wp-json\/wp\/v2\/media?parent=248"}],"curies":[{"name":"wp","href":"https:\/\/api.w.org\/{rel}","templated":true}]}}