{"id":251,"date":"2022-10-12T13:51:02","date_gmt":"2022-10-12T12:51:02","guid":{"rendered":"http:\/\/theyoungmessiah.com\/lokale-kvinder-paa-udkig-efter-sex\/"},"modified":"2022-10-12T13:51:02","modified_gmt":"2022-10-12T12:51:02","slug":"lokale-kvinder-paa-udkig-efter-sex","status":"publish","type":"page","link":"https:\/\/theyoungmessiah.com\/da\/lokale-kvinder-paa-udkig-efter-sex\/","title":{"rendered":"Lokale kvinder p\u00e5 udkig efter sex"},"content":{"rendered":"<p>Lokale kvinder, der leder efter sex, er ofte villige til at tilslutte sig m\u00e6nd, de m\u00f8der online. Der er en r\u00e6kke websteder og apps, der im\u00f8dekommer denne demografiske, hvilket g\u00f8r det nemt at oprette forbindelse til potentielle partnere. I mange tilf\u00e6lde leder disse kvinder simpelthen efter en fysisk forbindelse og er ikke interesseret i noget mere. Der er dog ogs\u00e5 nogle kvinder, der leder efter et mere seri\u00f8st forhold. Disse kvinder kan v\u00e6re sv\u00e6rere at finde, men de er derude. Den bedste m\u00e5de at finde dem p\u00e5 er at bruge et datingside eller en app, der giver dig mulighed for at s\u00f8ge efter kvinder, der leder efter <a href=\"http:\/\/theyoungmessiah.com\/date-in-your-area\/\">noget mere end bare en tilslutning<\/a>.<\/p>\n<h2>Kvinder, der vil kneppe<\/h2>\n<p>Der er ikke noget galt med at ville kneppe, og der er masser af kvinder derude, der har det p\u00e5 samme m\u00e5de. N\u00f8glen er at finde nogen, der deler dine \u00f8nsker, og som du er kompatibel med.<\/p>\n<p>Der er et par ting at huske p\u00e5, n\u00e5r du leder efter en kneppekammerat.<\/p>\n<ul>\n<li>F\u00f8rst skal du s\u00f8rge for, at du er p\u00e5 samme side om, hvad du leder efter. Der er ingen mening i at blive involveret med nogen, hvis du ikke er p\u00e5 samme side om, hvad du laver.<\/li>\n<li>For det andet skal du s\u00f8rge for, at I begge er komfortable med hinanden. Hvis I ikke er trygge ved hinanden, bliver det ikke et godt tidspunkt.<\/li>\n<li>For det tredje er kommunikation n\u00f8glen. S\u00f8rg for, at I begge kommunikerer, hvad I \u00f8nsker og har brug for fra forholdet. Hvis du ikke er p\u00e5 samme side, fungerer det ikke.<\/li>\n<li>Endelig skal du ikke v\u00e6re bange for at eksperimentere. Hvis du ikke er sikker p\u00e5, hvad du vil, kan du pr\u00f8ve forskellige ting og se, hvad der fungerer for dig. Der er ingen rigtig m\u00e5de at g\u00f8re tingene p\u00e5, s\u00e5 v\u00e6r ikke bange for at udforske.<\/li>\n<\/ul>\n<p>Der er mange m\u00e5der at m\u00f8de liderlige kvinder i n\u00e6rheden af dig, men den mest popul\u00e6re m\u00e5de er bestemt online dating. Dette skyldes, at online dating giver dig mange flere muligheder og meget mere fleksibilitet, n\u00e5r det kommer til at v\u00e6lge, hvem du vil m\u00f8de. Du kan ogs\u00e5 bruge online dating til at finde kvinder, der leder efter det samme som dig, hvilket er meget lettere end at pr\u00f8ve at hente dem personligt.<\/p>\n<h2>M\u00f8d lokale kvinder til sex<\/h2>\n<p>Der er mange websteder, der giver dig mulighed for at m\u00f8de lokale kvinder til sex. Du kan bruge disse websteder til at finde kvinder, der leder efter sex i dit omr\u00e5de. Du kan ogs\u00e5 bruge disse websteder til at finde kvinder, der leder efter et forhold. Du kan bruge disse websteder til at finde kvinder, der leder efter et engangsknald. Du kan bruge disse websteder til at finde kvinder, der leder efter et afslappet m\u00f8de.<\/p>\n<h3>Zoosk<\/h3>\n<p>Zoosk er en dating app, der giver dig mulighed for at oprette forbindelse til lokale kvinder p\u00e5 udkig efter sex. Appen er nem at bruge og har en r\u00e6kke funktioner, der g\u00f8r den til en god mulighed for dem, der leder efter en afslappet tilslutning eller et mere seri\u00f8st forhold. Appen har ogs\u00e5 en stor brugerbase, hvilket betyder, at du er mere tilb\u00f8jelig til at finde nogen, der passer godt til dig.<\/p>\n<h3>Milfaholic<\/h3>\n<p>Der er mange dating apps derude, men Milfaholic er en af de eneste, der er specielt designet til \u00e6ldre kvinder og yngre m\u00e6nd. Denne app er perfekt til alle, der leder efter et uforpligtende forhold til en varm \u00e6ldre kvinde. Tilmeldingsprocessen er hurtig og nem, og du kan begynde at sende beskeder til kvinder med det samme. Kvinderne p\u00e5 Milfaholic er alle lokale, s\u00e5 du kan v\u00e6re sikker p\u00e5 at finde nogen i dit omr\u00e5de. Og hvis du leder efter noget lidt mere langsigtet, kan du ogs\u00e5 bruge Milfaholic til at finde \u00e6ldre kvinder, der er interesserede i at date yngre m\u00e6nd.<\/p>\n<h3>Flingster<\/h3>\n<p>Hvis du leder efter en fling eller en tilslutning, er Flingster bestemt datingappen for dig. Appen er utrolig nem at bruge, og det er gratis at tilmelde sig. Du kan gennemse lokale profiler og sende beskeder til alle, du er interesseret i. Appen er ogs\u00e5 meget popul\u00e6r blandt lokale kvinder, der leder efter sex. S\u00f8gefunktionen er meget brugervenlig, og du kan filtrere efter placering, alder og interesser. Samlet set er Flingster en god mulighed for alle, der leder efter en afslappet tilslutning eller en fling.<\/p>\n<h3>ComeWithYou<\/h3>\n<p>ComeWithYou er en ny dating app, der f\u00e5r en masse buzz. Appen er designet til at hj\u00e6lpe kvinder med at finde lokale m\u00e6nd til afslappet sex. Appen er meget nem at bruge, og det tager kun et par sekunder at tilmelde sig. Appen er gratis at downloade, og den er tilg\u00e6ngelig til b\u00e5de iOS og Android. ComeWithYou er en god mulighed for kvinder, der leder efter afslappet sex. Appen er meget nem at bruge, og den er gratis at downloade. Appen er ogs\u00e5 tilg\u00e6ngelig til b\u00e5de iOS og Android.<\/p>\n","protected":false},"excerpt":{"rendered":"<p>Lokale kvinder, der leder efter sex, er ofte villige til at tilslutte sig m\u00e6nd, de m\u00f8der online. Der er en r\u00e6kke websteder og apps, der im\u00f8dekommer denne demografiske, hvilket g\u00f8r det nemt at oprette forbindelse til potentielle partnere. I mange tilf\u00e6lde leder disse kvinder simpelthen efter en fysisk forbindelse og er ikke interesseret i noget&#8230;<a class=\"read-more-link button\" href=\"https:\/\/theyoungmessiah.com\/da\/lokale-kvinder-paa-udkig-efter-sex\/\">Read more<\/a><\/p>\n","protected":false},"author":1,"featured_media":0,"parent":0,"menu_order":0,"comment_status":"closed","ping_status":"closed","template":"","meta":[],"yoast_head":"<!-- This site is optimized with the Yoast SEO plugin v17.7.1 - https:\/\/yoast.com\/wordpress\/plugins\/seo\/ -->\n<title>Lokale kvinder p\u00e5 udkig efter sex - Online Adult Dating<\/title>\n<meta name=\"robots\" content=\"index, follow, max-snippet:-1, max-image-preview:large, max-video-preview:-1\" \/>\n<link rel=\"canonical\" href=\"https:\/\/theyoungmessiah.com\/da\/lokale-kvinder-paa-udkig-efter-sex\/\" \/>\n<meta property=\"og:locale\" content=\"da_DK\" \/>\n<meta property=\"og:type\" content=\"article\" \/>\n<meta property=\"og:title\" content=\"Lokale kvinder p\u00e5 udkig efter sex - Online Adult Dating\" \/>\n<meta property=\"og:description\" content=\"Lokale kvinder, der leder efter sex, er ofte villige til at tilslutte sig m\u00e6nd, de m\u00f8der online. Der er en r\u00e6kke websteder og apps, der im\u00f8dekommer denne demografiske, hvilket g\u00f8r det nemt at oprette forbindelse til potentielle partnere. I mange tilf\u00e6lde leder disse kvinder simpelthen efter en fysisk forbindelse og er ikke interesseret i noget...Read more\" \/>\n<meta property=\"og:url\" content=\"https:\/\/theyoungmessiah.com\/da\/lokale-kvinder-paa-udkig-efter-sex\/\" \/>\n<meta property=\"og:site_name\" content=\"Online Adult Dating\" \/>\n<meta name=\"twitter:card\" content=\"summary_large_image\" \/>\n<meta name=\"twitter:label1\" content=\"Estimeret l\u00e6setid\" \/>\n\t<meta name=\"twitter:data1\" content=\"4 minutter\" \/>\n<script type=\"application\/ld+json\" class=\"yoast-schema-graph\">{\"@context\":\"https:\/\/schema.org\",\"@graph\":[{\"@type\":\"WebSite\",\"@id\":\"https:\/\/theyoungmessiah.com\/da\/#website\",\"url\":\"https:\/\/theyoungmessiah.com\/da\/\",\"name\":\"Online Adult Dating\",\"description\":\"Local Sex Hookups\",\"potentialAction\":[{\"@type\":\"SearchAction\",\"target\":{\"@type\":\"EntryPoint\",\"urlTemplate\":\"https:\/\/theyoungmessiah.com\/da\/?s={search_term_string}\"},\"query-input\":\"required name=search_term_string\"}],\"inLanguage\":\"da-DK\"},{\"@type\":\"WebPage\",\"@id\":\"https:\/\/theyoungmessiah.com\/da\/lokale-kvinder-paa-udkig-efter-sex\/#webpage\",\"url\":\"https:\/\/theyoungmessiah.com\/da\/lokale-kvinder-paa-udkig-efter-sex\/\",\"name\":\"Lokale kvinder p\\u00e5 udkig efter sex - Online Adult Dating\",\"isPartOf\":{\"@id\":\"https:\/\/theyoungmessiah.com\/da\/#website\"},\"datePublished\":\"2022-10-12T12:51:02+00:00\",\"dateModified\":\"2022-10-12T12:51:02+00:00\",\"breadcrumb\":{\"@id\":\"https:\/\/theyoungmessiah.com\/da\/lokale-kvinder-paa-udkig-efter-sex\/#breadcrumb\"},\"inLanguage\":\"da-DK\",\"potentialAction\":[{\"@type\":\"ReadAction\",\"target\":[\"https:\/\/theyoungmessiah.com\/da\/lokale-kvinder-paa-udkig-efter-sex\/\"]}]},{\"@type\":\"BreadcrumbList\",\"@id\":\"https:\/\/theyoungmessiah.com\/da\/lokale-kvinder-paa-udkig-efter-sex\/#breadcrumb\",\"itemListElement\":[{\"@type\":\"ListItem\",\"position\":1,\"name\":\"Home\",\"item\":\"https:\/\/theyoungmessiah.com\/da\/\"},{\"@type\":\"ListItem\",\"position\":2,\"name\":\"Lokale kvinder p\\u00e5 udkig efter sex\"}]}]}<\/script>\n<!-- \/ Yoast SEO plugin. -->","yoast_head_json":{"title":"Lokale kvinder p\u00e5 udkig efter sex - Online Adult Dating","robots":{"index":"index","follow":"follow","max-snippet":"max-snippet:-1","max-image-preview":"max-image-preview:large","max-video-preview":"max-video-preview:-1"},"canonical":"https:\/\/theyoungmessiah.com\/da\/lokale-kvinder-paa-udkig-efter-sex\/","og_locale":"da_DK","og_type":"article","og_title":"Lokale kvinder p\u00e5 udkig efter sex - Online Adult Dating","og_description":"Lokale kvinder, der leder efter sex, er ofte villige til at tilslutte sig m\u00e6nd, de m\u00f8der online. Der er en r\u00e6kke websteder og apps, der im\u00f8dekommer denne demografiske, hvilket g\u00f8r det nemt at oprette forbindelse til potentielle partnere. I mange tilf\u00e6lde leder disse kvinder simpelthen efter en fysisk forbindelse og er ikke interesseret i noget...Read more","og_url":"https:\/\/theyoungmessiah.com\/da\/lokale-kvinder-paa-udkig-efter-sex\/","og_site_name":"Online Adult Dating","twitter_card":"summary_large_image","twitter_misc":{"Estimeret l\u00e6setid":"4 minutter"},"schema":{"@context":"https:\/\/schema.org","@graph":[{"@type":"WebSite","@id":"https:\/\/theyoungmessiah.com\/da\/#website","url":"https:\/\/theyoungmessiah.com\/da\/","name":"Online Adult Dating","description":"Local Sex Hookups","potentialAction":[{"@type":"SearchAction","target":{"@type":"EntryPoint","urlTemplate":"https:\/\/theyoungmessiah.com\/da\/?s={search_term_string}"},"query-input":"required name=search_term_string"}],"inLanguage":"da-DK"},{"@type":"WebPage","@id":"https:\/\/theyoungmessiah.com\/da\/lokale-kvinder-paa-udkig-efter-sex\/#webpage","url":"https:\/\/theyoungmessiah.com\/da\/lokale-kvinder-paa-udkig-efter-sex\/","name":"Lokale kvinder p\u00e5 udkig efter sex - Online Adult Dating","isPartOf":{"@id":"https:\/\/theyoungmessiah.com\/da\/#website"},"datePublished":"2022-10-12T12:51:02+00:00","dateModified":"2022-10-12T12:51:02+00:00","breadcrumb":{"@id":"https:\/\/theyoungmessiah.com\/da\/lokale-kvinder-paa-udkig-efter-sex\/#breadcrumb"},"inLanguage":"da-DK","potentialAction":[{"@type":"ReadAction","target":["https:\/\/theyoungmessiah.com\/da\/lokale-kvinder-paa-udkig-efter-sex\/"]}]},{"@type":"BreadcrumbList","@id":"https:\/\/theyoungmessiah.com\/da\/lokale-kvinder-paa-udkig-efter-sex\/#breadcrumb","itemListElement":[{"@type":"ListItem","position":1,"name":"Home","item":"https:\/\/theyoungmessiah.com\/da\/"},{"@type":"ListItem","position":2,"name":"Lokale kvinder p\u00e5 udkig efter sex"}]}]}},"_links":{"self":[{"href":"https:\/\/theyoungmessiah.com\/da\/wp-json\/wp\/v2\/pages\/251"}],"collection":[{"href":"https:\/\/theyoungmessiah.com\/da\/wp-json\/wp\/v2\/pages"}],"about":[{"href":"https:\/\/theyoungmessiah.com\/da\/wp-json\/wp\/v2\/types\/page"}],"author":[{"embeddable":true,"href":"https:\/\/theyoungmessiah.com\/da\/wp-json\/wp\/v2\/users\/1"}],"replies":[{"embeddable":true,"href":"https:\/\/theyoungmessiah.com\/da\/wp-json\/wp\/v2\/comments?post=251"}],"version-history":[{"count":0,"href":"https:\/\/theyoungmessiah.com\/da\/wp-json\/wp\/v2\/pages\/251\/revisions"}],"wp:attachment":[{"href":"https:\/\/theyoungmessiah.com\/da\/wp-json\/wp\/v2\/media?parent=251"}],"curies":[{"name":"wp","href":"https:\/\/api.w.org\/{rel}","templated":true}]}}