{"id":296,"date":"2022-10-12T13:50:13","date_gmt":"2022-10-12T12:50:13","guid":{"rendered":"http:\/\/theyoungmessiah.com\/bedstemor-hookup\/"},"modified":"2022-10-12T13:50:13","modified_gmt":"2022-10-12T12:50:13","slug":"bedstemor-hookup","status":"publish","type":"page","link":"https:\/\/theyoungmessiah.com\/da\/bedstemor-hookup\/","title":{"rendered":"Bedstemor Hookup"},"content":{"rendered":"<p>Der er noget sp\u00e6ndende ved ideen om at tilslutte sig en bedstemor. M\u00e5ske er det tabuets natur, eller det faktum, at de er erfarne og ved, hvad de laver. Uanset \u00e5rsagen kan bedstemor-tilslutninger v\u00e6re meget sjove.<\/p>\n<p>Selvf\u00f8lgelig er der et par ting, du skal huske p\u00e5, f\u00f8r <a href=\"http:\/\/theyoungmessiah.com\/dating-site-for-older-women\/\">du tilslutter dig<\/a> en bedstemor. Til at begynde med vil de sandsynligvis v\u00e6re meget mere erfarne, end du er, s\u00e5 forvent ikke at v\u00e6re den, der har kontrol. De er muligvis ikke s\u00e5 fleksible, som du er vant til, s\u00e5 v\u00e6r forberedt p\u00e5 nogle ukonventionelle positioner.<\/p>\n<p>Men hvis du er frisk p\u00e5 lidt sjov, s\u00e5 kan en bedstemor-tilslutning v\u00e6re en god oplevelse. Bare s\u00f8rg for at g\u00e5 ind i det med de rigtige forventninger, og du er sikker p\u00e5 at have det godt.<\/p>\n<h2>Lokale bedstemor dating sites<\/h2>\n<p>Der er mange lokale bedstemor dating sites, der kan hj\u00e6lpe dig med at m\u00f8de \u00e6ldre kvinder i dit omr\u00e5de. Disse websteder kan v\u00e6re en fantastisk m\u00e5de at m\u00f8de nye mennesker og opbygge nye relationer p\u00e5. Mange af disse websteder tilbyder gratis medlemskab, s\u00e5 du kan pr\u00f8ve dem, f\u00f8r du forpligter dig til et betalt medlemskab. S\u00f8rg for at l\u00e6se vilk\u00e5rene og betingelserne for hvert websted, f\u00f8r du tilmelder dig, s\u00e5 du ved, hvad du g\u00e5r ind til. N\u00e5r du har fundet et par potentielle matches, skal du tage dig tid til at sende dem beskeder og l\u00e6re dem bedre at kende. Hvis alt g\u00e5r godt, kan du arrangere at m\u00f8des personligt og se, om der er en gnist. Held og lykke!<\/p>\n<p>Der er masser af \u00e6ldre kvinder derude, der er interesseret i at date yngre m\u00e6nd og omvendt. Det kan dog v\u00e6re sv\u00e6rt at finde matches gennem traditionelle datingmetoder som online dating. Dette skyldes, at mange datingsider og apps er rettet mod at matche mennesker i samme alder i stedet for at matche mennesker baseret p\u00e5 deres interesser.<\/p>\n<p>En m\u00e5de at finde matches med \u00e6ldre kvinder, hvis du er en yngre mand, der er interesseret i at date dem, er at kigge efter websteder og apps, der specifikt im\u00f8dekommer denne demografiske. For eksempel er der websteder som CougarLife.com, der er designet specielt til \u00e6ldre kvinder og yngre m\u00e6nd at m\u00f8des og date. Der er ogs\u00e5 datingapps som Tinder, der giver dig mulighed for at indstille dine alderspr\u00e6ferencer, s\u00e5 du kun kan se \u00e6ldre kvinder, der er inden for dit \u00f8nskede aldersgruppe.<\/p>\n<p>Selvf\u00f8lgelig kan du ogs\u00e5 pr\u00f8ve at m\u00f8de \u00e6ldre kvinder offline, gennem f\u00e6lles venner eller blot ved at henvende dig til dem personligt. Online dating kan dog v\u00e6re en fantastisk m\u00e5de at komme i kontakt med \u00e6ldre kvinder, som du ellers ikke ville have mulighed for at m\u00f8de.<\/p>\n<h2>\u00c6ldre kvinder p\u00e5 udkig efter sex<\/h2>\n<p>Der er en stigende tendens til \u00e6ldre kvinder, der s\u00f8ger sex online. Dette skyldes sandsynligvis, at mange kvinder nu er mere komfortable med deres seksualitet og er mere \u00e5bne for at udforske deres seksuelle \u00f8nsker. Derudover kan \u00e6ldre kvinder have sv\u00e6rere ved at finde partnere p\u00e5 deres egen alder, s\u00e5 de henvender sig til internettet for at finde potentielle seksuelle partnere.<\/p>\n<p>Der er en r\u00e6kke websteder og apps, der henvender sig til \u00e6ldre kvinder, der leder efter sex. Disse platforme giver et sikkert og behageligt milj\u00f8 for kvinder til at udforske deres seksualitet og finde seksuelle partnere. Derudover tilbyder disse platforme en r\u00e6kke funktioner og s\u00f8gefiltre, der giver kvinder mulighed for at finde partnere, der opfylder deres specifikke behov og \u00f8nsker.<\/p>\n<h3>DateMyAge<\/h3>\n<p>DateMyAge er en bedstemor-tilslutningsapp, der giver dig mulighed for at finde lokale \u00e6ldre kvinder, der leder efter en fling. Appen er nem at bruge og har mange funktioner, der giver dig mulighed for at finde pr\u00e6cis det, du leder efter. S\u00f8gefunktionen er meget brugervenlig, og appen giver dig ogs\u00e5 mulighed for at se profiler af andre medlemmer i dit omr\u00e5de. Samlet set er dette en fantastisk app til at finde en bedstemor-tilslutning.<\/p>\n<h3>ComeWithYou<\/h3>\n<p>ComeWithYou er en ny dating app, der er perfekt til bedstemor hookups. Appen er meget brugervenlig og nem at navigere i. Det har mange fantastiske funktioner, der g\u00f8r det nemt at finde og oprette forbindelse til potentielle kampe. S\u00f8gefunktionen er meget omfattende og giver dig mulighed for at finde kampe baseret p\u00e5 en r\u00e6kke kriterier. Meddelelsesfunktionen er ogs\u00e5 meget god og giver dig mulighed for nemt at oprette forbindelse til kampe. Samlet set er ComeWithYou en god mulighed for bedstemor-tilslutninger, og jeg vil meget anbefale det til alle, der leder efter en ny datingapp.<\/p>\n<h3>DateYou<\/h3>\n<p>Jeg fandt, at DateYou dating app til at v\u00e6re en fantastisk m\u00e5de at m\u00f8de bedstem\u00f8dre til tilslutninger. Appen er nem at bruge og har mange fantastiske funktioner. S\u00f8gefunktionen er fantastisk, og meddelelsessystemet er meget brugervenligt. Jeg kan ogs\u00e5 godt lide, at du kan se, hvem der er online, og hvem der ikke er. Samlet set vil jeg bestemt anbefale denne app til alle, der leder efter en bedstemor-tilslutning.<\/p>\n<h3>Badoo<\/h3>\n<p>Hvis du leder efter en bedstemor-tilslutning, er Badoo sandsynligvis ikke datingappen for dig. Selvom det fakturerer sig selv som en datingapp, rapporterer mange brugere, at det er sv\u00e6rt at faktisk finde kampe p\u00e5 appen. Faktisk rapporterer mange brugere, at appen er fuld af falske profiler, og at det er sv\u00e6rt at komme i kontakt med kundeservice, n\u00e5r du har et problem. S\u00e5 hvis du leder efter en bedstemor-tilslutning, kan du pr\u00f8ve en anden app.<\/p>\n","protected":false},"excerpt":{"rendered":"<p>Der er noget sp\u00e6ndende ved ideen om at tilslutte sig en bedstemor. M\u00e5ske er det tabuets natur, eller det faktum, at de er erfarne og ved, hvad de laver. Uanset \u00e5rsagen kan bedstemor-tilslutninger v\u00e6re meget sjove. Selvf\u00f8lgelig er der et par ting, du skal huske p\u00e5, f\u00f8r du tilslutter dig en bedstemor. Til at begynde&#8230;<a class=\"read-more-link button\" href=\"https:\/\/theyoungmessiah.com\/da\/bedstemor-hookup\/\">Read more<\/a><\/p>\n","protected":false},"author":1,"featured_media":0,"parent":0,"menu_order":0,"comment_status":"closed","ping_status":"closed","template":"","meta":[],"yoast_head":"<!-- This site is optimized with the Yoast SEO plugin v17.7.1 - https:\/\/yoast.com\/wordpress\/plugins\/seo\/ -->\n<title>Bedstemor Hookup - Online Adult Dating<\/title>\n<meta name=\"robots\" content=\"index, follow, max-snippet:-1, max-image-preview:large, max-video-preview:-1\" \/>\n<link rel=\"canonical\" href=\"https:\/\/theyoungmessiah.com\/da\/bedstemor-hookup\/\" \/>\n<meta property=\"og:locale\" content=\"da_DK\" \/>\n<meta property=\"og:type\" content=\"article\" \/>\n<meta property=\"og:title\" content=\"Bedstemor Hookup - Online Adult Dating\" \/>\n<meta property=\"og:description\" content=\"Der er noget sp\u00e6ndende ved ideen om at tilslutte sig en bedstemor. M\u00e5ske er det tabuets natur, eller det faktum, at de er erfarne og ved, hvad de laver. Uanset \u00e5rsagen kan bedstemor-tilslutninger v\u00e6re meget sjove. Selvf\u00f8lgelig er der et par ting, du skal huske p\u00e5, f\u00f8r du tilslutter dig en bedstemor. Til at begynde...Read more\" \/>\n<meta property=\"og:url\" content=\"https:\/\/theyoungmessiah.com\/da\/bedstemor-hookup\/\" \/>\n<meta property=\"og:site_name\" content=\"Online Adult Dating\" \/>\n<meta name=\"twitter:card\" content=\"summary_large_image\" \/>\n<meta name=\"twitter:label1\" content=\"Estimeret l\u00e6setid\" \/>\n\t<meta name=\"twitter:data1\" content=\"5 minutter\" \/>\n<script type=\"application\/ld+json\" class=\"yoast-schema-graph\">{\"@context\":\"https:\/\/schema.org\",\"@graph\":[{\"@type\":\"WebSite\",\"@id\":\"https:\/\/theyoungmessiah.com\/da\/#website\",\"url\":\"https:\/\/theyoungmessiah.com\/da\/\",\"name\":\"Online Adult Dating\",\"description\":\"Local Sex Hookups\",\"potentialAction\":[{\"@type\":\"SearchAction\",\"target\":{\"@type\":\"EntryPoint\",\"urlTemplate\":\"https:\/\/theyoungmessiah.com\/da\/?s={search_term_string}\"},\"query-input\":\"required name=search_term_string\"}],\"inLanguage\":\"da-DK\"},{\"@type\":\"WebPage\",\"@id\":\"https:\/\/theyoungmessiah.com\/da\/bedstemor-hookup\/#webpage\",\"url\":\"https:\/\/theyoungmessiah.com\/da\/bedstemor-hookup\/\",\"name\":\"Bedstemor Hookup - Online Adult Dating\",\"isPartOf\":{\"@id\":\"https:\/\/theyoungmessiah.com\/da\/#website\"},\"datePublished\":\"2022-10-12T12:50:13+00:00\",\"dateModified\":\"2022-10-12T12:50:13+00:00\",\"breadcrumb\":{\"@id\":\"https:\/\/theyoungmessiah.com\/da\/bedstemor-hookup\/#breadcrumb\"},\"inLanguage\":\"da-DK\",\"potentialAction\":[{\"@type\":\"ReadAction\",\"target\":[\"https:\/\/theyoungmessiah.com\/da\/bedstemor-hookup\/\"]}]},{\"@type\":\"BreadcrumbList\",\"@id\":\"https:\/\/theyoungmessiah.com\/da\/bedstemor-hookup\/#breadcrumb\",\"itemListElement\":[{\"@type\":\"ListItem\",\"position\":1,\"name\":\"Home\",\"item\":\"https:\/\/theyoungmessiah.com\/da\/\"},{\"@type\":\"ListItem\",\"position\":2,\"name\":\"Bedstemor Hookup\"}]}]}<\/script>\n<!-- \/ Yoast SEO plugin. -->","yoast_head_json":{"title":"Bedstemor Hookup - Online Adult Dating","robots":{"index":"index","follow":"follow","max-snippet":"max-snippet:-1","max-image-preview":"max-image-preview:large","max-video-preview":"max-video-preview:-1"},"canonical":"https:\/\/theyoungmessiah.com\/da\/bedstemor-hookup\/","og_locale":"da_DK","og_type":"article","og_title":"Bedstemor Hookup - Online Adult Dating","og_description":"Der er noget sp\u00e6ndende ved ideen om at tilslutte sig en bedstemor. M\u00e5ske er det tabuets natur, eller det faktum, at de er erfarne og ved, hvad de laver. Uanset \u00e5rsagen kan bedstemor-tilslutninger v\u00e6re meget sjove. Selvf\u00f8lgelig er der et par ting, du skal huske p\u00e5, f\u00f8r du tilslutter dig en bedstemor. Til at begynde...Read more","og_url":"https:\/\/theyoungmessiah.com\/da\/bedstemor-hookup\/","og_site_name":"Online Adult Dating","twitter_card":"summary_large_image","twitter_misc":{"Estimeret l\u00e6setid":"5 minutter"},"schema":{"@context":"https:\/\/schema.org","@graph":[{"@type":"WebSite","@id":"https:\/\/theyoungmessiah.com\/da\/#website","url":"https:\/\/theyoungmessiah.com\/da\/","name":"Online Adult Dating","description":"Local Sex Hookups","potentialAction":[{"@type":"SearchAction","target":{"@type":"EntryPoint","urlTemplate":"https:\/\/theyoungmessiah.com\/da\/?s={search_term_string}"},"query-input":"required name=search_term_string"}],"inLanguage":"da-DK"},{"@type":"WebPage","@id":"https:\/\/theyoungmessiah.com\/da\/bedstemor-hookup\/#webpage","url":"https:\/\/theyoungmessiah.com\/da\/bedstemor-hookup\/","name":"Bedstemor Hookup - Online Adult Dating","isPartOf":{"@id":"https:\/\/theyoungmessiah.com\/da\/#website"},"datePublished":"2022-10-12T12:50:13+00:00","dateModified":"2022-10-12T12:50:13+00:00","breadcrumb":{"@id":"https:\/\/theyoungmessiah.com\/da\/bedstemor-hookup\/#breadcrumb"},"inLanguage":"da-DK","potentialAction":[{"@type":"ReadAction","target":["https:\/\/theyoungmessiah.com\/da\/bedstemor-hookup\/"]}]},{"@type":"BreadcrumbList","@id":"https:\/\/theyoungmessiah.com\/da\/bedstemor-hookup\/#breadcrumb","itemListElement":[{"@type":"ListItem","position":1,"name":"Home","item":"https:\/\/theyoungmessiah.com\/da\/"},{"@type":"ListItem","position":2,"name":"Bedstemor Hookup"}]}]}},"_links":{"self":[{"href":"https:\/\/theyoungmessiah.com\/da\/wp-json\/wp\/v2\/pages\/296"}],"collection":[{"href":"https:\/\/theyoungmessiah.com\/da\/wp-json\/wp\/v2\/pages"}],"about":[{"href":"https:\/\/theyoungmessiah.com\/da\/wp-json\/wp\/v2\/types\/page"}],"author":[{"embeddable":true,"href":"https:\/\/theyoungmessiah.com\/da\/wp-json\/wp\/v2\/users\/1"}],"replies":[{"embeddable":true,"href":"https:\/\/theyoungmessiah.com\/da\/wp-json\/wp\/v2\/comments?post=296"}],"version-history":[{"count":0,"href":"https:\/\/theyoungmessiah.com\/da\/wp-json\/wp\/v2\/pages\/296\/revisions"}],"wp:attachment":[{"href":"https:\/\/theyoungmessiah.com\/da\/wp-json\/wp\/v2\/media?parent=296"}],"curies":[{"name":"wp","href":"https:\/\/api.w.org\/{rel}","templated":true}]}}