{"id":329,"date":"2022-10-12T12:56:34","date_gmt":"2022-10-12T11:56:34","guid":{"rendered":"http:\/\/theyoungmessiah.com\/en-verden-af-online-dating\/"},"modified":"2022-10-12T12:56:34","modified_gmt":"2022-10-12T11:56:34","slug":"en-verden-af-online-dating","status":"publish","type":"page","link":"https:\/\/theyoungmessiah.com\/da\/","title":{"rendered":"En verden af online dating"},"content":{"rendered":"<p>Verden af online dating har \u00e6ndret sig dramatisk i l\u00f8bet af det sidste \u00e5rti. I dag er der masser af valg til at finde k\u00e6rlighed &#8211; fra traditionelle matchmaking-tjenester til niche-apps, der im\u00f8dekommer specifikke interesser.<\/p>\n<p>Men hvilke er v\u00e6rd at tjekke ud? Vi har samlet vores foretrukne datingsider baseret p\u00e5 kategorier som omkostninger, funktioner, popularitet og brugervenlighed.<\/p>\n<h2>S\u00e5dan rangerer vi webstederne<\/h2>\n<p>Vi testede hvert websted grundigt og rangerede dem baseret p\u00e5 antal medlemmer, sikkerhed, succeshistorier, funktioner, pris, mobilapps, placeringstilg\u00e6ngelighed og mere.<\/p>\n<p>Casual dating kan tjene som et overgangstrin mellem tilslutninger og et mere seri\u00f8st forhold. Nogle mennesker f\u00f8ler sig utilpas ved at v\u00e6re romantiske med nogen, de ikke kender godt. Andre er bange for at komme til skade igen. Atter andre bekymrer sig om, hvordan de vil h\u00e5ndtere intimitet. Dating tilf\u00e6ldigt kan give dig \u00f8velse i at tale om f\u00f8lelser, s\u00e6tte gr\u00e6nser og \u00f8ve selvsikkerhed.<\/p>\n<h2>Kom i gang med casual dating<\/h2>\n<p>Ikke alle mennesker f\u00f8ler sig godt tilpas med at date seri\u00f8st (og mange mennesker er ikke interesserede i det). Hvis du ikke vil date nogen, er det fint. Men hvis du vil pr\u00f8ve casual dating, her er hvad du skal overveje.<\/p>\n<p>FWB&#8217;er og tilslutninger har tendens til at fungere under et s\u00e6t regler. Casual dating involverer normalt en slags forholdslignende parametre, uanset om det er et engageret venskab uden bindinger eller noget mere seri\u00f8st. Mens der er masser af mennesker derude, der bruger udtrykket &#8220;casual dating&#8221; i fl\u00e6ng med &#8220;hooking up&#8221;, er det ikke n\u00f8dvendigvis, hvad ordet indeb\u00e6rer.<\/p>\n<h3>Casual Dating Vs. Seri\u00f8s Dating<\/h3>\n<p>Forskellen mellem casual dating og seri\u00f8s dating &#8211; der er et par forskellige forskelle. Vi fandt ud af, at folk definerer casual dating forskelligt &#8211; nogle tror, det betyder at kunne g\u00e5 p\u00e5 datoer uden at skulle planl\u00e6gge fremad, mens andre siger, at det betyder, at du ikke \u00f8nsker at g\u00f8re et stort nummer ud af det. Og der er dem, der mener, at du ikke b\u00f8r date nogen, medmindre I begge er klar til at forpligte jer.<\/p>\n<ul>\n<li>Casual Dating: Dette er ofte (men er ikke altid) ikke-eksklusivt. Folk antager ofte, at det er okay at se andre mennesker, medmindre du har haft en eksplicit samtale om eksklusivitet. Alligevel er det altid smart at tage en snak om eksklusivitet p\u00e5 et tidspunkt bare for at sikre, at alle er p\u00e5 samme side. Generelt refererer casual dating til forbindelser, der involverer en vis grad f\u00f8lelsesm\u00e6ssig tilknytning.<\/li>\n<li>Seri\u00f8s dating: Folk dater ofte seri\u00f8st i h\u00e5b om at finde en partner at gifte sig med en dag. Men hvad udg\u00f8r egentlig et seri\u00f8st forhold? Handler det om at v\u00e6re f\u00f8lelsesm\u00e6ssigt knyttet? Eller har I brug for at diskutere jeres fremtid sammen? Hvis du leder efter en livspartner, kan du her se, om nogen kan v\u00e6re den ene.<\/li>\n<\/ul>\n<p><img loading=\"lazy\" class=\" wp-image-35 aligncenter\" src=\"http:\/\/theyoungmessiah.com\/wp-content\/uploads\/2022\/10\/meet-up-dating-1024x684.jpeg\" alt=\"\" width=\"612\" height=\"409\" srcset=\"https:\/\/theyoungmessiah.com\/wp-content\/uploads\/2022\/10\/meet-up-dating-1024x684.jpeg 1024w, https:\/\/theyoungmessiah.com\/wp-content\/uploads\/2022\/10\/meet-up-dating-300x200.jpeg 300w, https:\/\/theyoungmessiah.com\/wp-content\/uploads\/2022\/10\/meet-up-dating-768x513.jpeg 768w, https:\/\/theyoungmessiah.com\/wp-content\/uploads\/2022\/10\/meet-up-dating-1536x1025.jpeg 1536w, https:\/\/theyoungmessiah.com\/wp-content\/uploads\/2022\/10\/meet-up-dating-2048x1367.jpeg 2048w\" sizes=\"(max-width: 612px) 100vw, 612px\" \/><\/p>\n<h3>Hvad skal man g\u00f8re i f\u00f8rste omgang<\/h3>\n<p>I starten virker casual dating som en nem m\u00e5de at m\u00f8de mennesker p\u00e5 uden at blive for knyttet. N\u00e5r alt kommer til alt er der ingen forventninger, forpligtelser eller ansvar. Men casual dating handler ikke kun om at finde nogen at g\u00e5 p\u00e5 date med; det handler om at opbygge relationer baseret p\u00e5 tillid og gensidig respekt. Casual dating kr\u00e6ver meget kommunikation og f\u00f8lelsesm\u00e6ssig modenhed. Hvis du n\u00e6rmer dig casual dating med den forkerte holdning, kan du finde dig selv skuffet senere hen ad vejen.<\/p>\n<p>Ud over at v\u00e6re respektfuld, skal du overveje f\u00f8lgende tip, f\u00f8r du hopper ind i afslappet dating:<\/p>\n<ul>\n<li>V\u00e6r \u00e6rlig. Fort\u00e6l potentielle datoer, hvad du virkelig vil have. Giv ikke l\u00f8fter, du ikke vil holde.<\/li>\n<li>Kend dine gr\u00e6nser. Hvad f\u00f8ler du dig tryg ved at dele med andre? Er du villig til at videregive dine personlige oplysninger online? Har du et sikkert ord?<\/li>\n<li>Hav realistiske m\u00e5l. Er casual dating noget, du ser frem til eller frygter? T\u00e6nk over, hvor engageret du gerne vil v\u00e6re, og om du er klar til at tage tingene videre.<\/li>\n<li>S\u00e6t gr\u00e6nser. S\u00f8rg for, at du ved, hvor du st\u00e5r, f\u00f8r du indg\u00e5r i et forhold.<\/li>\n<li>V\u00e6r \u00e5ben for forandring. Du ved aldrig, hvad der kan ske under et afslappet m\u00f8de.<\/li>\n<\/ul>\n<p>Online dating er blevet en stadig mere popul\u00e6r metode til at m\u00f8de potentielle partnere. Det er ingen overraskelse, at millioner af singler verden over bruger disse websteder til at finde k\u00e6rligheden.<\/p>\n<p>De fleste mennesker er dog ikke klar over, at online datingsider fungerer anderledes end traditionelle metoder til at m\u00f8de mennesker.<\/p>\n<h3>Online dating sites fungerer anderledes end traditionelle metoder<\/h3>\n<p>Traditionelle datingmetoder inkluderer at g\u00e5 til barer, klubber, restauranter, fester og begivenheder. Disse steder er overfyldte og ofte fyldt med fremmede. Dette g\u00f8r det vanskeligt at oprette forbindelse til andre. P\u00e5 den anden side giver online dating sites dig mulighed for at s\u00f8ge efter kampe baseret p\u00e5 specifikke kriterier. Det betyder, at du kan indsn\u00e6vre dine s\u00f8geresultater, indtil du finder pr\u00e6cis det, du leder efter. Du kan f.eks. filtrere dine s\u00f8geresultater for at finde m\u00e6nd eller kvinder mellem 18 og 35 \u00e5r. Eller du kan angive, om du er interesseret i m\u00e6nd eller kvinder. Du kan ogs\u00e5 indstille pr\u00e6ferencer som placering, religion, etnicitet, uddannelsesniveau, erhverv, hobbyer, interesser og politiske synspunkter.<\/p>\n<p>Alle disse ting hj\u00e6lper dig med at indsn\u00e6vre dine s\u00f8geresultater og finde den rigtige person til dig.<\/p>\n<h3>Singler, der \u00f8nsker at m\u00f8de nye mennesker<\/h3>\n<p>De fleste mennesker, der bruger online dating sites er single. De kan v\u00e6re p\u00e5 udkig efter et forhold eller blot fors\u00f8ger at m\u00f8de nye mennesker. Fordi online dating sites giver dig mulighed for at s\u00f8ge efter kampe baseret p\u00e5 bestemte kriterier, kan du nemt finde nogen, der deler lignende v\u00e6rdier og overbevisninger. N\u00e5r du m\u00f8der nogen, der deler dine v\u00e6rdier og overbevisninger, f\u00f8ler du dig tryg ved at tale med ham eller hende. Dette hj\u00e6lper dig med at udvikle st\u00e6rkere relationer hurtigere.<\/p>\n","protected":false},"excerpt":{"rendered":"<p>Verden af online dating har \u00e6ndret sig dramatisk i l\u00f8bet af det sidste \u00e5rti. I dag er der masser af valg til at finde k\u00e6rlighed &#8211; fra traditionelle matchmaking-tjenester til niche-apps, der im\u00f8dekommer specifikke interesser. Men hvilke er v\u00e6rd at tjekke ud? Vi har samlet vores foretrukne datingsider baseret p\u00e5 kategorier som omkostninger, funktioner, popularitet&#8230;<a class=\"read-more-link button\" href=\"https:\/\/theyoungmessiah.com\/da\/\">Read more<\/a><\/p>\n","protected":false},"author":1,"featured_media":126,"parent":0,"menu_order":0,"comment_status":"closed","ping_status":"closed","template":"","meta":[],"yoast_head":"<!-- This site is optimized with the Yoast SEO plugin v17.7.1 - https:\/\/yoast.com\/wordpress\/plugins\/seo\/ -->\n<title>En verden af online dating - Online Adult Dating<\/title>\n<meta name=\"robots\" content=\"index, follow, max-snippet:-1, max-image-preview:large, max-video-preview:-1\" \/>\n<link rel=\"canonical\" href=\"https:\/\/theyoungmessiah.com\/da\/\" \/>\n<meta property=\"og:locale\" content=\"da_DK\" \/>\n<meta property=\"og:type\" content=\"article\" \/>\n<meta property=\"og:title\" content=\"En verden af online dating - Online Adult Dating\" \/>\n<meta property=\"og:description\" content=\"Verden af online dating har \u00e6ndret sig dramatisk i l\u00f8bet af det sidste \u00e5rti. I dag er der masser af valg til at finde k\u00e6rlighed &#8211; fra traditionelle matchmaking-tjenester til niche-apps, der im\u00f8dekommer specifikke interesser. Men hvilke er v\u00e6rd at tjekke ud? Vi har samlet vores foretrukne datingsider baseret p\u00e5 kategorier som omkostninger, funktioner, popularitet...Read more\" \/>\n<meta property=\"og:url\" content=\"https:\/\/theyoungmessiah.com\/da\/\" \/>\n<meta property=\"og:site_name\" content=\"Online Adult Dating\" \/>\n<meta property=\"og:image\" content=\"https:\/\/theyoungmessiah.com\/wp-content\/uploads\/2022\/10\/hookup-finder.jpeg\" \/>\n\t<meta property=\"og:image:width\" content=\"1600\" \/>\n\t<meta property=\"og:image:height\" content=\"1067\" \/>\n<meta name=\"twitter:card\" content=\"summary_large_image\" \/>\n<meta name=\"twitter:label1\" content=\"Estimeret l\u00e6setid\" \/>\n\t<meta name=\"twitter:data1\" content=\"5 minutter\" \/>\n<script type=\"application\/ld+json\" class=\"yoast-schema-graph\">{\"@context\":\"https:\/\/schema.org\",\"@graph\":[{\"@type\":\"WebSite\",\"@id\":\"https:\/\/theyoungmessiah.com\/da\/#website\",\"url\":\"https:\/\/theyoungmessiah.com\/da\/\",\"name\":\"Online Adult Dating\",\"description\":\"Local Sex Hookups\",\"potentialAction\":[{\"@type\":\"SearchAction\",\"target\":{\"@type\":\"EntryPoint\",\"urlTemplate\":\"https:\/\/theyoungmessiah.com\/da\/?s={search_term_string}\"},\"query-input\":\"required name=search_term_string\"}],\"inLanguage\":\"da-DK\"},{\"@type\":\"ImageObject\",\"@id\":\"https:\/\/theyoungmessiah.com\/da\/#primaryimage\",\"inLanguage\":\"da-DK\",\"url\":\"https:\/\/theyoungmessiah.com\/wp-content\/uploads\/2022\/10\/hookup-finder.jpeg\",\"contentUrl\":\"https:\/\/theyoungmessiah.com\/wp-content\/uploads\/2022\/10\/hookup-finder.jpeg\",\"width\":1600,\"height\":1067},{\"@type\":\"WebPage\",\"@id\":\"https:\/\/theyoungmessiah.com\/da\/#webpage\",\"url\":\"https:\/\/theyoungmessiah.com\/da\/\",\"name\":\"En verden af online dating - Online Adult Dating\",\"isPartOf\":{\"@id\":\"https:\/\/theyoungmessiah.com\/da\/#website\"},\"primaryImageOfPage\":{\"@id\":\"https:\/\/theyoungmessiah.com\/da\/#primaryimage\"},\"datePublished\":\"2022-10-12T11:56:34+00:00\",\"dateModified\":\"2022-10-12T11:56:34+00:00\",\"breadcrumb\":{\"@id\":\"https:\/\/theyoungmessiah.com\/da\/#breadcrumb\"},\"inLanguage\":\"da-DK\",\"potentialAction\":[{\"@type\":\"ReadAction\",\"target\":[\"https:\/\/theyoungmessiah.com\/da\/\"]}]},{\"@type\":\"BreadcrumbList\",\"@id\":\"https:\/\/theyoungmessiah.com\/da\/#breadcrumb\",\"itemListElement\":[{\"@type\":\"ListItem\",\"position\":1,\"name\":\"Home\",\"item\":\"https:\/\/theyoungmessiah.com\/da\/\"},{\"@type\":\"ListItem\",\"position\":2,\"name\":\"En verden af online dating\"}]}]}<\/script>\n<!-- \/ Yoast SEO plugin. -->","yoast_head_json":{"title":"En verden af online dating - Online Adult Dating","robots":{"index":"index","follow":"follow","max-snippet":"max-snippet:-1","max-image-preview":"max-image-preview:large","max-video-preview":"max-video-preview:-1"},"canonical":"https:\/\/theyoungmessiah.com\/da\/","og_locale":"da_DK","og_type":"article","og_title":"En verden af online dating - Online Adult Dating","og_description":"Verden af online dating har \u00e6ndret sig dramatisk i l\u00f8bet af det sidste \u00e5rti. I dag er der masser af valg til at finde k\u00e6rlighed &#8211; fra traditionelle matchmaking-tjenester til niche-apps, der im\u00f8dekommer specifikke interesser. Men hvilke er v\u00e6rd at tjekke ud? Vi har samlet vores foretrukne datingsider baseret p\u00e5 kategorier som omkostninger, funktioner, popularitet...Read more","og_url":"https:\/\/theyoungmessiah.com\/da\/","og_site_name":"Online Adult Dating","og_image":[{"width":1600,"height":1067,"url":"https:\/\/theyoungmessiah.com\/wp-content\/uploads\/2022\/10\/hookup-finder.jpeg","type":"image\/jpeg"}],"twitter_card":"summary_large_image","twitter_misc":{"Estimeret l\u00e6setid":"5 minutter"},"schema":{"@context":"https:\/\/schema.org","@graph":[{"@type":"WebSite","@id":"https:\/\/theyoungmessiah.com\/da\/#website","url":"https:\/\/theyoungmessiah.com\/da\/","name":"Online Adult Dating","description":"Local Sex Hookups","potentialAction":[{"@type":"SearchAction","target":{"@type":"EntryPoint","urlTemplate":"https:\/\/theyoungmessiah.com\/da\/?s={search_term_string}"},"query-input":"required name=search_term_string"}],"inLanguage":"da-DK"},{"@type":"ImageObject","@id":"https:\/\/theyoungmessiah.com\/da\/#primaryimage","inLanguage":"da-DK","url":"https:\/\/theyoungmessiah.com\/wp-content\/uploads\/2022\/10\/hookup-finder.jpeg","contentUrl":"https:\/\/theyoungmessiah.com\/wp-content\/uploads\/2022\/10\/hookup-finder.jpeg","width":1600,"height":1067},{"@type":"WebPage","@id":"https:\/\/theyoungmessiah.com\/da\/#webpage","url":"https:\/\/theyoungmessiah.com\/da\/","name":"En verden af online dating - Online Adult Dating","isPartOf":{"@id":"https:\/\/theyoungmessiah.com\/da\/#website"},"primaryImageOfPage":{"@id":"https:\/\/theyoungmessiah.com\/da\/#primaryimage"},"datePublished":"2022-10-12T11:56:34+00:00","dateModified":"2022-10-12T11:56:34+00:00","breadcrumb":{"@id":"https:\/\/theyoungmessiah.com\/da\/#breadcrumb"},"inLanguage":"da-DK","potentialAction":[{"@type":"ReadAction","target":["https:\/\/theyoungmessiah.com\/da\/"]}]},{"@type":"BreadcrumbList","@id":"https:\/\/theyoungmessiah.com\/da\/#breadcrumb","itemListElement":[{"@type":"ListItem","position":1,"name":"Home","item":"https:\/\/theyoungmessiah.com\/da\/"},{"@type":"ListItem","position":2,"name":"En verden af online dating"}]}]}},"_links":{"self":[{"href":"https:\/\/theyoungmessiah.com\/da\/wp-json\/wp\/v2\/pages\/329"}],"collection":[{"href":"https:\/\/theyoungmessiah.com\/da\/wp-json\/wp\/v2\/pages"}],"about":[{"href":"https:\/\/theyoungmessiah.com\/da\/wp-json\/wp\/v2\/types\/page"}],"author":[{"embeddable":true,"href":"https:\/\/theyoungmessiah.com\/da\/wp-json\/wp\/v2\/users\/1"}],"replies":[{"embeddable":true,"href":"https:\/\/theyoungmessiah.com\/da\/wp-json\/wp\/v2\/comments?post=329"}],"version-history":[{"count":0,"href":"https:\/\/theyoungmessiah.com\/da\/wp-json\/wp\/v2\/pages\/329\/revisions"}],"wp:featuredmedia":[{"embeddable":true,"href":"https:\/\/theyoungmessiah.com\/da\/wp-json\/wp\/v2\/media\/126"}],"wp:attachment":[{"href":"https:\/\/theyoungmessiah.com\/da\/wp-json\/wp\/v2\/media?parent=329"}],"curies":[{"name":"wp","href":"https:\/\/api.w.org\/{rel}","templated":true}]}}