{"id":150,"date":"2022-10-12T14:00:38","date_gmt":"2022-10-12T13:00:38","guid":{"rendered":"http:\/\/theyoungmessiah.com\/bisexuelle-verbindung\/"},"modified":"2022-10-12T14:00:38","modified_gmt":"2022-10-12T13:00:38","slug":"bisexuelle-verbindung","status":"publish","type":"page","link":"https:\/\/theyoungmessiah.com\/de\/bisexuelle-verbindung\/","title":{"rendered":"Bisexuelle Verbindung"},"content":{"rendered":"<p>Es gibt ein paar verschiedene bisexuelle Dating-Sites, die Sie verwenden k\u00f6nnen, um sich mit jemandem zu verbinden. Diese Websites wurden speziell f\u00fcr Menschen entwickelt, die daran interessiert sind, sich mit jemandem zu verabreden oder sich mit ihm zu treffen, der bisexuell ist. Sie k\u00f6nnen eine gro\u00dfartige M\u00f6glichkeit sein, neue Leute kennenzulernen und Ihre Sexualit\u00e4t zu erforschen. Es ist jedoch wichtig, bei der Verwendung dieser Websites vorsichtig zu sein, da es einige Leute gibt, die m\u00f6glicherweise nicht echt sind. Achten Sie immer darauf, mit Menschen online zu chatten, bevor Sie sich pers\u00f6nlich mit ihnen treffen.<\/p>\n<h2>Bisexuelle Websites<\/h2>\n<p>Es gibt viele bisexuelle Websites, die sich an diejenigen richten, die daran interessiert sind, sowohl M\u00e4nner als auch Frauen zu daten. Diese Websites verf\u00fcgen in der Regel \u00fcber einen gro\u00dfen Pool von Mitgliedern zur Auswahl und bieten eine Vielzahl von Funktionen, die sie einfach zu bedienen und effektiv machen, um Benutzern zu helfen, kompatible \u00dcbereinstimmungen zu finden. Einige der beliebtesten bisexuellen Dating-Sites sind Bicupid, BiPeopleMeet und BiCurious. Diese Websites gibt es schon seit einiger Zeit und haben sich den Ruf erworben, zuverl\u00e4ssig und erfolgreich zu sein, wenn es darum geht, Menschen dabei zu helfen, das zu finden, wonach sie suchen.<\/p>\n<h2>Casual Bi Dating<\/h2>\n<p>Es gibt viele Gr\u00fcnde, Casual Bi Dating auszuprobieren. Vielleicht bist du neugierig darauf, deine Sexualit\u00e4t zu erforschen, oder du bist daran interessiert, etwas Neues mit deinem Partner auszuprobieren. Was auch immer der Grund ist, Casual Bi Dating kann eine gro\u00dfartige M\u00f6glichkeit sein, neue Leute kennenzulernen und Spa\u00df zu haben.<\/p>\n<p>Es gibt ein paar Dinge zu beachten, wenn Sie Casual Bi Dating in Betracht ziehen. Erstens ist es wichtig, ehrlich zu sich selbst und Ihrem Partner dar\u00fcber zu sein, wonach Sie suchen. Machen Sie sich \u00fcber Ihre Grenzen und Erwartungen im Klaren und stellen Sie sicher, dass alle auf der gleichen Seite sind. Es ist auch eine gute Idee, vorher etwas zu recherchieren, damit Sie wissen, was Sie erwartet.<\/p>\n<p>Wenn Sie offen und ehrlich dar\u00fcber sind, wonach Sie suchen, kann Casual Bi Dating eine gro\u00dfartige M\u00f6glichkeit sein, Ihre Sexualit\u00e4t zu erforschen und Spa\u00df zu haben. Achten Sie nur darauf, mit Ihrem Partner zu kommunizieren und einige Grenzen zu setzen, damit sich jeder wohl und sicher f\u00fchlt.<\/p>\n<p>Es ist nicht zu leugnen, dass <a href=\"http:\/\/theyoungmessiah.com\/de\/treffen-sie-sich-zum-sex\/\">Online-Dating den Anschluss einfacher als je zuvor gemacht hat<\/a>. Aber f\u00fcr bisexuelle Singles kann es etwas schwieriger sein, eine gute \u00dcbereinstimmung zu finden.<\/p>\n<p>W\u00e4hrend es viele Dating-Sites und Apps gibt, die sich an heterosexuelle Singles richten, gibt es nicht so viele Optionen f\u00fcr diejenigen, die sich als bisexuell identifizieren. Und aus diesem Grund k\u00f6nnen bisexuelle Verbindungen etwas schwieriger zu bekommen sein.<\/p>\n<p>Aber das bedeutet nicht, dass sie unm\u00f6glich zu finden sind. Es gibt ein paar bisexuell-spezifische Dating-Sites und Apps da drau\u00dfen, und sogar einige allgemeine Dating-Sites und Apps, die alle sexuellen Orientierungen umfassen.<\/p>\n<p>Wenn Sie also nach einem bisexuellen Anschluss suchen, verzweifeln Sie nicht. Es gibt viele Leute da drau\u00dfen, die genau wie du sind.<\/p>\n<h3>Lovoo<\/h3>\n<p>Lovoo ist eine Dating-App, die vor allem bei bisexuellen Singles immer beliebter wird. Die App ist einfach zu bedienen und verf\u00fcgt \u00fcber eine benutzerfreundliche Oberfl\u00e4che. Es hat auch viele Funktionen, die es zu einer gro\u00dfartigen Option f\u00fcr bisexuelles Dating machen. Zum Beispiel hat Lovoo eine Funktion, mit der Benutzer sehen k\u00f6nnen, wer zur gleichen Zeit wie sie online ist. Dies ist gro\u00dfartig, um potenzielle \u00dcbereinstimmungen zu finden, die online und bereit zum Chatten sind. Die App verf\u00fcgt auch \u00fcber eine &#8222;Matchmaker&#8220; -Funktion, mit der Benutzer potenzielle \u00dcbereinstimmungen basierend auf ihren Interessen finden k\u00f6nnen. Insgesamt ist Lovoo eine gro\u00dfartige Option f\u00fcr bisexuelle Singles, die nach einer Dating-App suchen, die einfach zu bedienen ist und viele Funktionen bietet.<\/p>\n<h3>BoneAMilf<\/h3>\n<p>BoneAMilf ist eine neue Dating-App, die die Online-Dating-Szene f\u00fcr Bisexuelle aufr\u00fcttelt. Diese App wurde speziell f\u00fcr diejenigen entwickelt, die sich zu reifen Frauen hingezogen f\u00fchlen und ein Date oder eine Verbindung mit einer solchen finden m\u00f6chten. Die App ist einfach zu bedienen und verf\u00fcgt \u00fcber eine saubere, moderne Benutzeroberfl\u00e4che. Es hat auch eine gro\u00dfe Datenbank von Benutzern, so dass Sie sicher sind, jemanden zu finden, der Ihre Kriterien erf\u00fcllt.<\/p>\n<h3>FriendFinder-X<\/h3>\n<p>FriendFinder-X ist eine gro\u00dfartige Option f\u00fcr bisexuelle Singles oder Paare, die online nach sexy Spa\u00df suchen. Die Seite hat Millionen von Mitgliedern weltweit, also ist definitiv f\u00fcr jeden etwas dabei. Der Anmeldeprozess ist schnell und einfach, und Sie k\u00f6nnen sofort mit dem Chatten, Flirten und Anschlie\u00dfen beginnen.<\/p>\n<p>Die Website verf\u00fcgt \u00fcber viele gro\u00dfartige Funktionen, darunter Live-Chat, Video-Chat und eine virtuelle Welt, in der Sie Ihre Fantasien erkunden k\u00f6nnen. Sie k\u00f6nnen auch lokale Mitglieder finden, mit denen Sie sich pers\u00f6nlich in Verbindung setzen k\u00f6nnen. FriendFinder-X ist eine gro\u00dfartige Option f\u00fcr alle, die bisexuellen Spa\u00df suchen.<\/p>\n<h3>Together2Night<\/h3>\n<p>Wenn Sie nach einer Dating-App suchen, die sich an bisexuelle Singles richtet, sollten Sie sich Together2Night ansehen. Diese App ist eine der beliebtesten bisexuellen Dating-Sites, und es ist leicht zu verstehen, warum. Die Website verf\u00fcgt \u00fcber eine saubere, einfach zu bedienende Benutzeroberfl\u00e4che und ist vollgepackt mit Funktionen, die es einfach machen, sich mit anderen bisexuellen Singles zu verbinden. Das Beste von allem ist, dass es kostenlos ist, beizutreten, so dass Sie sofort neue Leute kennenlernen k\u00f6nnen.<\/p>\n","protected":false},"excerpt":{"rendered":"<p>Es gibt ein paar verschiedene bisexuelle Dating-Sites, die Sie verwenden k\u00f6nnen, um sich mit jemandem zu verbinden. Diese Websites wurden speziell f\u00fcr Menschen entwickelt, die daran interessiert sind, sich mit jemandem zu verabreden oder sich mit ihm zu treffen, der bisexuell ist. Sie k\u00f6nnen eine gro\u00dfartige M\u00f6glichkeit sein, neue Leute kennenzulernen und Ihre Sexualit\u00e4t zu&#8230;<a class=\"read-more-link button\" href=\"https:\/\/theyoungmessiah.com\/de\/bisexuelle-verbindung\/\">Read more<\/a><\/p>\n","protected":false},"author":1,"featured_media":0,"parent":0,"menu_order":0,"comment_status":"closed","ping_status":"closed","template":"","meta":[],"yoast_head":"<!-- This site is optimized with the Yoast SEO plugin v17.7.1 - https:\/\/yoast.com\/wordpress\/plugins\/seo\/ -->\n<title>Bisexuelle Verbindung - Online Adult Dating<\/title>\n<meta name=\"robots\" content=\"index, follow, max-snippet:-1, max-image-preview:large, max-video-preview:-1\" \/>\n<link rel=\"canonical\" href=\"https:\/\/theyoungmessiah.com\/de\/bisexuelle-verbindung\/\" \/>\n<meta property=\"og:locale\" content=\"de_DE\" \/>\n<meta property=\"og:type\" content=\"article\" \/>\n<meta property=\"og:title\" content=\"Bisexuelle Verbindung - Online Adult Dating\" \/>\n<meta property=\"og:description\" content=\"Es gibt ein paar verschiedene bisexuelle Dating-Sites, die Sie verwenden k\u00f6nnen, um sich mit jemandem zu verbinden. Diese Websites wurden speziell f\u00fcr Menschen entwickelt, die daran interessiert sind, sich mit jemandem zu verabreden oder sich mit ihm zu treffen, der bisexuell ist. Sie k\u00f6nnen eine gro\u00dfartige M\u00f6glichkeit sein, neue Leute kennenzulernen und Ihre Sexualit\u00e4t zu...Read more\" \/>\n<meta property=\"og:url\" content=\"https:\/\/theyoungmessiah.com\/de\/bisexuelle-verbindung\/\" \/>\n<meta property=\"og:site_name\" content=\"Online Adult Dating\" \/>\n<meta name=\"twitter:card\" content=\"summary_large_image\" \/>\n<meta name=\"twitter:label1\" content=\"Gesch\u00e4tzte Lesezeit\" \/>\n\t<meta name=\"twitter:data1\" content=\"5\u00a0Minuten\" \/>\n<script type=\"application\/ld+json\" class=\"yoast-schema-graph\">{\"@context\":\"https:\/\/schema.org\",\"@graph\":[{\"@type\":\"WebSite\",\"@id\":\"https:\/\/theyoungmessiah.com\/de\/#website\",\"url\":\"https:\/\/theyoungmessiah.com\/de\/\",\"name\":\"Online Adult Dating\",\"description\":\"Local Sex Hookups\",\"potentialAction\":[{\"@type\":\"SearchAction\",\"target\":{\"@type\":\"EntryPoint\",\"urlTemplate\":\"https:\/\/theyoungmessiah.com\/de\/?s={search_term_string}\"},\"query-input\":\"required name=search_term_string\"}],\"inLanguage\":\"de\"},{\"@type\":\"WebPage\",\"@id\":\"https:\/\/theyoungmessiah.com\/de\/bisexuelle-verbindung\/#webpage\",\"url\":\"https:\/\/theyoungmessiah.com\/de\/bisexuelle-verbindung\/\",\"name\":\"Bisexuelle Verbindung - Online Adult Dating\",\"isPartOf\":{\"@id\":\"https:\/\/theyoungmessiah.com\/de\/#website\"},\"datePublished\":\"2022-10-12T13:00:38+00:00\",\"dateModified\":\"2022-10-12T13:00:38+00:00\",\"breadcrumb\":{\"@id\":\"https:\/\/theyoungmessiah.com\/de\/bisexuelle-verbindung\/#breadcrumb\"},\"inLanguage\":\"de\",\"potentialAction\":[{\"@type\":\"ReadAction\",\"target\":[\"https:\/\/theyoungmessiah.com\/de\/bisexuelle-verbindung\/\"]}]},{\"@type\":\"BreadcrumbList\",\"@id\":\"https:\/\/theyoungmessiah.com\/de\/bisexuelle-verbindung\/#breadcrumb\",\"itemListElement\":[{\"@type\":\"ListItem\",\"position\":1,\"name\":\"Home\",\"item\":\"http:\/\/theyoungmessiah.com\/de\/\"},{\"@type\":\"ListItem\",\"position\":2,\"name\":\"Bisexuelle Verbindung\"}]}]}<\/script>\n<!-- \/ Yoast SEO plugin. -->","yoast_head_json":{"title":"Bisexuelle Verbindung - Online Adult Dating","robots":{"index":"index","follow":"follow","max-snippet":"max-snippet:-1","max-image-preview":"max-image-preview:large","max-video-preview":"max-video-preview:-1"},"canonical":"https:\/\/theyoungmessiah.com\/de\/bisexuelle-verbindung\/","og_locale":"de_DE","og_type":"article","og_title":"Bisexuelle Verbindung - Online Adult Dating","og_description":"Es gibt ein paar verschiedene bisexuelle Dating-Sites, die Sie verwenden k\u00f6nnen, um sich mit jemandem zu verbinden. Diese Websites wurden speziell f\u00fcr Menschen entwickelt, die daran interessiert sind, sich mit jemandem zu verabreden oder sich mit ihm zu treffen, der bisexuell ist. Sie k\u00f6nnen eine gro\u00dfartige M\u00f6glichkeit sein, neue Leute kennenzulernen und Ihre Sexualit\u00e4t zu...Read more","og_url":"https:\/\/theyoungmessiah.com\/de\/bisexuelle-verbindung\/","og_site_name":"Online Adult Dating","twitter_card":"summary_large_image","twitter_misc":{"Gesch\u00e4tzte Lesezeit":"5\u00a0Minuten"},"schema":{"@context":"https:\/\/schema.org","@graph":[{"@type":"WebSite","@id":"https:\/\/theyoungmessiah.com\/de\/#website","url":"https:\/\/theyoungmessiah.com\/de\/","name":"Online Adult Dating","description":"Local Sex Hookups","potentialAction":[{"@type":"SearchAction","target":{"@type":"EntryPoint","urlTemplate":"https:\/\/theyoungmessiah.com\/de\/?s={search_term_string}"},"query-input":"required name=search_term_string"}],"inLanguage":"de"},{"@type":"WebPage","@id":"https:\/\/theyoungmessiah.com\/de\/bisexuelle-verbindung\/#webpage","url":"https:\/\/theyoungmessiah.com\/de\/bisexuelle-verbindung\/","name":"Bisexuelle Verbindung - Online Adult Dating","isPartOf":{"@id":"https:\/\/theyoungmessiah.com\/de\/#website"},"datePublished":"2022-10-12T13:00:38+00:00","dateModified":"2022-10-12T13:00:38+00:00","breadcrumb":{"@id":"https:\/\/theyoungmessiah.com\/de\/bisexuelle-verbindung\/#breadcrumb"},"inLanguage":"de","potentialAction":[{"@type":"ReadAction","target":["https:\/\/theyoungmessiah.com\/de\/bisexuelle-verbindung\/"]}]},{"@type":"BreadcrumbList","@id":"https:\/\/theyoungmessiah.com\/de\/bisexuelle-verbindung\/#breadcrumb","itemListElement":[{"@type":"ListItem","position":1,"name":"Home","item":"http:\/\/theyoungmessiah.com\/de\/"},{"@type":"ListItem","position":2,"name":"Bisexuelle Verbindung"}]}]}},"_links":{"self":[{"href":"https:\/\/theyoungmessiah.com\/de\/wp-json\/wp\/v2\/pages\/150"}],"collection":[{"href":"https:\/\/theyoungmessiah.com\/de\/wp-json\/wp\/v2\/pages"}],"about":[{"href":"https:\/\/theyoungmessiah.com\/de\/wp-json\/wp\/v2\/types\/page"}],"author":[{"embeddable":true,"href":"https:\/\/theyoungmessiah.com\/de\/wp-json\/wp\/v2\/users\/1"}],"replies":[{"embeddable":true,"href":"https:\/\/theyoungmessiah.com\/de\/wp-json\/wp\/v2\/comments?post=150"}],"version-history":[{"count":0,"href":"https:\/\/theyoungmessiah.com\/de\/wp-json\/wp\/v2\/pages\/150\/revisions"}],"wp:attachment":[{"href":"https:\/\/theyoungmessiah.com\/de\/wp-json\/wp\/v2\/media?parent=150"}],"curies":[{"name":"wp","href":"https:\/\/api.w.org\/{rel}","templated":true}]}}