{"id":153,"date":"2022-10-12T13:53:06","date_gmt":"2022-10-12T12:53:06","guid":{"rendered":"http:\/\/theyoungmessiah.com\/friends-with-benefits-websites\/"},"modified":"2022-10-12T13:53:06","modified_gmt":"2022-10-12T12:53:06","slug":"friends-with-benefits-websites","status":"publish","type":"page","link":"https:\/\/theyoungmessiah.com\/de\/friends-with-benefits-websites\/","title":{"rendered":"Friends With Benefits-Websites"},"content":{"rendered":"<p>Es gibt ein paar verschiedene Arten von Freunden mit Vorteils-Websites. Der erste Typ ist, wo Sie Leute finden k\u00f6nnen, mit denen Sie sich ohne irgendwelche Bedingungen verbinden k\u00f6nnen. Diese Art von Website ist ideal f\u00fcr Leute, die einfach nur Spa\u00df haben wollen und sich keine Sorgen machen, in eine Beziehung zu kommen. Die zweite Art von Freunden mit Vorteilen Website, wo Sie Leute finden k\u00f6nnen, um sich zu verabreden und m\u00f6glicherweise eine Beziehung zu haben. Diese Art von Website ist ideal f\u00fcr Leute, die mehr als nur einen Anschluss suchen.<\/p>\n<h2>Beste Seite f\u00fcr Fwb<\/h2>\n<p>Es gibt viele gro\u00dfartige Websites, um <a href=\"http:\/\/theyoungmessiah.com\/de\/ebenholz-anschluesse\/\">einen Freund mit Vorteilen zu finden<\/a>, aber mein pers\u00f6nlicher Favorit ist FWB Dates. Es ist einfach zu bedienen und verf\u00fcgt \u00fcber viele gro\u00dfartige Funktionen, die das Finden einer \u00dcbereinstimmung schnell und einfach machen. Au\u00dferdem kann die Website kostenlos beitreten, sodass Sie sofort Ihre perfekte \u00dcbereinstimmung finden k\u00f6nnen. Es gibt eine Menge Leute da drau\u00dfen, die nach einem Fick-Kumpel suchen. Sie k\u00f6nnen sie online auf einer Dating-Website oder sogar auf Social-Media-Sites finden. Alles, was Sie tun m\u00fcssen, ist nach ihnen zu suchen und Sie werden sie finden.<\/p>\n<p>Wenn Sie nach einem Fick-Kumpel suchen, ist der beste Ort, um online zu suchen. Es gibt viele Websites und Apps, die Ihnen helfen k\u00f6nnen, jemanden zu finden, der f\u00fcr eine Verbindung bereit ist. Alles, was Sie tun m\u00fcssen, ist, ein Profil zu erstellen und mit dem Durchsuchen potenzieller \u00dcbereinstimmungen zu beginnen. Wenn Sie jemanden finden, an dem Sie interessiert sind, senden Sie ihm einfach eine Nachricht und sehen Sie, wohin die Dinge gehen.<\/p>\n<h3>OnlyFlings<\/h3>\n<p>Wenn Sie nach einer Situation mit Freunden mit Vorteilen suchen, sollten Sie sich unbedingt OnlyFlings ansehen. Es ist eine gro\u00dfartige Dating-App, mit der Sie potenzielle \u00dcbereinstimmungen in Ihrer N\u00e4he finden k\u00f6nnen. Die App ist einfach zu bedienen und verf\u00fcgt \u00fcber viele gro\u00dfartige Funktionen, darunter ein Messaging-System, mit dem Sie mit potenziellen \u00dcbereinstimmungen kommunizieren k\u00f6nnen. Der einzige Nachteil ist, dass die App ein wenig teuer ist, aber es lohnt sich auf jeden Fall, wenn Sie nach einer Situation mit Freunden mit Vorteilen suchen.<\/p>\n<h3>BookOfSext<\/h3>\n<p>Wenn Sie nach einer Dating-App f\u00fcr Freunde mit Vorteilen suchen, ist BookOfSext eine gro\u00dfartige Option. Die App kann kostenlos heruntergeladen und verwendet werden, und sie ist vollgepackt mit Funktionen, die es einfach machen, potenzielle \u00dcbereinstimmungen zu finden und sich mit ihnen zu verbinden. Die Suchfunktion ist besonders n\u00fctzlich, und Sie k\u00f6nnen sie verwenden, um \u00dcbereinstimmungen in Ihrer N\u00e4he oder irgendwo auf der Welt zu finden. Die App verf\u00fcgt auch \u00fcber eine Messaging-Funktion, sodass Sie mit Ihren \u00dcbereinstimmungen in Kontakt bleiben k\u00f6nnen, auch wenn Sie die App nicht verwenden. Insgesamt ist BookOfSext eine gro\u00dfartige Option f\u00fcr alle, die nach einer Dating-App mit Freunden mit Vorteilen suchen.<\/p>\n<h3>Viel Fisch<\/h3>\n<p>Es gibt viele Gr\u00fcnde, Plenty of Fish auszuprobieren, besonders wenn Sie nach Freunden mit Vorteilen suchen. Die Dating-App hat einen gro\u00dfen Pool von Benutzern zur Auswahl, so dass Sie bestimmt jemanden finden, der mit Ihnen kompatibel ist. Au\u00dferdem ist die App kostenlos zu verwenden, so dass Sie Ihr Geld f\u00fcr andere Dinge sparen k\u00f6nnen.<\/p>\n<p>Die App ist einfach zu bedienen und zu navigieren und es ist nicht \u00fcberm\u00e4\u00dfig kompliziert. Sie k\u00f6nnen nach potenziellen \u00dcbereinstimmungen nach Standort, Alter und anderen Kriterien suchen und sie direkt benachrichtigen. Die App hat auch ein paar andere Funktionen, wie eine &#8222;Poke&#8220; -Funktion, mit der Sie mit potenziellen Spielen flirten k\u00f6nnen.<\/p>\n<p>Insgesamt ist Plenty of Fish eine gro\u00dfartige Option f\u00fcr alle, die Freunde mit Vorteilen suchen. Die App ist kostenlos zu verwenden und es ist einfach, potenzielle \u00dcbereinstimmungen zu finden. Au\u00dferdem hat die App ein paar andere Funktionen, die es wert sind, ausprobiert zu werden.<\/p>\n<h3>Xpress<\/h3>\n<p>Wenn Sie nach einer Website f\u00fcr Freunde mit Vorteilen suchen, die tats\u00e4chlich liefert, dann ist Xpress die App f\u00fcr Sie. Ich habe viele dieser Apps ausprobiert und die meisten von ihnen sind kompletter M\u00fcll. Sie sind entweder voller gef\u00e4lschter Profile, oder die M\u00e4dchen sind so h\u00e4sslich, dass Sie lieber einfach abhauen w\u00fcrden. Aber Xpress ist anders. Die M\u00e4dchen hier sind eigentlich ziemlich hei\u00df, und sie sind auch unten, um sich zu verbinden.<\/p>\n<p>Ich habe mich mit ein paar M\u00e4dchen von Xpress getroffen, und es war immer eine gro\u00dfartige Erfahrung. Die M\u00e4dchen sind leicht zu reden und sie sind eigentlich bereit, etwas Spa\u00df zu haben. Wenn Sie nach einer Website f\u00fcr Freunde mit Vorteilen suchen, die tats\u00e4chlich funktioniert, dann ist Xpress die App f\u00fcr Sie.<\/p>\n","protected":false},"excerpt":{"rendered":"<p>Es gibt ein paar verschiedene Arten von Freunden mit Vorteils-Websites. Der erste Typ ist, wo Sie Leute finden k\u00f6nnen, mit denen Sie sich ohne irgendwelche Bedingungen verbinden k\u00f6nnen. Diese Art von Website ist ideal f\u00fcr Leute, die einfach nur Spa\u00df haben wollen und sich keine Sorgen machen, in eine Beziehung zu kommen. Die zweite Art&#8230;<a class=\"read-more-link button\" href=\"https:\/\/theyoungmessiah.com\/de\/friends-with-benefits-websites\/\">Read more<\/a><\/p>\n","protected":false},"author":1,"featured_media":0,"parent":0,"menu_order":0,"comment_status":"closed","ping_status":"closed","template":"","meta":[],"yoast_head":"<!-- This site is optimized with the Yoast SEO plugin v17.7.1 - https:\/\/yoast.com\/wordpress\/plugins\/seo\/ -->\n<title>Friends With Benefits-Websites - Online Adult Dating<\/title>\n<meta name=\"robots\" content=\"index, follow, max-snippet:-1, max-image-preview:large, max-video-preview:-1\" \/>\n<link rel=\"canonical\" href=\"https:\/\/theyoungmessiah.com\/de\/friends-with-benefits-websites\/\" \/>\n<meta property=\"og:locale\" content=\"de_DE\" \/>\n<meta property=\"og:type\" content=\"article\" \/>\n<meta property=\"og:title\" content=\"Friends With Benefits-Websites - Online Adult Dating\" \/>\n<meta property=\"og:description\" content=\"Es gibt ein paar verschiedene Arten von Freunden mit Vorteils-Websites. Der erste Typ ist, wo Sie Leute finden k\u00f6nnen, mit denen Sie sich ohne irgendwelche Bedingungen verbinden k\u00f6nnen. Diese Art von Website ist ideal f\u00fcr Leute, die einfach nur Spa\u00df haben wollen und sich keine Sorgen machen, in eine Beziehung zu kommen. Die zweite Art...Read more\" \/>\n<meta property=\"og:url\" content=\"https:\/\/theyoungmessiah.com\/de\/friends-with-benefits-websites\/\" \/>\n<meta property=\"og:site_name\" content=\"Online Adult Dating\" \/>\n<meta name=\"twitter:card\" content=\"summary_large_image\" \/>\n<meta name=\"twitter:label1\" content=\"Gesch\u00e4tzte Lesezeit\" \/>\n\t<meta name=\"twitter:data1\" content=\"4\u00a0Minuten\" \/>\n<script type=\"application\/ld+json\" class=\"yoast-schema-graph\">{\"@context\":\"https:\/\/schema.org\",\"@graph\":[{\"@type\":\"WebSite\",\"@id\":\"https:\/\/theyoungmessiah.com\/de\/#website\",\"url\":\"https:\/\/theyoungmessiah.com\/de\/\",\"name\":\"Online Adult Dating\",\"description\":\"Local Sex Hookups\",\"potentialAction\":[{\"@type\":\"SearchAction\",\"target\":{\"@type\":\"EntryPoint\",\"urlTemplate\":\"https:\/\/theyoungmessiah.com\/de\/?s={search_term_string}\"},\"query-input\":\"required name=search_term_string\"}],\"inLanguage\":\"de\"},{\"@type\":\"WebPage\",\"@id\":\"https:\/\/theyoungmessiah.com\/de\/friends-with-benefits-websites\/#webpage\",\"url\":\"https:\/\/theyoungmessiah.com\/de\/friends-with-benefits-websites\/\",\"name\":\"Friends With Benefits-Websites - Online Adult Dating\",\"isPartOf\":{\"@id\":\"https:\/\/theyoungmessiah.com\/de\/#website\"},\"datePublished\":\"2022-10-12T12:53:06+00:00\",\"dateModified\":\"2022-10-12T12:53:06+00:00\",\"breadcrumb\":{\"@id\":\"https:\/\/theyoungmessiah.com\/de\/friends-with-benefits-websites\/#breadcrumb\"},\"inLanguage\":\"de\",\"potentialAction\":[{\"@type\":\"ReadAction\",\"target\":[\"https:\/\/theyoungmessiah.com\/de\/friends-with-benefits-websites\/\"]}]},{\"@type\":\"BreadcrumbList\",\"@id\":\"https:\/\/theyoungmessiah.com\/de\/friends-with-benefits-websites\/#breadcrumb\",\"itemListElement\":[{\"@type\":\"ListItem\",\"position\":1,\"name\":\"Home\",\"item\":\"http:\/\/theyoungmessiah.com\/de\/\"},{\"@type\":\"ListItem\",\"position\":2,\"name\":\"Friends With Benefits-Websites\"}]}]}<\/script>\n<!-- \/ Yoast SEO plugin. -->","yoast_head_json":{"title":"Friends With Benefits-Websites - Online Adult Dating","robots":{"index":"index","follow":"follow","max-snippet":"max-snippet:-1","max-image-preview":"max-image-preview:large","max-video-preview":"max-video-preview:-1"},"canonical":"https:\/\/theyoungmessiah.com\/de\/friends-with-benefits-websites\/","og_locale":"de_DE","og_type":"article","og_title":"Friends With Benefits-Websites - Online Adult Dating","og_description":"Es gibt ein paar verschiedene Arten von Freunden mit Vorteils-Websites. Der erste Typ ist, wo Sie Leute finden k\u00f6nnen, mit denen Sie sich ohne irgendwelche Bedingungen verbinden k\u00f6nnen. Diese Art von Website ist ideal f\u00fcr Leute, die einfach nur Spa\u00df haben wollen und sich keine Sorgen machen, in eine Beziehung zu kommen. Die zweite Art...Read more","og_url":"https:\/\/theyoungmessiah.com\/de\/friends-with-benefits-websites\/","og_site_name":"Online Adult Dating","twitter_card":"summary_large_image","twitter_misc":{"Gesch\u00e4tzte Lesezeit":"4\u00a0Minuten"},"schema":{"@context":"https:\/\/schema.org","@graph":[{"@type":"WebSite","@id":"https:\/\/theyoungmessiah.com\/de\/#website","url":"https:\/\/theyoungmessiah.com\/de\/","name":"Online Adult Dating","description":"Local Sex Hookups","potentialAction":[{"@type":"SearchAction","target":{"@type":"EntryPoint","urlTemplate":"https:\/\/theyoungmessiah.com\/de\/?s={search_term_string}"},"query-input":"required name=search_term_string"}],"inLanguage":"de"},{"@type":"WebPage","@id":"https:\/\/theyoungmessiah.com\/de\/friends-with-benefits-websites\/#webpage","url":"https:\/\/theyoungmessiah.com\/de\/friends-with-benefits-websites\/","name":"Friends With Benefits-Websites - Online Adult Dating","isPartOf":{"@id":"https:\/\/theyoungmessiah.com\/de\/#website"},"datePublished":"2022-10-12T12:53:06+00:00","dateModified":"2022-10-12T12:53:06+00:00","breadcrumb":{"@id":"https:\/\/theyoungmessiah.com\/de\/friends-with-benefits-websites\/#breadcrumb"},"inLanguage":"de","potentialAction":[{"@type":"ReadAction","target":["https:\/\/theyoungmessiah.com\/de\/friends-with-benefits-websites\/"]}]},{"@type":"BreadcrumbList","@id":"https:\/\/theyoungmessiah.com\/de\/friends-with-benefits-websites\/#breadcrumb","itemListElement":[{"@type":"ListItem","position":1,"name":"Home","item":"http:\/\/theyoungmessiah.com\/de\/"},{"@type":"ListItem","position":2,"name":"Friends With Benefits-Websites"}]}]}},"_links":{"self":[{"href":"https:\/\/theyoungmessiah.com\/de\/wp-json\/wp\/v2\/pages\/153"}],"collection":[{"href":"https:\/\/theyoungmessiah.com\/de\/wp-json\/wp\/v2\/pages"}],"about":[{"href":"https:\/\/theyoungmessiah.com\/de\/wp-json\/wp\/v2\/types\/page"}],"author":[{"embeddable":true,"href":"https:\/\/theyoungmessiah.com\/de\/wp-json\/wp\/v2\/users\/1"}],"replies":[{"embeddable":true,"href":"https:\/\/theyoungmessiah.com\/de\/wp-json\/wp\/v2\/comments?post=153"}],"version-history":[{"count":0,"href":"https:\/\/theyoungmessiah.com\/de\/wp-json\/wp\/v2\/pages\/153\/revisions"}],"wp:attachment":[{"href":"https:\/\/theyoungmessiah.com\/de\/wp-json\/wp\/v2\/media?parent=153"}],"curies":[{"name":"wp","href":"https:\/\/api.w.org\/{rel}","templated":true}]}}