{"id":160,"date":"2022-10-12T14:00:11","date_gmt":"2022-10-12T13:00:11","guid":{"rendered":"http:\/\/theyoungmessiah.com\/treffen-sie-sich-zum-sex\/"},"modified":"2022-10-12T14:00:11","modified_gmt":"2022-10-12T13:00:11","slug":"treffen-sie-sich-zum-sex","status":"publish","type":"page","link":"https:\/\/theyoungmessiah.com\/de\/treffen-sie-sich-zum-sex\/","title":{"rendered":"Treffen Sie sich zum Sex"},"content":{"rendered":"<p>Wenn sich zwei Menschen zum Sex treffen, liegt das normalerweise daran, dass sie sich zueinander hingezogen f\u00fchlen und Geschlechtsverkehr haben wollen. Manchmal treffen sich Menschen zum Sex, weil sie nach einer zuf\u00e4lligen sexuellen Begegnung ohne emotionale Bindung suchen; Dies ist jedoch nicht immer der Fall. Menschen k\u00f6nnen sich auch zum Sex treffen, weil sie in einer festen Beziehung sind und die Dinge aufpeppen wollen, oder weil sie in einer offenen Beziehung sind und nach neuen Sexualpartnern suchen. Egal, was der Grund ist, ein Treffen zum Sex kann f\u00fcr beide Beteiligten eine lustige und aufregende Erfahrung sein.<\/p>\n<h2>Lokale Sexseiten<\/h2>\n<p>Die meisten Dating-Sites sollen Menschen helfen, lokale Singles in ihrer N\u00e4he zu finden. Es gibt jedoch auch eine Reihe von Sexseiten, die sich an Menschen richten, die nach lokalen Verbindungen suchen. Diese Seiten k\u00f6nnen eine gro\u00dfartige M\u00f6glichkeit sein, lokale Partner f\u00fcr Gelegenheitssex zu finden, aber es ist wichtig, sich der damit verbundenen Risiken bewusst zu sein.<\/p>\n<p>Es gibt ein paar Dinge zu beachten, wenn Sie lokale Sexseiten verwenden. Zun\u00e4chst ist es wichtig sicherzustellen, dass Sie nur vollj\u00e4hrige Personen treffen. Zweitens ist es wichtig, sich des Potenzials f\u00fcr Betr\u00fcgereien bewusst zu sein. Es gibt eine Reihe von Leuten, die gef\u00e4lschte Profile auf diesen Websites erstellen, um ahnungslose Benutzer auszunutzen. Schlie\u00dflich ist es wichtig, den gesunden Menschenverstand zu benutzen, wenn Sie jemanden von einer lokalen Sexseite treffen. Stellen Sie sicher, dass Sie sich an einem \u00f6ffentlichen Ort treffen und dass Sie eine M\u00f6glichkeit haben, miteinander in Kontakt zu treten, falls etwas schief geht.<\/p>\n<h2>Kostenlose Sex-Dating-Sites<\/h2>\n<p>Es gibt viele kostenlose Sex-Dating-Sites online, die sich an Menschen richten, die nach gelegentlichen Sex-Hookups suchen. Diese Websites sind in der Regel einfach zu bedienen und erm\u00f6glichen es Ihnen, nach Personen in Ihrer N\u00e4he zu suchen, die nach dem Gleichen suchen wie Sie. Sie k\u00f6nnen diesen Personen normalerweise eine Nachricht senden und sich f\u00fcr einen Anschluss verabreden. Es ist jedoch wichtig, sich daran zu erinnern, dass nicht jeder auf diesen Websites nach dem Gleichen sucht, daher ist es wichtig, sich dar\u00fcber im Klaren zu sein, wonach Sie suchen, bevor Sie sich mit jemandem treffen.<\/p>\n<h2>Kostenlose Sexseiten<\/h2>\n<p>Es gibt viele kostenlose Sexseiten, aber nicht alle von ihnen sind es wert, benutzt zu werden. Diejenigen, die es wert sind, verwendet zu werden, werden viele Mitglieder haben und einfach zu bedienen sein. Sie sollten auch in der Lage sein, \u00dcbereinstimmungen auf diesen Websites leicht zu finden.<\/p>\n<h3>BBWCupid<\/h3>\n<p>BBWCupid ist eine Dating-App f\u00fcr kurvige Frauen und die M\u00e4nner, die sie lieben. Es ist kostenlos, ein Profil herunterzuladen und zu erstellen, und Sie k\u00f6nnen durch Profile von lokalen Singles in Ihrer N\u00e4he bl\u00e4ttern. Wenn Sie jemanden sehen, den Sie m\u00f6gen, k\u00f6nnen Sie ihm eine Nachricht senden und sehen, ob er daran interessiert ist, sich zu treffen.<\/p>\n<p>Die App ist einfach zu bedienen und verf\u00fcgt \u00fcber viele gro\u00dfartige Funktionen wie Video-Chat und Instant Messaging. Es ist eine gro\u00dfartige M\u00f6glichkeit, kurvige Frauen f\u00fcr Dating, Freundschaft oder einfach nur f\u00fcr das Anschlie\u00dfen zu treffen. Wenn Sie nach einer BBW-Dating-App suchen, ist BBWCupid eine gro\u00dfartige Option.<\/p>\n<h3>Einfache Flirts<\/h3>\n<p>SimpleFlirts ist eine beliebte Dating-App, die Menschen hilft, sich f\u00fcr Gelegenheitssex miteinander zu verbinden. Die App hat einen guten Ruf daf\u00fcr, einfach zu bedienen zu sein und Menschen schnell zu verbinden. Die App kann kostenlos heruntergeladen und verwendet werden und bietet ihren Benutzern eine breite Palette von Funktionen. Einige Benutzer haben sich jedoch dar\u00fcber beschwert, dass die App fehlerhaft ist und dass es keine Suchfunktion gibt. Insgesamt ist SimpleFlirts eine gute Option f\u00fcr Menschen, die nach gelegentlichen Sexpartnern suchen.<\/p>\n<h3>Rubkarten<\/h3>\n<p>Rubmaps ist eine beliebte Dating-App, mit der Benutzer potenzielle Partner f\u00fcr zuf\u00e4llige Begegnungen finden k\u00f6nnen. Die App hat eine einfache Benutzeroberfl\u00e4che und ist einfach zu bedienen. Es hat auch eine gro\u00dfe Datenbank von Benutzern, so dass es eine gute Wahl f\u00fcr diejenigen ist, die eine zuf\u00e4llige Begegnung suchen. Die App kann kostenlos heruntergeladen und verwendet werden, und es ist nicht erforderlich, ein Konto zu erstellen. Es ist jedoch wichtig zu beachten, dass Rubmaps keine Hookup-App ist und Benutzer sich bewusst sein sollten, dass sie m\u00f6glicherweise potenzielle Partner f\u00fcr Sex treffen.<\/p>\n<h3>Xpress<\/h3>\n<p>Wenn Sie nach einer Dating-App suchen, mit der Sie jemanden f\u00fcr eine schnelle Verbindung treffen k\u00f6nnen, ist Xpress eine gro\u00dfartige Option. Mit einer gro\u00dfen Benutzerbasis und einem schnellen Anmeldeprozess ist es einfach, jemanden zu finden, mit dem man sich schnell und einfach verbinden kann. Die App hat auch einen guten Ruf daf\u00fcr, sicher und gesch\u00fctzt zu sein, so dass Sie sicher sein k\u00f6nnen, dass Ihre Informationen gesch\u00fctzt sind. Da es sich jedoch um eine Hookup-App handelt, gibt es ein paar gef\u00e4lschte Profile und Betr\u00fcger, also seien Sie vorsichtig beim Wischen. Insgesamt ist Xpress eine gro\u00dfartige Option, wenn Sie nach einer schnellen und einfachen M\u00f6glichkeit suchen, jemanden f\u00fcr eine schnelle Verbindung zu treffen.<\/p>\n","protected":false},"excerpt":{"rendered":"<p>Wenn sich zwei Menschen zum Sex treffen, liegt das normalerweise daran, dass sie sich zueinander hingezogen f\u00fchlen und Geschlechtsverkehr haben wollen. Manchmal treffen sich Menschen zum Sex, weil sie nach einer zuf\u00e4lligen sexuellen Begegnung ohne emotionale Bindung suchen; Dies ist jedoch nicht immer der Fall. Menschen k\u00f6nnen sich auch zum Sex treffen, weil sie in&#8230;<a class=\"read-more-link button\" href=\"https:\/\/theyoungmessiah.com\/de\/treffen-sie-sich-zum-sex\/\">Read more<\/a><\/p>\n","protected":false},"author":1,"featured_media":0,"parent":0,"menu_order":0,"comment_status":"closed","ping_status":"closed","template":"","meta":[],"yoast_head":"<!-- This site is optimized with the Yoast SEO plugin v17.7.1 - https:\/\/yoast.com\/wordpress\/plugins\/seo\/ -->\n<title>Treffen Sie sich zum Sex - Online Adult Dating<\/title>\n<meta name=\"robots\" content=\"index, follow, max-snippet:-1, max-image-preview:large, max-video-preview:-1\" \/>\n<link rel=\"canonical\" href=\"https:\/\/theyoungmessiah.com\/de\/treffen-sie-sich-zum-sex\/\" \/>\n<meta property=\"og:locale\" content=\"de_DE\" \/>\n<meta property=\"og:type\" content=\"article\" \/>\n<meta property=\"og:title\" content=\"Treffen Sie sich zum Sex - Online Adult Dating\" \/>\n<meta property=\"og:description\" content=\"Wenn sich zwei Menschen zum Sex treffen, liegt das normalerweise daran, dass sie sich zueinander hingezogen f\u00fchlen und Geschlechtsverkehr haben wollen. Manchmal treffen sich Menschen zum Sex, weil sie nach einer zuf\u00e4lligen sexuellen Begegnung ohne emotionale Bindung suchen; Dies ist jedoch nicht immer der Fall. Menschen k\u00f6nnen sich auch zum Sex treffen, weil sie in...Read more\" \/>\n<meta property=\"og:url\" content=\"https:\/\/theyoungmessiah.com\/de\/treffen-sie-sich-zum-sex\/\" \/>\n<meta property=\"og:site_name\" content=\"Online Adult Dating\" \/>\n<meta name=\"twitter:card\" content=\"summary_large_image\" \/>\n<meta name=\"twitter:label1\" content=\"Gesch\u00e4tzte Lesezeit\" \/>\n\t<meta name=\"twitter:data1\" content=\"4\u00a0Minuten\" \/>\n<script type=\"application\/ld+json\" class=\"yoast-schema-graph\">{\"@context\":\"https:\/\/schema.org\",\"@graph\":[{\"@type\":\"WebSite\",\"@id\":\"https:\/\/theyoungmessiah.com\/de\/#website\",\"url\":\"https:\/\/theyoungmessiah.com\/de\/\",\"name\":\"Online Adult Dating\",\"description\":\"Local Sex Hookups\",\"potentialAction\":[{\"@type\":\"SearchAction\",\"target\":{\"@type\":\"EntryPoint\",\"urlTemplate\":\"https:\/\/theyoungmessiah.com\/de\/?s={search_term_string}\"},\"query-input\":\"required name=search_term_string\"}],\"inLanguage\":\"de\"},{\"@type\":\"WebPage\",\"@id\":\"https:\/\/theyoungmessiah.com\/de\/treffen-sie-sich-zum-sex\/#webpage\",\"url\":\"https:\/\/theyoungmessiah.com\/de\/treffen-sie-sich-zum-sex\/\",\"name\":\"Treffen Sie sich zum Sex - Online Adult Dating\",\"isPartOf\":{\"@id\":\"https:\/\/theyoungmessiah.com\/de\/#website\"},\"datePublished\":\"2022-10-12T13:00:11+00:00\",\"dateModified\":\"2022-10-12T13:00:11+00:00\",\"breadcrumb\":{\"@id\":\"https:\/\/theyoungmessiah.com\/de\/treffen-sie-sich-zum-sex\/#breadcrumb\"},\"inLanguage\":\"de\",\"potentialAction\":[{\"@type\":\"ReadAction\",\"target\":[\"https:\/\/theyoungmessiah.com\/de\/treffen-sie-sich-zum-sex\/\"]}]},{\"@type\":\"BreadcrumbList\",\"@id\":\"https:\/\/theyoungmessiah.com\/de\/treffen-sie-sich-zum-sex\/#breadcrumb\",\"itemListElement\":[{\"@type\":\"ListItem\",\"position\":1,\"name\":\"Home\",\"item\":\"http:\/\/theyoungmessiah.com\/de\/\"},{\"@type\":\"ListItem\",\"position\":2,\"name\":\"Treffen Sie sich zum Sex\"}]}]}<\/script>\n<!-- \/ Yoast SEO plugin. -->","yoast_head_json":{"title":"Treffen Sie sich zum Sex - Online Adult Dating","robots":{"index":"index","follow":"follow","max-snippet":"max-snippet:-1","max-image-preview":"max-image-preview:large","max-video-preview":"max-video-preview:-1"},"canonical":"https:\/\/theyoungmessiah.com\/de\/treffen-sie-sich-zum-sex\/","og_locale":"de_DE","og_type":"article","og_title":"Treffen Sie sich zum Sex - Online Adult Dating","og_description":"Wenn sich zwei Menschen zum Sex treffen, liegt das normalerweise daran, dass sie sich zueinander hingezogen f\u00fchlen und Geschlechtsverkehr haben wollen. Manchmal treffen sich Menschen zum Sex, weil sie nach einer zuf\u00e4lligen sexuellen Begegnung ohne emotionale Bindung suchen; Dies ist jedoch nicht immer der Fall. Menschen k\u00f6nnen sich auch zum Sex treffen, weil sie in...Read more","og_url":"https:\/\/theyoungmessiah.com\/de\/treffen-sie-sich-zum-sex\/","og_site_name":"Online Adult Dating","twitter_card":"summary_large_image","twitter_misc":{"Gesch\u00e4tzte Lesezeit":"4\u00a0Minuten"},"schema":{"@context":"https:\/\/schema.org","@graph":[{"@type":"WebSite","@id":"https:\/\/theyoungmessiah.com\/de\/#website","url":"https:\/\/theyoungmessiah.com\/de\/","name":"Online Adult Dating","description":"Local Sex Hookups","potentialAction":[{"@type":"SearchAction","target":{"@type":"EntryPoint","urlTemplate":"https:\/\/theyoungmessiah.com\/de\/?s={search_term_string}"},"query-input":"required name=search_term_string"}],"inLanguage":"de"},{"@type":"WebPage","@id":"https:\/\/theyoungmessiah.com\/de\/treffen-sie-sich-zum-sex\/#webpage","url":"https:\/\/theyoungmessiah.com\/de\/treffen-sie-sich-zum-sex\/","name":"Treffen Sie sich zum Sex - Online Adult Dating","isPartOf":{"@id":"https:\/\/theyoungmessiah.com\/de\/#website"},"datePublished":"2022-10-12T13:00:11+00:00","dateModified":"2022-10-12T13:00:11+00:00","breadcrumb":{"@id":"https:\/\/theyoungmessiah.com\/de\/treffen-sie-sich-zum-sex\/#breadcrumb"},"inLanguage":"de","potentialAction":[{"@type":"ReadAction","target":["https:\/\/theyoungmessiah.com\/de\/treffen-sie-sich-zum-sex\/"]}]},{"@type":"BreadcrumbList","@id":"https:\/\/theyoungmessiah.com\/de\/treffen-sie-sich-zum-sex\/#breadcrumb","itemListElement":[{"@type":"ListItem","position":1,"name":"Home","item":"http:\/\/theyoungmessiah.com\/de\/"},{"@type":"ListItem","position":2,"name":"Treffen Sie sich zum Sex"}]}]}},"_links":{"self":[{"href":"https:\/\/theyoungmessiah.com\/de\/wp-json\/wp\/v2\/pages\/160"}],"collection":[{"href":"https:\/\/theyoungmessiah.com\/de\/wp-json\/wp\/v2\/pages"}],"about":[{"href":"https:\/\/theyoungmessiah.com\/de\/wp-json\/wp\/v2\/types\/page"}],"author":[{"embeddable":true,"href":"https:\/\/theyoungmessiah.com\/de\/wp-json\/wp\/v2\/users\/1"}],"replies":[{"embeddable":true,"href":"https:\/\/theyoungmessiah.com\/de\/wp-json\/wp\/v2\/comments?post=160"}],"version-history":[{"count":0,"href":"https:\/\/theyoungmessiah.com\/de\/wp-json\/wp\/v2\/pages\/160\/revisions"}],"wp:attachment":[{"href":"https:\/\/theyoungmessiah.com\/de\/wp-json\/wp\/v2\/media?parent=160"}],"curies":[{"name":"wp","href":"https:\/\/api.w.org\/{rel}","templated":true}]}}