{"id":163,"date":"2022-10-12T13:59:19","date_gmt":"2022-10-12T12:59:19","guid":{"rendered":"http:\/\/theyoungmessiah.com\/kink-dating-sites\/"},"modified":"2022-10-12T13:59:19","modified_gmt":"2022-10-12T12:59:19","slug":"kink-dating-sites","status":"publish","type":"page","link":"https:\/\/theyoungmessiah.com\/de\/kink-dating-sites\/","title":{"rendered":"Kink Dating-Sites"},"content":{"rendered":"<p>Es gibt eine Vielzahl von Kink-Dating-Sites f\u00fcr Menschen, die daran interessiert sind, ihre sexuellen Fetische und Knicke zu erforschen. Diese Websites bieten eine sichere und komfortable Umgebung f\u00fcr Menschen, um sich mit anderen zu verbinden, die \u00e4hnliche Interessen teilen. Kink-Dating-Sites k\u00f6nnen eine gro\u00dfartige M\u00f6glichkeit sein, neue Leute kennenzulernen und Ihre Sexualit\u00e4t auf sichere und einvernehmliche Weise zu erkunden.<\/p>\n<h2>Lokale BDSM-Verbindung<\/h2>\n<p>Wenn Sie nach lokalen BDSM-Verbindungen suchen, gibt es ein paar Dinge, die Sie beachten sollten. Zun\u00e4chst ist es wichtig, eine Gruppe oder Community zu finden, mit der Sie sich wohl f\u00fchlen. Es gibt viele verschiedene BDSM-Gruppen da drau\u00dfen, daher ist es wichtig, eine zu finden, zu der Sie passen. Sobald Sie eine Gruppe gefunden haben, besteht der n\u00e4chste Schritt darin, jemanden zu finden, mit dem Sie kompatibel sind. Dies kann durch die Teilnahme an Veranstaltungen oder das Treffen von Personen online erfolgen. Sobald Sie jemanden gefunden haben, ist es wichtig, zu kommunizieren und sicherzustellen, dass Sie beide auf der gleichen Seite sind. BDSM kann viel Spa\u00df machen, aber es ist wichtig sicherzustellen, dass sich alle wohl und sicher f\u00fchlen.<\/p>\n<p>Es gibt viele Bondage-Dating-Sites, die sich an diejenigen richten, die sich f\u00fcr BDSM und kinkigeres Sexspiel interessieren. Sie k\u00f6nnen nach lokalen Mitgliedern suchen, die sich f\u00fcr die gleichen Dinge wie Sie interessieren und in der N\u00e4he wohnen. Dies macht es einfach, sich f\u00fcr einen versauten Spa\u00df zu treffen. Viele dieser Websites haben kostenlose Mitgliedschaften, so dass Sie sie ausprobieren k\u00f6nnen, bevor Sie sich zu etwas verpflichten. Stellen Sie nur sicher, dass Sie zuerst die Bewertungen lesen, um zu sehen, was andere Leute von ihrer Erfahrung gehalten haben.<\/p>\n<h2>Kostenlose Kinky Personals<\/h2>\n<p>Es gibt viele kinky Kontaktanzeigen online, und sie sind alle kostenlos zu verwenden. Sie k\u00f6nnen kinky Singles in Ihrer N\u00e4he finden, die auf alle Arten von Knicken und Fetischen stehen. Egal, ob Sie sich f\u00fcr BDSM, Fu\u00dffetisch oder etwas anderes interessieren, Sie werden in der Lage sein, jemanden zu finden, der Ihre Interessen auf einer verworrenen Kontaktanzeigenseite teilt.<\/p>\n<h3>AdultFriendFinder<\/h3>\n<p>AdultFriendFinder ist eine der beliebtesten Dating-Apps f\u00fcr Kinkster. Es hat eine gro\u00dfe Benutzerbasis und ist in der Kink-Community sehr beliebt. Die App ist einfach zu bedienen und verf\u00fcgt \u00fcber viele Funktionen. Sie k\u00f6nnen nach Benutzern nach Standort, Alter, Geschlecht und Interessen suchen. Die App verf\u00fcgt auch \u00fcber eine Messaging-Funktion, mit der Sie mit anderen Benutzern kommunizieren k\u00f6nnen. Die App ist kostenlos zu verwenden, aber es gibt eine kostenpflichtige Abonnementoption, wenn Sie auf weitere Funktionen zugreifen m\u00f6chten.<\/p>\n<h3>Rubkarten<\/h3>\n<p>Rubmaps ist eine neue Dating-App, die sich an Kinkster und Fetster gleicherma\u00dfen richtet. Es ist ein einfaches Konzept: Benutzer erstellen ein Profil und durchsuchen dann potenzielle \u00dcbereinstimmungen und senden Nachrichten an diejenigen, an denen sie interessiert sind. Die App kann kostenlos heruntergeladen und verwendet werden, und es gibt keine Werbung. Es gibt jedoch ein Premium-Abonnement, das zus\u00e4tzliche Funktionen freischaltet, z. B. unbegrenztes Messaging und die M\u00f6glichkeit zu sehen, wer Ihr Profil angesehen hat. Egal, ob Sie nach einer versauten Verbindung oder einer langfristigen BDSM-Beziehung suchen, Rubmaps ist einen Besuch wert.<\/p>\n<h3>CharmDate<\/h3>\n<p>Wenn Sie nach einer Kink-Dating-Site suchen, die sowohl Spa\u00df macht als auch einfach zu bedienen ist, sollten Sie sich CharmDate ansehen. Die App verf\u00fcgt \u00fcber eine saubere und moderne Benutzeroberfl\u00e4che, die das Finden und Chatten mit potenziellen \u00dcbereinstimmungen zu einem Kinderspiel macht. Dar\u00fcber hinaus machen es die umfangreichen Such- und Filteroptionen der Website einfach, jemanden zu finden, der Ihren spezifischen Knick- und Beziehungsbed\u00fcrfnissen entspricht.<\/p>\n<p>Ein Nachteil von CharmDate ist jedoch, dass es nicht die g\u00fcnstigste Option ist. Wenn Sie jedoch bereit sind, f\u00fcr eine Premium-Mitgliedschaft zu bezahlen, erhalten Sie Zugriff auf eine Vielzahl von Funktionen, die die Website den Preis wert machen, einschlie\u00dflich unbegrenzter Nachrichten, erweiterter Suchoptionen und der M\u00f6glichkeit, Fotos und Videos anzuzeigen.<\/p>\n<h3>BBWCupid<\/h3>\n<p>BBWCupid ist eine gro\u00dfartige Dating-App f\u00fcr Plus-Size-Singles oder diejenigen, die an Plus-Size-Partnern interessiert sind. Die App ist einfach zu bedienen und verf\u00fcgt \u00fcber viele gro\u00dfartige Funktionen wie Suchfilter und Messaging. Der einzige Nachteil ist, dass es keine sehr gro\u00dfe Benutzerbasis hat, so dass Sie m\u00f6glicherweise nicht so viele potenzielle \u00dcbereinstimmungen finden wie in einer beliebteren App. Wenn Sie jedoch speziell nach einem Plus-Size-Partner suchen, ist BBWCupid auf jeden Fall einen Versuch wert!<\/p>\n","protected":false},"excerpt":{"rendered":"<p>Es gibt eine Vielzahl von Kink-Dating-Sites f\u00fcr Menschen, die daran interessiert sind, ihre sexuellen Fetische und Knicke zu erforschen. Diese Websites bieten eine sichere und komfortable Umgebung f\u00fcr Menschen, um sich mit anderen zu verbinden, die \u00e4hnliche Interessen teilen. Kink-Dating-Sites k\u00f6nnen eine gro\u00dfartige M\u00f6glichkeit sein, neue Leute kennenzulernen und Ihre Sexualit\u00e4t auf sichere und einvernehmliche&#8230;<a class=\"read-more-link button\" href=\"https:\/\/theyoungmessiah.com\/de\/kink-dating-sites\/\">Read more<\/a><\/p>\n","protected":false},"author":1,"featured_media":0,"parent":0,"menu_order":0,"comment_status":"closed","ping_status":"closed","template":"","meta":[],"yoast_head":"<!-- This site is optimized with the Yoast SEO plugin v17.7.1 - https:\/\/yoast.com\/wordpress\/plugins\/seo\/ -->\n<title>Kink Dating-Sites - Online Adult Dating<\/title>\n<meta name=\"robots\" content=\"index, follow, max-snippet:-1, max-image-preview:large, max-video-preview:-1\" \/>\n<link rel=\"canonical\" href=\"https:\/\/theyoungmessiah.com\/de\/kink-dating-sites\/\" \/>\n<meta property=\"og:locale\" content=\"de_DE\" \/>\n<meta property=\"og:type\" content=\"article\" \/>\n<meta property=\"og:title\" content=\"Kink Dating-Sites - Online Adult Dating\" \/>\n<meta property=\"og:description\" content=\"Es gibt eine Vielzahl von Kink-Dating-Sites f\u00fcr Menschen, die daran interessiert sind, ihre sexuellen Fetische und Knicke zu erforschen. Diese Websites bieten eine sichere und komfortable Umgebung f\u00fcr Menschen, um sich mit anderen zu verbinden, die \u00e4hnliche Interessen teilen. Kink-Dating-Sites k\u00f6nnen eine gro\u00dfartige M\u00f6glichkeit sein, neue Leute kennenzulernen und Ihre Sexualit\u00e4t auf sichere und einvernehmliche...Read more\" \/>\n<meta property=\"og:url\" content=\"https:\/\/theyoungmessiah.com\/de\/kink-dating-sites\/\" \/>\n<meta property=\"og:site_name\" content=\"Online Adult Dating\" \/>\n<meta name=\"twitter:card\" content=\"summary_large_image\" \/>\n<meta name=\"twitter:label1\" content=\"Gesch\u00e4tzte Lesezeit\" \/>\n\t<meta name=\"twitter:data1\" content=\"4\u00a0Minuten\" \/>\n<script type=\"application\/ld+json\" class=\"yoast-schema-graph\">{\"@context\":\"https:\/\/schema.org\",\"@graph\":[{\"@type\":\"WebSite\",\"@id\":\"https:\/\/theyoungmessiah.com\/de\/#website\",\"url\":\"https:\/\/theyoungmessiah.com\/de\/\",\"name\":\"Online Adult Dating\",\"description\":\"Local Sex Hookups\",\"potentialAction\":[{\"@type\":\"SearchAction\",\"target\":{\"@type\":\"EntryPoint\",\"urlTemplate\":\"https:\/\/theyoungmessiah.com\/de\/?s={search_term_string}\"},\"query-input\":\"required name=search_term_string\"}],\"inLanguage\":\"de\"},{\"@type\":\"WebPage\",\"@id\":\"https:\/\/theyoungmessiah.com\/de\/kink-dating-sites\/#webpage\",\"url\":\"https:\/\/theyoungmessiah.com\/de\/kink-dating-sites\/\",\"name\":\"Kink Dating-Sites - Online Adult Dating\",\"isPartOf\":{\"@id\":\"https:\/\/theyoungmessiah.com\/de\/#website\"},\"datePublished\":\"2022-10-12T12:59:19+00:00\",\"dateModified\":\"2022-10-12T12:59:19+00:00\",\"breadcrumb\":{\"@id\":\"https:\/\/theyoungmessiah.com\/de\/kink-dating-sites\/#breadcrumb\"},\"inLanguage\":\"de\",\"potentialAction\":[{\"@type\":\"ReadAction\",\"target\":[\"https:\/\/theyoungmessiah.com\/de\/kink-dating-sites\/\"]}]},{\"@type\":\"BreadcrumbList\",\"@id\":\"https:\/\/theyoungmessiah.com\/de\/kink-dating-sites\/#breadcrumb\",\"itemListElement\":[{\"@type\":\"ListItem\",\"position\":1,\"name\":\"Home\",\"item\":\"http:\/\/theyoungmessiah.com\/de\/\"},{\"@type\":\"ListItem\",\"position\":2,\"name\":\"Kink Dating-Sites\"}]}]}<\/script>\n<!-- \/ Yoast SEO plugin. -->","yoast_head_json":{"title":"Kink Dating-Sites - Online Adult Dating","robots":{"index":"index","follow":"follow","max-snippet":"max-snippet:-1","max-image-preview":"max-image-preview:large","max-video-preview":"max-video-preview:-1"},"canonical":"https:\/\/theyoungmessiah.com\/de\/kink-dating-sites\/","og_locale":"de_DE","og_type":"article","og_title":"Kink Dating-Sites - Online Adult Dating","og_description":"Es gibt eine Vielzahl von Kink-Dating-Sites f\u00fcr Menschen, die daran interessiert sind, ihre sexuellen Fetische und Knicke zu erforschen. Diese Websites bieten eine sichere und komfortable Umgebung f\u00fcr Menschen, um sich mit anderen zu verbinden, die \u00e4hnliche Interessen teilen. Kink-Dating-Sites k\u00f6nnen eine gro\u00dfartige M\u00f6glichkeit sein, neue Leute kennenzulernen und Ihre Sexualit\u00e4t auf sichere und einvernehmliche...Read more","og_url":"https:\/\/theyoungmessiah.com\/de\/kink-dating-sites\/","og_site_name":"Online Adult Dating","twitter_card":"summary_large_image","twitter_misc":{"Gesch\u00e4tzte Lesezeit":"4\u00a0Minuten"},"schema":{"@context":"https:\/\/schema.org","@graph":[{"@type":"WebSite","@id":"https:\/\/theyoungmessiah.com\/de\/#website","url":"https:\/\/theyoungmessiah.com\/de\/","name":"Online Adult Dating","description":"Local Sex Hookups","potentialAction":[{"@type":"SearchAction","target":{"@type":"EntryPoint","urlTemplate":"https:\/\/theyoungmessiah.com\/de\/?s={search_term_string}"},"query-input":"required name=search_term_string"}],"inLanguage":"de"},{"@type":"WebPage","@id":"https:\/\/theyoungmessiah.com\/de\/kink-dating-sites\/#webpage","url":"https:\/\/theyoungmessiah.com\/de\/kink-dating-sites\/","name":"Kink Dating-Sites - Online Adult Dating","isPartOf":{"@id":"https:\/\/theyoungmessiah.com\/de\/#website"},"datePublished":"2022-10-12T12:59:19+00:00","dateModified":"2022-10-12T12:59:19+00:00","breadcrumb":{"@id":"https:\/\/theyoungmessiah.com\/de\/kink-dating-sites\/#breadcrumb"},"inLanguage":"de","potentialAction":[{"@type":"ReadAction","target":["https:\/\/theyoungmessiah.com\/de\/kink-dating-sites\/"]}]},{"@type":"BreadcrumbList","@id":"https:\/\/theyoungmessiah.com\/de\/kink-dating-sites\/#breadcrumb","itemListElement":[{"@type":"ListItem","position":1,"name":"Home","item":"http:\/\/theyoungmessiah.com\/de\/"},{"@type":"ListItem","position":2,"name":"Kink Dating-Sites"}]}]}},"_links":{"self":[{"href":"https:\/\/theyoungmessiah.com\/de\/wp-json\/wp\/v2\/pages\/163"}],"collection":[{"href":"https:\/\/theyoungmessiah.com\/de\/wp-json\/wp\/v2\/pages"}],"about":[{"href":"https:\/\/theyoungmessiah.com\/de\/wp-json\/wp\/v2\/types\/page"}],"author":[{"embeddable":true,"href":"https:\/\/theyoungmessiah.com\/de\/wp-json\/wp\/v2\/users\/1"}],"replies":[{"embeddable":true,"href":"https:\/\/theyoungmessiah.com\/de\/wp-json\/wp\/v2\/comments?post=163"}],"version-history":[{"count":0,"href":"https:\/\/theyoungmessiah.com\/de\/wp-json\/wp\/v2\/pages\/163\/revisions"}],"wp:attachment":[{"href":"https:\/\/theyoungmessiah.com\/de\/wp-json\/wp\/v2\/media?parent=163"}],"curies":[{"name":"wp","href":"https:\/\/api.w.org\/{rel}","templated":true}]}}