{"id":186,"date":"2022-10-12T13:52:44","date_gmt":"2022-10-12T12:52:44","guid":{"rendered":"http:\/\/theyoungmessiah.com\/ebenholz-anschluesse\/"},"modified":"2022-10-12T13:52:44","modified_gmt":"2022-10-12T12:52:44","slug":"ebenholz-anschluesse","status":"publish","type":"page","link":"https:\/\/theyoungmessiah.com\/de\/ebenholz-anschluesse\/","title":{"rendered":"Ebenholz-Anschl\u00fcsse"},"content":{"rendered":"<p>Es gibt eine Reihe von kostenlosen schwarzen <a href=\"http:\/\/theyoungmessiah.com\/senior-dating-apps\/\">Hookup-Sites, die online verf\u00fcgbar<\/a> sind. Diese Websites bieten eine Plattform f\u00fcr schwarze Singles, um sich mit Gleichgesinnten zu verbinden und sich mit ihnen zu verbinden. Die Websites sind einfach zu bedienen und erm\u00f6glichen es Benutzern, ein Profil zu erstellen und die Profile anderer Mitglieder zu durchsuchen. Einige der beliebtesten kostenlosen schwarzen Hookup-Sites sind BlackPeopleMeet und BlackSingles.<\/p>\n<h2>Schwarze kostenlose Dating-Apps<\/h2>\n<p>Es gibt viele schwarze kostenlose Dating-Apps im Internet. Einer der beliebtesten ist Tinder. Tinder erm\u00f6glicht es Benutzern, nach rechts zu wischen, wenn sie an der Person interessiert sind, die sie betrachten, und nach links, wenn sie es nicht sind. Wenn beide Benutzer nach rechts aufeinander wischen, sind sie ein Match und k\u00f6nnen mit dem Chatten beginnen. Tinder ist eine beliebte Wahl f\u00fcr schwarze Singles, da es eine der benutzerfreundlichsten und unkompliziertesten Dating-Apps auf dem Markt ist. Eine weitere beliebte schwarze kostenlose Dating-App ist Plenty of Fish. Diese App erm\u00f6glicht es Benutzern, ein Profil zu erstellen und durch potenzielle \u00dcbereinstimmungen zu bl\u00e4ttern. Benutzer k\u00f6nnen sich gegenseitig Nachrichten senden und Termine festlegen, wenn sie interessiert sind. Plenty of Fish ist eine gro\u00dfartige Option f\u00fcr schwarze Singles, die nach einer ernsteren Beziehung suchen.<\/p>\n<p>Wenn Sie nach Ebenholz-Hookups suchen, dann ist Online-Dating der richtige Weg. Sie k\u00f6nnen Ebenholz-Singles auf Dating-Sites und Apps finden, die sich an schwarze Singles richten, und Sie k\u00f6nnen mit ihnen Nachrichten senden und chatten, um sie besser kennenzulernen. Sobald Sie jemanden gefunden haben, an dem Sie interessiert sind, k\u00f6nnen Sie sich pers\u00f6nlich treffen, um zu sehen, ob es einen Funken gibt. Wenn ihr beide an einander interessiert seid, dann k\u00f6nnt ihr die Dinge auf die n\u00e4chste Ebene bringen und eine Beziehung beginnen. Online-Dating macht es einfach, Ebenholzanschl\u00fcsse zu finden, also warum probieren Sie es nicht aus?<\/p>\n<h2>Verabrede dich mit einer Ebenholzdame<\/h2>\n<p>Wenn Sie mit einer Ebenholzdame ausgehen m\u00f6chten, gibt es ein paar Dinge, die Sie beachten sollten. Erstens sind Ebenholz-Damen in der Regel sehr selbstbewusst und unabh\u00e4ngig, also m\u00fcssen Sie sich damit wohl f\u00fchlen. Zweitens f\u00fchlen sie sich oft zu M\u00e4nnern hingezogen, die erfolgreich und ehrgeizig sind, daher ist es wichtig, ihr zu zeigen, dass Sie motiviert sind und Ziele haben. Schlie\u00dflich bevorzugen Ebenholz-Damen oft M\u00e4nner, die gro\u00df und muskul\u00f6s sind, daher ist es wichtig, Ihre besten k\u00f6rperlichen Eigenschaften zu zeigen. Mit diesen Tipps im Hinterkopf sind Sie auf dem besten Weg, die Ebenholzdame Ihrer Tr\u00e4ume zu beeindrucken.<\/p>\n<h3>Lovoo<\/h3>\n<p>Lovoo ist eine kostenlose schwarze Hookup-Site, mit der Sie schwarze Singles in Ihrer N\u00e4he finden k\u00f6nnen. Die Website verf\u00fcgt \u00fcber eine gro\u00dfe Datenbank mit schwarzen Singles, und Sie k\u00f6nnen die Suchfunktion verwenden, um schwarze Singles zu finden, die Ihren Kriterien entsprechen. Die Seite hat auch eine Chat-Funktion, so dass Sie mit schwarzen Singles chatten k\u00f6nnen, an denen Sie interessiert sind. Die Seite hat auch eine Video-Funktion, so dass Sie schwarze Singles sehen k\u00f6nnen, an denen Sie interessiert sind. Die Seite hat auch eine Blog-Funktion, so dass Sie schwarze Singles lesen k\u00f6nnen, an denen Sie interessiert sind. Die Seite hat auch eine Forumsfunktion, so dass Sie schwarze Singles diskutieren k\u00f6nnen, an denen Sie interessiert sind.<\/p>\n<h3>TinderTrifft<\/h3>\n<p>Wenn Sie nach einer kostenlosen schwarzen Anschlussseite suchen, ist TinderMeets eine gro\u00dfartige Option. Die Website verf\u00fcgt \u00fcber eine saubere, benutzerfreundliche Oberfl\u00e4che und bietet eine breite Palette von Funktionen, die Ihnen helfen, eine \u00dcbereinstimmung zu finden. Sie k\u00f6nnen nach \u00dcbereinstimmungen nach Standort, Alter und Interessen suchen und Profile auf verschiedene Arten anzeigen. Die Website verf\u00fcgt auch \u00fcber ein Messaging-System, sodass Sie potenzielle \u00dcbereinstimmungen kennenlernen k\u00f6nnen, bevor Sie sich pers\u00f6nlich treffen.<\/p>\n<p>Insgesamt ist TinderMeets eine gro\u00dfartige Option, um eine kostenlose schwarze Anschlussseite zu finden. Die Website ist einfach zu bedienen und verf\u00fcgt \u00fcber viele Funktionen, mit denen Sie eine \u00dcbereinstimmung finden k\u00f6nnen. Der einzige Nachteil ist, dass die Website nicht viele Mitglieder hat, so dass Sie m\u00f6glicherweise eine Weile suchen m\u00fcssen, um jemanden zu finden, der gut zu Ihnen passt.<\/p>\n<h3>FlingPals<\/h3>\n<p>Wenn Sie nach einer kostenlosen schwarzen Hookup-Site suchen, sollten Sie sich unbedingt FlingPals ansehen. Diese Seite wurde speziell f\u00fcr schwarze Singles entwickelt, die nach l\u00e4ssigen Verbindungen suchen. Sie k\u00f6nnen ein Profil erstellen, andere Profile durchsuchen und Nachrichten kostenlos senden.<\/p>\n<p>Die Seite ist einfach zu bedienen und hat viele tolle Funktionen. Sie k\u00f6nnen nach anderen schwarzen Singles nach Standort, Alter und Interessen suchen. Sie k\u00f6nnen auch Fotos und Videos von anderen Mitgliedern anzeigen.<\/p>\n<p>Insgesamt ist FlingPals eine gute Wahl f\u00fcr schwarze Singles, die nach einer l\u00e4ssigen Hookup-Site suchen. Die Website ist kostenlos zu nutzen und verf\u00fcgt \u00fcber viele gro\u00dfartige Funktionen.<\/p>\n<h3>Zoosk<\/h3>\n<p>Zoosk ist eine Dating-App, mit der Sie sich \u00fcber Facebook, Ihre Telefonnummer oder Ihre E-Mail-Adresse mit potenziellen \u00dcbereinstimmungen verbinden k\u00f6nnen. Sie k\u00f6nnen auch ein Profil erstellen, das es anderen Benutzern erm\u00f6glicht, Sie basierend auf Ihren Interessen und Vorlieben zu finden. Zoosk hat auch eine &#8222;Karussell&#8220; -Funktion, mit der Sie durch potenzielle \u00dcbereinstimmungen wischen und ihnen direkt Nachrichten senden k\u00f6nnen. Zoosk ist eine kostenlose App, aber Sie k\u00f6nnen ein Upgrade auf eine kostenpflichtige Mitgliedschaft durchf\u00fchren, um weitere Funktionen freizuschalten.<\/p>\n","protected":false},"excerpt":{"rendered":"<p>Es gibt eine Reihe von kostenlosen schwarzen Hookup-Sites, die online verf\u00fcgbar sind. Diese Websites bieten eine Plattform f\u00fcr schwarze Singles, um sich mit Gleichgesinnten zu verbinden und sich mit ihnen zu verbinden. Die Websites sind einfach zu bedienen und erm\u00f6glichen es Benutzern, ein Profil zu erstellen und die Profile anderer Mitglieder zu durchsuchen. Einige der&#8230;<a class=\"read-more-link button\" href=\"https:\/\/theyoungmessiah.com\/de\/ebenholz-anschluesse\/\">Read more<\/a><\/p>\n","protected":false},"author":1,"featured_media":0,"parent":0,"menu_order":0,"comment_status":"closed","ping_status":"closed","template":"","meta":[],"yoast_head":"<!-- This site is optimized with the Yoast SEO plugin v17.7.1 - https:\/\/yoast.com\/wordpress\/plugins\/seo\/ -->\n<title>Ebenholz-Anschl\u00fcsse - Online Adult Dating<\/title>\n<meta name=\"robots\" content=\"index, follow, max-snippet:-1, max-image-preview:large, max-video-preview:-1\" \/>\n<link rel=\"canonical\" href=\"https:\/\/theyoungmessiah.com\/de\/ebenholz-anschluesse\/\" \/>\n<meta property=\"og:locale\" content=\"de_DE\" \/>\n<meta property=\"og:type\" content=\"article\" \/>\n<meta property=\"og:title\" content=\"Ebenholz-Anschl\u00fcsse - Online Adult Dating\" \/>\n<meta property=\"og:description\" content=\"Es gibt eine Reihe von kostenlosen schwarzen Hookup-Sites, die online verf\u00fcgbar sind. Diese Websites bieten eine Plattform f\u00fcr schwarze Singles, um sich mit Gleichgesinnten zu verbinden und sich mit ihnen zu verbinden. Die Websites sind einfach zu bedienen und erm\u00f6glichen es Benutzern, ein Profil zu erstellen und die Profile anderer Mitglieder zu durchsuchen. Einige der...Read more\" \/>\n<meta property=\"og:url\" content=\"https:\/\/theyoungmessiah.com\/de\/ebenholz-anschluesse\/\" \/>\n<meta property=\"og:site_name\" content=\"Online Adult Dating\" \/>\n<meta name=\"twitter:card\" content=\"summary_large_image\" \/>\n<meta name=\"twitter:label1\" content=\"Gesch\u00e4tzte Lesezeit\" \/>\n\t<meta name=\"twitter:data1\" content=\"4\u00a0Minuten\" \/>\n<script type=\"application\/ld+json\" class=\"yoast-schema-graph\">{\"@context\":\"https:\/\/schema.org\",\"@graph\":[{\"@type\":\"WebSite\",\"@id\":\"https:\/\/theyoungmessiah.com\/de\/#website\",\"url\":\"https:\/\/theyoungmessiah.com\/de\/\",\"name\":\"Online Adult Dating\",\"description\":\"Local Sex Hookups\",\"potentialAction\":[{\"@type\":\"SearchAction\",\"target\":{\"@type\":\"EntryPoint\",\"urlTemplate\":\"https:\/\/theyoungmessiah.com\/de\/?s={search_term_string}\"},\"query-input\":\"required name=search_term_string\"}],\"inLanguage\":\"de\"},{\"@type\":\"WebPage\",\"@id\":\"https:\/\/theyoungmessiah.com\/de\/ebenholz-anschluesse\/#webpage\",\"url\":\"https:\/\/theyoungmessiah.com\/de\/ebenholz-anschluesse\/\",\"name\":\"Ebenholz-Anschl\\u00fcsse - Online Adult Dating\",\"isPartOf\":{\"@id\":\"https:\/\/theyoungmessiah.com\/de\/#website\"},\"datePublished\":\"2022-10-12T12:52:44+00:00\",\"dateModified\":\"2022-10-12T12:52:44+00:00\",\"breadcrumb\":{\"@id\":\"https:\/\/theyoungmessiah.com\/de\/ebenholz-anschluesse\/#breadcrumb\"},\"inLanguage\":\"de\",\"potentialAction\":[{\"@type\":\"ReadAction\",\"target\":[\"https:\/\/theyoungmessiah.com\/de\/ebenholz-anschluesse\/\"]}]},{\"@type\":\"BreadcrumbList\",\"@id\":\"https:\/\/theyoungmessiah.com\/de\/ebenholz-anschluesse\/#breadcrumb\",\"itemListElement\":[{\"@type\":\"ListItem\",\"position\":1,\"name\":\"Home\",\"item\":\"http:\/\/theyoungmessiah.com\/de\/\"},{\"@type\":\"ListItem\",\"position\":2,\"name\":\"Ebenholz-Anschl\\u00fcsse\"}]}]}<\/script>\n<!-- \/ Yoast SEO plugin. -->","yoast_head_json":{"title":"Ebenholz-Anschl\u00fcsse - Online Adult Dating","robots":{"index":"index","follow":"follow","max-snippet":"max-snippet:-1","max-image-preview":"max-image-preview:large","max-video-preview":"max-video-preview:-1"},"canonical":"https:\/\/theyoungmessiah.com\/de\/ebenholz-anschluesse\/","og_locale":"de_DE","og_type":"article","og_title":"Ebenholz-Anschl\u00fcsse - Online Adult Dating","og_description":"Es gibt eine Reihe von kostenlosen schwarzen Hookup-Sites, die online verf\u00fcgbar sind. Diese Websites bieten eine Plattform f\u00fcr schwarze Singles, um sich mit Gleichgesinnten zu verbinden und sich mit ihnen zu verbinden. Die Websites sind einfach zu bedienen und erm\u00f6glichen es Benutzern, ein Profil zu erstellen und die Profile anderer Mitglieder zu durchsuchen. Einige der...Read more","og_url":"https:\/\/theyoungmessiah.com\/de\/ebenholz-anschluesse\/","og_site_name":"Online Adult Dating","twitter_card":"summary_large_image","twitter_misc":{"Gesch\u00e4tzte Lesezeit":"4\u00a0Minuten"},"schema":{"@context":"https:\/\/schema.org","@graph":[{"@type":"WebSite","@id":"https:\/\/theyoungmessiah.com\/de\/#website","url":"https:\/\/theyoungmessiah.com\/de\/","name":"Online Adult Dating","description":"Local Sex Hookups","potentialAction":[{"@type":"SearchAction","target":{"@type":"EntryPoint","urlTemplate":"https:\/\/theyoungmessiah.com\/de\/?s={search_term_string}"},"query-input":"required name=search_term_string"}],"inLanguage":"de"},{"@type":"WebPage","@id":"https:\/\/theyoungmessiah.com\/de\/ebenholz-anschluesse\/#webpage","url":"https:\/\/theyoungmessiah.com\/de\/ebenholz-anschluesse\/","name":"Ebenholz-Anschl\u00fcsse - Online Adult Dating","isPartOf":{"@id":"https:\/\/theyoungmessiah.com\/de\/#website"},"datePublished":"2022-10-12T12:52:44+00:00","dateModified":"2022-10-12T12:52:44+00:00","breadcrumb":{"@id":"https:\/\/theyoungmessiah.com\/de\/ebenholz-anschluesse\/#breadcrumb"},"inLanguage":"de","potentialAction":[{"@type":"ReadAction","target":["https:\/\/theyoungmessiah.com\/de\/ebenholz-anschluesse\/"]}]},{"@type":"BreadcrumbList","@id":"https:\/\/theyoungmessiah.com\/de\/ebenholz-anschluesse\/#breadcrumb","itemListElement":[{"@type":"ListItem","position":1,"name":"Home","item":"http:\/\/theyoungmessiah.com\/de\/"},{"@type":"ListItem","position":2,"name":"Ebenholz-Anschl\u00fcsse"}]}]}},"_links":{"self":[{"href":"https:\/\/theyoungmessiah.com\/de\/wp-json\/wp\/v2\/pages\/186"}],"collection":[{"href":"https:\/\/theyoungmessiah.com\/de\/wp-json\/wp\/v2\/pages"}],"about":[{"href":"https:\/\/theyoungmessiah.com\/de\/wp-json\/wp\/v2\/types\/page"}],"author":[{"embeddable":true,"href":"https:\/\/theyoungmessiah.com\/de\/wp-json\/wp\/v2\/users\/1"}],"replies":[{"embeddable":true,"href":"https:\/\/theyoungmessiah.com\/de\/wp-json\/wp\/v2\/comments?post=186"}],"version-history":[{"count":0,"href":"https:\/\/theyoungmessiah.com\/de\/wp-json\/wp\/v2\/pages\/186\/revisions"}],"wp:attachment":[{"href":"https:\/\/theyoungmessiah.com\/de\/wp-json\/wp\/v2\/media?parent=186"}],"curies":[{"name":"wp","href":"https:\/\/api.w.org\/{rel}","templated":true}]}}