{"id":203,"date":"2022-10-12T13:59:28","date_gmt":"2022-10-12T12:59:28","guid":{"rendered":"http:\/\/theyoungmessiah.com\/zuckermumie-seiten\/"},"modified":"2022-10-12T13:59:28","modified_gmt":"2022-10-12T12:59:28","slug":"zuckermumie-seiten","status":"publish","type":"page","link":"https:\/\/theyoungmessiah.com\/de\/zuckermumie-seiten\/","title":{"rendered":"Zuckermumie Seiten"},"content":{"rendered":"<p>Es gibt verschiedene Zuckermumienseiten im Internet. Diese Websites bieten \u00e4lteren Frauen eine Plattform, um sich mit j\u00fcngeren M\u00e4nnern zum Zwecke sexueller Beziehungen zu verbinden. Die Zuckermumienseiten erheben in der Regel einen Mitgliedsbeitrag, und die \u00e4lteren Frauen bieten den j\u00fcngeren M\u00e4nnern finanzielle Anreize im Austausch f\u00fcr sexuelle Gef\u00e4lligkeiten. Das Arrangement ist f\u00fcr beide Seiten von Vorteil, da die \u00e4lteren Frauen die Gesellschaft j\u00fcngerer, attraktiver M\u00e4nner genie\u00dfen k\u00f6nnen und die j\u00fcngeren M\u00e4nner sexuelle Beziehungen zu \u00e4lteren, erfahreneren Frauen erleben k\u00f6nnen.<\/p>\n<h2>Lokale Zuckermama<\/h2>\n<p>Es gibt viele Zuckermamas in der Dating-Szene, und sie kommen in allen Formen und Gr\u00f6\u00dfen. Einige sind \u00e4ltere Frauen, die nach einem jungen, gutaussehenden Mann suchen, den sie verw\u00f6hnen und verw\u00f6hnen k\u00f6nnen, w\u00e4hrend andere einfach nach jemandem suchen, der ihnen das Gef\u00fchl gibt, jung und lebendig zu sein. Egal, was Ihr Typ ist, es gibt sicher eine Zuckermama, die perfekt f\u00fcr Sie ist. Der beste Weg, um Ihre perfekte \u00dcbereinstimmung zu finden, ist, rauszugehen und mit dem Dating zu beginnen! Nehmen Sie an lokalen Single-Events teil oder melden Sie sich f\u00fcr eine Dating-Site an, die speziell auf Zuckerm\u00fctter und die M\u00e4nner ausgerichtet ist, die sie lieben. Mit ein wenig M\u00fche finden Sie sicher die Zuckermama Ihrer Tr\u00e4ume.<\/p>\n<p>Es gibt ein paar Dinge zu beachten, wenn Sie online nach einer Zuckermama suchen. Erstens ist es wichtig, ehrlich zu sein, wonach Sie suchen. Seien Sie sich \u00fcber Ihre Absichten im Klaren und stellen Sie sicher, dass Sie sie potenziellen \u00dcbereinstimmungen mitteilen. Zweitens, seien Sie geduldig und bereit, die Arbeit zu investieren, um die richtige Person f\u00fcr Sie zu finden. Es gibt viele Zuckerm\u00fctter da drau\u00dfen, aber es kann einige Zeit dauern, bis Sie die richtige f\u00fcr Sie gefunden haben. Schlie\u00dflich, wenn Sie eine Zuckermama finden, mit der Sie klicken, achten Sie darauf, sie mit Respekt und Wertsch\u00e4tzung zu behandeln.<\/p>\n<h2>Date A Zucker Mama<\/h2>\n<p>Es gibt ein paar Dinge zu beachten, wenn Sie daran interessiert sind, eine Zuckermama online zu daten. Erstens sind Zuckerm\u00fctter in der Regel \u00e4ltere Frauen, also m\u00fcssen Sie damit einverstanden sein. Zweitens suchen sie normalerweise nach jemandem, der ihnen das Gef\u00fchl geben kann, etwas Besonderes und Gesch\u00e4tztes zu sein, also stellen Sie sicher, dass Sie Ihre besten Qualit\u00e4ten zeigen. Schlie\u00dflich werden sie wahrscheinlich sehr gro\u00dfz\u00fcgig mit ihrer Zeit und ihrem Geld sein, also seien Sie darauf vorbereitet, verw\u00f6hnt zu werden! Wenn Sie denken, dass Sie all das bew\u00e4ltigen k\u00f6nnen, dann probieren Sie es aus. Wer wei\u00df, vielleicht finden Sie gerade die perfekte Zuckermama f\u00fcr Sie.<\/p>\n<h3>Viel Fisch<\/h3>\n<p>Plenty of Fish ist eine Dating-App, mit der Benutzer ein Profil erstellen, \u00dcbereinstimmungen finden und mit anderen Benutzern chatten k\u00f6nnen. Die App hat einen guten Ruf daf\u00fcr, einfach zu bedienen zu sein und einen gro\u00dfen Pool potenzieller \u00dcbereinstimmungen bereitzustellen. Einige Benutzer haben sich jedoch dar\u00fcber beschwert, dass die App fehlerhaft ist und dass es schwierig ist, ein Abonnement zu k\u00fcndigen. Insgesamt ist Plenty of Fish eine gute Option f\u00fcr diejenigen, die nach einer Zuckermumienseite suchen.<\/p>\n<h3>XCheater<\/h3>\n<p>Wenn Sie auf der Suche nach einer Zuckermumie sind, dann sollten Sie unbedingt XCheaters ausprobieren. Es ist eine der beliebtesten Zuckermumienseiten, und das aus gutem Grund. Die App ist einfach zu bedienen und es ist kostenlos beizutreten. Au\u00dferdem gibt es Tonnen von Zuckermumien auf der Website, die nach jemandem wie Ihnen suchen.<\/p>\n<p>Also, wenn Sie nach einer Zuckermumie suchen, dann ist XCheaters definitiv die richtige Seite f\u00fcr Sie. Die App ist einfach zu bedienen und es gibt Tonnen von Zuckermumien auf der Website. Au\u00dferdem ist es kostenlos, daran teilzunehmen. Also, worauf warten Sie noch? Probieren Sie es aus!<\/p>\n<h3>Instasex<\/h3>\n<p>Instasex ist eine neue Dating-App, die verspricht, Zuckermumienseiten auf ein ganz neues Niveau zu bringen. Mit seinen einzigartigen Funktionen und der benutzerfreundlichen Oberfl\u00e4che erleichtert es Benutzern, Zuckermumienseiten zu finden und sich mit ihnen zu verbinden. Die App erm\u00f6glicht es Benutzern auch, Fotos miteinander zu chatten und zu teilen, was sie zu einer gro\u00dfartigen Plattform f\u00fcr Zuckermumienseiten macht, um sich miteinander zu verbinden und zu interagieren.<\/p>\n<h3>Einholung von Arrangements<\/h3>\n<p>Wenn Sie nach einer Zuckermumie suchen, ist Seeking Arrangements die Dating-App f\u00fcr Sie. Mit \u00fcber 10 Millionen Mitgliedern weltweit ist es die gr\u00f6\u00dfte Zuckermumienseite im Internet. Und es ist kostenlos, mitzumachen! Sie k\u00f6nnen ein Profil erstellen, nach Zuckermumien in Ihrer N\u00e4he suchen und ihnen kostenlos Nachrichten senden.<\/p>\n<p>Das Beste an Seeking Arrangements ist, dass es eine sichere und einfache M\u00f6glichkeit ist, Zuckermumien zu treffen. Sie m\u00fcssen sich keine Sorgen um Betr\u00fcger oder gef\u00e4lschte Profile machen, da die Website von einem Team von Fachleuten moderiert wird. Und wenn Sie jemals Fragen oder Bedenken haben, k\u00f6nnen Sie sich jederzeit an den Kundendienst wenden.<\/p>\n<p>Wenn Sie also nach einer Zuckermumie suchen, ist Seeking Arrangements die perfekte Dating-App f\u00fcr Sie. Melden Sie sich noch heute an und fangen Sie an, Zuckermumien in Ihrer N\u00e4he zu benachrichtigen!<\/p>\n","protected":false},"excerpt":{"rendered":"<p>Es gibt verschiedene Zuckermumienseiten im Internet. Diese Websites bieten \u00e4lteren Frauen eine Plattform, um sich mit j\u00fcngeren M\u00e4nnern zum Zwecke sexueller Beziehungen zu verbinden. Die Zuckermumienseiten erheben in der Regel einen Mitgliedsbeitrag, und die \u00e4lteren Frauen bieten den j\u00fcngeren M\u00e4nnern finanzielle Anreize im Austausch f\u00fcr sexuelle Gef\u00e4lligkeiten. Das Arrangement ist f\u00fcr beide Seiten von Vorteil,&#8230;<a class=\"read-more-link button\" href=\"https:\/\/theyoungmessiah.com\/de\/zuckermumie-seiten\/\">Read more<\/a><\/p>\n","protected":false},"author":1,"featured_media":0,"parent":0,"menu_order":0,"comment_status":"closed","ping_status":"closed","template":"","meta":[],"yoast_head":"<!-- This site is optimized with the Yoast SEO plugin v17.7.1 - https:\/\/yoast.com\/wordpress\/plugins\/seo\/ -->\n<title>Zuckermumie Seiten - Online Adult Dating<\/title>\n<meta name=\"robots\" content=\"index, follow, max-snippet:-1, max-image-preview:large, max-video-preview:-1\" \/>\n<link rel=\"canonical\" href=\"https:\/\/theyoungmessiah.com\/de\/zuckermumie-seiten\/\" \/>\n<meta property=\"og:locale\" content=\"de_DE\" \/>\n<meta property=\"og:type\" content=\"article\" \/>\n<meta property=\"og:title\" content=\"Zuckermumie Seiten - Online Adult Dating\" \/>\n<meta property=\"og:description\" content=\"Es gibt verschiedene Zuckermumienseiten im Internet. Diese Websites bieten \u00e4lteren Frauen eine Plattform, um sich mit j\u00fcngeren M\u00e4nnern zum Zwecke sexueller Beziehungen zu verbinden. Die Zuckermumienseiten erheben in der Regel einen Mitgliedsbeitrag, und die \u00e4lteren Frauen bieten den j\u00fcngeren M\u00e4nnern finanzielle Anreize im Austausch f\u00fcr sexuelle Gef\u00e4lligkeiten. Das Arrangement ist f\u00fcr beide Seiten von Vorteil,...Read more\" \/>\n<meta property=\"og:url\" content=\"https:\/\/theyoungmessiah.com\/de\/zuckermumie-seiten\/\" \/>\n<meta property=\"og:site_name\" content=\"Online Adult Dating\" \/>\n<meta name=\"twitter:card\" content=\"summary_large_image\" \/>\n<meta name=\"twitter:label1\" content=\"Gesch\u00e4tzte Lesezeit\" \/>\n\t<meta name=\"twitter:data1\" content=\"4\u00a0Minuten\" \/>\n<script type=\"application\/ld+json\" class=\"yoast-schema-graph\">{\"@context\":\"https:\/\/schema.org\",\"@graph\":[{\"@type\":\"WebSite\",\"@id\":\"https:\/\/theyoungmessiah.com\/de\/#website\",\"url\":\"https:\/\/theyoungmessiah.com\/de\/\",\"name\":\"Online Adult Dating\",\"description\":\"Local Sex Hookups\",\"potentialAction\":[{\"@type\":\"SearchAction\",\"target\":{\"@type\":\"EntryPoint\",\"urlTemplate\":\"https:\/\/theyoungmessiah.com\/de\/?s={search_term_string}\"},\"query-input\":\"required name=search_term_string\"}],\"inLanguage\":\"de\"},{\"@type\":\"WebPage\",\"@id\":\"https:\/\/theyoungmessiah.com\/de\/zuckermumie-seiten\/#webpage\",\"url\":\"https:\/\/theyoungmessiah.com\/de\/zuckermumie-seiten\/\",\"name\":\"Zuckermumie Seiten - Online Adult Dating\",\"isPartOf\":{\"@id\":\"https:\/\/theyoungmessiah.com\/de\/#website\"},\"datePublished\":\"2022-10-12T12:59:28+00:00\",\"dateModified\":\"2022-10-12T12:59:28+00:00\",\"breadcrumb\":{\"@id\":\"https:\/\/theyoungmessiah.com\/de\/zuckermumie-seiten\/#breadcrumb\"},\"inLanguage\":\"de\",\"potentialAction\":[{\"@type\":\"ReadAction\",\"target\":[\"https:\/\/theyoungmessiah.com\/de\/zuckermumie-seiten\/\"]}]},{\"@type\":\"BreadcrumbList\",\"@id\":\"https:\/\/theyoungmessiah.com\/de\/zuckermumie-seiten\/#breadcrumb\",\"itemListElement\":[{\"@type\":\"ListItem\",\"position\":1,\"name\":\"Home\",\"item\":\"http:\/\/theyoungmessiah.com\/de\/\"},{\"@type\":\"ListItem\",\"position\":2,\"name\":\"Zuckermumie Seiten\"}]}]}<\/script>\n<!-- \/ Yoast SEO plugin. -->","yoast_head_json":{"title":"Zuckermumie Seiten - Online Adult Dating","robots":{"index":"index","follow":"follow","max-snippet":"max-snippet:-1","max-image-preview":"max-image-preview:large","max-video-preview":"max-video-preview:-1"},"canonical":"https:\/\/theyoungmessiah.com\/de\/zuckermumie-seiten\/","og_locale":"de_DE","og_type":"article","og_title":"Zuckermumie Seiten - Online Adult Dating","og_description":"Es gibt verschiedene Zuckermumienseiten im Internet. Diese Websites bieten \u00e4lteren Frauen eine Plattform, um sich mit j\u00fcngeren M\u00e4nnern zum Zwecke sexueller Beziehungen zu verbinden. Die Zuckermumienseiten erheben in der Regel einen Mitgliedsbeitrag, und die \u00e4lteren Frauen bieten den j\u00fcngeren M\u00e4nnern finanzielle Anreize im Austausch f\u00fcr sexuelle Gef\u00e4lligkeiten. Das Arrangement ist f\u00fcr beide Seiten von Vorteil,...Read more","og_url":"https:\/\/theyoungmessiah.com\/de\/zuckermumie-seiten\/","og_site_name":"Online Adult Dating","twitter_card":"summary_large_image","twitter_misc":{"Gesch\u00e4tzte Lesezeit":"4\u00a0Minuten"},"schema":{"@context":"https:\/\/schema.org","@graph":[{"@type":"WebSite","@id":"https:\/\/theyoungmessiah.com\/de\/#website","url":"https:\/\/theyoungmessiah.com\/de\/","name":"Online Adult Dating","description":"Local Sex Hookups","potentialAction":[{"@type":"SearchAction","target":{"@type":"EntryPoint","urlTemplate":"https:\/\/theyoungmessiah.com\/de\/?s={search_term_string}"},"query-input":"required name=search_term_string"}],"inLanguage":"de"},{"@type":"WebPage","@id":"https:\/\/theyoungmessiah.com\/de\/zuckermumie-seiten\/#webpage","url":"https:\/\/theyoungmessiah.com\/de\/zuckermumie-seiten\/","name":"Zuckermumie Seiten - Online Adult Dating","isPartOf":{"@id":"https:\/\/theyoungmessiah.com\/de\/#website"},"datePublished":"2022-10-12T12:59:28+00:00","dateModified":"2022-10-12T12:59:28+00:00","breadcrumb":{"@id":"https:\/\/theyoungmessiah.com\/de\/zuckermumie-seiten\/#breadcrumb"},"inLanguage":"de","potentialAction":[{"@type":"ReadAction","target":["https:\/\/theyoungmessiah.com\/de\/zuckermumie-seiten\/"]}]},{"@type":"BreadcrumbList","@id":"https:\/\/theyoungmessiah.com\/de\/zuckermumie-seiten\/#breadcrumb","itemListElement":[{"@type":"ListItem","position":1,"name":"Home","item":"http:\/\/theyoungmessiah.com\/de\/"},{"@type":"ListItem","position":2,"name":"Zuckermumie Seiten"}]}]}},"_links":{"self":[{"href":"https:\/\/theyoungmessiah.com\/de\/wp-json\/wp\/v2\/pages\/203"}],"collection":[{"href":"https:\/\/theyoungmessiah.com\/de\/wp-json\/wp\/v2\/pages"}],"about":[{"href":"https:\/\/theyoungmessiah.com\/de\/wp-json\/wp\/v2\/types\/page"}],"author":[{"embeddable":true,"href":"https:\/\/theyoungmessiah.com\/de\/wp-json\/wp\/v2\/users\/1"}],"replies":[{"embeddable":true,"href":"https:\/\/theyoungmessiah.com\/de\/wp-json\/wp\/v2\/comments?post=203"}],"version-history":[{"count":0,"href":"https:\/\/theyoungmessiah.com\/de\/wp-json\/wp\/v2\/pages\/203\/revisions"}],"wp:attachment":[{"href":"https:\/\/theyoungmessiah.com\/de\/wp-json\/wp\/v2\/media?parent=203"}],"curies":[{"name":"wp","href":"https:\/\/api.w.org\/{rel}","templated":true}]}}