{"id":206,"date":"2022-10-12T14:00:02","date_gmt":"2022-10-12T13:00:02","guid":{"rendered":"http:\/\/theyoungmessiah.com\/dating-sites-fuer-verheiratete-affaeren\/"},"modified":"2022-10-12T14:00:02","modified_gmt":"2022-10-12T13:00:02","slug":"dating-sites-fuer-verheiratete-affaeren","status":"publish","type":"page","link":"https:\/\/theyoungmessiah.com\/de\/dating-sites-fuer-verheiratete-affaeren\/","title":{"rendered":"Dating-Sites f\u00fcr verheiratete Aff\u00e4ren"},"content":{"rendered":"<p>Es gibt eine Reihe von Dating-Sites f\u00fcr verheiratete Aff\u00e4ren, die es Menschen erm\u00f6glichen, sich mit anderen zu verbinden, die auch verheiratet sind. Diese Websites erfordern in der Regel eine Mitgliedsgeb\u00fchr und bieten eine Vielzahl von Funktionen, die Menschen helfen sollen, sich mit anderen zu verbinden, die an einer Aff\u00e4re interessiert sind. Zu den Funktionen, die von diesen Websites angeboten werden, geh\u00f6ren private Nachrichten, Chatrooms und durchsuchbare Datenbanken von Mitgliedern. Viele dieser Seiten bieten auch Beratung und Unterst\u00fctzung f\u00fcr Menschen, die eine Aff\u00e4re in Betracht ziehen oder bereits in eine Aff\u00e4re verwickelt sind.<\/p>\n<h2>Diskrete Anschl\u00fcsse<\/h2>\n<p>Diskrete Verbindungen werden immer beliebter, da die Menschen nach M\u00f6glichkeiten suchen, ohne Verpflichtung Spa\u00df zu haben. Diese Arrangements sind perfekt f\u00fcr diejenigen, die die Gesellschaft einer anderen Person ohne Bedingungen genie\u00dfen m\u00f6chten. Es gibt viele M\u00f6glichkeiten, jemanden zu finden, mit dem man sich verbinden kann, und es gibt genauso viele Gr\u00fcnde, warum Menschen sich daf\u00fcr entscheiden, es zu tun. Egal, ob Sie nach einem schnellen Seitensprung oder etwas Langfristigerem suchen, es gibt jemanden da drau\u00dfen, der nach dem Gleichen sucht. Alles, was Sie tun m\u00fcssen, ist, sie zu finden.<\/p>\n<p>Es gibt jetzt Ehe-Dating-Apps f\u00fcr diejenigen, die daran interessiert sind, au\u00dfereheliche Beziehungen zu verfolgen. W\u00e4hrend diese Apps es einfacher machen, sich mit potenziellen Partnern zu verbinden, bergen sie auch einige Risiken. Wenn Ihr Ehepartner beispielsweise von Ihrer Nutzung einer Ehe-Dating-App erf\u00e4hrt, k\u00f6nnte dies m\u00f6glicherweise Ihre Beziehung sch\u00e4digen. Dar\u00fcber hinaus besteht immer das Potenzial, jemanden zu treffen, der nicht derjenige ist, der online behauptet, zu sein, was zu gef\u00e4hrlichen Situationen f\u00fchren kann. Wenn Sie sich entscheiden, eine verheiratete Dating-App zu verwenden, ist es wichtig, ehrlich mit Ihren potenziellen Partnern \u00fcber Ihren Familienstand zu sein und sich immer an einem \u00f6ffentlichen Ort zu treffen.<\/p>\n<h2>Finden Sie eine diskrete Verbindung<\/h2>\n<p>Es gibt viele M\u00f6glichkeiten, eine diskrete Verbindung online zu finden. Sie k\u00f6nnen eine Dating-Site verwenden, die sich auf Hookups spezialisiert hat, oder Sie k\u00f6nnen eine allgemeine Dating-Site verwenden und einfach im Voraus dar\u00fcber sein, wonach Sie suchen. Sie k\u00f6nnen auch Social-Media-Sites wie Facebook und Twitter verwenden, um potenzielle Verbindungen zu finden. Eine andere M\u00f6glichkeit besteht darin, eine Website wie Craigslist zu verwenden, die einen Abschnitt hat, der gelegentlichen Begegnungen gewidmet ist. Seien Sie einfach sicher, sicher zu sein und den gesunden Menschenverstand zu benutzen, wenn Sie jemanden von online treffen.<\/p>\n<h3>Zunder<\/h3>\n<p>Tinder ist eine der beliebtesten Dating-Apps mit \u00fcber 50 Millionen Nutzern. Es wurde als &#8222;Hookup-App&#8220; beschrieben, aber es kann auch f\u00fcr Dating verwendet werden und wurde von Menschen in Beziehungen f\u00fcr Aff\u00e4ren verwendet. Tinder ist schnell und einfach zu bedienen und Sie k\u00f6nnen sich mit Menschen in Ihrer N\u00e4he verbinden, die nach dem Gleichen suchen wie Sie. Die App kann kostenlos heruntergeladen und verwendet werden, aber es gibt einige kostenpflichtige Funktionen, mit denen Sie mehr aus der App herausholen k\u00f6nnen. Insgesamt ist Tinder eine gro\u00dfartige Dating-App f\u00fcr Menschen, die nach einer schnellen und einfachen M\u00f6glichkeit suchen, sich mit Menschen in ihrer N\u00e4he zu verbinden.<\/p>\n<h3>XPickup<\/h3>\n<p>Wenn Sie nach einer Aff\u00e4ren-Dating-Site suchen, auf der Sie Ihre Optionen erkunden und eine \u00dcbereinstimmung finden k\u00f6nnen, ist XPickup eine gute Wahl. Die Website hat eine gro\u00dfe Benutzerbasis und eine breite Palette von Funktionen, was sie zu einer gro\u00dfartigen Option macht, um eine \u00dcbereinstimmung zu finden. Die Website hat auch einen guten Ruf, sicher und gesch\u00fctzt zu sein, so dass Sie sicher sein k\u00f6nnen, dass Ihre Informationen sicher sind. Insgesamt ist XPickup eine gute Wahl f\u00fcr Dating mit verheirateten Aff\u00e4ren.<\/p>\n<h3>\u00dcbergeil<\/h3>\n<p>Wenn Sie nach einer Dating-App suchen, die Ihnen hilft, eine verheiratete Aff\u00e4re zu haben, dann ist Uberhorny eine gro\u00dfartige Option. Die App ist einfach zu bedienen und verf\u00fcgt \u00fcber viele gro\u00dfartige Funktionen, mit denen Sie jemanden finden k\u00f6nnen, mit dem Sie betr\u00fcgen k\u00f6nnen. Die Suchfunktion ist sehr umfangreich und Sie k\u00f6nnen Ihre Ergebnisse nach einer Vielzahl von Kriterien eingrenzen. Das Messaging-System ist auch sehr gut und Sie k\u00f6nnen Ihre Gespr\u00e4che leicht verfolgen. Insgesamt ist Uberhorny eine gro\u00dfartige Option f\u00fcr das Dating mit verheirateten Aff\u00e4ren und wir w\u00fcrden es jedem empfehlen, der nach einer diskreten M\u00f6glichkeit sucht, seinen Ehepartner zu betr\u00fcgen.<\/p>\n<h3>OnlyFlings<\/h3>\n<p>Wenn Sie nach einer diskreten Aff\u00e4ren-Dating-Site suchen, dann ist OnlyFlings eine gro\u00dfartige Option. Die Website ist einfach zu bedienen und bietet eine Vielzahl von Funktionen, mit denen Sie eine \u00dcbereinstimmung finden k\u00f6nnen. Die Website hat auch einen guten Ruf f\u00fcr Sicherheit und Datenschutz.<\/p>\n","protected":false},"excerpt":{"rendered":"<p>Es gibt eine Reihe von Dating-Sites f\u00fcr verheiratete Aff\u00e4ren, die es Menschen erm\u00f6glichen, sich mit anderen zu verbinden, die auch verheiratet sind. Diese Websites erfordern in der Regel eine Mitgliedsgeb\u00fchr und bieten eine Vielzahl von Funktionen, die Menschen helfen sollen, sich mit anderen zu verbinden, die an einer Aff\u00e4re interessiert sind. Zu den Funktionen, die&#8230;<a class=\"read-more-link button\" href=\"https:\/\/theyoungmessiah.com\/de\/dating-sites-fuer-verheiratete-affaeren\/\">Read more<\/a><\/p>\n","protected":false},"author":1,"featured_media":0,"parent":0,"menu_order":0,"comment_status":"closed","ping_status":"closed","template":"","meta":[],"yoast_head":"<!-- This site is optimized with the Yoast SEO plugin v17.7.1 - https:\/\/yoast.com\/wordpress\/plugins\/seo\/ -->\n<title>Dating-Sites f\u00fcr verheiratete Aff\u00e4ren - Online Adult Dating<\/title>\n<meta name=\"robots\" content=\"index, follow, max-snippet:-1, max-image-preview:large, max-video-preview:-1\" \/>\n<link rel=\"canonical\" href=\"https:\/\/theyoungmessiah.com\/de\/dating-sites-fuer-verheiratete-affaeren\/\" \/>\n<meta property=\"og:locale\" content=\"de_DE\" \/>\n<meta property=\"og:type\" content=\"article\" \/>\n<meta property=\"og:title\" content=\"Dating-Sites f\u00fcr verheiratete Aff\u00e4ren - Online Adult Dating\" \/>\n<meta property=\"og:description\" content=\"Es gibt eine Reihe von Dating-Sites f\u00fcr verheiratete Aff\u00e4ren, die es Menschen erm\u00f6glichen, sich mit anderen zu verbinden, die auch verheiratet sind. Diese Websites erfordern in der Regel eine Mitgliedsgeb\u00fchr und bieten eine Vielzahl von Funktionen, die Menschen helfen sollen, sich mit anderen zu verbinden, die an einer Aff\u00e4re interessiert sind. Zu den Funktionen, die...Read more\" \/>\n<meta property=\"og:url\" content=\"https:\/\/theyoungmessiah.com\/de\/dating-sites-fuer-verheiratete-affaeren\/\" \/>\n<meta property=\"og:site_name\" content=\"Online Adult Dating\" \/>\n<meta name=\"twitter:card\" content=\"summary_large_image\" \/>\n<meta name=\"twitter:label1\" content=\"Gesch\u00e4tzte Lesezeit\" \/>\n\t<meta name=\"twitter:data1\" content=\"4\u00a0Minuten\" \/>\n<script type=\"application\/ld+json\" class=\"yoast-schema-graph\">{\"@context\":\"https:\/\/schema.org\",\"@graph\":[{\"@type\":\"WebSite\",\"@id\":\"https:\/\/theyoungmessiah.com\/de\/#website\",\"url\":\"https:\/\/theyoungmessiah.com\/de\/\",\"name\":\"Online Adult Dating\",\"description\":\"Local Sex Hookups\",\"potentialAction\":[{\"@type\":\"SearchAction\",\"target\":{\"@type\":\"EntryPoint\",\"urlTemplate\":\"https:\/\/theyoungmessiah.com\/de\/?s={search_term_string}\"},\"query-input\":\"required name=search_term_string\"}],\"inLanguage\":\"de\"},{\"@type\":\"WebPage\",\"@id\":\"https:\/\/theyoungmessiah.com\/de\/dating-sites-fuer-verheiratete-affaeren\/#webpage\",\"url\":\"https:\/\/theyoungmessiah.com\/de\/dating-sites-fuer-verheiratete-affaeren\/\",\"name\":\"Dating-Sites f\\u00fcr verheiratete Aff\\u00e4ren - Online Adult Dating\",\"isPartOf\":{\"@id\":\"https:\/\/theyoungmessiah.com\/de\/#website\"},\"datePublished\":\"2022-10-12T13:00:02+00:00\",\"dateModified\":\"2022-10-12T13:00:02+00:00\",\"breadcrumb\":{\"@id\":\"https:\/\/theyoungmessiah.com\/de\/dating-sites-fuer-verheiratete-affaeren\/#breadcrumb\"},\"inLanguage\":\"de\",\"potentialAction\":[{\"@type\":\"ReadAction\",\"target\":[\"https:\/\/theyoungmessiah.com\/de\/dating-sites-fuer-verheiratete-affaeren\/\"]}]},{\"@type\":\"BreadcrumbList\",\"@id\":\"https:\/\/theyoungmessiah.com\/de\/dating-sites-fuer-verheiratete-affaeren\/#breadcrumb\",\"itemListElement\":[{\"@type\":\"ListItem\",\"position\":1,\"name\":\"Home\",\"item\":\"http:\/\/theyoungmessiah.com\/de\/\"},{\"@type\":\"ListItem\",\"position\":2,\"name\":\"Dating-Sites f\\u00fcr verheiratete Aff\\u00e4ren\"}]}]}<\/script>\n<!-- \/ Yoast SEO plugin. -->","yoast_head_json":{"title":"Dating-Sites f\u00fcr verheiratete Aff\u00e4ren - Online Adult Dating","robots":{"index":"index","follow":"follow","max-snippet":"max-snippet:-1","max-image-preview":"max-image-preview:large","max-video-preview":"max-video-preview:-1"},"canonical":"https:\/\/theyoungmessiah.com\/de\/dating-sites-fuer-verheiratete-affaeren\/","og_locale":"de_DE","og_type":"article","og_title":"Dating-Sites f\u00fcr verheiratete Aff\u00e4ren - Online Adult Dating","og_description":"Es gibt eine Reihe von Dating-Sites f\u00fcr verheiratete Aff\u00e4ren, die es Menschen erm\u00f6glichen, sich mit anderen zu verbinden, die auch verheiratet sind. Diese Websites erfordern in der Regel eine Mitgliedsgeb\u00fchr und bieten eine Vielzahl von Funktionen, die Menschen helfen sollen, sich mit anderen zu verbinden, die an einer Aff\u00e4re interessiert sind. Zu den Funktionen, die...Read more","og_url":"https:\/\/theyoungmessiah.com\/de\/dating-sites-fuer-verheiratete-affaeren\/","og_site_name":"Online Adult Dating","twitter_card":"summary_large_image","twitter_misc":{"Gesch\u00e4tzte Lesezeit":"4\u00a0Minuten"},"schema":{"@context":"https:\/\/schema.org","@graph":[{"@type":"WebSite","@id":"https:\/\/theyoungmessiah.com\/de\/#website","url":"https:\/\/theyoungmessiah.com\/de\/","name":"Online Adult Dating","description":"Local Sex Hookups","potentialAction":[{"@type":"SearchAction","target":{"@type":"EntryPoint","urlTemplate":"https:\/\/theyoungmessiah.com\/de\/?s={search_term_string}"},"query-input":"required name=search_term_string"}],"inLanguage":"de"},{"@type":"WebPage","@id":"https:\/\/theyoungmessiah.com\/de\/dating-sites-fuer-verheiratete-affaeren\/#webpage","url":"https:\/\/theyoungmessiah.com\/de\/dating-sites-fuer-verheiratete-affaeren\/","name":"Dating-Sites f\u00fcr verheiratete Aff\u00e4ren - Online Adult Dating","isPartOf":{"@id":"https:\/\/theyoungmessiah.com\/de\/#website"},"datePublished":"2022-10-12T13:00:02+00:00","dateModified":"2022-10-12T13:00:02+00:00","breadcrumb":{"@id":"https:\/\/theyoungmessiah.com\/de\/dating-sites-fuer-verheiratete-affaeren\/#breadcrumb"},"inLanguage":"de","potentialAction":[{"@type":"ReadAction","target":["https:\/\/theyoungmessiah.com\/de\/dating-sites-fuer-verheiratete-affaeren\/"]}]},{"@type":"BreadcrumbList","@id":"https:\/\/theyoungmessiah.com\/de\/dating-sites-fuer-verheiratete-affaeren\/#breadcrumb","itemListElement":[{"@type":"ListItem","position":1,"name":"Home","item":"http:\/\/theyoungmessiah.com\/de\/"},{"@type":"ListItem","position":2,"name":"Dating-Sites f\u00fcr verheiratete Aff\u00e4ren"}]}]}},"_links":{"self":[{"href":"https:\/\/theyoungmessiah.com\/de\/wp-json\/wp\/v2\/pages\/206"}],"collection":[{"href":"https:\/\/theyoungmessiah.com\/de\/wp-json\/wp\/v2\/pages"}],"about":[{"href":"https:\/\/theyoungmessiah.com\/de\/wp-json\/wp\/v2\/types\/page"}],"author":[{"embeddable":true,"href":"https:\/\/theyoungmessiah.com\/de\/wp-json\/wp\/v2\/users\/1"}],"replies":[{"embeddable":true,"href":"https:\/\/theyoungmessiah.com\/de\/wp-json\/wp\/v2\/comments?post=206"}],"version-history":[{"count":0,"href":"https:\/\/theyoungmessiah.com\/de\/wp-json\/wp\/v2\/pages\/206\/revisions"}],"wp:attachment":[{"href":"https:\/\/theyoungmessiah.com\/de\/wp-json\/wp\/v2\/media?parent=206"}],"curies":[{"name":"wp","href":"https:\/\/api.w.org\/{rel}","templated":true}]}}