{"id":239,"date":"2022-10-12T13:52:31","date_gmt":"2022-10-12T12:52:31","guid":{"rendered":"http:\/\/theyoungmessiah.com\/senioren-dating-apps\/"},"modified":"2022-10-12T13:52:31","modified_gmt":"2022-10-12T12:52:31","slug":"senioren-dating-apps","status":"publish","type":"page","link":"https:\/\/theyoungmessiah.com\/de\/senioren-dating-apps\/","title":{"rendered":"Senioren-Dating-Apps"},"content":{"rendered":"<p>Es gibt ein paar verschiedene Senioren-Dating-Apps, aber die beliebteste ist Tinder. Tinder ist eine <a href=\"http:\/\/theyoungmessiah.com\/free-local-hookups-sites\/\">Dating-App<\/a> , mit der Benutzer bei potenziellen \u00dcbereinstimmungen nach links oder rechts wischen k\u00f6nnen. Wenn zwei Benutzer nach rechts aufeinander wischen, werden sie abgeglichen und k\u00f6nnen chatten. Tinder wird am h\u00e4ufigsten zum Anschlie\u00dfen verwendet, kann aber auch zum Dating verwendet werden.<\/p>\n<h2>Dating-Sites f\u00fcr \u00fcber 40er<\/h2>\n<p>Es gibt viele Dating-Sites f\u00fcr \u00fcber 40-J\u00e4hrige, so dass es \u00fcberw\u00e4ltigend sein kann, zu entscheiden, welche f\u00fcr Sie die richtige ist. Ein guter Ausgangspunkt ist es, dar\u00fcber nachzudenken, wonach Sie bei einem Partner suchen. Willst du jemanden, der lustig und locker ist? Jemand, der es ernst meint und motiviert ist? Sobald Sie wissen, wonach Sie suchen, k\u00f6nnen Sie Ihre Optionen eingrenzen.<\/p>\n<p>Eine andere Sache, die Sie ber\u00fccksichtigen sollten, ist, an welcher Art von Dating Sie interessiert sind. Sind Sie auf der Suche nach etwas L\u00e4ssigem oder interessieren Sie sich f\u00fcr etwas Ernsteres? Es gibt Dating-Sites f\u00fcr beide Arten von Beziehungen, also m\u00fcssen Sie entscheiden, welche f\u00fcr Sie die richtige ist.<\/p>\n<p>Wenn Sie \u00fcber 40 Jahre alt und Single sind, gibt es keinen Grund zur Verzweiflung. Es gibt viele Dating-Sites, die Ihnen helfen k\u00f6nnen, den perfekten Partner zu finden. Nehmen Sie sich einfach Zeit, recherchieren Sie, und Sie werden diejenige finden, die zu Ihnen passt.<\/p>\n<h2>Kostenlose Senioren-Dating-Sites<\/h2>\n<p>Es gibt viele kostenlose Senioren-Dating-Sites, die online verf\u00fcgbar sind, aber nicht alle von ihnen sind Ihre Zeit wert. Die besten kostenlosen Senioren-Dating-Sites sind diejenigen, die Ihnen die M\u00f6glichkeit geben, neue Leute kennenzulernen, Beziehungen aufzubauen und vielleicht sogar Liebe zu finden. Um die besten kostenlosen Senioren-Dating-Sites zu finden, sollten Sie sicherstellen, dass sie eine gro\u00dfe Benutzerbasis haben, viele Funktionen bieten und einen positiven Ruf haben. Bei so vielen kostenlosen Senioren-Dating-Sites zur Auswahl, ist es wichtig, diejenige zu finden, die zu Ihnen passt.<\/p>\n<p>Es gibt viele Gr\u00fcnde, warum Menschen sich daf\u00fcr entscheiden k\u00f6nnten, sich sp\u00e4ter im Leben zu verabreden. Vielleicht sind sie reifer und haben eine bessere Vorstellung davon, wonach sie in einer Beziehung suchen. Vielleicht haben sie eine Scheidung durchgemacht oder hatten eine andere Lebenserfahrung, die sie vorsichtiger gemacht hat, sich auf jemanden einzulassen. Was auch immer der Grund ist, es gibt viele reife Singles da drau\u00dfen, die Online-Dating-Sites nutzen, um Liebe und Kameradschaft zu finden.<\/p>\n<p>Wenn Sie dar\u00fcber nachdenken, Online-Dating auszuprobieren, ist es wichtig, eine Website zu w\u00e4hlen, die auf reife Singles ausgerichtet ist. Sie sollten nach einer Website suchen, die \u00fcber eine gro\u00dfe und aktive Mitgliederbasis sowie \u00fcber eine robuste Reihe von Funktionen und Sicherheitsma\u00dfnahmen verf\u00fcgt. Und nat\u00fcrlich sollten Sie sicherstellen, dass die von Ihnen gew\u00e4hlte Website eine ist, mit der Sie sich wohl f\u00fchlen.<\/p>\n<p>Mit ein wenig Recherche sollten Sie in der Lage sein, eine Online-Dating-Site zu finden, die perfekt f\u00fcr Sie ist. Und, wer wei\u00df, vielleicht finden Sie einfach die Liebe Ihres Lebens.<\/p>\n<h3>LuckyCrush<\/h3>\n<p>Wenn Sie nach einer Senioren-Dating-App suchen, die auf Gl\u00fcck basiert, ist LuckyCrush eine gro\u00dfartige Option. Es ist eine kostenlose App, die Sie basierend auf Ihrem Standort mit anderen Benutzern zusammenbringt, und Sie k\u00f6nnen mit ihnen chatten, wenn Sie beide interessiert sind. Die App hat auch eine 4-Sterne-Bewertung im App Store, so dass es sich auf jeden Fall lohnt, sie auszuprobieren.<\/p>\n<h3>OneNightFriend<\/h3>\n<p>Wenn Sie nach einer Senioren-Dating-App suchen, ist OneNightFriend eine gro\u00dfartige Option. Es ist einfach zu bedienen und hat viele Funktionen, die es zu einer guten Wahl f\u00fcr Senioren machen. Die App kann kostenlos heruntergeladen und verwendet werden und ist sowohl auf iOS- als auch auf Android-Ger\u00e4ten verf\u00fcgbar. OneNightFriend ist eine gro\u00dfartige M\u00f6glichkeit, neue Leute kennenzulernen und potenzielle \u00dcbereinstimmungen zu finden. Die App ist einfach zu bedienen und verf\u00fcgt \u00fcber viele Funktionen, die sie zu einer guten Wahl f\u00fcr Senioren machen. OneNightFriend ist eine gro\u00dfartige M\u00f6glichkeit, neue Leute kennenzulernen und potenzielle \u00dcbereinstimmungen zu finden.<\/p>\n<h3>XPickup<\/h3>\n<p>XPickup ist eine neue Dating-App, die speziell f\u00fcr Senioren entwickelt wurde. Es ist kostenlos im App Store und bei Google Play erh\u00e4ltlich. Die App hat eine einfache und benutzerfreundliche Oberfl\u00e4che. Benutzer k\u00f6nnen ein Profil erstellen und Fotos hinzuf\u00fcgen. Sie k\u00f6nnen dann nach anderen Senioren suchen, die nach einem Date suchen. XPickup bietet auch eine Chat-Funktion, mit der Benutzer miteinander kommunizieren k\u00f6nnen. Die App ist sicher und gesch\u00fctzt und einfach zu bedienen. Insgesamt ist XPickup eine gro\u00dfartige Dating-App f\u00fcr Senioren.<\/p>\n<h3>BoneAMilf<\/h3>\n<p>Wenn Sie nach einer Dating-App suchen, die speziell f\u00fcr \u00e4ltere Erwachsene entwickelt wurde, sollten Sie sich unbedingt BoneAMilf ansehen. Diese App ist vollgepackt mit Funktionen, die es einfach machen, potenzielle \u00dcbereinstimmungen zu finden und sich mit ihnen zu verbinden, und sie hat auch eine gro\u00dfartige Benutzeroberfl\u00e4che.<\/p>\n<p>Eines der besten Dinge an BoneAMilf ist, dass es eine breite Palette von Suchoptionen bietet, so dass Sie leicht Leute finden k\u00f6nnen, die Ihre spezifischen Kriterien erf\u00fcllen. Sie k\u00f6nnen die App auch verwenden, um Profile anderer Benutzer anzuzeigen und zu sehen, wer gerade online ist.<\/p>\n<p>Die App verf\u00fcgt auch \u00fcber ein integriertes Messaging-System, sodass Sie problemlos mit potenziellen \u00dcbereinstimmungen chatten k\u00f6nnen. Insgesamt ist BoneAMilf eine gro\u00dfartige Option f\u00fcr \u00e4ltere Erwachsene, die nach einer Dating-App suchen, die einfach zu bedienen und mit Funktionen ausgestattet ist.<\/p>\n","protected":false},"excerpt":{"rendered":"<p>Es gibt ein paar verschiedene Senioren-Dating-Apps, aber die beliebteste ist Tinder. Tinder ist eine Dating-App , mit der Benutzer bei potenziellen \u00dcbereinstimmungen nach links oder rechts wischen k\u00f6nnen. Wenn zwei Benutzer nach rechts aufeinander wischen, werden sie abgeglichen und k\u00f6nnen chatten. Tinder wird am h\u00e4ufigsten zum Anschlie\u00dfen verwendet, kann aber auch zum Dating verwendet werden&#8230;.<a class=\"read-more-link button\" href=\"https:\/\/theyoungmessiah.com\/de\/senioren-dating-apps\/\">Read more<\/a><\/p>\n","protected":false},"author":1,"featured_media":0,"parent":0,"menu_order":0,"comment_status":"closed","ping_status":"closed","template":"","meta":[],"yoast_head":"<!-- This site is optimized with the Yoast SEO plugin v17.7.1 - https:\/\/yoast.com\/wordpress\/plugins\/seo\/ -->\n<title>Senioren-Dating-Apps - Online Adult Dating<\/title>\n<meta name=\"robots\" content=\"index, follow, max-snippet:-1, max-image-preview:large, max-video-preview:-1\" \/>\n<link rel=\"canonical\" href=\"https:\/\/theyoungmessiah.com\/de\/senioren-dating-apps\/\" \/>\n<meta property=\"og:locale\" content=\"de_DE\" \/>\n<meta property=\"og:type\" content=\"article\" \/>\n<meta property=\"og:title\" content=\"Senioren-Dating-Apps - Online Adult Dating\" \/>\n<meta property=\"og:description\" content=\"Es gibt ein paar verschiedene Senioren-Dating-Apps, aber die beliebteste ist Tinder. Tinder ist eine Dating-App , mit der Benutzer bei potenziellen \u00dcbereinstimmungen nach links oder rechts wischen k\u00f6nnen. Wenn zwei Benutzer nach rechts aufeinander wischen, werden sie abgeglichen und k\u00f6nnen chatten. Tinder wird am h\u00e4ufigsten zum Anschlie\u00dfen verwendet, kann aber auch zum Dating verwendet werden....Read more\" \/>\n<meta property=\"og:url\" content=\"https:\/\/theyoungmessiah.com\/de\/senioren-dating-apps\/\" \/>\n<meta property=\"og:site_name\" content=\"Online Adult Dating\" \/>\n<meta name=\"twitter:card\" content=\"summary_large_image\" \/>\n<meta name=\"twitter:label1\" content=\"Gesch\u00e4tzte Lesezeit\" \/>\n\t<meta name=\"twitter:data1\" content=\"4\u00a0Minuten\" \/>\n<script type=\"application\/ld+json\" class=\"yoast-schema-graph\">{\"@context\":\"https:\/\/schema.org\",\"@graph\":[{\"@type\":\"WebSite\",\"@id\":\"https:\/\/theyoungmessiah.com\/de\/#website\",\"url\":\"https:\/\/theyoungmessiah.com\/de\/\",\"name\":\"Online Adult Dating\",\"description\":\"Local Sex Hookups\",\"potentialAction\":[{\"@type\":\"SearchAction\",\"target\":{\"@type\":\"EntryPoint\",\"urlTemplate\":\"https:\/\/theyoungmessiah.com\/de\/?s={search_term_string}\"},\"query-input\":\"required name=search_term_string\"}],\"inLanguage\":\"de\"},{\"@type\":\"WebPage\",\"@id\":\"https:\/\/theyoungmessiah.com\/de\/senioren-dating-apps\/#webpage\",\"url\":\"https:\/\/theyoungmessiah.com\/de\/senioren-dating-apps\/\",\"name\":\"Senioren-Dating-Apps - Online Adult Dating\",\"isPartOf\":{\"@id\":\"https:\/\/theyoungmessiah.com\/de\/#website\"},\"datePublished\":\"2022-10-12T12:52:31+00:00\",\"dateModified\":\"2022-10-12T12:52:31+00:00\",\"breadcrumb\":{\"@id\":\"https:\/\/theyoungmessiah.com\/de\/senioren-dating-apps\/#breadcrumb\"},\"inLanguage\":\"de\",\"potentialAction\":[{\"@type\":\"ReadAction\",\"target\":[\"https:\/\/theyoungmessiah.com\/de\/senioren-dating-apps\/\"]}]},{\"@type\":\"BreadcrumbList\",\"@id\":\"https:\/\/theyoungmessiah.com\/de\/senioren-dating-apps\/#breadcrumb\",\"itemListElement\":[{\"@type\":\"ListItem\",\"position\":1,\"name\":\"Home\",\"item\":\"http:\/\/theyoungmessiah.com\/de\/\"},{\"@type\":\"ListItem\",\"position\":2,\"name\":\"Senioren-Dating-Apps\"}]}]}<\/script>\n<!-- \/ Yoast SEO plugin. -->","yoast_head_json":{"title":"Senioren-Dating-Apps - Online Adult Dating","robots":{"index":"index","follow":"follow","max-snippet":"max-snippet:-1","max-image-preview":"max-image-preview:large","max-video-preview":"max-video-preview:-1"},"canonical":"https:\/\/theyoungmessiah.com\/de\/senioren-dating-apps\/","og_locale":"de_DE","og_type":"article","og_title":"Senioren-Dating-Apps - Online Adult Dating","og_description":"Es gibt ein paar verschiedene Senioren-Dating-Apps, aber die beliebteste ist Tinder. Tinder ist eine Dating-App , mit der Benutzer bei potenziellen \u00dcbereinstimmungen nach links oder rechts wischen k\u00f6nnen. Wenn zwei Benutzer nach rechts aufeinander wischen, werden sie abgeglichen und k\u00f6nnen chatten. Tinder wird am h\u00e4ufigsten zum Anschlie\u00dfen verwendet, kann aber auch zum Dating verwendet werden....Read more","og_url":"https:\/\/theyoungmessiah.com\/de\/senioren-dating-apps\/","og_site_name":"Online Adult Dating","twitter_card":"summary_large_image","twitter_misc":{"Gesch\u00e4tzte Lesezeit":"4\u00a0Minuten"},"schema":{"@context":"https:\/\/schema.org","@graph":[{"@type":"WebSite","@id":"https:\/\/theyoungmessiah.com\/de\/#website","url":"https:\/\/theyoungmessiah.com\/de\/","name":"Online Adult Dating","description":"Local Sex Hookups","potentialAction":[{"@type":"SearchAction","target":{"@type":"EntryPoint","urlTemplate":"https:\/\/theyoungmessiah.com\/de\/?s={search_term_string}"},"query-input":"required name=search_term_string"}],"inLanguage":"de"},{"@type":"WebPage","@id":"https:\/\/theyoungmessiah.com\/de\/senioren-dating-apps\/#webpage","url":"https:\/\/theyoungmessiah.com\/de\/senioren-dating-apps\/","name":"Senioren-Dating-Apps - Online Adult Dating","isPartOf":{"@id":"https:\/\/theyoungmessiah.com\/de\/#website"},"datePublished":"2022-10-12T12:52:31+00:00","dateModified":"2022-10-12T12:52:31+00:00","breadcrumb":{"@id":"https:\/\/theyoungmessiah.com\/de\/senioren-dating-apps\/#breadcrumb"},"inLanguage":"de","potentialAction":[{"@type":"ReadAction","target":["https:\/\/theyoungmessiah.com\/de\/senioren-dating-apps\/"]}]},{"@type":"BreadcrumbList","@id":"https:\/\/theyoungmessiah.com\/de\/senioren-dating-apps\/#breadcrumb","itemListElement":[{"@type":"ListItem","position":1,"name":"Home","item":"http:\/\/theyoungmessiah.com\/de\/"},{"@type":"ListItem","position":2,"name":"Senioren-Dating-Apps"}]}]}},"_links":{"self":[{"href":"https:\/\/theyoungmessiah.com\/de\/wp-json\/wp\/v2\/pages\/239"}],"collection":[{"href":"https:\/\/theyoungmessiah.com\/de\/wp-json\/wp\/v2\/pages"}],"about":[{"href":"https:\/\/theyoungmessiah.com\/de\/wp-json\/wp\/v2\/types\/page"}],"author":[{"embeddable":true,"href":"https:\/\/theyoungmessiah.com\/de\/wp-json\/wp\/v2\/users\/1"}],"replies":[{"embeddable":true,"href":"https:\/\/theyoungmessiah.com\/de\/wp-json\/wp\/v2\/comments?post=239"}],"version-history":[{"count":0,"href":"https:\/\/theyoungmessiah.com\/de\/wp-json\/wp\/v2\/pages\/239\/revisions"}],"wp:attachment":[{"href":"https:\/\/theyoungmessiah.com\/de\/wp-json\/wp\/v2\/media?parent=239"}],"curies":[{"name":"wp","href":"https:\/\/api.w.org\/{rel}","templated":true}]}}