{"id":244,"date":"2022-10-12T13:52:14","date_gmt":"2022-10-12T12:52:14","guid":{"rendered":"http:\/\/theyoungmessiah.com\/kostenlose-lokale-hookups-websites\/"},"modified":"2022-10-12T13:52:14","modified_gmt":"2022-10-12T12:52:14","slug":"kostenlose-lokale-hookups-websites","status":"publish","type":"page","link":"https:\/\/theyoungmessiah.com\/de\/kostenlose-lokale-hookups-websites\/","title":{"rendered":"Kostenlose lokale Hookups-Websites"},"content":{"rendered":"<p>Es gibt viele <a href=\"http:\/\/theyoungmessiah.com\/free-milf-chat-sites\/\">lokale Hookup-Sites<\/a> , die Ihnen helfen k\u00f6nnen, jemanden zu finden, mit dem Sie sich verbinden k\u00f6nnen. Alles, was Sie tun m\u00fcssen, ist, ein Profil zu erstellen und nach jemandem zu suchen, der Ihre Kriterien erf\u00fcllt. Sich mit jemandem zu treffen, kann eine gro\u00dfartige M\u00f6glichkeit sein, Spa\u00df zu haben und neue Dinge zu erleben, aber es ist wichtig, dabei sicher und verantwortungsbewusst zu sein. Stellen Sie sicher, dass Sie die Person gut kennen, bevor Sie sich treffen, und treffen Sie sich immer zuerst an einem \u00f6ffentlichen Ort. Mit ein wenig Planung und Gl\u00fcck k\u00f6nnen Sie jemanden finden, mit dem Sie sich auf einer dieser lokalen Websites treffen k\u00f6nnen.<\/p>\n<h2>Lokaler Anschluss in meiner N\u00e4he<\/h2>\n<p>Es gibt nichts Sch\u00f6neres als den Nervenkitzel, jemanden neu zu treffen, und die Vorfreude auf das, was als n\u00e4chstes passieren k\u00f6nnte. Wenn es darum geht, einen lokalen Anschluss in meiner N\u00e4he zu finden, gibt es keinen Mangel an Optionen. Egal, ob Sie nach einer zuf\u00e4lligen Begegnung oder etwas Ernsterem suchen, es gibt sicher jemanden, der genau das Richtige f\u00fcr Sie ist.<\/p>\n<p>Das Tolle am Internet ist, dass es die Welt des Datings und der Verbindung zu allen ge\u00f6ffnet hat. Egal, wo Sie leben, es gibt bestimmt jemanden in der N\u00e4he, der nach dem Gleichen sucht wie Sie. Alles, was Sie tun m\u00fcssen, ist, sich da drau\u00dfen hinzustellen und zu sehen, was passiert.<\/p>\n<p>Wer wei\u00df, vielleicht findest du gerade die Liebe deines Lebens. Oder zumindest haben Sie einige gro\u00dfartige Geschichten, die Sie Ihren Freunden erz\u00e4hlen k\u00f6nnen.<\/p>\n<p>Es gibt viele Dating-Websites und Apps, die kostenlose lokale Verbindungen anbieten. Dies bedeutet, dass Sie sie verwenden k\u00f6nnen, um Menschen in Ihrer N\u00e4he zu finden, die nach dem Gleichen suchen wie Sie. Alles, was Sie tun m\u00fcssen, ist, ein Profil zu erstellen und mit der Suche zu beginnen. Sie k\u00f6nnen diese Websites und Apps auch verwenden, um mit Personen in Ihrer N\u00e4he zu chatten, die nach dem Gleichen suchen wie Sie.<\/p>\n<h2>Lokale Anschl\u00fcsse in meiner N\u00e4he<\/h2>\n<p>Es gibt viele lokale Hookup-Optionen in meiner N\u00e4he, wenn es um Online-Dating geht. Sie k\u00f6nnen Websites und Apps finden, die speziell entwickelt wurden, um Ihnen zu helfen, sich mit anderen Singles in Ihrer N\u00e4he zu verbinden. Dies macht es einfach, ein Date oder eine Verbindung zu finden, ohne sehr weit reisen zu m\u00fcssen. Es gibt auch viele Leute, die Online-Dating nutzen, um neue Leute kennenzulernen und neue Freunde zu finden. Egal, ob Sie nach einer zuf\u00e4lligen Verbindung oder einer ernsthaften Beziehung suchen, es gibt jemanden f\u00fcr Sie.<\/p>\n<h3>BBWCupid<\/h3>\n<p>BBWCupid ist eine der beliebtesten Dating-Apps f\u00fcr kurvige Frauen und M\u00e4nner, die sie lieben. Die App kann kostenlos heruntergeladen und verwendet werden und bietet eine Premium-Mitgliedschaft f\u00fcr $ 9.99 \/ Monat, die einige zus\u00e4tzliche Funktionen freischaltet.<\/p>\n<p>Die App ist gut gestaltet und einfach zu bedienen, mit einer sauberen und modernen Benutzeroberfl\u00e4che. Es ist auch eine der wenigen Dating-Apps, die sich speziell an kurvige Frauen und ihre Bewunderer richtet.<\/p>\n<p>Ein Nachteil ist, dass es in meiner Gegend nicht viele Benutzer gibt, so dass es schwierig sein kann, \u00dcbereinstimmungen zu finden. Aber insgesamt denke ich, dass BBWCupid eine gro\u00dfartige Dating-App f\u00fcr kurvige Frauen und ihre Bewunderer ist.<\/p>\n<h3>Viel Fisch<\/h3>\n<p>Wenn Sie nach einer lokalen Anschlussstelle suchen, ist Plenty of Fish eine gro\u00dfartige Option. Es hat eine gro\u00dfe Benutzerbasis und ist einfach zu bedienen. Es hat jedoch nicht so viele Funktionen wie einige der anderen Websites auf dieser Liste.<\/p>\n<h3>Wichtigtuer<\/h3>\n<p>Bumble ist eine standortbasierte Social- und Dating-Anwendung, die die Kommunikation zwischen interessierten Nutzern erleichtert. Bei heterosexuellen \u00dcbereinstimmungen k\u00f6nnen nur weibliche Benutzer Kontakt mit m\u00e4nnlichen Benutzern aufnehmen, w\u00e4hrend bei gleichgeschlechtlichen \u00dcbereinstimmungen jeder Teilnehmer Kontakt aufnehmen kann. Benutzer k\u00f6nnen sich mit ihrer Telefonnummer oder ihrem Facebook-Profil anmelden und haben die M\u00f6glichkeit, ihr Alter, ihren Standort und ihren Namen vor anderen Benutzern zu verbergen. Bumble hat seinen Hauptsitz in Austin, Texas, und hat weltweit \u00fcber 50 Millionen Nutzer.<\/p>\n<p>Die App wurde entwickelt, um sinnvolle Verbindungen herzustellen, mit dem Ziel einer Ehe oder langfristiger Beziehungen. Die App hat eine 4-Sterne-Bewertung im App Store, wobei die Benutzer ihre Benutzerfreundlichkeit und Sicherheitsfunktionen loben. Einige Benutzer haben sich jedoch dar\u00fcber beschwert, dass die App zu kontaktorientiert ist und dass es schwierig ist, eine ernsthafte Beziehung zu finden. Insgesamt ist Bumble eine gro\u00dfartige Option f\u00fcr diejenigen, die eine ernsthafte Beziehung suchen oder einfach nur eine unterhaltsame und einfache M\u00f6glichkeit, neue Leute kennenzulernen.<\/p>\n<h3>Zoosk<\/h3>\n<p>Zoosk ist eine Dating-App, mit der Sie Profile von lokalen Singles in Ihrer N\u00e4he anzeigen k\u00f6nnen. Sie k\u00f6nnen auch Fotos von lokalen Singles anzeigen und sehen, wer jetzt online ist. Die App verf\u00fcgt auch \u00fcber eine Messaging-Funktion, mit der Sie Nachrichten an Ihre Matches senden k\u00f6nnen. Die App kann kostenlos heruntergeladen und verwendet werden, aber Sie k\u00f6nnen auf eine kostenpflichtige Mitgliedschaft upgraden, um alle Funktionen freizuschalten. Die App ist f\u00fcr iPhone und Android verf\u00fcgbar.<\/p>\n","protected":false},"excerpt":{"rendered":"<p>Es gibt viele lokale Hookup-Sites , die Ihnen helfen k\u00f6nnen, jemanden zu finden, mit dem Sie sich verbinden k\u00f6nnen. Alles, was Sie tun m\u00fcssen, ist, ein Profil zu erstellen und nach jemandem zu suchen, der Ihre Kriterien erf\u00fcllt. Sich mit jemandem zu treffen, kann eine gro\u00dfartige M\u00f6glichkeit sein, Spa\u00df zu haben und neue Dinge zu&#8230;<a class=\"read-more-link button\" href=\"https:\/\/theyoungmessiah.com\/de\/kostenlose-lokale-hookups-websites\/\">Read more<\/a><\/p>\n","protected":false},"author":1,"featured_media":0,"parent":0,"menu_order":0,"comment_status":"closed","ping_status":"closed","template":"","meta":[],"yoast_head":"<!-- This site is optimized with the Yoast SEO plugin v17.7.1 - https:\/\/yoast.com\/wordpress\/plugins\/seo\/ -->\n<title>Kostenlose lokale Hookups-Websites - Online Adult Dating<\/title>\n<meta name=\"robots\" content=\"index, follow, max-snippet:-1, max-image-preview:large, max-video-preview:-1\" \/>\n<link rel=\"canonical\" href=\"https:\/\/theyoungmessiah.com\/de\/kostenlose-lokale-hookups-websites\/\" \/>\n<meta property=\"og:locale\" content=\"de_DE\" \/>\n<meta property=\"og:type\" content=\"article\" \/>\n<meta property=\"og:title\" content=\"Kostenlose lokale Hookups-Websites - Online Adult Dating\" \/>\n<meta property=\"og:description\" content=\"Es gibt viele lokale Hookup-Sites , die Ihnen helfen k\u00f6nnen, jemanden zu finden, mit dem Sie sich verbinden k\u00f6nnen. Alles, was Sie tun m\u00fcssen, ist, ein Profil zu erstellen und nach jemandem zu suchen, der Ihre Kriterien erf\u00fcllt. Sich mit jemandem zu treffen, kann eine gro\u00dfartige M\u00f6glichkeit sein, Spa\u00df zu haben und neue Dinge zu...Read more\" \/>\n<meta property=\"og:url\" content=\"https:\/\/theyoungmessiah.com\/de\/kostenlose-lokale-hookups-websites\/\" \/>\n<meta property=\"og:site_name\" content=\"Online Adult Dating\" \/>\n<meta name=\"twitter:card\" content=\"summary_large_image\" \/>\n<meta name=\"twitter:label1\" content=\"Gesch\u00e4tzte Lesezeit\" \/>\n\t<meta name=\"twitter:data1\" content=\"4\u00a0Minuten\" \/>\n<script type=\"application\/ld+json\" class=\"yoast-schema-graph\">{\"@context\":\"https:\/\/schema.org\",\"@graph\":[{\"@type\":\"WebSite\",\"@id\":\"https:\/\/theyoungmessiah.com\/de\/#website\",\"url\":\"https:\/\/theyoungmessiah.com\/de\/\",\"name\":\"Online Adult Dating\",\"description\":\"Local Sex Hookups\",\"potentialAction\":[{\"@type\":\"SearchAction\",\"target\":{\"@type\":\"EntryPoint\",\"urlTemplate\":\"https:\/\/theyoungmessiah.com\/de\/?s={search_term_string}\"},\"query-input\":\"required name=search_term_string\"}],\"inLanguage\":\"de\"},{\"@type\":\"WebPage\",\"@id\":\"https:\/\/theyoungmessiah.com\/de\/kostenlose-lokale-hookups-websites\/#webpage\",\"url\":\"https:\/\/theyoungmessiah.com\/de\/kostenlose-lokale-hookups-websites\/\",\"name\":\"Kostenlose lokale Hookups-Websites - Online Adult Dating\",\"isPartOf\":{\"@id\":\"https:\/\/theyoungmessiah.com\/de\/#website\"},\"datePublished\":\"2022-10-12T12:52:14+00:00\",\"dateModified\":\"2022-10-12T12:52:14+00:00\",\"breadcrumb\":{\"@id\":\"https:\/\/theyoungmessiah.com\/de\/kostenlose-lokale-hookups-websites\/#breadcrumb\"},\"inLanguage\":\"de\",\"potentialAction\":[{\"@type\":\"ReadAction\",\"target\":[\"https:\/\/theyoungmessiah.com\/de\/kostenlose-lokale-hookups-websites\/\"]}]},{\"@type\":\"BreadcrumbList\",\"@id\":\"https:\/\/theyoungmessiah.com\/de\/kostenlose-lokale-hookups-websites\/#breadcrumb\",\"itemListElement\":[{\"@type\":\"ListItem\",\"position\":1,\"name\":\"Home\",\"item\":\"http:\/\/theyoungmessiah.com\/de\/\"},{\"@type\":\"ListItem\",\"position\":2,\"name\":\"Kostenlose lokale Hookups-Websites\"}]}]}<\/script>\n<!-- \/ Yoast SEO plugin. -->","yoast_head_json":{"title":"Kostenlose lokale Hookups-Websites - Online Adult Dating","robots":{"index":"index","follow":"follow","max-snippet":"max-snippet:-1","max-image-preview":"max-image-preview:large","max-video-preview":"max-video-preview:-1"},"canonical":"https:\/\/theyoungmessiah.com\/de\/kostenlose-lokale-hookups-websites\/","og_locale":"de_DE","og_type":"article","og_title":"Kostenlose lokale Hookups-Websites - Online Adult Dating","og_description":"Es gibt viele lokale Hookup-Sites , die Ihnen helfen k\u00f6nnen, jemanden zu finden, mit dem Sie sich verbinden k\u00f6nnen. Alles, was Sie tun m\u00fcssen, ist, ein Profil zu erstellen und nach jemandem zu suchen, der Ihre Kriterien erf\u00fcllt. Sich mit jemandem zu treffen, kann eine gro\u00dfartige M\u00f6glichkeit sein, Spa\u00df zu haben und neue Dinge zu...Read more","og_url":"https:\/\/theyoungmessiah.com\/de\/kostenlose-lokale-hookups-websites\/","og_site_name":"Online Adult Dating","twitter_card":"summary_large_image","twitter_misc":{"Gesch\u00e4tzte Lesezeit":"4\u00a0Minuten"},"schema":{"@context":"https:\/\/schema.org","@graph":[{"@type":"WebSite","@id":"https:\/\/theyoungmessiah.com\/de\/#website","url":"https:\/\/theyoungmessiah.com\/de\/","name":"Online Adult Dating","description":"Local Sex Hookups","potentialAction":[{"@type":"SearchAction","target":{"@type":"EntryPoint","urlTemplate":"https:\/\/theyoungmessiah.com\/de\/?s={search_term_string}"},"query-input":"required name=search_term_string"}],"inLanguage":"de"},{"@type":"WebPage","@id":"https:\/\/theyoungmessiah.com\/de\/kostenlose-lokale-hookups-websites\/#webpage","url":"https:\/\/theyoungmessiah.com\/de\/kostenlose-lokale-hookups-websites\/","name":"Kostenlose lokale Hookups-Websites - Online Adult Dating","isPartOf":{"@id":"https:\/\/theyoungmessiah.com\/de\/#website"},"datePublished":"2022-10-12T12:52:14+00:00","dateModified":"2022-10-12T12:52:14+00:00","breadcrumb":{"@id":"https:\/\/theyoungmessiah.com\/de\/kostenlose-lokale-hookups-websites\/#breadcrumb"},"inLanguage":"de","potentialAction":[{"@type":"ReadAction","target":["https:\/\/theyoungmessiah.com\/de\/kostenlose-lokale-hookups-websites\/"]}]},{"@type":"BreadcrumbList","@id":"https:\/\/theyoungmessiah.com\/de\/kostenlose-lokale-hookups-websites\/#breadcrumb","itemListElement":[{"@type":"ListItem","position":1,"name":"Home","item":"http:\/\/theyoungmessiah.com\/de\/"},{"@type":"ListItem","position":2,"name":"Kostenlose lokale Hookups-Websites"}]}]}},"_links":{"self":[{"href":"https:\/\/theyoungmessiah.com\/de\/wp-json\/wp\/v2\/pages\/244"}],"collection":[{"href":"https:\/\/theyoungmessiah.com\/de\/wp-json\/wp\/v2\/pages"}],"about":[{"href":"https:\/\/theyoungmessiah.com\/de\/wp-json\/wp\/v2\/types\/page"}],"author":[{"embeddable":true,"href":"https:\/\/theyoungmessiah.com\/de\/wp-json\/wp\/v2\/users\/1"}],"replies":[{"embeddable":true,"href":"https:\/\/theyoungmessiah.com\/de\/wp-json\/wp\/v2\/comments?post=244"}],"version-history":[{"count":0,"href":"https:\/\/theyoungmessiah.com\/de\/wp-json\/wp\/v2\/pages\/244\/revisions"}],"wp:attachment":[{"href":"https:\/\/theyoungmessiah.com\/de\/wp-json\/wp\/v2\/media?parent=244"}],"curies":[{"name":"wp","href":"https:\/\/api.w.org\/{rel}","templated":true}]}}