{"id":269,"date":"2022-10-12T13:51:18","date_gmt":"2022-10-12T12:51:18","guid":{"rendered":"http:\/\/theyoungmessiah.com\/geile-leute-in-meiner-naehe\/"},"modified":"2022-10-12T13:51:18","modified_gmt":"2022-10-12T12:51:18","slug":"geile-leute-in-meiner-naehe","status":"publish","type":"page","link":"https:\/\/theyoungmessiah.com\/de\/geile-leute-in-meiner-naehe\/","title":{"rendered":"Geile Leute in meiner N\u00e4he"},"content":{"rendered":"<p>Es gibt viele geile Leute in Ihrer N\u00e4he, wenn Sie sich anschlie\u00dfen m\u00f6chten. Der beste Weg, sie zu finden, ist die Verwendung einer Dating- oder Hookup-App wie Tinder, Bumble oder Grindr. Sie k\u00f6nnen auch versuchen, beliebte Bars oder Clubs in Ihrer N\u00e4he zu besuchen. Wenn du Schwierigkeiten hast, jemanden zu finden, kannst du deine Freunde immer fragen, ob sie jemanden kennen, der interessiert sein k\u00f6nnte.<\/p>\n<p><a href=\"http:\/\/theyoungmessiah.com\/local-women-looking-for-sex\/\">Geile Frauen<\/a> sind \u00fcberall im Internet zu finden, und sie sind normalerweise bereit, \u00fcber alles und jeden zu chatten. Wenn es jedoch um Dating geht, gibt es ein paar Dinge, die Sie beachten sollten. Erstens sind geile Frauen oft sehr fortschrittlich, also musst du darauf vorbereitet sein. Zweitens suchen sie normalerweise nach einer schnellen Verbindung, also erwarten Sie nichts zu Ernstes. Schlie\u00dflich sind geile Frauen oft ziemlich wild im Bett, also seien Sie auf eine gute Zeit vorbereitet!<\/p>\n<h2>Treffen mit geilen M\u00e4dchen<\/h2>\n<p>Es gibt nichts Sch\u00f6neres, als ein hei\u00dfes M\u00e4dchen online zu treffen und zu wissen, dass sie genauso geil ist wie du. Es ist eine gro\u00dfartige M\u00f6glichkeit, jemanden kennenzulernen und gleichzeitig auszusteigen. Achten Sie nur darauf, sicher zu sein und eine seri\u00f6se Website zu verwenden.<\/p>\n<p>Es gibt viele geile Frauen in meiner N\u00e4he und im ganzen Land, die nach einem Mann wie dir suchen. Sie k\u00f6nnen sie online auf einer beliebigen Anzahl von Dating-Websites finden. Alles, was Sie tun m\u00fcssen, ist, ein Profil einzurichten, ein paar Bilder aufzustellen und mit dem Messaging zu beginnen. Die Frauen auf diesen Websites sind in der Regel offen daf\u00fcr, sich f\u00fcr Gelegenheitssex zu treffen, so dass Sie keine Probleme haben sollten, jemanden zu finden, mit dem Sie sich verbinden k\u00f6nnen.<\/p>\n<h3>Chat Allee<\/h3>\n<p>Wenn Sie nach einer Dating-App suchen, die Ihnen hilft, geile Leute in Ihrer N\u00e4he zu finden, ist Chat Avenue eine gute Option. Die App hat eine gro\u00dfe Benutzerbasis, so dass Sie wahrscheinlich jemanden finden, der daran interessiert ist, sich anzuschlie\u00dfen. Die App kann kostenlos heruntergeladen und verwendet werden, und es ist einfach, sich anzumelden und mit Leuten zu chatten. Die App ist jedoch nicht ohne M\u00e4ngel. Einige Benutzer haben berichtet, dass die App fehlerhaft ist und h\u00e4ufig abst\u00fcrzt. Dar\u00fcber hinaus hat die App nicht viele Funktionen, so dass sie nicht so umfassend ist wie einige der anderen Dating-Apps da drau\u00dfen. Insgesamt ist Chat Avenue eine anst\u00e4ndige Option, um geile Leute zu finden, mit denen man sich verbinden kann.<\/p>\n<h3>Zoosk<\/h3>\n<p>Wenn Sie nach einer Dating-App suchen, die es einfach macht, sich mit lokalen Singles zu verbinden, dann ist Zoosk eine gute Wahl. Mit \u00fcber 30 Millionen Mitgliedern ist es eine der beliebtesten Dating-Apps. Und es ist besonders beliebt bei geilen Leuten in meiner N\u00e4he.<\/p>\n<p>Die Zoosk-App kann kostenlos heruntergeladen und verwendet werden und ist ziemlich einfach zu bedienen. Erstellen Sie einfach ein Profil, laden Sie ein Foto hoch und suchen Sie nach lokalen Singles. Sie k\u00f6nnen Ihre Suche nach Standort, Alter und Interessen filtern und jedem eine Nachricht senden, der Ihnen ins Auge f\u00e4llt.<\/p>\n<p>Der einzige Nachteil von Zoosk ist, dass es nicht so beliebt ist wie einige der anderen Dating-Apps da drau\u00dfen, so dass es Ihnen m\u00f6glicherweise schwerer f\u00e4llt, \u00dcbereinstimmungen zu finden. Aber wenn Sie nach einem schnellen Anschluss suchen, ist es definitiv einen Versuch wert.<\/p>\n<h3>Fling.com<\/h3>\n<p>Fling.com ist eine Dating-App, mit der Sie geile Menschen in Ihrer N\u00e4he finden k\u00f6nnen. Die App kann kostenlos heruntergeladen und verwendet werden und bietet eine Vielzahl von Funktionen, mit denen Sie eine \u00dcbereinstimmung finden k\u00f6nnen. Sie k\u00f6nnen nach Benutzern nach Standort, Alter und Geschlecht suchen und ihnen Nachrichten senden, um eine Unterhaltung zu beginnen. Die App enth\u00e4lt auch eine &#8222;Fling Finder&#8220; -Funktion, mit der Sie Benutzer finden k\u00f6nnen, die nach einem Fling suchen. Insgesamt ist die App eine gro\u00dfartige M\u00f6glichkeit, neue Leute kennenzulernen und sich zu entspannen.<\/p>\n<h3>Wichtigtuer<\/h3>\n<p>Bumble ist eine Dating-App, mit der Sie potenzielle Dates in Ihrer N\u00e4he finden k\u00f6nnen. Es ist \u00e4hnlich wie andere Dating-Apps wie Tinder und OkCupid, aber es hat ein paar wichtige Unterschiede. Erstens haben Frauen die Kontrolle. Sie m\u00fcssen den ersten Schritt machen, und sie k\u00f6nnen nur M\u00e4nner benachrichtigen, mit denen sie zusammengebracht haben. Zweitens ist die App auf ernsthaftere Beziehungen ausgerichtet. Es ist nicht so l\u00e4ssig wie Tinder, und Sie werden eher jemanden finden, der nach einer langfristigen Beziehung sucht. Insgesamt ist Bumble eine gro\u00dfartige Dating-App f\u00fcr Frauen, die die Kontrolle haben wollen, und f\u00fcr Menschen, die nach ernsthafteren Beziehungen suchen.<\/p>\n","protected":false},"excerpt":{"rendered":"<p>Es gibt viele geile Leute in Ihrer N\u00e4he, wenn Sie sich anschlie\u00dfen m\u00f6chten. Der beste Weg, sie zu finden, ist die Verwendung einer Dating- oder Hookup-App wie Tinder, Bumble oder Grindr. Sie k\u00f6nnen auch versuchen, beliebte Bars oder Clubs in Ihrer N\u00e4he zu besuchen. Wenn du Schwierigkeiten hast, jemanden zu finden, kannst du deine Freunde&#8230;<a class=\"read-more-link button\" href=\"https:\/\/theyoungmessiah.com\/de\/geile-leute-in-meiner-naehe\/\">Read more<\/a><\/p>\n","protected":false},"author":1,"featured_media":0,"parent":0,"menu_order":0,"comment_status":"closed","ping_status":"closed","template":"","meta":[],"yoast_head":"<!-- This site is optimized with the Yoast SEO plugin v17.7.1 - https:\/\/yoast.com\/wordpress\/plugins\/seo\/ -->\n<title>Geile Leute in meiner N\u00e4he - Online Adult Dating<\/title>\n<meta name=\"robots\" content=\"index, follow, max-snippet:-1, max-image-preview:large, max-video-preview:-1\" \/>\n<link rel=\"canonical\" href=\"https:\/\/theyoungmessiah.com\/de\/geile-leute-in-meiner-naehe\/\" \/>\n<meta property=\"og:locale\" content=\"de_DE\" \/>\n<meta property=\"og:type\" content=\"article\" \/>\n<meta property=\"og:title\" content=\"Geile Leute in meiner N\u00e4he - Online Adult Dating\" \/>\n<meta property=\"og:description\" content=\"Es gibt viele geile Leute in Ihrer N\u00e4he, wenn Sie sich anschlie\u00dfen m\u00f6chten. Der beste Weg, sie zu finden, ist die Verwendung einer Dating- oder Hookup-App wie Tinder, Bumble oder Grindr. Sie k\u00f6nnen auch versuchen, beliebte Bars oder Clubs in Ihrer N\u00e4he zu besuchen. Wenn du Schwierigkeiten hast, jemanden zu finden, kannst du deine Freunde...Read more\" \/>\n<meta property=\"og:url\" content=\"https:\/\/theyoungmessiah.com\/de\/geile-leute-in-meiner-naehe\/\" \/>\n<meta property=\"og:site_name\" content=\"Online Adult Dating\" \/>\n<meta name=\"twitter:card\" content=\"summary_large_image\" \/>\n<meta name=\"twitter:label1\" content=\"Gesch\u00e4tzte Lesezeit\" \/>\n\t<meta name=\"twitter:data1\" content=\"4\u00a0Minuten\" \/>\n<script type=\"application\/ld+json\" class=\"yoast-schema-graph\">{\"@context\":\"https:\/\/schema.org\",\"@graph\":[{\"@type\":\"WebSite\",\"@id\":\"https:\/\/theyoungmessiah.com\/de\/#website\",\"url\":\"https:\/\/theyoungmessiah.com\/de\/\",\"name\":\"Online Adult Dating\",\"description\":\"Local Sex Hookups\",\"potentialAction\":[{\"@type\":\"SearchAction\",\"target\":{\"@type\":\"EntryPoint\",\"urlTemplate\":\"https:\/\/theyoungmessiah.com\/de\/?s={search_term_string}\"},\"query-input\":\"required name=search_term_string\"}],\"inLanguage\":\"de\"},{\"@type\":\"WebPage\",\"@id\":\"https:\/\/theyoungmessiah.com\/de\/geile-leute-in-meiner-naehe\/#webpage\",\"url\":\"https:\/\/theyoungmessiah.com\/de\/geile-leute-in-meiner-naehe\/\",\"name\":\"Geile Leute in meiner N\\u00e4he - Online Adult Dating\",\"isPartOf\":{\"@id\":\"https:\/\/theyoungmessiah.com\/de\/#website\"},\"datePublished\":\"2022-10-12T12:51:18+00:00\",\"dateModified\":\"2022-10-12T12:51:18+00:00\",\"breadcrumb\":{\"@id\":\"https:\/\/theyoungmessiah.com\/de\/geile-leute-in-meiner-naehe\/#breadcrumb\"},\"inLanguage\":\"de\",\"potentialAction\":[{\"@type\":\"ReadAction\",\"target\":[\"https:\/\/theyoungmessiah.com\/de\/geile-leute-in-meiner-naehe\/\"]}]},{\"@type\":\"BreadcrumbList\",\"@id\":\"https:\/\/theyoungmessiah.com\/de\/geile-leute-in-meiner-naehe\/#breadcrumb\",\"itemListElement\":[{\"@type\":\"ListItem\",\"position\":1,\"name\":\"Home\",\"item\":\"http:\/\/theyoungmessiah.com\/de\/\"},{\"@type\":\"ListItem\",\"position\":2,\"name\":\"Geile Leute in meiner N\\u00e4he\"}]}]}<\/script>\n<!-- \/ Yoast SEO plugin. -->","yoast_head_json":{"title":"Geile Leute in meiner N\u00e4he - Online Adult Dating","robots":{"index":"index","follow":"follow","max-snippet":"max-snippet:-1","max-image-preview":"max-image-preview:large","max-video-preview":"max-video-preview:-1"},"canonical":"https:\/\/theyoungmessiah.com\/de\/geile-leute-in-meiner-naehe\/","og_locale":"de_DE","og_type":"article","og_title":"Geile Leute in meiner N\u00e4he - Online Adult Dating","og_description":"Es gibt viele geile Leute in Ihrer N\u00e4he, wenn Sie sich anschlie\u00dfen m\u00f6chten. Der beste Weg, sie zu finden, ist die Verwendung einer Dating- oder Hookup-App wie Tinder, Bumble oder Grindr. Sie k\u00f6nnen auch versuchen, beliebte Bars oder Clubs in Ihrer N\u00e4he zu besuchen. Wenn du Schwierigkeiten hast, jemanden zu finden, kannst du deine Freunde...Read more","og_url":"https:\/\/theyoungmessiah.com\/de\/geile-leute-in-meiner-naehe\/","og_site_name":"Online Adult Dating","twitter_card":"summary_large_image","twitter_misc":{"Gesch\u00e4tzte Lesezeit":"4\u00a0Minuten"},"schema":{"@context":"https:\/\/schema.org","@graph":[{"@type":"WebSite","@id":"https:\/\/theyoungmessiah.com\/de\/#website","url":"https:\/\/theyoungmessiah.com\/de\/","name":"Online Adult Dating","description":"Local Sex Hookups","potentialAction":[{"@type":"SearchAction","target":{"@type":"EntryPoint","urlTemplate":"https:\/\/theyoungmessiah.com\/de\/?s={search_term_string}"},"query-input":"required name=search_term_string"}],"inLanguage":"de"},{"@type":"WebPage","@id":"https:\/\/theyoungmessiah.com\/de\/geile-leute-in-meiner-naehe\/#webpage","url":"https:\/\/theyoungmessiah.com\/de\/geile-leute-in-meiner-naehe\/","name":"Geile Leute in meiner N\u00e4he - Online Adult Dating","isPartOf":{"@id":"https:\/\/theyoungmessiah.com\/de\/#website"},"datePublished":"2022-10-12T12:51:18+00:00","dateModified":"2022-10-12T12:51:18+00:00","breadcrumb":{"@id":"https:\/\/theyoungmessiah.com\/de\/geile-leute-in-meiner-naehe\/#breadcrumb"},"inLanguage":"de","potentialAction":[{"@type":"ReadAction","target":["https:\/\/theyoungmessiah.com\/de\/geile-leute-in-meiner-naehe\/"]}]},{"@type":"BreadcrumbList","@id":"https:\/\/theyoungmessiah.com\/de\/geile-leute-in-meiner-naehe\/#breadcrumb","itemListElement":[{"@type":"ListItem","position":1,"name":"Home","item":"http:\/\/theyoungmessiah.com\/de\/"},{"@type":"ListItem","position":2,"name":"Geile Leute in meiner N\u00e4he"}]}]}},"_links":{"self":[{"href":"https:\/\/theyoungmessiah.com\/de\/wp-json\/wp\/v2\/pages\/269"}],"collection":[{"href":"https:\/\/theyoungmessiah.com\/de\/wp-json\/wp\/v2\/pages"}],"about":[{"href":"https:\/\/theyoungmessiah.com\/de\/wp-json\/wp\/v2\/types\/page"}],"author":[{"embeddable":true,"href":"https:\/\/theyoungmessiah.com\/de\/wp-json\/wp\/v2\/users\/1"}],"replies":[{"embeddable":true,"href":"https:\/\/theyoungmessiah.com\/de\/wp-json\/wp\/v2\/comments?post=269"}],"version-history":[{"count":0,"href":"https:\/\/theyoungmessiah.com\/de\/wp-json\/wp\/v2\/pages\/269\/revisions"}],"wp:attachment":[{"href":"https:\/\/theyoungmessiah.com\/de\/wp-json\/wp\/v2\/media?parent=269"}],"curies":[{"name":"wp","href":"https:\/\/api.w.org\/{rel}","templated":true}]}}