{"id":272,"date":"2022-10-12T13:51:58","date_gmt":"2022-10-12T12:51:58","guid":{"rendered":"http:\/\/theyoungmessiah.com\/kostenlose-milf-chat-seiten\/"},"modified":"2022-10-12T13:51:58","modified_gmt":"2022-10-12T12:51:58","slug":"kostenlose-milf-chat-seiten","status":"publish","type":"page","link":"https:\/\/theyoungmessiah.com\/de\/kostenlose-milf-chat-seiten\/","title":{"rendered":"Kostenlose Milf Chat-Seiten"},"content":{"rendered":"<p>Es gibt viele kostenlose Milf-Chat-Sites online, mit denen Sie mit reifen Frauen chatten k\u00f6nnen, die nach einem Seitensprung suchen. Diese Seiten sind eine gro\u00dfartige M\u00f6glichkeit, sich mit \u00e4lteren Frauen zu verbinden, die daran interessiert sind, sich anzuschlie\u00dfen. Alles, was Sie tun m\u00fcssen, ist, ein Profil zu erstellen und mit dem Chatten zu beginnen. Sie werden \u00fcberrascht sein, wie einfach es ist, eine Milf zu finden, mit der Sie chatten k\u00f6nnen.<\/p>\n<h2>Kostenlose MILF-Chatrooms<\/h2>\n<p>Es gibt viele kostenlose Milf-Chatrooms, die online verf\u00fcgbar sind und <a href=\"http:\/\/theyoungmessiah.com\/horny-people-near-me\/\">f\u00fcr Dating-Zwecke genutzt<\/a> werden k\u00f6nnen. Diese Chatrooms bieten eine gro\u00dfartige Plattform, um potenzielle Partner zu treffen und sie besser kennenzulernen. Viele Chatrooms bieten auch Webcam-Einrichtungen, die f\u00fcr die weitere Kommunikation genutzt werden k\u00f6nnen. Kostenlose Milf-Chatrooms finden Sie auf vielen Dating-Websites und sind eine gro\u00dfartige Ressource, um neue Leute kennenzulernen.<\/p>\n<p>Das Online-Chatten mit Milfs kann eine gro\u00dfartige M\u00f6glichkeit sein, sie besser kennenzulernen und eine Beziehung aufzubauen. Hier sind ein paar Tipps, um das Beste aus Ihren Gespr\u00e4chen herauszuholen:<\/p>\n<p>Nehmen Sie sich die Zeit, ihr Profil zu lesen, bevor Sie mit dem Chatten beginnen. Dies gibt Ihnen eine Vorstellung davon, woran sie interessiert sind, und hilft Ihnen, das Gespr\u00e4ch in diese Richtung zu lenken.<\/p>\n<ul>\n<li>Seien Sie respektvoll und vermeiden Sie beleidigende oder anz\u00fcgliche Bemerkungen.<\/li>\n<li>Stellen Sie Fragen und h\u00f6ren Sie sich ihre Antworten genau an. Dies wird zeigen, dass Sie an ihnen interessiert sind und dazu beitragen, das Gespr\u00e4ch am Laufen zu halten.<\/li>\n<li>Haben Sie keine Angst, ein wenig zu flirten &#8211; es ist alles Teil des Spa\u00dfes!<\/li>\n<li>Beenden Sie das Gespr\u00e4ch mit einer positiven Note und lassen Sie sie wissen, dass Sie es genossen haben, mit ihnen zu sprechen und hoffen, bald wieder zu chatten.<\/li>\n<\/ul>\n<h2>Sprechen Sie mit Milfs<\/h2>\n<p>Ich hatte einige gro\u00dfartige Gespr\u00e4che mit Milfs auf Online-Dating-Sites. Sie sind in der Regel sehr aufgeschlossen und bereit, \u00fcber eine Vielzahl von Themen zu sprechen. Ich habe festgestellt, dass sie oft erfahrener sind als j\u00fcngere Frauen und sie sind in der Regel selbstbewusster in ihrer Sexualit\u00e4t. Dies sorgt f\u00fcr eine gro\u00dfartige Kombination im Schlafzimmer. Ich habe auch festgestellt, dass Milfs oft sehr offen daf\u00fcr sind, neue Dinge auszuprobieren, und sie sind normalerweise bereit zu experimentieren. Ich habe einige gro\u00dfartige Erfahrungen mit Milfs gemacht und w\u00fcrde sie auf jeden Fall jedem empfehlen, der eine tolle Zeit sucht.<\/p>\n<h3>Geek2Geek<\/h3>\n<p>Wenn Sie nach einer Dating-App suchen, die sich an Geeks richtet, sollten Sie sich Geek2Geek ansehen. Diese App wurde speziell f\u00fcr Geeks entwickelt und bietet eine unterhaltsame, sichere und einfache M\u00f6glichkeit, andere Geeks zu treffen und mit ihnen zu chatten. Die App kann kostenlos heruntergeladen und verwendet werden und ist sowohl f\u00fcr iOS- als auch f\u00fcr Android-Ger\u00e4te verf\u00fcgbar. Eines der besten Dinge an Geek2Geek ist, dass es eine urteilsfreie Zone ist. Egal, ob Sie sich f\u00fcr Cosplay, Spiele, Comics oder irgendetwas anderes Geeky interessieren, Sie werden in dieser App eine Community von Gleichgesinnten finden. Die App verf\u00fcgt auch \u00fcber eine Vielzahl von Funktionen, mit denen Sie sich mit anderen Geeks verbinden k\u00f6nnen, darunter ein privates Messaging-System, ein &#8222;Geek-Quiz&#8220;, mit dem Sie \u00dcbereinstimmungen finden k\u00f6nnen, und eine &#8222;Geekipedia&#8220; mit Tonnen von Informationen \u00fcber alle Dinge Geeky.<\/p>\n<p>Wenn Sie nach einer unterhaltsamen, sicheren und einfachen M\u00f6glichkeit suchen, sich mit anderen Geeks zu verbinden, ist Geek2Geek die Dating-App f\u00fcr Sie.<\/p>\n<h3>Chatzy<\/h3>\n<p>Wenn Sie nach einer kostenlosen Milf-Chat-Site suchen, ist Chatzy eine gro\u00dfartige Option. Die Website verf\u00fcgt \u00fcber eine saubere, benutzerfreundliche Oberfl\u00e4che und es ist einfach, Chatrooms zu finden und ihnen beizutreten. Es gibt auch eine Vielzahl von Funktionen, einschlie\u00dflich der M\u00f6glichkeit, private Nachrichten zu senden, Fotos zu teilen und Gruppen zu erstellen.<\/p>\n<p>W\u00e4hrend die Website nicht viele Benutzer hat, ist sie immer noch eine gro\u00dfartige Option, um mit Milfs zu chatten. Die Zimmer sind im Allgemeinen aktiv, und Sie k\u00f6nnen normalerweise eine Milf finden, mit der Sie chatten k\u00f6nnen. Die Website hat auch eine gute Auswahl an Zimmern, so dass Sie sicher eines finden, das zu Ihnen passt.<\/p>\n<h3>Betreute Angelegenheiten<\/h3>\n<p>HeatedAffairs ist eine Milf-Chat-Site, mit der Sie sich kostenlos mit \u00e4lteren Frauen verbinden k\u00f6nnen. Die Website hat ein einfaches Design und ist einfach zu bedienen. Sie k\u00f6nnen durch Profile bl\u00e4ttern und Nachrichten an die Frauen senden, an denen Sie interessiert sind. Die Frauen auf der Website sind aktiv und reaktionsschnell. Sie k\u00f6nnen die Website auch verwenden, um Milfs in Ihrer N\u00e4he zu finden.<\/p>\n<h3>Milfaholic<\/h3>\n<p>Wenn Sie nach einer kostenlosen Milf-Chat-Site suchen, sollten Sie sich unbedingt Milfaholic ansehen. Diese Seite ist eine gro\u00dfartige Option f\u00fcr diejenigen, die nach einem Ort suchen, an dem sie mit \u00e4lteren Frauen plaudern k\u00f6nnen. Es gibt viele verschiedene Chatrooms auf der Website, so dass Sie immer einen finden k\u00f6nnen, der Sie interessiert. Sie k\u00f6nnen auch nach Mitgliedern nach Alter, Standort oder Interessen suchen.<\/p>\n<p>Das Beste an Milfaholic ist, dass es absolut kostenlos zu verwenden ist. Sie k\u00f6nnen sich f\u00fcr ein Konto anmelden und sofort mit dem Chatten beginnen. Es besteht keine Notwendigkeit, etwas zu bezahlen, um die Website zu nutzen. Dies macht es zu einer gro\u00dfartigen Option f\u00fcr diejenigen, die mit \u00e4lteren Frauen chatten m\u00f6chten, ohne Geld ausgeben zu m\u00fcssen.<\/p>\n","protected":false},"excerpt":{"rendered":"<p>Es gibt viele kostenlose Milf-Chat-Sites online, mit denen Sie mit reifen Frauen chatten k\u00f6nnen, die nach einem Seitensprung suchen. Diese Seiten sind eine gro\u00dfartige M\u00f6glichkeit, sich mit \u00e4lteren Frauen zu verbinden, die daran interessiert sind, sich anzuschlie\u00dfen. Alles, was Sie tun m\u00fcssen, ist, ein Profil zu erstellen und mit dem Chatten zu beginnen. Sie werden&#8230;<a class=\"read-more-link button\" href=\"https:\/\/theyoungmessiah.com\/de\/kostenlose-milf-chat-seiten\/\">Read more<\/a><\/p>\n","protected":false},"author":1,"featured_media":0,"parent":0,"menu_order":0,"comment_status":"closed","ping_status":"closed","template":"","meta":[],"yoast_head":"<!-- This site is optimized with the Yoast SEO plugin v17.7.1 - https:\/\/yoast.com\/wordpress\/plugins\/seo\/ -->\n<title>Kostenlose Milf Chat-Seiten - Online Adult Dating<\/title>\n<meta name=\"robots\" content=\"index, follow, max-snippet:-1, max-image-preview:large, max-video-preview:-1\" \/>\n<link rel=\"canonical\" href=\"https:\/\/theyoungmessiah.com\/de\/kostenlose-milf-chat-seiten\/\" \/>\n<meta property=\"og:locale\" content=\"de_DE\" \/>\n<meta property=\"og:type\" content=\"article\" \/>\n<meta property=\"og:title\" content=\"Kostenlose Milf Chat-Seiten - Online Adult Dating\" \/>\n<meta property=\"og:description\" content=\"Es gibt viele kostenlose Milf-Chat-Sites online, mit denen Sie mit reifen Frauen chatten k\u00f6nnen, die nach einem Seitensprung suchen. Diese Seiten sind eine gro\u00dfartige M\u00f6glichkeit, sich mit \u00e4lteren Frauen zu verbinden, die daran interessiert sind, sich anzuschlie\u00dfen. Alles, was Sie tun m\u00fcssen, ist, ein Profil zu erstellen und mit dem Chatten zu beginnen. Sie werden...Read more\" \/>\n<meta property=\"og:url\" content=\"https:\/\/theyoungmessiah.com\/de\/kostenlose-milf-chat-seiten\/\" \/>\n<meta property=\"og:site_name\" content=\"Online Adult Dating\" \/>\n<meta name=\"twitter:card\" content=\"summary_large_image\" \/>\n<meta name=\"twitter:label1\" content=\"Gesch\u00e4tzte Lesezeit\" \/>\n\t<meta name=\"twitter:data1\" content=\"5\u00a0Minuten\" \/>\n<script type=\"application\/ld+json\" class=\"yoast-schema-graph\">{\"@context\":\"https:\/\/schema.org\",\"@graph\":[{\"@type\":\"WebSite\",\"@id\":\"https:\/\/theyoungmessiah.com\/de\/#website\",\"url\":\"https:\/\/theyoungmessiah.com\/de\/\",\"name\":\"Online Adult Dating\",\"description\":\"Local Sex Hookups\",\"potentialAction\":[{\"@type\":\"SearchAction\",\"target\":{\"@type\":\"EntryPoint\",\"urlTemplate\":\"https:\/\/theyoungmessiah.com\/de\/?s={search_term_string}\"},\"query-input\":\"required name=search_term_string\"}],\"inLanguage\":\"de\"},{\"@type\":\"WebPage\",\"@id\":\"https:\/\/theyoungmessiah.com\/de\/kostenlose-milf-chat-seiten\/#webpage\",\"url\":\"https:\/\/theyoungmessiah.com\/de\/kostenlose-milf-chat-seiten\/\",\"name\":\"Kostenlose Milf Chat-Seiten - Online Adult Dating\",\"isPartOf\":{\"@id\":\"https:\/\/theyoungmessiah.com\/de\/#website\"},\"datePublished\":\"2022-10-12T12:51:58+00:00\",\"dateModified\":\"2022-10-12T12:51:58+00:00\",\"breadcrumb\":{\"@id\":\"https:\/\/theyoungmessiah.com\/de\/kostenlose-milf-chat-seiten\/#breadcrumb\"},\"inLanguage\":\"de\",\"potentialAction\":[{\"@type\":\"ReadAction\",\"target\":[\"https:\/\/theyoungmessiah.com\/de\/kostenlose-milf-chat-seiten\/\"]}]},{\"@type\":\"BreadcrumbList\",\"@id\":\"https:\/\/theyoungmessiah.com\/de\/kostenlose-milf-chat-seiten\/#breadcrumb\",\"itemListElement\":[{\"@type\":\"ListItem\",\"position\":1,\"name\":\"Home\",\"item\":\"http:\/\/theyoungmessiah.com\/de\/\"},{\"@type\":\"ListItem\",\"position\":2,\"name\":\"Kostenlose Milf Chat-Seiten\"}]}]}<\/script>\n<!-- \/ Yoast SEO plugin. -->","yoast_head_json":{"title":"Kostenlose Milf Chat-Seiten - Online Adult Dating","robots":{"index":"index","follow":"follow","max-snippet":"max-snippet:-1","max-image-preview":"max-image-preview:large","max-video-preview":"max-video-preview:-1"},"canonical":"https:\/\/theyoungmessiah.com\/de\/kostenlose-milf-chat-seiten\/","og_locale":"de_DE","og_type":"article","og_title":"Kostenlose Milf Chat-Seiten - Online Adult Dating","og_description":"Es gibt viele kostenlose Milf-Chat-Sites online, mit denen Sie mit reifen Frauen chatten k\u00f6nnen, die nach einem Seitensprung suchen. Diese Seiten sind eine gro\u00dfartige M\u00f6glichkeit, sich mit \u00e4lteren Frauen zu verbinden, die daran interessiert sind, sich anzuschlie\u00dfen. Alles, was Sie tun m\u00fcssen, ist, ein Profil zu erstellen und mit dem Chatten zu beginnen. Sie werden...Read more","og_url":"https:\/\/theyoungmessiah.com\/de\/kostenlose-milf-chat-seiten\/","og_site_name":"Online Adult Dating","twitter_card":"summary_large_image","twitter_misc":{"Gesch\u00e4tzte Lesezeit":"5\u00a0Minuten"},"schema":{"@context":"https:\/\/schema.org","@graph":[{"@type":"WebSite","@id":"https:\/\/theyoungmessiah.com\/de\/#website","url":"https:\/\/theyoungmessiah.com\/de\/","name":"Online Adult Dating","description":"Local Sex Hookups","potentialAction":[{"@type":"SearchAction","target":{"@type":"EntryPoint","urlTemplate":"https:\/\/theyoungmessiah.com\/de\/?s={search_term_string}"},"query-input":"required name=search_term_string"}],"inLanguage":"de"},{"@type":"WebPage","@id":"https:\/\/theyoungmessiah.com\/de\/kostenlose-milf-chat-seiten\/#webpage","url":"https:\/\/theyoungmessiah.com\/de\/kostenlose-milf-chat-seiten\/","name":"Kostenlose Milf Chat-Seiten - Online Adult Dating","isPartOf":{"@id":"https:\/\/theyoungmessiah.com\/de\/#website"},"datePublished":"2022-10-12T12:51:58+00:00","dateModified":"2022-10-12T12:51:58+00:00","breadcrumb":{"@id":"https:\/\/theyoungmessiah.com\/de\/kostenlose-milf-chat-seiten\/#breadcrumb"},"inLanguage":"de","potentialAction":[{"@type":"ReadAction","target":["https:\/\/theyoungmessiah.com\/de\/kostenlose-milf-chat-seiten\/"]}]},{"@type":"BreadcrumbList","@id":"https:\/\/theyoungmessiah.com\/de\/kostenlose-milf-chat-seiten\/#breadcrumb","itemListElement":[{"@type":"ListItem","position":1,"name":"Home","item":"http:\/\/theyoungmessiah.com\/de\/"},{"@type":"ListItem","position":2,"name":"Kostenlose Milf Chat-Seiten"}]}]}},"_links":{"self":[{"href":"https:\/\/theyoungmessiah.com\/de\/wp-json\/wp\/v2\/pages\/272"}],"collection":[{"href":"https:\/\/theyoungmessiah.com\/de\/wp-json\/wp\/v2\/pages"}],"about":[{"href":"https:\/\/theyoungmessiah.com\/de\/wp-json\/wp\/v2\/types\/page"}],"author":[{"embeddable":true,"href":"https:\/\/theyoungmessiah.com\/de\/wp-json\/wp\/v2\/users\/1"}],"replies":[{"embeddable":true,"href":"https:\/\/theyoungmessiah.com\/de\/wp-json\/wp\/v2\/comments?post=272"}],"version-history":[{"count":0,"href":"https:\/\/theyoungmessiah.com\/de\/wp-json\/wp\/v2\/pages\/272\/revisions"}],"wp:attachment":[{"href":"https:\/\/theyoungmessiah.com\/de\/wp-json\/wp\/v2\/media?parent=272"}],"curies":[{"name":"wp","href":"https:\/\/api.w.org\/{rel}","templated":true}]}}