{"id":290,"date":"2022-10-12T13:50:34","date_gmt":"2022-10-12T12:50:34","guid":{"rendered":"http:\/\/theyoungmessiah.com\/datum-in-ihrer-naehe\/"},"modified":"2022-10-12T13:50:34","modified_gmt":"2022-10-12T12:50:34","slug":"datum-in-ihrer-naehe","status":"publish","type":"page","link":"https:\/\/theyoungmessiah.com\/de\/datum-in-ihrer-naehe\/","title":{"rendered":"Datum in Ihrer N\u00e4he"},"content":{"rendered":"<p>Es gibt viele M\u00f6glichkeiten, Singles in Ihrer N\u00e4he zu treffen, aber der beste Weg, jemanden zu finden, mit dem <a href=\"http:\/\/theyoungmessiah.com\/local-milf-dating\/\">Sie sich verbinden<\/a> k\u00f6nnen, ist, online zu gehen. Websites wie Adult Friend Finder und Tinder wurden speziell f\u00fcr Menschen entwickelt, die nach Gelegenheitssex und Hookups suchen. Alles, was Sie tun m\u00fcssen, ist sich anzumelden, ein Profil zu erstellen und mit dem Wischen zu beginnen. Sie werden mit Menschen in Ihrer N\u00e4he zusammengebracht, die nach dem Gleichen suchen wie Sie. Und wenn Sie Gl\u00fcck haben, finden Sie vielleicht jemanden, der perfekt f\u00fcr eine Nacht voller Spa\u00df ist.<\/p>\n<h2>Kostenlose Dating-Sites<\/h2>\n<p>Es gibt viele kostenlose Dating-Sites in diesen Tagen. Die beliebtesten sind Tinder und Bumble, aber es gibt auch viele andere. Der Schl\u00fcssel ist, einen zu finden, der Ihren Bed\u00fcrfnissen und Interessen entspricht. Zum Beispiel, wenn Sie nach einer ernsthaften Beziehung suchen, dann w\u00e4re eine Website wie eHarmony eine gute Wahl. Alternativ, wenn Sie nur ein bisschen Spa\u00df suchen, dann w\u00e4re eine Seite wie Tinder besser geeignet. Das Wichtigste ist, dass Sie Ihre Nachforschungen anstellen und eine Website finden, die zu Ihnen passt.<\/p>\n<p>Es gibt viele lokale Dating-Apps f\u00fcr Menschen, die nach Liebe oder Gesellschaft suchen. Einige beliebte Apps sind Tinder, Bumble und Hinge. Diese Apps erm\u00f6glichen es Benutzern, durch potenzielle \u00dcbereinstimmungen zu wischen und mit Personen zu chatten, an denen sie interessiert sind. Sie bieten Benutzern auch die M\u00f6glichkeit, sich mit Personen zu verbinden, die sich in derselben Region befinden. Dies kann f\u00fcr Leute hilfreich sein, die nach einem Date oder einer Verbindung suchen.<\/p>\n<h2>Finden Sie heute Abend ein Date<\/h2>\n<p>Es gibt viele M\u00f6glichkeiten, heute Abend ein Date zu finden, aber eine der einfachsten und beliebtesten M\u00f6glichkeiten ist das Online-Dating. Es gibt Tonnen von Dating-Websites und Apps, die Ihnen helfen k\u00f6nnen, potenzielle \u00dcbereinstimmungen zu finden, und viele von ihnen sind kostenlos zu verwenden. Alles, was Sie tun m\u00fcssen, ist ein Profil zu erstellen, und Sie k\u00f6nnen sofort damit beginnen, Personen zu benachrichtigen. Sie k\u00f6nnen auch nach bestimmten Arten von Menschen suchen, z. B. nach denen, die Ihre Interessen teilen oder in Ihrer N\u00e4he leben. Egal, ob Sie nach einer ungezwungenen Verbindung oder einer langfristigen Beziehung suchen, Online-Dating ist eine gro\u00dfartige M\u00f6glichkeit, neue Leute kennenzulernen.<\/p>\n<h3>Lovoo<\/h3>\n<p>Lovoo ist eine einzigartige Dating-App, mit der Sie potenzielle Termine in Ihrer N\u00e4he finden k\u00f6nnen. Die App kann kostenlos heruntergeladen und verwendet werden und bietet eine Vielzahl von Funktionen, die es einfach machen, potenzielle \u00dcbereinstimmungen zu finden und sich mit ihnen zu verbinden. Die App verf\u00fcgt au\u00dferdem \u00fcber eine benutzerfreundliche Oberfl\u00e4che und eine Vielzahl von Such- und Filteroptionen, sodass Sie die perfekte \u00dcbereinstimmung leicht finden k\u00f6nnen. Insgesamt ist Lovoo eine gro\u00dfartige Option f\u00fcr diejenigen, die ein Date in ihrer N\u00e4he suchen.<\/p>\n<h3>Einfache Flirts<\/h3>\n<p>Wenn Sie nach einem Date in Ihrer N\u00e4he suchen, ist SimpleFlirts eine gro\u00dfartige Option. Die App ist einfach zu bedienen und verf\u00fcgt \u00fcber viele Funktionen, was sie zu einer guten Wahl f\u00fcr die Suche nach einem Date macht. Die Suchfunktion ist sehr hilfreich, und die App erm\u00f6glicht es Ihnen auch, Profile anderer Benutzer in Ihrer N\u00e4he anzuzeigen. Insgesamt ist SimpleFlirts eine gute Wahl, um ein Date in Ihrer N\u00e4he zu finden.<\/p>\n<h3>Together2Night<\/h3>\n<p>Die Together2Night Dating-App ist eine der beliebtesten Dating-Apps, die heute verf\u00fcgbar sind. Es ist eine gro\u00dfartige M\u00f6glichkeit, neue Leute kennenzulernen und sich mit potenziellen Matches in Ihrer N\u00e4he zu verbinden. Die App kann kostenlos heruntergeladen und verwendet werden und bietet eine Vielzahl von Funktionen, die es einfach machen, potenzielle \u00dcbereinstimmungen zu finden und sich mit ihnen zu verbinden. Die App hat auch eine gro\u00dfartige Benutzeroberfl\u00e4che und ist sehr benutzerfreundlich. Insgesamt ist die Together2Night-Dating-App eine gro\u00dfartige Option f\u00fcr alle, die nach einer neuen M\u00f6glichkeit suchen, Menschen zu treffen und sich mit potenziellen \u00dcbereinstimmungen zu verbinden.<\/p>\n<h3>Badoo<\/h3>\n<p>Badoo ist eine Dating-App, mit der Sie neue Leute in Ihrer N\u00e4he kennenlernen k\u00f6nnen. Sie k\u00f6nnen ein Profil erstellen, die Profile anderer Benutzer anzeigen und mit anderen Benutzern chatten. Die App verf\u00fcgt auch \u00fcber eine Funktion namens &#8222;Badoo Encounters&#8220;, mit der Sie potenzielle \u00dcbereinstimmungen in der N\u00e4he finden k\u00f6nnen. Die App kann kostenlos heruntergeladen und verwendet werden, aber es gibt einige In-App-K\u00e4ufe, die Sie t\u00e4tigen k\u00f6nnen. Insgesamt ist Badoo eine gro\u00dfartige Dating-App, um neue Leute in Ihrer N\u00e4he kennenzulernen.<\/p>\n","protected":false},"excerpt":{"rendered":"<p>Es gibt viele M\u00f6glichkeiten, Singles in Ihrer N\u00e4he zu treffen, aber der beste Weg, jemanden zu finden, mit dem Sie sich verbinden k\u00f6nnen, ist, online zu gehen. Websites wie Adult Friend Finder und Tinder wurden speziell f\u00fcr Menschen entwickelt, die nach Gelegenheitssex und Hookups suchen. Alles, was Sie tun m\u00fcssen, ist sich anzumelden, ein Profil&#8230;<a class=\"read-more-link button\" href=\"https:\/\/theyoungmessiah.com\/de\/datum-in-ihrer-naehe\/\">Read more<\/a><\/p>\n","protected":false},"author":1,"featured_media":0,"parent":0,"menu_order":0,"comment_status":"closed","ping_status":"closed","template":"","meta":[],"yoast_head":"<!-- This site is optimized with the Yoast SEO plugin v17.7.1 - https:\/\/yoast.com\/wordpress\/plugins\/seo\/ -->\n<title>Datum in Ihrer N\u00e4he - Online Adult Dating<\/title>\n<meta name=\"robots\" content=\"index, follow, max-snippet:-1, max-image-preview:large, max-video-preview:-1\" \/>\n<link rel=\"canonical\" href=\"https:\/\/theyoungmessiah.com\/de\/datum-in-ihrer-naehe\/\" \/>\n<meta property=\"og:locale\" content=\"de_DE\" \/>\n<meta property=\"og:type\" content=\"article\" \/>\n<meta property=\"og:title\" content=\"Datum in Ihrer N\u00e4he - Online Adult Dating\" \/>\n<meta property=\"og:description\" content=\"Es gibt viele M\u00f6glichkeiten, Singles in Ihrer N\u00e4he zu treffen, aber der beste Weg, jemanden zu finden, mit dem Sie sich verbinden k\u00f6nnen, ist, online zu gehen. Websites wie Adult Friend Finder und Tinder wurden speziell f\u00fcr Menschen entwickelt, die nach Gelegenheitssex und Hookups suchen. Alles, was Sie tun m\u00fcssen, ist sich anzumelden, ein Profil...Read more\" \/>\n<meta property=\"og:url\" content=\"https:\/\/theyoungmessiah.com\/de\/datum-in-ihrer-naehe\/\" \/>\n<meta property=\"og:site_name\" content=\"Online Adult Dating\" \/>\n<meta name=\"twitter:card\" content=\"summary_large_image\" \/>\n<meta name=\"twitter:label1\" content=\"Gesch\u00e4tzte Lesezeit\" \/>\n\t<meta name=\"twitter:data1\" content=\"4\u00a0Minuten\" \/>\n<script type=\"application\/ld+json\" class=\"yoast-schema-graph\">{\"@context\":\"https:\/\/schema.org\",\"@graph\":[{\"@type\":\"WebSite\",\"@id\":\"https:\/\/theyoungmessiah.com\/de\/#website\",\"url\":\"https:\/\/theyoungmessiah.com\/de\/\",\"name\":\"Online Adult Dating\",\"description\":\"Local Sex Hookups\",\"potentialAction\":[{\"@type\":\"SearchAction\",\"target\":{\"@type\":\"EntryPoint\",\"urlTemplate\":\"https:\/\/theyoungmessiah.com\/de\/?s={search_term_string}\"},\"query-input\":\"required name=search_term_string\"}],\"inLanguage\":\"de\"},{\"@type\":\"WebPage\",\"@id\":\"https:\/\/theyoungmessiah.com\/de\/datum-in-ihrer-naehe\/#webpage\",\"url\":\"https:\/\/theyoungmessiah.com\/de\/datum-in-ihrer-naehe\/\",\"name\":\"Datum in Ihrer N\\u00e4he - Online Adult Dating\",\"isPartOf\":{\"@id\":\"https:\/\/theyoungmessiah.com\/de\/#website\"},\"datePublished\":\"2022-10-12T12:50:34+00:00\",\"dateModified\":\"2022-10-12T12:50:34+00:00\",\"breadcrumb\":{\"@id\":\"https:\/\/theyoungmessiah.com\/de\/datum-in-ihrer-naehe\/#breadcrumb\"},\"inLanguage\":\"de\",\"potentialAction\":[{\"@type\":\"ReadAction\",\"target\":[\"https:\/\/theyoungmessiah.com\/de\/datum-in-ihrer-naehe\/\"]}]},{\"@type\":\"BreadcrumbList\",\"@id\":\"https:\/\/theyoungmessiah.com\/de\/datum-in-ihrer-naehe\/#breadcrumb\",\"itemListElement\":[{\"@type\":\"ListItem\",\"position\":1,\"name\":\"Home\",\"item\":\"http:\/\/theyoungmessiah.com\/de\/\"},{\"@type\":\"ListItem\",\"position\":2,\"name\":\"Datum in Ihrer N\\u00e4he\"}]}]}<\/script>\n<!-- \/ Yoast SEO plugin. -->","yoast_head_json":{"title":"Datum in Ihrer N\u00e4he - Online Adult Dating","robots":{"index":"index","follow":"follow","max-snippet":"max-snippet:-1","max-image-preview":"max-image-preview:large","max-video-preview":"max-video-preview:-1"},"canonical":"https:\/\/theyoungmessiah.com\/de\/datum-in-ihrer-naehe\/","og_locale":"de_DE","og_type":"article","og_title":"Datum in Ihrer N\u00e4he - Online Adult Dating","og_description":"Es gibt viele M\u00f6glichkeiten, Singles in Ihrer N\u00e4he zu treffen, aber der beste Weg, jemanden zu finden, mit dem Sie sich verbinden k\u00f6nnen, ist, online zu gehen. Websites wie Adult Friend Finder und Tinder wurden speziell f\u00fcr Menschen entwickelt, die nach Gelegenheitssex und Hookups suchen. Alles, was Sie tun m\u00fcssen, ist sich anzumelden, ein Profil...Read more","og_url":"https:\/\/theyoungmessiah.com\/de\/datum-in-ihrer-naehe\/","og_site_name":"Online Adult Dating","twitter_card":"summary_large_image","twitter_misc":{"Gesch\u00e4tzte Lesezeit":"4\u00a0Minuten"},"schema":{"@context":"https:\/\/schema.org","@graph":[{"@type":"WebSite","@id":"https:\/\/theyoungmessiah.com\/de\/#website","url":"https:\/\/theyoungmessiah.com\/de\/","name":"Online Adult Dating","description":"Local Sex Hookups","potentialAction":[{"@type":"SearchAction","target":{"@type":"EntryPoint","urlTemplate":"https:\/\/theyoungmessiah.com\/de\/?s={search_term_string}"},"query-input":"required name=search_term_string"}],"inLanguage":"de"},{"@type":"WebPage","@id":"https:\/\/theyoungmessiah.com\/de\/datum-in-ihrer-naehe\/#webpage","url":"https:\/\/theyoungmessiah.com\/de\/datum-in-ihrer-naehe\/","name":"Datum in Ihrer N\u00e4he - Online Adult Dating","isPartOf":{"@id":"https:\/\/theyoungmessiah.com\/de\/#website"},"datePublished":"2022-10-12T12:50:34+00:00","dateModified":"2022-10-12T12:50:34+00:00","breadcrumb":{"@id":"https:\/\/theyoungmessiah.com\/de\/datum-in-ihrer-naehe\/#breadcrumb"},"inLanguage":"de","potentialAction":[{"@type":"ReadAction","target":["https:\/\/theyoungmessiah.com\/de\/datum-in-ihrer-naehe\/"]}]},{"@type":"BreadcrumbList","@id":"https:\/\/theyoungmessiah.com\/de\/datum-in-ihrer-naehe\/#breadcrumb","itemListElement":[{"@type":"ListItem","position":1,"name":"Home","item":"http:\/\/theyoungmessiah.com\/de\/"},{"@type":"ListItem","position":2,"name":"Datum in Ihrer N\u00e4he"}]}]}},"_links":{"self":[{"href":"https:\/\/theyoungmessiah.com\/de\/wp-json\/wp\/v2\/pages\/290"}],"collection":[{"href":"https:\/\/theyoungmessiah.com\/de\/wp-json\/wp\/v2\/pages"}],"about":[{"href":"https:\/\/theyoungmessiah.com\/de\/wp-json\/wp\/v2\/types\/page"}],"author":[{"embeddable":true,"href":"https:\/\/theyoungmessiah.com\/de\/wp-json\/wp\/v2\/users\/1"}],"replies":[{"embeddable":true,"href":"https:\/\/theyoungmessiah.com\/de\/wp-json\/wp\/v2\/comments?post=290"}],"version-history":[{"count":0,"href":"https:\/\/theyoungmessiah.com\/de\/wp-json\/wp\/v2\/pages\/290\/revisions"}],"wp:attachment":[{"href":"https:\/\/theyoungmessiah.com\/de\/wp-json\/wp\/v2\/media?parent=290"}],"curies":[{"name":"wp","href":"https:\/\/api.w.org\/{rel}","templated":true}]}}