{"id":294,"date":"2022-10-12T13:50:25","date_gmt":"2022-10-12T12:50:25","guid":{"rendered":"http:\/\/theyoungmessiah.com\/lokales-milf-dating\/"},"modified":"2022-10-12T13:50:25","modified_gmt":"2022-10-12T12:50:25","slug":"lokales-milf-dating","status":"publish","type":"page","link":"https:\/\/theyoungmessiah.com\/de\/lokales-milf-dating\/","title":{"rendered":"Lokales Milf Dating"},"content":{"rendered":"<p>Es gibt viele M\u00f6glichkeiten, einen kostenlosen milf-Anschluss zu erhalten. Sie k\u00f6nnen Websites finden, die sich auf Milf-Verbindungen spezialisiert haben, oder Sie k\u00f6nnen normale Dating-Sites verwenden. Sie k\u00f6nnen auch Social-Media-Sites wie Facebook und Twitter ausprobieren. F\u00fcr welche Methode Sie sich auch entscheiden, stellen Sie sicher, dass Sie respektvoll und r\u00fccksichtsvoll gegen\u00fcber der Milf sind, mit der Sie sich verbinden m\u00f6chten.<\/p>\n<h2>MILF Datierung<\/h2>\n<p>Milfs hat etwas Faszinierendes. Sie sind erfahren, sie wissen, was sie wollen, und sie haben keine Angst, danach zu gehen. Deshalb kann milf dating so aufregend sein. Du kannst von jemandem lernen, der wei\u00df, was er tut, und du kannst neue Dinge erleben.<\/p>\n<p><a href=\"http:\/\/theyoungmessiah.com\/granny-hookup\/\">Milf-Dating<\/a> kann jedoch auch eine Herausforderung sein. Diese Frauen sind oft besch\u00e4ftigt, und sie haben vielleicht nicht viel Zeit f\u00fcr Dating. Deshalb ist es wichtig, geduldig zu sein und zu verstehen, dass die Dinge nicht immer so schnell passieren, wie Sie m\u00f6chten.<\/p>\n<p>Wenn Sie sich f\u00fcr Milf-Dating interessieren, ist es wichtig, respektvoll zu sein und zu verstehen, wonach sie sucht. Sie ist nicht auf der Suche nach einem One-Night-Stand, sondern nach einer Beziehung. Nehmen Sie sich also Zeit, lernen Sie sie kennen und sehen Sie, wohin die Dinge gehen.<\/p>\n<p>Es ist nicht zu leugnen, dass Online-Dating seine Vorteile hat &#8211; Sie k\u00f6nnen einen breiteren Pool potenzieller Partner erreichen und Sie k\u00f6nnen dies bequem von zu Hause aus tun. Aber eine Sache, die Online-Dating Ihnen nicht geben kann, ist die M\u00f6glichkeit, jemanden sofort pers\u00f6nlich zu treffen. Und hier kommen lokale MILFs ins Spiel.<\/p>\n<p>Lokale MILFs sind ideal f\u00fcr Leute, die den Online-Dating-Prozess so schnell wie m\u00f6glich offline nehmen m\u00f6chten. Sie sind auch perfekt f\u00fcr diejenigen, die vielleicht ein wenig eingerostet sind, wenn es um Dating geht. Schlie\u00dflich geht nichts \u00fcber \u00dcbung.<\/p>\n<p>Wenn Sie also jemanden kennenlernen m\u00f6chten und nicht sicher sind, wo Sie anfangen sollen, warum versuchen Sie nicht, nach lokalen MILFs in Ihrer N\u00e4he zu suchen? Sie werden vielleicht \u00fcberrascht sein, wie viele attraktive, berechtigte Frauen es gibt &#8211; und wie einfach es ist, sie zu finden.<\/p>\n<h2>Lernen Sie eine MILF kennen<\/h2>\n<p>Es gibt etwas daran, mit einer MILF auszugehen, die dir einfach das Gef\u00fchl gibt, ein Mann zu sein. Vielleicht liegt es daran, dass sie wissen, was sie wollen, oder vielleicht liegt es daran, dass sie keine Angst haben, es zu verfolgen. So oder so, wenn Sie eine MILF treffen m\u00f6chten, gibt es keinen besseren Ort, um dies zu tun, als online.<\/p>\n<p>Es gibt viele MILF-Dating-Sites da drau\u00dfen, aber nicht alle von ihnen sind gleich. Sie m\u00f6chten sicherstellen, dass Sie eine Website verwenden, die beliebt ist und einen guten Ruf hat. Sie m\u00f6chten auch sicherstellen, dass Sie eine Website mit vielen aktiven Mitgliedern verwenden. Auf diese Weise ist es wahrscheinlicher, dass Sie jemanden finden, der tats\u00e4chlich daran interessiert ist, sich zu treffen.<\/p>\n<p>Sobald Sie eine MILF-Dating-Site gefunden haben, die Ihnen gef\u00e4llt, melden Sie sich an und erstellen Sie ein Profil. Stellen Sie sicher, dass Sie einige Bilder und ein wenig \u00fcber sich selbst beif\u00fcgen. Beginnen Sie dann mit der Suche nach MILFs in Ihrer N\u00e4he. Wenn Sie jemanden finden, an dem Sie interessiert sind, senden Sie ihm eine Nachricht und sehen Sie, ob er daran interessiert ist, sich zu treffen.<\/p>\n<p>Wenn Sie Ihre Karten richtig spielen, k\u00f6nnten Sie in k\u00fcrzester Zeit auf eine MILF treffen. Denken Sie daran, respektvoll zu sein und die Dinge langsam anzugehen. Schlie\u00dflich willst du dich nicht in irgendetwas st\u00fcrzen und am Ende verletzt werden.<\/p>\n<h3>OnlyFlings<\/h3>\n<p>Wenn Sie nach einem kostenlosen milf-Anschluss suchen, ist OnlyFlings eine gro\u00dfartige Option. Die App ist einfach zu bedienen und verf\u00fcgt \u00fcber viele gro\u00dfartige Funktionen wie Video-Chat und ein integriertes Messaging-System. Der einzige Nachteil ist, dass es noch nicht viele Benutzer in der App gibt, so dass Sie m\u00f6glicherweise Schwierigkeiten haben, jemanden in Ihrer N\u00e4he zu finden. Insgesamt ist OnlyFlings jedoch eine gro\u00dfartige Option f\u00fcr einen kostenlosen Milf-Anschluss.<\/p>\n<h3>Wichtigtuer<\/h3>\n<p>Bumble ist eine kostenlose Online-Dating-App, mit der Benutzer mit potenziellen \u00dcbereinstimmungen auf der ganzen Welt in Kontakt treten k\u00f6nnen. Die App hat eine einfache Benutzeroberfl\u00e4che und ist einfach zu bedienen. Bumble hat einen gro\u00dfen Pool an potenziellen \u00dcbereinstimmungen und viele Funktionen, die es zu einer guten Wahl f\u00fcr Online-Dating machen. Die App kann kostenlos heruntergeladen und verwendet werden und verf\u00fcgt \u00fcber eine kostenpflichtige Abonnementoption, mit der Benutzer auf weitere Funktionen zugreifen k\u00f6nnen. Insgesamt ist Bumble eine gute Wahl f\u00fcr Online-Dating und es lohnt sich, es auszuprobieren.<\/p>\n<h3>BoneAMilf<\/h3>\n<p>Wenn Sie nach einem kostenlosen milf-Anschluss suchen, ist BoneAMilf die App f\u00fcr Sie. Mit \u00fcber 1 Million Mitgliedern weltweit ist es einfach, jemanden in Ihrer N\u00e4he zu finden, mit dem Sie sich verbinden k\u00f6nnen. Die App kann kostenlos heruntergeladen und verwendet werden, und es gibt keine In-App-K\u00e4ufe. Sie k\u00f6nnen nach Mitgliedern nach Standort, Alter und Interessen suchen und ihnen direkt eine Nachricht senden. Die App verf\u00fcgt auch \u00fcber eine &#8222;Favoriten&#8220; -Funktion, so dass Sie den \u00dcberblick \u00fcber die Mitglieder behalten k\u00f6nnen, an denen Sie interessiert sind. Der einzige Nachteil ist, dass die App nur auf Englisch verf\u00fcgbar ist.<\/p>\n<h3>Scharnier<\/h3>\n<p>Wenn Sie nach einer Dating-App suchen, die nicht viel Engagement erfordert, ist Hinge eine gro\u00dfartige Option. Die App kann kostenlos heruntergeladen und verwendet werden und bietet eine Vielzahl von Funktionen, mit denen Sie eine \u00dcbereinstimmung finden k\u00f6nnen. Sie k\u00f6nnen ein Profil erstellen, die Profile anderer Benutzer anzeigen und Nachrichten kostenlos senden. Sie k\u00f6nnen auch ein Upgrade auf eine kostenpflichtige Mitgliedschaft durchf\u00fchren, um zus\u00e4tzliche Funktionen freizuschalten.<\/p>\n<p>Hinge ist aus gutem Grund eine beliebte Dating-App. Es ist einfach zu bedienen und kann kostenlos heruntergeladen und verwendet werden. Die App bietet eine Vielzahl von Funktionen, mit denen Sie eine \u00dcbereinstimmung finden k\u00f6nnen, und es ist einfach zu navigieren. Wenn Sie nach einer Dating-App suchen, die nicht viel Engagement erfordert, ist Hinge eine gro\u00dfartige Option.<\/p>\n","protected":false},"excerpt":{"rendered":"<p>Es gibt viele M\u00f6glichkeiten, einen kostenlosen milf-Anschluss zu erhalten. Sie k\u00f6nnen Websites finden, die sich auf Milf-Verbindungen spezialisiert haben, oder Sie k\u00f6nnen normale Dating-Sites verwenden. Sie k\u00f6nnen auch Social-Media-Sites wie Facebook und Twitter ausprobieren. F\u00fcr welche Methode Sie sich auch entscheiden, stellen Sie sicher, dass Sie respektvoll und r\u00fccksichtsvoll gegen\u00fcber der Milf sind, mit der&#8230;<a class=\"read-more-link button\" href=\"https:\/\/theyoungmessiah.com\/de\/lokales-milf-dating\/\">Read more<\/a><\/p>\n","protected":false},"author":1,"featured_media":0,"parent":0,"menu_order":0,"comment_status":"closed","ping_status":"closed","template":"","meta":[],"yoast_head":"<!-- This site is optimized with the Yoast SEO plugin v17.7.1 - https:\/\/yoast.com\/wordpress\/plugins\/seo\/ -->\n<title>Lokales Milf Dating - Online Adult Dating<\/title>\n<meta name=\"robots\" content=\"index, follow, max-snippet:-1, max-image-preview:large, max-video-preview:-1\" \/>\n<link rel=\"canonical\" href=\"https:\/\/theyoungmessiah.com\/de\/lokales-milf-dating\/\" \/>\n<meta property=\"og:locale\" content=\"de_DE\" \/>\n<meta property=\"og:type\" content=\"article\" \/>\n<meta property=\"og:title\" content=\"Lokales Milf Dating - Online Adult Dating\" \/>\n<meta property=\"og:description\" content=\"Es gibt viele M\u00f6glichkeiten, einen kostenlosen milf-Anschluss zu erhalten. Sie k\u00f6nnen Websites finden, die sich auf Milf-Verbindungen spezialisiert haben, oder Sie k\u00f6nnen normale Dating-Sites verwenden. Sie k\u00f6nnen auch Social-Media-Sites wie Facebook und Twitter ausprobieren. F\u00fcr welche Methode Sie sich auch entscheiden, stellen Sie sicher, dass Sie respektvoll und r\u00fccksichtsvoll gegen\u00fcber der Milf sind, mit der...Read more\" \/>\n<meta property=\"og:url\" content=\"https:\/\/theyoungmessiah.com\/de\/lokales-milf-dating\/\" \/>\n<meta property=\"og:site_name\" content=\"Online Adult Dating\" \/>\n<meta name=\"twitter:card\" content=\"summary_large_image\" \/>\n<meta name=\"twitter:label1\" content=\"Gesch\u00e4tzte Lesezeit\" \/>\n\t<meta name=\"twitter:data1\" content=\"5\u00a0Minuten\" \/>\n<script type=\"application\/ld+json\" class=\"yoast-schema-graph\">{\"@context\":\"https:\/\/schema.org\",\"@graph\":[{\"@type\":\"WebSite\",\"@id\":\"https:\/\/theyoungmessiah.com\/de\/#website\",\"url\":\"https:\/\/theyoungmessiah.com\/de\/\",\"name\":\"Online Adult Dating\",\"description\":\"Local Sex Hookups\",\"potentialAction\":[{\"@type\":\"SearchAction\",\"target\":{\"@type\":\"EntryPoint\",\"urlTemplate\":\"https:\/\/theyoungmessiah.com\/de\/?s={search_term_string}\"},\"query-input\":\"required name=search_term_string\"}],\"inLanguage\":\"de\"},{\"@type\":\"WebPage\",\"@id\":\"https:\/\/theyoungmessiah.com\/de\/lokales-milf-dating\/#webpage\",\"url\":\"https:\/\/theyoungmessiah.com\/de\/lokales-milf-dating\/\",\"name\":\"Lokales Milf Dating - Online Adult Dating\",\"isPartOf\":{\"@id\":\"https:\/\/theyoungmessiah.com\/de\/#website\"},\"datePublished\":\"2022-10-12T12:50:25+00:00\",\"dateModified\":\"2022-10-12T12:50:25+00:00\",\"breadcrumb\":{\"@id\":\"https:\/\/theyoungmessiah.com\/de\/lokales-milf-dating\/#breadcrumb\"},\"inLanguage\":\"de\",\"potentialAction\":[{\"@type\":\"ReadAction\",\"target\":[\"https:\/\/theyoungmessiah.com\/de\/lokales-milf-dating\/\"]}]},{\"@type\":\"BreadcrumbList\",\"@id\":\"https:\/\/theyoungmessiah.com\/de\/lokales-milf-dating\/#breadcrumb\",\"itemListElement\":[{\"@type\":\"ListItem\",\"position\":1,\"name\":\"Home\",\"item\":\"http:\/\/theyoungmessiah.com\/de\/\"},{\"@type\":\"ListItem\",\"position\":2,\"name\":\"Lokales Milf Dating\"}]}]}<\/script>\n<!-- \/ Yoast SEO plugin. -->","yoast_head_json":{"title":"Lokales Milf Dating - Online Adult Dating","robots":{"index":"index","follow":"follow","max-snippet":"max-snippet:-1","max-image-preview":"max-image-preview:large","max-video-preview":"max-video-preview:-1"},"canonical":"https:\/\/theyoungmessiah.com\/de\/lokales-milf-dating\/","og_locale":"de_DE","og_type":"article","og_title":"Lokales Milf Dating - Online Adult Dating","og_description":"Es gibt viele M\u00f6glichkeiten, einen kostenlosen milf-Anschluss zu erhalten. Sie k\u00f6nnen Websites finden, die sich auf Milf-Verbindungen spezialisiert haben, oder Sie k\u00f6nnen normale Dating-Sites verwenden. Sie k\u00f6nnen auch Social-Media-Sites wie Facebook und Twitter ausprobieren. F\u00fcr welche Methode Sie sich auch entscheiden, stellen Sie sicher, dass Sie respektvoll und r\u00fccksichtsvoll gegen\u00fcber der Milf sind, mit der...Read more","og_url":"https:\/\/theyoungmessiah.com\/de\/lokales-milf-dating\/","og_site_name":"Online Adult Dating","twitter_card":"summary_large_image","twitter_misc":{"Gesch\u00e4tzte Lesezeit":"5\u00a0Minuten"},"schema":{"@context":"https:\/\/schema.org","@graph":[{"@type":"WebSite","@id":"https:\/\/theyoungmessiah.com\/de\/#website","url":"https:\/\/theyoungmessiah.com\/de\/","name":"Online Adult Dating","description":"Local Sex Hookups","potentialAction":[{"@type":"SearchAction","target":{"@type":"EntryPoint","urlTemplate":"https:\/\/theyoungmessiah.com\/de\/?s={search_term_string}"},"query-input":"required name=search_term_string"}],"inLanguage":"de"},{"@type":"WebPage","@id":"https:\/\/theyoungmessiah.com\/de\/lokales-milf-dating\/#webpage","url":"https:\/\/theyoungmessiah.com\/de\/lokales-milf-dating\/","name":"Lokales Milf Dating - Online Adult Dating","isPartOf":{"@id":"https:\/\/theyoungmessiah.com\/de\/#website"},"datePublished":"2022-10-12T12:50:25+00:00","dateModified":"2022-10-12T12:50:25+00:00","breadcrumb":{"@id":"https:\/\/theyoungmessiah.com\/de\/lokales-milf-dating\/#breadcrumb"},"inLanguage":"de","potentialAction":[{"@type":"ReadAction","target":["https:\/\/theyoungmessiah.com\/de\/lokales-milf-dating\/"]}]},{"@type":"BreadcrumbList","@id":"https:\/\/theyoungmessiah.com\/de\/lokales-milf-dating\/#breadcrumb","itemListElement":[{"@type":"ListItem","position":1,"name":"Home","item":"http:\/\/theyoungmessiah.com\/de\/"},{"@type":"ListItem","position":2,"name":"Lokales Milf Dating"}]}]}},"_links":{"self":[{"href":"https:\/\/theyoungmessiah.com\/de\/wp-json\/wp\/v2\/pages\/294"}],"collection":[{"href":"https:\/\/theyoungmessiah.com\/de\/wp-json\/wp\/v2\/pages"}],"about":[{"href":"https:\/\/theyoungmessiah.com\/de\/wp-json\/wp\/v2\/types\/page"}],"author":[{"embeddable":true,"href":"https:\/\/theyoungmessiah.com\/de\/wp-json\/wp\/v2\/users\/1"}],"replies":[{"embeddable":true,"href":"https:\/\/theyoungmessiah.com\/de\/wp-json\/wp\/v2\/comments?post=294"}],"version-history":[{"count":0,"href":"https:\/\/theyoungmessiah.com\/de\/wp-json\/wp\/v2\/pages\/294\/revisions"}],"wp:attachment":[{"href":"https:\/\/theyoungmessiah.com\/de\/wp-json\/wp\/v2\/media?parent=294"}],"curies":[{"name":"wp","href":"https:\/\/api.w.org\/{rel}","templated":true}]}}