{"id":317,"date":"2022-10-12T13:50:13","date_gmt":"2022-10-12T12:50:13","guid":{"rendered":"http:\/\/theyoungmessiah.com\/oma-hookup\/"},"modified":"2022-10-12T13:50:13","modified_gmt":"2022-10-12T12:50:13","slug":"oma-hookup","status":"publish","type":"page","link":"https:\/\/theyoungmessiah.com\/de\/oma-hookup\/","title":{"rendered":"Oma Hookup"},"content":{"rendered":"<p>Die Idee, sich mit einer Oma zu treffen, hat etwas Faszinierendes. Vielleicht liegt es an der Tabuisierung oder an der Tatsache, dass sie erfahren sind und wissen, was sie tun. Was auch immer der Grund ist, Oma-Hookups k\u00f6nnen eine Menge Spa\u00df machen.<\/p>\n<p>Nat\u00fcrlich gibt es ein paar Dinge, die Sie beachten m\u00fcssen, bevor Sie sich mit einer Oma <a href=\"http:\/\/theyoungmessiah.com\/dating-site-for-older-women\/\">verbinden<\/a> . F\u00fcr den Anfang sind sie wahrscheinlich viel erfahrener als Sie, also erwarten Sie nicht, derjenige zu sein, der die Kontrolle hat. Au\u00dferdem sind sie m\u00f6glicherweise nicht so flexibel, wie Sie es gewohnt sind, also seien Sie auf einige unkonventionelle Positionen vorbereitet.<\/p>\n<p>Aber wenn Sie Lust auf ein bisschen Spa\u00df haben, dann kann ein Oma-Anschluss eine gro\u00dfartige Erfahrung sein. Stellen Sie einfach sicher, dass Sie mit den richtigen Erwartungen hineingehen und Sie sicher eine gute Zeit haben.<\/p>\n<h2>Lokale Granny Dating Sites<\/h2>\n<p>Es gibt viele lokale Oma-Dating-Sites, die Ihnen helfen k\u00f6nnen, \u00e4ltere Frauen in Ihrer N\u00e4he zu treffen. Diese Seiten k\u00f6nnen eine gro\u00dfartige M\u00f6glichkeit sein, neue Leute kennenzulernen und neue Beziehungen aufzubauen. Viele dieser Websites bieten eine kostenlose Mitgliedschaft an, sodass Sie sie ausprobieren k\u00f6nnen, bevor Sie sich f\u00fcr eine kostenpflichtige Mitgliedschaft entscheiden. Lesen Sie unbedingt die Allgemeinen Gesch\u00e4ftsbedingungen jeder Website, bevor Sie sich anmelden, damit Sie wissen, worauf Sie sich einlassen. Sobald Sie ein paar potenzielle \u00dcbereinstimmungen gefunden haben, nehmen Sie sich die Zeit, ihnen eine Nachricht zu senden und sie besser kennenzulernen. Wenn alles gut geht, k\u00f6nnen Sie sich pers\u00f6nlich treffen und sehen, ob es einen Funken gibt. Viel Gl\u00fcck!<\/p>\n<p>Es gibt viele \u00e4ltere Frauen da drau\u00dfen, die daran interessiert sind, j\u00fcngere M\u00e4nner zu treffen, und umgekehrt. Es kann jedoch schwierig sein, \u00dcbereinstimmungen durch traditionelle Dating-Methoden wie Online-Dating zu finden. Dies liegt daran, dass viele Dating-Sites und -Apps darauf ausgerichtet sind, Menschen \u00e4hnlichen Alters zusammenzubringen, anstatt Menschen basierend auf ihren Interessen zusammenzubringen.<\/p>\n<p>Eine M\u00f6glichkeit, \u00dcbereinstimmungen mit \u00e4lteren Frauen zu finden, wenn Sie ein j\u00fcngerer Mann sind, der daran interessiert ist, mit ihnen auszugehen, besteht darin, nach Websites und Apps zu suchen, die speziell auf diese demografische Gruppe zugeschnitten sind. Zum Beispiel gibt es Websites wie CougarLife.com, die speziell f\u00fcr \u00e4ltere Frauen und j\u00fcngere M\u00e4nner entwickelt wurden, um sich zu treffen und zu verabreden. Es gibt auch Dating-Apps wie Tinder, mit denen Sie Ihre Alterspr\u00e4ferenzen festlegen k\u00f6nnen, sodass Sie nur \u00e4ltere Frauen sehen k\u00f6nnen, die sich in Ihrer gew\u00fcnschten Altersgruppe befinden.<\/p>\n<p>Nat\u00fcrlich k\u00f6nnen Sie auch versuchen, \u00e4ltere Frauen offline, durch gemeinsame Freunde oder einfach durch pers\u00f6nliche Ansprache zu treffen. Online-Dating kann jedoch eine gro\u00dfartige M\u00f6glichkeit sein, sich mit \u00e4lteren Frauen zu verbinden, die Sie sonst vielleicht nicht treffen k\u00f6nnten.<\/p>\n<h2>\u00c4ltere Frauen auf der Suche nach Sex<\/h2>\n<p>Es gibt einen wachsenden Trend \u00e4lterer Frauen, die online nach Sex suchen. Dies ist wahrscheinlich auf die Tatsache zur\u00fcckzuf\u00fchren, dass sich viele Frauen jetzt mit ihrer Sexualit\u00e4t wohler f\u00fchlen und offener daf\u00fcr sind, ihre sexuellen W\u00fcnsche zu erforschen. Dar\u00fcber hinaus haben \u00e4ltere Frauen m\u00f6glicherweise gr\u00f6\u00dfere Schwierigkeiten, Partner in ihrem Alter zu finden, so dass sie sich an das Internet wenden, um potenzielle Sexualpartner zu finden.<\/p>\n<p>Es gibt eine Reihe von Websites und Apps, die sich an \u00e4ltere Frauen richten, die nach Sex suchen. Diese Plattformen bieten eine sichere und komfortable Umgebung f\u00fcr Frauen, um ihre Sexualit\u00e4t zu erforschen und Sexualpartner zu finden. Dar\u00fcber hinaus bieten diese Plattformen eine Vielzahl von Funktionen und Suchfiltern, mit denen Frauen Partner finden k\u00f6nnen, die ihren spezifischen Bed\u00fcrfnissen und W\u00fcnschen entsprechen.<\/p>\n<h3>DateMyAge<\/h3>\n<p>DateMyAge ist eine Oma-Hookup-App, mit der Sie \u00e4ltere Frauen vor Ort finden k\u00f6nnen, die nach einem Seitensprung suchen. Die App ist einfach zu bedienen und verf\u00fcgt \u00fcber viele Funktionen, mit denen Sie genau das finden, wonach Sie suchen. Die Suchfunktion ist sehr benutzerfreundlich und die App erm\u00f6glicht es Ihnen auch, Profile anderer Mitglieder in Ihrer N\u00e4he anzuzeigen. Insgesamt ist dies eine gro\u00dfartige App, um einen Oma-Anschluss zu finden.<\/p>\n<h3>ComeWithYou<\/h3>\n<p>ComeWithYou ist eine neue Dating-App, die perfekt f\u00fcr Oma-Hookups ist. Die App ist sehr benutzerfreundlich und einfach zu navigieren. Es verf\u00fcgt \u00fcber viele gro\u00dfartige Funktionen, die es einfach machen, potenzielle \u00dcbereinstimmungen zu finden und sich mit ihnen zu verbinden. Die Suchfunktion ist sehr umfangreich und erm\u00f6glicht es Ihnen, \u00dcbereinstimmungen basierend auf einer Vielzahl von Kriterien zu finden. Die Messaging-Funktion ist auch sehr gut und erm\u00f6glicht es Ihnen, sich einfach mit \u00dcbereinstimmungen zu verbinden. Insgesamt ist ComeWithYou eine gro\u00dfartige Option f\u00fcr Oma-Hookups und ich w\u00fcrde es jedem empfehlen, der nach einer neuen Dating-App sucht.<\/p>\n<h3>DateYou<\/h3>\n<p>Ich fand die DateYou-Dating-App eine gro\u00dfartige M\u00f6glichkeit, Omas f\u00fcr Hookups zu treffen. Die App ist einfach zu bedienen und verf\u00fcgt \u00fcber viele tolle Funktionen. Die Suchfunktion ist gro\u00dfartig und das Messaging-System ist sehr benutzerfreundlich. Ich mag auch die Tatsache, dass Sie sehen k\u00f6nnen, wer online ist und wer nicht. Insgesamt w\u00fcrde ich diese App auf jeden Fall jedem empfehlen, der nach einem Oma-Anschluss sucht.<\/p>\n<h3>Badoo<\/h3>\n<p>Wenn Sie nach einer Oma-Verbindung suchen, ist Badoo wahrscheinlich nicht die Dating-App f\u00fcr Sie. Obwohl es sich selbst als Dating-App bezeichnet, berichten viele Benutzer, dass es schwierig ist, tats\u00e4chlich \u00dcbereinstimmungen in der App zu finden. Tats\u00e4chlich berichten viele Benutzer, dass die App voller gef\u00e4lschter Profile ist und dass es schwierig ist, mit dem Kundendienst in Kontakt zu treten, wenn Sie ein Problem haben. Wenn Sie also nach einer Oma-Verbindung suchen, m\u00f6chten Sie vielleicht eine andere App ausprobieren.<\/p>\n","protected":false},"excerpt":{"rendered":"<p>Die Idee, sich mit einer Oma zu treffen, hat etwas Faszinierendes. Vielleicht liegt es an der Tabuisierung oder an der Tatsache, dass sie erfahren sind und wissen, was sie tun. Was auch immer der Grund ist, Oma-Hookups k\u00f6nnen eine Menge Spa\u00df machen. Nat\u00fcrlich gibt es ein paar Dinge, die Sie beachten m\u00fcssen, bevor Sie sich&#8230;<a class=\"read-more-link button\" href=\"https:\/\/theyoungmessiah.com\/de\/oma-hookup\/\">Read more<\/a><\/p>\n","protected":false},"author":1,"featured_media":0,"parent":0,"menu_order":0,"comment_status":"closed","ping_status":"closed","template":"","meta":[],"yoast_head":"<!-- This site is optimized with the Yoast SEO plugin v17.7.1 - https:\/\/yoast.com\/wordpress\/plugins\/seo\/ -->\n<title>Oma Hookup - Online Adult Dating<\/title>\n<meta name=\"robots\" content=\"index, follow, max-snippet:-1, max-image-preview:large, max-video-preview:-1\" \/>\n<link rel=\"canonical\" href=\"https:\/\/theyoungmessiah.com\/de\/oma-hookup\/\" \/>\n<meta property=\"og:locale\" content=\"de_DE\" \/>\n<meta property=\"og:type\" content=\"article\" \/>\n<meta property=\"og:title\" content=\"Oma Hookup - Online Adult Dating\" \/>\n<meta property=\"og:description\" content=\"Die Idee, sich mit einer Oma zu treffen, hat etwas Faszinierendes. Vielleicht liegt es an der Tabuisierung oder an der Tatsache, dass sie erfahren sind und wissen, was sie tun. Was auch immer der Grund ist, Oma-Hookups k\u00f6nnen eine Menge Spa\u00df machen. Nat\u00fcrlich gibt es ein paar Dinge, die Sie beachten m\u00fcssen, bevor Sie sich...Read more\" \/>\n<meta property=\"og:url\" content=\"https:\/\/theyoungmessiah.com\/de\/oma-hookup\/\" \/>\n<meta property=\"og:site_name\" content=\"Online Adult Dating\" \/>\n<meta name=\"twitter:card\" content=\"summary_large_image\" \/>\n<meta name=\"twitter:label1\" content=\"Gesch\u00e4tzte Lesezeit\" \/>\n\t<meta name=\"twitter:data1\" content=\"5\u00a0Minuten\" \/>\n<script type=\"application\/ld+json\" class=\"yoast-schema-graph\">{\"@context\":\"https:\/\/schema.org\",\"@graph\":[{\"@type\":\"WebSite\",\"@id\":\"https:\/\/theyoungmessiah.com\/de\/#website\",\"url\":\"https:\/\/theyoungmessiah.com\/de\/\",\"name\":\"Online Adult Dating\",\"description\":\"Local Sex Hookups\",\"potentialAction\":[{\"@type\":\"SearchAction\",\"target\":{\"@type\":\"EntryPoint\",\"urlTemplate\":\"https:\/\/theyoungmessiah.com\/de\/?s={search_term_string}\"},\"query-input\":\"required name=search_term_string\"}],\"inLanguage\":\"de\"},{\"@type\":\"WebPage\",\"@id\":\"https:\/\/theyoungmessiah.com\/de\/oma-hookup\/#webpage\",\"url\":\"https:\/\/theyoungmessiah.com\/de\/oma-hookup\/\",\"name\":\"Oma Hookup - Online Adult Dating\",\"isPartOf\":{\"@id\":\"https:\/\/theyoungmessiah.com\/de\/#website\"},\"datePublished\":\"2022-10-12T12:50:13+00:00\",\"dateModified\":\"2022-10-12T12:50:13+00:00\",\"breadcrumb\":{\"@id\":\"https:\/\/theyoungmessiah.com\/de\/oma-hookup\/#breadcrumb\"},\"inLanguage\":\"de\",\"potentialAction\":[{\"@type\":\"ReadAction\",\"target\":[\"https:\/\/theyoungmessiah.com\/de\/oma-hookup\/\"]}]},{\"@type\":\"BreadcrumbList\",\"@id\":\"https:\/\/theyoungmessiah.com\/de\/oma-hookup\/#breadcrumb\",\"itemListElement\":[{\"@type\":\"ListItem\",\"position\":1,\"name\":\"Home\",\"item\":\"http:\/\/theyoungmessiah.com\/de\/\"},{\"@type\":\"ListItem\",\"position\":2,\"name\":\"Oma Hookup\"}]}]}<\/script>\n<!-- \/ Yoast SEO plugin. -->","yoast_head_json":{"title":"Oma Hookup - Online Adult Dating","robots":{"index":"index","follow":"follow","max-snippet":"max-snippet:-1","max-image-preview":"max-image-preview:large","max-video-preview":"max-video-preview:-1"},"canonical":"https:\/\/theyoungmessiah.com\/de\/oma-hookup\/","og_locale":"de_DE","og_type":"article","og_title":"Oma Hookup - Online Adult Dating","og_description":"Die Idee, sich mit einer Oma zu treffen, hat etwas Faszinierendes. Vielleicht liegt es an der Tabuisierung oder an der Tatsache, dass sie erfahren sind und wissen, was sie tun. Was auch immer der Grund ist, Oma-Hookups k\u00f6nnen eine Menge Spa\u00df machen. Nat\u00fcrlich gibt es ein paar Dinge, die Sie beachten m\u00fcssen, bevor Sie sich...Read more","og_url":"https:\/\/theyoungmessiah.com\/de\/oma-hookup\/","og_site_name":"Online Adult Dating","twitter_card":"summary_large_image","twitter_misc":{"Gesch\u00e4tzte Lesezeit":"5\u00a0Minuten"},"schema":{"@context":"https:\/\/schema.org","@graph":[{"@type":"WebSite","@id":"https:\/\/theyoungmessiah.com\/de\/#website","url":"https:\/\/theyoungmessiah.com\/de\/","name":"Online Adult Dating","description":"Local Sex Hookups","potentialAction":[{"@type":"SearchAction","target":{"@type":"EntryPoint","urlTemplate":"https:\/\/theyoungmessiah.com\/de\/?s={search_term_string}"},"query-input":"required name=search_term_string"}],"inLanguage":"de"},{"@type":"WebPage","@id":"https:\/\/theyoungmessiah.com\/de\/oma-hookup\/#webpage","url":"https:\/\/theyoungmessiah.com\/de\/oma-hookup\/","name":"Oma Hookup - Online Adult Dating","isPartOf":{"@id":"https:\/\/theyoungmessiah.com\/de\/#website"},"datePublished":"2022-10-12T12:50:13+00:00","dateModified":"2022-10-12T12:50:13+00:00","breadcrumb":{"@id":"https:\/\/theyoungmessiah.com\/de\/oma-hookup\/#breadcrumb"},"inLanguage":"de","potentialAction":[{"@type":"ReadAction","target":["https:\/\/theyoungmessiah.com\/de\/oma-hookup\/"]}]},{"@type":"BreadcrumbList","@id":"https:\/\/theyoungmessiah.com\/de\/oma-hookup\/#breadcrumb","itemListElement":[{"@type":"ListItem","position":1,"name":"Home","item":"http:\/\/theyoungmessiah.com\/de\/"},{"@type":"ListItem","position":2,"name":"Oma Hookup"}]}]}},"_links":{"self":[{"href":"https:\/\/theyoungmessiah.com\/de\/wp-json\/wp\/v2\/pages\/317"}],"collection":[{"href":"https:\/\/theyoungmessiah.com\/de\/wp-json\/wp\/v2\/pages"}],"about":[{"href":"https:\/\/theyoungmessiah.com\/de\/wp-json\/wp\/v2\/types\/page"}],"author":[{"embeddable":true,"href":"https:\/\/theyoungmessiah.com\/de\/wp-json\/wp\/v2\/users\/1"}],"replies":[{"embeddable":true,"href":"https:\/\/theyoungmessiah.com\/de\/wp-json\/wp\/v2\/comments?post=317"}],"version-history":[{"count":0,"href":"https:\/\/theyoungmessiah.com\/de\/wp-json\/wp\/v2\/pages\/317\/revisions"}],"wp:attachment":[{"href":"https:\/\/theyoungmessiah.com\/de\/wp-json\/wp\/v2\/media?parent=317"}],"curies":[{"name":"wp","href":"https:\/\/api.w.org\/{rel}","templated":true}]}}