{"id":318,"date":"2022-10-12T13:49:52","date_gmt":"2022-10-12T12:49:52","guid":{"rendered":"http:\/\/theyoungmessiah.com\/lokale-fickseiten\/"},"modified":"2022-10-12T13:49:52","modified_gmt":"2022-10-12T12:49:52","slug":"lokale-fickseiten","status":"publish","type":"page","link":"https:\/\/theyoungmessiah.com\/de\/lokale-fickseiten\/","title":{"rendered":"Lokale Fickseiten"},"content":{"rendered":"<p>Lokale Fickseiten sind ein Dutzend, und es kann schwer sein zu wissen, welche man w\u00e4hlen soll. Wenn Sie jedoch nach einer schnellen und einfachen M\u00f6glichkeit suchen, sich mit jemandem in Ihrer N\u00e4he zu verbinden, dann ist eine lokale Fickseite definitiv der richtige Weg. Es gibt viele lokale Fickseiten da drau\u00dfen, also solltest du auf jeden Fall in der Lage sein, eine zu finden, die deinen Bed\u00fcrfnissen entspricht. Lesen Sie einfach unbedingt die Bewertungen, bevor Sie sich f\u00fcr etwas anmelden, damit Sie wissen, worauf Sie sich einlassen.<\/p>\n<p>Wenn Sie jemanden treffen und ficken m\u00f6chten, sollten Sie sich auf jeden Fall das Online-Dating ansehen. Mit Online-Dating k\u00f6nnen Sie sich mit Menschen aus der ganzen Welt verbinden, die nach dem Gleichen suchen wie Sie. Es gibt Tonnen von Dating-Websites und Apps, die Sie verwenden k\u00f6nnen, um jemanden zum Ficken zu finden, und Sie k\u00f6nnen sogar Ihre Suche filtern, um jemanden zu finden, der die gleichen Dinge wie Sie hat. Egal, ob Sie nach einem One-Night-Stand oder einer langfristigen Beziehung suchen, Online-Dating ist eine gro\u00dfartige M\u00f6glichkeit, jemanden Besonderen zu treffen und zu ficken.<\/p>\n<p>Ich bin auf der Suche nach einem kostenlosen Fick heute Abend. Ich habe ein paar M\u00e4dchen auf einer Dating-Site kontaktiert und bin bereit, die Dinge auf die n\u00e4chste Stufe zu bringen. Ich bin f\u00fcr alles bereit, also wenn Sie interessiert sind, lassen Sie es mich wissen. Ich bin mir sicher, dass wir etwas ausarbeiten k\u00f6nnen.<\/p>\n<h2>Fuck Kostenlos<\/h2>\n<p>Wenn Sie nach einer kostenlosen Online-Dating-Site suchen, sollten Sie sich unbedingt Fuck For Free ansehen. Diese Seite ist eine gro\u00dfartige Ressource, um lokale Singles zu finden, die nach einem No-Strings-Attached-Hookup suchen. Die Website ist einfach zu bedienen und verf\u00fcgt \u00fcber eine Vielzahl von Funktionen, die das Finden einer \u00dcbereinstimmung erleichtern. Sie k\u00f6nnen nach Standort, Alter, Interessen und mehr suchen. Au\u00dferdem hat die Website ein gro\u00dfartiges Community-Feeling, mit Foren und Chatrooms, in denen Sie mit anderen Mitgliedern interagieren k\u00f6nnen.<\/p>\n<h3>AdultFriendFinder<\/h3>\n<p>AdultFriendFinder ist eine der beliebtesten Dating-Apps, um lokale Fickfreunde zu finden. Die App hat eine gro\u00dfe Nutzerbasis und ist einfach zu bedienen. Sie k\u00f6nnen nach potenziellen \u00dcbereinstimmungen nach Standort, Alter und anderen Kriterien suchen. Die App verf\u00fcgt auch \u00fcber eine Messaging-Funktion, mit der Sie mit potenziellen \u00dcbereinstimmungen kommunizieren k\u00f6nnen. Die App kann kostenlos verwendet werden, aber Sie k\u00f6nnen ein Upgrade auf eine Premium-Mitgliedschaft f\u00fcr zus\u00e4tzliche Funktionen durchf\u00fchren.<\/p>\n<h3>OneNightFriend<\/h3>\n<p>OneNightFriend ist eine beliebte Dating-App, die Menschen hilft, sich mit lokalen Fickfreunden zu verbinden. Die App verf\u00fcgt \u00fcber eine gro\u00dfe Benutzerdatenbank und ist sehr einfach zu bedienen. Die App hat auch viele positive Bewertungen von Benutzern.<\/p>\n<h3>Zunder<\/h3>\n<p>Tinder ist eine Dating-App, mit der Sie potenzielle \u00dcbereinstimmungen in Ihrer N\u00e4he finden k\u00f6nnen. Sie k\u00f6nnen dann mit diesen \u00dcbereinstimmungen chatten und sich m\u00f6glicherweise pers\u00f6nlich mit ihnen treffen. Tinder ist eine gro\u00dfartige M\u00f6glichkeit, neue Leute kennenzulernen und m\u00f6glicherweise einen lokalen Fickbuddy zu finden. Die App ist einfach zu bedienen und es ist kostenlos, sich anzumelden. Sie k\u00f6nnen Bewertungen von Tinder online lesen, bevor Sie sich entscheiden, es zu verwenden.<\/p>\n<h3>Xmeets<\/h3>\n<p>Wenn Sie nach einer lokalen Fickseite suchen, ist Xmeets auf jeden Fall einen Besuch wert. Die App ist einfach zu bedienen und es gibt Tonnen von lokalen Benutzern zur Auswahl. Das Beste daran ist, dass Sie Ihre Suche filtern k\u00f6nnen, um genau das zu finden, wonach Sie suchen. Egal, ob Sie nach einer einmaligen Verbindung oder etwas Langfristigerem suchen, Xmeets ist auf jeden Fall einen Besuch wert.<\/p>\n","protected":false},"excerpt":{"rendered":"<p>Lokale Fickseiten sind ein Dutzend, und es kann schwer sein zu wissen, welche man w\u00e4hlen soll. Wenn Sie jedoch nach einer schnellen und einfachen M\u00f6glichkeit suchen, sich mit jemandem in Ihrer N\u00e4he zu verbinden, dann ist eine lokale Fickseite definitiv der richtige Weg. Es gibt viele lokale Fickseiten da drau\u00dfen, also solltest du auf jeden&#8230;<a class=\"read-more-link button\" href=\"https:\/\/theyoungmessiah.com\/de\/lokale-fickseiten\/\">Read more<\/a><\/p>\n","protected":false},"author":1,"featured_media":0,"parent":0,"menu_order":0,"comment_status":"closed","ping_status":"closed","template":"","meta":[],"yoast_head":"<!-- This site is optimized with the Yoast SEO plugin v17.7.1 - https:\/\/yoast.com\/wordpress\/plugins\/seo\/ -->\n<title>Lokale Fickseiten - Online Adult Dating<\/title>\n<meta name=\"robots\" content=\"index, follow, max-snippet:-1, max-image-preview:large, max-video-preview:-1\" \/>\n<link rel=\"canonical\" href=\"https:\/\/theyoungmessiah.com\/de\/lokale-fickseiten\/\" \/>\n<meta property=\"og:locale\" content=\"de_DE\" \/>\n<meta property=\"og:type\" content=\"article\" \/>\n<meta property=\"og:title\" content=\"Lokale Fickseiten - Online Adult Dating\" \/>\n<meta property=\"og:description\" content=\"Lokale Fickseiten sind ein Dutzend, und es kann schwer sein zu wissen, welche man w\u00e4hlen soll. Wenn Sie jedoch nach einer schnellen und einfachen M\u00f6glichkeit suchen, sich mit jemandem in Ihrer N\u00e4he zu verbinden, dann ist eine lokale Fickseite definitiv der richtige Weg. Es gibt viele lokale Fickseiten da drau\u00dfen, also solltest du auf jeden...Read more\" \/>\n<meta property=\"og:url\" content=\"https:\/\/theyoungmessiah.com\/de\/lokale-fickseiten\/\" \/>\n<meta property=\"og:site_name\" content=\"Online Adult Dating\" \/>\n<meta name=\"twitter:card\" content=\"summary_large_image\" \/>\n<meta name=\"twitter:label1\" content=\"Gesch\u00e4tzte Lesezeit\" \/>\n\t<meta name=\"twitter:data1\" content=\"3\u00a0Minuten\" \/>\n<script type=\"application\/ld+json\" class=\"yoast-schema-graph\">{\"@context\":\"https:\/\/schema.org\",\"@graph\":[{\"@type\":\"WebSite\",\"@id\":\"https:\/\/theyoungmessiah.com\/de\/#website\",\"url\":\"https:\/\/theyoungmessiah.com\/de\/\",\"name\":\"Online Adult Dating\",\"description\":\"Local Sex Hookups\",\"potentialAction\":[{\"@type\":\"SearchAction\",\"target\":{\"@type\":\"EntryPoint\",\"urlTemplate\":\"https:\/\/theyoungmessiah.com\/de\/?s={search_term_string}\"},\"query-input\":\"required name=search_term_string\"}],\"inLanguage\":\"de\"},{\"@type\":\"WebPage\",\"@id\":\"https:\/\/theyoungmessiah.com\/de\/lokale-fickseiten\/#webpage\",\"url\":\"https:\/\/theyoungmessiah.com\/de\/lokale-fickseiten\/\",\"name\":\"Lokale Fickseiten - Online Adult Dating\",\"isPartOf\":{\"@id\":\"https:\/\/theyoungmessiah.com\/de\/#website\"},\"datePublished\":\"2022-10-12T12:49:52+00:00\",\"dateModified\":\"2022-10-12T12:49:52+00:00\",\"breadcrumb\":{\"@id\":\"https:\/\/theyoungmessiah.com\/de\/lokale-fickseiten\/#breadcrumb\"},\"inLanguage\":\"de\",\"potentialAction\":[{\"@type\":\"ReadAction\",\"target\":[\"https:\/\/theyoungmessiah.com\/de\/lokale-fickseiten\/\"]}]},{\"@type\":\"BreadcrumbList\",\"@id\":\"https:\/\/theyoungmessiah.com\/de\/lokale-fickseiten\/#breadcrumb\",\"itemListElement\":[{\"@type\":\"ListItem\",\"position\":1,\"name\":\"Home\",\"item\":\"http:\/\/theyoungmessiah.com\/de\/\"},{\"@type\":\"ListItem\",\"position\":2,\"name\":\"Lokale Fickseiten\"}]}]}<\/script>\n<!-- \/ Yoast SEO plugin. -->","yoast_head_json":{"title":"Lokale Fickseiten - Online Adult Dating","robots":{"index":"index","follow":"follow","max-snippet":"max-snippet:-1","max-image-preview":"max-image-preview:large","max-video-preview":"max-video-preview:-1"},"canonical":"https:\/\/theyoungmessiah.com\/de\/lokale-fickseiten\/","og_locale":"de_DE","og_type":"article","og_title":"Lokale Fickseiten - Online Adult Dating","og_description":"Lokale Fickseiten sind ein Dutzend, und es kann schwer sein zu wissen, welche man w\u00e4hlen soll. Wenn Sie jedoch nach einer schnellen und einfachen M\u00f6glichkeit suchen, sich mit jemandem in Ihrer N\u00e4he zu verbinden, dann ist eine lokale Fickseite definitiv der richtige Weg. Es gibt viele lokale Fickseiten da drau\u00dfen, also solltest du auf jeden...Read more","og_url":"https:\/\/theyoungmessiah.com\/de\/lokale-fickseiten\/","og_site_name":"Online Adult Dating","twitter_card":"summary_large_image","twitter_misc":{"Gesch\u00e4tzte Lesezeit":"3\u00a0Minuten"},"schema":{"@context":"https:\/\/schema.org","@graph":[{"@type":"WebSite","@id":"https:\/\/theyoungmessiah.com\/de\/#website","url":"https:\/\/theyoungmessiah.com\/de\/","name":"Online Adult Dating","description":"Local Sex Hookups","potentialAction":[{"@type":"SearchAction","target":{"@type":"EntryPoint","urlTemplate":"https:\/\/theyoungmessiah.com\/de\/?s={search_term_string}"},"query-input":"required name=search_term_string"}],"inLanguage":"de"},{"@type":"WebPage","@id":"https:\/\/theyoungmessiah.com\/de\/lokale-fickseiten\/#webpage","url":"https:\/\/theyoungmessiah.com\/de\/lokale-fickseiten\/","name":"Lokale Fickseiten - Online Adult Dating","isPartOf":{"@id":"https:\/\/theyoungmessiah.com\/de\/#website"},"datePublished":"2022-10-12T12:49:52+00:00","dateModified":"2022-10-12T12:49:52+00:00","breadcrumb":{"@id":"https:\/\/theyoungmessiah.com\/de\/lokale-fickseiten\/#breadcrumb"},"inLanguage":"de","potentialAction":[{"@type":"ReadAction","target":["https:\/\/theyoungmessiah.com\/de\/lokale-fickseiten\/"]}]},{"@type":"BreadcrumbList","@id":"https:\/\/theyoungmessiah.com\/de\/lokale-fickseiten\/#breadcrumb","itemListElement":[{"@type":"ListItem","position":1,"name":"Home","item":"http:\/\/theyoungmessiah.com\/de\/"},{"@type":"ListItem","position":2,"name":"Lokale Fickseiten"}]}]}},"_links":{"self":[{"href":"https:\/\/theyoungmessiah.com\/de\/wp-json\/wp\/v2\/pages\/318"}],"collection":[{"href":"https:\/\/theyoungmessiah.com\/de\/wp-json\/wp\/v2\/pages"}],"about":[{"href":"https:\/\/theyoungmessiah.com\/de\/wp-json\/wp\/v2\/types\/page"}],"author":[{"embeddable":true,"href":"https:\/\/theyoungmessiah.com\/de\/wp-json\/wp\/v2\/users\/1"}],"replies":[{"embeddable":true,"href":"https:\/\/theyoungmessiah.com\/de\/wp-json\/wp\/v2\/comments?post=318"}],"version-history":[{"count":0,"href":"https:\/\/theyoungmessiah.com\/de\/wp-json\/wp\/v2\/pages\/318\/revisions"}],"wp:attachment":[{"href":"https:\/\/theyoungmessiah.com\/de\/wp-json\/wp\/v2\/media?parent=318"}],"curies":[{"name":"wp","href":"https:\/\/api.w.org\/{rel}","templated":true}]}}