{"id":324,"date":"2022-10-12T13:50:05","date_gmt":"2022-10-12T12:50:05","guid":{"rendered":"http:\/\/theyoungmessiah.com\/dating-site-fuer-aeltere-frauen\/"},"modified":"2022-10-12T13:50:05","modified_gmt":"2022-10-12T12:50:05","slug":"dating-site-fuer-aeltere-frauen","status":"publish","type":"page","link":"https:\/\/theyoungmessiah.com\/de\/dating-site-fuer-aeltere-frauen\/","title":{"rendered":"Dating-Site f\u00fcr \u00e4ltere Frauen"},"content":{"rendered":"<p>Es gibt ein paar <a href=\"http:\/\/theyoungmessiah.com\/local-fuck-sites\/\">Dating-Sites<\/a> f\u00fcr \u00e4ltere Frauen, die einen Besuch wert sind. Wenn Sie nach einem Seitensprung oder einer Verbindung suchen, k\u00f6nnen diese Websites Ihnen helfen, das zu finden, wonach Sie suchen. \u00c4ltere Frauen sind oft erfahrener und selbstbewusster als j\u00fcngere Frauen, so dass sie eine gro\u00dfartige Option f\u00fcr einen unterhaltsamen Abend sein k\u00f6nnen. Lesen Sie einfach unbedingt die Bewertungen, bevor Sie sich f\u00fcr etwas anmelden, damit Sie wissen, worauf Sie sich einlassen.<\/p>\n<p>\u00c4ltere Frauen Dating-Sites sind eine gro\u00dfartige M\u00f6glichkeit f\u00fcr \u00e4ltere Frauen, j\u00fcngere M\u00e4nner zu treffen. Es gibt viele Websites, die sich speziell an \u00e4ltere Frauen und j\u00fcngere M\u00e4nner richten, und diese k\u00f6nnen eine gro\u00dfartige M\u00f6glichkeit sein, eine \u00dcbereinstimmung zu finden. \u00c4ltere Frauen haben m\u00f6glicherweise mehr Lebenserfahrung und Weisheit als j\u00fcngere Frauen, und dies kann f\u00fcr j\u00fcngere M\u00e4nner attraktiv sein. J\u00fcngere M\u00e4nner k\u00f6nnen sich auch zu \u00e4lteren Frauen hingezogen f\u00fchlen, weil sie dazu neigen, selbstbewusster und selbstbewusster zu sein. \u00c4ltere Frauen-Dating-Sites k\u00f6nnen sowohl f\u00fcr \u00e4ltere Frauen als auch f\u00fcr j\u00fcngere M\u00e4nner eine gro\u00dfartige M\u00f6glichkeit sein, Liebe und Kameradschaft zu finden.<\/p>\n<h2>Wo man \u00e4ltere Frauen abholt<\/h2>\n<p>Es gibt viele \u00e4ltere Frauen, die online nach Liebe suchen. Sie finden sie auf Dating-Sites wie OurTime und eHarmony. Sie k\u00f6nnen sie auch auf Social-Media-Sites wie Facebook und Twitter finden. Achten Sie nur darauf, respektvoll und h\u00f6flich zu sein, wenn Sie sich an sie wenden.<\/p>\n<h2>\u00c4ltere Frauen Dating Websites<\/h2>\n<p>Es gibt viele Dating-Websites, die sich an \u00e4ltere Frauen richten, die j\u00fcngere M\u00e4nner suchen, und umgekehrt. Diese Websites bieten \u00e4lteren Frauen eine bequeme M\u00f6glichkeit, potenzielle Partner zu finden, ohne unterwegs sein zu m\u00fcssen, und sie bieten auch eine sichere Umgebung, in der sie chatten und sich kennenlernen k\u00f6nnen. Viele dieser Websites haben auch Foren und Chatrooms, die eine gro\u00dfartige M\u00f6glichkeit sein k\u00f6nnen, andere Mitglieder kennenzulernen und mehr \u00fcber die Dating-Szene im Allgemeinen zu erfahren.<\/p>\n<h3>Passion.com<\/h3>\n<p>Wenn Sie nach einer App suchen, mit der Sie sich mit \u00e4lteren Frauen f\u00fcr Dating verbinden k\u00f6nnen, ist Passion.com eine gro\u00dfartige Option. Die App ist einfach zu bedienen und verf\u00fcgt \u00fcber eine saubere, moderne Benutzeroberfl\u00e4che. Sie k\u00f6nnen nach Frauen nach Alter, Standort und Interessen suchen und Profile in einer Raster- oder Listenansicht anzeigen. Passion.com bietet auch eine gro\u00dfartige Funktion namens &#8222;Passion Points&#8220;, mit der Sie Punkte sammeln k\u00f6nnen, indem Sie bestimmte Aktivit\u00e4ten in der App abschlie\u00dfen, die Sie dann gegen kostenlose Mitgliedschafts-Upgrades und andere Verg\u00fcnstigungen einl\u00f6sen k\u00f6nnen. Insgesamt ist Passion.com eine gro\u00dfartige Option f\u00fcr \u00e4ltere Frauen, die nach einer Dating-App suchen, die einfach zu bedienen ist und viele Funktionen bietet.<\/p>\n<h3>FindMyFlings<\/h3>\n<p>FindMyFlings ist eine Dating-App, die speziell f\u00fcr \u00e4ltere Frauen entwickelt wurde. Die App ist einfach zu bedienen und verf\u00fcgt \u00fcber viele gro\u00dfartige Funktionen, z. B. eine Suchfunktion, mit der Sie \u00e4ltere Frauen in Ihrer N\u00e4he finden k\u00f6nnen. Die App verf\u00fcgt auch \u00fcber eine Messaging-Funktion, mit der Sie \u00e4ltere Frauen direkt kontaktieren k\u00f6nnen. Insgesamt ist FindMyFlings eine gro\u00dfartige Dating-App f\u00fcr \u00e4ltere Frauen und auf jeden Fall einen Besuch wert.<\/p>\n<h3>Kasual-App<\/h3>\n<p>Kasual App ist eine neue Dating-App, die speziell f\u00fcr \u00e4ltere Frauen entwickelt wurde. Die App kann kostenlos heruntergeladen und verwendet werden und bietet eine Vielzahl von Funktionen, die das Dating-Erlebnis f\u00fcr \u00e4ltere Frauen angenehmer machen sollen. Die App enth\u00e4lt eine Suchfunktion, mit der Benutzer andere Benutzer in der N\u00e4he finden k\u00f6nnen, und sie enth\u00e4lt auch eine Messaging-Funktion, mit der Benutzer mit anderen Benutzern kommunizieren k\u00f6nnen. Die App steht derzeit im App Store und bei Google Play zum Download zur Verf\u00fcgung und wird voraussichtlich in naher Zukunft im Windows Store und Amazon Appstore zum Download zur Verf\u00fcgung stehen.<\/p>\n<h3>Ashley Madison<\/h3>\n<p>Ashley Madison ist eine Dating-App, die speziell f\u00fcr \u00e4ltere Frauen entwickelt wurde. Es ist eine gro\u00dfartige App f\u00fcr \u00e4ltere Frauen, die nach einer ernsthaften Beziehung oder einfach nur einem gelegentlichen Seitensprung suchen. Die App ist einfach zu bedienen und verf\u00fcgt \u00fcber viele tolle Funktionen. Die App hat auch einen guten Ruf als sichere Dating-App.<\/p>\n","protected":false},"excerpt":{"rendered":"<p>Es gibt ein paar Dating-Sites f\u00fcr \u00e4ltere Frauen, die einen Besuch wert sind. Wenn Sie nach einem Seitensprung oder einer Verbindung suchen, k\u00f6nnen diese Websites Ihnen helfen, das zu finden, wonach Sie suchen. \u00c4ltere Frauen sind oft erfahrener und selbstbewusster als j\u00fcngere Frauen, so dass sie eine gro\u00dfartige Option f\u00fcr einen unterhaltsamen Abend sein k\u00f6nnen&#8230;.<a class=\"read-more-link button\" href=\"https:\/\/theyoungmessiah.com\/de\/dating-site-fuer-aeltere-frauen\/\">Read more<\/a><\/p>\n","protected":false},"author":1,"featured_media":0,"parent":0,"menu_order":0,"comment_status":"closed","ping_status":"closed","template":"","meta":[],"yoast_head":"<!-- This site is optimized with the Yoast SEO plugin v17.7.1 - https:\/\/yoast.com\/wordpress\/plugins\/seo\/ -->\n<title>Dating-Site f\u00fcr \u00e4ltere Frauen - Online Adult Dating<\/title>\n<meta name=\"robots\" content=\"index, follow, max-snippet:-1, max-image-preview:large, max-video-preview:-1\" \/>\n<link rel=\"canonical\" href=\"https:\/\/theyoungmessiah.com\/de\/dating-site-fuer-aeltere-frauen\/\" \/>\n<meta property=\"og:locale\" content=\"de_DE\" \/>\n<meta property=\"og:type\" content=\"article\" \/>\n<meta property=\"og:title\" content=\"Dating-Site f\u00fcr \u00e4ltere Frauen - Online Adult Dating\" \/>\n<meta property=\"og:description\" content=\"Es gibt ein paar Dating-Sites f\u00fcr \u00e4ltere Frauen, die einen Besuch wert sind. Wenn Sie nach einem Seitensprung oder einer Verbindung suchen, k\u00f6nnen diese Websites Ihnen helfen, das zu finden, wonach Sie suchen. \u00c4ltere Frauen sind oft erfahrener und selbstbewusster als j\u00fcngere Frauen, so dass sie eine gro\u00dfartige Option f\u00fcr einen unterhaltsamen Abend sein k\u00f6nnen....Read more\" \/>\n<meta property=\"og:url\" content=\"https:\/\/theyoungmessiah.com\/de\/dating-site-fuer-aeltere-frauen\/\" \/>\n<meta property=\"og:site_name\" content=\"Online Adult Dating\" \/>\n<meta name=\"twitter:card\" content=\"summary_large_image\" \/>\n<meta name=\"twitter:label1\" content=\"Gesch\u00e4tzte Lesezeit\" \/>\n\t<meta name=\"twitter:data1\" content=\"4\u00a0Minuten\" \/>\n<script type=\"application\/ld+json\" class=\"yoast-schema-graph\">{\"@context\":\"https:\/\/schema.org\",\"@graph\":[{\"@type\":\"WebSite\",\"@id\":\"https:\/\/theyoungmessiah.com\/de\/#website\",\"url\":\"https:\/\/theyoungmessiah.com\/de\/\",\"name\":\"Online Adult Dating\",\"description\":\"Local Sex Hookups\",\"potentialAction\":[{\"@type\":\"SearchAction\",\"target\":{\"@type\":\"EntryPoint\",\"urlTemplate\":\"https:\/\/theyoungmessiah.com\/de\/?s={search_term_string}\"},\"query-input\":\"required name=search_term_string\"}],\"inLanguage\":\"de\"},{\"@type\":\"WebPage\",\"@id\":\"https:\/\/theyoungmessiah.com\/de\/dating-site-fuer-aeltere-frauen\/#webpage\",\"url\":\"https:\/\/theyoungmessiah.com\/de\/dating-site-fuer-aeltere-frauen\/\",\"name\":\"Dating-Site f\\u00fcr \\u00e4ltere Frauen - Online Adult Dating\",\"isPartOf\":{\"@id\":\"https:\/\/theyoungmessiah.com\/de\/#website\"},\"datePublished\":\"2022-10-12T12:50:05+00:00\",\"dateModified\":\"2022-10-12T12:50:05+00:00\",\"breadcrumb\":{\"@id\":\"https:\/\/theyoungmessiah.com\/de\/dating-site-fuer-aeltere-frauen\/#breadcrumb\"},\"inLanguage\":\"de\",\"potentialAction\":[{\"@type\":\"ReadAction\",\"target\":[\"https:\/\/theyoungmessiah.com\/de\/dating-site-fuer-aeltere-frauen\/\"]}]},{\"@type\":\"BreadcrumbList\",\"@id\":\"https:\/\/theyoungmessiah.com\/de\/dating-site-fuer-aeltere-frauen\/#breadcrumb\",\"itemListElement\":[{\"@type\":\"ListItem\",\"position\":1,\"name\":\"Home\",\"item\":\"http:\/\/theyoungmessiah.com\/de\/\"},{\"@type\":\"ListItem\",\"position\":2,\"name\":\"Dating-Site f\\u00fcr \\u00e4ltere Frauen\"}]}]}<\/script>\n<!-- \/ Yoast SEO plugin. -->","yoast_head_json":{"title":"Dating-Site f\u00fcr \u00e4ltere Frauen - Online Adult Dating","robots":{"index":"index","follow":"follow","max-snippet":"max-snippet:-1","max-image-preview":"max-image-preview:large","max-video-preview":"max-video-preview:-1"},"canonical":"https:\/\/theyoungmessiah.com\/de\/dating-site-fuer-aeltere-frauen\/","og_locale":"de_DE","og_type":"article","og_title":"Dating-Site f\u00fcr \u00e4ltere Frauen - Online Adult Dating","og_description":"Es gibt ein paar Dating-Sites f\u00fcr \u00e4ltere Frauen, die einen Besuch wert sind. Wenn Sie nach einem Seitensprung oder einer Verbindung suchen, k\u00f6nnen diese Websites Ihnen helfen, das zu finden, wonach Sie suchen. \u00c4ltere Frauen sind oft erfahrener und selbstbewusster als j\u00fcngere Frauen, so dass sie eine gro\u00dfartige Option f\u00fcr einen unterhaltsamen Abend sein k\u00f6nnen....Read more","og_url":"https:\/\/theyoungmessiah.com\/de\/dating-site-fuer-aeltere-frauen\/","og_site_name":"Online Adult Dating","twitter_card":"summary_large_image","twitter_misc":{"Gesch\u00e4tzte Lesezeit":"4\u00a0Minuten"},"schema":{"@context":"https:\/\/schema.org","@graph":[{"@type":"WebSite","@id":"https:\/\/theyoungmessiah.com\/de\/#website","url":"https:\/\/theyoungmessiah.com\/de\/","name":"Online Adult Dating","description":"Local Sex Hookups","potentialAction":[{"@type":"SearchAction","target":{"@type":"EntryPoint","urlTemplate":"https:\/\/theyoungmessiah.com\/de\/?s={search_term_string}"},"query-input":"required name=search_term_string"}],"inLanguage":"de"},{"@type":"WebPage","@id":"https:\/\/theyoungmessiah.com\/de\/dating-site-fuer-aeltere-frauen\/#webpage","url":"https:\/\/theyoungmessiah.com\/de\/dating-site-fuer-aeltere-frauen\/","name":"Dating-Site f\u00fcr \u00e4ltere Frauen - Online Adult Dating","isPartOf":{"@id":"https:\/\/theyoungmessiah.com\/de\/#website"},"datePublished":"2022-10-12T12:50:05+00:00","dateModified":"2022-10-12T12:50:05+00:00","breadcrumb":{"@id":"https:\/\/theyoungmessiah.com\/de\/dating-site-fuer-aeltere-frauen\/#breadcrumb"},"inLanguage":"de","potentialAction":[{"@type":"ReadAction","target":["https:\/\/theyoungmessiah.com\/de\/dating-site-fuer-aeltere-frauen\/"]}]},{"@type":"BreadcrumbList","@id":"https:\/\/theyoungmessiah.com\/de\/dating-site-fuer-aeltere-frauen\/#breadcrumb","itemListElement":[{"@type":"ListItem","position":1,"name":"Home","item":"http:\/\/theyoungmessiah.com\/de\/"},{"@type":"ListItem","position":2,"name":"Dating-Site f\u00fcr \u00e4ltere Frauen"}]}]}},"_links":{"self":[{"href":"https:\/\/theyoungmessiah.com\/de\/wp-json\/wp\/v2\/pages\/324"}],"collection":[{"href":"https:\/\/theyoungmessiah.com\/de\/wp-json\/wp\/v2\/pages"}],"about":[{"href":"https:\/\/theyoungmessiah.com\/de\/wp-json\/wp\/v2\/types\/page"}],"author":[{"embeddable":true,"href":"https:\/\/theyoungmessiah.com\/de\/wp-json\/wp\/v2\/users\/1"}],"replies":[{"embeddable":true,"href":"https:\/\/theyoungmessiah.com\/de\/wp-json\/wp\/v2\/comments?post=324"}],"version-history":[{"count":0,"href":"https:\/\/theyoungmessiah.com\/de\/wp-json\/wp\/v2\/pages\/324\/revisions"}],"wp:attachment":[{"href":"https:\/\/theyoungmessiah.com\/de\/wp-json\/wp\/v2\/media?parent=324"}],"curies":[{"name":"wp","href":"https:\/\/api.w.org\/{rel}","templated":true}]}}