{"id":345,"date":"2022-10-12T12:56:34","date_gmt":"2022-10-12T11:56:34","guid":{"rendered":"http:\/\/theyoungmessiah.com\/welt-des-online-datings\/"},"modified":"2022-10-29T13:31:28","modified_gmt":"2022-10-29T12:31:28","slug":"welt-des-online-datings","status":"publish","type":"page","link":"https:\/\/theyoungmessiah.com\/de\/","title":{"rendered":"Welt des Online-Datings"},"content":{"rendered":"<p>Die Welt des Online-Datings hat sich in den letzten zehn Jahren dramatisch ver\u00e4ndert. Heutzutage gibt es viele M\u00f6glichkeiten, Liebe zu finden &#8211; von traditionellen Matchmaking-Diensten bis hin zu Nischen-Apps, die auf bestimmte Interessen eingehen.<\/p>\n<p>Aber welche sind es wert, ausprobiert zu werden? Wir haben unsere <a href=\"http:\/\/www.sexseiten-at.com\">beste sexseiten<\/a> basierend auf Kategorien wie Kosten, Funktionen, Popularit\u00e4t und Benutzerfreundlichkeit zusammengefasst.<\/p>\n<h2>Wie wir die Websites bewerten<\/h2>\n<p>Wir haben jede Website gr\u00fcndlich getestet und nach Anzahl der Mitglieder, Sicherheit, Erfolgsgeschichten, Funktionen, Preis, mobilen Apps, Standortverf\u00fcgbarkeit und mehr eingestuft.<\/p>\n<p>Casual Dating kann als \u00dcbergangsschritt zwischen Verbindungen und einer ernsteren Beziehung dienen. Manche Menschen f\u00fchlen sich unwohl, romantisch mit jemandem zu sein, den sie nicht gut kennen. Andere haben Angst, wieder verletzt zu werden. Wieder andere machen sich Sorgen, wie sie mit Intimit\u00e4t umgehen werden. Wenn Sie sich beil\u00e4ufig verabreden, k\u00f6nnen Sie \u00fcben, \u00fcber Gef\u00fchle zu sprechen, Grenzen zu setzen und Durchsetzungsverm\u00f6gen zu \u00fcben.<\/p>\n<h2>Beginnen Sie mit Casual Dating<\/h2>\n<p>Nicht jede Person f\u00fchlt sich wohl dabei, sich ernsthaft zu verabreden (und viele Menschen sind nicht daran interessiert). Wenn Sie mit niemandem ausgehen m\u00f6chten, ist das in Ordnung. Aber wenn Sie <a href=\"http:\/\/www.sexdating-at.com\">sexdating<\/a> ausprobieren m\u00f6chten, m\u00fcssen Sie Folgendes beachten.<\/p>\n<p>FWBs und Hookups arbeiten in der Regel nach einem Regelwerk. Casual Dating beinhaltet in der Regel eine Art beziehungs\u00e4hnliche Parameter, sei es eine engagierte Freundschaft ohne Bedingungen oder etwas Ernsteres. W\u00e4hrend es viele Leute gibt, die den Begriff &#8222;Casual Dating&#8220; austauschbar mit &#8222;Hooking Up&#8220; verwenden, ist das nicht unbedingt das, was das Wort impliziert.<\/p>\n<h3>Casual Dating Vs. Serious Dating<\/h3>\n<p>Der Unterschied zwischen <a href=\"https:\/\/www.seksdating-nl.com\/\">gratis seksdating<\/a> und ernsthaftem Dating &#8211; es gibt ein paar deutliche Unterschiede. Wir haben herausgefunden, dass die Leute Casual Dating anders definieren &#8211; einige denken, dass es bedeutet, auf Dates gehen zu k\u00f6nnen, ohne im Voraus planen zu m\u00fcssen, w\u00e4hrend andere sagen, dass es bedeutet, dass Sie keine gro\u00dfe Sache daraus machen wollen. Und es gibt diejenigen, die glauben, dass Sie mit niemandem ausgehen sollten, es sei denn, Sie sind beide bereit, sich zu verpflichten.<\/p>\n<ul>\n<li>Casual Dating: Dies ist oft (aber nicht immer) nicht exklusiv. Die Leute gehen h\u00e4ufig davon aus, dass es in Ordnung ist, andere Leute zu sehen, es sei denn, Sie haben ein explizites Gespr\u00e4ch \u00fcber Exklusivit\u00e4t gef\u00fchrt. Dennoch ist es immer klug, irgendwann \u00fcber Exklusivit\u00e4t zu plaudern, nur um sicherzustellen, dass alle auf der gleichen Seite sind. Im Allgemeinen bezieht sich Casual Dating auf Verbindungen, die ein gewisses Ma\u00df an emotionaler Bindung beinhalten.<\/li>\n<li>Serious Dating: Menschen verabreden sich oft ernsthaft in der Hoffnung, eines Tages einen Partner zu finden, um zu heiraten. Aber was genau macht eine ernsthafte Beziehung aus? Geht es darum, emotional verbunden zu sein? Oder m\u00fcssen Sie gemeinsam \u00fcber Ihre Zukunft diskutieren? Wenn Sie nach einem Lebenspartner suchen, erfahren Sie hier, wie Sie wissen, ob jemand derjenige sein k\u00f6nnte.<\/li>\n<\/ul>\n<p><img loading=\"lazy\" class=\" wp-image-35 aligncenter\" src=\"http:\/\/theyoungmessiah.com\/wp-content\/uploads\/2022\/10\/meet-up-dating-1024x684.jpeg\" alt=\"\" width=\"612\" height=\"409\" srcset=\"https:\/\/theyoungmessiah.com\/wp-content\/uploads\/2022\/10\/meet-up-dating-1024x684.jpeg 1024w, https:\/\/theyoungmessiah.com\/wp-content\/uploads\/2022\/10\/meet-up-dating-300x200.jpeg 300w, https:\/\/theyoungmessiah.com\/wp-content\/uploads\/2022\/10\/meet-up-dating-768x513.jpeg 768w, https:\/\/theyoungmessiah.com\/wp-content\/uploads\/2022\/10\/meet-up-dating-1536x1025.jpeg 1536w, https:\/\/theyoungmessiah.com\/wp-content\/uploads\/2022\/10\/meet-up-dating-2048x1367.jpeg 2048w\" sizes=\"(max-width: 612px) 100vw, 612px\" \/><\/p>\n<h3>Was ist zun\u00e4chst zu tun?<\/h3>\n<p>Auf den ersten Blick scheint Casual Dating eine einfache M\u00f6glichkeit zu sein, Leute zu treffen, ohne zu sehr daran gebunden zu sein. Schlie\u00dflich gibt es keine Erwartungen, Verpflichtungen oder Verantwortlichkeiten. Aber beim Casual Dating geht es nicht nur darum, jemanden zu finden, mit dem man sich verabreden kann. Es geht darum, Beziehungen aufzubauen, die auf Vertrauen und gegenseitigem Respekt basieren. Casual Dating erfordert viel Kommunikation und emotionale Reife. Wenn Sie sich dem Casual Dating mit der falschen Einstellung n\u00e4hern, k\u00f6nnten Sie sp\u00e4ter entt\u00e4uscht sein.<\/p>\n<p>Seien Sie nicht nur respektvoll, sondern beachten Sie auch die folgenden Tipps, bevor Sie in das Casual Dating einsteigen:<\/p>\n<ul>\n<li>Ehrlich gesagt. Sagen Sie potenziellen Terminen, was Sie wirklich wollen. Machen Sie keine Versprechungen, die Sie nicht halten werden.<\/li>\n<li>Kenne deine Grenzen. Was f\u00fchlst du dich wohl dabei, mit anderen zu teilen? Sind Sie bereit, Ihre pers\u00f6nlichen Daten online offenzulegen? Haben Sie ein sicheres Wort?<\/li>\n<li>Haben Sie realistische Ziele. Ist Casual Dating etwas, auf das du dich freust oder das du f\u00fcrchtest? Denken Sie dar\u00fcber nach, wie engagiert Sie sein m\u00f6chten und ob Sie bereit sind, die Dinge weiter zu verfolgen.<\/li>\n<li>Setzen Sie Grenzen. Stellen Sie sicher, dass Sie wissen, wo Sie stehen, bevor Sie eine Beziehung eingehen.<\/li>\n<li>Sei offen f\u00fcr Ver\u00e4nderungen. Man wei\u00df nie, was w\u00e4hrend einer zuf\u00e4lligen Begegnung passieren k\u00f6nnte.<\/li>\n<\/ul>\n<p>Online-Dating ist zu einer immer beliebteren Methode geworden, um potenzielle Partner zu treffen. Es ist keine \u00dcberraschung, dass Millionen von Singles weltweit diese Websites nutzen, um Liebe zu finden.<\/p>\n<p>Die meisten Menschen wissen jedoch nicht, dass Online-Dating-Sites anders funktionieren als herk\u00f6mmliche Methoden, Menschen zu treffen.<\/p>\n<h3>Online-Dating-Sites funktionieren anders als herk\u00f6mmliche Methoden<\/h3>\n<p>Zu den traditionellen Dating-Methoden geh\u00f6ren der Besuch von Bars, Clubs, Restaurants, Partys und Veranstaltungen. Diese Orte sind \u00fcberf\u00fcllt und oft mit Fremden gef\u00fcllt. Dies macht es schwierig, sich mit anderen zu verbinden. Auf der anderen Seite k\u00f6nnen Sie auf Online-Dating-Sites anhand bestimmter Kriterien nach \u00dcbereinstimmungen suchen. Das bedeutet, dass Sie Ihre Suchergebnisse eingrenzen k\u00f6nnen, bis Sie genau das finden, wonach Sie suchen. Sie k\u00f6nnen beispielsweise Ihre Suchergebnisse filtern, um M\u00e4nner oder Frauen im Alter zwischen 18 und 35 Jahren zu finden. Oder Sie k\u00f6nnen angeben, ob Sie sich f\u00fcr M\u00e4nner oder Frauen interessieren. Sie k\u00f6nnen auch Pr\u00e4ferenzen wie Standort, Religion, ethnische Zugeh\u00f6rigkeit, Bildungsniveau, Beruf, Hobbys, Interessen und politische Ansichten festlegen.<\/p>\n<p>All diese Dinge helfen Ihnen, Ihre Suchergebnisse einzugrenzen und die richtige Person f\u00fcr Sie zu finden.<\/p>\n<h3>Singles, die neue Leute kennenlernen wollen<\/h3>\n<p>Die meisten Menschen, die Online-Dating-Sites nutzen, sind Single. Sie suchen vielleicht nach einer Beziehung oder versuchen einfach, neue Leute kennenzulernen. Da Sie auf Online-Dating-Sites anhand bestimmter Kriterien nach \u00dcbereinstimmungen suchen k\u00f6nnen, k\u00f6nnen Sie leicht jemanden finden, der \u00e4hnliche Werte und \u00dcberzeugungen teilt. Wenn du jemanden triffst, der deine Werte und \u00dcberzeugungen teilt, f\u00fchlst du dich wohl, mit ihm oder ihr zu sprechen. Dies hilft Ihnen, schneller st\u00e4rkere Beziehungen aufzubauen.<\/p>\n","protected":false},"excerpt":{"rendered":"<p>Die Welt des Online-Datings hat sich in den letzten zehn Jahren dramatisch ver\u00e4ndert. Heutzutage gibt es viele M\u00f6glichkeiten, Liebe zu finden &#8211; von traditionellen Matchmaking-Diensten bis hin zu Nischen-Apps, die auf bestimmte Interessen eingehen. Aber welche sind es wert, ausprobiert zu werden? Wir haben unsere beste sexseiten basierend auf Kategorien wie Kosten, Funktionen, Popularit\u00e4t und&#8230;<a class=\"read-more-link button\" href=\"https:\/\/theyoungmessiah.com\/de\/\">Read more<\/a><\/p>\n","protected":false},"author":1,"featured_media":130,"parent":0,"menu_order":0,"comment_status":"closed","ping_status":"closed","template":"","meta":[],"yoast_head":"<!-- This site is optimized with the Yoast SEO plugin v17.7.1 - https:\/\/yoast.com\/wordpress\/plugins\/seo\/ -->\n<title>Welt des Online-Datings - Online Adult Dating<\/title>\n<meta name=\"robots\" content=\"index, follow, max-snippet:-1, max-image-preview:large, max-video-preview:-1\" \/>\n<link rel=\"canonical\" href=\"https:\/\/theyoungmessiah.com\/de\/\" \/>\n<meta property=\"og:locale\" content=\"de_DE\" \/>\n<meta property=\"og:type\" content=\"article\" \/>\n<meta property=\"og:title\" content=\"Welt des Online-Datings - Online Adult Dating\" \/>\n<meta property=\"og:description\" content=\"Die Welt des Online-Datings hat sich in den letzten zehn Jahren dramatisch ver\u00e4ndert. Heutzutage gibt es viele M\u00f6glichkeiten, Liebe zu finden &#8211; von traditionellen Matchmaking-Diensten bis hin zu Nischen-Apps, die auf bestimmte Interessen eingehen. Aber welche sind es wert, ausprobiert zu werden? Wir haben unsere beste sexseiten basierend auf Kategorien wie Kosten, Funktionen, Popularit\u00e4t und...Read more\" \/>\n<meta property=\"og:url\" content=\"https:\/\/theyoungmessiah.com\/de\/\" \/>\n<meta property=\"og:site_name\" content=\"Online Adult Dating\" \/>\n<meta property=\"article:modified_time\" content=\"2022-10-29T12:31:28+00:00\" \/>\n<meta property=\"og:image\" content=\"http:\/\/theyoungmessiah.com\/wp-content\/uploads\/2022\/10\/hookup-finder.jpeg\" \/>\n\t<meta property=\"og:image:width\" content=\"1600\" \/>\n\t<meta property=\"og:image:height\" content=\"1067\" \/>\n<meta name=\"twitter:card\" content=\"summary_large_image\" \/>\n<meta name=\"twitter:label1\" content=\"Gesch\u00e4tzte Lesezeit\" \/>\n\t<meta name=\"twitter:data1\" content=\"5\u00a0Minuten\" \/>\n<script type=\"application\/ld+json\" class=\"yoast-schema-graph\">{\"@context\":\"https:\/\/schema.org\",\"@graph\":[{\"@type\":\"WebSite\",\"@id\":\"https:\/\/theyoungmessiah.com\/de\/#website\",\"url\":\"https:\/\/theyoungmessiah.com\/de\/\",\"name\":\"Online Adult Dating\",\"description\":\"Local Sex Hookups\",\"potentialAction\":[{\"@type\":\"SearchAction\",\"target\":{\"@type\":\"EntryPoint\",\"urlTemplate\":\"https:\/\/theyoungmessiah.com\/de\/?s={search_term_string}\"},\"query-input\":\"required name=search_term_string\"}],\"inLanguage\":\"de\"},{\"@type\":\"ImageObject\",\"@id\":\"https:\/\/theyoungmessiah.com\/de\/#primaryimage\",\"inLanguage\":\"de\",\"url\":\"https:\/\/theyoungmessiah.com\/wp-content\/uploads\/2022\/10\/hookup-finder.jpeg\",\"contentUrl\":\"https:\/\/theyoungmessiah.com\/wp-content\/uploads\/2022\/10\/hookup-finder.jpeg\",\"width\":1600,\"height\":1067},{\"@type\":\"WebPage\",\"@id\":\"https:\/\/theyoungmessiah.com\/de\/#webpage\",\"url\":\"https:\/\/theyoungmessiah.com\/de\/\",\"name\":\"Welt des Online-Datings - Online Adult Dating\",\"isPartOf\":{\"@id\":\"https:\/\/theyoungmessiah.com\/de\/#website\"},\"primaryImageOfPage\":{\"@id\":\"https:\/\/theyoungmessiah.com\/de\/#primaryimage\"},\"datePublished\":\"2022-10-12T11:56:34+00:00\",\"dateModified\":\"2022-10-29T12:31:28+00:00\",\"breadcrumb\":{\"@id\":\"https:\/\/theyoungmessiah.com\/de\/#breadcrumb\"},\"inLanguage\":\"de\",\"potentialAction\":[{\"@type\":\"ReadAction\",\"target\":[\"https:\/\/theyoungmessiah.com\/de\/\"]}]},{\"@type\":\"BreadcrumbList\",\"@id\":\"https:\/\/theyoungmessiah.com\/de\/#breadcrumb\",\"itemListElement\":[{\"@type\":\"ListItem\",\"position\":1,\"name\":\"Home\",\"item\":\"http:\/\/theyoungmessiah.com\/de\/\"},{\"@type\":\"ListItem\",\"position\":2,\"name\":\"Welt des Online-Datings\"}]}]}<\/script>\n<!-- \/ Yoast SEO plugin. -->","yoast_head_json":{"title":"Welt des Online-Datings - Online Adult Dating","robots":{"index":"index","follow":"follow","max-snippet":"max-snippet:-1","max-image-preview":"max-image-preview:large","max-video-preview":"max-video-preview:-1"},"canonical":"https:\/\/theyoungmessiah.com\/de\/","og_locale":"de_DE","og_type":"article","og_title":"Welt des Online-Datings - Online Adult Dating","og_description":"Die Welt des Online-Datings hat sich in den letzten zehn Jahren dramatisch ver\u00e4ndert. Heutzutage gibt es viele M\u00f6glichkeiten, Liebe zu finden &#8211; von traditionellen Matchmaking-Diensten bis hin zu Nischen-Apps, die auf bestimmte Interessen eingehen. Aber welche sind es wert, ausprobiert zu werden? Wir haben unsere beste sexseiten basierend auf Kategorien wie Kosten, Funktionen, Popularit\u00e4t und...Read more","og_url":"https:\/\/theyoungmessiah.com\/de\/","og_site_name":"Online Adult Dating","article_modified_time":"2022-10-29T12:31:28+00:00","og_image":[{"width":1600,"height":1067,"url":"http:\/\/theyoungmessiah.com\/wp-content\/uploads\/2022\/10\/hookup-finder.jpeg","type":"image\/jpeg"}],"twitter_card":"summary_large_image","twitter_misc":{"Gesch\u00e4tzte Lesezeit":"5\u00a0Minuten"},"schema":{"@context":"https:\/\/schema.org","@graph":[{"@type":"WebSite","@id":"https:\/\/theyoungmessiah.com\/de\/#website","url":"https:\/\/theyoungmessiah.com\/de\/","name":"Online Adult Dating","description":"Local Sex Hookups","potentialAction":[{"@type":"SearchAction","target":{"@type":"EntryPoint","urlTemplate":"https:\/\/theyoungmessiah.com\/de\/?s={search_term_string}"},"query-input":"required name=search_term_string"}],"inLanguage":"de"},{"@type":"ImageObject","@id":"https:\/\/theyoungmessiah.com\/de\/#primaryimage","inLanguage":"de","url":"https:\/\/theyoungmessiah.com\/wp-content\/uploads\/2022\/10\/hookup-finder.jpeg","contentUrl":"https:\/\/theyoungmessiah.com\/wp-content\/uploads\/2022\/10\/hookup-finder.jpeg","width":1600,"height":1067},{"@type":"WebPage","@id":"https:\/\/theyoungmessiah.com\/de\/#webpage","url":"https:\/\/theyoungmessiah.com\/de\/","name":"Welt des Online-Datings - Online Adult Dating","isPartOf":{"@id":"https:\/\/theyoungmessiah.com\/de\/#website"},"primaryImageOfPage":{"@id":"https:\/\/theyoungmessiah.com\/de\/#primaryimage"},"datePublished":"2022-10-12T11:56:34+00:00","dateModified":"2022-10-29T12:31:28+00:00","breadcrumb":{"@id":"https:\/\/theyoungmessiah.com\/de\/#breadcrumb"},"inLanguage":"de","potentialAction":[{"@type":"ReadAction","target":["https:\/\/theyoungmessiah.com\/de\/"]}]},{"@type":"BreadcrumbList","@id":"https:\/\/theyoungmessiah.com\/de\/#breadcrumb","itemListElement":[{"@type":"ListItem","position":1,"name":"Home","item":"http:\/\/theyoungmessiah.com\/de\/"},{"@type":"ListItem","position":2,"name":"Welt des Online-Datings"}]}]}},"_links":{"self":[{"href":"https:\/\/theyoungmessiah.com\/de\/wp-json\/wp\/v2\/pages\/345"}],"collection":[{"href":"https:\/\/theyoungmessiah.com\/de\/wp-json\/wp\/v2\/pages"}],"about":[{"href":"https:\/\/theyoungmessiah.com\/de\/wp-json\/wp\/v2\/types\/page"}],"author":[{"embeddable":true,"href":"https:\/\/theyoungmessiah.com\/de\/wp-json\/wp\/v2\/users\/1"}],"replies":[{"embeddable":true,"href":"https:\/\/theyoungmessiah.com\/de\/wp-json\/wp\/v2\/comments?post=345"}],"version-history":[{"count":2,"href":"https:\/\/theyoungmessiah.com\/de\/wp-json\/wp\/v2\/pages\/345\/revisions"}],"predecessor-version":[{"id":380,"href":"https:\/\/theyoungmessiah.com\/de\/wp-json\/wp\/v2\/pages\/345\/revisions\/380"}],"wp:featuredmedia":[{"embeddable":true,"href":"https:\/\/theyoungmessiah.com\/de\/wp-json\/wp\/v2\/media\/130"}],"wp:attachment":[{"href":"https:\/\/theyoungmessiah.com\/de\/wp-json\/wp\/v2\/media?parent=345"}],"curies":[{"name":"wp","href":"https:\/\/api.w.org\/{rel}","templated":true}]}}