{"id":156,"date":"2022-10-12T14:00:11","date_gmt":"2022-10-12T13:00:11","guid":{"rendered":"http:\/\/theyoungmessiah.com\/reunase-para-el-sexo\/"},"modified":"2022-10-12T14:00:11","modified_gmt":"2022-10-12T13:00:11","slug":"reunase-para-el-sexo","status":"publish","type":"page","link":"https:\/\/theyoungmessiah.com\/es\/reunase-para-el-sexo\/","title":{"rendered":"Re\u00fanase para el sexo"},"content":{"rendered":"<p>Cuando dos personas se encuentran para tener relaciones sexuales, generalmente es porque se sienten atra\u00eddas el uno por el otro y quieren tener relaciones sexuales. A veces las personas se re\u00fanen para tener relaciones sexuales porque est\u00e1n buscando un encuentro sexual casual sin ning\u00fan apego emocional; sin embargo, no siempre es as\u00ed. Las personas tambi\u00e9n pueden reunirse para tener relaciones sexuales porque est\u00e1n en una relaci\u00f3n comprometida y quieren condimentar las cosas, o porque est\u00e1n en una relaci\u00f3n abierta y est\u00e1n buscando nuevas parejas sexuales. No importa cu\u00e1l sea la raz\u00f3n, reunirse para tener relaciones sexuales puede ser una experiencia divertida y emocionante para ambas partes involucradas.<\/p>\n<h2>Sitios de sexo locales<\/h2>\n<p>La mayor\u00eda de los sitios de citas est\u00e1n dise\u00f1ados para ayudar a las personas a encontrar solteros locales en su \u00e1rea. Sin embargo, tambi\u00e9n hay una serie de sitios de sexo que atienden a las personas que buscan conexiones locales. Estos sitios pueden ser una excelente manera de encontrar parejas locales para el sexo casual, pero es importante ser consciente de los riesgos involucrados.<\/p>\n<p>Hay algunas cosas a tener en cuenta al usar sitios de sexo locales. Primero, es importante asegurarse de que solo est\u00e1 conociendo a personas mayores de edad. En segundo lugar, es importante ser consciente del potencial de estafas. Hay una serie de personas que crean perfiles falsos en estos sitios para aprovecharse de los usuarios desprevenidos. Finalmente, es importante usar el sentido com\u00fan cuando se conoce a alguien de un sitio de sexo local. Aseg\u00farese de reunirse en un lugar p\u00fablico y de tener una manera de ponerse en contacto entre s\u00ed en caso de que algo salga mal.<\/p>\n<h2>Sitios de citas sexuales gratis<\/h2>\n<p>Hay muchos sitios de citas sexuales gratuitas en l\u00ednea que atienden a las personas que buscan conexiones sexuales casuales. Estos sitios suelen ser f\u00e1ciles de usar y le permiten buscar personas en su \u00e1rea que buscan lo mismo que usted. Por lo general, puede enviar mensajes a estas personas y hacer arreglos para reunirse para una conexi\u00f3n. Sin embargo, es importante recordar que no todos en estos sitios est\u00e1n buscando lo mismo, por lo que es importante tener claro lo que est\u00e1 buscando antes de reunirse con alguien.<\/p>\n<h2>Sitios de sexo gratis<\/h2>\n<p>Hay muchos sitios de sexo gratuitos por ah\u00ed, pero no todos valen la pena usarlos. Los que vale la pena usar tendr\u00e1n muchos miembros y ser\u00e1n f\u00e1ciles de usar. Tambi\u00e9n deber\u00eda poder encontrar coincidencias f\u00e1cilmente en estos sitios.<\/p>\n<h3>BBWCupid<\/h3>\n<p>BBWCupid es una aplicaci\u00f3n de citas dise\u00f1ada para mujeres con curvas y los hombres que las aman. Es gratis descargar y crear un perfil, y puede navegar a trav\u00e9s de perfiles de solteros locales en su \u00e1rea. Si ves a alguien que te gusta, puedes enviarle un mensaje y ver si est\u00e1 interesado en reunirse.<\/p>\n<p>La aplicaci\u00f3n es f\u00e1cil de usar y tiene muchas caracter\u00edsticas excelentes, como chat de video y mensajer\u00eda instant\u00e1nea. Es una excelente manera de conocer mujeres con curvas para tener citas, amistad o incluso simplemente conectarse. Si est\u00e1 buscando una aplicaci\u00f3n de citas BBW, BBWCupid es una excelente opci\u00f3n.<\/p>\n<h3>SimpleFlirts<\/h3>\n<p>SimpleFlirts es una popular aplicaci\u00f3n de citas que ayuda a las personas a conectarse entre s\u00ed para tener sexo casual. La aplicaci\u00f3n tiene una buena reputaci\u00f3n por ser f\u00e1cil de usar y por conectar a las personas r\u00e1pidamente. La aplicaci\u00f3n se puede descargar y usar de forma gratuita, y ofrece una amplia gama de funciones a sus usuarios. Sin embargo, algunos usuarios se han quejado de que la aplicaci\u00f3n tiene errores y de la falta de una funci\u00f3n de b\u00fasqueda. En general, SimpleFlirts es una buena opci\u00f3n para las personas que buscan parejas sexuales casuales.<\/p>\n<h3>Mapas de rublos<\/h3>\n<p>Rubmaps es una popular aplicaci\u00f3n de citas que permite a los usuarios encontrar parejas potenciales para encuentros casuales. La aplicaci\u00f3n tiene una interfaz simple y es f\u00e1cil de usar. Tambi\u00e9n tiene una gran base de datos de usuarios, por lo que es una gran opci\u00f3n para aquellos que buscan un encuentro casual. La aplicaci\u00f3n se puede descargar y usar de forma gratuita, y no es necesario crear una cuenta. Sin embargo, es importante tener en cuenta que Rubmaps no es una aplicaci\u00f3n de conexi\u00f3n, y los usuarios deben ser conscientes de que pueden estar conociendo parejas potenciales para tener relaciones sexuales.<\/p>\n<h3>Xpress<\/h3>\n<p>Si est\u00e1 buscando una aplicaci\u00f3n de citas para ayudarlo a conocer a alguien para una conexi\u00f3n r\u00e1pida, Xpress es una excelente opci\u00f3n. Con una gran base de usuarios y un proceso de registro r\u00e1pido, es f\u00e1cil encontrar a alguien con quien conectarse r\u00e1pida y f\u00e1cilmente. La aplicaci\u00f3n tambi\u00e9n tiene una buena reputaci\u00f3n por ser segura y protegida, por lo que puede estar seguro de que su informaci\u00f3n est\u00e1 protegida. Sin embargo, debido a que es una aplicaci\u00f3n de conexi\u00f3n, hay algunos perfiles falsos y estafadores, as\u00ed que tenga cuidado al deslizar el dedo. En general, Xpress es una gran opci\u00f3n si est\u00e1 buscando una manera r\u00e1pida y f\u00e1cil de conocer a alguien para una conexi\u00f3n r\u00e1pida.<\/p>\n","protected":false},"excerpt":{"rendered":"<p>Cuando dos personas se encuentran para tener relaciones sexuales, generalmente es porque se sienten atra\u00eddas el uno por el otro y quieren tener relaciones sexuales. A veces las personas se re\u00fanen para tener relaciones sexuales porque est\u00e1n buscando un encuentro sexual casual sin ning\u00fan apego emocional; sin embargo, no siempre es as\u00ed. Las personas tambi\u00e9n&#8230;<a class=\"read-more-link button\" href=\"https:\/\/theyoungmessiah.com\/es\/reunase-para-el-sexo\/\">Read more<\/a><\/p>\n","protected":false},"author":1,"featured_media":0,"parent":0,"menu_order":0,"comment_status":"closed","ping_status":"closed","template":"","meta":[],"yoast_head":"<!-- This site is optimized with the Yoast SEO plugin v17.7.1 - https:\/\/yoast.com\/wordpress\/plugins\/seo\/ -->\n<title>Re\u00fanase para el sexo - Online Adult Dating<\/title>\n<meta name=\"robots\" content=\"index, follow, max-snippet:-1, max-image-preview:large, max-video-preview:-1\" \/>\n<link rel=\"canonical\" href=\"https:\/\/theyoungmessiah.com\/es\/reunase-para-el-sexo\/\" \/>\n<meta property=\"og:locale\" content=\"es_ES\" \/>\n<meta property=\"og:type\" content=\"article\" \/>\n<meta property=\"og:title\" content=\"Re\u00fanase para el sexo - Online Adult Dating\" \/>\n<meta property=\"og:description\" content=\"Cuando dos personas se encuentran para tener relaciones sexuales, generalmente es porque se sienten atra\u00eddas el uno por el otro y quieren tener relaciones sexuales. A veces las personas se re\u00fanen para tener relaciones sexuales porque est\u00e1n buscando un encuentro sexual casual sin ning\u00fan apego emocional; sin embargo, no siempre es as\u00ed. Las personas tambi\u00e9n...Read more\" \/>\n<meta property=\"og:url\" content=\"https:\/\/theyoungmessiah.com\/es\/reunase-para-el-sexo\/\" \/>\n<meta property=\"og:site_name\" content=\"Online Adult Dating\" \/>\n<meta name=\"twitter:card\" content=\"summary_large_image\" \/>\n<meta name=\"twitter:label1\" content=\"Tiempo de lectura\" \/>\n\t<meta name=\"twitter:data1\" content=\"5 minutos\" \/>\n<script type=\"application\/ld+json\" class=\"yoast-schema-graph\">{\"@context\":\"https:\/\/schema.org\",\"@graph\":[{\"@type\":\"WebSite\",\"@id\":\"https:\/\/theyoungmessiah.com\/es\/#website\",\"url\":\"https:\/\/theyoungmessiah.com\/es\/\",\"name\":\"Online Adult Dating\",\"description\":\"Local Sex Hookups\",\"potentialAction\":[{\"@type\":\"SearchAction\",\"target\":{\"@type\":\"EntryPoint\",\"urlTemplate\":\"https:\/\/theyoungmessiah.com\/es\/?s={search_term_string}\"},\"query-input\":\"required name=search_term_string\"}],\"inLanguage\":\"es\"},{\"@type\":\"WebPage\",\"@id\":\"https:\/\/theyoungmessiah.com\/es\/reunase-para-el-sexo\/#webpage\",\"url\":\"https:\/\/theyoungmessiah.com\/es\/reunase-para-el-sexo\/\",\"name\":\"Re\\u00fanase para el sexo - Online Adult Dating\",\"isPartOf\":{\"@id\":\"https:\/\/theyoungmessiah.com\/es\/#website\"},\"datePublished\":\"2022-10-12T13:00:11+00:00\",\"dateModified\":\"2022-10-12T13:00:11+00:00\",\"breadcrumb\":{\"@id\":\"https:\/\/theyoungmessiah.com\/es\/reunase-para-el-sexo\/#breadcrumb\"},\"inLanguage\":\"es\",\"potentialAction\":[{\"@type\":\"ReadAction\",\"target\":[\"https:\/\/theyoungmessiah.com\/es\/reunase-para-el-sexo\/\"]}]},{\"@type\":\"BreadcrumbList\",\"@id\":\"https:\/\/theyoungmessiah.com\/es\/reunase-para-el-sexo\/#breadcrumb\",\"itemListElement\":[{\"@type\":\"ListItem\",\"position\":1,\"name\":\"Home\",\"item\":\"https:\/\/theyoungmessiah.com\/es\/\"},{\"@type\":\"ListItem\",\"position\":2,\"name\":\"Re\\u00fanase para el sexo\"}]}]}<\/script>\n<!-- \/ Yoast SEO plugin. -->","yoast_head_json":{"title":"Re\u00fanase para el sexo - Online Adult Dating","robots":{"index":"index","follow":"follow","max-snippet":"max-snippet:-1","max-image-preview":"max-image-preview:large","max-video-preview":"max-video-preview:-1"},"canonical":"https:\/\/theyoungmessiah.com\/es\/reunase-para-el-sexo\/","og_locale":"es_ES","og_type":"article","og_title":"Re\u00fanase para el sexo - Online Adult Dating","og_description":"Cuando dos personas se encuentran para tener relaciones sexuales, generalmente es porque se sienten atra\u00eddas el uno por el otro y quieren tener relaciones sexuales. A veces las personas se re\u00fanen para tener relaciones sexuales porque est\u00e1n buscando un encuentro sexual casual sin ning\u00fan apego emocional; sin embargo, no siempre es as\u00ed. Las personas tambi\u00e9n...Read more","og_url":"https:\/\/theyoungmessiah.com\/es\/reunase-para-el-sexo\/","og_site_name":"Online Adult Dating","twitter_card":"summary_large_image","twitter_misc":{"Tiempo de lectura":"5 minutos"},"schema":{"@context":"https:\/\/schema.org","@graph":[{"@type":"WebSite","@id":"https:\/\/theyoungmessiah.com\/es\/#website","url":"https:\/\/theyoungmessiah.com\/es\/","name":"Online Adult Dating","description":"Local Sex Hookups","potentialAction":[{"@type":"SearchAction","target":{"@type":"EntryPoint","urlTemplate":"https:\/\/theyoungmessiah.com\/es\/?s={search_term_string}"},"query-input":"required name=search_term_string"}],"inLanguage":"es"},{"@type":"WebPage","@id":"https:\/\/theyoungmessiah.com\/es\/reunase-para-el-sexo\/#webpage","url":"https:\/\/theyoungmessiah.com\/es\/reunase-para-el-sexo\/","name":"Re\u00fanase para el sexo - Online Adult Dating","isPartOf":{"@id":"https:\/\/theyoungmessiah.com\/es\/#website"},"datePublished":"2022-10-12T13:00:11+00:00","dateModified":"2022-10-12T13:00:11+00:00","breadcrumb":{"@id":"https:\/\/theyoungmessiah.com\/es\/reunase-para-el-sexo\/#breadcrumb"},"inLanguage":"es","potentialAction":[{"@type":"ReadAction","target":["https:\/\/theyoungmessiah.com\/es\/reunase-para-el-sexo\/"]}]},{"@type":"BreadcrumbList","@id":"https:\/\/theyoungmessiah.com\/es\/reunase-para-el-sexo\/#breadcrumb","itemListElement":[{"@type":"ListItem","position":1,"name":"Home","item":"https:\/\/theyoungmessiah.com\/es\/"},{"@type":"ListItem","position":2,"name":"Re\u00fanase para el sexo"}]}]}},"_links":{"self":[{"href":"https:\/\/theyoungmessiah.com\/es\/wp-json\/wp\/v2\/pages\/156"}],"collection":[{"href":"https:\/\/theyoungmessiah.com\/es\/wp-json\/wp\/v2\/pages"}],"about":[{"href":"https:\/\/theyoungmessiah.com\/es\/wp-json\/wp\/v2\/types\/page"}],"author":[{"embeddable":true,"href":"https:\/\/theyoungmessiah.com\/es\/wp-json\/wp\/v2\/users\/1"}],"replies":[{"embeddable":true,"href":"https:\/\/theyoungmessiah.com\/es\/wp-json\/wp\/v2\/comments?post=156"}],"version-history":[{"count":0,"href":"https:\/\/theyoungmessiah.com\/es\/wp-json\/wp\/v2\/pages\/156\/revisions"}],"wp:attachment":[{"href":"https:\/\/theyoungmessiah.com\/es\/wp-json\/wp\/v2\/media?parent=156"}],"curies":[{"name":"wp","href":"https:\/\/api.w.org\/{rel}","templated":true}]}}