{"id":157,"date":"2022-10-12T13:59:19","date_gmt":"2022-10-12T12:59:19","guid":{"rendered":"http:\/\/theyoungmessiah.com\/sitios-de-citas-kink\/"},"modified":"2022-10-12T13:59:19","modified_gmt":"2022-10-12T12:59:19","slug":"sitios-de-citas-kink","status":"publish","type":"page","link":"https:\/\/theyoungmessiah.com\/es\/sitios-de-citas-kink\/","title":{"rendered":"Sitios de citas Kink"},"content":{"rendered":"<p>Hay una variedad de sitios de citas de torceduras disponibles para las personas que est\u00e1n interesadas en explorar sus fetiches y torceduras sexuales. Estos sitios proporcionan un ambiente seguro y c\u00f3modo para que las personas se conecten con otras personas que comparten intereses similares. Los sitios de citas Kink pueden ser una excelente manera de conocer gente nueva y explorar su sexualidad de una manera segura y consensuada.<\/p>\n<h2>Conexi\u00f3n BDSM local<\/h2>\n<p>Si est\u00e1 buscando conexiones locales de BDSM, entonces hay algunas cosas que debe tener en cuenta. Primero, es importante encontrar un grupo o comunidad con la que se sienta c\u00f3modo. Hay muchos grupos BDSM diferentes por ah\u00ed, por lo que es importante encontrar uno con el que encajes. Una vez que haya encontrado un grupo, el siguiente paso es encontrar a alguien con quien sea compatible. Esto se puede hacer asistiendo a eventos o conociendo gente en l\u00ednea. Una vez que haya encontrado a alguien, es importante comunicarse y asegurarse de que ambos est\u00e9n en la misma p\u00e1gina. BDSM puede ser muy divertido, pero es importante asegurarse de que todos est\u00e9n c\u00f3modos y seguros.<\/p>\n<p>Hay muchos sitios de citas de bondage que atienden a aquellos que est\u00e1n en BDSM y juegos sexuales m\u00e1s pervertidos. Puede buscar miembros locales que est\u00e9n en las mismas cosas que usted y que vivan cerca. Esto hace que sea f\u00e1cil reunirse para divertirse. Muchos de estos sitios tienen membres\u00edas gratuitas, por lo que puede probarlos antes de comprometerse con cualquier cosa. Solo aseg\u00farate de leer las rese\u00f1as primero para ver lo que otras personas pensaron de su experiencia.<\/p>\n<h2>Personales Kinky Gratis<\/h2>\n<p>Hay muchos sitios personales pervertidos en l\u00ednea, y todos son de uso gratuito. Puedes encontrar solteros pervertidos en tu \u00e1rea que est\u00e1n en todo tipo de torceduras y fetiches. Ya sea que te guste el BDSM, el fetiche de los pies o cualquier otra cosa, podr\u00e1s encontrar a alguien que comparta tus intereses en un sitio personal pervertido.<\/p>\n<h3>AdultFriendFinder<\/h3>\n<p>AdultFriendFinder es una de las aplicaciones de citas m\u00e1s populares para kinksters. Tiene una gran base de usuarios y es muy popular en la comunidad kink. La aplicaci\u00f3n es f\u00e1cil de usar y tiene muchas caracter\u00edsticas. Puede buscar usuarios por ubicaci\u00f3n, edad, sexo e intereses. La aplicaci\u00f3n tambi\u00e9n tiene una funci\u00f3n de mensajer\u00eda para que pueda comunicarse con otros usuarios. La aplicaci\u00f3n es de uso gratuito, pero hay una opci\u00f3n de suscripci\u00f3n paga si desea acceder a m\u00e1s funciones.<\/p>\n<h3>Mapas de rublos<\/h3>\n<p>Rubmaps es una nueva aplicaci\u00f3n de citas que atiende a kinksters y fetsters por igual. Es un concepto simple: los usuarios crean un perfil y luego navegan a trav\u00e9s de posibles coincidencias, enviando mensajes a aquellos que les interesan. La aplicaci\u00f3n se puede descargar y usar de forma gratuita, y no hay anuncios. Sin embargo, hay una suscripci\u00f3n premium disponible que desbloquea funciones adicionales, como mensajer\u00eda ilimitada y la capacidad de ver qui\u00e9n ha visto su perfil. Ya sea que est\u00e9 buscando una conexi\u00f3n pervertida o una relaci\u00f3n BDSM a largo plazo, vale la pena echarle un vistazo a Rubmaps.<\/p>\n<h3>CharmDate<\/h3>\n<p>Si est\u00e1 buscando un sitio de citas que sea divertido y f\u00e1cil de usar, querr\u00e1 consultar CharmDate. La aplicaci\u00f3n tiene una interfaz limpia y moderna que hace que encontrar y chatear con posibles coincidencias sea muy f\u00e1cil. Adem\u00e1s, las amplias opciones de b\u00fasqueda y filtrado del sitio facilitan la b\u00fasqueda de alguien que satisfaga sus necesidades espec\u00edficas de torceduras y relaciones.<\/p>\n<p>Sin embargo, una desventaja de CharmDate es que no es la opci\u00f3n m\u00e1s asequible que existe. Pero, si est\u00e1 dispuesto a pagar por una membres\u00eda premium, obtendr\u00e1 acceso a una serie de funciones que hacen que el sitio valga la pena el precio, incluida la mensajer\u00eda ilimitada, las opciones de b\u00fasqueda avanzada y la capacidad de ver fotos y videos.<\/p>\n<h3>BBWCupid<\/h3>\n<p>BBWCupid es una gran aplicaci\u00f3n de citas para solteros de talla grande o aquellos interesados en parejas de talla grande. La aplicaci\u00f3n es f\u00e1cil de usar y tiene muchas caracter\u00edsticas excelentes, como filtros de b\u00fasqueda y mensajer\u00eda. El \u00fanico inconveniente es que no tiene una base de usuarios muy grande, por lo que es posible que no encuentre tantas coincidencias potenciales como lo har\u00eda en una aplicaci\u00f3n m\u00e1s popular. Sin embargo, si est\u00e1 buscando espec\u00edficamente un socio de talla grande, \u00a1definitivamente vale la pena probar BBWCupid!<\/p>\n","protected":false},"excerpt":{"rendered":"<p>Hay una variedad de sitios de citas de torceduras disponibles para las personas que est\u00e1n interesadas en explorar sus fetiches y torceduras sexuales. Estos sitios proporcionan un ambiente seguro y c\u00f3modo para que las personas se conecten con otras personas que comparten intereses similares. Los sitios de citas Kink pueden ser una excelente manera de&#8230;<a class=\"read-more-link button\" href=\"https:\/\/theyoungmessiah.com\/es\/sitios-de-citas-kink\/\">Read more<\/a><\/p>\n","protected":false},"author":1,"featured_media":0,"parent":0,"menu_order":0,"comment_status":"closed","ping_status":"closed","template":"","meta":[],"yoast_head":"<!-- This site is optimized with the Yoast SEO plugin v17.7.1 - https:\/\/yoast.com\/wordpress\/plugins\/seo\/ -->\n<title>Sitios de citas Kink - Online Adult Dating<\/title>\n<meta name=\"robots\" content=\"index, follow, max-snippet:-1, max-image-preview:large, max-video-preview:-1\" \/>\n<link rel=\"canonical\" href=\"https:\/\/theyoungmessiah.com\/es\/sitios-de-citas-kink\/\" \/>\n<meta property=\"og:locale\" content=\"es_ES\" \/>\n<meta property=\"og:type\" content=\"article\" \/>\n<meta property=\"og:title\" content=\"Sitios de citas Kink - Online Adult Dating\" \/>\n<meta property=\"og:description\" content=\"Hay una variedad de sitios de citas de torceduras disponibles para las personas que est\u00e1n interesadas en explorar sus fetiches y torceduras sexuales. Estos sitios proporcionan un ambiente seguro y c\u00f3modo para que las personas se conecten con otras personas que comparten intereses similares. Los sitios de citas Kink pueden ser una excelente manera de...Read more\" \/>\n<meta property=\"og:url\" content=\"https:\/\/theyoungmessiah.com\/es\/sitios-de-citas-kink\/\" \/>\n<meta property=\"og:site_name\" content=\"Online Adult Dating\" \/>\n<meta name=\"twitter:card\" content=\"summary_large_image\" \/>\n<meta name=\"twitter:label1\" content=\"Tiempo de lectura\" \/>\n\t<meta name=\"twitter:data1\" content=\"4 minutos\" \/>\n<script type=\"application\/ld+json\" class=\"yoast-schema-graph\">{\"@context\":\"https:\/\/schema.org\",\"@graph\":[{\"@type\":\"WebSite\",\"@id\":\"https:\/\/theyoungmessiah.com\/es\/#website\",\"url\":\"https:\/\/theyoungmessiah.com\/es\/\",\"name\":\"Online Adult Dating\",\"description\":\"Local Sex Hookups\",\"potentialAction\":[{\"@type\":\"SearchAction\",\"target\":{\"@type\":\"EntryPoint\",\"urlTemplate\":\"https:\/\/theyoungmessiah.com\/es\/?s={search_term_string}\"},\"query-input\":\"required name=search_term_string\"}],\"inLanguage\":\"es\"},{\"@type\":\"WebPage\",\"@id\":\"https:\/\/theyoungmessiah.com\/es\/sitios-de-citas-kink\/#webpage\",\"url\":\"https:\/\/theyoungmessiah.com\/es\/sitios-de-citas-kink\/\",\"name\":\"Sitios de citas Kink - Online Adult Dating\",\"isPartOf\":{\"@id\":\"https:\/\/theyoungmessiah.com\/es\/#website\"},\"datePublished\":\"2022-10-12T12:59:19+00:00\",\"dateModified\":\"2022-10-12T12:59:19+00:00\",\"breadcrumb\":{\"@id\":\"https:\/\/theyoungmessiah.com\/es\/sitios-de-citas-kink\/#breadcrumb\"},\"inLanguage\":\"es\",\"potentialAction\":[{\"@type\":\"ReadAction\",\"target\":[\"https:\/\/theyoungmessiah.com\/es\/sitios-de-citas-kink\/\"]}]},{\"@type\":\"BreadcrumbList\",\"@id\":\"https:\/\/theyoungmessiah.com\/es\/sitios-de-citas-kink\/#breadcrumb\",\"itemListElement\":[{\"@type\":\"ListItem\",\"position\":1,\"name\":\"Home\",\"item\":\"https:\/\/theyoungmessiah.com\/es\/\"},{\"@type\":\"ListItem\",\"position\":2,\"name\":\"Sitios de citas Kink\"}]}]}<\/script>\n<!-- \/ Yoast SEO plugin. -->","yoast_head_json":{"title":"Sitios de citas Kink - Online Adult Dating","robots":{"index":"index","follow":"follow","max-snippet":"max-snippet:-1","max-image-preview":"max-image-preview:large","max-video-preview":"max-video-preview:-1"},"canonical":"https:\/\/theyoungmessiah.com\/es\/sitios-de-citas-kink\/","og_locale":"es_ES","og_type":"article","og_title":"Sitios de citas Kink - Online Adult Dating","og_description":"Hay una variedad de sitios de citas de torceduras disponibles para las personas que est\u00e1n interesadas en explorar sus fetiches y torceduras sexuales. Estos sitios proporcionan un ambiente seguro y c\u00f3modo para que las personas se conecten con otras personas que comparten intereses similares. Los sitios de citas Kink pueden ser una excelente manera de...Read more","og_url":"https:\/\/theyoungmessiah.com\/es\/sitios-de-citas-kink\/","og_site_name":"Online Adult Dating","twitter_card":"summary_large_image","twitter_misc":{"Tiempo de lectura":"4 minutos"},"schema":{"@context":"https:\/\/schema.org","@graph":[{"@type":"WebSite","@id":"https:\/\/theyoungmessiah.com\/es\/#website","url":"https:\/\/theyoungmessiah.com\/es\/","name":"Online Adult Dating","description":"Local Sex Hookups","potentialAction":[{"@type":"SearchAction","target":{"@type":"EntryPoint","urlTemplate":"https:\/\/theyoungmessiah.com\/es\/?s={search_term_string}"},"query-input":"required name=search_term_string"}],"inLanguage":"es"},{"@type":"WebPage","@id":"https:\/\/theyoungmessiah.com\/es\/sitios-de-citas-kink\/#webpage","url":"https:\/\/theyoungmessiah.com\/es\/sitios-de-citas-kink\/","name":"Sitios de citas Kink - Online Adult Dating","isPartOf":{"@id":"https:\/\/theyoungmessiah.com\/es\/#website"},"datePublished":"2022-10-12T12:59:19+00:00","dateModified":"2022-10-12T12:59:19+00:00","breadcrumb":{"@id":"https:\/\/theyoungmessiah.com\/es\/sitios-de-citas-kink\/#breadcrumb"},"inLanguage":"es","potentialAction":[{"@type":"ReadAction","target":["https:\/\/theyoungmessiah.com\/es\/sitios-de-citas-kink\/"]}]},{"@type":"BreadcrumbList","@id":"https:\/\/theyoungmessiah.com\/es\/sitios-de-citas-kink\/#breadcrumb","itemListElement":[{"@type":"ListItem","position":1,"name":"Home","item":"https:\/\/theyoungmessiah.com\/es\/"},{"@type":"ListItem","position":2,"name":"Sitios de citas Kink"}]}]}},"_links":{"self":[{"href":"https:\/\/theyoungmessiah.com\/es\/wp-json\/wp\/v2\/pages\/157"}],"collection":[{"href":"https:\/\/theyoungmessiah.com\/es\/wp-json\/wp\/v2\/pages"}],"about":[{"href":"https:\/\/theyoungmessiah.com\/es\/wp-json\/wp\/v2\/types\/page"}],"author":[{"embeddable":true,"href":"https:\/\/theyoungmessiah.com\/es\/wp-json\/wp\/v2\/users\/1"}],"replies":[{"embeddable":true,"href":"https:\/\/theyoungmessiah.com\/es\/wp-json\/wp\/v2\/comments?post=157"}],"version-history":[{"count":0,"href":"https:\/\/theyoungmessiah.com\/es\/wp-json\/wp\/v2\/pages\/157\/revisions"}],"wp:attachment":[{"href":"https:\/\/theyoungmessiah.com\/es\/wp-json\/wp\/v2\/media?parent=157"}],"curies":[{"name":"wp","href":"https:\/\/api.w.org\/{rel}","templated":true}]}}