{"id":173,"date":"2022-10-12T13:52:44","date_gmt":"2022-10-12T12:52:44","guid":{"rendered":"http:\/\/theyoungmessiah.com\/conexiones-de-ebano\/"},"modified":"2022-10-12T13:52:44","modified_gmt":"2022-10-12T12:52:44","slug":"conexiones-de-ebano","status":"publish","type":"page","link":"https:\/\/theyoungmessiah.com\/es\/conexiones-de-ebano\/","title":{"rendered":"Conexiones de \u00e9bano"},"content":{"rendered":"<p>Hay una serie de <a href=\"http:\/\/theyoungmessiah.com\/es\/aplicaciones-de-citas-para-personas-mayores\/\">sitios de conexi\u00f3n negra gratuitos disponibles en l\u00ednea<\/a>. Estos sitios web proporcionan una plataforma para que los solteros negros se conecten y se conecten con personas de ideas afines. Los sitios web son f\u00e1ciles de usar y permiten a los usuarios crear un perfil y navegar a trav\u00e9s de los perfiles de otros miembros. Algunos de los sitios populares de conexi\u00f3n negra gratuita incluyen BlackPeopleMeet y BlackSingles.<\/p>\n<h2>Aplicaciones de citas gratuitas negras<\/h2>\n<p>Hay muchas aplicaciones de citas gratuitas negras disponibles en Internet. Uno de los m\u00e1s populares es Tinder. Tinder permite a los usuarios deslizar hacia la derecha si est\u00e1n interesados en la persona que est\u00e1n mirando, y hacia la izquierda si no lo est\u00e1n. Si ambos usuarios deslizan el dedo hacia la derecha el uno sobre el otro, entonces son una coincidencia y pueden comenzar a chatear. Tinder es una opci\u00f3n popular para solteros negros, ya que es una de las aplicaciones de citas m\u00e1s f\u00e1ciles de usar y directas disponibles. Otra popular aplicaci\u00f3n de citas gratuitas negras es Plenty of Fish. Esta aplicaci\u00f3n permite a los usuarios crear un perfil y navegar a trav\u00e9s de posibles coincidencias. Los usuarios pueden enviarse mensajes entre s\u00ed y establecer fechas si est\u00e1n interesados. Plenty of Fish es una gran opci\u00f3n para solteros negros que buscan una relaci\u00f3n m\u00e1s seria.<\/p>\n<p>Si est\u00e1 buscando conexiones de \u00e9bano, entonces las citas en l\u00ednea son el camino a seguir. Puede encontrar solteros de \u00e9bano en sitios de citas y aplicaciones que atienden a solteros negros, y puede enviar mensajes y chatear con ellos para conocerlos mejor. Una vez que haya encontrado a alguien que le interese, puede hacer arreglos para reunirse en persona para ver si hay una chispa. Si ambos est\u00e1n interesados el uno en el otro, entonces pueden llevar las cosas al siguiente nivel y comenzar una relaci\u00f3n. Las citas en l\u00ednea hacen que sea f\u00e1cil encontrar conexiones de \u00e9bano, as\u00ed que \u00bfpor qu\u00e9 no intentarlo?<\/p>\n<h2>Salir con una dama de \u00e9bano<\/h2>\n<p>Si est\u00e1 buscando salir con una dama de \u00e9bano, hay algunas cosas que debe tener en cuenta. Primero, las mujeres de \u00e9bano suelen ser muy seguras e independientes, por lo que deber\u00e1 sentirse c\u00f3moda con eso. En segundo lugar, a menudo se sienten atra\u00eddas por hombres que son exitosos y ambiciosos, por lo que es importante mostrarle que est\u00e1s motivado y tienes metas. Finalmente, las mujeres de \u00e9bano a menudo prefieren hombres que sean altos y musculosos, por lo que es importante mostrar sus mejores caracter\u00edsticas f\u00edsicas. Con estos consejos en mente, estar\u00e1s en camino de impresionar a la dama de \u00e9bano de tus sue\u00f1os.<\/p>\n<h3>Lovoo<\/h3>\n<p>Lovoo es un sitio de conexi\u00f3n negro gratuito que le permite encontrar solteros negros en su \u00e1rea. El sitio tiene una gran base de datos de solteros negros, y puede usar la funci\u00f3n de b\u00fasqueda para encontrar solteros negros que coincidan con sus criterios. El sitio tambi\u00e9n tiene una funci\u00f3n de chat, por lo que puede chatear con solteros negros que le interesen. El sitio tambi\u00e9n tiene una funci\u00f3n de video, para que pueda ver solteros negros que le interesen. El sitio tambi\u00e9n tiene una funci\u00f3n de blog, para que pueda leer solteros negros que le interesen. El sitio tambi\u00e9n tiene una funci\u00f3n de foro, por lo que puede discutir los solteros negros que le interesan.<\/p>\n<h3>TinderMeets<\/h3>\n<p>Si est\u00e1 buscando un sitio de conexi\u00f3n negro gratuito, TinderMeets es una excelente opci\u00f3n. El sitio tiene una interfaz limpia y f\u00e1cil de usar y ofrece una amplia gama de caracter\u00edsticas para ayudarlo a encontrar una coincidencia. Puede buscar coincidencias por ubicaci\u00f3n, edad e intereses, y ver perfiles de varias maneras diferentes. El sitio tambi\u00e9n tiene un sistema de mensajer\u00eda, por lo que puede conocer posibles coincidencias antes de reunirse en persona.<\/p>\n<p>En general, TinderMeets es una gran opci\u00f3n para encontrar un sitio de conexi\u00f3n negro gratuito. El sitio es f\u00e1cil de usar y tiene muchas caracter\u00edsticas para ayudarlo a encontrar una coincidencia. El \u00fanico inconveniente es que el sitio no tiene muchos miembros, por lo que es posible que tenga que buscar por un tiempo para encontrar a alguien que sea adecuado para usted.<\/p>\n<h3>FlingPals<\/h3>\n<p>Si est\u00e1 buscando un sitio de conexi\u00f3n negro gratuito, entonces definitivamente deber\u00eda consultar FlingPals. Este sitio est\u00e1 dise\u00f1ado espec\u00edficamente para solteros negros que buscan conexiones casuales. Puede crear un perfil, explorar otros perfiles y enviar mensajes de forma gratuita.<\/p>\n<p>El sitio es f\u00e1cil de usar y tiene muchas caracter\u00edsticas excelentes. Puedes buscar otros solteros negros por ubicaci\u00f3n, edad e intereses. Tambi\u00e9n puede ver fotos y videos de otros miembros.<\/p>\n<p>En general, FlingPals es una gran opci\u00f3n para solteros negros que buscan un sitio de conexi\u00f3n casual. El sitio es de uso gratuito y tiene muchas caracter\u00edsticas excelentes.<\/p>\n<h3>Zoosk<\/h3>\n<p>Zoosk es una aplicaci\u00f3n de citas que le permite conectarse con posibles coincidencias a trav\u00e9s de Facebook, su n\u00famero de tel\u00e9fono o su direcci\u00f3n de correo electr\u00f3nico. Tambi\u00e9n puede crear un perfil, que permitir\u00e1 a otros usuarios encontrarlo en funci\u00f3n de sus intereses y preferencias. Zoosk tambi\u00e9n tiene una funci\u00f3n de \u00abCarrusel\u00bb, que le permite deslizar a trav\u00e9s de posibles coincidencias y enviarles un mensaje directamente. Zoosk es una aplicaci\u00f3n gratuita, pero puede actualizar a una membres\u00eda paga para desbloquear m\u00e1s funciones.<\/p>\n","protected":false},"excerpt":{"rendered":"<p>Hay una serie de sitios de conexi\u00f3n negra gratuitos disponibles en l\u00ednea. Estos sitios web proporcionan una plataforma para que los solteros negros se conecten y se conecten con personas de ideas afines. Los sitios web son f\u00e1ciles de usar y permiten a los usuarios crear un perfil y navegar a trav\u00e9s de los perfiles&#8230;<a class=\"read-more-link button\" href=\"https:\/\/theyoungmessiah.com\/es\/conexiones-de-ebano\/\">Read more<\/a><\/p>\n","protected":false},"author":1,"featured_media":0,"parent":0,"menu_order":0,"comment_status":"closed","ping_status":"closed","template":"","meta":[],"yoast_head":"<!-- This site is optimized with the Yoast SEO plugin v17.7.1 - https:\/\/yoast.com\/wordpress\/plugins\/seo\/ -->\n<title>Conexiones de \u00e9bano - Online Adult Dating<\/title>\n<meta name=\"robots\" content=\"index, follow, max-snippet:-1, max-image-preview:large, max-video-preview:-1\" \/>\n<link rel=\"canonical\" href=\"https:\/\/theyoungmessiah.com\/es\/conexiones-de-ebano\/\" \/>\n<meta property=\"og:locale\" content=\"es_ES\" \/>\n<meta property=\"og:type\" content=\"article\" \/>\n<meta property=\"og:title\" content=\"Conexiones de \u00e9bano - Online Adult Dating\" \/>\n<meta property=\"og:description\" content=\"Hay una serie de sitios de conexi\u00f3n negra gratuitos disponibles en l\u00ednea. Estos sitios web proporcionan una plataforma para que los solteros negros se conecten y se conecten con personas de ideas afines. Los sitios web son f\u00e1ciles de usar y permiten a los usuarios crear un perfil y navegar a trav\u00e9s de los perfiles...Read more\" \/>\n<meta property=\"og:url\" content=\"https:\/\/theyoungmessiah.com\/es\/conexiones-de-ebano\/\" \/>\n<meta property=\"og:site_name\" content=\"Online Adult Dating\" \/>\n<meta name=\"twitter:card\" content=\"summary_large_image\" \/>\n<meta name=\"twitter:label1\" content=\"Tiempo de lectura\" \/>\n\t<meta name=\"twitter:data1\" content=\"5 minutos\" \/>\n<script type=\"application\/ld+json\" class=\"yoast-schema-graph\">{\"@context\":\"https:\/\/schema.org\",\"@graph\":[{\"@type\":\"WebSite\",\"@id\":\"https:\/\/theyoungmessiah.com\/es\/#website\",\"url\":\"https:\/\/theyoungmessiah.com\/es\/\",\"name\":\"Online Adult Dating\",\"description\":\"Local Sex Hookups\",\"potentialAction\":[{\"@type\":\"SearchAction\",\"target\":{\"@type\":\"EntryPoint\",\"urlTemplate\":\"https:\/\/theyoungmessiah.com\/es\/?s={search_term_string}\"},\"query-input\":\"required name=search_term_string\"}],\"inLanguage\":\"es\"},{\"@type\":\"WebPage\",\"@id\":\"https:\/\/theyoungmessiah.com\/es\/conexiones-de-ebano\/#webpage\",\"url\":\"https:\/\/theyoungmessiah.com\/es\/conexiones-de-ebano\/\",\"name\":\"Conexiones de \\u00e9bano - Online Adult Dating\",\"isPartOf\":{\"@id\":\"https:\/\/theyoungmessiah.com\/es\/#website\"},\"datePublished\":\"2022-10-12T12:52:44+00:00\",\"dateModified\":\"2022-10-12T12:52:44+00:00\",\"breadcrumb\":{\"@id\":\"https:\/\/theyoungmessiah.com\/es\/conexiones-de-ebano\/#breadcrumb\"},\"inLanguage\":\"es\",\"potentialAction\":[{\"@type\":\"ReadAction\",\"target\":[\"https:\/\/theyoungmessiah.com\/es\/conexiones-de-ebano\/\"]}]},{\"@type\":\"BreadcrumbList\",\"@id\":\"https:\/\/theyoungmessiah.com\/es\/conexiones-de-ebano\/#breadcrumb\",\"itemListElement\":[{\"@type\":\"ListItem\",\"position\":1,\"name\":\"Home\",\"item\":\"https:\/\/theyoungmessiah.com\/es\/\"},{\"@type\":\"ListItem\",\"position\":2,\"name\":\"Conexiones de \\u00e9bano\"}]}]}<\/script>\n<!-- \/ Yoast SEO plugin. -->","yoast_head_json":{"title":"Conexiones de \u00e9bano - Online Adult Dating","robots":{"index":"index","follow":"follow","max-snippet":"max-snippet:-1","max-image-preview":"max-image-preview:large","max-video-preview":"max-video-preview:-1"},"canonical":"https:\/\/theyoungmessiah.com\/es\/conexiones-de-ebano\/","og_locale":"es_ES","og_type":"article","og_title":"Conexiones de \u00e9bano - Online Adult Dating","og_description":"Hay una serie de sitios de conexi\u00f3n negra gratuitos disponibles en l\u00ednea. Estos sitios web proporcionan una plataforma para que los solteros negros se conecten y se conecten con personas de ideas afines. Los sitios web son f\u00e1ciles de usar y permiten a los usuarios crear un perfil y navegar a trav\u00e9s de los perfiles...Read more","og_url":"https:\/\/theyoungmessiah.com\/es\/conexiones-de-ebano\/","og_site_name":"Online Adult Dating","twitter_card":"summary_large_image","twitter_misc":{"Tiempo de lectura":"5 minutos"},"schema":{"@context":"https:\/\/schema.org","@graph":[{"@type":"WebSite","@id":"https:\/\/theyoungmessiah.com\/es\/#website","url":"https:\/\/theyoungmessiah.com\/es\/","name":"Online Adult Dating","description":"Local Sex Hookups","potentialAction":[{"@type":"SearchAction","target":{"@type":"EntryPoint","urlTemplate":"https:\/\/theyoungmessiah.com\/es\/?s={search_term_string}"},"query-input":"required name=search_term_string"}],"inLanguage":"es"},{"@type":"WebPage","@id":"https:\/\/theyoungmessiah.com\/es\/conexiones-de-ebano\/#webpage","url":"https:\/\/theyoungmessiah.com\/es\/conexiones-de-ebano\/","name":"Conexiones de \u00e9bano - Online Adult Dating","isPartOf":{"@id":"https:\/\/theyoungmessiah.com\/es\/#website"},"datePublished":"2022-10-12T12:52:44+00:00","dateModified":"2022-10-12T12:52:44+00:00","breadcrumb":{"@id":"https:\/\/theyoungmessiah.com\/es\/conexiones-de-ebano\/#breadcrumb"},"inLanguage":"es","potentialAction":[{"@type":"ReadAction","target":["https:\/\/theyoungmessiah.com\/es\/conexiones-de-ebano\/"]}]},{"@type":"BreadcrumbList","@id":"https:\/\/theyoungmessiah.com\/es\/conexiones-de-ebano\/#breadcrumb","itemListElement":[{"@type":"ListItem","position":1,"name":"Home","item":"https:\/\/theyoungmessiah.com\/es\/"},{"@type":"ListItem","position":2,"name":"Conexiones de \u00e9bano"}]}]}},"_links":{"self":[{"href":"https:\/\/theyoungmessiah.com\/es\/wp-json\/wp\/v2\/pages\/173"}],"collection":[{"href":"https:\/\/theyoungmessiah.com\/es\/wp-json\/wp\/v2\/pages"}],"about":[{"href":"https:\/\/theyoungmessiah.com\/es\/wp-json\/wp\/v2\/types\/page"}],"author":[{"embeddable":true,"href":"https:\/\/theyoungmessiah.com\/es\/wp-json\/wp\/v2\/users\/1"}],"replies":[{"embeddable":true,"href":"https:\/\/theyoungmessiah.com\/es\/wp-json\/wp\/v2\/comments?post=173"}],"version-history":[{"count":0,"href":"https:\/\/theyoungmessiah.com\/es\/wp-json\/wp\/v2\/pages\/173\/revisions"}],"wp:attachment":[{"href":"https:\/\/theyoungmessiah.com\/es\/wp-json\/wp\/v2\/media?parent=173"}],"curies":[{"name":"wp","href":"https:\/\/api.w.org\/{rel}","templated":true}]}}